{"id":21654,"date":"2024-01-04T09:29:44","date_gmt":"2024-01-04T08:29:44","guid":{"rendered":"https:\/\/drewmax.net.pl\/?page_id=21654"},"modified":"2025-04-03T13:57:43","modified_gmt":"2025-04-03T11:57:43","slug":"automatyczna-linia-pakujaca-1500w","status":"publish","type":"page","link":"https:\/\/drewmax.net.pl\/ua\/automatyczna-linia-pakujaca-1500w\/","title":{"rendered":"(Polski) Automatyczna linia pakuj\u0105ca typ: LA1500W"},"content":{"rendered":"\t\t<div data-elementor-type=\"wp-page\" data-elementor-id=\"21654\" class=\"elementor elementor-21654\" data-elementor-settings=\"[]\">\n\t\t\t\t\t\t<div class=\"elementor-inner\">\n\t\t\t\t\t\t\t<div class=\"elementor-section-wrap\">\n\t\t\t\t\t\t\t<section class=\"elementor-section elementor-top-section elementor-element elementor-element-2ddcf32c elementor-section-boxed elementor-section-height-default elementor-section-height-default\" data-id=\"2ddcf32c\" data-element_type=\"section\" data-settings=\"{&quot;background_background&quot;:&quot;classic&quot;}\">\n\t\t\t\t\t\t<div class=\"elementor-container elementor-column-gap-default\">\n\t\t\t\t\t\t\t<div class=\"elementor-row\">\n\t\t\t\t\t<div class=\"elementor-column elementor-col-100 elementor-top-column elementor-element elementor-element-50851516\" data-id=\"50851516\" data-element_type=\"column\">\n\t\t\t<div class=\"elementor-column-wrap elementor-element-populated\">\n\t\t\t\t\t\t\t<div class=\"elementor-widget-wrap\">\n\t\t\t\t\t\t<div class=\"elementor-element elementor-element-dc8073d elementor-widget elementor-widget-image\" data-id=\"dc8073d\" data-element_type=\"widget\" data-widget_type=\"image.default\">\n\t\t\t\t<div class=\"elementor-widget-container\">\n\t\t\t\t\t\t\t\t<div class=\"elementor-image\">\n\t\t\t\t\t\t\t\t\t\t\t\t<img width=\"980\" height=\"104\" src=\"https:\/\/drewmax.net.pl\/wp-content\/uploads\/2023\/12\/FE-logo-1024x109.png\" class=\"attachment-large size-large\" alt=\"\" loading=\"lazy\" srcset=\"https:\/\/drewmax.net.pl\/wp-content\/uploads\/2023\/12\/FE-logo-1024x109.png 1024w, https:\/\/drewmax.net.pl\/wp-content\/uploads\/2023\/12\/FE-logo-300x32.png 300w, https:\/\/drewmax.net.pl\/wp-content\/uploads\/2023\/12\/FE-logo-768x82.png 768w, https:\/\/drewmax.net.pl\/wp-content\/uploads\/2023\/12\/FE-logo-1536x164.png 1536w, https:\/\/drewmax.net.pl\/wp-content\/uploads\/2023\/12\/FE-logo.png 1920w\" sizes=\"(max-width: 980px) 100vw, 980px\" \/>\t\t\t\t\t\t\t\t\t\t\t\t\t\t<\/div>\n\t\t\t\t\t\t<\/div>\n\t\t\t\t<\/div>\n\t\t\t\t<div class=\"elementor-element elementor-element-179d17e1 elementor-widget elementor-widget-heading\" data-id=\"179d17e1\" data-element_type=\"widget\" data-widget_type=\"heading.default\">\n\t\t\t\t<div class=\"elementor-widget-container\">\n\t\t\t<h2 class=\"elementor-heading-title elementor-size-xl\"><br>\u0410\u0432\u0442\u043e\u043c\u0430\u0442\u0438\u0447\u043d\u0430 \u043f\u0430\u043a\u0443\u0432\u0430\u043b\u044c\u043d\u0430 \u043b\u0456\u043d\u0456\u044f \u0442\u0438\u043f: LA1500W\n<br><br><\/h2>\t\t<\/div>\n\t\t\t\t<\/div>\n\t\t\t\t\t\t<\/div>\n\t\t\t\t\t<\/div>\n\t\t<\/div>\n\t\t\t\t\t\t\t\t<\/div>\n\t\t\t\t\t<\/div>\n\t\t<\/section>\n\t\t\t\t<section class=\"elementor-section elementor-top-section elementor-element elementor-element-305236bd elementor-section-boxed elementor-section-height-default elementor-section-height-default\" data-id=\"305236bd\" data-element_type=\"section\" data-settings=\"{&quot;background_background&quot;:&quot;classic&quot;}\">\n\t\t\t\t\t\t<div class=\"elementor-container elementor-column-gap-default\">\n\t\t\t\t\t\t\t<div class=\"elementor-row\">\n\t\t\t\t\t<div class=\"elementor-column elementor-col-50 elementor-top-column elementor-element elementor-element-221a6c5c\" data-id=\"221a6c5c\" data-element_type=\"column\">\n\t\t\t<div class=\"elementor-column-wrap elementor-element-populated\">\n\t\t\t\t\t\t\t<div class=\"elementor-widget-wrap\">\n\t\t\t\t\t\t<div class=\"elementor-element elementor-element-57637236 elementor-widget elementor-widget-text-editor\" data-id=\"57637236\" data-element_type=\"widget\" data-widget_type=\"text-editor.default\">\n\t\t\t\t<div class=\"elementor-widget-container\">\n\t\t\t\t\t\t\t\t<div class=\"elementor-text-editor elementor-clearfix\">\n\t\t\t\t<p><\/p><p data-start=\"1555\" data-end=\"1836\">\u041f\u043e\u0454\u0434\u043d\u0430\u043d\u043d\u044f \u0441\u0443\u0447\u0430\u0441\u043d\u0438\u0445 \u0442\u0435\u0445\u043d\u043e\u043b\u043e\u0433\u0456\u0439 \u0442\u0430 \u043a\u043e\u043c\u043f\u043b\u0435\u043a\u0442\u0443\u044e\u0447\u0438\u0445 \u0432\u0456\u0434 \u043f\u0440\u043e\u0432\u0456\u0434\u043d\u0438\u0445 \u0431\u0440\u0435\u043d\u0434\u0456\u0432 \u0434\u043e\u0437\u0432\u043e\u043b\u0438\u043b\u043e \u0441\u0442\u0432\u043e\u0440\u0438\u0442\u0438 \u0430\u0432\u0442\u043e\u043c\u0430\u0442\u0438\u0447\u043d\u0443 \u0443\u043f\u0430\u043a\u043e\u0432\u043e\u0447\u043d\u0443 \u043b\u0456\u043d\u0456\u044e \u0442\u0438\u043f\u0443 LA1500W. \u0410\u0432\u0442\u043e\u043c\u0430\u0442\u0438\u0447\u043d\u0430 \u0443\u043f\u0430\u043a\u043e\u0432\u043e\u0447\u043d\u0430 \u043b\u0456\u043d\u0456\u044f LA1500W \u043f\u0440\u0438\u0437\u043d\u0430\u0447\u0435\u043d\u0430 \u0434\u043b\u044f \u0443\u043f\u0430\u043a\u043e\u0432\u043a\u0438 <strong>\u0441\u0438\u043f\u0443\u0447\u0438\u0445\/\u0433\u0440\u0430\u043d\u0443\u043b\u044c\u043e\u0432\u0430\u043d\u0438\u0445\/\u043f\u043e\u0440\u043e\u0448\u043a\u043e\u043f\u043e\u0434\u0456\u0431\u043d\u0438\u0445<\/strong> \u043f\u0440\u043e\u0434\u0443\u043a\u0442\u0456\u0432 \u0443 \u043c\u0456\u0448\u043a\u0438, \u0432\u0438\u0433\u043e\u0442\u043e\u0432\u043b\u0435\u043d\u0456 \u0437 \u043f\u043b\u0456\u0432\u043a\u043e\u0432\u043e\u0433\u043e \u0440\u0443\u043a\u0430\u0432\u0430.<\/p><p data-start=\"1838\" data-end=\"2034\">\u041f\u0440\u0438\u0441\u0442\u0440\u0456\u0439 \u043d\u0430\u0446\u0456\u043b\u0435\u043d\u0438\u0439 \u043d\u0430 \u0434\u043e\u0441\u044f\u0433\u043d\u0435\u043d\u043d\u044f \u0432\u0438\u0441\u043e\u043a\u043e\u0457 \u043f\u0440\u043e\u0434\u0443\u043a\u0442\u0438\u0432\u043d\u043e\u0441\u0442\u0456 \u0443\u043f\u0430\u043a\u043e\u0432\u043a\u0438 \u0434\u043b\u044f \u0433\u0440\u0443\u043f\u0438 \u0441\u0438\u043f\u0443\u0447\u0438\u0445 \u0456 \u043f\u043e\u0440\u043e\u0448\u043a\u043e\u043f\u043e\u0434\u0456\u0431\u043d\u0438\u0445 \u043c\u0430\u0442\u0435\u0440\u0456\u0430\u043b\u0456\u0432 \u0434\u043e <strong>1500 \u043f\u043e\u0440\u0446\u0456\u0439\/\u0433\u043e\u0434<\/strong>, \u0449\u043e \u0437\u0430\u043b\u0435\u0436\u0438\u0442\u044c \u0432\u0456\u0434 \u0432\u0438\u0434\u0443 \u0442\u0430 \u043d\u0430\u0441\u0438\u043f\u043d\u043e\u0457 \u0449\u0456\u043b\u044c\u043d\u043e\u0441\u0442\u0456 \u0443\u043f\u0430\u043a\u043e\u0432\u0430\u043d\u043e\u0433\u043e \u043f\u0440\u043e\u0434\u0443\u043a\u0442\u0443.<\/p><p data-start=\"2036\" data-end=\"2207\">\u0412\u0438\u043a\u043e\u0440\u0438\u0441\u0442\u043e\u0432\u0443\u0432\u0430\u043d\u0430 \u0432 \u043c\u0430\u0448\u0438\u043d\u0456 \u0441\u0438\u0441\u0442\u0435\u043c\u0430 \u043f\u043e\u0434\u0430\u0447\u0456 \u043c\u0430\u044f\u0442\u043d\u0438\u043a\u043e\u0432\u043e\u0433\u043e \u0442\u0438\u043f\u0443 \u0437\u0430\u0431\u0435\u0437\u043f\u0435\u0447\u0443\u0454 \u0432\u0438\u0441\u043e\u043a\u0443 \u0441\u0442\u0430\u0431\u0456\u043b\u044c\u043d\u0456\u0441\u0442\u044c \u0456 \u043f\u043e\u0432\u0442\u043e\u0440\u044e\u0432\u0430\u043d\u0456\u0441\u0442\u044c \u043f\u0440\u0438 \u0432\u0456\u0434\u0431\u043e\u0440\u0456 \u0442\u0430 \u043d\u0430\u043f\u043e\u0432\u043d\u0435\u043d\u043d\u0456 \u043c\u0456\u0448\u043a\u0456\u0432 \u0437 \u0440\u0443\u043b\u043e\u043d\u0443 \u0440\u0456\u0437\u043d\u0438\u0445 \u0440\u043e\u0437\u043c\u0456\u0440\u0456\u0432 \u0456 \u0444\u043e\u0440\u043c.<\/p><p data-start=\"2214\" data-end=\"2227\"><\/span><\/p>\t\t\t\t\t<\/div>\n\t\t\t\t\t\t<\/div>\n\t\t\t\t<\/div>\n\t\t\t\t\t\t<\/div>\n\t\t\t\t\t<\/div>\n\t\t<\/div>\n\t\t\t\t<div class=\"elementor-column elementor-col-50 elementor-top-column elementor-element elementor-element-760a1499\" data-id=\"760a1499\" data-element_type=\"column\">\n\t\t\t<div class=\"elementor-column-wrap elementor-element-populated\">\n\t\t\t\t\t\t\t<div class=\"elementor-widget-wrap\">\n\t\t\t\t\t\t<div class=\"elementor-element elementor-element-35104703 elementor-widget elementor-widget-image\" data-id=\"35104703\" data-element_type=\"widget\" data-widget_type=\"image.default\">\n\t\t\t\t<div class=\"elementor-widget-container\">\n\t\t\t\t\t\t\t\t<div class=\"elementor-image\">\n\t\t\t\t\t\t\t\t\t\t\t\t<img width=\"815\" height=\"686\" src=\"https:\/\/drewmax.net.pl\/wp-content\/uploads\/2024\/01\/LA1500W-Izometria.png\" class=\"attachment-large size-large\" alt=\"\" loading=\"lazy\" srcset=\"https:\/\/drewmax.net.pl\/wp-content\/uploads\/2024\/01\/LA1500W-Izometria.png 815w, https:\/\/drewmax.net.pl\/wp-content\/uploads\/2024\/01\/LA1500W-Izometria-300x253.png 300w, https:\/\/drewmax.net.pl\/wp-content\/uploads\/2024\/01\/LA1500W-Izometria-768x646.png 768w\" sizes=\"(max-width: 815px) 100vw, 815px\" \/>\t\t\t\t\t\t\t\t\t\t\t\t\t\t<\/div>\n\t\t\t\t\t\t<\/div>\n\t\t\t\t<\/div>\n\t\t\t\t\t\t<\/div>\n\t\t\t\t\t<\/div>\n\t\t<\/div>\n\t\t\t\t\t\t\t\t<\/div>\n\t\t\t\t\t<\/div>\n\t\t<\/section>\n\t\t\t\t<section class=\"elementor-section elementor-top-section elementor-element elementor-element-78360c73 elementor-section-boxed elementor-section-height-default elementor-section-height-default\" data-id=\"78360c73\" data-element_type=\"section\" data-settings=\"{&quot;background_background&quot;:&quot;classic&quot;}\">\n\t\t\t\t\t\t<div class=\"elementor-container elementor-column-gap-default\">\n\t\t\t\t\t\t\t<div class=\"elementor-row\">\n\t\t\t\t\t<div class=\"elementor-column elementor-col-100 elementor-top-column elementor-element elementor-element-bbae90a\" data-id=\"bbae90a\" data-element_type=\"column\">\n\t\t\t<div class=\"elementor-column-wrap elementor-element-populated\">\n\t\t\t\t\t\t\t<div class=\"elementor-widget-wrap\">\n\t\t\t\t\t\t<div class=\"elementor-element elementor-element-612960e6 elementor-widget elementor-widget-text-editor\" data-id=\"612960e6\" data-element_type=\"widget\" data-widget_type=\"text-editor.default\">\n\t\t\t\t<div class=\"elementor-widget-container\">\n\t\t\t\t\t\t\t\t<div class=\"elementor-text-editor elementor-clearfix\">\n\t\t\t\t<p><\/p><p data-start=\"805\" data-end=\"889\"><span style=\"text-decoration: underline;\"><strong>\u041c\u0435\u0445\u0430\u043d\u0456\u0437\u043c\u0438 \u0431\u0443\u043b\u0438 \u0441\u043f\u0440\u043e\u0435\u043a\u0442\u043e\u0432\u0430\u043d\u0456 \u0442\u0430\u043a, \u0449\u043e\u0431 \u0440\u043e\u0437\u0434\u0456\u043b\u0438\u0442\u0438 \u043f\u0440\u0438\u0441\u0442\u0440\u0456\u0439 \u043d\u0430 6 \u043e\u0441\u043d\u043e\u0432\u043d\u0438\u0445 \u0437\u043e\u043d, \u0442\u0430\u043a\u0438\u0445 \u044f\u043a:<\/strong><\/span><\/p><ul data-start=\"891\" data-end=\"1120\"><li data-start=\"891\" data-end=\"932\">\u0424\u043e\u0440\u043c\u0443\u0432\u0430\u043d\u043d\u044f \u0442\u0430 \u043e\u0431\u0440\u0456\u0437\u043a\u0430 \u043f\u043b\u0456\u0432\u043a\u043e\u0432\u043e\u0433\u043e \u0440\u0443\u043a\u0430\u0432\u0430<\/li><li data-start=\"933\" data-end=\"950\">\u0412\u0456\u0434\u043a\u0440\u0438\u0442\u0442\u044f \u043c\u0456\u0448\u043a\u0430<\/li><li data-start=\"951\" data-end=\"963\">\u041d\u0430\u043f\u043e\u0432\u043d\u0435\u043d\u043d\u044f<\/li><li data-start=\"964\" data-end=\"1033\">\u041e\u0447\u0438\u0449\u0435\u043d\u043d\u044f \u0432\u0435\u0440\u0445\u043d\u044c\u043e\u0457 \u0447\u0430\u0441\u0442\u0438\u043d\u0438 \u043c\u0456\u0448\u043a\u0430 (\u0437\u0430\u043b\u0435\u0436\u043d\u043e \u0432\u0456\u0434 \u0432\u043b\u0430\u0441\u0442\u0438\u0432\u043e\u0441\u0442\u0435\u0439 \u043f\u0440\u043e\u0434\u0443\u043a\u0442\u0443)<\/li><li data-start=\"1034\" data-end=\"1064\">\u0417\u0432\u0430\u0440\u044e\u0432\u0430\u043d\u043d\u044f \u0442\u0430 \u0437\u0430\u043a\u0440\u0438\u0442\u0442\u044f \u043c\u0456\u0448\u043a\u0430<\/li><li data-start=\"1065\" data-end=\"1120\">\u041e\u0445\u043e\u043b\u043e\u0434\u0436\u0435\u043d\u043d\u044f \u0432\u0435\u0440\u0445\u043d\u044c\u043e\u0433\u043e \u0448\u0432\u0430 \u043c\u0456\u0448\u043a\u0430 \u043f\u0435\u0440\u0435\u0434 \u0432\u0438\u0445\u043e\u0434\u043e\u043c \u0437 \u043b\u0456\u043d\u0456\u0457<\/li><\/ul><p data-start=\"1127\" data-end=\"1140\"><\/span><\/p>\t\t\t\t\t<\/div>\n\t\t\t\t\t\t<\/div>\n\t\t\t\t<\/div>\n\t\t\t\t\t\t<\/div>\n\t\t\t\t\t<\/div>\n\t\t<\/div>\n\t\t\t\t<div class=\"elementor-column elementor-col-100 elementor-top-column elementor-element elementor-element-3b62e3b3\" data-id=\"3b62e3b3\" data-element_type=\"column\">\n\t\t\t<div class=\"elementor-column-wrap elementor-element-populated\">\n\t\t\t\t\t\t\t<div class=\"elementor-widget-wrap\">\n\t\t\t\t\t\t<div class=\"elementor-element elementor-element-cd3c3e3 elementor-widget elementor-widget-text-editor\" data-id=\"cd3c3e3\" data-element_type=\"widget\" data-widget_type=\"text-editor.default\">\n\t\t\t\t<div class=\"elementor-widget-container\">\n\t\t\t\t\t\t\t\t<div class=\"elementor-text-editor elementor-clearfix\">\n\t\t\t\t<p><\/p><p data-start=\"853\" data-end=\"881\"><span style=\"text-decoration: underline;\"><strong>\u041e<\/strong><strong>\u0441\u043d\u043e\u0432\u043d\u0456 \u043a\u043e\u043c\u043f\u043e\u043d\u0435\u043d\u0442\u0438 \u043f\u0440\u0438\u0441\u0442\u0440\u043e\u044e:<\/strong><\/span><\/p><ul data-start=\"883\" data-end=\"1194\"><li data-start=\"883\" data-end=\"915\">\u0421\u0438\u0441\u0442\u0435\u043c\u0430 \u043f\u043e\u0434\u0430\u0447\u0456 \u043c\u0456\u0448\u043a\u0456\u0432 \u0437 \u0440\u0443\u043a\u0430\u0432\u0430<\/li><li data-start=\"916\" data-end=\"932\">\u0412\u0438\u0445\u0456\u0434\u043d\u0438\u0439 \u043e\u0442\u0432\u043e\u0440<\/li><li data-start=\"933\" data-end=\"976\">\u0421\u0438\u0441\u0442\u0435\u043c\u0430 \u0444\u043e\u0440\u043c\u0443\u0432\u0430\u043d\u043d\u044f \u0432\u0435\u0440\u0445\u043d\u044c\u043e\u0457 \u0447\u0430\u0441\u0442\u0438\u043d\u0438 \u043c\u0456\u0448\u043a\u0430<\/li><li data-start=\"977\" data-end=\"1017\">\u0421\u0438\u0441\u0442\u0435\u043c\u0430 \u0432\u0435\u0434\u0435\u043d\u043d\u044f \u0432\u0435\u0440\u0445\u043d\u044c\u043e\u0457 \u0447\u0430\u0441\u0442\u0438\u043d\u0438 \u043c\u0456\u0448\u043a\u0430<\/li><li data-start=\"1018\" data-end=\"1058\">\u0422\u0440\u0430\u043d\u0441\u043f\u043e\u0440\u0442\u0435\u0440 \u0434\u043b\u044f \u0442\u0440\u0430\u043d\u0441\u043f\u043e\u0440\u0442\u0443\u0432\u0430\u043d\u043d\u044f \u043c\u0456\u0448\u043a\u0456\u0432<\/li><li data-start=\"1059\" data-end=\"1101\">\u0421\u0438\u0441\u0442\u0435\u043c\u0430 \u0440\u0435\u0433\u0443\u043b\u044e\u0432\u0430\u043d\u043d\u044f \u0432\u0438\u0441\u043e\u0442\u0438 \u0442\u0440\u0430\u043d\u0441\u043f\u043e\u0440\u0442\u0435\u0440\u0456\u0432<\/li><li data-start=\"1102\" data-end=\"1122\">\u0421\u0438\u0441\u0442\u0435\u043c\u0430 \u0437\u0432\u0430\u0440\u044e\u0432\u0430\u043d\u043d\u044f<\/li><li data-start=\"1123\" data-end=\"1194\">\u0411\u0456\u0447\u043d\u0438\u0439 \u0442\u0440\u0430\u043d\u0441\u043f\u043e\u0440\u0442\u0435\u0440 \u0434\u043b\u044f \u043f\u0440\u0438\u0439\u043e\u043c\u0443 \u043c\u0456\u0448\u043a\u0456\u0432 \u0456\u0437 \u0441\u0438\u0441\u0442\u0435\u043c\u043e\u044e \u043f\u0435\u0440\u0435\u0432\u0435\u0440\u0442\u0430\u043d\u043d\u044f \u043c\u0456\u0448\u043a\u0456\u0432<\/li><\/ul><p data-start=\"1201\" data-end=\"1214\"><\/span><\/p>\t\t\t\t\t<\/div>\n\t\t\t\t\t\t<\/div>\n\t\t\t\t<\/div>\n\t\t\t\t\t\t<\/div>\n\t\t\t\t\t<\/div>\n\t\t<\/div>\n\t\t\t\t\t\t\t\t<\/div>\n\t\t\t\t\t<\/div>\n\t\t<\/section>\n\t\t\t\t<section class=\"elementor-section elementor-top-section elementor-element elementor-element-234db9de elementor-section-boxed elementor-section-height-default elementor-section-height-default\" data-id=\"234db9de\" data-element_type=\"section\" data-settings=\"{&quot;background_background&quot;:&quot;classic&quot;}\">\n\t\t\t\t\t\t<div class=\"elementor-container elementor-column-gap-default\">\n\t\t\t\t\t\t\t<div class=\"elementor-row\">\n\t\t\t\t\t<div class=\"elementor-column elementor-col-100 elementor-top-column elementor-element elementor-element-6f6f693a\" data-id=\"6f6f693a\" data-element_type=\"column\">\n\t\t\t<div class=\"elementor-column-wrap elementor-element-populated\">\n\t\t\t\t\t\t\t<div class=\"elementor-widget-wrap\">\n\t\t\t\t\t\t<div class=\"elementor-element elementor-element-16c40bbc elementor-align-center elementor-widget elementor-widget-button\" data-id=\"16c40bbc\" data-element_type=\"widget\" data-widget_type=\"button.default\">\n\t\t\t\t<div class=\"elementor-widget-container\">\n\t\t\t\t\t<div class=\"elementor-button-wrapper\">\n\t\t\t<a href=\"https:\/\/drewmax.net.pl\/wp-content\/uploads\/2025\/03\/LA-1500_front_UA.pdf\" target=\"_blank\" class=\"elementor-button-link elementor-button elementor-size-lg\" role=\"button\">\n\t\t\t\t\t\t<span class=\"elementor-button-content-wrapper\">\n\t\t\t\t\t\t<span class=\"elementor-button-icon elementor-align-icon-left\">\n\t\t\t\t<i aria-hidden=\"true\" class=\"fas fa-file-download\"><\/i>\t\t\t<\/span>\n\t\t\t\t\t\t<span class=\"elementor-button-text\">\u0417\u0430\u0432\u0430\u043d\u0442\u0430\u0436\u0438\u0442\u0438 \u043a\u0430\u0440\u0442\u043a\u0443 \u043f\u0440\u043e\u0434\u0443\u043a\u0442\u0443<\/span>\n\t\t<\/span>\n\t\t\t\t\t<\/a>\n\t\t<\/div>\n\t\t\t\t<\/div>\n\t\t\t\t<\/div>\n\t\t\t\t<div class=\"elementor-element elementor-element-2c68e769 elementor-widget elementor-widget-spacer\" data-id=\"2c68e769\" data-element_type=\"widget\" data-widget_type=\"spacer.default\">\n\t\t\t\t<div class=\"elementor-widget-container\">\n\t\t\t\t\t<div class=\"elementor-spacer\">\n\t\t\t<div class=\"elementor-spacer-inner\"><\/div>\n\t\t<\/div>\n\t\t\t\t<\/div>\n\t\t\t\t<\/div>\n\t\t\t\t\t\t<\/div>\n\t\t\t\t\t<\/div>\n\t\t<\/div>\n\t\t\t\t\t\t\t\t<\/div>\n\t\t\t\t\t<\/div>\n\t\t<\/section>\n\t\t\t\t\t\t<\/div>\n\t\t\t\t\t\t<\/div>\n\t\t\t\t\t<\/div>\n\t\t","protected":false},"excerpt":{"rendered":"<p>\u0410\u0432\u0442\u043e\u043c\u0430\u0442\u0438\u0447\u043d\u0430 \u043f\u0430\u043a\u0443\u0432\u0430\u043b\u044c\u043d\u0430 \u043b\u0456\u043d\u0456\u044f \u0442\u0438\u043f: LA1500W \u041f\u043e\u0454\u0434\u043d\u0430\u043d\u043d\u044f \u0441\u0443\u0447\u0430\u0441\u043d\u0438\u0445 \u0442\u0435\u0445\u043d\u043e\u043b\u043e\u0433\u0456\u0439 \u0442\u0430 \u043a\u043e\u043c\u043f\u043b\u0435\u043a\u0442\u0443\u044e\u0447\u0438\u0445 \u0432\u0456\u0434 \u043f\u0440\u043e\u0432\u0456\u0434\u043d\u0438\u0445 \u0431\u0440\u0435\u043d\u0434\u0456\u0432 \u0434\u043e\u0437\u0432\u043e\u043b\u0438\u043b\u043e \u0441\u0442\u0432\u043e\u0440\u0438\u0442\u0438 \u0430\u0432\u0442\u043e\u043c\u0430\u0442\u0438\u0447\u043d\u0443 \u0443\u043f\u0430\u043a\u043e\u0432\u043e\u0447\u043d\u0443 \u043b\u0456\u043d\u0456\u044e \u0442\u0438\u043f\u0443 LA1500W. \u0410\u0432\u0442\u043e\u043c\u0430\u0442\u0438\u0447\u043d\u0430 \u0443\u043f\u0430\u043a\u043e\u0432\u043e\u0447\u043d\u0430 \u043b\u0456\u043d\u0456\u044f LA1500W \u043f\u0440\u0438\u0437\u043d\u0430\u0447\u0435\u043d\u0430 \u0434\u043b\u044f \u0443\u043f\u0430\u043a\u043e\u0432\u043a\u0438 \u0441\u0438\u043f\u0443\u0447\u0438\u0445\/\u0433\u0440\u0430\u043d\u0443\u043b\u044c\u043e\u0432\u0430\u043d\u0438\u0445\/\u043f\u043e\u0440\u043e\u0448\u043a\u043e\u043f\u043e\u0434\u0456\u0431\u043d\u0438\u0445 \u043f\u0440\u043e\u0434\u0443\u043a\u0442\u0456\u0432 \u0443 \u043c\u0456\u0448\u043a\u0438, \u0432\u0438\u0433\u043e\u0442\u043e\u0432\u043b\u0435\u043d\u0456 \u0437 \u043f\u043b\u0456\u0432\u043a\u043e\u0432\u043e\u0433\u043e \u0440\u0443\u043a\u0430\u0432\u0430. \u041f\u0440\u0438\u0441\u0442\u0440\u0456\u0439 \u043d\u0430\u0446\u0456\u043b\u0435\u043d\u0438\u0439 \u043d\u0430 \u0434\u043e\u0441\u044f\u0433\u043d\u0435\u043d\u043d\u044f \u0432\u0438\u0441\u043e\u043a\u043e\u0457 \u043f\u0440\u043e\u0434\u0443\u043a\u0442\u0438\u0432\u043d\u043e\u0441\u0442\u0456 \u0443\u043f\u0430\u043a\u043e\u0432\u043a\u0438 \u0434\u043b\u044f \u0433\u0440\u0443\u043f\u0438 \u0441\u0438\u043f\u0443\u0447\u0438\u0445 \u0456 \u043f\u043e\u0440\u043e\u0448\u043a\u043e\u043f\u043e\u0434\u0456\u0431\u043d\u0438\u0445 \u043c\u0430\u0442\u0435\u0440\u0456\u0430\u043b\u0456\u0432 \u0434\u043e 1500 \u043f\u043e\u0440\u0446\u0456\u0439\/\u0433\u043e\u0434, \u0449\u043e \u0437\u0430\u043b\u0435\u0436\u0438\u0442\u044c \u0432\u0456\u0434 \u0432\u0438\u0434\u0443&hellip;<\/p>\n","protected":false},"author":36,"featured_media":0,"parent":0,"menu_order":0,"comment_status":"closed","ping_status":"closed","template":"","meta":[],"yoast_head":"<!-- This site is optimized with the Yoast SEO Premium plugin v15.5 - https:\/\/yoast.com\/wordpress\/plugins\/seo\/ -->\n<title><\/title>\n<meta name=\"description\" content=\"Automatyczna linia pakuj\u0105ca wa\u017cenie pakowanie paletyzacja automatyka przemys\u0142owa mikrodozowanie stretch zbiorniki technologiczne\" \/>\n<meta name=\"robots\" content=\"index, follow, max-snippet:-1, max-image-preview:large, max-video-preview:-1\" \/>\n<link rel=\"canonical\" href=\"https:\/\/drewmax.net.pl\/automatyczna-linia-pakujaca-1500w\/\" \/>\n<meta property=\"og:locale\" content=\"uk_UA\" \/>\n<meta property=\"og:type\" content=\"article\" \/>\n<meta property=\"og:title\" content=\"[:pl]Automatyczna linia pakuj\u0105ca typ: LA1500W[:] - (Polski) Drewmax - Wa\u017cenie | Pakowanie | Paletyzacja | Automatyka\" \/>\n<meta property=\"og:description\" content=\"Automatyczna linia pakuj\u0105ca wa\u017cenie pakowanie paletyzacja automatyka przemys\u0142owa mikrodozowanie stretch zbiorniki technologiczne\" \/>\n<meta property=\"og:url\" content=\"https:\/\/drewmax.net.pl\/automatyczna-linia-pakujaca-1500w\/\" \/>\n<meta property=\"og:site_name\" content=\"(Polski) Drewmax - Wa\u017cenie | Pakowanie | Paletyzacja | Automatyka\" \/>\n<meta property=\"article:publisher\" content=\"https:\/\/www.facebook.com\/Drewmax-111641623604429\/\" \/>\n<meta property=\"article:modified_time\" content=\"2025-04-03T11:57:43+00:00\" \/>\n<meta property=\"og:image\" content=\"https:\/\/drewmax.net.pl\/wp-content\/uploads\/2023\/12\/FE-logo-1024x109.png\" \/>\n<meta name=\"twitter:card\" content=\"summary_large_image\" \/>\n<meta name=\"twitter:label1\" content=\"\u041f\u0440\u0438\u0431\u043b. \u0447\u0430\u0441 \u0447\u0438\u0442\u0430\u043d\u043d\u044f\">\n\t<meta name=\"twitter:data1\" content=\"7 \u0445\u0432\u0438\u043b\u0438\u043d\">\n<script type=\"application\/ld+json\" class=\"yoast-schema-graph\">{\"@context\":\"https:\/\/schema.org\",\"@graph\":[{\"@type\":\"Organization\",\"@id\":\"https:\/\/drewmax.net.pl\/en\/#organization\",\"name\":\"DREWMAX Sp\\u00f3\\u0142ka z o.o.\",\"url\":\"https:\/\/drewmax.net.pl\/en\/\",\"sameAs\":[\"https:\/\/www.facebook.com\/Drewmax-111641623604429\/\",\"https:\/\/www.instagram.com\/drewmax.net.pl\/\",\"https:\/\/www.youtube.com\/channel\/UCCS8U5F8gSyJAlSWjxgbLRQ\"],\"logo\":{\"@type\":\"ImageObject\",\"@id\":\"https:\/\/drewmax.net.pl\/en\/#logo\",\"inLanguage\":\"uk\",\"url\":\"\",\"caption\":\"DREWMAX Sp\\u00f3\\u0142ka z o.o.\"},\"image\":{\"@id\":\"https:\/\/drewmax.net.pl\/en\/#logo\"}},{\"@type\":\"WebSite\",\"@id\":\"https:\/\/drewmax.net.pl\/en\/#website\",\"url\":\"https:\/\/drewmax.net.pl\/en\/\",\"name\":\"(Polski) Drewmax - Wa\\u017cenie | Pakowanie | Paletyzacja | Automatyka\",\"description\":\"\",\"publisher\":{\"@id\":\"https:\/\/drewmax.net.pl\/en\/#organization\"},\"potentialAction\":[{\"@type\":\"SearchAction\",\"target\":\"https:\/\/drewmax.net.pl\/en\/?s={search_term_string}\",\"query-input\":\"required name=search_term_string\"}],\"inLanguage\":\"uk\"},{\"@type\":\"ImageObject\",\"@id\":\"https:\/\/drewmax.net.pl\/automatyczna-linia-pakujaca-1500w\/#primaryimage\",\"inLanguage\":\"uk\",\"url\":\"https:\/\/drewmax.net.pl\/wp-content\/uploads\/2023\/12\/FE-logo.png\",\"width\":1920,\"height\":205},{\"@type\":\"WebPage\",\"@id\":\"https:\/\/drewmax.net.pl\/automatyczna-linia-pakujaca-1500w\/#webpage\",\"url\":\"https:\/\/drewmax.net.pl\/automatyczna-linia-pakujaca-1500w\/\",\"name\":\"[:pl]Automatyczna linia pakuj\\u0105ca typ: LA1500W[:] - (Polski) Drewmax - Wa\\u017cenie | Pakowanie | Paletyzacja | Automatyka\",\"isPartOf\":{\"@id\":\"https:\/\/drewmax.net.pl\/en\/#website\"},\"primaryImageOfPage\":{\"@id\":\"https:\/\/drewmax.net.pl\/automatyczna-linia-pakujaca-1500w\/#primaryimage\"},\"datePublished\":\"2024-01-04T08:29:44+00:00\",\"dateModified\":\"2025-04-03T11:57:43+00:00\",\"description\":\"Automatyczna linia pakuj\\u0105ca wa\\u017cenie pakowanie paletyzacja automatyka przemys\\u0142owa mikrodozowanie stretch zbiorniki technologiczne\",\"breadcrumb\":{\"@id\":\"https:\/\/drewmax.net.pl\/automatyczna-linia-pakujaca-1500w\/#breadcrumb\"},\"inLanguage\":\"uk\",\"potentialAction\":[{\"@type\":\"ReadAction\",\"target\":[\"https:\/\/drewmax.net.pl\/automatyczna-linia-pakujaca-1500w\/\"]}]},{\"@type\":\"BreadcrumbList\",\"@id\":\"https:\/\/drewmax.net.pl\/automatyczna-linia-pakujaca-1500w\/#breadcrumb\",\"itemListElement\":[{\"@type\":\"ListItem\",\"position\":1,\"item\":{\"@type\":\"WebPage\",\"@id\":\"https:\/\/drewmax.net.pl\/\",\"url\":\"https:\/\/drewmax.net.pl\/\",\"name\":\"Home\"}},{\"@type\":\"ListItem\",\"position\":2,\"item\":{\"@type\":\"WebPage\",\"@id\":\"https:\/\/drewmax.net.pl\/automatyczna-linia-pakujaca-1500w\/\",\"url\":\"https:\/\/drewmax.net.pl\/automatyczna-linia-pakujaca-1500w\/\",\"name\":\"Automatyczna linia pakuj\\u0105ca typ: LA1500W\"}}]}]}<\/script>\n<!-- \/ Yoast SEO Premium plugin. -->","_links":{"self":[{"href":"https:\/\/drewmax.net.pl\/ua\/wp-json\/wp\/v2\/pages\/21654"}],"collection":[{"href":"https:\/\/drewmax.net.pl\/ua\/wp-json\/wp\/v2\/pages"}],"about":[{"href":"https:\/\/drewmax.net.pl\/ua\/wp-json\/wp\/v2\/types\/page"}],"author":[{"embeddable":true,"href":"https:\/\/drewmax.net.pl\/ua\/wp-json\/wp\/v2\/users\/36"}],"replies":[{"embeddable":true,"href":"https:\/\/drewmax.net.pl\/ua\/wp-json\/wp\/v2\/comments?post=21654"}],"version-history":[{"count":107,"href":"https:\/\/drewmax.net.pl\/ua\/wp-json\/wp\/v2\/pages\/21654\/revisions"}],"predecessor-version":[{"id":32005,"href":"https:\/\/drewmax.net.pl\/ua\/wp-json\/wp\/v2\/pages\/21654\/revisions\/32005"}],"wp:attachment":[{"href":"https:\/\/drewmax.net.pl\/ua\/wp-json\/wp\/v2\/media?parent=21654"}],"curies":[{"name":"wp","href":"https:\/\/api.w.org\/{rel}","templated":true}]}}