{"id":175,"date":"2016-07-21T13:32:50","date_gmt":"2016-07-21T11:32:50","guid":{"rendered":"http:\/\/drewmax.net.pl\/?page_id=175"},"modified":"2025-04-04T08:07:03","modified_gmt":"2025-04-04T06:07:03","slug":"wagi-systemowe","status":"publish","type":"page","link":"https:\/\/drewmax.net.pl\/ua\/wagi-systemowe\/","title":{"rendered":"Wagi systemowe"},"content":{"rendered":"\t\t<div data-elementor-type=\"wp-post\" data-elementor-id=\"175\" class=\"elementor elementor-175\" data-elementor-settings=\"[]\">\n\t\t\t\t\t\t<div class=\"elementor-inner\">\n\t\t\t\t\t\t\t<div class=\"elementor-section-wrap\">\n\t\t\t\t\t\t\t<section class=\"elementor-section elementor-top-section elementor-element elementor-element-fbf0e2d elementor-section-boxed elementor-section-height-default elementor-section-height-default\" data-id=\"fbf0e2d\" data-element_type=\"section\" data-settings=\"{&quot;background_background&quot;:&quot;classic&quot;}\">\n\t\t\t\t\t\t<div class=\"elementor-container elementor-column-gap-default\">\n\t\t\t\t\t\t\t<div class=\"elementor-row\">\n\t\t\t\t\t<div class=\"elementor-column elementor-col-100 elementor-top-column elementor-element elementor-element-a7cb2aa\" data-id=\"a7cb2aa\" data-element_type=\"column\">\n\t\t\t<div class=\"elementor-column-wrap elementor-element-populated\">\n\t\t\t\t\t\t\t<div class=\"elementor-widget-wrap\">\n\t\t\t\t\t\t<div class=\"elementor-element elementor-element-bf4503c elementor-widget elementor-widget-heading\" data-id=\"bf4503c\" data-element_type=\"widget\" data-widget_type=\"heading.default\">\n\t\t\t\t<div class=\"elementor-widget-container\">\n\t\t\t<h2 class=\"elementor-heading-title elementor-size-xl\"> \u0421\u0438\u0441\u0442\u0435\u043c\u043d\u0456 \u0432\u0430\u0433\u0438\n<\/h2>\t\t<\/div>\n\t\t\t\t<\/div>\n\t\t\t\t\t\t<\/div>\n\t\t\t\t\t<\/div>\n\t\t<\/div>\n\t\t\t\t\t\t\t\t<\/div>\n\t\t\t\t\t<\/div>\n\t\t<\/section>\n\t\t\t\t<section class=\"elementor-section elementor-top-section elementor-element elementor-element-5dd5 elementor-section-boxed elementor-section-height-default elementor-section-height-default\" data-id=\"5dd5\" data-element_type=\"section\" data-settings=\"{&quot;background_background&quot;:&quot;classic&quot;}\">\n\t\t\t\t\t\t<div class=\"elementor-container elementor-column-gap-default\">\n\t\t\t\t\t\t\t<div class=\"elementor-row\">\n\t\t\t\t\t<div class=\"elementor-column elementor-col-100 elementor-top-column elementor-element elementor-element-9ea\" data-id=\"9ea\" data-element_type=\"column\">\n\t\t\t<div class=\"elementor-column-wrap elementor-element-populated\">\n\t\t\t\t\t\t\t<div class=\"elementor-widget-wrap\">\n\t\t\t\t\t\t<div class=\"elementor-element elementor-element-34db elementor-widget elementor-widget-text-editor\" data-id=\"34db\" data-element_type=\"widget\" data-widget_type=\"text-editor.default\">\n\t\t\t\t<div class=\"elementor-widget-container\">\n\t\t\t\t\t\t\t\t<div class=\"elementor-text-editor elementor-clearfix\">\n\t\t\t\t<p><br data-start=\"4438\" data-end=\"4441\" \/>\u041a\u043e\u043c\u043f\u0430\u043d\u0456\u044f Drewmax \u043c\u0430\u0454 \u0432\u0435\u043b\u0438\u043a\u0438\u0439 \u0434\u043e\u0441\u0432\u0456\u0434 \u0443 \u043f\u0440\u043e\u0454\u043a\u0442\u0443\u0432\u0430\u043d\u043d\u0456 \u0442\u0430 \u0432\u0438\u0440\u043e\u0431\u043d\u0438\u0446\u0442\u0432\u0456 \u0432\u0430\u0433\u043e\u0432\u0438\u0445 \u0441\u0438\u0441\u0442\u0435\u043c. \u0423 \u043d\u0430\u0448\u043e\u043c\u0443 \u0430\u0441\u043e\u0440\u0442\u0438\u043c\u0435\u043d\u0442\u0456 \u043f\u0440\u0435\u0434\u0441\u0442\u0430\u0432\u043b\u0435\u043d\u0456, \u0437\u043e\u043a\u0440\u0435\u043c\u0430, \u0431\u0443\u043d\u043a\u0435\u0440\u043d\u0456 \u0432\u0430\u0433\u0438, \u043f\u043e\u0442\u043e\u0447\u043d\u0456, \u043a\u043e\u043d\u0456\u0447\u043d\u0456, \u0448\u043d\u0435\u043a\u043e\u0432\u0456 \u0442\u0430 \u043c\u043e\u0431\u0456\u043b\u044c\u043d\u0456 \u0432\u0430\u0433\u0438. \u0417\u0430\u043b\u0435\u0436\u043d\u043e \u0432\u0456\u0434 \u0442\u0438\u043f\u0443 \u043f\u0440\u043e\u0434\u0443\u043a\u0442\u0443, \u0449\u043e \u0437\u0432\u0430\u0436\u0443\u0454\u0442\u044c\u0441\u044f, \u0434\u043b\u044f \u0434\u043e\u0437\u0443\u0432\u0430\u043d\u043d\u044f \u0432\u0438\u043a\u043e\u0440\u0438\u0441\u0442\u043e\u0432\u0443\u044e\u0442\u044c\u0441\u044f \u0433\u0440\u0430\u0432\u0456\u0442\u0430\u0446\u0456\u0439\u043d\u0456, \u0448\u043d\u0435\u043a\u043e\u0432\u0456, \u0441\u0442\u0440\u0456\u0447\u043a\u043e\u0432\u0456, \u0432\u0456\u0431\u0440\u0430\u0446\u0456\u0439\u043d\u0456 \u043f\u043e\u0434\u0430\u0432\u0430\u0447\u0456 \u0442\u0430 \u0434\u043e\u0437\u0443\u0432\u0430\u043b\u044c\u043d\u0456 \u0440\u0435\u0448\u0456\u0442\u043a\u0438. \u041f\u0440\u043e\u0434\u0443\u043a\u0442\u0438\u0432\u043d\u0456\u0441\u0442\u044c \u0432\u0430\u0433 \u043e\u0431\u043c\u0435\u0436\u0443\u0454\u0442\u044c\u0441\u044f \u0433\u043e\u043b\u043e\u0432\u043d\u0438\u043c \u0447\u0438\u043d\u043e\u043c \u0442\u0438\u043f\u043e\u043c\/\u044f\u043a\u0456\u0441\u0442\u044e \u043f\u0440\u043e\u0434\u0443\u043a\u0442\u0443 \u0442\u0430 \u043d\u0430\u044f\u0432\u043d\u0438\u043c \u043f\u0440\u043e\u0441\u0442\u043e\u0440\u043e\u043c \u0434\u043b\u044f \u043c\u043e\u043d\u0442\u0430\u0436\u0443, \u0442\u043e\u0434\u0456 \u044f\u043a \u043c\u0456\u0441\u0442\u043a\u0456\u0441\u0442\u044c \u0437\u0430\u043b\u0435\u0436\u0438\u0442\u044c \u0432\u0456\u0434 \u0432\u0438\u043c\u043e\u0433 \u0443\u0441\u0442\u0430\u043d\u043e\u0432\u043a\u0438 \u2013 \u0432\u0430\u0433\u0438 \u043f\u0456\u0434\u0431\u0438\u0440\u0430\u044e\u0442\u044c\u0441\u044f \u0456\u043d\u0434\u0438\u0432\u0456\u0434\u0443\u0430\u043b\u044c\u043d\u043e \u0434\u043b\u044f \u043a\u043e\u0436\u043d\u043e\u0433\u043e \u043f\u0440\u043e\u0454\u043a\u0442\u0443.<\/p><p data-start=\"4983\" data-end=\"5153\">\u0412\u0430\u0433\u043e\u0432\u0456 \u0441\u0438\u0441\u0442\u0435\u043c\u0438 \u043d\u0430\u0448\u043e\u0433\u043e \u0432\u0438\u0440\u043e\u0431\u043d\u0438\u0446\u0442\u0432\u0430 \u0431\u0430\u0437\u0443\u044e\u0442\u044c\u0441\u044f \u043d\u0430 \u043a\u043e\u043c\u043f\u043e\u043d\u0435\u043d\u0442\u0430\u0445 \u0441\u0432\u0456\u0442\u043e\u0432\u0438\u0445 \u0431\u0440\u0435\u043d\u0434\u0456\u0432. \u041d\u0430\u0448\u0456 \u0437\u043d\u0430\u043d\u043d\u044f \u0434\u043e\u0437\u0432\u043e\u043b\u044f\u044e\u0442\u044c \u0456\u043d\u0442\u0435\u0433\u0440\u0443\u0432\u0430\u0442\u0438 \u043e\u0431\u043b\u0430\u0434\u043d\u0430\u043d\u043d\u044f \u0432 \u0441\u043a\u043b\u0430\u0434\u043d\u0456 \u0430\u0432\u0442\u043e\u043c\u0430\u0442\u0438\u0437\u043e\u0432\u0430\u043d\u0456 \u0441\u0438\u0441\u0442\u0435\u043c\u0438 \u0432\u0438\u0440\u043e\u0431\u043d\u0438\u0446\u0442\u0432\u0430.<\/p><p data-start=\"76\" data-end=\"225\"><strong data-start=\"98\" data-end=\"115\">\u0411\u0443\u043d\u043a\u0435\u0440\u043d\u0456 \u0432\u0430\u0433\u0438<\/strong> \u2013 \u041f\u0440\u0438\u0437\u043d\u0430\u0447\u0435\u043d\u0456 \u0434\u043b\u044f \u0437\u0432\u0430\u0436\u0443\u0432\u0430\u043d\u043d\u044f \u043f\u0440\u043e\u0434\u0443\u043a\u0442\u0443, \u044f\u043a\u0438\u0439 \u043f\u043e\u0434\u0430\u0454\u0442\u044c\u0441\u044f \u0447\u0435\u0440\u0435\u0437 \u0434\u043e\u0437\u0443\u0432\u0430\u043b\u044c\u043d\u0456 \u0440\u0435\u0448\u0456\u0442\u043a\u0438 \u0437 \u043f\u0435\u0440\u0435\u0432\u0430\u043d\u0442\u0430\u0436\u0443\u0432\u0430\u043b\u044c\u043d\u0438\u0445 \u0441\u0438\u043b\u043e\u0441\u0456\u0432.<\/p><p data-start=\"227\" data-end=\"307\">\u0417\u0430\u043b\u0435\u0436\u043d\u043e \u0432\u0456\u0434 \u043f\u043e\u0442\u0440\u0435\u0431 \u0432\u0430\u0433\u0438 \u043c\u043e\u0436\u0443\u0442\u044c \u043c\u0430\u0442\u0438 \u0440\u0456\u0437\u043d\u0443 \u0434\u043e\u0432\u0436\u0438\u043d\u0443\/\u043c\u0456\u0441\u0442\u043a\u0456\u0441\u0442\u044c \u0456 \u0442\u0438\u043f \u043f\u0456\u0434\u043a\u043b\u044e\u0447\u0435\u043d\u043d\u044f.<\/p><p data-start=\"309\" data-end=\"388\"><strong data-start=\"309\" data-end=\"325\">\u041f\u043e\u0442\u043e\u0447\u043d\u0456 \u0432\u0430\u0433\u0438<\/strong> \u2013 WP-80 \u0434\u043e WP-500 \u2013 \u0442\u0430\u043a\u0456 \u043c\u0430\u0440\u043a\u0443\u0432\u0430\u043d\u043d\u044f \u043c\u0430\u044e\u0442\u044c \u043d\u0430\u0448\u0456 \u043f\u043e\u0442\u043e\u0447\u043d\u0456 \u0432\u0430\u0433\u0438.<\/p><p data-start=\"390\" data-end=\"490\">\u041f\u0440\u043e\u0441\u0442\u0430 \u043a\u043e\u043d\u0441\u0442\u0440\u0443\u043a\u0446\u0456\u044f \u0442\u0430 \u0432\u0438\u043a\u043e\u0440\u0438\u0441\u0442\u0430\u043d\u0456 \u043a\u043e\u043c\u043f\u043e\u043d\u0435\u043d\u0442\u0438 \u0433\u0430\u0440\u0430\u043d\u0442\u0443\u044e\u0442\u044c \u0442\u043e\u0447\u043d\u0456\u0441\u0442\u044c \u0434\u043e\u0437\u0443\u0432\u0430\u043d\u043d\u044f \u0442\u0430 \u0431\u0435\u0437\u043f\u0435\u0440\u0435\u0431\u0456\u0439\u043d\u0443 \u0440\u043e\u0431\u043e\u0442\u0443.<\/p><p data-start=\"492\" data-end=\"632\">\u0412\u0430\u0433\u0438 \u043c\u043e\u0436\u0443\u0442\u044c \u0431\u0443\u0442\u0438 \u0432\u0441\u0442\u0430\u043d\u043e\u0432\u043b\u0435\u043d\u0456 \u0432 \u0431\u0443\u0434\u044c-\u044f\u043a\u0456\u0439 \u0442\u0435\u0445\u043d\u043e\u043b\u043e\u0433\u0456\u0447\u043d\u0456\u0439 \u043b\u0456\u043d\u0456\u0457, \u0430 \u0457\u0445\u043d\u0454 \u0432\u0438\u0432\u0430\u043d\u0442\u0430\u0436\u0435\u043d\u043d\u044f \u043c\u043e\u0436\u043d\u0430 \u0430\u0434\u0430\u043f\u0442\u0443\u0432\u0430\u0442\u0438 \u0434\u043e \u0431\u0443\u0434\u044c-\u044f\u043a\u0438\u0445 \u043f\u0440\u0438\u0441\u0442\u0440\u043e\u0457\u0432 \u0430\u0431\u043e \u0440\u0435\u0437\u0435\u0440\u0432\u0443\u0430\u0440\u0456\u0432.<\/p><p data-start=\"634\" data-end=\"808\"><strong data-start=\"634\" data-end=\"650\">\u041a\u043e\u043d\u0456\u0447\u043d\u0456 \u0432\u0430\u0433\u0438<\/strong> \u2013 \u0412\u0438\u043a\u043e\u0440\u0438\u0441\u0442\u043e\u0432\u0443\u044e\u0442\u044c\u0441\u044f \u043f\u0435\u0440\u0435\u0432\u0430\u0436\u043d\u043e \u0432 \u0445\u0430\u0440\u0447\u043e\u0432\u0456\u0439 \u043f\u0440\u043e\u043c\u0438\u0441\u043b\u043e\u0432\u043e\u0441\u0442\u0456 \u0447\u0435\u0440\u0435\u0437 \u0457\u0445\u043d\u044e \u0444\u043e\u0440\u043c\u0443 \u0442\u0430 \u043b\u0435\u0433\u043a\u0456\u0441\u0442\u044c \u043e\u0447\u0438\u0449\u0435\u043d\u043d\u044f. \u041d\u0430\u0439\u043f\u043e\u043f\u0443\u043b\u044f\u0440\u043d\u0456\u0448\u0456 \u043c\u043e\u0434\u0435\u043b\u0456 \u043c\u0430\u044e\u0442\u044c \u0432\u0430\u043d\u0442\u0430\u0436\u043e\u043f\u0456\u0434\u0439\u043e\u043c\u043d\u0456\u0441\u0442\u044c 50 \u043a\u0433 \u0456 150 \u043a\u0433.<\/p><p data-start=\"810\" data-end=\"1003\"><strong data-start=\"810\" data-end=\"826\">\u0428\u043d\u0435\u043a\u043e\u0432\u0456 \u0432\u0430\u0433\u0438<\/strong> \u2013 \u0412\u0438\u043a\u043e\u0440\u0438\u0441\u0442\u043e\u0432\u0443\u044e\u0442\u044c\u0441\u044f \u0434\u043b\u044f \u0437\u0432\u0430\u0436\u0443\u0432\u0430\u043d\u043d\u044f \u043f\u0440\u043e\u0434\u0443\u043a\u0442\u0456\u0432 \u0443 \u043f\u043e\u0442\u043e\u0446\u0456. \u0428\u043d\u0435\u043a\u043e\u0432\u0438\u0439 \u0442\u0440\u0430\u043d\u0441\u043f\u043e\u0440\u0442\u0435\u0440 \u0456 \u0432\u0456\u0434\u043f\u043e\u0432\u0456\u0434\u043d\u0456 \u043a\u043e\u043c\u043f\u043e\u043d\u0435\u043d\u0442\u0438 \u0432\u0430\u0433 \u043f\u0456\u0434\u0456\u0431\u0440\u0430\u043d\u0456 \u0442\u0430\u043a\u0438\u043c \u0447\u0438\u043d\u043e\u043c, \u0449\u043e\u0431 \u043c\u0430\u043a\u0441\u0438\u043c\u0430\u043b\u044c\u043d\u043e \u0433\u0430\u0440\u0430\u043d\u0442\u0443\u0432\u0430\u0442\u0438 \u0442\u043e\u0447\u043d\u0456\u0441\u0442\u044c \u0432\u0438\u043c\u0456\u0440\u044e\u0432\u0430\u043d\u044c.<\/p><p data-start=\"1005\" data-end=\"1142\"><strong data-start=\"1005\" data-end=\"1022\">\u041c\u043e\u0431\u0456\u043b\u044c\u043d\u0456 \u0432\u0430\u0433\u0438<\/strong> \u2013 \u0415\u043a\u0441\u043f\u0435\u0434\u0438\u0446\u0456\u0439\u043d\u0456 \u0432\u0430\u0433\u0438, \u0449\u043e \u0434\u043e\u0437\u0432\u043e\u043b\u044f\u044e\u0442\u044c \u043f\u043e\u0432\u043d\u0456\u0441\u0442\u044e \u043a\u043e\u043d\u0442\u0440\u043e\u043b\u044e\u0432\u0430\u0442\u0438 \u043f\u0440\u043e\u0434\u0443\u043a\u0446\u0456\u044e, \u044f\u043a\u0430 \u0432\u0456\u0434\u0432\u0430\u043d\u0442\u0430\u0436\u0443\u0454\u0442\u044c\u0441\u044f \u0431\u0435\u0437\u043f\u043e\u0441\u0435\u0440\u0435\u0434\u043d\u044c\u043e \u0432 \u0430\u0432\u0442\u043e\u0446\u0438\u0441\u0442\u0435\u0440\u043d\u0443.<\/p><p data-start=\"1144\" data-end=\"1255\">\u041c\u0456\u0441\u0442\u043a\u0456\u0441\u0442\u044c \u043c\u043e\u0436\u0435 \u0431\u0443\u0442\u0438 \u043d\u0430\u043b\u0430\u0448\u0442\u043e\u0432\u0430\u043d\u0430 \u0456\u043d\u0434\u0438\u0432\u0456\u0434\u0443\u0430\u043b\u044c\u043d\u043e. \u0414\u043e\u0434\u0430\u0442\u043a\u043e\u0432\u043e \u043f\u0440\u043e\u043f\u043e\u043d\u0443\u0454\u043c\u043e \u043d\u0430\u043f\u0456\u0432\u0430\u0432\u0442\u043e\u043c\u0430\u0442\u0438\u0447\u043d\u0456 \u0440\u043e\u0437\u0432\u0430\u043d\u0442\u0430\u0436\u0443\u0432\u0430\u043b\u044c\u043d\u0456 \u0440\u0443\u043a\u0430\u0432\u0438.<\/p><p data-start=\"1262\" data-end=\"1927\"><\/span><\/p>\t\t\t\t\t<\/div>\n\t\t\t\t\t\t<\/div>\n\t\t\t\t<\/div>\n\t\t\t\t\t\t<\/div>\n\t\t\t\t\t<\/div>\n\t\t<\/div>\n\t\t\t\t\t\t\t\t<\/div>\n\t\t\t\t\t<\/div>\n\t\t<\/section>\n\t\t\t\t<section class=\"elementor-section elementor-top-section elementor-element elementor-element-dc6c5d9 elementor-section-full_width elementor-section-height-default elementor-section-height-default\" data-id=\"dc6c5d9\" data-element_type=\"section\">\n\t\t\t\t\t\t<div class=\"elementor-container elementor-column-gap-default\">\n\t\t\t\t\t\t\t<div class=\"elementor-row\">\n\t\t\t\t\t<div class=\"elementor-column elementor-col-100 elementor-top-column elementor-element elementor-element-2538266\" data-id=\"2538266\" data-element_type=\"column\" data-settings=\"{&quot;background_background&quot;:&quot;classic&quot;}\">\n\t\t\t<div class=\"elementor-column-wrap elementor-element-populated\">\n\t\t\t\t\t\t\t<div class=\"elementor-widget-wrap\">\n\t\t\t\t\t\t<div class=\"elementor-element elementor-element-b6afc89 elementor-align-center elementor-widget elementor-widget-button\" data-id=\"b6afc89\" data-element_type=\"widget\" data-widget_type=\"button.default\">\n\t\t\t\t<div class=\"elementor-widget-container\">\n\t\t\t\t\t<div class=\"elementor-button-wrapper\">\n\t\t\t<a href=\"https:\/\/drewmax.net.pl\/wp-content\/uploads\/2025\/03\/Wagi-systemowe_front_UA.pdf\" target=\"_blank\" class=\"elementor-button-link elementor-button elementor-size-lg\" role=\"button\">\n\t\t\t\t\t\t<span class=\"elementor-button-content-wrapper\">\n\t\t\t\t\t\t<span class=\"elementor-button-icon elementor-align-icon-right\">\n\t\t\t\t<i aria-hidden=\"true\" class=\"fas fa-download\"><\/i>\t\t\t<\/span>\n\t\t\t\t\t\t<span class=\"elementor-button-text\">  \u0417\u0430\u0432\u0430\u043d\u0442\u0430\u0436\u0438\u0442\u0438 \u043a\u0430\u0440\u0442\u043a\u0443 \u043f\u0440\u043e\u0434\u0443\u043a\u0442\u0443<\/span>\n\t\t<\/span>\n\t\t\t\t\t<\/a>\n\t\t<\/div>\n\t\t\t\t<\/div>\n\t\t\t\t<\/div>\n\t\t\t\t\t\t<\/div>\n\t\t\t\t\t<\/div>\n\t\t<\/div>\n\t\t\t\t\t\t\t\t<\/div>\n\t\t\t\t\t<\/div>\n\t\t<\/section>\n\t\t\t\t\t\t<\/div>\n\t\t\t\t\t\t<\/div>\n\t\t\t\t\t<\/div>\n\t\t","protected":false},"excerpt":{"rendered":"<p>\u0421\u0438\u0441\u0442\u0435\u043c\u043d\u0456 \u0432\u0430\u0433\u0438 \u041a\u043e\u043c\u043f\u0430\u043d\u0456\u044f Drewmax \u043c\u0430\u0454 \u0432\u0435\u043b\u0438\u043a\u0438\u0439 \u0434\u043e\u0441\u0432\u0456\u0434 \u0443 \u043f\u0440\u043e\u0454\u043a\u0442\u0443\u0432\u0430\u043d\u043d\u0456 \u0442\u0430 \u0432\u0438\u0440\u043e\u0431\u043d\u0438\u0446\u0442\u0432\u0456 \u0432\u0430\u0433\u043e\u0432\u0438\u0445 \u0441\u0438\u0441\u0442\u0435\u043c. \u0423 \u043d\u0430\u0448\u043e\u043c\u0443 \u0430\u0441\u043e\u0440\u0442\u0438\u043c\u0435\u043d\u0442\u0456 \u043f\u0440\u0435\u0434\u0441\u0442\u0430\u0432\u043b\u0435\u043d\u0456, \u0437\u043e\u043a\u0440\u0435\u043c\u0430, \u0431\u0443\u043d\u043a\u0435\u0440\u043d\u0456 \u0432\u0430\u0433\u0438, \u043f\u043e\u0442\u043e\u0447\u043d\u0456, \u043a\u043e\u043d\u0456\u0447\u043d\u0456, \u0448\u043d\u0435\u043a\u043e\u0432\u0456 \u0442\u0430 \u043c\u043e\u0431\u0456\u043b\u044c\u043d\u0456 \u0432\u0430\u0433\u0438. \u0417\u0430\u043b\u0435\u0436\u043d\u043e \u0432\u0456\u0434 \u0442\u0438\u043f\u0443 \u043f\u0440\u043e\u0434\u0443\u043a\u0442\u0443, \u0449\u043e \u0437\u0432\u0430\u0436\u0443\u0454\u0442\u044c\u0441\u044f, \u0434\u043b\u044f \u0434\u043e\u0437\u0443\u0432\u0430\u043d\u043d\u044f \u0432\u0438\u043a\u043e\u0440\u0438\u0441\u0442\u043e\u0432\u0443\u044e\u0442\u044c\u0441\u044f \u0433\u0440\u0430\u0432\u0456\u0442\u0430\u0446\u0456\u0439\u043d\u0456, \u0448\u043d\u0435\u043a\u043e\u0432\u0456, \u0441\u0442\u0440\u0456\u0447\u043a\u043e\u0432\u0456, \u0432\u0456\u0431\u0440\u0430\u0446\u0456\u0439\u043d\u0456 \u043f\u043e\u0434\u0430\u0432\u0430\u0447\u0456 \u0442\u0430 \u0434\u043e\u0437\u0443\u0432\u0430\u043b\u044c\u043d\u0456 \u0440\u0435\u0448\u0456\u0442\u043a\u0438. \u041f\u0440\u043e\u0434\u0443\u043a\u0442\u0438\u0432\u043d\u0456\u0441\u0442\u044c \u0432\u0430\u0433 \u043e\u0431\u043c\u0435\u0436\u0443\u0454\u0442\u044c\u0441\u044f \u0433\u043e\u043b\u043e\u0432\u043d\u0438\u043c \u0447\u0438\u043d\u043e\u043c \u0442\u0438\u043f\u043e\u043c\/\u044f\u043a\u0456\u0441\u0442\u044e \u043f\u0440\u043e\u0434\u0443\u043a\u0442\u0443 \u0442\u0430 \u043d\u0430\u044f\u0432\u043d\u0438\u043c \u043f\u0440\u043e\u0441\u0442\u043e\u0440\u043e\u043c \u0434\u043b\u044f \u043c\u043e\u043d\u0442\u0430\u0436\u0443,&hellip;<\/p>\n","protected":false},"author":1,"featured_media":0,"parent":0,"menu_order":0,"comment_status":"closed","ping_status":"closed","template":"","meta":[],"yoast_head":"<!-- This site is optimized with the Yoast SEO Premium plugin v15.5 - https:\/\/yoast.com\/wordpress\/plugins\/seo\/ -->\n<title>Wa\u017cenie Pakowanie Paletyzacja Automatyka przemys\u0142owa linie PP PE<\/title>\n<meta name=\"description\" content=\"Wa\u017cenie Pakowanie Paletyzacja Automatyka przemys\u0142owa linie wa\u017c\u0105co - pakuj\u0105ce zbiorniki technologiczne mikrodozowanie linie PP PE\" \/>\n<meta name=\"robots\" content=\"index, follow, max-snippet:-1, max-image-preview:large, max-video-preview:-1\" \/>\n<link rel=\"canonical\" href=\"https:\/\/drewmax.net.pl\/wagi-systemowe\/\" \/>\n<meta property=\"og:locale\" content=\"uk_UA\" \/>\n<meta property=\"og:type\" content=\"article\" \/>\n<meta property=\"og:title\" content=\"Wa\u017cenie Pakowanie Paletyzacja Automatyka przemys\u0142owa linie PP PE\" \/>\n<meta property=\"og:description\" content=\"Wa\u017cenie Pakowanie Paletyzacja Automatyka przemys\u0142owa linie wa\u017c\u0105co - pakuj\u0105ce zbiorniki technologiczne mikrodozowanie linie PP PE\" \/>\n<meta property=\"og:url\" content=\"https:\/\/drewmax.net.pl\/wagi-systemowe\/\" \/>\n<meta property=\"og:site_name\" content=\"(Polski) Drewmax - Wa\u017cenie | Pakowanie | Paletyzacja | Automatyka\" \/>\n<meta property=\"article:publisher\" content=\"https:\/\/www.facebook.com\/Drewmax-111641623604429\/\" \/>\n<meta property=\"article:modified_time\" content=\"2025-04-04T06:07:03+00:00\" \/>\n<meta name=\"twitter:card\" content=\"summary_large_image\" \/>\n<meta name=\"twitter:label1\" content=\"\u041f\u0440\u0438\u0431\u043b. \u0447\u0430\u0441 \u0447\u0438\u0442\u0430\u043d\u043d\u044f\">\n\t<meta name=\"twitter:data1\" content=\"9 \u0445\u0432\u0438\u043b\u0438\u043d\">\n<script type=\"application\/ld+json\" class=\"yoast-schema-graph\">{\"@context\":\"https:\/\/schema.org\",\"@graph\":[{\"@type\":\"Organization\",\"@id\":\"https:\/\/drewmax.net.pl\/en\/#organization\",\"name\":\"DREWMAX Sp\\u00f3\\u0142ka z o.o.\",\"url\":\"https:\/\/drewmax.net.pl\/en\/\",\"sameAs\":[\"https:\/\/www.facebook.com\/Drewmax-111641623604429\/\",\"https:\/\/www.instagram.com\/drewmax.net.pl\/\",\"https:\/\/www.youtube.com\/channel\/UCCS8U5F8gSyJAlSWjxgbLRQ\"],\"logo\":{\"@type\":\"ImageObject\",\"@id\":\"https:\/\/drewmax.net.pl\/en\/#logo\",\"inLanguage\":\"uk\",\"url\":\"\",\"caption\":\"DREWMAX Sp\\u00f3\\u0142ka z o.o.\"},\"image\":{\"@id\":\"https:\/\/drewmax.net.pl\/en\/#logo\"}},{\"@type\":\"WebSite\",\"@id\":\"https:\/\/drewmax.net.pl\/en\/#website\",\"url\":\"https:\/\/drewmax.net.pl\/en\/\",\"name\":\"(Polski) Drewmax - Wa\\u017cenie | Pakowanie | Paletyzacja | Automatyka\",\"description\":\"\",\"publisher\":{\"@id\":\"https:\/\/drewmax.net.pl\/en\/#organization\"},\"potentialAction\":[{\"@type\":\"SearchAction\",\"target\":\"https:\/\/drewmax.net.pl\/en\/?s={search_term_string}\",\"query-input\":\"required name=search_term_string\"}],\"inLanguage\":\"uk\"},{\"@type\":\"WebPage\",\"@id\":\"https:\/\/drewmax.net.pl\/wagi-systemowe\/#webpage\",\"url\":\"https:\/\/drewmax.net.pl\/wagi-systemowe\/\",\"name\":\"Wa\\u017cenie Pakowanie Paletyzacja Automatyka przemys\\u0142owa linie PP PE\",\"isPartOf\":{\"@id\":\"https:\/\/drewmax.net.pl\/en\/#website\"},\"datePublished\":\"2016-07-21T11:32:50+00:00\",\"dateModified\":\"2025-04-04T06:07:03+00:00\",\"description\":\"Wa\\u017cenie Pakowanie Paletyzacja Automatyka przemys\\u0142owa linie wa\\u017c\\u0105co - pakuj\\u0105ce zbiorniki technologiczne mikrodozowanie linie PP PE\",\"breadcrumb\":{\"@id\":\"https:\/\/drewmax.net.pl\/wagi-systemowe\/#breadcrumb\"},\"inLanguage\":\"uk\",\"potentialAction\":[{\"@type\":\"ReadAction\",\"target\":[\"https:\/\/drewmax.net.pl\/wagi-systemowe\/\"]}]},{\"@type\":\"BreadcrumbList\",\"@id\":\"https:\/\/drewmax.net.pl\/wagi-systemowe\/#breadcrumb\",\"itemListElement\":[{\"@type\":\"ListItem\",\"position\":1,\"item\":{\"@type\":\"WebPage\",\"@id\":\"https:\/\/drewmax.net.pl\/\",\"url\":\"https:\/\/drewmax.net.pl\/\",\"name\":\"Home\"}},{\"@type\":\"ListItem\",\"position\":2,\"item\":{\"@type\":\"WebPage\",\"@id\":\"https:\/\/drewmax.net.pl\/wagi-systemowe\/\",\"url\":\"https:\/\/drewmax.net.pl\/wagi-systemowe\/\",\"name\":\"Wagi systemowe\"}}]}]}<\/script>\n<!-- \/ Yoast SEO Premium plugin. -->","_links":{"self":[{"href":"https:\/\/drewmax.net.pl\/ua\/wp-json\/wp\/v2\/pages\/175"}],"collection":[{"href":"https:\/\/drewmax.net.pl\/ua\/wp-json\/wp\/v2\/pages"}],"about":[{"href":"https:\/\/drewmax.net.pl\/ua\/wp-json\/wp\/v2\/types\/page"}],"author":[{"embeddable":true,"href":"https:\/\/drewmax.net.pl\/ua\/wp-json\/wp\/v2\/users\/1"}],"replies":[{"embeddable":true,"href":"https:\/\/drewmax.net.pl\/ua\/wp-json\/wp\/v2\/comments?post=175"}],"version-history":[{"count":61,"href":"https:\/\/drewmax.net.pl\/ua\/wp-json\/wp\/v2\/pages\/175\/revisions"}],"predecessor-version":[{"id":32052,"href":"https:\/\/drewmax.net.pl\/ua\/wp-json\/wp\/v2\/pages\/175\/revisions\/32052"}],"wp:attachment":[{"href":"https:\/\/drewmax.net.pl\/ua\/wp-json\/wp\/v2\/media?parent=175"}],"curies":[{"name":"wp","href":"https:\/\/api.w.org\/{rel}","templated":true}]}}