{"id":166,"date":"2016-07-21T13:28:31","date_gmt":"2016-07-21T11:28:31","guid":{"rendered":"http:\/\/drewmax.net.pl\/?page_id=166"},"modified":"2025-04-03T14:39:43","modified_gmt":"2025-04-03T12:39:43","slug":"urzadzenie-sluzace-do-napelniania-workow-typu-big-bag-jednozaczepowych","status":"publish","type":"page","link":"https:\/\/drewmax.net.pl\/ua\/urzadzenie-sluzace-do-napelniania-workow-typu-big-bag-jednozaczepowych\/","title":{"rendered":"Urz\u0105dzenie s\u0142u\u017c\u0105ce do nape\u0142niania work\u00f3w typu Big-Bag \u2013 jednozaczepowych"},"content":{"rendered":"\t\t<div data-elementor-type=\"wp-post\" data-elementor-id=\"166\" class=\"elementor elementor-166\" data-elementor-settings=\"[]\">\n\t\t\t\t\t\t<div class=\"elementor-inner\">\n\t\t\t\t\t\t\t<div class=\"elementor-section-wrap\">\n\t\t\t\t\t\t\t<section class=\"elementor-section elementor-top-section elementor-element elementor-element-fcf89ba elementor-section-boxed elementor-section-height-default elementor-section-height-default\" data-id=\"fcf89ba\" data-element_type=\"section\" data-settings=\"{&quot;background_background&quot;:&quot;classic&quot;}\">\n\t\t\t\t\t\t<div class=\"elementor-container elementor-column-gap-default\">\n\t\t\t\t\t\t\t<div class=\"elementor-row\">\n\t\t\t\t\t<div class=\"elementor-column elementor-col-100 elementor-top-column elementor-element elementor-element-cbca31f\" data-id=\"cbca31f\" data-element_type=\"column\">\n\t\t\t<div class=\"elementor-column-wrap elementor-element-populated\">\n\t\t\t\t\t\t\t<div class=\"elementor-widget-wrap\">\n\t\t\t\t\t\t<div class=\"elementor-element elementor-element-e8e309b elementor-widget elementor-widget-heading\" data-id=\"e8e309b\" data-element_type=\"widget\" data-widget_type=\"heading.default\">\n\t\t\t\t<div class=\"elementor-widget-container\">\n\t\t\t<h2 class=\"elementor-heading-title elementor-size-xl\"> \u041f\u0440\u0438\u0441\u0442\u0440\u0456\u0439 \u0434\u043b\u044f \u043d\u0430\u043f\u043e\u0432\u043d\u0435\u043d\u043d\u044f \u043e\u0434\u043d\u043e\u0441\u0442\u0440\u043e\u043f\u043d\u0438\u0445 \u043c\u0456\u0448\u043a\u0456\u0432 Big-Bag\n<\/h2>\t\t<\/div>\n\t\t\t\t<\/div>\n\t\t\t\t\t\t<\/div>\n\t\t\t\t\t<\/div>\n\t\t<\/div>\n\t\t\t\t\t\t\t\t<\/div>\n\t\t\t\t\t<\/div>\n\t\t<\/section>\n\t\t\t\t<section class=\"elementor-section elementor-top-section elementor-element elementor-element-c1500bd elementor-section-boxed elementor-section-height-default elementor-section-height-default\" data-id=\"c1500bd\" data-element_type=\"section\" data-settings=\"{&quot;background_background&quot;:&quot;classic&quot;}\">\n\t\t\t\t\t\t<div class=\"elementor-container elementor-column-gap-default\">\n\t\t\t\t\t\t\t<div class=\"elementor-row\">\n\t\t\t\t\t<div class=\"elementor-column elementor-col-50 elementor-top-column elementor-element elementor-element-2fe4157\" data-id=\"2fe4157\" data-element_type=\"column\">\n\t\t\t<div class=\"elementor-column-wrap elementor-element-populated\">\n\t\t\t\t\t\t\t<div class=\"elementor-widget-wrap\">\n\t\t\t\t\t\t<div class=\"elementor-element elementor-element-9981c4b elementor-widget elementor-widget-text-editor\" data-id=\"9981c4b\" data-element_type=\"widget\" data-widget_type=\"text-editor.default\">\n\t\t\t\t<div class=\"elementor-widget-container\">\n\t\t\t\t\t\t\t\t<div class=\"elementor-text-editor elementor-clearfix\">\n\t\t\t\t<p><br data-start=\"1468\" data-end=\"1471\" \/>\u0423 \u043f\u0440\u043e\u043f\u043e\u0437\u0438\u0446\u0456\u0457 \u043a\u043e\u043c\u043f\u0430\u043d\u0456\u0457 Drewmax \u0442\u0430\u043a\u043e\u0436 \u0454 \u043f\u0440\u0438\u0441\u0442\u0440\u0456\u0439 \u0434\u043b\u044f \u043d\u0430\u043f\u043e\u0432\u043d\u0435\u043d\u043d\u044f \u043e\u0434\u043d\u043e\u0441\u0442\u0440\u043e\u043f\u043d\u0438\u0445 \u043c\u0456\u0448\u043a\u0456\u0432 Big-Bag \u0432\u0430\u0433\u043e\u044e \u0432\u0456\u0434 <strong>100 \u0434\u043e 1500 \u043a\u0433.<\/strong> \u041e\u0434\u043d\u043e\u0441\u0442\u0440\u043e\u043f\u043d\u0456 \u043c\u0456\u0448\u043a\u0438 \u043d\u0430\u043f\u043e\u0432\u043d\u044e\u044e\u0442\u044c\u0441\u044f \u0437\u0430 \u0434\u043e\u043f\u043e\u043c\u043e\u0433\u043e\u044e \u0441\u043f\u0435\u0446\u0456\u0430\u043b\u044c\u043d\u043e \u043f\u0456\u0434\u0456\u0431\u0440\u0430\u043d\u0438\u0445 \u0434\u043e\u0437\u0430\u0442\u043e\u0440\u0456\u0432 \u0456 \u0432\u0430\u0433\u0438 \u043d\u0435\u0442\u0442\u043e, \u0440\u043e\u0437\u0442\u0430\u0448\u043e\u0432\u0430\u043d\u043e\u0457 \u043d\u0430\u0434 \u043c\u0456\u0441\u0446\u0435\u043c \u043d\u0430\u043f\u043e\u0432\u043d\u0435\u043d\u043d\u044f.<\/p><p data-start=\"1716\" data-end=\"1885\">\u041b\u0456\u043d\u0456\u044f \u043d\u0430\u043f\u043e\u0432\u043d\u0435\u043d\u043d\u044f \u0432 \u043f\u043e\u0454\u0434\u043d\u0430\u043d\u043d\u0456 \u0437 \u0432\u0430\u0433\u043e\u044e \u043d\u0435\u0442\u0442\u043e \u0454 \u043d\u0430\u043f\u0456\u0432\u0430\u0432\u0442\u043e\u043c\u0430\u0442\u0438\u0447\u043d\u0438\u043c \u043f\u0430\u043a\u0443\u0432\u0430\u043b\u044c\u043d\u0438\u043c \u043f\u0440\u0438\u0441\u0442\u0440\u043e\u0454\u043c \u0434\u043b\u044f <strong>\u0441\u0438\u043f\u0443\u0447\u0438\u0445, \u0433\u0440\u0430\u043d\u0443\u043b\u044c\u043e\u0432\u0430\u043d\u0438\u0445 \u0456 \u043f\u043e\u0440\u043e\u0448\u043a\u043e\u0432\u0438\u0445<\/strong> \u043f\u0440\u043e\u0434\u0443\u043a\u0442\u0456\u0432 \u0456\u0437 \u0432\u0438\u043a\u043e\u0440\u0438\u0441\u0442\u0430\u043d\u043d\u044f\u043c \u043c\u0456\u0448\u043a\u0456\u0432 Big-Bag.<\/p><p data-start=\"1887\" data-end=\"2107\">\u041f\u0440\u0435\u0434\u0441\u0442\u0430\u0432\u043b\u0435\u043d\u0438\u0439 \u043f\u0440\u0438\u0441\u0442\u0440\u0456\u0439 \u043c\u0430\u0454 \u0440\u0443\u0445\u043b\u0438\u0432\u0438\u0439 \u043d\u0430\u043f\u043e\u0432\u043d\u044e\u0432\u0430\u043b\u044c\u043d\u0438\u0439 \u043f\u0430\u0442\u0440\u0443\u0431\u043e\u043a, \u0449\u043e \u0437\u043d\u0430\u0447\u043d\u043e \u043f\u043e\u043b\u0435\u0433\u0448\u0443\u0454 \u0432\u0441\u0442\u0430\u043d\u043e\u0432\u043b\u0435\u043d\u043d\u044f \u0442\u0430 \u0437\u043d\u044f\u0442\u0442\u044f \u043c\u0456\u0448\u043a\u0430. \u041a\u0440\u0456\u043c \u0442\u043e\u0433\u043e, \u0430\u0432\u0442\u043e\u043c\u0430\u0442\u0438\u0447\u043d\u0430 \u0441\u0438\u0441\u0442\u0435\u043c\u0430 \u0443\u0449\u0456\u043b\u044c\u043d\u0435\u043d\u043d\u044f \u0442\u0430 \u0441\u0438\u0441\u0442\u0435\u043c\u0430 \u043d\u0430\u0434\u0443\u0432\u0430\u043d\u043d\u044f \u0443\u043f\u0430\u043a\u043e\u0432\u043a\u0438 \u0437\u043d\u0430\u0447\u043d\u043e \u043f\u043e\u043b\u0435\u0433\u0448\u0443\u044e\u0442\u044c \u0440\u043e\u0431\u043e\u0442\u0443 \u043e\u043f\u0435\u0440\u0430\u0442\u043e\u0440\u0456\u0432.<\/p><p data-start=\"2109\" data-end=\"2390\"><\/p>\t\t\t\t\t<\/div>\n\t\t\t\t\t\t<\/div>\n\t\t\t\t<\/div>\n\t\t\t\t\t\t<\/div>\n\t\t\t\t\t<\/div>\n\t\t<\/div>\n\t\t\t\t<div class=\"elementor-column elementor-col-50 elementor-top-column elementor-element elementor-element-048969c\" data-id=\"048969c\" data-element_type=\"column\">\n\t\t\t<div class=\"elementor-column-wrap elementor-element-populated\">\n\t\t\t\t\t\t\t<div class=\"elementor-widget-wrap\">\n\t\t\t\t\t\t<div class=\"elementor-element elementor-element-9c56358 elementor-widget elementor-widget-image\" data-id=\"9c56358\" data-element_type=\"widget\" data-widget_type=\"image.default\">\n\t\t\t\t<div class=\"elementor-widget-container\">\n\t\t\t\t\t\t\t\t<div class=\"elementor-image\">\n\t\t\t\t\t\t\t\t\t\t\t\t<img width=\"624\" height=\"548\" src=\"https:\/\/drewmax.net.pl\/wp-content\/uploads\/2020\/10\/bigbag11.jpg\" class=\"attachment-large size-large\" alt=\"\" loading=\"lazy\" srcset=\"https:\/\/drewmax.net.pl\/wp-content\/uploads\/2020\/10\/bigbag11.jpg 624w, https:\/\/drewmax.net.pl\/wp-content\/uploads\/2020\/10\/bigbag11-300x263.jpg 300w\" sizes=\"(max-width: 624px) 100vw, 624px\" \/>\t\t\t\t\t\t\t\t\t\t\t\t\t\t<\/div>\n\t\t\t\t\t\t<\/div>\n\t\t\t\t<\/div>\n\t\t\t\t\t\t<\/div>\n\t\t\t\t\t<\/div>\n\t\t<\/div>\n\t\t\t\t\t\t\t\t<\/div>\n\t\t\t\t\t<\/div>\n\t\t<\/section>\n\t\t\t\t<section class=\"elementor-section elementor-top-section elementor-element elementor-element-88e71bc elementor-section-boxed elementor-section-height-default elementor-section-height-default\" data-id=\"88e71bc\" data-element_type=\"section\" data-settings=\"{&quot;background_background&quot;:&quot;classic&quot;}\">\n\t\t\t\t\t\t<div class=\"elementor-container elementor-column-gap-default\">\n\t\t\t\t\t\t\t<div class=\"elementor-row\">\n\t\t\t\t\t<div class=\"elementor-column elementor-col-100 elementor-top-column elementor-element elementor-element-97fa1c9\" data-id=\"97fa1c9\" data-element_type=\"column\">\n\t\t\t<div class=\"elementor-column-wrap elementor-element-populated\">\n\t\t\t\t\t\t\t<div class=\"elementor-widget-wrap\">\n\t\t\t\t\t\t<div class=\"elementor-element elementor-element-3afda3e elementor-widget elementor-widget-text-editor\" data-id=\"3afda3e\" data-element_type=\"widget\" data-widget_type=\"text-editor.default\">\n\t\t\t\t<div class=\"elementor-widget-container\">\n\t\t\t\t\t\t\t\t<div class=\"elementor-text-editor elementor-clearfix\">\n\t\t\t\t<p><br data-start=\"1169\" data-end=\"1172\" \/><span style=\"text-decoration: underline;\"><strong data-start=\"1172\" data-end=\"1204\">\u041e\u0441\u043d\u043e\u0432\u043d\u0456 \u043a\u043e\u043c\u043f\u043e\u043d\u0435\u043d\u0442\u0438 \u043f\u0440\u0438\u0441\u0442\u0440\u043e\u044e:<\/strong><\/span><\/p><ul data-start=\"1208\" data-end=\"1497\"><li data-start=\"1208\" data-end=\"1257\">\u041e\u043f\u043e\u0440\u043d\u0430 \u043a\u043e\u043d\u0441\u0442\u0440\u0443\u043a\u0446\u0456\u044f \u0437 \u043e\u0431\u0441\u043b\u0443\u0433\u043e\u0432\u0443\u044e\u0447\u043e\u044e \u043f\u043b\u0430\u0442\u0444\u043e\u0440\u043c\u043e\u044e<\/li><li data-start=\"1258\" data-end=\"1298\">\u0410\u0432\u0442\u043e\u043c\u0430\u0442\u0438\u0447\u043d\u0438\u0439 \u043d\u0430\u043f\u043e\u0432\u043d\u044e\u0432\u0430\u043b\u044c\u043d\u0438\u0439 \u043f\u0430\u0442\u0440\u0443\u0431\u043e\u043a<\/li><li data-start=\"1299\" data-end=\"1320\">\u0412\u0456\u0434\u0432\u0456\u0434\u043d\u0438\u0439 \u043a\u043e\u043d\u0432\u0435\u0454\u0440<\/li><li data-start=\"1321\" data-end=\"1362\">\u0421\u0438\u0441\u0442\u0435\u043c\u0430 \u043a\u0435\u0440\u0443\u0432\u0430\u043d\u043d\u044f \u0437 \u0441\u0435\u043d\u0441\u043e\u0440\u043d\u0438\u043c \u0435\u043a\u0440\u0430\u043d\u043e\u043c<\/li><li data-start=\"1363\" data-end=\"1446\">\u0417\u0440\u043e\u0437\u0443\u043c\u0456\u043b\u0430 \u0441\u0438\u0441\u0442\u0435\u043c\u0430 \u043a\u0435\u0440\u0443\u0432\u0430\u043d\u043d\u044f \u043d\u0430 \u0431\u0430\u0437\u0456 \u043a\u043e\u043d\u0442\u0440\u043e\u043b\u0435\u0440\u0430 PLC Siemens \u0456\u0437 \u0441\u0435\u043d\u0441\u043e\u0440\u043d\u0438\u043c \u0435\u043a\u0440\u0430\u043d\u043e\u043c<\/li><li data-start=\"1447\" data-end=\"1497\">\u0412\u0438\u043a\u043e\u0440\u0438\u0441\u0442\u0430\u043d\u0456 \u043f\u0440\u0438\u0432\u043e\u0434\u0438\/\u0441\u0435\u0440\u0432\u043e\u043f\u0440\u0438\u0432\u043e\u0434\u0438 SEW \u0430\u0431\u043e LENZE<\/li><\/ul><p data-start=\"1499\" data-end=\"1526\"><span style=\"text-decoration: underline;\"><strong data-start=\"1499\" data-end=\"1524\">\u0414\u043e\u0434\u0430\u0442\u043a\u043e\u0432\u0435 \u043e\u0431\u043b\u0430\u0434\u043d\u0430\u043d\u043d\u044f:<\/strong><\/span><\/p><ul data-start=\"1528\" data-end=\"1722\"><li data-start=\"1528\" data-end=\"1566\">\u0421\u0438\u0441\u0442\u0435\u043c\u0430 \u0432\u0456\u0431\u0440\u0430\u0446\u0456\u0457 \u043d\u0430\u043f\u043e\u0432\u043d\u0435\u043d\u043e\u0433\u043e \u043c\u0456\u0448\u043a\u0430<\/li><li data-start=\"1567\" data-end=\"1594\">\u0421\u0438\u0441\u0442\u0435\u043c\u0430 \u043d\u0430\u0434\u0443\u0432\u0430\u043d\u043d\u044f \u043c\u0456\u0448\u043a\u0430<\/li><li data-start=\"1595\" data-end=\"1641\">\u0421\u0438\u0441\u0442\u0435\u043c\u0430 \u0443\u0442\u0440\u0438\u043c\u0430\u043d\u043d\u044f \u043c\u0456\u0448\u043a\u0430 \u043f\u0456\u0434 \u0447\u0430\u0441 \u043d\u0430\u043f\u043e\u0432\u043d\u0435\u043d\u043d\u044f<\/li><li data-start=\"1642\" data-end=\"1677\">\u0414\u043e\u0434\u0430\u0442\u043a\u043e\u0432\u0438\u0439 \u0431\u0443\u0444\u0435\u0440\u043d\u0438\u0439 \u0442\u0440\u0430\u043d\u0441\u043f\u043e\u0440\u0442\u0435\u0440<\/li><li data-start=\"1678\" data-end=\"1722\">\u0421\u0438\u0441\u0442\u0435\u043c\u0430 \u043f\u0456\u0434\u0433\u043e\u0442\u043e\u0432\u043a\u0438 \u0434\u043e \u0432\u0438\u0432\u0430\u043d\u0442\u0430\u0436\u0435\u043d\u043d\u044f \u043c\u0456\u0448\u043a\u0430<\/li><\/ul><p data-start=\"1724\" data-end=\"1774\"><\/p>\t\t\t\t\t<\/div>\n\t\t\t\t\t\t<\/div>\n\t\t\t\t<\/div>\n\t\t\t\t\t\t<\/div>\n\t\t\t\t\t<\/div>\n\t\t<\/div>\n\t\t\t\t<div class=\"elementor-column elementor-col-100 elementor-top-column elementor-element elementor-element-fbf6109\" data-id=\"fbf6109\" data-element_type=\"column\">\n\t\t\t<div class=\"elementor-column-wrap elementor-element-populated\">\n\t\t\t\t\t\t\t<div class=\"elementor-widget-wrap\">\n\t\t\t\t\t\t<div class=\"elementor-element elementor-element-cc5fc1a elementor-widget elementor-widget-text-editor\" data-id=\"cc5fc1a\" data-element_type=\"widget\" data-widget_type=\"text-editor.default\">\n\t\t\t\t<div class=\"elementor-widget-container\">\n\t\t\t\t\t\t\t\t<div class=\"elementor-text-editor elementor-clearfix\">\n\t\t\t\t<p><br data-start=\"830\" data-end=\"833\" \/><span style=\"text-decoration: underline;\"><strong data-start=\"833\" data-end=\"864\">\u041e\u0441\u043d\u043e\u0432\u043d\u0456 \u0442\u0435\u0445\u043d\u0456\u0447\u043d\u0456 \u043f\u0430\u0440\u0430\u043c\u0435\u0442\u0440\u0438:<\/strong><\/span><\/p><ul data-start=\"868\" data-end=\"1221\"><li data-start=\"868\" data-end=\"904\">\u041c\u0430\u043a\u0441\u0438\u043c\u0430\u043b\u044c\u043d\u0430 \u043c\u0430\u0441\u0430 \u043f\u043e\u0440\u0446\u0456\u0457: 1500 \u043a\u0433<\/li><li data-start=\"905\" data-end=\"939\">\u041c\u0456\u043d\u0456\u043c\u0430\u043b\u044c\u043d\u0430 \u043c\u0430\u0441\u0430 \u043f\u043e\u0440\u0446\u0456\u0457: 100 \u043a\u0433<\/li><li data-start=\"940\" data-end=\"1046\">\u041f\u0440\u043e\u0434\u0443\u043a\u0442\u0438\u0432\u043d\u0456\u0441\u0442\u044c \u043b\u0456\u043d\u0456\u0457: \u043f\u0440\u0438\u0431\u043b. 30 \u0442\/\u0433\u043e\u0434 (\u0437\u0430\u043b\u0435\u0436\u043d\u043e \u0432\u0456\u0434 \u0432\u043b\u0430\u0441\u0442\u0438\u0432\u043e\u0441\u0442\u0435\u0439 \u043f\u0440\u043e\u0434\u0443\u043a\u0442\u0443, \u043e\u043f\u0435\u0440\u0430\u0442\u043e\u0440\u0430 \u0442\u0430 \u0440\u043e\u0437\u043c\u0456\u0440\u0443 \u043f\u043e\u0440\u0446\u0456\u0457)<\/li><li data-start=\"1047\" data-end=\"1104\">\u0422\u0438\u043f \u043c\u0456\u0448\u043a\u0456\u0432: \u043e\u0434\u043d\u043e\u0441\u0442\u0440\u043e\u043f\u043d\u0456 \u043c\u0456\u0448\u043a\u0438 Big-Bag \u0437 \u043f\u043e\u043b\u0456\u043f\u0440\u043e\u043f\u0456\u043b\u0435\u043d\u0443<\/li><li data-start=\"1105\" data-end=\"1139\">\u0415\u043b\u0435\u043a\u0442\u0440\u043e\u0436\u0438\u0432\u043b\u0435\u043d\u043d\u044f: 3 x 400V 50Hz<\/li><li data-start=\"1140\" data-end=\"1177\">\u0421\u043f\u043e\u0436\u0438\u0432\u0430\u043d\u0430 \u043f\u043e\u0442\u0443\u0436\u043d\u0456\u0441\u0442\u044c: \u043c\u0430\u043a\u0441. 5 \u043a\u0412\u0442<\/li><li data-start=\"1178\" data-end=\"1221\">\u0416\u0438\u0432\u043b\u0435\u043d\u043d\u044f \u0441\u0442\u0438\u0441\u043d\u0435\u043d\u0438\u043c \u043f\u043e\u0432\u0456\u0442\u0440\u044f\u043c: 5 \u2013 10 \u0431\u0430\u0440<\/li><\/ul><p data-start=\"1223\" data-end=\"1265\"><\/p>\t\t\t\t\t<\/div>\n\t\t\t\t\t\t<\/div>\n\t\t\t\t<\/div>\n\t\t\t\t<div class=\"elementor-element elementor-element-db4d6d5 elementor-widget elementor-widget-image\" data-id=\"db4d6d5\" data-element_type=\"widget\" data-widget_type=\"image.default\">\n\t\t\t\t<div class=\"elementor-widget-container\">\n\t\t\t\t\t\t\t\t<div class=\"elementor-image\">\n\t\t\t\t\t\t\t\t\t\t\t\t<img width=\"525\" height=\"164\" src=\"https:\/\/drewmax.net.pl\/wp-content\/uploads\/2020\/10\/bigbag12.png\" class=\"attachment-large size-large\" alt=\"\" loading=\"lazy\" srcset=\"https:\/\/drewmax.net.pl\/wp-content\/uploads\/2020\/10\/bigbag12.png 525w, https:\/\/drewmax.net.pl\/wp-content\/uploads\/2020\/10\/bigbag12-300x94.png 300w\" sizes=\"(max-width: 525px) 100vw, 525px\" \/>\t\t\t\t\t\t\t\t\t\t\t\t\t\t<\/div>\n\t\t\t\t\t\t<\/div>\n\t\t\t\t<\/div>\n\t\t\t\t\t\t<\/div>\n\t\t\t\t\t<\/div>\n\t\t<\/div>\n\t\t\t\t\t\t\t\t<\/div>\n\t\t\t\t\t<\/div>\n\t\t<\/section>\n\t\t\t\t<section class=\"elementor-section elementor-top-section elementor-element elementor-element-262542c elementor-section-boxed elementor-section-height-default elementor-section-height-default\" data-id=\"262542c\" data-element_type=\"section\" data-settings=\"{&quot;background_background&quot;:&quot;classic&quot;}\">\n\t\t\t\t\t\t<div class=\"elementor-container elementor-column-gap-default\">\n\t\t\t\t\t\t\t<div class=\"elementor-row\">\n\t\t\t\t\t<div class=\"elementor-column elementor-col-100 elementor-top-column elementor-element elementor-element-31b3d50\" data-id=\"31b3d50\" data-element_type=\"column\">\n\t\t\t<div class=\"elementor-column-wrap elementor-element-populated\">\n\t\t\t\t\t\t\t<div class=\"elementor-widget-wrap\">\n\t\t\t\t\t\t<div class=\"elementor-element elementor-element-8ca63e4 elementor-align-center elementor-widget elementor-widget-button\" data-id=\"8ca63e4\" data-element_type=\"widget\" data-widget_type=\"button.default\">\n\t\t\t\t<div class=\"elementor-widget-container\">\n\t\t\t\t\t<div class=\"elementor-button-wrapper\">\n\t\t\t<a href=\"https:\/\/drewmax.net.pl\/wp-content\/uploads\/2025\/03\/Urzadzenia-sluzace-do-napelniania-workow-typu-Big-Bag_front_UA.pdf\" target=\"_blank\" class=\"elementor-button-link elementor-button elementor-size-lg\" role=\"button\">\n\t\t\t\t\t\t<span class=\"elementor-button-content-wrapper\">\n\t\t\t\t\t\t<span class=\"elementor-button-icon elementor-align-icon-left\">\n\t\t\t\t<i aria-hidden=\"true\" class=\"fas fa-file-download\"><\/i>\t\t\t<\/span>\n\t\t\t\t\t\t<span class=\"elementor-button-text\">\u0417\u0430\u0432\u0430\u043d\u0442\u0430\u0436\u0438\u0442\u0438 \u043a\u0430\u0440\u0442\u043a\u0443 \u043f\u0440\u043e\u0434\u0443\u043a\u0442\u0443<\/span>\n\t\t<\/span>\n\t\t\t\t\t<\/a>\n\t\t<\/div>\n\t\t\t\t<\/div>\n\t\t\t\t<\/div>\n\t\t\t\t<div class=\"elementor-element elementor-element-681a2b0 elementor-widget elementor-widget-spacer\" data-id=\"681a2b0\" data-element_type=\"widget\" data-widget_type=\"spacer.default\">\n\t\t\t\t<div class=\"elementor-widget-container\">\n\t\t\t\t\t<div class=\"elementor-spacer\">\n\t\t\t<div class=\"elementor-spacer-inner\"><\/div>\n\t\t<\/div>\n\t\t\t\t<\/div>\n\t\t\t\t<\/div>\n\t\t\t\t\t\t<\/div>\n\t\t\t\t\t<\/div>\n\t\t<\/div>\n\t\t\t\t\t\t\t\t<\/div>\n\t\t\t\t\t<\/div>\n\t\t<\/section>\n\t\t\t\t\t\t<\/div>\n\t\t\t\t\t\t<\/div>\n\t\t\t\t\t<\/div>\n\t\t","protected":false},"excerpt":{"rendered":"<p>\u041f\u0440\u0438\u0441\u0442\u0440\u0456\u0439 \u0434\u043b\u044f \u043d\u0430\u043f\u043e\u0432\u043d\u0435\u043d\u043d\u044f \u043e\u0434\u043d\u043e\u0441\u0442\u0440\u043e\u043f\u043d\u0438\u0445 \u043c\u0456\u0448\u043a\u0456\u0432 Big-Bag \u0423 \u043f\u0440\u043e\u043f\u043e\u0437\u0438\u0446\u0456\u0457 \u043a\u043e\u043c\u043f\u0430\u043d\u0456\u0457 Drewmax \u0442\u0430\u043a\u043e\u0436 \u0454 \u043f\u0440\u0438\u0441\u0442\u0440\u0456\u0439 \u0434\u043b\u044f \u043d\u0430\u043f\u043e\u0432\u043d\u0435\u043d\u043d\u044f \u043e\u0434\u043d\u043e\u0441\u0442\u0440\u043e\u043f\u043d\u0438\u0445 \u043c\u0456\u0448\u043a\u0456\u0432 Big-Bag \u0432\u0430\u0433\u043e\u044e \u0432\u0456\u0434 100 \u0434\u043e 1500 \u043a\u0433. \u041e\u0434\u043d\u043e\u0441\u0442\u0440\u043e\u043f\u043d\u0456 \u043c\u0456\u0448\u043a\u0438 \u043d\u0430\u043f\u043e\u0432\u043d\u044e\u044e\u0442\u044c\u0441\u044f \u0437\u0430 \u0434\u043e\u043f\u043e\u043c\u043e\u0433\u043e\u044e \u0441\u043f\u0435\u0446\u0456\u0430\u043b\u044c\u043d\u043e \u043f\u0456\u0434\u0456\u0431\u0440\u0430\u043d\u0438\u0445 \u0434\u043e\u0437\u0430\u0442\u043e\u0440\u0456\u0432 \u0456 \u0432\u0430\u0433\u0438 \u043d\u0435\u0442\u0442\u043e, \u0440\u043e\u0437\u0442\u0430\u0448\u043e\u0432\u0430\u043d\u043e\u0457 \u043d\u0430\u0434 \u043c\u0456\u0441\u0446\u0435\u043c \u043d\u0430\u043f\u043e\u0432\u043d\u0435\u043d\u043d\u044f. \u041b\u0456\u043d\u0456\u044f \u043d\u0430\u043f\u043e\u0432\u043d\u0435\u043d\u043d\u044f \u0432 \u043f\u043e\u0454\u0434\u043d\u0430\u043d\u043d\u0456 \u0437 \u0432\u0430\u0433\u043e\u044e \u043d\u0435\u0442\u0442\u043e \u0454 \u043d\u0430\u043f\u0456\u0432\u0430\u0432\u0442\u043e\u043c\u0430\u0442\u0438\u0447\u043d\u0438\u043c \u043f\u0430\u043a\u0443\u0432\u0430\u043b\u044c\u043d\u0438\u043c \u043f\u0440\u0438\u0441\u0442\u0440\u043e\u0454\u043c \u0434\u043b\u044f \u0441\u0438\u043f\u0443\u0447\u0438\u0445, \u0433\u0440\u0430\u043d\u0443\u043b\u044c\u043e\u0432\u0430\u043d\u0438\u0445 \u0456 \u043f\u043e\u0440\u043e\u0448\u043a\u043e\u0432\u0438\u0445&hellip;<\/p>\n","protected":false},"author":1,"featured_media":12245,"parent":0,"menu_order":0,"comment_status":"closed","ping_status":"closed","template":"","meta":[],"yoast_head":"<!-- This site is optimized with the Yoast SEO Premium plugin v15.5 - https:\/\/yoast.com\/wordpress\/plugins\/seo\/ -->\n<title>Wa\u017cenie Pakowanie Paletyzacja Automatyka przemys\u0142owa linie Bigbag<\/title>\n<meta name=\"description\" content=\"Wa\u017cenie Pakowanie Paletyzacja Automatyka przemys\u0142owa linie wa\u017c\u0105co - pakuj\u0105ce zbiorniki technologiczne mikrodozowanie linie PP PE Bigbag\" \/>\n<meta name=\"robots\" content=\"index, follow, max-snippet:-1, max-image-preview:large, max-video-preview:-1\" \/>\n<link rel=\"canonical\" href=\"https:\/\/drewmax.net.pl\/urzadzenie-sluzace-do-napelniania-workow-typu-big-bag-jednozaczepowych\/\" \/>\n<meta property=\"og:locale\" content=\"uk_UA\" \/>\n<meta property=\"og:type\" content=\"article\" \/>\n<meta property=\"og:title\" content=\"Wa\u017cenie Pakowanie Paletyzacja Automatyka przemys\u0142owa linie Bigbag\" \/>\n<meta property=\"og:description\" content=\"Wa\u017cenie Pakowanie Paletyzacja Automatyka przemys\u0142owa linie wa\u017c\u0105co - pakuj\u0105ce zbiorniki technologiczne mikrodozowanie linie PP PE Bigbag\" \/>\n<meta property=\"og:url\" content=\"https:\/\/drewmax.net.pl\/urzadzenie-sluzace-do-napelniania-workow-typu-big-bag-jednozaczepowych\/\" \/>\n<meta property=\"og:site_name\" content=\"(Polski) Drewmax - Wa\u017cenie | Pakowanie | Paletyzacja | Automatyka\" \/>\n<meta property=\"article:publisher\" content=\"https:\/\/www.facebook.com\/Drewmax-111641623604429\/\" \/>\n<meta property=\"article:modified_time\" content=\"2025-04-03T12:39:43+00:00\" \/>\n<meta name=\"twitter:card\" content=\"summary_large_image\" \/>\n<meta name=\"twitter:label1\" content=\"\u041f\u0440\u0438\u0431\u043b. \u0447\u0430\u0441 \u0447\u0438\u0442\u0430\u043d\u043d\u044f\">\n\t<meta name=\"twitter:data1\" content=\"7 \u0445\u0432\u0438\u043b\u0438\u043d\">\n<script type=\"application\/ld+json\" class=\"yoast-schema-graph\">{\"@context\":\"https:\/\/schema.org\",\"@graph\":[{\"@type\":\"Organization\",\"@id\":\"https:\/\/drewmax.net.pl\/en\/#organization\",\"name\":\"DREWMAX Sp\\u00f3\\u0142ka z o.o.\",\"url\":\"https:\/\/drewmax.net.pl\/en\/\",\"sameAs\":[\"https:\/\/www.facebook.com\/Drewmax-111641623604429\/\",\"https:\/\/www.instagram.com\/drewmax.net.pl\/\",\"https:\/\/www.youtube.com\/channel\/UCCS8U5F8gSyJAlSWjxgbLRQ\"],\"logo\":{\"@type\":\"ImageObject\",\"@id\":\"https:\/\/drewmax.net.pl\/en\/#logo\",\"inLanguage\":\"uk\",\"url\":\"\",\"caption\":\"DREWMAX Sp\\u00f3\\u0142ka z o.o.\"},\"image\":{\"@id\":\"https:\/\/drewmax.net.pl\/en\/#logo\"}},{\"@type\":\"WebSite\",\"@id\":\"https:\/\/drewmax.net.pl\/en\/#website\",\"url\":\"https:\/\/drewmax.net.pl\/en\/\",\"name\":\"(Polski) Drewmax - Wa\\u017cenie | Pakowanie | Paletyzacja | Automatyka\",\"description\":\"\",\"publisher\":{\"@id\":\"https:\/\/drewmax.net.pl\/en\/#organization\"},\"potentialAction\":[{\"@type\":\"SearchAction\",\"target\":\"https:\/\/drewmax.net.pl\/en\/?s={search_term_string}\",\"query-input\":\"required name=search_term_string\"}],\"inLanguage\":\"uk\"},{\"@type\":\"ImageObject\",\"@id\":\"https:\/\/drewmax.net.pl\/urzadzenie-sluzace-do-napelniania-workow-typu-big-bag-jednozaczepowych\/#primaryimage\",\"inLanguage\":\"uk\",\"url\":\"\"},{\"@type\":\"WebPage\",\"@id\":\"https:\/\/drewmax.net.pl\/urzadzenie-sluzace-do-napelniania-workow-typu-big-bag-jednozaczepowych\/#webpage\",\"url\":\"https:\/\/drewmax.net.pl\/urzadzenie-sluzace-do-napelniania-workow-typu-big-bag-jednozaczepowych\/\",\"name\":\"Wa\\u017cenie Pakowanie Paletyzacja Automatyka przemys\\u0142owa linie Bigbag\",\"isPartOf\":{\"@id\":\"https:\/\/drewmax.net.pl\/en\/#website\"},\"primaryImageOfPage\":{\"@id\":\"https:\/\/drewmax.net.pl\/urzadzenie-sluzace-do-napelniania-workow-typu-big-bag-jednozaczepowych\/#primaryimage\"},\"datePublished\":\"2016-07-21T11:28:31+00:00\",\"dateModified\":\"2025-04-03T12:39:43+00:00\",\"description\":\"Wa\\u017cenie Pakowanie Paletyzacja Automatyka przemys\\u0142owa linie wa\\u017c\\u0105co - pakuj\\u0105ce zbiorniki technologiczne mikrodozowanie linie PP PE Bigbag\",\"breadcrumb\":{\"@id\":\"https:\/\/drewmax.net.pl\/urzadzenie-sluzace-do-napelniania-workow-typu-big-bag-jednozaczepowych\/#breadcrumb\"},\"inLanguage\":\"uk\",\"potentialAction\":[{\"@type\":\"ReadAction\",\"target\":[\"https:\/\/drewmax.net.pl\/urzadzenie-sluzace-do-napelniania-workow-typu-big-bag-jednozaczepowych\/\"]}]},{\"@type\":\"BreadcrumbList\",\"@id\":\"https:\/\/drewmax.net.pl\/urzadzenie-sluzace-do-napelniania-workow-typu-big-bag-jednozaczepowych\/#breadcrumb\",\"itemListElement\":[{\"@type\":\"ListItem\",\"position\":1,\"item\":{\"@type\":\"WebPage\",\"@id\":\"https:\/\/drewmax.net.pl\/\",\"url\":\"https:\/\/drewmax.net.pl\/\",\"name\":\"Home\"}},{\"@type\":\"ListItem\",\"position\":2,\"item\":{\"@type\":\"WebPage\",\"@id\":\"https:\/\/drewmax.net.pl\/urzadzenie-sluzace-do-napelniania-workow-typu-big-bag-jednozaczepowych\/\",\"url\":\"https:\/\/drewmax.net.pl\/urzadzenie-sluzace-do-napelniania-workow-typu-big-bag-jednozaczepowych\/\",\"name\":\"Urz\\u0105dzenie s\\u0142u\\u017c\\u0105ce do nape\\u0142niania work\\u00f3w typu Big-Bag \\u2013 jednozaczepowych\"}}]}]}<\/script>\n<!-- \/ Yoast SEO Premium plugin. -->","_links":{"self":[{"href":"https:\/\/drewmax.net.pl\/ua\/wp-json\/wp\/v2\/pages\/166"}],"collection":[{"href":"https:\/\/drewmax.net.pl\/ua\/wp-json\/wp\/v2\/pages"}],"about":[{"href":"https:\/\/drewmax.net.pl\/ua\/wp-json\/wp\/v2\/types\/page"}],"author":[{"embeddable":true,"href":"https:\/\/drewmax.net.pl\/ua\/wp-json\/wp\/v2\/users\/1"}],"replies":[{"embeddable":true,"href":"https:\/\/drewmax.net.pl\/ua\/wp-json\/wp\/v2\/comments?post=166"}],"version-history":[{"count":70,"href":"https:\/\/drewmax.net.pl\/ua\/wp-json\/wp\/v2\/pages\/166\/revisions"}],"predecessor-version":[{"id":32025,"href":"https:\/\/drewmax.net.pl\/ua\/wp-json\/wp\/v2\/pages\/166\/revisions\/32025"}],"wp:featuredmedia":[{"embeddable":true,"href":"https:\/\/drewmax.net.pl\/ua\/wp-json\/wp\/v2\/media\/12245"}],"wp:attachment":[{"href":"https:\/\/drewmax.net.pl\/ua\/wp-json\/wp\/v2\/media?parent=166"}],"curies":[{"name":"wp","href":"https:\/\/api.w.org\/{rel}","templated":true}]}}