{"id":163,"date":"2016-07-21T13:24:05","date_gmt":"2016-07-21T11:24:05","guid":{"rendered":"http:\/\/drewmax.net.pl\/?page_id=163"},"modified":"2025-04-04T08:03:17","modified_gmt":"2025-04-04T06:03:17","slug":"systemy-magazynowania","status":"publish","type":"page","link":"https:\/\/drewmax.net.pl\/ua\/systemy-magazynowania\/","title":{"rendered":"Systemy magazynowania"},"content":{"rendered":"\t\t<div data-elementor-type=\"wp-post\" data-elementor-id=\"163\" class=\"elementor elementor-163\" data-elementor-settings=\"[]\">\n\t\t\t\t\t\t<div class=\"elementor-inner\">\n\t\t\t\t\t\t\t<div class=\"elementor-section-wrap\">\n\t\t\t\t\t\t\t<section class=\"elementor-section elementor-top-section elementor-element elementor-element-75dfc5a elementor-section-boxed elementor-section-height-default elementor-section-height-default\" data-id=\"75dfc5a\" data-element_type=\"section\" data-settings=\"{&quot;background_background&quot;:&quot;classic&quot;}\">\n\t\t\t\t\t\t<div class=\"elementor-container elementor-column-gap-default\">\n\t\t\t\t\t\t\t<div class=\"elementor-row\">\n\t\t\t\t\t<div class=\"elementor-column elementor-col-100 elementor-top-column elementor-element elementor-element-00c6003\" data-id=\"00c6003\" data-element_type=\"column\">\n\t\t\t<div class=\"elementor-column-wrap elementor-element-populated\">\n\t\t\t\t\t\t\t<div class=\"elementor-widget-wrap\">\n\t\t\t\t\t\t<div class=\"elementor-element elementor-element-050cfee elementor-widget elementor-widget-heading\" data-id=\"050cfee\" data-element_type=\"widget\" data-widget_type=\"heading.default\">\n\t\t\t\t<div class=\"elementor-widget-container\">\n\t\t\t<h2 class=\"elementor-heading-title elementor-size-xl\">\u0421\u0438\u0441\u0442\u0435\u043c\u0438 \u0437\u0431\u0435\u0440\u0456\u0433\u0430\u043d\u043d\u044f\n<\/h2>\t\t<\/div>\n\t\t\t\t<\/div>\n\t\t\t\t\t\t<\/div>\n\t\t\t\t\t<\/div>\n\t\t<\/div>\n\t\t\t\t\t\t\t\t<\/div>\n\t\t\t\t\t<\/div>\n\t\t<\/section>\n\t\t\t\t<section class=\"elementor-section elementor-top-section elementor-element elementor-element-6dde elementor-section-boxed elementor-section-height-default elementor-section-height-default\" data-id=\"6dde\" data-element_type=\"section\" data-settings=\"{&quot;background_background&quot;:&quot;classic&quot;}\">\n\t\t\t\t\t\t<div class=\"elementor-container elementor-column-gap-default\">\n\t\t\t\t\t\t\t<div class=\"elementor-row\">\n\t\t\t\t\t<div class=\"elementor-column elementor-col-100 elementor-top-column elementor-element elementor-element-1bbf\" data-id=\"1bbf\" data-element_type=\"column\">\n\t\t\t<div class=\"elementor-column-wrap elementor-element-populated\">\n\t\t\t\t\t\t\t<div class=\"elementor-widget-wrap\">\n\t\t\t\t\t\t<div class=\"elementor-element elementor-element-328c elementor-widget elementor-widget-text-editor\" data-id=\"328c\" data-element_type=\"widget\" data-widget_type=\"text-editor.default\">\n\t\t\t\t<div class=\"elementor-widget-container\">\n\t\t\t\t\t\t\t\t<div class=\"elementor-text-editor elementor-clearfix\">\n\t\t\t\t<p><\/p><p data-start=\"4766\" data-end=\"5010\">\u041e\u0434\u0438\u043d \u0437 \u043f\u0440\u043e\u0434\u0443\u043a\u0442\u0456\u0432 \u043a\u043e\u043c\u043f\u0430\u043d\u0456\u0457 Drewmax \u2014 \u0446\u0435 \u0441\u0438\u0441\u0442\u0435\u043c\u0438 \u0437\u0431\u0435\u0440\u0456\u0433\u0430\u043d\u043d\u044f. \u0421\u0435\u0440\u0435\u0434 \u0435\u043b\u0435\u043c\u0435\u043d\u0442\u0456\u0432 \u0441\u0438\u0441\u0442\u0435\u043c\u0438 \u043c\u043e\u0436\u043d\u0430 \u0432\u0438\u0434\u0456\u043b\u0438\u0442\u0438 \u0440\u0443\u0447\u043d\u0456 \u0442\u0430 \u0430\u0432\u0442\u043e\u043c\u0430\u0442\u0438\u0447\u043d\u0456 \u0441\u0442\u0435\u043b\u0430\u0436\u0456. \u0417\u0430\u043b\u0435\u0436\u043d\u043e \u0432\u0456\u0434 \u0433\u0430\u043b\u0443\u0437\u0456 \u0441\u0442\u0435\u043b\u0430\u0436\u0456 \u043c\u043e\u0436\u0443\u0442\u044c \u0431\u0443\u0442\u0438 \u0430\u0434\u0430\u043f\u0442\u043e\u0432\u0430\u043d\u0456 \u0434\u043e \u0432\u0456\u0434\u043f\u043e\u0432\u0456\u0434\u043d\u0438\u0445 \u043a\u043e\u043d\u0442\u0435\u0439\u043d\u0435\u0440\u0456\u0432 \u0430\u0431\u043e \u043b\u043e\u0442\u043a\u0456\u0432.<\/p><p data-start=\"5012\" data-end=\"5458\"><strong>\u0420\u0443\u0447\u043d\u0456 \u0441\u0442\u0435\u043b\u0430\u0436\u0456<\/strong> \u2013 \u0412\u0438\u0433\u043e\u0442\u043e\u0432\u043b\u0435\u043d\u0456 \u043d\u0430\u043c\u0438 \u0440\u0443\u0447\u043d\u0456 \u0441\u0442\u0435\u043b\u0430\u0436\u0456 \u0432 \u043e\u0441\u043d\u043e\u0432\u043d\u043e\u043c\u0443 \u0437\u0430\u0441\u0442\u043e\u0441\u043e\u0432\u0443\u044e\u0442\u044c\u0441\u044f \u0432 \u0445\u0430\u0440\u0447\u043e\u0432\u0456\u0439 \u043f\u0440\u043e\u043c\u0438\u0441\u043b\u043e\u0432\u043e\u0441\u0442\u0456. \u0412\u0435\u043b\u0438\u043a\u0430 \u043a\u0456\u043b\u044c\u043a\u0456\u0441\u0442\u044c \u044f\u0449\u0438\u043a\u0456\u0432 \u0434\u043b\u044f \u043a\u043e\u043d\u0442\u0435\u0439\u043d\u0435\u0440\u0456\u0432 \u0440\u0456\u0437\u043d\u0438\u0445 \u0442\u0438\u043f\u0456\u0432 \u0434\u043e\u0437\u0432\u043e\u043b\u044f\u0454 \u0437\u0431\u0435\u0440\u0456\u0433\u0430\u0442\u0438 \u0431\u0430\u0433\u0430\u0442\u043e \u0456\u043d\u0433\u0440\u0435\u0434\u0456\u0454\u043d\u0442\u0456\u0432. \u041a\u0440\u0456\u043c \u0442\u043e\u0433\u043e, \u0454 \u043c\u043e\u0436\u043b\u0438\u0432\u0456\u0441\u0442\u044c \u0432\u0441\u0442\u0430\u043d\u043e\u0432\u043b\u0435\u043d\u043d\u044f \u0440\u0443\u0445\u043e\u043c\u043e\u0457 \u043f\u043b\u0430\u0442\u0444\u043e\u0440\u043c\u0438, \u0440\u043e\u0437\u0442\u0430\u0448\u043e\u0432\u0430\u043d\u043e\u0457 \u043d\u0430 \u0441\u043f\u0435\u0446\u0456\u0430\u043b\u044c\u043d\u0438\u0445 \u0440\u0435\u0439\u043a\u0430\u0445 \u043c\u0456\u0436 \u0441\u0442\u0435\u043b\u0430\u0436\u0430\u043c\u0438. \u0426\u0435 \u0440\u0456\u0448\u0435\u043d\u043d\u044f \u0434\u043e\u0437\u0432\u043e\u043b\u044f\u0454 \u0440\u043e\u0437\u043c\u0456\u0441\u0442\u0438\u0442\u0438 \u043b\u0435\u0433\u043a\u0443 \u043f\u043b\u0430\u0442\u0444\u043e\u0440\u043c\u0443, \u043d\u0430 \u044f\u043a\u0456\u0439 \u043f\u0435\u0440\u0441\u043e\u043d\u0430\u043b, \u0437\u0433\u0456\u0434\u043d\u043e \u0437 \u0440\u0435\u0446\u0435\u043f\u0442\u043e\u043c \u043d\u0430 \u0435\u043a\u0440\u0430\u043d\u0456, \u043c\u043e\u0436\u0435 \u0437\u0432\u0430\u0436\u0443\u0432\u0430\u0442\u0438 \u0456\u043d\u0433\u0440\u0435\u0434\u0456\u0454\u043d\u0442\u0438, \u0449\u043e \u0437\u043d\u0430\u0445\u043e\u0434\u044f\u0442\u044c\u0441\u044f \u0432 \u043b\u043e\u0442\u043a\u0430\u0445.<\/p><p data-start=\"5460\" data-end=\"5636\">\u041e\u043f\u0446\u0456\u0439\u043d\u043e \u0441\u0442\u0435\u043b\u0430\u0436\u0456 \u043c\u043e\u0436\u0443\u0442\u044c \u0431\u0443\u0442\u0438 \u043e\u0441\u043d\u0430\u0449\u0435\u043d\u0456 \u043a\u0440\u0438\u0448\u043a\u0430\u043c\u0438 \u0437 \u043d\u0435\u0440\u0436\u0430\u0432\u0456\u044e\u0447\u043e\u0457 \u0441\u0442\u0430\u043b\u0456, \u044f\u043a\u0456 \u0437\u0430\u043f\u043e\u0431\u0456\u0433\u0430\u044e\u0442\u044c \u043f\u043e\u0442\u0440\u0430\u043f\u043b\u044f\u043d\u043d\u044e \u0437\u0430\u0431\u0440\u0443\u0434\u043d\u0435\u043d\u044c \u0443 \u043a\u043e\u043d\u0442\u0435\u0439\u043d\u0435\u0440\u0438. \u0426\u0435 \u0440\u0456\u0448\u0435\u043d\u043d\u044f \u0437\u043d\u0430\u0447\u043d\u043e \u0432\u043f\u043b\u0438\u0432\u0430\u0454 \u043d\u0430 \u044f\u043a\u0456\u0441\u0442\u044c \u0437\u0431\u0435\u0440\u0456\u0433\u0430\u043d\u043d\u044f \u0441\u0438\u0440\u043e\u0432\u0438\u043d\u0438.<\/p><p data-start=\"5638\" data-end=\"5877\">\u0421\u0438\u0441\u0442\u0435\u043c\u0430 \u043a\u043e\u043d\u0442\u0440\u043e\u043b\u044e, \u044f\u043a\u0430 \u043c\u0456\u0441\u0442\u0438\u0442\u044c \u0431\u0430\u0437\u0443 \u043f\u0440\u043e\u0434\u0443\u043a\u0442\u0456\u0432, \u0430\u0432\u0442\u043e\u043c\u0430\u0442\u0438\u0447\u043d\u043e \u0440\u0430\u0445\u0443\u0454 \u0432\u0438\u0442\u0440\u0430\u0447\u0435\u043d\u0438\u0439 \u0432\u043c\u0456\u0441\u0442 \u0437 \u043a\u043e\u043d\u0442\u0435\u0439\u043d\u0435\u0440\u0430 \u0456 \u0432\u0456\u0434\u043e\u0431\u0440\u0430\u0436\u0430\u0454 \u043f\u043e\u0442\u043e\u0447\u043d\u0443 \u043a\u0456\u043b\u044c\u043a\u0456\u0441\u0442\u044c \u043f\u0440\u043e\u0434\u0443\u043a\u0442\u0443 \u0432 \u043b\u043e\u0442\u043a\u0443. \u0412\u0438\u043a\u043e\u0440\u0438\u0441\u0442\u0430\u043d\u043d\u044f \u0448\u0442\u0440\u0438\u0445-\u043a\u043e\u0434\u0456\u0432 \u0434\u043e\u0434\u0430\u0442\u043a\u043e\u0432\u043e \u0434\u043e\u043f\u043e\u043c\u0430\u0433\u0430\u0454 \u043e\u043f\u0435\u0440\u0430\u0442\u043e\u0440\u0443 \u043f\u0456\u0434\u0442\u0432\u0435\u0440\u0434\u0438\u0442\u0438 \u043f\u0440\u0430\u0432\u0438\u043b\u044c\u043d\u0456\u0441\u0442\u044c \u0432\u0438\u0431\u043e\u0440\u0443 \u0441\u0438\u0440\u043e\u0432\u0438\u043d\u0438.<\/p><p data-start=\"5879\" data-end=\"6512\"><strong>\u0410\u0432\u0442\u043e\u043c\u0430\u0442\u0438\u0447\u043d\u0456 \u0441\u0442\u0435\u043b\u0430\u0436\u0456<\/strong> \u2013 \u041e\u0431\u0435\u0440\u0442\u0430\u043b\u044c\u043d\u0438\u0439 \u0441\u0442\u0435\u043b\u0430\u0436 \u0454 \u0441\u0443\u0447\u0430\u0441\u043d\u0438\u043c \u043f\u0440\u0438\u0441\u0442\u0440\u043e\u0454\u043c \u0434\u043b\u044f \u0437\u0431\u0435\u0440\u0456\u0433\u0430\u043d\u043d\u044f \u043f\u0440\u043e\u0434\u0443\u043a\u0446\u0456\u0457 \u0437 \u043e\u043f\u0442\u0438\u043c\u0430\u043b\u044c\u043d\u0438\u043c \u0432\u0438\u043a\u043e\u0440\u0438\u0441\u0442\u0430\u043d\u043d\u044f\u043c \u0441\u043a\u043b\u0430\u0434\u0441\u044c\u043a\u0438\u0445 \u043f\u043b\u043e\u0449. \u041f\u043e\u043b\u0438\u0447\u043a\u0438 \u0441\u0442\u0435\u043b\u0430\u0436\u0430 \u0440\u0443\u0445\u0430\u044e\u0442\u044c\u0441\u044f \u0432\u0433\u043e\u0440\u0443 \u0447\u0438 \u0432\u043d\u0438\u0437 \u043f\u043e \u0437\u0430\u043c\u043a\u043d\u0443\u0442\u043e\u043c\u0443 \u043a\u043e\u043b\u0443. \u0414\u043e\u0441\u0442\u0443\u043f \u0434\u043e \u043e\u0431\u0440\u0430\u043d\u043e\u0433\u043e \u043a\u043e\u043d\u0442\u0435\u0439\u043d\u0435\u0440\u0430 \u0437\u0434\u0456\u0439\u0441\u043d\u044e\u0454\u0442\u044c\u0441\u044f \u043b\u0438\u0448\u0435 \u0437 \u043e\u0434\u043d\u043e\u0433\u043e \u0431\u043e\u043a\u0443 \u0441\u0442\u0435\u043b\u0430\u0436\u0430 \u043d\u0430 \u0432\u0438\u0437\u043d\u0430\u0447\u0435\u043d\u043e\u043c\u0443 \u0440\u0456\u0432\u043d\u0456 \u043f\u0456\u0441\u043b\u044f \u0432\u0456\u0434\u043a\u0440\u0438\u0442\u0442\u044f \u0434\u043e\u0441\u0442\u0443\u043f\u043d\u043e\u0457 \u043a\u0440\u0438\u0448\u043a\u0438. \u0421\u0438\u0441\u0442\u0435\u043c\u0430 \u0443\u043f\u0440\u0430\u0432\u043b\u0456\u043d\u043d\u044f \u0441\u0442\u0435\u043b\u0430\u0436\u0435\u043c \u0437\u0447\u0438\u0442\u0443\u0454 \u043d\u043e\u043c\u0435\u0440 \u043a\u043e\u043d\u0442\u0435\u0439\u043d\u0435\u0440\u0430, \u0434\u043e \u044f\u043a\u043e\u0433\u043e \u043f\u043e\u0442\u0440\u0456\u0431\u0435\u043d \u0434\u043e\u0441\u0442\u0443\u043f, \u0456 \u0430\u043a\u0442\u0438\u0432\u0443\u0454 \u043f\u0440\u0438\u0432\u0456\u0434 \u0440\u0443\u0445\u043e\u043c\u0438\u0445 \u043f\u043e\u043b\u0438\u0447\u043e\u043a \u0442\u0430\u043a, \u0449\u043e\u0431 \u043f\u043e\u0442\u0440\u0456\u0431\u043d\u0438\u0439 \u043a\u043e\u043d\u0442\u0435\u0439\u043d\u0435\u0440 \u043e\u043f\u0438\u043d\u0438\u0432\u0441\u044f \u0431\u0456\u043b\u044f \u043a\u0440\u0438\u0448\u043a\u0438 \u0434\u043e\u0441\u0442\u0443\u043f\u0443. \u0414\u043b\u044f \u0431\u0435\u0437\u043f\u0435\u043a\u0438 \u0432\u0435\u0441\u044c \u043e\u0431\u0435\u0440\u0442\u0430\u043b\u044c\u043d\u0438\u0439 \u0441\u0442\u0435\u043b\u0430\u0436 \u0437\u0430\u0445\u0438\u0449\u0435\u043d\u0438\u0439 \u0435\u043a\u0440\u0430\u043d\u0430\u043c\u0438, \u0430 \u0432\u0456\u0434\u043a\u0440\u0438\u0442\u0442\u044f \u043a\u0440\u0438\u0448\u043a\u0438 \u0434\u043e\u0441\u0442\u0443\u043f\u0443 \u043c\u043e\u0436\u043b\u0438\u0432\u0435 \u0442\u0456\u043b\u044c\u043a\u0438 \u043f\u0440\u0438 \u0437\u0443\u043f\u0438\u043d\u0435\u043d\u043e\u043c\u0443 \u0456 \u0437\u0430\u0431\u043b\u043e\u043a\u043e\u0432\u0430\u043d\u043e\u043c\u0443 \u043f\u0440\u0438\u0432\u043e\u0434\u0456 \u043f\u043e\u043b\u0438\u0447\u043e\u043a.<\/p><p data-start=\"6514\" data-end=\"6666\">\u0410\u0432\u0442\u043e\u043c\u0430\u0442\u0438\u0447\u043d\u0438\u0439 \u0441\u0442\u0435\u043b\u0430\u0436 \u0443 \u0441\u0442\u0430\u043d\u0434\u0430\u0440\u0442\u043d\u0456\u0439 \u043a\u043e\u043c\u043f\u043b\u0435\u043a\u0442\u0430\u0446\u0456\u0457 \u043c\u0430\u0454 20 \u043f\u043e\u043b\u0438\u0447\u043e\u043a, \u043a\u043e\u0436\u043d\u0430 \u0437 \u044f\u043a\u0438\u0445 \u043f\u043e\u0434\u0456\u043b\u0435\u043d\u0430 \u043d\u0430 \u0447\u043e\u0442\u0438\u0440\u0438 \u0432\u0456\u0434\u0434\u0456\u043b\u0435\u043d\u043d\u044f \u0434\u043b\u044f \u0440\u043e\u0437\u043c\u0456\u0449\u0435\u043d\u043d\u044f \u0442\u0438\u043f\u043e\u0432\u0438\u0445 \u0441\u043a\u043b\u0430\u0434\u0441\u044c\u043a\u0438\u0445 \u043a\u043e\u043d\u0442\u0435\u0439\u043d\u0435\u0440\u0456\u0432.<\/p><p data-start=\"6668\" data-end=\"6721\">\u041e\u0431\u0435\u0440\u0442\u0430\u043b\u044c\u043d\u0438\u0439 \u0441\u0442\u0435\u043b\u0430\u0436 \u0456\u0434\u0435\u0430\u043b\u044c\u043d\u043e \u043f\u0456\u0434\u0445\u043e\u0434\u0438\u0442\u044c \u0434\u043b\u044f \u0437\u0431\u0435\u0440\u0456\u0433\u0430\u043d\u043d\u044f:<\/p><ul data-start=\"6722\" data-end=\"6789\"><li data-start=\"6722\" data-end=\"6740\">\u0421\u0438\u043f\u043a\u0438\u0445 \u043f\u0440\u043e\u0434\u0443\u043a\u0442\u0456\u0432<\/li><li data-start=\"6741\" data-end=\"6753\">\u0414\u043e\u043a\u0443\u043c\u0435\u043d\u0442\u0456\u0432<\/li><li data-start=\"6754\" data-end=\"6764\">\u041a\u0430\u0440\u0442\u043e\u043d\u0456\u0432<\/li><li data-start=\"6765\" data-end=\"6779\">\u0406\u043d\u0441\u0442\u0440\u0443\u043c\u0435\u043d\u0442\u0456\u0432<\/li><li data-start=\"6780\" data-end=\"6789\">\u0414\u0435\u0442\u0430\u043b\u0435\u0439<\/li><\/ul><p data-start=\"6791\" data-end=\"7077\"><\/p>\t\t\t\t\t<\/div>\n\t\t\t\t\t\t<\/div>\n\t\t\t\t<\/div>\n\t\t\t\t<div class=\"elementor-element elementor-element-b71ce3b elementor-align-center elementor-widget elementor-widget-button\" data-id=\"b71ce3b\" data-element_type=\"widget\" data-widget_type=\"button.default\">\n\t\t\t\t<div class=\"elementor-widget-container\">\n\t\t\t\t\t<div class=\"elementor-button-wrapper\">\n\t\t\t<a href=\"https:\/\/drewmax.net.pl\/wp-content\/uploads\/2025\/03\/Systemy-przechowywania_front_UA.pdf\" target=\"_blank\" class=\"elementor-button-link elementor-button elementor-size-lg\" role=\"button\">\n\t\t\t\t\t\t<span class=\"elementor-button-content-wrapper\">\n\t\t\t\t\t\t<span class=\"elementor-button-icon elementor-align-icon-right\">\n\t\t\t\t<i aria-hidden=\"true\" class=\"fas fa-download\"><\/i>\t\t\t<\/span>\n\t\t\t\t\t\t<span class=\"elementor-button-text\">   \u0417\u0430\u0432\u0430\u043d\u0442\u0430\u0436\u0438\u0442\u0438 \u043a\u0430\u0440\u0442\u043a\u0443 \u043f\u0440\u043e\u0434\u0443\u043a\u0442\u0443<\/span>\n\t\t<\/span>\n\t\t\t\t\t<\/a>\n\t\t<\/div>\n\t\t\t\t<\/div>\n\t\t\t\t<\/div>\n\t\t\t\t\t\t<\/div>\n\t\t\t\t\t<\/div>\n\t\t<\/div>\n\t\t\t\t\t\t\t\t<\/div>\n\t\t\t\t\t<\/div>\n\t\t<\/section>\n\t\t\t\t\t\t<\/div>\n\t\t\t\t\t\t<\/div>\n\t\t\t\t\t<\/div>\n\t\t","protected":false},"excerpt":{"rendered":"<p>\u0421\u0438\u0441\u0442\u0435\u043c\u0438 \u0437\u0431\u0435\u0440\u0456\u0433\u0430\u043d\u043d\u044f \u041e\u0434\u0438\u043d \u0437 \u043f\u0440\u043e\u0434\u0443\u043a\u0442\u0456\u0432 \u043a\u043e\u043c\u043f\u0430\u043d\u0456\u0457 Drewmax \u2014 \u0446\u0435 \u0441\u0438\u0441\u0442\u0435\u043c\u0438 \u0437\u0431\u0435\u0440\u0456\u0433\u0430\u043d\u043d\u044f. \u0421\u0435\u0440\u0435\u0434 \u0435\u043b\u0435\u043c\u0435\u043d\u0442\u0456\u0432 \u0441\u0438\u0441\u0442\u0435\u043c\u0438 \u043c\u043e\u0436\u043d\u0430 \u0432\u0438\u0434\u0456\u043b\u0438\u0442\u0438 \u0440\u0443\u0447\u043d\u0456 \u0442\u0430 \u0430\u0432\u0442\u043e\u043c\u0430\u0442\u0438\u0447\u043d\u0456 \u0441\u0442\u0435\u043b\u0430\u0436\u0456. \u0417\u0430\u043b\u0435\u0436\u043d\u043e \u0432\u0456\u0434 \u0433\u0430\u043b\u0443\u0437\u0456 \u0441\u0442\u0435\u043b\u0430\u0436\u0456 \u043c\u043e\u0436\u0443\u0442\u044c \u0431\u0443\u0442\u0438 \u0430\u0434\u0430\u043f\u0442\u043e\u0432\u0430\u043d\u0456 \u0434\u043e \u0432\u0456\u0434\u043f\u043e\u0432\u0456\u0434\u043d\u0438\u0445 \u043a\u043e\u043d\u0442\u0435\u0439\u043d\u0435\u0440\u0456\u0432 \u0430\u0431\u043e \u043b\u043e\u0442\u043a\u0456\u0432. \u0420\u0443\u0447\u043d\u0456 \u0441\u0442\u0435\u043b\u0430\u0436\u0456 \u2013 \u0412\u0438\u0433\u043e\u0442\u043e\u0432\u043b\u0435\u043d\u0456 \u043d\u0430\u043c\u0438 \u0440\u0443\u0447\u043d\u0456 \u0441\u0442\u0435\u043b\u0430\u0436\u0456 \u0432 \u043e\u0441\u043d\u043e\u0432\u043d\u043e\u043c\u0443 \u0437\u0430\u0441\u0442\u043e\u0441\u043e\u0432\u0443\u044e\u0442\u044c\u0441\u044f \u0432 \u0445\u0430\u0440\u0447\u043e\u0432\u0456\u0439 \u043f\u0440\u043e\u043c\u0438\u0441\u043b\u043e\u0432\u043e\u0441\u0442\u0456. \u0412\u0435\u043b\u0438\u043a\u0430 \u043a\u0456\u043b\u044c\u043a\u0456\u0441\u0442\u044c \u044f\u0449\u0438\u043a\u0456\u0432 \u0434\u043b\u044f \u043a\u043e\u043d\u0442\u0435\u0439\u043d\u0435\u0440\u0456\u0432 \u0440\u0456\u0437\u043d\u0438\u0445 \u0442\u0438\u043f\u0456\u0432 \u0434\u043e\u0437\u0432\u043e\u043b\u044f\u0454 \u0437\u0431\u0435\u0440\u0456\u0433\u0430\u0442\u0438 \u0431\u0430\u0433\u0430\u0442\u043e&hellip;<\/p>\n","protected":false},"author":1,"featured_media":0,"parent":0,"menu_order":0,"comment_status":"closed","ping_status":"closed","template":"","meta":[],"yoast_head":"<!-- This site is optimized with the Yoast SEO Premium plugin v15.5 - https:\/\/yoast.com\/wordpress\/plugins\/seo\/ -->\n<title>Wa\u017cenie Pakowanie Paletyzacja Automatyka przemys\u0142owa linie PP PE<\/title>\n<meta name=\"description\" content=\"Wa\u017cenie Pakowanie Paletyzacja Automatyka przemys\u0142owa linie wa\u017c\u0105co - pakuj\u0105ce zbiorniki technologiczne mikrodozowanie linie PP PE\" \/>\n<meta name=\"robots\" content=\"index, follow, max-snippet:-1, max-image-preview:large, max-video-preview:-1\" \/>\n<link rel=\"canonical\" href=\"https:\/\/drewmax.net.pl\/systemy-magazynowania\/\" \/>\n<meta property=\"og:locale\" content=\"uk_UA\" \/>\n<meta property=\"og:type\" content=\"article\" \/>\n<meta property=\"og:title\" content=\"Wa\u017cenie Pakowanie Paletyzacja Automatyka przemys\u0142owa linie PP PE\" \/>\n<meta property=\"og:description\" content=\"Wa\u017cenie Pakowanie Paletyzacja Automatyka przemys\u0142owa linie wa\u017c\u0105co - pakuj\u0105ce zbiorniki technologiczne mikrodozowanie linie PP PE\" \/>\n<meta property=\"og:url\" content=\"https:\/\/drewmax.net.pl\/systemy-magazynowania\/\" \/>\n<meta property=\"og:site_name\" content=\"(Polski) Drewmax - Wa\u017cenie | Pakowanie | Paletyzacja | Automatyka\" \/>\n<meta property=\"article:publisher\" content=\"https:\/\/www.facebook.com\/Drewmax-111641623604429\/\" \/>\n<meta property=\"article:modified_time\" content=\"2025-04-04T06:03:17+00:00\" \/>\n<meta name=\"twitter:card\" content=\"summary_large_image\" \/>\n<meta name=\"twitter:label1\" content=\"\u041f\u0440\u0438\u0431\u043b. \u0447\u0430\u0441 \u0447\u0438\u0442\u0430\u043d\u043d\u044f\">\n\t<meta name=\"twitter:data1\" content=\"11 \u0445\u0432\u0438\u043b\u0438\u043d\">\n<script type=\"application\/ld+json\" class=\"yoast-schema-graph\">{\"@context\":\"https:\/\/schema.org\",\"@graph\":[{\"@type\":\"Organization\",\"@id\":\"https:\/\/drewmax.net.pl\/en\/#organization\",\"name\":\"DREWMAX Sp\\u00f3\\u0142ka z o.o.\",\"url\":\"https:\/\/drewmax.net.pl\/en\/\",\"sameAs\":[\"https:\/\/www.facebook.com\/Drewmax-111641623604429\/\",\"https:\/\/www.instagram.com\/drewmax.net.pl\/\",\"https:\/\/www.youtube.com\/channel\/UCCS8U5F8gSyJAlSWjxgbLRQ\"],\"logo\":{\"@type\":\"ImageObject\",\"@id\":\"https:\/\/drewmax.net.pl\/en\/#logo\",\"inLanguage\":\"uk\",\"url\":\"\",\"caption\":\"DREWMAX Sp\\u00f3\\u0142ka z o.o.\"},\"image\":{\"@id\":\"https:\/\/drewmax.net.pl\/en\/#logo\"}},{\"@type\":\"WebSite\",\"@id\":\"https:\/\/drewmax.net.pl\/en\/#website\",\"url\":\"https:\/\/drewmax.net.pl\/en\/\",\"name\":\"(Polski) Drewmax - Wa\\u017cenie | Pakowanie | Paletyzacja | Automatyka\",\"description\":\"\",\"publisher\":{\"@id\":\"https:\/\/drewmax.net.pl\/en\/#organization\"},\"potentialAction\":[{\"@type\":\"SearchAction\",\"target\":\"https:\/\/drewmax.net.pl\/en\/?s={search_term_string}\",\"query-input\":\"required name=search_term_string\"}],\"inLanguage\":\"uk\"},{\"@type\":\"WebPage\",\"@id\":\"https:\/\/drewmax.net.pl\/systemy-magazynowania\/#webpage\",\"url\":\"https:\/\/drewmax.net.pl\/systemy-magazynowania\/\",\"name\":\"Wa\\u017cenie Pakowanie Paletyzacja Automatyka przemys\\u0142owa linie PP PE\",\"isPartOf\":{\"@id\":\"https:\/\/drewmax.net.pl\/en\/#website\"},\"datePublished\":\"2016-07-21T11:24:05+00:00\",\"dateModified\":\"2025-04-04T06:03:17+00:00\",\"description\":\"Wa\\u017cenie Pakowanie Paletyzacja Automatyka przemys\\u0142owa linie wa\\u017c\\u0105co - pakuj\\u0105ce zbiorniki technologiczne mikrodozowanie linie PP PE\",\"breadcrumb\":{\"@id\":\"https:\/\/drewmax.net.pl\/systemy-magazynowania\/#breadcrumb\"},\"inLanguage\":\"uk\",\"potentialAction\":[{\"@type\":\"ReadAction\",\"target\":[\"https:\/\/drewmax.net.pl\/systemy-magazynowania\/\"]}]},{\"@type\":\"BreadcrumbList\",\"@id\":\"https:\/\/drewmax.net.pl\/systemy-magazynowania\/#breadcrumb\",\"itemListElement\":[{\"@type\":\"ListItem\",\"position\":1,\"item\":{\"@type\":\"WebPage\",\"@id\":\"https:\/\/drewmax.net.pl\/\",\"url\":\"https:\/\/drewmax.net.pl\/\",\"name\":\"Home\"}},{\"@type\":\"ListItem\",\"position\":2,\"item\":{\"@type\":\"WebPage\",\"@id\":\"https:\/\/drewmax.net.pl\/systemy-magazynowania\/\",\"url\":\"https:\/\/drewmax.net.pl\/systemy-magazynowania\/\",\"name\":\"Systemy magazynowania\"}}]}]}<\/script>\n<!-- \/ Yoast SEO Premium plugin. -->","_links":{"self":[{"href":"https:\/\/drewmax.net.pl\/ua\/wp-json\/wp\/v2\/pages\/163"}],"collection":[{"href":"https:\/\/drewmax.net.pl\/ua\/wp-json\/wp\/v2\/pages"}],"about":[{"href":"https:\/\/drewmax.net.pl\/ua\/wp-json\/wp\/v2\/types\/page"}],"author":[{"embeddable":true,"href":"https:\/\/drewmax.net.pl\/ua\/wp-json\/wp\/v2\/users\/1"}],"replies":[{"embeddable":true,"href":"https:\/\/drewmax.net.pl\/ua\/wp-json\/wp\/v2\/comments?post=163"}],"version-history":[{"count":55,"href":"https:\/\/drewmax.net.pl\/ua\/wp-json\/wp\/v2\/pages\/163\/revisions"}],"predecessor-version":[{"id":32046,"href":"https:\/\/drewmax.net.pl\/ua\/wp-json\/wp\/v2\/pages\/163\/revisions\/32046"}],"wp:attachment":[{"href":"https:\/\/drewmax.net.pl\/ua\/wp-json\/wp\/v2\/media?parent=163"}],"curies":[{"name":"wp","href":"https:\/\/api.w.org\/{rel}","templated":true}]}}