{"id":142,"date":"2016-07-21T12:13:04","date_gmt":"2016-07-21T10:13:04","guid":{"rendered":"http:\/\/drewmax.net.pl\/?page_id=142"},"modified":"2025-04-03T14:15:01","modified_gmt":"2025-04-03T12:15:01","slug":"pwo-1000b","status":"publish","type":"page","link":"https:\/\/drewmax.net.pl\/ua\/paletyzatory-workow\/pwo-1000b\/","title":{"rendered":"Paletyzator work\u00f3w PWO-1000B"},"content":{"rendered":"\t\t<div data-elementor-type=\"wp-post\" data-elementor-id=\"142\" class=\"elementor elementor-142\" data-elementor-settings=\"[]\">\n\t\t\t\t\t\t<div class=\"elementor-inner\">\n\t\t\t\t\t\t\t<div class=\"elementor-section-wrap\">\n\t\t\t\t\t\t\t<section class=\"elementor-section elementor-top-section elementor-element elementor-element-6ee37f2 elementor-section-boxed elementor-section-height-default elementor-section-height-default\" data-id=\"6ee37f2\" data-element_type=\"section\" data-settings=\"{&quot;background_background&quot;:&quot;classic&quot;}\">\n\t\t\t\t\t\t<div class=\"elementor-container elementor-column-gap-default\">\n\t\t\t\t\t\t\t<div class=\"elementor-row\">\n\t\t\t\t\t<div class=\"elementor-column elementor-col-100 elementor-top-column elementor-element elementor-element-8298e5c\" data-id=\"8298e5c\" data-element_type=\"column\">\n\t\t\t<div class=\"elementor-column-wrap elementor-element-populated\">\n\t\t\t\t\t\t\t<div class=\"elementor-widget-wrap\">\n\t\t\t\t\t\t<div class=\"elementor-element elementor-element-b1c8f6b elementor-widget elementor-widget-heading\" data-id=\"b1c8f6b\" data-element_type=\"widget\" data-widget_type=\"heading.default\">\n\t\t\t\t<div class=\"elementor-widget-container\">\n\t\t\t<h2 class=\"elementor-heading-title elementor-size-xl\"> \u041f\u0430\u043b\u0435\u0442\u0438\u0437\u0430\u0442\u043e\u0440 \u043c\u0456\u0448\u043a\u0456\u0432\n PWO-1000B<\/h2>\t\t<\/div>\n\t\t\t\t<\/div>\n\t\t\t\t\t\t<\/div>\n\t\t\t\t\t<\/div>\n\t\t<\/div>\n\t\t\t\t\t\t\t\t<\/div>\n\t\t\t\t\t<\/div>\n\t\t<\/section>\n\t\t\t\t<section class=\"elementor-section elementor-top-section elementor-element elementor-element-324102d elementor-section-boxed elementor-section-height-default elementor-section-height-default\" data-id=\"324102d\" data-element_type=\"section\" data-settings=\"{&quot;background_background&quot;:&quot;classic&quot;}\">\n\t\t\t\t\t\t<div class=\"elementor-container elementor-column-gap-default\">\n\t\t\t\t\t\t\t<div class=\"elementor-row\">\n\t\t\t\t\t<div class=\"elementor-column elementor-col-100 elementor-top-column elementor-element elementor-element-2e566e2\" data-id=\"2e566e2\" data-element_type=\"column\">\n\t\t\t<div class=\"elementor-column-wrap elementor-element-populated\">\n\t\t\t\t\t\t\t<div class=\"elementor-widget-wrap\">\n\t\t\t\t\t\t<div class=\"elementor-element elementor-element-87d2b53 elementor-widget elementor-widget-text-editor\" data-id=\"87d2b53\" data-element_type=\"widget\" data-widget_type=\"text-editor.default\">\n\t\t\t\t<div class=\"elementor-widget-container\">\n\t\t\t\t\t\t\t\t<div class=\"elementor-text-editor elementor-clearfix\">\n\t\t\t\t<p><\/p><p data-start=\"1412\" data-end=\"2019\">\u041f\u0430\u043b\u0435\u0442\u0438\u0437\u0430\u0446\u0456\u044f \u0443\u043f\u0430\u043a\u043e\u0432\u043e\u043a \u0437\u0430 \u0434\u043e\u043f\u043e\u043c\u043e\u0433\u043e\u044e \u043f\u0430\u043b\u0435\u0442\u0438\u0437\u0430\u0442\u043e\u0440\u0430 PWO-1000B \u043e\u043f\u0442\u0438\u043c\u0430\u043b\u044c\u043d\u043e \u043d\u0430\u043b\u0430\u0448\u0442\u043e\u0432\u0430\u043d\u0430 \u0434\u043b\u044f \u0440\u043e\u0431\u043e\u0442\u0438 \u0437 \u043c\u0456\u0448\u043a\u0430\u043c\u0438 \u0437 \u0441\u0456\u0442\u043a\u0438. \u0417\u0430\u0432\u0434\u044f\u043a\u0438 \u0441\u0432\u043e\u0457\u0439 \u043a\u043e\u043d\u0441\u0442\u0440\u0443\u043a\u0446\u0456\u0457 \u043d\u0430\u0448 \u043f\u0430\u043b\u0435\u0442\u0438\u0437\u0430\u0442\u043e\u0440 \u043c\u043e\u0434\u0435\u043b\u0456 PWO-1000B \u0442\u0430\u043a\u043e\u0436 \u043f\u0456\u0434\u0445\u043e\u0434\u0438\u0442\u044c \u0434\u043b\u044f \u0456\u043d\u0448\u0438\u0445 \u043f\u0440\u043e\u0434\u0443\u043a\u0442\u0456\u0432. \u0412\u0438\u043a\u043e\u0440\u0438\u0441\u0442\u043e\u0432\u0443\u0432\u0430\u043d\u0456 \u0431\u043e\u0440\u0442\u0438 \u0434\u043e\u0437\u0432\u043e\u043b\u044f\u044e\u0442\u044c \u0443\u043f\u0430\u043a\u043e\u0432\u0443\u0432\u0430\u0442\u0438 \u043d\u0430\u0432\u0456\u0442\u044c \u043d\u0430\u0439\u043d\u0435\u0441\u0442\u0430\u0431\u0456\u043b\u044c\u043d\u0456\u0448\u0456 \u0432\u0430\u043d\u0442\u0430\u0436\u0456. \u0421\u043f\u0435\u0446\u0456\u0430\u043b\u044c\u043d\u043e \u0440\u043e\u0437\u0440\u043e\u0431\u043b\u0435\u043d\u0438\u0439 \u0437\u0430\u0445\u0432\u0430\u0442 \u0437\u0430\u0431\u0435\u0437\u043f\u0435\u0447\u0443\u0454 \u043f\u0440\u043e\u0434\u0443\u043a\u0442\u0438\u0432\u043d\u0456\u0441\u0442\u044c \u043f\u0440\u0438\u0441\u0442\u0440\u043e\u044e \u0434\u043e <strong>1200 \u0443\u043f\u0430\u043a\u043e\u0432\u043e\u043a \u043d\u0430 \u0433\u043e\u0434\u0438\u043d\u0443.<\/strong> \u041f\u0430\u043b\u0435\u0442\u0438\u0437\u0430\u0442\u043e\u0440 \u0442\u0430\u043a\u043e\u0436 \u043c\u043e\u0436\u0435 \u0431\u0443\u0442\u0438 \u0434\u043e\u0434\u0430\u0442\u043a\u043e\u0432\u043e \u043e\u0441\u043d\u0430\u0449\u0435\u043d\u0438\u0439 \u043f\u043e\u0434\u0430\u0432\u0430\u0447\u0435\u043c \u043f\u043e\u0440\u043e\u0436\u043d\u0456\u0445 \u043f\u0456\u0434\u0434\u043e\u043d\u0456\u0432, \u0430 \u0442\u0430\u043a\u043e\u0436 \u0441\u0445\u043e\u0432\u0438\u0449\u0435\u043c \u043f\u0440\u043e\u043a\u043b\u0430\u0434\u043e\u043a \u0437\u0430\u043b\u0435\u0436\u043d\u043e \u0432\u0456\u0434 \u043f\u043e\u0442\u0440\u0435\u0431. \u041d\u0430\u0448 \u0441\u043f\u0435\u043a\u0442\u0440 \u043f\u043e\u0441\u043b\u0443\u0433 \u0432\u043a\u043b\u044e\u0447\u0430\u0454 \u043a\u043e\u043d\u0441\u0443\u043b\u044c\u0442\u0443\u0432\u0430\u043d\u043d\u044f, \u043f\u0440\u043e\u0454\u043a\u0442\u0443\u0432\u0430\u043d\u043d\u044f, \u0432\u0438\u0433\u043e\u0442\u043e\u0432\u043b\u0435\u043d\u043d\u044f \u0442\u0430 \u0441\u0435\u0440\u0432\u0456\u0441\u043d\u0435 \u043e\u0431\u0441\u043b\u0443\u0433\u043e\u0432\u0443\u0432\u0430\u043d\u043d\u044f \u0443 \u043a\u043b\u0456\u0454\u043d\u0442\u0430.<\/p><p data-start=\"2026\" data-end=\"2039\"><\/p>\t\t\t\t\t<\/div>\n\t\t\t\t\t\t<\/div>\n\t\t\t\t<\/div>\n\t\t\t\t\t\t<\/div>\n\t\t\t\t\t<\/div>\n\t\t<\/div>\n\t\t\t\t\t\t\t\t<\/div>\n\t\t\t\t\t<\/div>\n\t\t<\/section>\n\t\t\t\t<section class=\"elementor-section elementor-top-section elementor-element elementor-element-25a55f4 elementor-section-boxed elementor-section-height-default elementor-section-height-default\" data-id=\"25a55f4\" data-element_type=\"section\" data-settings=\"{&quot;background_background&quot;:&quot;classic&quot;}\">\n\t\t\t\t\t\t<div class=\"elementor-container elementor-column-gap-default\">\n\t\t\t\t\t\t\t<div class=\"elementor-row\">\n\t\t\t\t\t<div class=\"elementor-column elementor-col-100 elementor-top-column elementor-element elementor-element-2d2c813\" data-id=\"2d2c813\" data-element_type=\"column\">\n\t\t\t<div class=\"elementor-column-wrap elementor-element-populated\">\n\t\t\t\t\t\t\t<div class=\"elementor-widget-wrap\">\n\t\t\t\t\t\t<div class=\"elementor-element elementor-element-315c7f7 elementor-widget elementor-widget-text-editor\" data-id=\"315c7f7\" data-element_type=\"widget\" data-widget_type=\"text-editor.default\">\n\t\t\t\t<div class=\"elementor-widget-container\">\n\t\t\t\t\t\t\t\t<div class=\"elementor-text-editor elementor-clearfix\">\n\t\t\t\t<p><\/p><p data-start=\"818\" data-end=\"849\"><span style=\"text-decoration: underline;\"><strong data-start=\"818\" data-end=\"849\">\u041e\u0441\u043d\u043e\u0432\u043d\u0456 \u0442\u0435\u0445\u043d\u0456\u0447\u043d\u0456 \u043f\u0430\u0440\u0430\u043c\u0435\u0442\u0440\u0438:<\/strong><\/span><\/p><ul data-start=\"851\" data-end=\"1193\"><li data-start=\"851\" data-end=\"888\">\u041a\u0456\u043b\u044c\u043a\u0456\u0441\u0442\u044c \u043f\u0430\u043b\u0435\u0442 \u0432 \u043c\u0430\u0433\u0430\u0437\u0438\u043d\u0456 \u2013 16 \u0448\u0442.<\/li><li data-start=\"889\" data-end=\"930\">\u0412\u0430\u043d\u0442\u0430\u0436\u043e\u043f\u0456\u0434\u0439\u043e\u043c\u043d\u0456\u0441\u0442\u044c \u043f\u0456\u0434\u0439\u043e\u043c\u043d\u0438\u043a\u0430 \u2013 1200 \u043a\u0433<\/li><li data-start=\"931\" data-end=\"962\">\u041c\u0430\u043a\u0441\u0438\u043c\u0430\u043b\u044c\u043d\u0430 \u043c\u0430\u0441\u0430 \u043c\u0456\u0448\u043a\u0430 \u2013 30 \u0433<\/li><li data-start=\"963\" data-end=\"996\">\u041f\u0440\u043e\u0434\u0443\u043a\u0442\u0438\u0432\u043d\u0456\u0441\u0442\u044c: 1200 \u043c\u0456\u0448\u043a\u0456\u0432\/\u0433\u043e\u0434<\/li><li data-start=\"997\" data-end=\"1059\">\u0411\u0443\u0434\u044c-\u044f\u043a\u0430 \u043a\u0456\u043b\u044c\u043a\u0456\u0441\u0442\u044c \u0437\u0430\u043f\u0440\u043e\u0433\u0440\u0430\u043c\u043e\u0432\u0430\u043d\u0438\u0445 \u0441\u043f\u043e\u0441\u043e\u0431\u0456\u0432 \u0443\u043a\u043b\u0430\u0434\u0430\u043d\u043d\u044f \u043c\u0456\u0448\u043a\u0456\u0432<\/li><li data-start=\"1060\" data-end=\"1092\">\u0412\u0441\u0442\u0430\u043d\u043e\u0432\u043b\u0435\u043d\u0430 \u043f\u043e\u0442\u0443\u0436\u043d\u0456\u0441\u0442\u044c: 27 \u043a\u0412\u0442<\/li><li data-start=\"1093\" data-end=\"1126\">\u041d\u0430\u043f\u0440\u0443\u0433\u0430 \u0436\u0438\u0432\u043b\u0435\u043d\u043d\u044f: 3x400V; 50 \u0413\u0446<\/li><li data-start=\"1127\" data-end=\"1153\">\u041f\u043e\u0434\u0430\u0447\u0430 \u043f\u043e\u0432\u0456\u0442\u0440\u044f: 6-10 \u0431\u0430\u0440<\/li><li data-start=\"1154\" data-end=\"1193\">\u0421\u043f\u043e\u0436\u0438\u0432\u0430\u043d\u043d\u044f \u043f\u043e\u0432\u0456\u0442\u0440\u044f: \u0431\u043b\u0438\u0437\u044c\u043a\u043e 200 \u041d\u043b\/\u0445\u0432<\/li><\/ul><p data-start=\"1200\" data-end=\"1213\"><\/p>\t\t\t\t\t<\/div>\n\t\t\t\t\t\t<\/div>\n\t\t\t\t<\/div>\n\t\t\t\t\t\t<\/div>\n\t\t\t\t\t<\/div>\n\t\t<\/div>\n\t\t\t\t<div class=\"elementor-column elementor-col-100 elementor-top-column elementor-element elementor-element-a80b960\" data-id=\"a80b960\" data-element_type=\"column\">\n\t\t\t<div class=\"elementor-column-wrap elementor-element-populated\">\n\t\t\t\t\t\t\t<div class=\"elementor-widget-wrap\">\n\t\t\t\t\t\t<div class=\"elementor-element elementor-element-b7fd424 elementor-widget elementor-widget-image\" data-id=\"b7fd424\" data-element_type=\"widget\" data-widget_type=\"image.default\">\n\t\t\t\t<div class=\"elementor-widget-container\">\n\t\t\t\t\t\t\t\t<div class=\"elementor-image\">\n\t\t\t\t\t\t\t\t\t\t\t\t<img width=\"980\" height=\"691\" src=\"https:\/\/drewmax.net.pl\/wp-content\/uploads\/2020\/10\/pwo1000b-1-1024x722.png\" class=\"attachment-large size-large\" alt=\"\" loading=\"lazy\" srcset=\"https:\/\/drewmax.net.pl\/wp-content\/uploads\/2020\/10\/pwo1000b-1-1024x722.png 1024w, https:\/\/drewmax.net.pl\/wp-content\/uploads\/2020\/10\/pwo1000b-1-300x212.png 300w, https:\/\/drewmax.net.pl\/wp-content\/uploads\/2020\/10\/pwo1000b-1-768x542.png 768w, https:\/\/drewmax.net.pl\/wp-content\/uploads\/2020\/10\/pwo1000b-1.png 1032w\" sizes=\"(max-width: 980px) 100vw, 980px\" \/>\t\t\t\t\t\t\t\t\t\t\t\t\t\t<\/div>\n\t\t\t\t\t\t<\/div>\n\t\t\t\t<\/div>\n\t\t\t\t\t\t<\/div>\n\t\t\t\t\t<\/div>\n\t\t<\/div>\n\t\t\t\t\t\t\t\t<\/div>\n\t\t\t\t\t<\/div>\n\t\t<\/section>\n\t\t\t\t<section class=\"elementor-section elementor-top-section elementor-element elementor-element-dbe58e1 elementor-section-boxed elementor-section-height-default elementor-section-height-default\" data-id=\"dbe58e1\" data-element_type=\"section\" data-settings=\"{&quot;background_background&quot;:&quot;classic&quot;}\">\n\t\t\t\t\t\t<div class=\"elementor-container elementor-column-gap-default\">\n\t\t\t\t\t\t\t<div class=\"elementor-row\">\n\t\t\t\t\t<div class=\"elementor-column elementor-col-100 elementor-top-column elementor-element elementor-element-3c591e2\" data-id=\"3c591e2\" data-element_type=\"column\">\n\t\t\t<div class=\"elementor-column-wrap elementor-element-populated\">\n\t\t\t\t\t\t\t<div class=\"elementor-widget-wrap\">\n\t\t\t\t\t\t<div class=\"elementor-element elementor-element-2f4c56a elementor-align-center elementor-widget elementor-widget-button\" data-id=\"2f4c56a\" data-element_type=\"widget\" data-widget_type=\"button.default\">\n\t\t\t\t<div class=\"elementor-widget-container\">\n\t\t\t\t\t<div class=\"elementor-button-wrapper\">\n\t\t\t<a href=\"https:\/\/drewmax.net.pl\/wp-content\/uploads\/2025\/03\/Paletyzator-workow-PWO-1000B_front_UA.pdf\" target=\"_blank\" class=\"elementor-button-link elementor-button elementor-size-lg\" role=\"button\">\n\t\t\t\t\t\t<span class=\"elementor-button-content-wrapper\">\n\t\t\t\t\t\t<span class=\"elementor-button-icon elementor-align-icon-right\">\n\t\t\t\t<i aria-hidden=\"true\" class=\"fas fa-download\"><\/i>\t\t\t<\/span>\n\t\t\t\t\t\t<span class=\"elementor-button-text\"> \u0417\u0430\u0432\u0430\u043d\u0442\u0430\u0436\u0438\u0442\u0438 \u043a\u0430\u0440\u0442\u043a\u0443 \u043f\u0440\u043e\u0434\u0443\u043a\u0442\u0443<\/span>\n\t\t<\/span>\n\t\t\t\t\t<\/a>\n\t\t<\/div>\n\t\t\t\t<\/div>\n\t\t\t\t<\/div>\n\t\t\t\t<div class=\"elementor-element elementor-element-21b83cb elementor-widget elementor-widget-spacer\" data-id=\"21b83cb\" data-element_type=\"widget\" data-widget_type=\"spacer.default\">\n\t\t\t\t<div class=\"elementor-widget-container\">\n\t\t\t\t\t<div class=\"elementor-spacer\">\n\t\t\t<div class=\"elementor-spacer-inner\"><\/div>\n\t\t<\/div>\n\t\t\t\t<\/div>\n\t\t\t\t<\/div>\n\t\t\t\t\t\t<\/div>\n\t\t\t\t\t<\/div>\n\t\t<\/div>\n\t\t\t\t\t\t\t\t<\/div>\n\t\t\t\t\t<\/div>\n\t\t<\/section>\n\t\t\t\t\t\t<\/div>\n\t\t\t\t\t\t<\/div>\n\t\t\t\t\t<\/div>\n\t\t","protected":false},"excerpt":{"rendered":"<p>\u041f\u0430\u043b\u0435\u0442\u0438\u0437\u0430\u0442\u043e\u0440 \u043c\u0456\u0448\u043a\u0456\u0432 PWO-1000B \u041f\u0430\u043b\u0435\u0442\u0438\u0437\u0430\u0446\u0456\u044f \u0443\u043f\u0430\u043a\u043e\u0432\u043e\u043a \u0437\u0430 \u0434\u043e\u043f\u043e\u043c\u043e\u0433\u043e\u044e \u043f\u0430\u043b\u0435\u0442\u0438\u0437\u0430\u0442\u043e\u0440\u0430 PWO-1000B \u043e\u043f\u0442\u0438\u043c\u0430\u043b\u044c\u043d\u043e \u043d\u0430\u043b\u0430\u0448\u0442\u043e\u0432\u0430\u043d\u0430 \u0434\u043b\u044f \u0440\u043e\u0431\u043e\u0442\u0438 \u0437 \u043c\u0456\u0448\u043a\u0430\u043c\u0438 \u0437 \u0441\u0456\u0442\u043a\u0438. \u0417\u0430\u0432\u0434\u044f\u043a\u0438 \u0441\u0432\u043e\u0457\u0439 \u043a\u043e\u043d\u0441\u0442\u0440\u0443\u043a\u0446\u0456\u0457 \u043d\u0430\u0448 \u043f\u0430\u043b\u0435\u0442\u0438\u0437\u0430\u0442\u043e\u0440 \u043c\u043e\u0434\u0435\u043b\u0456 PWO-1000B \u0442\u0430\u043a\u043e\u0436 \u043f\u0456\u0434\u0445\u043e\u0434\u0438\u0442\u044c \u0434\u043b\u044f \u0456\u043d\u0448\u0438\u0445 \u043f\u0440\u043e\u0434\u0443\u043a\u0442\u0456\u0432. \u0412\u0438\u043a\u043e\u0440\u0438\u0441\u0442\u043e\u0432\u0443\u0432\u0430\u043d\u0456 \u0431\u043e\u0440\u0442\u0438 \u0434\u043e\u0437\u0432\u043e\u043b\u044f\u044e\u0442\u044c \u0443\u043f\u0430\u043a\u043e\u0432\u0443\u0432\u0430\u0442\u0438 \u043d\u0430\u0432\u0456\u0442\u044c \u043d\u0430\u0439\u043d\u0435\u0441\u0442\u0430\u0431\u0456\u043b\u044c\u043d\u0456\u0448\u0456 \u0432\u0430\u043d\u0442\u0430\u0436\u0456. \u0421\u043f\u0435\u0446\u0456\u0430\u043b\u044c\u043d\u043e \u0440\u043e\u0437\u0440\u043e\u0431\u043b\u0435\u043d\u0438\u0439 \u0437\u0430\u0445\u0432\u0430\u0442 \u0437\u0430\u0431\u0435\u0437\u043f\u0435\u0447\u0443\u0454 \u043f\u0440\u043e\u0434\u0443\u043a\u0442\u0438\u0432\u043d\u0456\u0441\u0442\u044c \u043f\u0440\u0438\u0441\u0442\u0440\u043e\u044e \u0434\u043e 1200 \u0443\u043f\u0430\u043a\u043e\u0432\u043e\u043a \u043d\u0430 \u0433\u043e\u0434\u0438\u043d\u0443. \u041f\u0430\u043b\u0435\u0442\u0438\u0437\u0430\u0442\u043e\u0440 \u0442\u0430\u043a\u043e\u0436 \u043c\u043e\u0436\u0435 \u0431\u0443\u0442\u0438 \u0434\u043e\u0434\u0430\u0442\u043a\u043e\u0432\u043e \u043e\u0441\u043d\u0430\u0449\u0435\u043d\u0438\u0439 \u043f\u043e\u0434\u0430\u0432\u0430\u0447\u0435\u043c \u043f\u043e\u0440\u043e\u0436\u043d\u0456\u0445&hellip;<\/p>\n","protected":false},"author":1,"featured_media":12219,"parent":11815,"menu_order":0,"comment_status":"closed","ping_status":"closed","template":"","meta":[],"yoast_head":"<!-- This site is optimized with the Yoast SEO Premium plugin v15.5 - https:\/\/yoast.com\/wordpress\/plugins\/seo\/ -->\n<title>Wa\u017cenie Pakowanie Paletyzacja Automatyka przemys\u0142owa linie PP PE<\/title>\n<meta name=\"description\" content=\"Wa\u017cenie Pakowanie Paletyzacja Automatyka przemys\u0142owa linie wa\u017c\u0105co - pakuj\u0105ce zbiorniki technologiczne mikrodozowanie linie PP PE\" \/>\n<meta name=\"robots\" content=\"index, follow, max-snippet:-1, max-image-preview:large, max-video-preview:-1\" \/>\n<link rel=\"canonical\" href=\"https:\/\/drewmax.net.pl\/paletyzatory-workow\/pwo-1000b\/\" \/>\n<meta property=\"og:locale\" content=\"uk_UA\" \/>\n<meta property=\"og:type\" content=\"article\" \/>\n<meta property=\"og:title\" content=\"Wa\u017cenie Pakowanie Paletyzacja Automatyka przemys\u0142owa linie PP PE\" \/>\n<meta property=\"og:description\" content=\"Wa\u017cenie Pakowanie Paletyzacja Automatyka przemys\u0142owa linie wa\u017c\u0105co - pakuj\u0105ce zbiorniki technologiczne mikrodozowanie linie PP PE\" \/>\n<meta property=\"og:url\" content=\"https:\/\/drewmax.net.pl\/paletyzatory-workow\/pwo-1000b\/\" \/>\n<meta property=\"og:site_name\" content=\"(Polski) Drewmax - Wa\u017cenie | Pakowanie | Paletyzacja | Automatyka\" \/>\n<meta property=\"article:publisher\" content=\"https:\/\/www.facebook.com\/Drewmax-111641623604429\/\" \/>\n<meta property=\"article:modified_time\" content=\"2025-04-03T12:15:01+00:00\" \/>\n<meta name=\"twitter:card\" content=\"summary_large_image\" \/>\n<meta name=\"twitter:label1\" content=\"\u041f\u0440\u0438\u0431\u043b. \u0447\u0430\u0441 \u0447\u0438\u0442\u0430\u043d\u043d\u044f\">\n\t<meta name=\"twitter:data1\" content=\"4 \u0445\u0432\u0438\u043b\u0438\u043d\u0438\">\n<script type=\"application\/ld+json\" class=\"yoast-schema-graph\">{\"@context\":\"https:\/\/schema.org\",\"@graph\":[{\"@type\":\"Organization\",\"@id\":\"https:\/\/drewmax.net.pl\/en\/#organization\",\"name\":\"DREWMAX Sp\\u00f3\\u0142ka z o.o.\",\"url\":\"https:\/\/drewmax.net.pl\/en\/\",\"sameAs\":[\"https:\/\/www.facebook.com\/Drewmax-111641623604429\/\",\"https:\/\/www.instagram.com\/drewmax.net.pl\/\",\"https:\/\/www.youtube.com\/channel\/UCCS8U5F8gSyJAlSWjxgbLRQ\"],\"logo\":{\"@type\":\"ImageObject\",\"@id\":\"https:\/\/drewmax.net.pl\/en\/#logo\",\"inLanguage\":\"uk\",\"url\":\"\",\"caption\":\"DREWMAX Sp\\u00f3\\u0142ka z o.o.\"},\"image\":{\"@id\":\"https:\/\/drewmax.net.pl\/en\/#logo\"}},{\"@type\":\"WebSite\",\"@id\":\"https:\/\/drewmax.net.pl\/en\/#website\",\"url\":\"https:\/\/drewmax.net.pl\/en\/\",\"name\":\"(Polski) Drewmax - Wa\\u017cenie | Pakowanie | Paletyzacja | Automatyka\",\"description\":\"\",\"publisher\":{\"@id\":\"https:\/\/drewmax.net.pl\/en\/#organization\"},\"potentialAction\":[{\"@type\":\"SearchAction\",\"target\":\"https:\/\/drewmax.net.pl\/en\/?s={search_term_string}\",\"query-input\":\"required name=search_term_string\"}],\"inLanguage\":\"uk\"},{\"@type\":\"ImageObject\",\"@id\":\"https:\/\/drewmax.net.pl\/paletyzatory-workow\/pwo-1000b\/#primaryimage\",\"inLanguage\":\"uk\",\"url\":\"\"},{\"@type\":\"WebPage\",\"@id\":\"https:\/\/drewmax.net.pl\/paletyzatory-workow\/pwo-1000b\/#webpage\",\"url\":\"https:\/\/drewmax.net.pl\/paletyzatory-workow\/pwo-1000b\/\",\"name\":\"Wa\\u017cenie Pakowanie Paletyzacja Automatyka przemys\\u0142owa linie PP PE\",\"isPartOf\":{\"@id\":\"https:\/\/drewmax.net.pl\/en\/#website\"},\"primaryImageOfPage\":{\"@id\":\"https:\/\/drewmax.net.pl\/paletyzatory-workow\/pwo-1000b\/#primaryimage\"},\"datePublished\":\"2016-07-21T10:13:04+00:00\",\"dateModified\":\"2025-04-03T12:15:01+00:00\",\"description\":\"Wa\\u017cenie Pakowanie Paletyzacja Automatyka przemys\\u0142owa linie wa\\u017c\\u0105co - pakuj\\u0105ce zbiorniki technologiczne mikrodozowanie linie PP PE\",\"breadcrumb\":{\"@id\":\"https:\/\/drewmax.net.pl\/paletyzatory-workow\/pwo-1000b\/#breadcrumb\"},\"inLanguage\":\"uk\",\"potentialAction\":[{\"@type\":\"ReadAction\",\"target\":[\"https:\/\/drewmax.net.pl\/paletyzatory-workow\/pwo-1000b\/\"]}]},{\"@type\":\"BreadcrumbList\",\"@id\":\"https:\/\/drewmax.net.pl\/paletyzatory-workow\/pwo-1000b\/#breadcrumb\",\"itemListElement\":[{\"@type\":\"ListItem\",\"position\":1,\"item\":{\"@type\":\"WebPage\",\"@id\":\"https:\/\/drewmax.net.pl\/\",\"url\":\"https:\/\/drewmax.net.pl\/\",\"name\":\"Home\"}},{\"@type\":\"ListItem\",\"position\":2,\"item\":{\"@type\":\"WebPage\",\"@id\":\"https:\/\/drewmax.net.pl\/paletyzatory-workow\/\",\"url\":\"https:\/\/drewmax.net.pl\/paletyzatory-workow\/\",\"name\":\"Paletyzatory\"}},{\"@type\":\"ListItem\",\"position\":3,\"item\":{\"@type\":\"WebPage\",\"@id\":\"https:\/\/drewmax.net.pl\/paletyzatory-workow\/pwo-1000b\/\",\"url\":\"https:\/\/drewmax.net.pl\/paletyzatory-workow\/pwo-1000b\/\",\"name\":\"Paletyzator work\\u00f3w PWO-1000B\"}}]}]}<\/script>\n<!-- \/ Yoast SEO Premium plugin. -->","_links":{"self":[{"href":"https:\/\/drewmax.net.pl\/ua\/wp-json\/wp\/v2\/pages\/142"}],"collection":[{"href":"https:\/\/drewmax.net.pl\/ua\/wp-json\/wp\/v2\/pages"}],"about":[{"href":"https:\/\/drewmax.net.pl\/ua\/wp-json\/wp\/v2\/types\/page"}],"author":[{"embeddable":true,"href":"https:\/\/drewmax.net.pl\/ua\/wp-json\/wp\/v2\/users\/1"}],"replies":[{"embeddable":true,"href":"https:\/\/drewmax.net.pl\/ua\/wp-json\/wp\/v2\/comments?post=142"}],"version-history":[{"count":64,"href":"https:\/\/drewmax.net.pl\/ua\/wp-json\/wp\/v2\/pages\/142\/revisions"}],"predecessor-version":[{"id":32011,"href":"https:\/\/drewmax.net.pl\/ua\/wp-json\/wp\/v2\/pages\/142\/revisions\/32011"}],"up":[{"embeddable":true,"href":"https:\/\/drewmax.net.pl\/ua\/wp-json\/wp\/v2\/pages\/11815"}],"wp:featuredmedia":[{"embeddable":true,"href":"https:\/\/drewmax.net.pl\/ua\/wp-json\/wp\/v2\/media\/12219"}],"wp:attachment":[{"href":"https:\/\/drewmax.net.pl\/ua\/wp-json\/wp\/v2\/media?parent=142"}],"curies":[{"name":"wp","href":"https:\/\/api.w.org\/{rel}","templated":true}]}}