{"id":13223,"date":"2019-10-28T10:46:26","date_gmt":"2019-10-28T09:46:26","guid":{"rendered":"https:\/\/drewmax.net.pl\/?page_id=13223"},"modified":"2025-03-20T09:06:43","modified_gmt":"2025-03-20T08:06:43","slug":"bigbag-2","status":"publish","type":"page","link":"https:\/\/drewmax.net.pl\/ua\/bigbag-2\/","title":{"rendered":"Big-Bag"},"content":{"rendered":"\t\t<div data-elementor-type=\"wp-post\" data-elementor-id=\"13223\" class=\"elementor elementor-13223\" data-elementor-settings=\"[]\">\n\t\t\t\t\t\t<div class=\"elementor-inner\">\n\t\t\t\t\t\t\t<div class=\"elementor-section-wrap\">\n\t\t\t\t\t\t\t<section class=\"elementor-section elementor-top-section elementor-element elementor-element-ba95494 elementor-section-boxed elementor-section-height-default elementor-section-height-default\" data-id=\"ba95494\" data-element_type=\"section\" data-settings=\"{&quot;background_background&quot;:&quot;classic&quot;}\">\n\t\t\t\t\t\t<div class=\"elementor-container elementor-column-gap-default\">\n\t\t\t\t\t\t\t<div class=\"elementor-row\">\n\t\t\t\t\t<div class=\"elementor-column elementor-col-100 elementor-top-column elementor-element elementor-element-65ac747\" data-id=\"65ac747\" data-element_type=\"column\">\n\t\t\t<div class=\"elementor-column-wrap elementor-element-populated\">\n\t\t\t\t\t\t\t<div class=\"elementor-widget-wrap\">\n\t\t\t\t\t\t<div class=\"elementor-element elementor-element-547fe6d elementor-widget elementor-widget-heading\" data-id=\"547fe6d\" data-element_type=\"widget\" data-widget_type=\"heading.default\">\n\t\t\t\t<div class=\"elementor-widget-container\">\n\t\t\t<h2 class=\"elementor-heading-title elementor-size-xl\">Big-Bag<\/h2>\t\t<\/div>\n\t\t\t\t<\/div>\n\t\t\t\t\t\t<\/div>\n\t\t\t\t\t<\/div>\n\t\t<\/div>\n\t\t\t\t\t\t\t\t<\/div>\n\t\t\t\t\t<\/div>\n\t\t<\/section>\n\t\t\t\t<section class=\"elementor-section elementor-top-section elementor-element elementor-element-c6d13da elementor-section-boxed elementor-section-height-default elementor-section-height-default\" data-id=\"c6d13da\" data-element_type=\"section\" data-settings=\"{&quot;background_background&quot;:&quot;classic&quot;}\">\n\t\t\t\t\t\t<div class=\"elementor-container elementor-column-gap-default\">\n\t\t\t\t\t\t\t<div class=\"elementor-row\">\n\t\t\t\t\t<div class=\"elementor-column elementor-col-33 elementor-top-column elementor-element elementor-element-d6be941\" data-id=\"d6be941\" data-element_type=\"column\">\n\t\t\t<div class=\"elementor-column-wrap elementor-element-populated\">\n\t\t\t\t\t\t\t<div class=\"elementor-widget-wrap\">\n\t\t\t\t\t\t<div class=\"elementor-element elementor-element-2e880e7 elementor-widget elementor-widget-image\" data-id=\"2e880e7\" data-element_type=\"widget\" data-widget_type=\"image.default\">\n\t\t\t\t<div class=\"elementor-widget-container\">\n\t\t\t\t\t\t\t\t<div class=\"elementor-image\">\n\t\t\t\t\t\t\t\t\t<figure class=\"wp-caption\">\n\t\t\t\t\t\t\t\t\t\t\t<a href=\"https:\/\/drewmax.net.pl\/wagi-sluzace-do-napelniania-workow-typu-big-bag\/\">\n\t\t\t\t\t\t\t<img width=\"243\" height=\"300\" src=\"https:\/\/drewmax.net.pl\/wp-content\/uploads\/2020\/10\/wbb2-1-243x300.png\" class=\"attachment-medium size-medium\" alt=\"\" loading=\"lazy\" srcset=\"https:\/\/drewmax.net.pl\/wp-content\/uploads\/2020\/10\/wbb2-1-243x300.png 243w, https:\/\/drewmax.net.pl\/wp-content\/uploads\/2020\/10\/wbb2-1.png 449w\" sizes=\"(max-width: 243px) 100vw, 243px\" \/>\t\t\t\t\t\t\t\t<\/a>\n\t\t\t\t\t\t\t\t\t\t\t<figcaption class=\"widget-image-caption wp-caption-text\">\u0412\u0430\u0433\u0438 \u0434\u043b\u044f \u0437\u0430\u043f\u043e\u0432\u043d\u0435\u043d\u043d\u044f \u043c\u0456\u0448\u043a\u0456\u0432 \u0442\u0438\u043f\u0443 Big-Bag <\/figcaption>\n\t\t\t\t\t\t\t\t\t\t<\/figure>\n\t\t\t\t\t\t\t\t<\/div>\n\t\t\t\t\t\t<\/div>\n\t\t\t\t<\/div>\n\t\t\t\t\t\t<\/div>\n\t\t\t\t\t<\/div>\n\t\t<\/div>\n\t\t\t\t<div class=\"elementor-column elementor-col-33 elementor-top-column elementor-element elementor-element-083a6fe\" data-id=\"083a6fe\" data-element_type=\"column\">\n\t\t\t<div class=\"elementor-column-wrap elementor-element-populated\">\n\t\t\t\t\t\t\t<div class=\"elementor-widget-wrap\">\n\t\t\t\t\t\t<div class=\"elementor-element elementor-element-4b90e8d elementor-widget elementor-widget-image\" data-id=\"4b90e8d\" data-element_type=\"widget\" data-widget_type=\"image.default\">\n\t\t\t\t<div class=\"elementor-widget-container\">\n\t\t\t\t\t\t\t\t<div class=\"elementor-image\">\n\t\t\t\t\t\t\t\t\t<figure class=\"wp-caption\">\n\t\t\t\t\t\t\t\t\t\t\t<a href=\"https:\/\/drewmax.net.pl\/urzadzenie-sluzace-do-napelniania-workow-typu-big-bag-jednozaczepowych\/\">\n\t\t\t\t\t\t\t<img width=\"300\" height=\"263\" src=\"https:\/\/drewmax.net.pl\/wp-content\/uploads\/2020\/10\/bigbag11-300x263.png\" class=\"attachment-medium size-medium\" alt=\"\" loading=\"lazy\" srcset=\"https:\/\/drewmax.net.pl\/wp-content\/uploads\/2020\/10\/bigbag11-300x263.png 300w, https:\/\/drewmax.net.pl\/wp-content\/uploads\/2020\/10\/bigbag11.png 624w\" sizes=\"(max-width: 300px) 100vw, 300px\" \/>\t\t\t\t\t\t\t\t<\/a>\n\t\t\t\t\t\t\t\t\t\t\t<figcaption class=\"widget-image-caption wp-caption-text\">\u041f\u0440\u0438\u0441\u0442\u0440\u0456\u0439 \u0434\u043b\u044f \u0437\u0430\u043f\u043e\u0432\u043d\u0435\u043d\u043d\u044f \u043c\u0456\u0448\u043a\u0456\u0432 \u0442\u0438\u043f\u0443 Big-Bag \u0437 \u043e\u0434\u043d\u0438\u043c \u0433\u0430\u043a\u043e\u043c <\/figcaption>\n\t\t\t\t\t\t\t\t\t\t<\/figure>\n\t\t\t\t\t\t\t\t<\/div>\n\t\t\t\t\t\t<\/div>\n\t\t\t\t<\/div>\n\t\t\t\t\t\t<\/div>\n\t\t\t\t\t<\/div>\n\t\t<\/div>\n\t\t\t\t<div class=\"elementor-column elementor-col-33 elementor-top-column elementor-element elementor-element-5118fc2\" data-id=\"5118fc2\" data-element_type=\"column\">\n\t\t\t<div class=\"elementor-column-wrap elementor-element-populated\">\n\t\t\t\t\t\t\t<div class=\"elementor-widget-wrap\">\n\t\t\t\t\t\t<div class=\"elementor-element elementor-element-ba3f66f elementor-widget elementor-widget-image\" data-id=\"ba3f66f\" data-element_type=\"widget\" data-widget_type=\"image.default\">\n\t\t\t\t<div class=\"elementor-widget-container\">\n\t\t\t\t\t\t\t\t<div class=\"elementor-image\">\n\t\t\t\t\t\t\t\t\t<figure class=\"wp-caption\">\n\t\t\t\t\t\t\t\t\t\t\t<a href=\"https:\/\/drewmax.net.pl\/urzadzenie-sluzace-do-napelniania-workow-typu-big-bag-jednozaczepowych\/\">\n\t\t\t\t\t\t\t<img width=\"260\" height=\"300\" src=\"https:\/\/drewmax.net.pl\/wp-content\/uploads\/2024\/01\/FB-01-Izometria-e1715597417116-260x300.png\" class=\"attachment-medium size-medium\" alt=\"\" loading=\"lazy\" srcset=\"https:\/\/drewmax.net.pl\/wp-content\/uploads\/2024\/01\/FB-01-Izometria-e1715597417116-260x300.png 260w, https:\/\/drewmax.net.pl\/wp-content\/uploads\/2024\/01\/FB-01-Izometria-e1715597417116.png 648w\" sizes=\"(max-width: 260px) 100vw, 260px\" \/>\t\t\t\t\t\t\t\t<\/a>\n\t\t\t\t\t\t\t\t\t\t\t<figcaption class=\"widget-image-caption wp-caption-text\">\u0423\u0441\u0442\u0430\u0442\u043a\u0443\u0432\u0430\u043d\u043d\u044f \u0434\u043b\u044f \u043f\u0430\u043a\u0443\u0432\u0430\u043d\u043d\u044f Big-Bag FB 01 <\/figcaption>\n\t\t\t\t\t\t\t\t\t\t<\/figure>\n\t\t\t\t\t\t\t\t<\/div>\n\t\t\t\t\t\t<\/div>\n\t\t\t\t<\/div>\n\t\t\t\t\t\t<\/div>\n\t\t\t\t\t<\/div>\n\t\t<\/div>\n\t\t\t\t\t\t\t\t<\/div>\n\t\t\t\t\t<\/div>\n\t\t<\/section>\n\t\t\t\t\t\t<\/div>\n\t\t\t\t\t\t<\/div>\n\t\t\t\t\t<\/div>\n\t\t","protected":false},"excerpt":{"rendered":"<p>Big-Bag \u0412\u0430\u0433\u0438 \u0434\u043b\u044f \u0437\u0430\u043f\u043e\u0432\u043d\u0435\u043d\u043d\u044f \u043c\u0456\u0448\u043a\u0456\u0432 \u0442\u0438\u043f\u0443 Big-Bag \u041f\u0440\u0438\u0441\u0442\u0440\u0456\u0439 \u0434\u043b\u044f \u0437\u0430\u043f\u043e\u0432\u043d\u0435\u043d\u043d\u044f \u043c\u0456\u0448\u043a\u0456\u0432 \u0442\u0438\u043f\u0443 Big-Bag \u0437 \u043e\u0434\u043d\u0438\u043c \u0433\u0430\u043a\u043e\u043c \u0423\u0441\u0442\u0430\u0442\u043a\u0443\u0432\u0430\u043d\u043d\u044f \u0434\u043b\u044f \u043f\u0430\u043a\u0443\u0432\u0430\u043d\u043d\u044f Big-Bag FB 01<\/p>\n","protected":false},"author":1,"featured_media":0,"parent":0,"menu_order":0,"comment_status":"closed","ping_status":"closed","template":"","meta":[],"yoast_head":"<!-- This site is optimized with the Yoast SEO Premium plugin v15.5 - https:\/\/yoast.com\/wordpress\/plugins\/seo\/ -->\n<title>Bigbag | Big-Bag | Wa\u017cenie | Pakowanie | Paletyzacja | Automatyka<\/title>\n<meta name=\"description\" content=\"automatyka przemys\u0142owa wa\u017cenie paletyzacja pakowaniie linie wa\u017c\u0105co - pakuj\u0105ce mikrodozowanie zbiorniki technologiczne bigbag Big-Bag\" \/>\n<meta name=\"robots\" content=\"index, follow, max-snippet:-1, max-image-preview:large, max-video-preview:-1\" \/>\n<link rel=\"canonical\" href=\"https:\/\/drewmax.net.pl\/bigbag-2\/\" \/>\n<meta property=\"og:locale\" content=\"uk_UA\" \/>\n<meta property=\"og:type\" content=\"article\" \/>\n<meta property=\"og:title\" content=\"Bigbag | Big-Bag | Wa\u017cenie | Pakowanie | Paletyzacja | Automatyka\" \/>\n<meta property=\"og:description\" content=\"automatyka przemys\u0142owa wa\u017cenie paletyzacja pakowaniie linie wa\u017c\u0105co - pakuj\u0105ce mikrodozowanie zbiorniki technologiczne bigbag Big-Bag\" \/>\n<meta property=\"og:url\" content=\"https:\/\/drewmax.net.pl\/bigbag-2\/\" \/>\n<meta property=\"og:site_name\" content=\"(Polski) Drewmax - Wa\u017cenie | Pakowanie | Paletyzacja | Automatyka\" \/>\n<meta property=\"article:publisher\" content=\"https:\/\/www.facebook.com\/Drewmax-111641623604429\/\" \/>\n<meta property=\"article:modified_time\" content=\"2025-03-20T08:06:43+00:00\" \/>\n<meta property=\"og:image\" content=\"https:\/\/drewmax.net.pl\/wp-content\/uploads\/2020\/10\/wbb2-1-243x300.png\" \/>\n<meta name=\"twitter:card\" content=\"summary_large_image\" \/>\n<meta name=\"twitter:label1\" content=\"\u041f\u0440\u0438\u0431\u043b. \u0447\u0430\u0441 \u0447\u0438\u0442\u0430\u043d\u043d\u044f\">\n\t<meta name=\"twitter:data1\" content=\"1 \u0445\u0432\u0438\u043b\u0438\u043d\u0430\">\n<script type=\"application\/ld+json\" class=\"yoast-schema-graph\">{\"@context\":\"https:\/\/schema.org\",\"@graph\":[{\"@type\":\"Organization\",\"@id\":\"https:\/\/drewmax.net.pl\/en\/#organization\",\"name\":\"DREWMAX Sp\\u00f3\\u0142ka z o.o.\",\"url\":\"https:\/\/drewmax.net.pl\/en\/\",\"sameAs\":[\"https:\/\/www.facebook.com\/Drewmax-111641623604429\/\",\"https:\/\/www.instagram.com\/drewmax.net.pl\/\",\"https:\/\/www.youtube.com\/channel\/UCCS8U5F8gSyJAlSWjxgbLRQ\"],\"logo\":{\"@type\":\"ImageObject\",\"@id\":\"https:\/\/drewmax.net.pl\/en\/#logo\",\"inLanguage\":\"uk\",\"url\":\"\",\"caption\":\"DREWMAX Sp\\u00f3\\u0142ka z o.o.\"},\"image\":{\"@id\":\"https:\/\/drewmax.net.pl\/en\/#logo\"}},{\"@type\":\"WebSite\",\"@id\":\"https:\/\/drewmax.net.pl\/en\/#website\",\"url\":\"https:\/\/drewmax.net.pl\/en\/\",\"name\":\"(Polski) Drewmax - Wa\\u017cenie | Pakowanie | Paletyzacja | Automatyka\",\"description\":\"\",\"publisher\":{\"@id\":\"https:\/\/drewmax.net.pl\/en\/#organization\"},\"potentialAction\":[{\"@type\":\"SearchAction\",\"target\":\"https:\/\/drewmax.net.pl\/en\/?s={search_term_string}\",\"query-input\":\"required name=search_term_string\"}],\"inLanguage\":\"uk\"},{\"@type\":\"ImageObject\",\"@id\":\"https:\/\/drewmax.net.pl\/bigbag-2\/#primaryimage\",\"inLanguage\":\"uk\",\"url\":\"https:\/\/drewmax.net.pl\/wp-content\/uploads\/2020\/10\/wbb2-1.png\",\"width\":449,\"height\":554},{\"@type\":\"WebPage\",\"@id\":\"https:\/\/drewmax.net.pl\/bigbag-2\/#webpage\",\"url\":\"https:\/\/drewmax.net.pl\/bigbag-2\/\",\"name\":\"Bigbag | Big-Bag | Wa\\u017cenie | Pakowanie | Paletyzacja | Automatyka\",\"isPartOf\":{\"@id\":\"https:\/\/drewmax.net.pl\/en\/#website\"},\"primaryImageOfPage\":{\"@id\":\"https:\/\/drewmax.net.pl\/bigbag-2\/#primaryimage\"},\"datePublished\":\"2019-10-28T09:46:26+00:00\",\"dateModified\":\"2025-03-20T08:06:43+00:00\",\"description\":\"automatyka przemys\\u0142owa wa\\u017cenie paletyzacja pakowaniie linie wa\\u017c\\u0105co - pakuj\\u0105ce mikrodozowanie zbiorniki technologiczne bigbag Big-Bag\",\"breadcrumb\":{\"@id\":\"https:\/\/drewmax.net.pl\/bigbag-2\/#breadcrumb\"},\"inLanguage\":\"uk\",\"potentialAction\":[{\"@type\":\"ReadAction\",\"target\":[\"https:\/\/drewmax.net.pl\/bigbag-2\/\"]}]},{\"@type\":\"BreadcrumbList\",\"@id\":\"https:\/\/drewmax.net.pl\/bigbag-2\/#breadcrumb\",\"itemListElement\":[{\"@type\":\"ListItem\",\"position\":1,\"item\":{\"@type\":\"WebPage\",\"@id\":\"https:\/\/drewmax.net.pl\/\",\"url\":\"https:\/\/drewmax.net.pl\/\",\"name\":\"Home\"}},{\"@type\":\"ListItem\",\"position\":2,\"item\":{\"@type\":\"WebPage\",\"@id\":\"https:\/\/drewmax.net.pl\/bigbag-2\/\",\"url\":\"https:\/\/drewmax.net.pl\/bigbag-2\/\",\"name\":\"Big-Bag\"}}]}]}<\/script>\n<!-- \/ Yoast SEO Premium plugin. -->","_links":{"self":[{"href":"https:\/\/drewmax.net.pl\/ua\/wp-json\/wp\/v2\/pages\/13223"}],"collection":[{"href":"https:\/\/drewmax.net.pl\/ua\/wp-json\/wp\/v2\/pages"}],"about":[{"href":"https:\/\/drewmax.net.pl\/ua\/wp-json\/wp\/v2\/types\/page"}],"author":[{"embeddable":true,"href":"https:\/\/drewmax.net.pl\/ua\/wp-json\/wp\/v2\/users\/1"}],"replies":[{"embeddable":true,"href":"https:\/\/drewmax.net.pl\/ua\/wp-json\/wp\/v2\/comments?post=13223"}],"version-history":[{"count":23,"href":"https:\/\/drewmax.net.pl\/ua\/wp-json\/wp\/v2\/pages\/13223\/revisions"}],"predecessor-version":[{"id":31149,"href":"https:\/\/drewmax.net.pl\/ua\/wp-json\/wp\/v2\/pages\/13223\/revisions\/31149"}],"wp:attachment":[{"href":"https:\/\/drewmax.net.pl\/ua\/wp-json\/wp\/v2\/media?parent=13223"}],"curies":[{"name":"wp","href":"https:\/\/api.w.org\/{rel}","templated":true}]}}