{"id":129,"date":"2016-07-21T12:00:55","date_gmt":"2016-07-21T10:00:55","guid":{"rendered":"http:\/\/drewmax.net.pl\/?page_id=129"},"modified":"2025-04-04T07:26:40","modified_gmt":"2025-04-04T05:26:40","slug":"linie-technologiczne","status":"publish","type":"page","link":"https:\/\/drewmax.net.pl\/ua\/linie-technologiczne\/","title":{"rendered":"Linie technologiczne"},"content":{"rendered":"\t\t<div data-elementor-type=\"wp-post\" data-elementor-id=\"129\" class=\"elementor elementor-129\" data-elementor-settings=\"[]\">\n\t\t\t\t\t\t<div class=\"elementor-inner\">\n\t\t\t\t\t\t\t<div class=\"elementor-section-wrap\">\n\t\t\t\t\t\t\t<section class=\"elementor-section elementor-top-section elementor-element elementor-element-1e81510 elementor-section-boxed elementor-section-height-default elementor-section-height-default\" data-id=\"1e81510\" data-element_type=\"section\" data-settings=\"{&quot;background_background&quot;:&quot;classic&quot;}\">\n\t\t\t\t\t\t<div class=\"elementor-container elementor-column-gap-default\">\n\t\t\t\t\t\t\t<div class=\"elementor-row\">\n\t\t\t\t\t<div class=\"elementor-column elementor-col-100 elementor-top-column elementor-element elementor-element-593f3d6\" data-id=\"593f3d6\" data-element_type=\"column\">\n\t\t\t<div class=\"elementor-column-wrap elementor-element-populated\">\n\t\t\t\t\t\t\t<div class=\"elementor-widget-wrap\">\n\t\t\t\t\t\t<div class=\"elementor-element elementor-element-f2fe456 elementor-widget elementor-widget-heading\" data-id=\"f2fe456\" data-element_type=\"widget\" data-widget_type=\"heading.default\">\n\t\t\t\t<div class=\"elementor-widget-container\">\n\t\t\t<h2 class=\"elementor-heading-title elementor-size-xl\">\u0422\u0435\u0445\u043d\u043e\u043b\u043e\u0433\u0456\u0447\u043d\u0456 \u043b\u0456\u043d\u0456\u0457\n<\/h2>\t\t<\/div>\n\t\t\t\t<\/div>\n\t\t\t\t\t\t<\/div>\n\t\t\t\t\t<\/div>\n\t\t<\/div>\n\t\t\t\t\t\t\t\t<\/div>\n\t\t\t\t\t<\/div>\n\t\t<\/section>\n\t\t\t\t<section class=\"elementor-section elementor-top-section elementor-element elementor-element-03f097c elementor-section-boxed elementor-section-height-default elementor-section-height-default\" data-id=\"03f097c\" data-element_type=\"section\" data-settings=\"{&quot;background_background&quot;:&quot;classic&quot;}\">\n\t\t\t\t\t\t<div class=\"elementor-container elementor-column-gap-default\">\n\t\t\t\t\t\t\t<div class=\"elementor-row\">\n\t\t\t\t\t<div class=\"elementor-column elementor-col-50 elementor-top-column elementor-element elementor-element-3cdc82f\" data-id=\"3cdc82f\" data-element_type=\"column\">\n\t\t\t<div class=\"elementor-column-wrap elementor-element-populated\">\n\t\t\t\t\t\t\t<div class=\"elementor-widget-wrap\">\n\t\t\t\t\t\t<div class=\"elementor-element elementor-element-2552c1f elementor-widget elementor-widget-text-editor\" data-id=\"2552c1f\" data-element_type=\"widget\" data-widget_type=\"text-editor.default\">\n\t\t\t\t<div class=\"elementor-widget-container\">\n\t\t\t\t\t\t\t\t<div class=\"elementor-text-editor elementor-clearfix\">\n\t\t\t\t<p><br data-start=\"1590\" data-end=\"1593\" \/>\u041d\u0430\u0431\u0443\u0442\u0456 \u0437\u043d\u0430\u043d\u043d\u044f \u0443 \u0441\u0444\u0435\u0440\u0456 \u043f\u0440\u043e\u0435\u043a\u0442\u0443\u0432\u0430\u043d\u043d\u044f \u0442\u0430 \u0432\u0438\u0440\u043e\u0431\u043d\u0438\u0446\u0442\u0432\u0430 \u0441\u043f\u043e\u043d\u0443\u043a\u0430\u043b\u0438 \u043d\u0430\u0441 \u0440\u043e\u0437\u0448\u0438\u0440\u0438\u0442\u0438 \u0434\u0456\u044f\u043b\u044c\u043d\u0456\u0441\u0442\u044c, \u0441\u0442\u0432\u043e\u0440\u0438\u0432\u0448\u0438 \u043d\u043e\u0432\u0438\u0439 \u043f\u0456\u0434\u0440\u043e\u0437\u0434\u0456\u043b, \u044f\u043a\u0438\u0439 \u0437\u0430\u0439\u043c\u0430\u0454\u0442\u044c\u0441\u044f \u043a\u043e\u043c\u043f\u043b\u0435\u043a\u0441\u043d\u0438\u043c \u0431\u0443\u0434\u0456\u0432\u043d\u0438\u0446\u0442\u0432\u043e\u043c \u0442\u0430 \u043e\u0441\u043d\u0430\u0449\u0435\u043d\u043d\u044f\u043c \u0432\u0438\u0440\u043e\u0431\u043d\u0438\u0447\u0438\u0445 \u043e\u0431\u2019\u0454\u043a\u0442\u0456\u0432. \u041d\u0430\u0448\u0430 \u043a\u043e\u043c\u043f\u0430\u043d\u0456\u044f \u043f\u043e\u0441\u0442\u0430\u0447\u0430\u0454 \u0442\u0435\u0445\u043d\u043e\u043b\u043e\u0433\u0456\u0447\u043d\u0456 \u043b\u0456\u043d\u0456\u0457 \u0434\u043b\u044f \u0431\u0430\u0433\u0430\u0442\u044c\u043e\u0445 \u0433\u0430\u043b\u0443\u0437\u0435\u0439, \u0437\u043e\u043a\u0440\u0435\u043c\u0430: \u0445\u0430\u0440\u0447\u043e\u0432\u043e\u0457, \u0445\u0456\u043c\u0456\u0447\u043d\u043e\u0457, \u0431\u0443\u0434\u0456\u0432\u0435\u043b\u044c\u043d\u043e\u0457 \u0442\u0430 \u043f\u0435\u0440\u0435\u0440\u043e\u0431\u043d\u043e\u0457.<\/p><p data-start=\"1903\" data-end=\"2195\">\u041a\u0440\u0456\u043c \u0442\u043e\u0433\u043e, \u0434\u043e\u0441\u0432\u0456\u0434 \u0443 \u0441\u0444\u0435\u0440\u0456 \u043f\u0440\u043e\u043c\u0438\u0441\u043b\u043e\u0432\u043e\u0457 \u0430\u0432\u0442\u043e\u043c\u0430\u0442\u0438\u0437\u0430\u0446\u0456\u0457 \u0434\u0430\u0454 \u0437\u043c\u043e\u0433\u0443 \u0456\u043d\u0442\u0435\u0433\u0440\u0443\u0432\u0430\u0442\u0438 \u0432\u0441\u0456 \u043f\u0440\u0438\u0441\u0442\u0440\u043e\u0457 \u0432 \u0454\u0434\u0438\u043d\u0443 \u0441\u0438\u0441\u0442\u0435\u043c\u0443. \u041d\u0430\u0448\u0430 \u043a\u043e\u043c\u043f\u0430\u043d\u0456\u044f \u043d\u0430\u043b\u0456\u0447\u0443\u0454 \u043f\u043e\u043d\u0430\u0434 150 \u043e\u0441\u0456\u0431, \u0430 \u0442\u0430\u043a\u043e\u0436 \u043c\u0438 \u0442\u0456\u0441\u043d\u043e \u0441\u043f\u0456\u0432\u043f\u0440\u0430\u0446\u044e\u0454\u043c\u043e \u0437 \u043c\u043e\u043d\u0442\u0430\u0436\u043d\u0438\u043c\u0438 \u0442\u0430 \u0432\u0438\u0440\u043e\u0431\u043d\u0438\u0447\u0438\u043c\u0438 \u043a\u043e\u043c\u043f\u0430\u043d\u0456\u044f\u043c\u0438, \u0449\u043e \u0437\u043d\u0430\u0447\u043d\u043e \u043f\u0456\u0434\u0432\u0438\u0449\u0443\u0454 \u043d\u0430\u0448\u0443 \u0435\u0444\u0435\u043a\u0442\u0438\u0432\u043d\u0456\u0441\u0442\u044c \u0456 \u0434\u043e\u0437\u0432\u043e\u043b\u044f\u0454 \u0431\u0440\u0430\u0442\u0438 \u043d\u0430 \u0441\u0435\u0431\u0435 \u0449\u0435 \u0431\u0456\u043b\u044c\u0448\u0456 \u0432\u0438\u043a\u043b\u0438\u043a\u0438.<\/p><p data-start=\"2197\" data-end=\"2570\"><\/p>\t\t\t\t\t<\/div>\n\t\t\t\t\t\t<\/div>\n\t\t\t\t<\/div>\n\t\t\t\t\t\t<\/div>\n\t\t\t\t\t<\/div>\n\t\t<\/div>\n\t\t\t\t<div class=\"elementor-column elementor-col-50 elementor-top-column elementor-element elementor-element-d9b3d4a\" data-id=\"d9b3d4a\" data-element_type=\"column\">\n\t\t\t<div class=\"elementor-column-wrap elementor-element-populated\">\n\t\t\t\t\t\t\t<div class=\"elementor-widget-wrap\">\n\t\t\t\t\t\t<div class=\"elementor-element elementor-element-b484db2 elementor-widget elementor-widget-image\" data-id=\"b484db2\" data-element_type=\"widget\" data-widget_type=\"image.default\">\n\t\t\t\t<div class=\"elementor-widget-container\">\n\t\t\t\t\t\t\t\t<div class=\"elementor-image\">\n\t\t\t\t\t\t\t\t\t\t\t\t<img width=\"717\" height=\"749\" src=\"https:\/\/drewmax.net.pl\/wp-content\/uploads\/2020\/10\/linie2.png\" class=\"attachment-large size-large\" alt=\"\" loading=\"lazy\" srcset=\"https:\/\/drewmax.net.pl\/wp-content\/uploads\/2020\/10\/linie2.png 717w, https:\/\/drewmax.net.pl\/wp-content\/uploads\/2020\/10\/linie2-287x300.png 287w\" sizes=\"(max-width: 717px) 100vw, 717px\" \/>\t\t\t\t\t\t\t\t\t\t\t\t\t\t<\/div>\n\t\t\t\t\t\t<\/div>\n\t\t\t\t<\/div>\n\t\t\t\t\t\t<\/div>\n\t\t\t\t\t<\/div>\n\t\t<\/div>\n\t\t\t\t\t\t\t\t<\/div>\n\t\t\t\t\t<\/div>\n\t\t<\/section>\n\t\t\t\t<section class=\"elementor-section elementor-top-section elementor-element elementor-element-624565b elementor-section-boxed elementor-section-height-default elementor-section-height-default\" data-id=\"624565b\" data-element_type=\"section\" data-settings=\"{&quot;background_background&quot;:&quot;classic&quot;}\">\n\t\t\t\t\t\t<div class=\"elementor-container elementor-column-gap-default\">\n\t\t\t\t\t\t\t<div class=\"elementor-row\">\n\t\t\t\t\t<div class=\"elementor-column elementor-col-50 elementor-top-column elementor-element elementor-element-5e927f9\" data-id=\"5e927f9\" data-element_type=\"column\">\n\t\t\t<div class=\"elementor-column-wrap elementor-element-populated\">\n\t\t\t\t\t\t\t<div class=\"elementor-widget-wrap\">\n\t\t\t\t\t\t<div class=\"elementor-element elementor-element-aa7e5a5 elementor-widget elementor-widget-image\" data-id=\"aa7e5a5\" data-element_type=\"widget\" data-widget_type=\"image.default\">\n\t\t\t\t<div class=\"elementor-widget-container\">\n\t\t\t\t\t\t\t\t<div class=\"elementor-image\">\n\t\t\t\t\t\t\t\t\t\t\t\t<img width=\"681\" height=\"480\" src=\"https:\/\/drewmax.net.pl\/wp-content\/uploads\/2020\/10\/linie3-1.png\" class=\"attachment-large size-large\" alt=\"\" loading=\"lazy\" srcset=\"https:\/\/drewmax.net.pl\/wp-content\/uploads\/2020\/10\/linie3-1.png 681w, https:\/\/drewmax.net.pl\/wp-content\/uploads\/2020\/10\/linie3-1-300x211.png 300w\" sizes=\"(max-width: 681px) 100vw, 681px\" \/>\t\t\t\t\t\t\t\t\t\t\t\t\t\t<\/div>\n\t\t\t\t\t\t<\/div>\n\t\t\t\t<\/div>\n\t\t\t\t\t\t<\/div>\n\t\t\t\t\t<\/div>\n\t\t<\/div>\n\t\t\t\t<div class=\"elementor-column elementor-col-50 elementor-top-column elementor-element elementor-element-e73b041\" data-id=\"e73b041\" data-element_type=\"column\">\n\t\t\t<div class=\"elementor-column-wrap elementor-element-populated\">\n\t\t\t\t\t\t\t<div class=\"elementor-widget-wrap\">\n\t\t\t\t\t\t<div class=\"elementor-element elementor-element-9ac51ca elementor-widget elementor-widget-text-editor\" data-id=\"9ac51ca\" data-element_type=\"widget\" data-widget_type=\"text-editor.default\">\n\t\t\t\t<div class=\"elementor-widget-container\">\n\t\t\t\t\t\t\t\t<div class=\"elementor-text-editor elementor-clearfix\">\n\t\t\t\t<p><br data-start=\"539\" data-end=\"542\" \/><em>\u041c\u0438 \u043f\u0440\u043e\u043f\u043e\u043d\u0443\u0454\u043c\u043e \u0441\u0432\u043e\u0457 \u043f\u043e\u0441\u043b\u0443\u0433\u0438 \u0432 \u0442\u0430\u043a\u0438\u0445 \u0433\u0430\u043b\u0443\u0437\u044f\u0445:<\/em><\/p><ul data-start=\"588\" data-end=\"725\"><li data-start=\"588\" data-end=\"621\">\u0414\u043e\u043f\u043e\u043c\u043e\u0433\u0430 \u0432 \u0440\u043e\u0437\u0440\u043e\u0431\u0446\u0456 \u043a\u043e\u043d\u0446\u0435\u043f\u0446\u0456\u0457<\/li><li data-start=\"622\" data-end=\"644\">\u0422\u0435\u0445\u043d\u043e\u043b\u043e\u0433\u0456\u0447\u043d\u0456 \u0441\u0445\u0435\u043c\u0438<\/li><li data-start=\"645\" data-end=\"666\">\u041f\u0440\u043e\u0435\u043a\u0442\u0438 \u0443\u0441\u0442\u0430\u043d\u043e\u0432\u043e\u043a<\/li><li data-start=\"667\" data-end=\"692\">\u0412\u0438\u0440\u043e\u0431\u043d\u0438\u0446\u0442\u0432\u043e \u043f\u0440\u0438\u0441\u0442\u0440\u043e\u0457\u0432<\/li><li data-start=\"693\" data-end=\"703\">\u041c\u043e\u043d\u0442\u0430\u0436<\/li><li data-start=\"704\" data-end=\"714\">\u041d\u0430\u0433\u043b\u044f\u0434<\/li><li data-start=\"715\" data-end=\"725\">\u0421\u0435\u0440\u0432\u0456\u0441<\/li><\/ul><p data-start=\"727\" data-end=\"810\"><\/p>\t\t\t\t\t<\/div>\n\t\t\t\t\t\t<\/div>\n\t\t\t\t<\/div>\n\t\t\t\t\t\t<\/div>\n\t\t\t\t\t<\/div>\n\t\t<\/div>\n\t\t\t\t\t\t\t\t<\/div>\n\t\t\t\t\t<\/div>\n\t\t<\/section>\n\t\t\t\t<section class=\"elementor-section elementor-top-section elementor-element elementor-element-12d3db4 elementor-section-full_width elementor-section-height-default elementor-section-height-default\" data-id=\"12d3db4\" data-element_type=\"section\">\n\t\t\t\t\t\t<div class=\"elementor-container elementor-column-gap-default\">\n\t\t\t\t\t\t\t<div class=\"elementor-row\">\n\t\t\t\t\t<div class=\"elementor-column elementor-col-100 elementor-top-column elementor-element elementor-element-4e26748\" data-id=\"4e26748\" data-element_type=\"column\" data-settings=\"{&quot;background_background&quot;:&quot;classic&quot;}\">\n\t\t\t<div class=\"elementor-column-wrap elementor-element-populated\">\n\t\t\t\t\t\t\t<div class=\"elementor-widget-wrap\">\n\t\t\t\t\t\t<div class=\"elementor-element elementor-element-157ecc9 elementor-align-center elementor-widget elementor-widget-button\" data-id=\"157ecc9\" data-element_type=\"widget\" data-widget_type=\"button.default\">\n\t\t\t\t<div class=\"elementor-widget-container\">\n\t\t\t\t\t<div class=\"elementor-button-wrapper\">\n\t\t\t<a href=\"https:\/\/drewmax.net.pl\/wp-content\/uploads\/2025\/03\/Linie-technologiczne_front_UA.pdf\" target=\"_blank\" class=\"elementor-button-link elementor-button elementor-size-lg\" role=\"button\">\n\t\t\t\t\t\t<span class=\"elementor-button-content-wrapper\">\n\t\t\t\t\t\t<span class=\"elementor-button-icon elementor-align-icon-right\">\n\t\t\t\t<i aria-hidden=\"true\" class=\"fas fa-download\"><\/i>\t\t\t<\/span>\n\t\t\t\t\t\t<span class=\"elementor-button-text\">  \u0417\u0430\u0432\u0430\u043d\u0442\u0430\u0436\u0438\u0442\u0438 \u043a\u0430\u0440\u0442\u043a\u0443 \u043f\u0440\u043e\u0434\u0443\u043a\u0442\u0443<\/span>\n\t\t<\/span>\n\t\t\t\t\t<\/a>\n\t\t<\/div>\n\t\t\t\t<\/div>\n\t\t\t\t<\/div>\n\t\t\t\t\t\t<\/div>\n\t\t\t\t\t<\/div>\n\t\t<\/div>\n\t\t\t\t\t\t\t\t<\/div>\n\t\t\t\t\t<\/div>\n\t\t<\/section>\n\t\t\t\t<section class=\"elementor-section elementor-top-section elementor-element elementor-element-89f4357 elementor-section-boxed elementor-section-height-default elementor-section-height-default\" data-id=\"89f4357\" data-element_type=\"section\">\n\t\t\t\t\t\t<div class=\"elementor-container elementor-column-gap-default\">\n\t\t\t\t\t\t\t<div class=\"elementor-row\">\n\t\t\t\t\t<div class=\"elementor-column elementor-col-100 elementor-top-column elementor-element elementor-element-a8e0830\" data-id=\"a8e0830\" data-element_type=\"column\">\n\t\t\t<div class=\"elementor-column-wrap\">\n\t\t\t\t\t\t\t<div class=\"elementor-widget-wrap\">\n\t\t\t\t\t\t\t\t<\/div>\n\t\t\t\t\t<\/div>\n\t\t<\/div>\n\t\t\t\t\t\t\t\t<\/div>\n\t\t\t\t\t<\/div>\n\t\t<\/section>\n\t\t\t\t\t\t<\/div>\n\t\t\t\t\t\t<\/div>\n\t\t\t\t\t<\/div>\n\t\t","protected":false},"excerpt":{"rendered":"<p>\u0422\u0435\u0445\u043d\u043e\u043b\u043e\u0433\u0456\u0447\u043d\u0456 \u043b\u0456\u043d\u0456\u0457 \u041d\u0430\u0431\u0443\u0442\u0456 \u0437\u043d\u0430\u043d\u043d\u044f \u0443 \u0441\u0444\u0435\u0440\u0456 \u043f\u0440\u043e\u0435\u043a\u0442\u0443\u0432\u0430\u043d\u043d\u044f \u0442\u0430 \u0432\u0438\u0440\u043e\u0431\u043d\u0438\u0446\u0442\u0432\u0430 \u0441\u043f\u043e\u043d\u0443\u043a\u0430\u043b\u0438 \u043d\u0430\u0441 \u0440\u043e\u0437\u0448\u0438\u0440\u0438\u0442\u0438 \u0434\u0456\u044f\u043b\u044c\u043d\u0456\u0441\u0442\u044c, \u0441\u0442\u0432\u043e\u0440\u0438\u0432\u0448\u0438 \u043d\u043e\u0432\u0438\u0439 \u043f\u0456\u0434\u0440\u043e\u0437\u0434\u0456\u043b, \u044f\u043a\u0438\u0439 \u0437\u0430\u0439\u043c\u0430\u0454\u0442\u044c\u0441\u044f \u043a\u043e\u043c\u043f\u043b\u0435\u043a\u0441\u043d\u0438\u043c \u0431\u0443\u0434\u0456\u0432\u043d\u0438\u0446\u0442\u0432\u043e\u043c \u0442\u0430 \u043e\u0441\u043d\u0430\u0449\u0435\u043d\u043d\u044f\u043c \u0432\u0438\u0440\u043e\u0431\u043d\u0438\u0447\u0438\u0445 \u043e\u0431\u2019\u0454\u043a\u0442\u0456\u0432. \u041d\u0430\u0448\u0430 \u043a\u043e\u043c\u043f\u0430\u043d\u0456\u044f \u043f\u043e\u0441\u0442\u0430\u0447\u0430\u0454 \u0442\u0435\u0445\u043d\u043e\u043b\u043e\u0433\u0456\u0447\u043d\u0456 \u043b\u0456\u043d\u0456\u0457 \u0434\u043b\u044f \u0431\u0430\u0433\u0430\u0442\u044c\u043e\u0445 \u0433\u0430\u043b\u0443\u0437\u0435\u0439, \u0437\u043e\u043a\u0440\u0435\u043c\u0430: \u0445\u0430\u0440\u0447\u043e\u0432\u043e\u0457, \u0445\u0456\u043c\u0456\u0447\u043d\u043e\u0457, \u0431\u0443\u0434\u0456\u0432\u0435\u043b\u044c\u043d\u043e\u0457 \u0442\u0430 \u043f\u0435\u0440\u0435\u0440\u043e\u0431\u043d\u043e\u0457. \u041a\u0440\u0456\u043c \u0442\u043e\u0433\u043e, \u0434\u043e\u0441\u0432\u0456\u0434 \u0443 \u0441\u0444\u0435\u0440\u0456 \u043f\u0440\u043e\u043c\u0438\u0441\u043b\u043e\u0432\u043e\u0457 \u0430\u0432\u0442\u043e\u043c\u0430\u0442\u0438\u0437\u0430\u0446\u0456\u0457 \u0434\u0430\u0454 \u0437\u043c\u043e\u0433\u0443 \u0456\u043d\u0442\u0435\u0433\u0440\u0443\u0432\u0430\u0442\u0438 \u0432\u0441\u0456 \u043f\u0440\u0438\u0441\u0442\u0440\u043e\u0457 \u0432 \u0454\u0434\u0438\u043d\u0443 \u0441\u0438\u0441\u0442\u0435\u043c\u0443. \u041d\u0430\u0448\u0430 \u043a\u043e\u043c\u043f\u0430\u043d\u0456\u044f&hellip;<\/p>\n","protected":false},"author":1,"featured_media":12267,"parent":0,"menu_order":0,"comment_status":"closed","ping_status":"closed","template":"","meta":[],"yoast_head":"<!-- This site is optimized with the Yoast SEO Premium plugin v15.5 - https:\/\/yoast.com\/wordpress\/plugins\/seo\/ -->\n<title>Wa\u017cenie Pakowanie Paletyzacja Automatyka przemys\u0142owa bigbag linia<\/title>\n<meta name=\"description\" content=\"Wa\u017cenie Pakowanie Paletyzacja Automatyka przemys\u0142owa bigbag linie wa\u017c\u0105co - pakuj\u0105ce zbiorniki technologiczne mikrodozowanie linie PP PE\" \/>\n<meta name=\"robots\" content=\"index, follow, max-snippet:-1, max-image-preview:large, max-video-preview:-1\" \/>\n<link rel=\"canonical\" href=\"https:\/\/drewmax.net.pl\/linie-technologiczne\/\" \/>\n<meta property=\"og:locale\" content=\"uk_UA\" \/>\n<meta property=\"og:type\" content=\"article\" \/>\n<meta property=\"og:title\" content=\"Wa\u017cenie Pakowanie Paletyzacja Automatyka przemys\u0142owa bigbag linia\" \/>\n<meta property=\"og:description\" content=\"Wa\u017cenie Pakowanie Paletyzacja Automatyka przemys\u0142owa bigbag linie wa\u017c\u0105co - pakuj\u0105ce zbiorniki technologiczne mikrodozowanie linie PP PE\" \/>\n<meta property=\"og:url\" content=\"https:\/\/drewmax.net.pl\/linie-technologiczne\/\" \/>\n<meta property=\"og:site_name\" content=\"(Polski) Drewmax - Wa\u017cenie | Pakowanie | Paletyzacja | Automatyka\" \/>\n<meta property=\"article:publisher\" content=\"https:\/\/www.facebook.com\/Drewmax-111641623604429\/\" \/>\n<meta property=\"article:modified_time\" content=\"2025-04-04T05:26:40+00:00\" \/>\n<meta name=\"twitter:card\" content=\"summary_large_image\" \/>\n<meta name=\"twitter:label1\" content=\"\u041f\u0440\u0438\u0431\u043b. \u0447\u0430\u0441 \u0447\u0438\u0442\u0430\u043d\u043d\u044f\">\n\t<meta name=\"twitter:data1\" content=\"4 \u0445\u0432\u0438\u043b\u0438\u043d\u0438\">\n<script type=\"application\/ld+json\" class=\"yoast-schema-graph\">{\"@context\":\"https:\/\/schema.org\",\"@graph\":[{\"@type\":\"Organization\",\"@id\":\"https:\/\/drewmax.net.pl\/en\/#organization\",\"name\":\"DREWMAX Sp\\u00f3\\u0142ka z o.o.\",\"url\":\"https:\/\/drewmax.net.pl\/en\/\",\"sameAs\":[\"https:\/\/www.facebook.com\/Drewmax-111641623604429\/\",\"https:\/\/www.instagram.com\/drewmax.net.pl\/\",\"https:\/\/www.youtube.com\/channel\/UCCS8U5F8gSyJAlSWjxgbLRQ\"],\"logo\":{\"@type\":\"ImageObject\",\"@id\":\"https:\/\/drewmax.net.pl\/en\/#logo\",\"inLanguage\":\"uk\",\"url\":\"\",\"caption\":\"DREWMAX Sp\\u00f3\\u0142ka z o.o.\"},\"image\":{\"@id\":\"https:\/\/drewmax.net.pl\/en\/#logo\"}},{\"@type\":\"WebSite\",\"@id\":\"https:\/\/drewmax.net.pl\/en\/#website\",\"url\":\"https:\/\/drewmax.net.pl\/en\/\",\"name\":\"(Polski) Drewmax - Wa\\u017cenie | Pakowanie | Paletyzacja | Automatyka\",\"description\":\"\",\"publisher\":{\"@id\":\"https:\/\/drewmax.net.pl\/en\/#organization\"},\"potentialAction\":[{\"@type\":\"SearchAction\",\"target\":\"https:\/\/drewmax.net.pl\/en\/?s={search_term_string}\",\"query-input\":\"required name=search_term_string\"}],\"inLanguage\":\"uk\"},{\"@type\":\"ImageObject\",\"@id\":\"https:\/\/drewmax.net.pl\/linie-technologiczne\/#primaryimage\",\"inLanguage\":\"uk\",\"url\":\"\"},{\"@type\":\"WebPage\",\"@id\":\"https:\/\/drewmax.net.pl\/linie-technologiczne\/#webpage\",\"url\":\"https:\/\/drewmax.net.pl\/linie-technologiczne\/\",\"name\":\"Wa\\u017cenie Pakowanie Paletyzacja Automatyka przemys\\u0142owa bigbag linia\",\"isPartOf\":{\"@id\":\"https:\/\/drewmax.net.pl\/en\/#website\"},\"primaryImageOfPage\":{\"@id\":\"https:\/\/drewmax.net.pl\/linie-technologiczne\/#primaryimage\"},\"datePublished\":\"2016-07-21T10:00:55+00:00\",\"dateModified\":\"2025-04-04T05:26:40+00:00\",\"description\":\"Wa\\u017cenie Pakowanie Paletyzacja Automatyka przemys\\u0142owa bigbag linie wa\\u017c\\u0105co - pakuj\\u0105ce zbiorniki technologiczne mikrodozowanie linie PP PE\",\"breadcrumb\":{\"@id\":\"https:\/\/drewmax.net.pl\/linie-technologiczne\/#breadcrumb\"},\"inLanguage\":\"uk\",\"potentialAction\":[{\"@type\":\"ReadAction\",\"target\":[\"https:\/\/drewmax.net.pl\/linie-technologiczne\/\"]}]},{\"@type\":\"BreadcrumbList\",\"@id\":\"https:\/\/drewmax.net.pl\/linie-technologiczne\/#breadcrumb\",\"itemListElement\":[{\"@type\":\"ListItem\",\"position\":1,\"item\":{\"@type\":\"WebPage\",\"@id\":\"https:\/\/drewmax.net.pl\/\",\"url\":\"https:\/\/drewmax.net.pl\/\",\"name\":\"Home\"}},{\"@type\":\"ListItem\",\"position\":2,\"item\":{\"@type\":\"WebPage\",\"@id\":\"https:\/\/drewmax.net.pl\/linie-technologiczne\/\",\"url\":\"https:\/\/drewmax.net.pl\/linie-technologiczne\/\",\"name\":\"Linie technologiczne\"}}]}]}<\/script>\n<!-- \/ Yoast SEO Premium plugin. -->","_links":{"self":[{"href":"https:\/\/drewmax.net.pl\/ua\/wp-json\/wp\/v2\/pages\/129"}],"collection":[{"href":"https:\/\/drewmax.net.pl\/ua\/wp-json\/wp\/v2\/pages"}],"about":[{"href":"https:\/\/drewmax.net.pl\/ua\/wp-json\/wp\/v2\/types\/page"}],"author":[{"embeddable":true,"href":"https:\/\/drewmax.net.pl\/ua\/wp-json\/wp\/v2\/users\/1"}],"replies":[{"embeddable":true,"href":"https:\/\/drewmax.net.pl\/ua\/wp-json\/wp\/v2\/comments?post=129"}],"version-history":[{"count":58,"href":"https:\/\/drewmax.net.pl\/ua\/wp-json\/wp\/v2\/pages\/129\/revisions"}],"predecessor-version":[{"id":32037,"href":"https:\/\/drewmax.net.pl\/ua\/wp-json\/wp\/v2\/pages\/129\/revisions\/32037"}],"wp:featuredmedia":[{"embeddable":true,"href":"https:\/\/drewmax.net.pl\/ua\/wp-json\/wp\/v2\/media\/12267"}],"wp:attachment":[{"href":"https:\/\/drewmax.net.pl\/ua\/wp-json\/wp\/v2\/media?parent=129"}],"curies":[{"name":"wp","href":"https:\/\/api.w.org\/{rel}","templated":true}]}}