{"id":13185,"date":"2019-10-25T14:20:58","date_gmt":"2019-10-25T12:20:58","guid":{"rendered":"https:\/\/drewmax.net.pl\/?page_id=13185"},"modified":"2025-04-03T12:57:55","modified_gmt":"2025-04-03T10:57:55","slug":"linie-wazaco-pakujace","status":"publish","type":"page","link":"https:\/\/drewmax.net.pl\/ru\/linie-wazaco-pakujace\/","title":{"rendered":"Linie wa\u017c\u0105co-pakuj\u0105ce"},"content":{"rendered":"\t\t<div data-elementor-type=\"wp-post\" data-elementor-id=\"13185\" class=\"elementor elementor-13185\" data-elementor-settings=\"[]\">\n\t\t\t\t\t\t<div class=\"elementor-inner\">\n\t\t\t\t\t\t\t<div class=\"elementor-section-wrap\">\n\t\t\t\t\t\t\t<section class=\"elementor-section elementor-top-section elementor-element elementor-element-dda658f elementor-section-boxed elementor-section-height-default elementor-section-height-default\" data-id=\"dda658f\" data-element_type=\"section\" data-settings=\"{&quot;background_background&quot;:&quot;classic&quot;}\">\n\t\t\t\t\t\t<div class=\"elementor-container elementor-column-gap-default\">\n\t\t\t\t\t\t\t<div class=\"elementor-row\">\n\t\t\t\t\t<div class=\"elementor-column elementor-col-100 elementor-top-column elementor-element elementor-element-6bc824d\" data-id=\"6bc824d\" data-element_type=\"column\">\n\t\t\t<div class=\"elementor-column-wrap elementor-element-populated\">\n\t\t\t\t\t\t\t<div class=\"elementor-widget-wrap\">\n\t\t\t\t\t\t\t\t<\/div>\n\t\t\t\t\t<\/div>\n\t\t<\/div>\n\t\t\t\t\t\t\t\t<\/div>\n\t\t\t\t\t<\/div>\n\t\t<\/section>\n\t\t\t\t<section class=\"elementor-section elementor-top-section elementor-element elementor-element-33fcb68 elementor-section-boxed elementor-section-height-default elementor-section-height-default\" data-id=\"33fcb68\" data-element_type=\"section\" data-settings=\"{&quot;background_background&quot;:&quot;classic&quot;}\">\n\t\t\t\t\t\t<div class=\"elementor-container elementor-column-gap-default\">\n\t\t\t\t\t\t\t<div class=\"elementor-row\">\n\t\t\t\t\t<div class=\"elementor-column elementor-col-100 elementor-top-column elementor-element elementor-element-b6c6ff2\" data-id=\"b6c6ff2\" data-element_type=\"column\">\n\t\t\t<div class=\"elementor-column-wrap elementor-element-populated\">\n\t\t\t\t\t\t\t<div class=\"elementor-widget-wrap\">\n\t\t\t\t\t\t<div class=\"elementor-element elementor-element-b05409b elementor-widget elementor-widget-image\" data-id=\"b05409b\" data-element_type=\"widget\" data-widget_type=\"image.default\">\n\t\t\t\t<div class=\"elementor-widget-container\">\n\t\t\t\t\t\t\t\t<div class=\"elementor-image\">\n\t\t\t\t\t\t\t\t\t<figure class=\"wp-caption\">\n\t\t\t\t\t\t\t\t\t\t\t<a href=\"https:\/\/drewmax.net.pl\/linie-wazaco-pakujace\/wybor-linii-wazaco-pakujacej\/\">\n\t\t\t\t\t\t\t<img width=\"728\" height=\"980\" src=\"https:\/\/drewmax.net.pl\/wp-content\/uploads\/2020\/10\/configuration-icon-1.png\" class=\"attachment-large size-large\" alt=\"\" loading=\"lazy\" srcset=\"https:\/\/drewmax.net.pl\/wp-content\/uploads\/2020\/10\/configuration-icon-1.png 728w, https:\/\/drewmax.net.pl\/wp-content\/uploads\/2020\/10\/configuration-icon-1-223x300.png 223w\" sizes=\"(max-width: 728px) 100vw, 728px\" \/>\t\t\t\t\t\t\t\t<\/a>\n\t\t\t\t\t\t\t\t\t\t\t<figcaption class=\"widget-image-caption wp-caption-text\"> \u041a\u043e\u043d\u0444\u0438\u0433\u0443\u0440\u0430\u0442\u043e\u0440 \u043b\u0438\u043d\u0438\u0439<\/figcaption>\n\t\t\t\t\t\t\t\t\t\t<\/figure>\n\t\t\t\t\t\t\t\t<\/div>\n\t\t\t\t\t\t<\/div>\n\t\t\t\t<\/div>\n\t\t\t\t<div class=\"elementor-element elementor-element-6f4762a elementor-widget elementor-widget-image\" data-id=\"6f4762a\" data-element_type=\"widget\" data-widget_type=\"image.default\">\n\t\t\t\t<div class=\"elementor-widget-container\">\n\t\t\t\t\t\t\t\t<div class=\"elementor-image\">\n\t\t\t\t\t\t\t\t\t<figure class=\"wp-caption\">\n\t\t\t\t\t\t\t\t\t\t\t<a href=\"https:\/\/drewmax.net.pl\/linie-wazaco-pakujace\/wbs\/\">\n\t\t\t\t\t\t\t<img width=\"330\" height=\"541\" src=\"https:\/\/drewmax.net.pl\/wp-content\/uploads\/2020\/10\/wbs.png\" class=\"attachment-large size-large\" alt=\"\" loading=\"lazy\" srcset=\"https:\/\/drewmax.net.pl\/wp-content\/uploads\/2020\/10\/wbs.png 330w, https:\/\/drewmax.net.pl\/wp-content\/uploads\/2020\/10\/wbs-183x300.png 183w\" sizes=\"(max-width: 330px) 100vw, 330px\" \/>\t\t\t\t\t\t\t\t<\/a>\n\t\t\t\t\t\t\t\t\t\t\t<figcaption class=\"widget-image-caption wp-caption-text\"> \u041f\u043e\u043b\u0443\u0430\u0432\u0442\u043e\u043c\u0430\u0442\u0438\u0447\u0435\u0441\u043a\u0430\u044f \u0432\u0435\u0441\u043e-\u0443\u043f\u0430\u043a\u043e\u0432\u043e\u0447\u043d\u0430\u044f \u043b\u0438\u043d\u0438\u044f \u0442\u0438\u043f WB\/S<\/figcaption>\n\t\t\t\t\t\t\t\t\t\t<\/figure>\n\t\t\t\t\t\t\t\t<\/div>\n\t\t\t\t\t\t<\/div>\n\t\t\t\t<\/div>\n\t\t\t\t<div class=\"elementor-element elementor-element-137247a elementor-widget elementor-widget-image\" data-id=\"137247a\" data-element_type=\"widget\" data-widget_type=\"image.default\">\n\t\t\t\t<div class=\"elementor-widget-container\">\n\t\t\t\t\t\t\t\t<div class=\"elementor-image\">\n\t\t\t\t\t\t\t\t\t<figure class=\"wp-caption\">\n\t\t\t\t\t\t\t\t\t\t\t<a href=\"https:\/\/drewmax.net.pl\/linie-wazaco-pakujace\/wbt\/\">\n\t\t\t\t\t\t\t<img width=\"429\" height=\"705\" src=\"https:\/\/drewmax.net.pl\/wp-content\/uploads\/2020\/10\/wbt.png\" class=\"attachment-large size-large\" alt=\"\" loading=\"lazy\" srcset=\"https:\/\/drewmax.net.pl\/wp-content\/uploads\/2020\/10\/wbt.png 429w, https:\/\/drewmax.net.pl\/wp-content\/uploads\/2020\/10\/wbt-183x300.png 183w\" sizes=\"(max-width: 429px) 100vw, 429px\" \/>\t\t\t\t\t\t\t\t<\/a>\n\t\t\t\t\t\t\t\t\t\t\t<figcaption class=\"widget-image-caption wp-caption-text\"> \u041f\u043e\u043b\u0443\u0430\u0432\u0442\u043e\u043c\u0430\u0442\u0438\u0447\u0435\u0441\u043a\u0430\u044f \u0432\u0435\u0441\u043e-\u0443\u043f\u0430\u043a\u043e\u0432\u043e\u0447\u043d\u0430\u044f \u043b\u0438\u043d\u0438\u044f \u0442\u0438\u043f WB\/T<\/figcaption>\n\t\t\t\t\t\t\t\t\t\t<\/figure>\n\t\t\t\t\t\t\t\t<\/div>\n\t\t\t\t\t\t<\/div>\n\t\t\t\t<\/div>\n\t\t\t\t<div class=\"elementor-element elementor-element-e533634 elementor-widget elementor-widget-image\" data-id=\"e533634\" data-element_type=\"widget\" data-widget_type=\"image.default\">\n\t\t\t\t<div class=\"elementor-widget-container\">\n\t\t\t\t\t\t\t\t<div class=\"elementor-image\">\n\t\t\t\t\t\t\t\t\t<figure class=\"wp-caption\">\n\t\t\t\t\t\t\t\t\t\t\t<a href=\"https:\/\/drewmax.net.pl\/linie-wazaco-pakujace\/wns\/\">\n\t\t\t\t\t\t\t<img width=\"395\" height=\"666\" src=\"https:\/\/drewmax.net.pl\/wp-content\/uploads\/2020\/10\/wns.png\" class=\"attachment-large size-large\" alt=\"\" loading=\"lazy\" srcset=\"https:\/\/drewmax.net.pl\/wp-content\/uploads\/2020\/10\/wns.png 395w, https:\/\/drewmax.net.pl\/wp-content\/uploads\/2020\/10\/wns-178x300.png 178w\" sizes=\"(max-width: 395px) 100vw, 395px\" \/>\t\t\t\t\t\t\t\t<\/a>\n\t\t\t\t\t\t\t\t\t\t\t<figcaption class=\"widget-image-caption wp-caption-text\"> \u041f\u043e\u043b\u0443\u0430\u0432\u0442\u043e\u043c\u0430\u0442\u0438\u0447\u0435\u0441\u043a\u0430\u044f \u0432\u0435\u0441\u043e-\u0443\u043f\u0430\u043a\u043e\u0432\u043e\u0447\u043d\u0430\u044f \u043b\u0438\u043d\u0438\u044f \u0442\u0438\u043f WN\/S<\/figcaption>\n\t\t\t\t\t\t\t\t\t\t<\/figure>\n\t\t\t\t\t\t\t\t<\/div>\n\t\t\t\t\t\t<\/div>\n\t\t\t\t<\/div>\n\t\t\t\t<div class=\"elementor-element elementor-element-2d77803 elementor-widget elementor-widget-image\" data-id=\"2d77803\" data-element_type=\"widget\" data-widget_type=\"image.default\">\n\t\t\t\t<div class=\"elementor-widget-container\">\n\t\t\t\t\t\t\t\t<div class=\"elementor-image\">\n\t\t\t\t\t\t\t\t\t<figure class=\"wp-caption\">\n\t\t\t\t\t\t\t\t\t\t\t<a href=\"https:\/\/drewmax.net.pl\/linie-wazaco-pakujace\/wnt\/\">\n\t\t\t\t\t\t\t<img width=\"404\" height=\"739\" src=\"https:\/\/drewmax.net.pl\/wp-content\/uploads\/2020\/10\/wnt.png\" class=\"attachment-large size-large\" alt=\"\" loading=\"lazy\" srcset=\"https:\/\/drewmax.net.pl\/wp-content\/uploads\/2020\/10\/wnt.png 404w, https:\/\/drewmax.net.pl\/wp-content\/uploads\/2020\/10\/wnt-164x300.png 164w\" sizes=\"(max-width: 404px) 100vw, 404px\" \/>\t\t\t\t\t\t\t\t<\/a>\n\t\t\t\t\t\t\t\t\t\t\t<figcaption class=\"widget-image-caption wp-caption-text\"> \u041f\u043e\u043b\u0443\u0430\u0432\u0442\u043e\u043c\u0430\u0442\u0438\u0447\u0435\u0441\u043a\u0430\u044f \u0432\u0435\u0441\u043e-\u0443\u043f\u0430\u043a\u043e\u0432\u043e\u0447\u043d\u0430\u044f \u043b\u0438\u043d\u0438\u044f \u0442\u0438\u043f WN\/T<\/figcaption>\n\t\t\t\t\t\t\t\t\t\t<\/figure>\n\t\t\t\t\t\t\t\t<\/div>\n\t\t\t\t\t\t<\/div>\n\t\t\t\t<\/div>\n\t\t\t\t\t\t<\/div>\n\t\t\t\t\t<\/div>\n\t\t<\/div>\n\t\t\t\t\t\t\t\t<\/div>\n\t\t\t\t\t<\/div>\n\t\t<\/section>\n\t\t\t\t<section class=\"elementor-section elementor-top-section elementor-element elementor-element-60475a9 elementor-section-boxed elementor-section-height-default elementor-section-height-default\" data-id=\"60475a9\" data-element_type=\"section\" data-settings=\"{&quot;background_background&quot;:&quot;classic&quot;}\">\n\t\t\t\t\t\t<div class=\"elementor-container elementor-column-gap-default\">\n\t\t\t\t\t\t\t<div class=\"elementor-row\">\n\t\t\t\t\t<div class=\"elementor-column elementor-col-100 elementor-top-column elementor-element elementor-element-f354bd2\" data-id=\"f354bd2\" data-element_type=\"column\">\n\t\t\t<div class=\"elementor-column-wrap elementor-element-populated\">\n\t\t\t\t\t\t\t<div class=\"elementor-widget-wrap\">\n\t\t\t\t\t\t<div class=\"elementor-element elementor-element-9b9cb75 elementor-widget elementor-widget-image\" data-id=\"9b9cb75\" data-element_type=\"widget\" data-widget_type=\"image.default\">\n\t\t\t\t<div class=\"elementor-widget-container\">\n\t\t\t\t\t\t\t\t<div class=\"elementor-image\">\n\t\t\t\t\t\t\t\t\t<figure class=\"wp-caption\">\n\t\t\t\t\t\t\t\t\t\t\t<a href=\"https:\/\/drewmax.net.pl\/linie-wazaco-pakujace\/awns\/\">\n\t\t\t\t\t\t\t<img width=\"543\" height=\"739\" src=\"https:\/\/drewmax.net.pl\/wp-content\/uploads\/2020\/10\/2awns-3.png\" class=\"attachment-large size-large\" alt=\"\" loading=\"lazy\" srcset=\"https:\/\/drewmax.net.pl\/wp-content\/uploads\/2020\/10\/2awns-3.png 543w, https:\/\/drewmax.net.pl\/wp-content\/uploads\/2020\/10\/2awns-3-220x300.png 220w\" sizes=\"(max-width: 543px) 100vw, 543px\" \/>\t\t\t\t\t\t\t\t<\/a>\n\t\t\t\t\t\t\t\t\t\t\t<figcaption class=\"widget-image-caption wp-caption-text\"> \u0410\u0432\u0442\u043e\u043c\u0430\u0442\u0438\u0447\u0435\u0441\u043a\u0430\u044f \u0432\u0435\u0441\u043e-\u0443\u043f\u0430\u043a\u043e\u0432\u043e\u0447\u043d\u0430\u044f \u043b\u0438\u043d\u0438\u044f \u0442\u0438\u043f aWN\/S<\/figcaption>\n\t\t\t\t\t\t\t\t\t\t<\/figure>\n\t\t\t\t\t\t\t\t<\/div>\n\t\t\t\t\t\t<\/div>\n\t\t\t\t<\/div>\n\t\t\t\t<div class=\"elementor-element elementor-element-583fc5b elementor-widget elementor-widget-image\" data-id=\"583fc5b\" data-element_type=\"widget\" data-widget_type=\"image.default\">\n\t\t\t\t<div class=\"elementor-widget-container\">\n\t\t\t\t\t\t\t\t<div class=\"elementor-image\">\n\t\t\t\t\t\t\t\t\t<figure class=\"wp-caption\">\n\t\t\t\t\t\t\t\t\t\t\t<a href=\"https:\/\/drewmax.net.pl\/linie-wazaco-pakujace\/awnt\/\">\n\t\t\t\t\t\t\t<img width=\"523\" height=\"734\" src=\"https:\/\/drewmax.net.pl\/wp-content\/uploads\/2020\/10\/2awnt-2.png\" class=\"attachment-large size-large\" alt=\"\" loading=\"lazy\" srcset=\"https:\/\/drewmax.net.pl\/wp-content\/uploads\/2020\/10\/2awnt-2.png 523w, https:\/\/drewmax.net.pl\/wp-content\/uploads\/2020\/10\/2awnt-2-214x300.png 214w\" sizes=\"(max-width: 523px) 100vw, 523px\" \/>\t\t\t\t\t\t\t\t<\/a>\n\t\t\t\t\t\t\t\t\t\t\t<figcaption class=\"widget-image-caption wp-caption-text\"> \u0410\u0432\u0442\u043e\u043c\u0430\u0442\u0438\u0447\u0435\u0441\u043a\u0430\u044f \u0432\u0435\u0441\u043e-\u0443\u043f\u0430\u043a\u043e\u0432\u043e\u0447\u043d\u0430\u044f \u043b\u0438\u043d\u0438\u044f \u0442\u0438\u043f aWN\/T<\/figcaption>\n\t\t\t\t\t\t\t\t\t\t<\/figure>\n\t\t\t\t\t\t\t\t<\/div>\n\t\t\t\t\t\t<\/div>\n\t\t\t\t<\/div>\n\t\t\t\t<div class=\"elementor-element elementor-element-5ff3a07 elementor-widget elementor-widget-image\" data-id=\"5ff3a07\" data-element_type=\"widget\" data-widget_type=\"image.default\">\n\t\t\t\t<div class=\"elementor-widget-container\">\n\t\t\t\t\t\t\t\t<div class=\"elementor-image\">\n\t\t\t\t\t\t\t\t\t<figure class=\"wp-caption\">\n\t\t\t\t\t\t\t\t\t\t\t<a href=\"https:\/\/drewmax.net.pl\/linie-wazaco-pakujace\/2awns\/\">\n\t\t\t\t\t\t\t<img width=\"543\" height=\"739\" src=\"https:\/\/drewmax.net.pl\/wp-content\/uploads\/2020\/10\/2awns-3.png\" class=\"attachment-large size-large\" alt=\"\" loading=\"lazy\" srcset=\"https:\/\/drewmax.net.pl\/wp-content\/uploads\/2020\/10\/2awns-3.png 543w, https:\/\/drewmax.net.pl\/wp-content\/uploads\/2020\/10\/2awns-3-220x300.png 220w\" sizes=\"(max-width: 543px) 100vw, 543px\" \/>\t\t\t\t\t\t\t\t<\/a>\n\t\t\t\t\t\t\t\t\t\t\t<figcaption class=\"widget-image-caption wp-caption-text\"> \u0410\u0432\u0442\u043e\u043c\u0430\u0442\u0438\u0447\u0435\u0441\u043a\u0430\u044f \u0432\u0435\u0441\u043e-\u0443\u043f\u0430\u043a\u043e\u0432\u043e\u0447\u043d\u0430\u044f \u043b\u0438\u043d\u0438\u044f \u0442\u0438\u043f 2aWN\/S<\/figcaption>\n\t\t\t\t\t\t\t\t\t\t<\/figure>\n\t\t\t\t\t\t\t\t<\/div>\n\t\t\t\t\t\t<\/div>\n\t\t\t\t<\/div>\n\t\t\t\t<div class=\"elementor-element elementor-element-7811c00 elementor-widget elementor-widget-image\" data-id=\"7811c00\" data-element_type=\"widget\" data-widget_type=\"image.default\">\n\t\t\t\t<div class=\"elementor-widget-container\">\n\t\t\t\t\t\t\t\t<div class=\"elementor-image\">\n\t\t\t\t\t\t\t\t\t<figure class=\"wp-caption\">\n\t\t\t\t\t\t\t\t\t\t\t<a href=\"https:\/\/drewmax.net.pl\/linie-wazaco-pakujace\/2awnt\/\">\n\t\t\t\t\t\t\t<img width=\"523\" height=\"734\" src=\"https:\/\/drewmax.net.pl\/wp-content\/uploads\/2020\/10\/2awnt-2.png\" class=\"attachment-large size-large\" alt=\"\" loading=\"lazy\" srcset=\"https:\/\/drewmax.net.pl\/wp-content\/uploads\/2020\/10\/2awnt-2.png 523w, https:\/\/drewmax.net.pl\/wp-content\/uploads\/2020\/10\/2awnt-2-214x300.png 214w\" sizes=\"(max-width: 523px) 100vw, 523px\" \/>\t\t\t\t\t\t\t\t<\/a>\n\t\t\t\t\t\t\t\t\t\t\t<figcaption class=\"widget-image-caption wp-caption-text\"> \u0410\u0432\u0442\u043e\u043c\u0430\u0442\u0438\u0447\u0435\u0441\u043a\u0430\u044f \u0432\u0435\u0441\u043e-\u0443\u043f\u0430\u043a\u043e\u0432\u043e\u0447\u043d\u0430\u044f \u043b\u0438\u043d\u0438\u044f \u0442\u0438\u043f 2aWN\/T<\/figcaption>\n\t\t\t\t\t\t\t\t\t\t<\/figure>\n\t\t\t\t\t\t\t\t<\/div>\n\t\t\t\t\t\t<\/div>\n\t\t\t\t<\/div>\n\t\t\t\t<div class=\"elementor-element elementor-element-361de2e elementor-widget elementor-widget-image\" data-id=\"361de2e\" data-element_type=\"widget\" data-widget_type=\"image.default\">\n\t\t\t\t<div class=\"elementor-widget-container\">\n\t\t\t\t\t\t\t\t<div class=\"elementor-image\">\n\t\t\t\t\t\t\t\t\t<figure class=\"wp-caption\">\n\t\t\t\t\t\t\t\t\t\t\t<a href=\"https:\/\/drewmax.net.pl\/linie-wazaco-pakujace\/2awpp\/\">\n\t\t\t\t\t\t\t<img width=\"413\" height=\"587\" src=\"https:\/\/drewmax.net.pl\/wp-content\/uploads\/2020\/10\/2aWPP-3.png\" class=\"attachment-large size-large\" alt=\"\" loading=\"lazy\" srcset=\"https:\/\/drewmax.net.pl\/wp-content\/uploads\/2020\/10\/2aWPP-3.png 413w, https:\/\/drewmax.net.pl\/wp-content\/uploads\/2020\/10\/2aWPP-3-211x300.png 211w\" sizes=\"(max-width: 413px) 100vw, 413px\" \/>\t\t\t\t\t\t\t\t<\/a>\n\t\t\t\t\t\t\t\t\t\t\t<figcaption class=\"widget-image-caption wp-caption-text\"> \u0410\u0432\u0442\u043e\u043c\u0430\u0442\u0438\u0447\u0435\u0441\u043a\u0430\u044f \u0432\u0435\u0441\u043e-\u0443\u043f\u0430\u043a\u043e\u0432\u043e\u0447\u043d\u0430\u044f \u043b\u0438\u043d\u0438\u044f \u0434\u043b\u044f \u043f\u0430\u043a\u0435\u0442\u043e\u0432 \u0438\u0437 \u043f\u043b\u043e\u0441\u043a\u043e\u0439 \u043f\u043b\u0435\u043d\u043a\u0438 \u0442\u0438\u043f 2\u0430WPP<\/figcaption>\n\t\t\t\t\t\t\t\t\t\t<\/figure>\n\t\t\t\t\t\t\t\t<\/div>\n\t\t\t\t\t\t<\/div>\n\t\t\t\t<\/div>\n\t\t\t\t<div class=\"elementor-element elementor-element-dcd40c2 elementor-widget elementor-widget-image\" data-id=\"dcd40c2\" data-element_type=\"widget\" data-widget_type=\"image.default\">\n\t\t\t\t<div class=\"elementor-widget-container\">\n\t\t\t\t\t\t\t\t<div class=\"elementor-image\">\n\t\t\t\t\t\t\t\t\t<figure class=\"wp-caption\">\n\t\t\t\t\t\t\t\t\t\t\t<a href=\"https:\/\/drewmax.net.pl\/automatyczna-linia-pakujaca-1500w\/\">\n\t\t\t\t\t\t\t<img width=\"815\" height=\"686\" src=\"https:\/\/drewmax.net.pl\/wp-content\/uploads\/2024\/01\/LA1500W-Izometria.png\" class=\"attachment-large size-large\" alt=\"\" loading=\"lazy\" srcset=\"https:\/\/drewmax.net.pl\/wp-content\/uploads\/2024\/01\/LA1500W-Izometria.png 815w, https:\/\/drewmax.net.pl\/wp-content\/uploads\/2024\/01\/LA1500W-Izometria-300x253.png 300w, https:\/\/drewmax.net.pl\/wp-content\/uploads\/2024\/01\/LA1500W-Izometria-768x646.png 768w\" sizes=\"(max-width: 815px) 100vw, 815px\" \/>\t\t\t\t\t\t\t\t<\/a>\n\t\t\t\t\t\t\t\t\t\t\t<figcaption class=\"widget-image-caption wp-caption-text\"> \u0410\u0432\u0442\u043e\u043c\u0430\u0442\u0438\u0447\u0435\u0441\u043a\u0430\u044f \u0443\u043f\u0430\u043a\u043e\u0432\u043e\u0447\u043d\u0430\u044f \u043b\u0438\u043d\u0438\u044f \u0442\u0438\u043f: LA1500W<\/figcaption>\n\t\t\t\t\t\t\t\t\t\t<\/figure>\n\t\t\t\t\t\t\t\t<\/div>\n\t\t\t\t\t\t<\/div>\n\t\t\t\t<\/div>\n\t\t\t\t\t\t<\/div>\n\t\t\t\t\t<\/div>\n\t\t<\/div>\n\t\t\t\t\t\t\t\t<\/div>\n\t\t\t\t\t<\/div>\n\t\t<\/section>\n\t\t\t\t\t\t<\/div>\n\t\t\t\t\t\t<\/div>\n\t\t\t\t\t<\/div>\n\t\t","protected":false},"excerpt":{"rendered":"<p>\u041a\u043e\u043d\u0444\u0438\u0433\u0443\u0440\u0430\u0442\u043e\u0440 \u043b\u0438\u043d\u0438\u0439 \u041f\u043e\u043b\u0443\u0430\u0432\u0442\u043e\u043c\u0430\u0442\u0438\u0447\u0435\u0441\u043a\u0430\u044f \u0432\u0435\u0441\u043e-\u0443\u043f\u0430\u043a\u043e\u0432\u043e\u0447\u043d\u0430\u044f \u043b\u0438\u043d\u0438\u044f \u0442\u0438\u043f WB\/S \u041f\u043e\u043b\u0443\u0430\u0432\u0442\u043e\u043c\u0430\u0442\u0438\u0447\u0435\u0441\u043a\u0430\u044f \u0432\u0435\u0441\u043e-\u0443\u043f\u0430\u043a\u043e\u0432\u043e\u0447\u043d\u0430\u044f \u043b\u0438\u043d\u0438\u044f \u0442\u0438\u043f WB\/T \u041f\u043e\u043b\u0443\u0430\u0432\u0442\u043e\u043c\u0430\u0442\u0438\u0447\u0435\u0441\u043a\u0430\u044f \u0432\u0435\u0441\u043e-\u0443\u043f\u0430\u043a\u043e\u0432\u043e\u0447\u043d\u0430\u044f \u043b\u0438\u043d\u0438\u044f \u0442\u0438\u043f WN\/S \u041f\u043e\u043b\u0443\u0430\u0432\u0442\u043e\u043c\u0430\u0442\u0438\u0447\u0435\u0441\u043a\u0430\u044f \u0432\u0435\u0441\u043e-\u0443\u043f\u0430\u043a\u043e\u0432\u043e\u0447\u043d\u0430\u044f \u043b\u0438\u043d\u0438\u044f \u0442\u0438\u043f WN\/T \u0410\u0432\u0442\u043e\u043c\u0430\u0442\u0438\u0447\u0435\u0441\u043a\u0430\u044f \u0432\u0435\u0441\u043e-\u0443\u043f\u0430\u043a\u043e\u0432\u043e\u0447\u043d\u0430\u044f \u043b\u0438\u043d\u0438\u044f \u0442\u0438\u043f aWN\/S \u0410\u0432\u0442\u043e\u043c\u0430\u0442\u0438\u0447\u0435\u0441\u043a\u0430\u044f \u0432\u0435\u0441\u043e-\u0443\u043f\u0430\u043a\u043e\u0432\u043e\u0447\u043d\u0430\u044f \u043b\u0438\u043d\u0438\u044f \u0442\u0438\u043f aWN\/T \u0410\u0432\u0442\u043e\u043c\u0430\u0442\u0438\u0447\u0435\u0441\u043a\u0430\u044f \u0432\u0435\u0441\u043e-\u0443\u043f\u0430\u043a\u043e\u0432\u043e\u0447\u043d\u0430\u044f \u043b\u0438\u043d\u0438\u044f \u0442\u0438\u043f 2aWN\/S \u0410\u0432\u0442\u043e\u043c\u0430\u0442\u0438\u0447\u0435\u0441\u043a\u0430\u044f \u0432\u0435\u0441\u043e-\u0443\u043f\u0430\u043a\u043e\u0432\u043e\u0447\u043d\u0430\u044f \u043b\u0438\u043d\u0438\u044f \u0442\u0438\u043f 2aWN\/T \u0410\u0432\u0442\u043e\u043c\u0430\u0442\u0438\u0447\u0435\u0441\u043a\u0430\u044f \u0432\u0435\u0441\u043e-\u0443\u043f\u0430\u043a\u043e\u0432\u043e\u0447\u043d\u0430\u044f \u043b\u0438\u043d\u0438\u044f \u0434\u043b\u044f \u043f\u0430\u043a\u0435\u0442\u043e\u0432 \u0438\u0437 \u043f\u043b\u043e\u0441\u043a\u043e\u0439 \u043f\u043b\u0435\u043d\u043a\u0438 \u0442\u0438\u043f 2\u0430WPP \u0410\u0432\u0442\u043e\u043c\u0430\u0442\u0438\u0447\u0435\u0441\u043a\u0430\u044f \u0443\u043f\u0430\u043a\u043e\u0432\u043e\u0447\u043d\u0430\u044f \u043b\u0438\u043d\u0438\u044f&hellip;<\/p>\n","protected":false},"author":1,"featured_media":0,"parent":0,"menu_order":0,"comment_status":"closed","ping_status":"closed","template":"","meta":[],"yoast_head":"<!-- This site is optimized with the Yoast SEO Premium plugin v15.5 - https:\/\/yoast.com\/wordpress\/plugins\/seo\/ -->\n<title>Linie wa\u017c\u0105co-pakuj\u0105ce - (Polski) Drewmax - Wa\u017cenie | Pakowanie | Paletyzacja | Automatyka<\/title>\n<meta name=\"description\" content=\"{:pl}[:pl]P\u00f3\u0142automatyczne i automatyczne linie wa\u017c\u0105co-pakuj\u0105ce firmy Drewmax[:en]Semiautomatic and automatic weigh-packing lines from Drewmax[:]{:}\" \/>\n<meta name=\"robots\" content=\"index, follow, max-snippet:-1, max-image-preview:large, max-video-preview:-1\" \/>\n<link rel=\"canonical\" href=\"https:\/\/drewmax.net.pl\/linie-wazaco-pakujace\/\" \/>\n<meta property=\"og:locale\" content=\"ru_RU\" \/>\n<meta property=\"og:type\" content=\"article\" \/>\n<meta property=\"og:title\" content=\"Linie wa\u017c\u0105co-pakuj\u0105ce - (Polski) Drewmax - Wa\u017cenie | Pakowanie | Paletyzacja | Automatyka\" \/>\n<meta property=\"og:description\" content=\"{:pl}[:pl]P\u00f3\u0142automatyczne i automatyczne linie wa\u017c\u0105co-pakuj\u0105ce firmy Drewmax[:en]Semiautomatic and automatic weigh-packing lines from Drewmax[:]{:}\" \/>\n<meta property=\"og:url\" content=\"https:\/\/drewmax.net.pl\/linie-wazaco-pakujace\/\" \/>\n<meta property=\"og:site_name\" content=\"(Polski) Drewmax - Wa\u017cenie | Pakowanie | Paletyzacja | Automatyka\" \/>\n<meta property=\"article:publisher\" content=\"https:\/\/www.facebook.com\/Drewmax-111641623604429\/\" \/>\n<meta property=\"article:modified_time\" content=\"2025-04-03T10:57:55+00:00\" \/>\n<meta property=\"og:image\" content=\"https:\/\/drewmax.net.pl\/wp-content\/uploads\/2020\/10\/configuration-icon-1.png\" \/>\n<meta name=\"twitter:card\" content=\"summary_large_image\" \/>\n<meta name=\"twitter:label1\" content=\"\u041f\u0440\u0438\u043c\u0435\u0440\u043d\u043e\u0435 \u0432\u0440\u0435\u043c\u044f \u0434\u043b\u044f \u0447\u0442\u0435\u043d\u0438\u044f\">\n\t<meta name=\"twitter:data1\" content=\"3 \u043c\u0438\u043d\u0443\u0442\u044b\">\n<script type=\"application\/ld+json\" class=\"yoast-schema-graph\">{\"@context\":\"https:\/\/schema.org\",\"@graph\":[{\"@type\":\"Organization\",\"@id\":\"https:\/\/drewmax.net.pl\/en\/#organization\",\"name\":\"DREWMAX Sp\\u00f3\\u0142ka z o.o.\",\"url\":\"https:\/\/drewmax.net.pl\/en\/\",\"sameAs\":[\"https:\/\/www.facebook.com\/Drewmax-111641623604429\/\",\"https:\/\/www.instagram.com\/drewmax.net.pl\/\",\"https:\/\/www.youtube.com\/channel\/UCCS8U5F8gSyJAlSWjxgbLRQ\"],\"logo\":{\"@type\":\"ImageObject\",\"@id\":\"https:\/\/drewmax.net.pl\/en\/#logo\",\"inLanguage\":\"ru-RU\",\"url\":\"\",\"caption\":\"DREWMAX Sp\\u00f3\\u0142ka z o.o.\"},\"image\":{\"@id\":\"https:\/\/drewmax.net.pl\/en\/#logo\"}},{\"@type\":\"WebSite\",\"@id\":\"https:\/\/drewmax.net.pl\/en\/#website\",\"url\":\"https:\/\/drewmax.net.pl\/en\/\",\"name\":\"(Polski) Drewmax - Wa\\u017cenie | Pakowanie | Paletyzacja | Automatyka\",\"description\":\"\",\"publisher\":{\"@id\":\"https:\/\/drewmax.net.pl\/en\/#organization\"},\"potentialAction\":[{\"@type\":\"SearchAction\",\"target\":\"https:\/\/drewmax.net.pl\/en\/?s={search_term_string}\",\"query-input\":\"required name=search_term_string\"}],\"inLanguage\":\"ru-RU\"},{\"@type\":\"ImageObject\",\"@id\":\"https:\/\/drewmax.net.pl\/linie-wazaco-pakujace\/#primaryimage\",\"inLanguage\":\"ru-RU\",\"url\":\"https:\/\/drewmax.net.pl\/wp-content\/uploads\/2020\/10\/configuration-icon-1.png\",\"width\":728,\"height\":980},{\"@type\":\"WebPage\",\"@id\":\"https:\/\/drewmax.net.pl\/linie-wazaco-pakujace\/#webpage\",\"url\":\"https:\/\/drewmax.net.pl\/linie-wazaco-pakujace\/\",\"name\":\"Linie wa\\u017c\\u0105co-pakuj\\u0105ce - (Polski) Drewmax - Wa\\u017cenie | Pakowanie | Paletyzacja | Automatyka\",\"isPartOf\":{\"@id\":\"https:\/\/drewmax.net.pl\/en\/#website\"},\"primaryImageOfPage\":{\"@id\":\"https:\/\/drewmax.net.pl\/linie-wazaco-pakujace\/#primaryimage\"},\"datePublished\":\"2019-10-25T12:20:58+00:00\",\"dateModified\":\"2025-04-03T10:57:55+00:00\",\"description\":\"{:pl}[:pl]P\\u00f3\\u0142automatyczne i automatyczne linie wa\\u017c\\u0105co-pakuj\\u0105ce firmy Drewmax[:en]Semiautomatic and automatic weigh-packing lines from Drewmax[:]{:}\",\"breadcrumb\":{\"@id\":\"https:\/\/drewmax.net.pl\/linie-wazaco-pakujace\/#breadcrumb\"},\"inLanguage\":\"ru-RU\",\"potentialAction\":[{\"@type\":\"ReadAction\",\"target\":[\"https:\/\/drewmax.net.pl\/linie-wazaco-pakujace\/\"]}]},{\"@type\":\"BreadcrumbList\",\"@id\":\"https:\/\/drewmax.net.pl\/linie-wazaco-pakujace\/#breadcrumb\",\"itemListElement\":[{\"@type\":\"ListItem\",\"position\":1,\"item\":{\"@type\":\"WebPage\",\"@id\":\"https:\/\/drewmax.net.pl\/\",\"url\":\"https:\/\/drewmax.net.pl\/\",\"name\":\"Home\"}},{\"@type\":\"ListItem\",\"position\":2,\"item\":{\"@type\":\"WebPage\",\"@id\":\"https:\/\/drewmax.net.pl\/linie-wazaco-pakujace\/\",\"url\":\"https:\/\/drewmax.net.pl\/linie-wazaco-pakujace\/\",\"name\":\"Linie wa\\u017c\\u0105co-pakuj\\u0105ce\"}}]}]}<\/script>\n<!-- \/ Yoast SEO Premium plugin. -->","_links":{"self":[{"href":"https:\/\/drewmax.net.pl\/ru\/wp-json\/wp\/v2\/pages\/13185"}],"collection":[{"href":"https:\/\/drewmax.net.pl\/ru\/wp-json\/wp\/v2\/pages"}],"about":[{"href":"https:\/\/drewmax.net.pl\/ru\/wp-json\/wp\/v2\/types\/page"}],"author":[{"embeddable":true,"href":"https:\/\/drewmax.net.pl\/ru\/wp-json\/wp\/v2\/users\/1"}],"replies":[{"embeddable":true,"href":"https:\/\/drewmax.net.pl\/ru\/wp-json\/wp\/v2\/comments?post=13185"}],"version-history":[{"count":36,"href":"https:\/\/drewmax.net.pl\/ru\/wp-json\/wp\/v2\/pages\/13185\/revisions"}],"predecessor-version":[{"id":31953,"href":"https:\/\/drewmax.net.pl\/ru\/wp-json\/wp\/v2\/pages\/13185\/revisions\/31953"}],"wp:attachment":[{"href":"https:\/\/drewmax.net.pl\/ru\/wp-json\/wp\/v2\/media?parent=13185"}],"curies":[{"name":"wp","href":"https:\/\/api.w.org\/{rel}","templated":true}]}}