{"id":88,"date":"2016-07-21T10:39:34","date_gmt":"2016-07-21T08:39:34","guid":{"rendered":"http:\/\/drewmax.net.pl\/?page_id=88"},"modified":"2025-04-03T13:36:40","modified_gmt":"2025-04-03T11:36:40","slug":"wbt","status":"publish","type":"page","link":"https:\/\/drewmax.net.pl\/pt\/wbt\/","title":{"rendered":"P\u00f3\u0142automatyczna linia wa\u017c\u0105co pakuj\u0105ca typ WB\/T"},"content":{"rendered":"\t\t<div data-elementor-type=\"wp-post\" data-elementor-id=\"88\" class=\"elementor elementor-88\" data-elementor-settings=\"[]\">\n\t\t\t\t\t\t<div class=\"elementor-inner\">\n\t\t\t\t\t\t\t<div class=\"elementor-section-wrap\">\n\t\t\t\t\t\t\t<section class=\"elementor-section elementor-top-section elementor-element elementor-element-3a32986 elementor-section-boxed elementor-section-height-default elementor-section-height-default\" data-id=\"3a32986\" data-element_type=\"section\" data-settings=\"{&quot;background_background&quot;:&quot;classic&quot;}\">\n\t\t\t\t\t\t<div class=\"elementor-container elementor-column-gap-default\">\n\t\t\t\t\t\t\t<div class=\"elementor-row\">\n\t\t\t\t\t<div class=\"elementor-column elementor-col-100 elementor-top-column elementor-element elementor-element-2e2619e\" data-id=\"2e2619e\" data-element_type=\"column\">\n\t\t\t<div class=\"elementor-column-wrap elementor-element-populated\">\n\t\t\t\t\t\t\t<div class=\"elementor-widget-wrap\">\n\t\t\t\t\t\t<div class=\"elementor-element elementor-element-c0b06da elementor-widget elementor-widget-heading\" data-id=\"c0b06da\" data-element_type=\"widget\" data-widget_type=\"heading.default\">\n\t\t\t\t<div class=\"elementor-widget-container\">\n\t\t\t<h2 class=\"elementor-heading-title elementor-size-xl\"> Linha de pesagem e embalagem semiautom\u00e1tica\nTipo WB\/T\n<\/h2>\t\t<\/div>\n\t\t\t\t<\/div>\n\t\t\t\t\t\t<\/div>\n\t\t\t\t\t<\/div>\n\t\t<\/div>\n\t\t\t\t\t\t\t\t<\/div>\n\t\t\t\t\t<\/div>\n\t\t<\/section>\n\t\t\t\t<section class=\"elementor-section elementor-top-section elementor-element elementor-element-214b71f elementor-section-boxed elementor-section-height-default elementor-section-height-default\" data-id=\"214b71f\" data-element_type=\"section\" data-settings=\"{&quot;background_background&quot;:&quot;classic&quot;}\">\n\t\t\t\t\t\t<div class=\"elementor-container elementor-column-gap-default\">\n\t\t\t\t\t\t\t<div class=\"elementor-row\">\n\t\t\t\t\t<div class=\"elementor-column elementor-col-100 elementor-top-column elementor-element elementor-element-82aad55\" data-id=\"82aad55\" data-element_type=\"column\">\n\t\t\t<div class=\"elementor-column-wrap elementor-element-populated\">\n\t\t\t\t\t\t\t<div class=\"elementor-widget-wrap\">\n\t\t\t\t\t\t<div class=\"elementor-element elementor-element-991867c elementor-widget elementor-widget-text-editor\" data-id=\"991867c\" data-element_type=\"widget\" data-widget_type=\"text-editor.default\">\n\t\t\t\t<div class=\"elementor-widget-container\">\n\t\t\t\t\t\t\t\t<div class=\"elementor-text-editor elementor-clearfix\">\n\t\t\t\t<p><br data-start=\"3089\" data-end=\"3092\" \/>A demanda do mercado levou-nos a projetar a linha semiautom\u00e1tica de pesagem e embalagem WB\/T, que combina precis\u00e3o na dosagem, um pre\u00e7o relativamente baixo e simplicidade de opera\u00e7\u00e3o.<\/p><p data-start=\"3285\" data-end=\"3415\">A linha WB\/T \u00e9 um dispositivo semiautom\u00e1tico de pesagem e embalagem para produtos a granel\/granulados, utilizando sacos abertos.<\/p><p data-start=\"3421\" data-end=\"3745\">A linha apresentada possui um sistema de pesagem montado no bocal, chamado de sistema bruto, o que significa que o produto \u00e9 dosado por um transportador de correia diretamente na embalagem. Gra\u00e7as a isso, conseguimos alcan\u00e7ar uma alta limpeza de todo o sistema, o que influencia significativamente a qualidade da produ\u00e7\u00e3o.<\/p><p data-start=\"3751\" data-end=\"3814\">A linha WB\/T atinge uma capacidade de at\u00e9 <strong>280 por\u00e7\u00f5es por hora<\/strong>.<\/p><p data-start=\"0\" data-end=\"203\"><\/p>\t\t\t\t\t<\/div>\n\t\t\t\t\t\t<\/div>\n\t\t\t\t<\/div>\n\t\t\t\t\t\t<\/div>\n\t\t\t\t\t<\/div>\n\t\t<\/div>\n\t\t\t\t\t\t\t\t<\/div>\n\t\t\t\t\t<\/div>\n\t\t<\/section>\n\t\t\t\t<section class=\"elementor-section elementor-top-section elementor-element elementor-element-7382f1f elementor-section-boxed elementor-section-height-default elementor-section-height-default\" data-id=\"7382f1f\" data-element_type=\"section\" data-settings=\"{&quot;background_background&quot;:&quot;classic&quot;}\">\n\t\t\t\t\t\t<div class=\"elementor-container elementor-column-gap-default\">\n\t\t\t\t\t\t\t<div class=\"elementor-row\">\n\t\t\t\t\t<div class=\"elementor-column elementor-col-100 elementor-top-column elementor-element elementor-element-ee9eb38\" data-id=\"ee9eb38\" data-element_type=\"column\">\n\t\t\t<div class=\"elementor-column-wrap elementor-element-populated\">\n\t\t\t\t\t\t\t<div class=\"elementor-widget-wrap\">\n\t\t\t\t\t\t<div class=\"elementor-element elementor-element-64beb5c elementor-widget elementor-widget-html\" data-id=\"64beb5c\" data-element_type=\"widget\" data-widget_type=\"html.default\">\n\t\t\t\t<div class=\"elementor-widget-container\">\n\t\t\t<noscript>\r\n    <img src=\"\/rendery\/wbt\/1.jpg\" alt=\"wbs\"\/>\r\n<\/noscript>\r\n    <div\r\n      class=\"cloudimage-360\"\r\n      data-folder=\"\/rendery\/wbt\/\"\r\n      data-filename=\"{index}.jpg\"\r\n      data-amount=\"72\"\r\n      data-magnifier=\"3\"\r\n      data-spin-reverse\r\n    ><\/div>\r\n    <!-- Add script tag with CDN link to js-cloudimage-360-view lib after all content in body tag -->\r\n    <script src=\"\/rendery\/wbs\/wbs.js\"><\/script>\t\t<\/div>\n\t\t\t\t<\/div>\n\t\t\t\t\t\t<\/div>\n\t\t\t\t\t<\/div>\n\t\t<\/div>\n\t\t\t\t\t\t\t\t<\/div>\n\t\t\t\t\t<\/div>\n\t\t<\/section>\n\t\t\t\t<section class=\"elementor-section elementor-top-section elementor-element elementor-element-0de773e elementor-section-boxed elementor-section-height-default elementor-section-height-default\" data-id=\"0de773e\" data-element_type=\"section\" data-settings=\"{&quot;background_background&quot;:&quot;classic&quot;}\">\n\t\t\t\t\t\t<div class=\"elementor-container elementor-column-gap-default\">\n\t\t\t\t\t\t\t<div class=\"elementor-row\">\n\t\t\t\t\t<div class=\"elementor-column elementor-col-50 elementor-top-column elementor-element elementor-element-12b0ccd\" data-id=\"12b0ccd\" data-element_type=\"column\">\n\t\t\t<div class=\"elementor-column-wrap elementor-element-populated\">\n\t\t\t\t\t\t\t<div class=\"elementor-widget-wrap\">\n\t\t\t\t\t\t<div class=\"elementor-element elementor-element-e7b91a0 elementor-widget elementor-widget-text-editor\" data-id=\"e7b91a0\" data-element_type=\"widget\" data-widget_type=\"text-editor.default\">\n\t\t\t\t<div class=\"elementor-widget-container\">\n\t\t\t\t\t\t\t\t<div class=\"elementor-text-editor elementor-clearfix\">\n\t\t\t\t<p><br data-start=\"4044\" data-end=\"4047\" \/><span style=\"text-decoration: underline;\"><strong data-start=\"4049\" data-end=\"4091\">Componentes principais do dispositivo:<\/strong><\/span><\/p><ul><li data-start=\"4096\" data-end=\"4156\">Estrutura de suporte da linha com plataforma de trabalho<\/li><li data-start=\"4159\" data-end=\"4203\">Balan\u00e7a eletr\u00f4nica de dosagem tipo bruto<\/li><li data-start=\"4206\" data-end=\"4228\">Dosador de correia<\/li><li data-start=\"4231\" data-end=\"4247\">Bocal aberto<\/li><li data-start=\"4250\" data-end=\"4301\">Transportador de correia para transportar sacos<\/li><li data-start=\"4304\" data-end=\"4366\">Sistema de regula\u00e7\u00e3o de altura do transportador de correia<\/li><li data-start=\"4369\" data-end=\"4418\">Sistema de guia para a parte superior do saco<\/li><li data-start=\"4421\" data-end=\"4453\">M\u00e1quina de costura de um fio<\/li><li data-start=\"4456\" data-end=\"4534\">Transportador lateral para pegar os sacos com sistema de viragem dos sacos<\/li><li data-start=\"4537\" data-end=\"4632\">Sistema de controle leg\u00edvel baseado em controlador PLC Siemens com painel sens\u00edvel ao toque<\/li><li data-start=\"4635\" data-end=\"4685\">Atuadores\/servomotores SEW ou LENZE utilizados<\/li><\/ul><p data-start=\"4689\" data-end=\"4716\"><span style=\"text-decoration: underline;\"><strong data-start=\"4689\" data-end=\"4714\">Equipamento opcional:<\/strong><\/span><\/p><ul><li>Sistema de enrolamento da parte superior do saco<\/li><li>Sistema de aplica\u00e7\u00e3o de fita crespa<\/li><li>Sistema de suc\u00e7\u00e3o do produto no saco<\/li><li>Sistema de vibra\u00e7\u00e3o do saco cheio<\/li><li>Sistema de limpeza dos alimentadores<\/li><li>Seladora impulsiva ou de calor constante<\/li><li>M\u00e1quina de costura de dois fios<\/li><li>Reservat\u00f3rio tamponador de sobrecarga<\/li><\/ul><p data-start=\"0\" data-end=\"37\"><\/p>\t\t\t\t\t<\/div>\n\t\t\t\t\t\t<\/div>\n\t\t\t\t<\/div>\n\t\t\t\t\t\t<\/div>\n\t\t\t\t\t<\/div>\n\t\t<\/div>\n\t\t\t\t<div class=\"elementor-column elementor-col-50 elementor-top-column elementor-element elementor-element-ea3acec\" data-id=\"ea3acec\" data-element_type=\"column\">\n\t\t\t<div class=\"elementor-column-wrap elementor-element-populated\">\n\t\t\t\t\t\t\t<div class=\"elementor-widget-wrap\">\n\t\t\t\t\t\t<div class=\"elementor-element elementor-element-0cca59c elementor-widget elementor-widget-text-editor\" data-id=\"0cca59c\" data-element_type=\"widget\" data-widget_type=\"text-editor.default\">\n\t\t\t\t<div class=\"elementor-widget-container\">\n\t\t\t\t\t\t\t\t<div class=\"elementor-text-editor elementor-clearfix\">\n\t\t\t\t<p><br data-start=\"2768\" data-end=\"2771\" \/><strong><span style=\"text-decoration: underline;\">Par\u00e2metros t\u00e9cnicos b\u00e1sicos:<\/span><\/strong><\/p><ul><li>Peso m\u00e1ximo por por\u00e7\u00e3o: 50 kg<\/li><li>Peso m\u00ednimo por por\u00e7\u00e3o: 10 kg<\/li><li>Produtividade da linha: at\u00e9 280 por\u00e7\u00f5es\/hora (dependendo do operador, das propriedades do produto e do tamanho da por\u00e7\u00e3o)<\/li><li>Tipo de sacos: abertos, sacos de papel multicamadas (at\u00e9 4 camadas), recomendados com fundo tipo envelope sem dobras laterais, sacos de filme PE, sacos de polipropileno PP revestidos<\/li><li>Largura do saco: 450 \u2013 650 mm<\/li><li>Comprimento do saco: 600 \u2013 1100 mm<\/li><li>Alimenta\u00e7\u00e3o el\u00e9trica: 3 x 400 V 50 Hz<\/li><li>Demanda de pot\u00eancia: m\u00e1x. 4,5 kW<\/li><li>Alimenta\u00e7\u00e3o de ar comprimido: 5 \u2013 10 bar<\/li><li>Consumo de ar comprimido: 200-400 Nl\/min<\/li><\/ul><p data-start=\"0\" data-end=\"37\"><\/p>\t\t\t\t\t<\/div>\n\t\t\t\t\t\t<\/div>\n\t\t\t\t<\/div>\n\t\t\t\t\t\t<\/div>\n\t\t\t\t\t<\/div>\n\t\t<\/div>\n\t\t\t\t\t\t\t\t<\/div>\n\t\t\t\t\t<\/div>\n\t\t<\/section>\n\t\t\t\t<section class=\"elementor-section elementor-top-section elementor-element elementor-element-22e3a69 elementor-section-boxed elementor-section-height-default elementor-section-height-default\" data-id=\"22e3a69\" data-element_type=\"section\" data-settings=\"{&quot;background_background&quot;:&quot;classic&quot;}\">\n\t\t\t\t\t\t<div class=\"elementor-container elementor-column-gap-default\">\n\t\t\t\t\t\t\t<div class=\"elementor-row\">\n\t\t\t\t\t<div class=\"elementor-column elementor-col-100 elementor-top-column elementor-element elementor-element-b2e0aa3\" data-id=\"b2e0aa3\" data-element_type=\"column\" data-settings=\"{&quot;background_background&quot;:&quot;classic&quot;}\">\n\t\t\t<div class=\"elementor-column-wrap elementor-element-populated\">\n\t\t\t\t\t\t\t<div class=\"elementor-widget-wrap\">\n\t\t\t\t\t\t<div class=\"elementor-element elementor-element-5b04583 elementor-widget elementor-widget-spacer\" data-id=\"5b04583\" data-element_type=\"widget\" data-widget_type=\"spacer.default\">\n\t\t\t\t<div class=\"elementor-widget-container\">\n\t\t\t\t\t<div class=\"elementor-spacer\">\n\t\t\t<div class=\"elementor-spacer-inner\"><\/div>\n\t\t<\/div>\n\t\t\t\t<\/div>\n\t\t\t\t<\/div>\n\t\t\t\t<div class=\"elementor-element elementor-element-b14a348 elementor-align-center elementor-widget elementor-widget-button\" data-id=\"b14a348\" data-element_type=\"widget\" data-widget_type=\"button.default\">\n\t\t\t\t<div class=\"elementor-widget-container\">\n\t\t\t\t\t<div class=\"elementor-button-wrapper\">\n\t\t\t<a href=\"https:\/\/drewmax.net.pl\/wp-content\/uploads\/2025\/03\/Polautomatyczna-linia-wazaco-pakujaca-WBT_front_PT.pdf\" target=\"_blank\" class=\"elementor-button-link elementor-button elementor-size-lg\" role=\"button\">\n\t\t\t\t\t\t<span class=\"elementor-button-content-wrapper\">\n\t\t\t\t\t\t<span class=\"elementor-button-icon elementor-align-icon-right\">\n\t\t\t\t<i aria-hidden=\"true\" class=\"fas fa-download\"><\/i>\t\t\t<\/span>\n\t\t\t\t\t\t<span class=\"elementor-button-text\">  Baixar a ficha t\u00e9cnica do produto<\/span>\n\t\t<\/span>\n\t\t\t\t\t<\/a>\n\t\t<\/div>\n\t\t\t\t<\/div>\n\t\t\t\t<\/div>\n\t\t\t\t\t\t<\/div>\n\t\t\t\t\t<\/div>\n\t\t<\/div>\n\t\t\t\t\t\t\t\t<\/div>\n\t\t\t\t\t<\/div>\n\t\t<\/section>\n\t\t\t\t\t\t<\/div>\n\t\t\t\t\t\t<\/div>\n\t\t\t\t\t<\/div>\n\t\t","protected":false},"excerpt":{"rendered":"<p>Linha de pesagem e embalagem semiautom\u00e1tica Tipo WB\/T A demanda do mercado levou-nos a projetar a linha semiautom\u00e1tica de pesagem e embalagem WB\/T, que combina precis\u00e3o na dosagem, um pre\u00e7o relativamente baixo e simplicidade de opera\u00e7\u00e3o. A linha WB\/T \u00e9 um dispositivo semiautom\u00e1tico de pesagem e embalagem para produtos a granel\/granulados, utilizando sacos abertos. A&hellip;<\/p>\n","protected":false},"author":1,"featured_media":12131,"parent":0,"menu_order":0,"comment_status":"closed","ping_status":"closed","template":"","meta":[],"yoast_head":"<!-- This site is optimized with the Yoast SEO Premium plugin v15.5 - https:\/\/yoast.com\/wordpress\/plugins\/seo\/ -->\n<title>Wa\u017cenie Pakowanie Paletyzacja Automatyka przemys\u0142owa linie PP PE<\/title>\n<meta name=\"description\" content=\"Wa\u017cenie Pakowanie Paletyzacja Automatyka przemys\u0142owa linie wa\u017c\u0105co - pakuj\u0105ce zbiorniki technologiczne mikrodozowanie linie PP PE\" \/>\n<meta name=\"robots\" content=\"index, follow, max-snippet:-1, max-image-preview:large, max-video-preview:-1\" \/>\n<link rel=\"canonical\" href=\"https:\/\/drewmax.net.pl\/wbt\/\" \/>\n<meta property=\"og:locale\" content=\"pt_PT\" \/>\n<meta property=\"og:type\" content=\"article\" \/>\n<meta property=\"og:title\" content=\"Wa\u017cenie Pakowanie Paletyzacja Automatyka przemys\u0142owa linie PP PE\" \/>\n<meta property=\"og:description\" content=\"Wa\u017cenie Pakowanie Paletyzacja Automatyka przemys\u0142owa linie wa\u017c\u0105co - pakuj\u0105ce zbiorniki technologiczne mikrodozowanie linie PP PE\" \/>\n<meta property=\"og:url\" content=\"https:\/\/drewmax.net.pl\/wbt\/\" \/>\n<meta property=\"og:site_name\" content=\"(Polski) Drewmax - Wa\u017cenie | Pakowanie | Paletyzacja | Automatyka\" \/>\n<meta property=\"article:publisher\" content=\"https:\/\/www.facebook.com\/Drewmax-111641623604429\/\" \/>\n<meta property=\"article:modified_time\" content=\"2025-04-03T11:36:40+00:00\" \/>\n<meta name=\"twitter:card\" content=\"summary_large_image\" \/>\n<meta name=\"twitter:label1\" content=\"Tempo estimado de leitura\">\n\t<meta name=\"twitter:data1\" content=\"10 minutos\">\n<script type=\"application\/ld+json\" class=\"yoast-schema-graph\">{\"@context\":\"https:\/\/schema.org\",\"@graph\":[{\"@type\":\"Organization\",\"@id\":\"https:\/\/drewmax.net.pl\/en\/#organization\",\"name\":\"DREWMAX Sp\\u00f3\\u0142ka z o.o.\",\"url\":\"https:\/\/drewmax.net.pl\/en\/\",\"sameAs\":[\"https:\/\/www.facebook.com\/Drewmax-111641623604429\/\",\"https:\/\/www.instagram.com\/drewmax.net.pl\/\",\"https:\/\/www.youtube.com\/channel\/UCCS8U5F8gSyJAlSWjxgbLRQ\"],\"logo\":{\"@type\":\"ImageObject\",\"@id\":\"https:\/\/drewmax.net.pl\/en\/#logo\",\"inLanguage\":\"pt-PT\",\"url\":\"\",\"caption\":\"DREWMAX Sp\\u00f3\\u0142ka z o.o.\"},\"image\":{\"@id\":\"https:\/\/drewmax.net.pl\/en\/#logo\"}},{\"@type\":\"WebSite\",\"@id\":\"https:\/\/drewmax.net.pl\/en\/#website\",\"url\":\"https:\/\/drewmax.net.pl\/en\/\",\"name\":\"(Polski) Drewmax - Wa\\u017cenie | Pakowanie | Paletyzacja | Automatyka\",\"description\":\"\",\"publisher\":{\"@id\":\"https:\/\/drewmax.net.pl\/en\/#organization\"},\"potentialAction\":[{\"@type\":\"SearchAction\",\"target\":\"https:\/\/drewmax.net.pl\/en\/?s={search_term_string}\",\"query-input\":\"required name=search_term_string\"}],\"inLanguage\":\"pt-PT\"},{\"@type\":\"ImageObject\",\"@id\":\"https:\/\/drewmax.net.pl\/wbt\/#primaryimage\",\"inLanguage\":\"pt-PT\",\"url\":\"\"},{\"@type\":\"WebPage\",\"@id\":\"https:\/\/drewmax.net.pl\/wbt\/#webpage\",\"url\":\"https:\/\/drewmax.net.pl\/wbt\/\",\"name\":\"Wa\\u017cenie Pakowanie Paletyzacja Automatyka przemys\\u0142owa linie PP PE\",\"isPartOf\":{\"@id\":\"https:\/\/drewmax.net.pl\/en\/#website\"},\"primaryImageOfPage\":{\"@id\":\"https:\/\/drewmax.net.pl\/wbt\/#primaryimage\"},\"datePublished\":\"2016-07-21T08:39:34+00:00\",\"dateModified\":\"2025-04-03T11:36:40+00:00\",\"description\":\"Wa\\u017cenie Pakowanie Paletyzacja Automatyka przemys\\u0142owa linie wa\\u017c\\u0105co - pakuj\\u0105ce zbiorniki technologiczne mikrodozowanie linie PP PE\",\"breadcrumb\":{\"@id\":\"https:\/\/drewmax.net.pl\/wbt\/#breadcrumb\"},\"inLanguage\":\"pt-PT\",\"potentialAction\":[{\"@type\":\"ReadAction\",\"target\":[\"https:\/\/drewmax.net.pl\/wbt\/\"]}]},{\"@type\":\"BreadcrumbList\",\"@id\":\"https:\/\/drewmax.net.pl\/wbt\/#breadcrumb\",\"itemListElement\":[{\"@type\":\"ListItem\",\"position\":1,\"item\":{\"@type\":\"WebPage\",\"@id\":\"https:\/\/drewmax.net.pl\/\",\"url\":\"https:\/\/drewmax.net.pl\/\",\"name\":\"Home\"}},{\"@type\":\"ListItem\",\"position\":2,\"item\":{\"@type\":\"WebPage\",\"@id\":\"https:\/\/drewmax.net.pl\/wbt\/\",\"url\":\"https:\/\/drewmax.net.pl\/wbt\/\",\"name\":\"P\\u00f3\\u0142automatyczna linia wa\\u017c\\u0105co pakuj\\u0105ca typ WB\/T\"}}]}]}<\/script>\n<!-- \/ Yoast SEO Premium plugin. -->","_links":{"self":[{"href":"https:\/\/drewmax.net.pl\/pt\/wp-json\/wp\/v2\/pages\/88"}],"collection":[{"href":"https:\/\/drewmax.net.pl\/pt\/wp-json\/wp\/v2\/pages"}],"about":[{"href":"https:\/\/drewmax.net.pl\/pt\/wp-json\/wp\/v2\/types\/page"}],"author":[{"embeddable":true,"href":"https:\/\/drewmax.net.pl\/pt\/wp-json\/wp\/v2\/users\/1"}],"replies":[{"embeddable":true,"href":"https:\/\/drewmax.net.pl\/pt\/wp-json\/wp\/v2\/comments?post=88"}],"version-history":[{"count":94,"href":"https:\/\/drewmax.net.pl\/pt\/wp-json\/wp\/v2\/pages\/88\/revisions"}],"predecessor-version":[{"id":31984,"href":"https:\/\/drewmax.net.pl\/pt\/wp-json\/wp\/v2\/pages\/88\/revisions\/31984"}],"wp:featuredmedia":[{"embeddable":true,"href":"https:\/\/drewmax.net.pl\/pt\/wp-json\/wp\/v2\/media\/12131"}],"wp:attachment":[{"href":"https:\/\/drewmax.net.pl\/pt\/wp-json\/wp\/v2\/media?parent=88"}],"curies":[{"name":"wp","href":"https:\/\/api.w.org\/{rel}","templated":true}]}}