{"id":186,"date":"2016-07-21T13:42:58","date_gmt":"2016-07-21T11:42:58","guid":{"rendered":"http:\/\/drewmax.net.pl\/?page_id=186"},"modified":"2025-04-02T12:14:10","modified_gmt":"2025-04-02T10:14:10","slug":"zbiornik-technologiczny","status":"publish","type":"page","link":"https:\/\/drewmax.net.pl\/pt\/zbiornik-technologiczny\/","title":{"rendered":"Zbiorniki technologiczne"},"content":{"rendered":"\t\t<div data-elementor-type=\"wp-post\" data-elementor-id=\"186\" class=\"elementor elementor-186\" data-elementor-settings=\"[]\">\n\t\t\t\t\t\t<div class=\"elementor-inner\">\n\t\t\t\t\t\t\t<div class=\"elementor-section-wrap\">\n\t\t\t\t\t\t\t<section class=\"elementor-section elementor-top-section elementor-element elementor-element-c747eeb elementor-section-boxed elementor-section-height-default elementor-section-height-default\" data-id=\"c747eeb\" data-element_type=\"section\" data-settings=\"{&quot;background_background&quot;:&quot;classic&quot;}\">\n\t\t\t\t\t\t<div class=\"elementor-container elementor-column-gap-default\">\n\t\t\t\t\t\t\t<div class=\"elementor-row\">\n\t\t\t\t\t<div class=\"elementor-column elementor-col-100 elementor-top-column elementor-element elementor-element-2f9f055\" data-id=\"2f9f055\" data-element_type=\"column\">\n\t\t\t<div class=\"elementor-column-wrap elementor-element-populated\">\n\t\t\t\t\t\t\t<div class=\"elementor-widget-wrap\">\n\t\t\t\t\t\t<div class=\"elementor-element elementor-element-9ef118e elementor-widget elementor-widget-heading\" data-id=\"9ef118e\" data-element_type=\"widget\" data-widget_type=\"heading.default\">\n\t\t\t\t<div class=\"elementor-widget-container\">\n\t\t\t<h2 class=\"elementor-heading-title elementor-size-xl\"> Tanques tecnol\u00f3gicos\n<\/h2>\t\t<\/div>\n\t\t\t\t<\/div>\n\t\t\t\t\t\t<\/div>\n\t\t\t\t\t<\/div>\n\t\t<\/div>\n\t\t\t\t\t\t\t\t<\/div>\n\t\t\t\t\t<\/div>\n\t\t<\/section>\n\t\t\t\t<section class=\"elementor-section elementor-top-section elementor-element elementor-element-80e1536 elementor-section-boxed elementor-section-height-default elementor-section-height-default\" data-id=\"80e1536\" data-element_type=\"section\" data-settings=\"{&quot;background_background&quot;:&quot;classic&quot;}\">\n\t\t\t\t\t\t<div class=\"elementor-container elementor-column-gap-default\">\n\t\t\t\t\t\t\t<div class=\"elementor-row\">\n\t\t\t\t\t<div class=\"elementor-column elementor-col-100 elementor-top-column elementor-element elementor-element-997c141\" data-id=\"997c141\" data-element_type=\"column\">\n\t\t\t<div class=\"elementor-column-wrap elementor-element-populated\">\n\t\t\t\t\t\t\t<div class=\"elementor-widget-wrap\">\n\t\t\t\t\t\t<div class=\"elementor-element elementor-element-27ad521 elementor-widget elementor-widget-text-editor\" data-id=\"27ad521\" data-element_type=\"widget\" data-widget_type=\"text-editor.default\">\n\t\t\t\t<div class=\"elementor-widget-container\">\n\t\t\t\t\t\t\t\t<div class=\"elementor-text-editor elementor-clearfix\">\n\t\t\t\t<p><br data-start=\"2398\" data-end=\"2401\" \/>A Drewmax \u00e9 um fabricante de uma ampla gama de tanques tecnol\u00f3gicos. Seu extenso parque de m\u00e1quinas permite \u00e0 empresa realizar at\u00e9 mesmo os projetos mais exigentes. Os tanques tecnol\u00f3gicos oferecidos podem ser equipados, entre outros, com tampas de inspe\u00e7\u00e3o, bocais de aspira\u00e7\u00e3o, conex\u00f5es de montagem para dispositivos adicionais, suportes de fixa\u00e7\u00e3o, etc.<\/p><p data-start=\"2761\" data-end=\"2854\">Dependendo do tipo de tanques fabricados pela Drewmax, esses produtos s\u00e3o classificados em:<\/p><ul data-start=\"2856\" data-end=\"2974\" data-is-last-node=\"\" data-is-only-node=\"\"><li data-start=\"2856\" data-end=\"2877\"><strong>Tanques soldados,<\/strong><\/li><li data-start=\"2878\" data-end=\"2903\"><strong>Tanques aparafusados,<\/strong><\/li><li data-start=\"2904\" data-end=\"2939\"><strong>Tanques de pain\u00e9is encaix\u00e1veis,<\/strong><\/li><li data-start=\"2940\" data-end=\"2974\" data-is-last-node=\"\"><strong>Tanques de pain\u00e9is aparafusados.<\/strong><\/li><\/ul><p data-start=\"526\" data-end=\"910\"><\/p>\t\t\t\t\t<\/div>\n\t\t\t\t\t\t<\/div>\n\t\t\t\t<\/div>\n\t\t\t\t\t\t<\/div>\n\t\t\t\t\t<\/div>\n\t\t<\/div>\n\t\t\t\t<div class=\"elementor-column elementor-col-100 elementor-top-column elementor-element elementor-element-ac180d6\" data-id=\"ac180d6\" data-element_type=\"column\">\n\t\t\t<div class=\"elementor-column-wrap elementor-element-populated\">\n\t\t\t\t\t\t\t<div class=\"elementor-widget-wrap\">\n\t\t\t\t\t\t<div class=\"elementor-element elementor-element-c26a46c elementor-widget elementor-widget-image\" data-id=\"c26a46c\" data-element_type=\"widget\" data-widget_type=\"image.default\">\n\t\t\t\t<div class=\"elementor-widget-container\">\n\t\t\t\t\t\t\t\t<div class=\"elementor-image\">\n\t\t\t\t\t\t\t\t\t\t\t\t<img width=\"548\" height=\"570\" src=\"https:\/\/drewmax.net.pl\/wp-content\/uploads\/2020\/10\/zt1-1.png\" class=\"attachment-large size-large\" alt=\"zbiorniki-technologiczne-1\" loading=\"lazy\" srcset=\"https:\/\/drewmax.net.pl\/wp-content\/uploads\/2020\/10\/zt1-1.png 548w, https:\/\/drewmax.net.pl\/wp-content\/uploads\/2020\/10\/zt1-1-288x300.png 288w\" sizes=\"(max-width: 548px) 100vw, 548px\" \/>\t\t\t\t\t\t\t\t\t\t\t\t\t\t<\/div>\n\t\t\t\t\t\t<\/div>\n\t\t\t\t<\/div>\n\t\t\t\t\t\t<\/div>\n\t\t\t\t\t<\/div>\n\t\t<\/div>\n\t\t\t\t\t\t\t\t<\/div>\n\t\t\t\t\t<\/div>\n\t\t<\/section>\n\t\t\t\t<section class=\"elementor-section elementor-top-section elementor-element elementor-element-48907f3 elementor-section-boxed elementor-section-height-default elementor-section-height-default\" data-id=\"48907f3\" data-element_type=\"section\" data-settings=\"{&quot;background_background&quot;:&quot;classic&quot;}\">\n\t\t\t\t\t\t<div class=\"elementor-container elementor-column-gap-default\">\n\t\t\t\t\t\t\t<div class=\"elementor-row\">\n\t\t\t\t\t<div class=\"elementor-column elementor-col-50 elementor-top-column elementor-element elementor-element-f72c8df\" data-id=\"f72c8df\" data-element_type=\"column\">\n\t\t\t<div class=\"elementor-column-wrap elementor-element-populated\">\n\t\t\t\t\t\t\t<div class=\"elementor-widget-wrap\">\n\t\t\t\t\t\t<div class=\"elementor-element elementor-element-e2386f1 elementor-widget elementor-widget-image\" data-id=\"e2386f1\" data-element_type=\"widget\" data-widget_type=\"image.default\">\n\t\t\t\t<div class=\"elementor-widget-container\">\n\t\t\t\t\t\t\t\t<div class=\"elementor-image\">\n\t\t\t\t\t\t\t\t\t\t\t\t<img width=\"411\" height=\"602\" src=\"https:\/\/drewmax.net.pl\/wp-content\/uploads\/2020\/10\/zt2-1.png\" class=\"attachment-large size-large\" alt=\"zbiorniki-technologiczne-2\" loading=\"lazy\" srcset=\"https:\/\/drewmax.net.pl\/wp-content\/uploads\/2020\/10\/zt2-1.png 411w, https:\/\/drewmax.net.pl\/wp-content\/uploads\/2020\/10\/zt2-1-205x300.png 205w\" sizes=\"(max-width: 411px) 100vw, 411px\" \/>\t\t\t\t\t\t\t\t\t\t\t\t\t\t<\/div>\n\t\t\t\t\t\t<\/div>\n\t\t\t\t<\/div>\n\t\t\t\t\t\t<\/div>\n\t\t\t\t\t<\/div>\n\t\t<\/div>\n\t\t\t\t<div class=\"elementor-column elementor-col-50 elementor-top-column elementor-element elementor-element-2462d36\" data-id=\"2462d36\" data-element_type=\"column\">\n\t\t\t<div class=\"elementor-column-wrap elementor-element-populated\">\n\t\t\t\t\t\t\t<div class=\"elementor-widget-wrap\">\n\t\t\t\t\t\t<div class=\"elementor-element elementor-element-bb49a42 elementor-widget elementor-widget-text-editor\" data-id=\"bb49a42\" data-element_type=\"widget\" data-widget_type=\"text-editor.default\">\n\t\t\t\t<div class=\"elementor-widget-container\">\n\t\t\t\t\t\t\t\t<div class=\"elementor-text-editor elementor-clearfix\">\n\t\t\t\t<p><br data-start=\"4285\" data-end=\"4288\" \/>Os tanques tecnol\u00f3gicos podem ser fabricados tanto em a\u00e7o carbono quanto em a\u00e7o inoxid\u00e1vel. No caso dos tanques de pain\u00e9is, podem ser utilizadas estruturas mistas \u2013 elementos internos em a\u00e7o inoxid\u00e1vel e elementos externos em a\u00e7o carbono pintado por pulveriza\u00e7\u00e3o.<\/p><p data-start=\"4555\" data-end=\"4748\"><strong data-start=\"4555\" data-end=\"4575\">Tanques soldados<\/strong> \u2013 Especialmente recomendados para a ind\u00fastria aliment\u00edcia quando fabricados em a\u00e7o inoxid\u00e1vel. Nossos tanques soldados se destacam pela alta precis\u00e3o das uni\u00f5es soldadas.<\/p><p data-start=\"4750\" data-end=\"4854\">Possu\u00edmos um parque de m\u00e1quinas que permite a fabrica\u00e7\u00e3o de tanques de grande porte e design especial.<\/p><p data-start=\"4856\" data-end=\"5134\"><strong data-start=\"4856\" data-end=\"4880\">Tanques aparafusados<\/strong> \u2013 Em locais onde n\u00e3o \u00e9 poss\u00edvel instalar tanques soldados entregues inteiros, utilizam-se tanques aparafusados. Eles s\u00e3o fabricados como m\u00f3dulos monobloco especialmente projetados, que podem ser facilmente transportados e montados no local do cliente.<\/p><p data-start=\"5136\" data-end=\"5306\" data-is-last-node=\"\" data-is-only-node=\"\"><strong data-start=\"5136\" data-end=\"5183\">Tanques de pain\u00e9is encaix\u00e1veis\/aparafusados<\/strong> \u2013 Os tanques de pain\u00e9is s\u00e3o usados principalmente como estruturas autoportantes para o armazenamento de produtos a granel.<\/p><p data-start=\"0\" data-end=\"316\"><\/p>\t\t\t\t\t<\/div>\n\t\t\t\t\t\t<\/div>\n\t\t\t\t<\/div>\n\t\t\t\t\t\t<\/div>\n\t\t\t\t\t<\/div>\n\t\t<\/div>\n\t\t\t\t\t\t\t\t<\/div>\n\t\t\t\t\t<\/div>\n\t\t<\/section>\n\t\t\t\t<section class=\"elementor-section elementor-top-section elementor-element elementor-element-2ad48a3 elementor-section-boxed elementor-section-height-default elementor-section-height-default\" data-id=\"2ad48a3\" data-element_type=\"section\" data-settings=\"{&quot;background_background&quot;:&quot;classic&quot;}\">\n\t\t\t\t\t\t<div class=\"elementor-container elementor-column-gap-default\">\n\t\t\t\t\t\t\t<div class=\"elementor-row\">\n\t\t\t\t\t<div class=\"elementor-column elementor-col-50 elementor-top-column elementor-element elementor-element-73039ae\" data-id=\"73039ae\" data-element_type=\"column\">\n\t\t\t<div class=\"elementor-column-wrap elementor-element-populated\">\n\t\t\t\t\t\t\t<div class=\"elementor-widget-wrap\">\n\t\t\t\t\t\t<div class=\"elementor-element elementor-element-cee2eef elementor-widget elementor-widget-text-editor\" data-id=\"cee2eef\" data-element_type=\"widget\" data-widget_type=\"text-editor.default\">\n\t\t\t\t<div class=\"elementor-widget-container\">\n\t\t\t\t\t\t\t\t<div class=\"elementor-text-editor elementor-clearfix\">\n\t\t\t\t<p><br data-start=\"1914\" data-end=\"1917\" \/>Os pain\u00e9is do tanque s\u00e3o compostos por duas chapas met\u00e1licas unidas entre si por chapas em forma de C. O espa\u00e7o entre as chapas \u00e9 preenchido com ar, impedindo que o produto dentro do tanque entre em contato com a umidade que pode se condensar entre as paredes dos pain\u00e9is.<\/p><p data-start=\"2193\" data-end=\"2329\" data-is-last-node=\"\" data-is-only-node=\"\">S\u00e3o fabricados com tecnologia de encaixe, sem conex\u00f5es aparafusadas nos pilares de sustenta\u00e7\u00e3o do tanque, ou com tecnologia aparafusada.<\/p><p data-start=\"0\" data-end=\"286\"><\/p>\t\t\t\t\t<\/div>\n\t\t\t\t\t\t<\/div>\n\t\t\t\t<\/div>\n\t\t\t\t\t\t<\/div>\n\t\t\t\t\t<\/div>\n\t\t<\/div>\n\t\t\t\t<div class=\"elementor-column elementor-col-50 elementor-top-column elementor-element elementor-element-4440af2\" data-id=\"4440af2\" data-element_type=\"column\">\n\t\t\t<div class=\"elementor-column-wrap elementor-element-populated\">\n\t\t\t\t\t\t\t<div class=\"elementor-widget-wrap\">\n\t\t\t\t\t\t<div class=\"elementor-element elementor-element-9c9bf1e elementor-widget elementor-widget-image\" data-id=\"9c9bf1e\" data-element_type=\"widget\" data-widget_type=\"image.default\">\n\t\t\t\t<div class=\"elementor-widget-container\">\n\t\t\t\t\t\t\t\t<div class=\"elementor-image\">\n\t\t\t\t\t\t\t\t\t\t\t\t<img width=\"408\" height=\"688\" src=\"https:\/\/drewmax.net.pl\/wp-content\/uploads\/2020\/10\/zt3-1.png\" class=\"attachment-large size-large\" alt=\"zbiorniki-technologiczne-3\" loading=\"lazy\" srcset=\"https:\/\/drewmax.net.pl\/wp-content\/uploads\/2020\/10\/zt3-1.png 408w, https:\/\/drewmax.net.pl\/wp-content\/uploads\/2020\/10\/zt3-1-178x300.png 178w\" sizes=\"(max-width: 408px) 100vw, 408px\" \/>\t\t\t\t\t\t\t\t\t\t\t\t\t\t<\/div>\n\t\t\t\t\t\t<\/div>\n\t\t\t\t<\/div>\n\t\t\t\t\t\t<\/div>\n\t\t\t\t\t<\/div>\n\t\t<\/div>\n\t\t\t\t\t\t\t\t<\/div>\n\t\t\t\t\t<\/div>\n\t\t<\/section>\n\t\t\t\t<section class=\"elementor-section elementor-top-section elementor-element elementor-element-885aed1 elementor-section-boxed elementor-section-height-default elementor-section-height-default\" data-id=\"885aed1\" data-element_type=\"section\" data-settings=\"{&quot;background_background&quot;:&quot;classic&quot;}\">\n\t\t\t\t\t\t<div class=\"elementor-container elementor-column-gap-default\">\n\t\t\t\t\t\t\t<div class=\"elementor-row\">\n\t\t\t\t\t<div class=\"elementor-column elementor-col-100 elementor-top-column elementor-element elementor-element-ed44577\" data-id=\"ed44577\" data-element_type=\"column\">\n\t\t\t<div class=\"elementor-column-wrap elementor-element-populated\">\n\t\t\t\t\t\t\t<div class=\"elementor-widget-wrap\">\n\t\t\t\t\t\t<div class=\"elementor-element elementor-element-cb35f71 elementor-align-center elementor-widget elementor-widget-button\" data-id=\"cb35f71\" data-element_type=\"widget\" data-widget_type=\"button.default\">\n\t\t\t\t<div class=\"elementor-widget-container\">\n\t\t\t\t\t<div class=\"elementor-button-wrapper\">\n\t\t\t<a href=\"https:\/\/drewmax.net.pl\/wp-content\/uploads\/2025\/03\/zbiorniki-front_PT.pdf\" target=\"_blank\" class=\"elementor-button-link elementor-button elementor-size-lg\" role=\"button\">\n\t\t\t\t\t\t<span class=\"elementor-button-content-wrapper\">\n\t\t\t\t\t\t<span class=\"elementor-button-icon elementor-align-icon-right\">\n\t\t\t\t<i aria-hidden=\"true\" class=\"fas fa-download\"><\/i>\t\t\t<\/span>\n\t\t\t\t\t\t<span class=\"elementor-button-text\">   Baixar a ficha t\u00e9cnica do produto<\/span>\n\t\t<\/span>\n\t\t\t\t\t<\/a>\n\t\t<\/div>\n\t\t\t\t<\/div>\n\t\t\t\t<\/div>\n\t\t\t\t<div class=\"elementor-element elementor-element-f242ccd elementor-align-center elementor-widget elementor-widget-button\" data-id=\"f242ccd\" data-element_type=\"widget\" data-widget_type=\"button.default\">\n\t\t\t\t<div class=\"elementor-widget-container\">\n\t\t\t\t\t<div class=\"elementor-button-wrapper\">\n\t\t\t<a href=\"https:\/\/drewmax.net.pl\/produkty\/\" class=\"elementor-button-link elementor-button elementor-size-md\" role=\"button\">\n\t\t\t\t\t\t<span class=\"elementor-button-content-wrapper\">\n\t\t\t\t\t\t<span class=\"elementor-button-text\"><\/span>\n\t\t<\/span>\n\t\t\t\t\t<\/a>\n\t\t<\/div>\n\t\t\t\t<\/div>\n\t\t\t\t<\/div>\n\t\t\t\t\t\t<\/div>\n\t\t\t\t\t<\/div>\n\t\t<\/div>\n\t\t\t\t\t\t\t\t<\/div>\n\t\t\t\t\t<\/div>\n\t\t<\/section>\n\t\t\t\t\t\t<\/div>\n\t\t\t\t\t\t<\/div>\n\t\t\t\t\t<\/div>\n\t\t","protected":false},"excerpt":{"rendered":"<p>Tanques tecnol\u00f3gicos A Drewmax \u00e9 um fabricante de uma ampla gama de tanques tecnol\u00f3gicos. Seu extenso parque de m\u00e1quinas permite \u00e0 empresa realizar at\u00e9 mesmo os projetos mais exigentes. Os tanques tecnol\u00f3gicos oferecidos podem ser equipados, entre outros, com tampas de inspe\u00e7\u00e3o, bocais de aspira\u00e7\u00e3o, conex\u00f5es de montagem para dispositivos adicionais, suportes de fixa\u00e7\u00e3o, etc.&hellip;<\/p>\n","protected":false},"author":1,"featured_media":12252,"parent":0,"menu_order":0,"comment_status":"closed","ping_status":"closed","template":"","meta":[],"yoast_head":"<!-- This site is optimized with the Yoast SEO Premium plugin v15.5 - https:\/\/yoast.com\/wordpress\/plugins\/seo\/ -->\n<title>Zbiorniki Technologiczne - wa\u017cenie pakowanie paletyzacja stretch<\/title>\n<meta name=\"description\" content=\"zbiorniki technologiczne paletryzator pakowanie wa\u017cenie linia wa\u017c\u0105co - pakuj\u0105ca mikrodozowanie pobieranie pr\u00f3bek automatyka przemys\u0142owa\" \/>\n<meta name=\"robots\" content=\"index, follow, max-snippet:-1, max-image-preview:large, max-video-preview:-1\" \/>\n<link rel=\"canonical\" href=\"https:\/\/drewmax.net.pl\/zbiornik-technologiczny\/\" \/>\n<meta property=\"og:locale\" content=\"pt_PT\" \/>\n<meta property=\"og:type\" content=\"article\" \/>\n<meta property=\"og:title\" content=\"Zbiorniki Technologiczne - wa\u017cenie pakowanie paletyzacja stretch\" \/>\n<meta property=\"og:description\" content=\"zbiorniki technologiczne paletryzator pakowanie wa\u017cenie linia wa\u017c\u0105co - pakuj\u0105ca mikrodozowanie pobieranie pr\u00f3bek automatyka przemys\u0142owa\" \/>\n<meta property=\"og:url\" content=\"https:\/\/drewmax.net.pl\/zbiornik-technologiczny\/\" \/>\n<meta property=\"og:site_name\" content=\"(Polski) Drewmax - Wa\u017cenie | Pakowanie | Paletyzacja | Automatyka\" \/>\n<meta property=\"article:publisher\" content=\"https:\/\/www.facebook.com\/Drewmax-111641623604429\/\" \/>\n<meta property=\"article:modified_time\" content=\"2025-04-02T10:14:10+00:00\" \/>\n<meta name=\"twitter:card\" content=\"summary_large_image\" \/>\n<meta name=\"twitter:label1\" content=\"Tempo estimado de leitura\">\n\t<meta name=\"twitter:data1\" content=\"9 minutos\">\n<script type=\"application\/ld+json\" class=\"yoast-schema-graph\">{\"@context\":\"https:\/\/schema.org\",\"@graph\":[{\"@type\":\"Organization\",\"@id\":\"https:\/\/drewmax.net.pl\/en\/#organization\",\"name\":\"DREWMAX Sp\\u00f3\\u0142ka z o.o.\",\"url\":\"https:\/\/drewmax.net.pl\/en\/\",\"sameAs\":[\"https:\/\/www.facebook.com\/Drewmax-111641623604429\/\",\"https:\/\/www.instagram.com\/drewmax.net.pl\/\",\"https:\/\/www.youtube.com\/channel\/UCCS8U5F8gSyJAlSWjxgbLRQ\"],\"logo\":{\"@type\":\"ImageObject\",\"@id\":\"https:\/\/drewmax.net.pl\/en\/#logo\",\"inLanguage\":\"pt-PT\",\"url\":\"\",\"caption\":\"DREWMAX Sp\\u00f3\\u0142ka z o.o.\"},\"image\":{\"@id\":\"https:\/\/drewmax.net.pl\/en\/#logo\"}},{\"@type\":\"WebSite\",\"@id\":\"https:\/\/drewmax.net.pl\/en\/#website\",\"url\":\"https:\/\/drewmax.net.pl\/en\/\",\"name\":\"(Polski) Drewmax - Wa\\u017cenie | Pakowanie | Paletyzacja | Automatyka\",\"description\":\"\",\"publisher\":{\"@id\":\"https:\/\/drewmax.net.pl\/en\/#organization\"},\"potentialAction\":[{\"@type\":\"SearchAction\",\"target\":\"https:\/\/drewmax.net.pl\/en\/?s={search_term_string}\",\"query-input\":\"required name=search_term_string\"}],\"inLanguage\":\"pt-PT\"},{\"@type\":\"ImageObject\",\"@id\":\"https:\/\/drewmax.net.pl\/zbiornik-technologiczny\/#primaryimage\",\"inLanguage\":\"pt-PT\",\"url\":\"\"},{\"@type\":\"WebPage\",\"@id\":\"https:\/\/drewmax.net.pl\/zbiornik-technologiczny\/#webpage\",\"url\":\"https:\/\/drewmax.net.pl\/zbiornik-technologiczny\/\",\"name\":\"Zbiorniki Technologiczne - wa\\u017cenie pakowanie paletyzacja stretch\",\"isPartOf\":{\"@id\":\"https:\/\/drewmax.net.pl\/en\/#website\"},\"primaryImageOfPage\":{\"@id\":\"https:\/\/drewmax.net.pl\/zbiornik-technologiczny\/#primaryimage\"},\"datePublished\":\"2016-07-21T11:42:58+00:00\",\"dateModified\":\"2025-04-02T10:14:10+00:00\",\"description\":\"zbiorniki technologiczne paletryzator pakowanie wa\\u017cenie linia wa\\u017c\\u0105co - pakuj\\u0105ca mikrodozowanie pobieranie pr\\u00f3bek automatyka przemys\\u0142owa\",\"breadcrumb\":{\"@id\":\"https:\/\/drewmax.net.pl\/zbiornik-technologiczny\/#breadcrumb\"},\"inLanguage\":\"pt-PT\",\"potentialAction\":[{\"@type\":\"ReadAction\",\"target\":[\"https:\/\/drewmax.net.pl\/zbiornik-technologiczny\/\"]}]},{\"@type\":\"BreadcrumbList\",\"@id\":\"https:\/\/drewmax.net.pl\/zbiornik-technologiczny\/#breadcrumb\",\"itemListElement\":[{\"@type\":\"ListItem\",\"position\":1,\"item\":{\"@type\":\"WebPage\",\"@id\":\"https:\/\/drewmax.net.pl\/\",\"url\":\"https:\/\/drewmax.net.pl\/\",\"name\":\"Home\"}},{\"@type\":\"ListItem\",\"position\":2,\"item\":{\"@type\":\"WebPage\",\"@id\":\"https:\/\/drewmax.net.pl\/zbiornik-technologiczny\/\",\"url\":\"https:\/\/drewmax.net.pl\/zbiornik-technologiczny\/\",\"name\":\"Zbiorniki technologiczne\"}}]}]}<\/script>\n<!-- \/ Yoast SEO Premium plugin. -->","_links":{"self":[{"href":"https:\/\/drewmax.net.pl\/pt\/wp-json\/wp\/v2\/pages\/186"}],"collection":[{"href":"https:\/\/drewmax.net.pl\/pt\/wp-json\/wp\/v2\/pages"}],"about":[{"href":"https:\/\/drewmax.net.pl\/pt\/wp-json\/wp\/v2\/types\/page"}],"author":[{"embeddable":true,"href":"https:\/\/drewmax.net.pl\/pt\/wp-json\/wp\/v2\/users\/1"}],"replies":[{"embeddable":true,"href":"https:\/\/drewmax.net.pl\/pt\/wp-json\/wp\/v2\/comments?post=186"}],"version-history":[{"count":114,"href":"https:\/\/drewmax.net.pl\/pt\/wp-json\/wp\/v2\/pages\/186\/revisions"}],"predecessor-version":[{"id":32026,"href":"https:\/\/drewmax.net.pl\/pt\/wp-json\/wp\/v2\/pages\/186\/revisions\/32026"}],"wp:featuredmedia":[{"embeddable":true,"href":"https:\/\/drewmax.net.pl\/pt\/wp-json\/wp\/v2\/media\/12252"}],"wp:attachment":[{"href":"https:\/\/drewmax.net.pl\/pt\/wp-json\/wp\/v2\/media?parent=186"}],"curies":[{"name":"wp","href":"https:\/\/api.w.org\/{rel}","templated":true}]}}