{"id":178,"date":"2016-07-21T13:36:39","date_gmt":"2016-07-21T11:36:39","guid":{"rendered":"http:\/\/drewmax.net.pl\/?page_id=178"},"modified":"2025-04-04T07:18:20","modified_gmt":"2025-04-04T05:18:20","slug":"wagopakowarka-do-workow-otwartych-stojak","status":"publish","type":"page","link":"https:\/\/drewmax.net.pl\/pt\/wagopakowarka-do-workow-otwartych-stojak\/","title":{"rendered":"Wagopakowarka do work\u00f3w otwartych \u2013 \u201estojak\u201d"},"content":{"rendered":"\t\t<div data-elementor-type=\"wp-post\" data-elementor-id=\"178\" class=\"elementor elementor-178\" data-elementor-settings=\"[]\">\n\t\t\t\t\t\t<div class=\"elementor-inner\">\n\t\t\t\t\t\t\t<div class=\"elementor-section-wrap\">\n\t\t\t\t\t\t\t<section class=\"elementor-section elementor-top-section elementor-element elementor-element-be2d9f1 elementor-section-boxed elementor-section-height-default elementor-section-height-default\" data-id=\"be2d9f1\" data-element_type=\"section\" data-settings=\"{&quot;background_background&quot;:&quot;classic&quot;}\">\n\t\t\t\t\t\t<div class=\"elementor-container elementor-column-gap-default\">\n\t\t\t\t\t\t\t<div class=\"elementor-row\">\n\t\t\t\t\t<div class=\"elementor-column elementor-col-100 elementor-top-column elementor-element elementor-element-909b35e\" data-id=\"909b35e\" data-element_type=\"column\">\n\t\t\t<div class=\"elementor-column-wrap elementor-element-populated\">\n\t\t\t\t\t\t\t<div class=\"elementor-widget-wrap\">\n\t\t\t\t\t\t<div class=\"elementor-element elementor-element-4cde12c elementor-widget elementor-widget-heading\" data-id=\"4cde12c\" data-element_type=\"widget\" data-widget_type=\"heading.default\">\n\t\t\t\t<div class=\"elementor-widget-container\">\n\t\t\t<h2 class=\"elementor-heading-title elementor-size-xl\"> Balan\u00e7a dosadora para sacos abertos \"Stojak\"\n<\/h2>\t\t<\/div>\n\t\t\t\t<\/div>\n\t\t\t\t\t\t<\/div>\n\t\t\t\t\t<\/div>\n\t\t<\/div>\n\t\t\t\t\t\t\t\t<\/div>\n\t\t\t\t\t<\/div>\n\t\t<\/section>\n\t\t\t\t<section class=\"elementor-section elementor-top-section elementor-element elementor-element-d340a2c elementor-section-boxed elementor-section-height-default elementor-section-height-default\" data-id=\"d340a2c\" data-element_type=\"section\" data-settings=\"{&quot;background_background&quot;:&quot;classic&quot;}\">\n\t\t\t\t\t\t<div class=\"elementor-container elementor-column-gap-default\">\n\t\t\t\t\t\t\t<div class=\"elementor-row\">\n\t\t\t\t\t<div class=\"elementor-column elementor-col-50 elementor-top-column elementor-element elementor-element-d0463cc\" data-id=\"d0463cc\" data-element_type=\"column\">\n\t\t\t<div class=\"elementor-column-wrap elementor-element-populated\">\n\t\t\t\t\t\t\t<div class=\"elementor-widget-wrap\">\n\t\t\t\t\t\t<div class=\"elementor-element elementor-element-390d951 elementor-widget elementor-widget-text-editor\" data-id=\"390d951\" data-element_type=\"widget\" data-widget_type=\"text-editor.default\">\n\t\t\t\t<div class=\"elementor-widget-container\">\n\t\t\t\t\t\t\t\t<div class=\"elementor-text-editor elementor-clearfix\">\n\t\t\t\t<p><br data-start=\"3672\" data-end=\"3675\" \/>A <strong data-start=\"3677\" data-end=\"3719\">ensacadora pesadora para sacos abertos<\/strong>, tamb\u00e9m chamada de &#8220;suporte&#8221;, \u00e9 um equipamento projetado para a pesagem e enchimento corretos do saco. Todas as opera\u00e7\u00f5es adicionais (costura, selagem t\u00e9rmica, aplica\u00e7\u00e3o de fita crepe, etc.) para o fechamento do saco devem ser realizadas em uma esta\u00e7\u00e3o separada.<\/p><p data-start=\"3986\" data-end=\"4175\">A ensacadora pesadora \u00e9 destinada \u00e0 pesagem e embalagem de <strong data-start=\"4045\" data-end=\"4087\">produtos a granel, granulados ou em p\u00f3<\/strong>. Dependendo do tipo de produto embalado, podem ser utilizados os seguintes dosadores:<\/p><ul data-start=\"4177\" data-end=\"4237\"><li data-start=\"4177\" data-end=\"4194\">Gravitacional<\/li><li data-start=\"4195\" data-end=\"4207\">De rosca<\/li><li data-start=\"4208\" data-end=\"4222\">De correia<\/li><li data-start=\"4223\" data-end=\"4237\">Vibrat\u00f3rio<\/li><\/ul><p data-start=\"4239\" data-end=\"4422\">Neste equipamento, o sistema de pesagem est\u00e1 integrado ao bocal de enchimento, e durante a dosagem, o pr\u00f3prio saco atua como plataforma de pesagem \u2013 este \u00e9 o chamado <strong data-start=\"4405\" data-end=\"4419\">peso bruto<\/strong>.<\/p><p data-start=\"4424\" data-end=\"4566\" data-is-last-node=\"\" data-is-only-node=\"\">A ensacadora pesadora pode ser equipada com um m\u00f3dulo de fechamento de sacos com uma correia transportadora \u2013 o <strong data-start=\"4536\" data-end=\"4565\">m\u00f3dulo de embalagem LPack<\/strong>.<\/p><p data-start=\"0\" data-end=\"322\"><\/p><div>\u00a0<\/div><\/div>\t\t\t\t\t<\/div>\n\t\t\t\t\t\t<\/div>\n\t\t\t\t<\/div>\n\t\t\t\t\t\t<\/div>\n\t\t\t\t\t<\/div>\n\t\t<\/div>\n\t\t\t\t<div class=\"elementor-column elementor-col-50 elementor-top-column elementor-element elementor-element-617557e\" data-id=\"617557e\" data-element_type=\"column\">\n\t\t\t<div class=\"elementor-column-wrap elementor-element-populated\">\n\t\t\t\t\t\t\t<div class=\"elementor-widget-wrap\">\n\t\t\t\t\t\t<div class=\"elementor-element elementor-element-b41426b elementor-widget elementor-widget-image\" data-id=\"b41426b\" data-element_type=\"widget\" data-widget_type=\"image.default\">\n\t\t\t\t<div class=\"elementor-widget-container\">\n\t\t\t\t\t\t\t\t<div class=\"elementor-image\">\n\t\t\t\t\t\t\t\t\t\t\t\t<img width=\"454\" height=\"735\" src=\"https:\/\/drewmax.net.pl\/wp-content\/uploads\/2020\/10\/stojak-1.png\" class=\"attachment-large size-large\" alt=\"\" loading=\"lazy\" srcset=\"https:\/\/drewmax.net.pl\/wp-content\/uploads\/2020\/10\/stojak-1.png 454w, https:\/\/drewmax.net.pl\/wp-content\/uploads\/2020\/10\/stojak-1-185x300.png 185w\" sizes=\"(max-width: 454px) 100vw, 454px\" \/>\t\t\t\t\t\t\t\t\t\t\t\t\t\t<\/div>\n\t\t\t\t\t\t<\/div>\n\t\t\t\t<\/div>\n\t\t\t\t\t\t<\/div>\n\t\t\t\t\t<\/div>\n\t\t<\/div>\n\t\t\t\t\t\t\t\t<\/div>\n\t\t\t\t\t<\/div>\n\t\t<\/section>\n\t\t\t\t<section class=\"elementor-section elementor-top-section elementor-element elementor-element-42d844e elementor-section-boxed elementor-section-height-default elementor-section-height-default\" data-id=\"42d844e\" data-element_type=\"section\" data-settings=\"{&quot;background_background&quot;:&quot;classic&quot;}\">\n\t\t\t\t\t\t<div class=\"elementor-container elementor-column-gap-default\">\n\t\t\t\t\t\t\t<div class=\"elementor-row\">\n\t\t\t\t\t<div class=\"elementor-column elementor-col-100 elementor-top-column elementor-element elementor-element-3a247b9\" data-id=\"3a247b9\" data-element_type=\"column\">\n\t\t\t<div class=\"elementor-column-wrap elementor-element-populated\">\n\t\t\t\t\t\t\t<div class=\"elementor-widget-wrap\">\n\t\t\t\t\t\t<div class=\"elementor-element elementor-element-e1d0175 elementor-widget elementor-widget-text-editor\" data-id=\"e1d0175\" data-element_type=\"widget\" data-widget_type=\"text-editor.default\">\n\t\t\t\t<div class=\"elementor-widget-container\">\n\t\t\t\t\t\t\t\t<div class=\"elementor-text-editor elementor-clearfix\">\n\t\t\t\t<p>\u00a0<\/p><p data-start=\"2077\" data-end=\"2123\"><span style=\"text-decoration: underline;\"><strong data-start=\"2082\" data-end=\"2121\">Componentes b\u00e1sicos do equipamento:<\/strong><\/span><\/p><ul data-start=\"2124\" data-end=\"2351\"><li data-start=\"2124\" data-end=\"2148\">Estrutura de suporte<\/li><li data-start=\"2149\" data-end=\"2188\">Balan\u00e7a eletr\u00f4nica de pesagem bruta<\/li><li data-start=\"2189\" data-end=\"2200\">Dosador<\/li><li data-start=\"2201\" data-end=\"2217\">Bocal aberto<\/li><li data-start=\"2218\" data-end=\"2309\">Sistema de controle intuitivo baseado em PLC Siemens\/Proface com tela sens\u00edvel ao toque<\/li><li data-start=\"2310\" data-end=\"2351\">Acionamentos de fabricantes renomados<\/li><\/ul><p data-start=\"2353\" data-end=\"2387\"><span style=\"text-decoration: underline;\"><strong data-start=\"2358\" data-end=\"2385\">Equipamentos opcionais:<\/strong><\/span><\/p><ul data-start=\"2388\" data-end=\"2547\"><li data-start=\"2388\" data-end=\"2430\">Sistema de extra\u00e7\u00e3o do produto no saco<\/li><li data-start=\"2431\" data-end=\"2472\">Sistema de vibra\u00e7\u00e3o para o saco cheio<\/li><li data-start=\"2473\" data-end=\"2514\">Sistema de limpeza de transportadores<\/li><li data-start=\"2515\" data-end=\"2547\">Tanque tamp\u00e3o para sobrepeso<\/li><\/ul><p data-start=\"0\" data-end=\"39\"><\/p>\t\t\t\t\t<\/div>\n\t\t\t\t\t\t<\/div>\n\t\t\t\t<\/div>\n\t\t\t\t\t\t<\/div>\n\t\t\t\t\t<\/div>\n\t\t<\/div>\n\t\t\t\t<div class=\"elementor-column elementor-col-100 elementor-top-column elementor-element elementor-element-0e4abc0\" data-id=\"0e4abc0\" data-element_type=\"column\">\n\t\t\t<div class=\"elementor-column-wrap elementor-element-populated\">\n\t\t\t\t\t\t\t<div class=\"elementor-widget-wrap\">\n\t\t\t\t\t\t<div class=\"elementor-element elementor-element-f2af92a elementor-widget elementor-widget-text-editor\" data-id=\"f2af92a\" data-element_type=\"widget\" data-widget_type=\"text-editor.default\">\n\t\t\t\t<div class=\"elementor-widget-container\">\n\t\t\t\t\t\t\t\t<div class=\"elementor-text-editor elementor-clearfix\">\n\t\t\t\t<p><\/p><p data-start=\"2807\" data-end=\"2846\"><span style=\"text-decoration: underline;\"><strong>Par\u00e2metros t\u00e9cnicos b\u00e1sicos:<\/strong><\/span><\/p><ul data-start=\"2847\" data-end=\"3451\"><li data-start=\"2847\" data-end=\"2881\">Massa m\u00e1xima por por\u00e7\u00e3o: 50 kg<\/li><li data-start=\"2882\" data-end=\"2916\">Massa m\u00ednima por por\u00e7\u00e3o: 10 kg<\/li><li data-start=\"2917\" data-end=\"3039\">Capacidade da linha: at\u00e9 220 por\u00e7\u00f5es\/hora (dependendo do operador, das propriedades do produto e do tamanho da por\u00e7\u00e3o)<\/li><li data-start=\"3040\" data-end=\"3218\">Tipo de sacos: sacos abertos de papel multicamada (at\u00e9 4 camadas), recomendados com fundo dobrado sem pregas laterais, sacos de filme PE, sacos de polipropileno PP revestidos<\/li><li data-start=\"3219\" data-end=\"3252\">Largura do saco: 450 \u2013 650 mm<\/li><li data-start=\"3253\" data-end=\"3291\">Comprimento do saco: 600 \u2013 1100 mm<\/li><li data-start=\"3292\" data-end=\"3331\">Alimenta\u00e7\u00e3o el\u00e9trica: 3 x 400V 50Hz<\/li><li data-start=\"3332\" data-end=\"3368\">Pot\u00eancia m\u00e1xima necess\u00e1ria: 3 kW<\/li><li data-start=\"3369\" data-end=\"3414\">Fornecimento de ar comprimido: 5 \u2013 10 bar<\/li><li data-start=\"3415\" data-end=\"3451\">Consumo de ar comprimido: 100 Nl<\/li><\/ul><p data-start=\"0\" data-end=\"39\"><\/p>\t\t\t\t\t<\/div>\n\t\t\t\t\t\t<\/div>\n\t\t\t\t<\/div>\n\t\t\t\t\t\t<\/div>\n\t\t\t\t\t<\/div>\n\t\t<\/div>\n\t\t\t\t\t\t\t\t<\/div>\n\t\t\t\t\t<\/div>\n\t\t<\/section>\n\t\t\t\t<section class=\"elementor-section elementor-top-section elementor-element elementor-element-ccc59d8 elementor-section-full_width elementor-section-height-default elementor-section-height-default\" data-id=\"ccc59d8\" data-element_type=\"section\">\n\t\t\t\t\t\t<div class=\"elementor-container elementor-column-gap-default\">\n\t\t\t\t\t\t\t<div class=\"elementor-row\">\n\t\t\t\t\t<div class=\"elementor-column elementor-col-100 elementor-top-column elementor-element elementor-element-4741318\" data-id=\"4741318\" data-element_type=\"column\" data-settings=\"{&quot;background_background&quot;:&quot;classic&quot;}\">\n\t\t\t<div class=\"elementor-column-wrap elementor-element-populated\">\n\t\t\t\t\t\t\t<div class=\"elementor-widget-wrap\">\n\t\t\t\t\t\t<div class=\"elementor-element elementor-element-01e24e7 elementor-widget elementor-widget-spacer\" data-id=\"01e24e7\" data-element_type=\"widget\" data-widget_type=\"spacer.default\">\n\t\t\t\t<div class=\"elementor-widget-container\">\n\t\t\t\t\t<div class=\"elementor-spacer\">\n\t\t\t<div class=\"elementor-spacer-inner\"><\/div>\n\t\t<\/div>\n\t\t\t\t<\/div>\n\t\t\t\t<\/div>\n\t\t\t\t\t\t<\/div>\n\t\t\t\t\t<\/div>\n\t\t<\/div>\n\t\t\t\t\t\t\t\t<\/div>\n\t\t\t\t\t<\/div>\n\t\t<\/section>\n\t\t\t\t<section class=\"elementor-section elementor-top-section elementor-element elementor-element-b26df61 elementor-section-full_width elementor-section-height-default elementor-section-height-default\" data-id=\"b26df61\" data-element_type=\"section\">\n\t\t\t\t\t\t<div class=\"elementor-container elementor-column-gap-default\">\n\t\t\t\t\t\t\t<div class=\"elementor-row\">\n\t\t\t\t\t<div class=\"elementor-column elementor-col-100 elementor-top-column elementor-element elementor-element-6cd2862\" data-id=\"6cd2862\" data-element_type=\"column\" data-settings=\"{&quot;background_background&quot;:&quot;classic&quot;}\">\n\t\t\t<div class=\"elementor-column-wrap elementor-element-populated\">\n\t\t\t\t\t\t\t<div class=\"elementor-widget-wrap\">\n\t\t\t\t\t\t<div class=\"elementor-element elementor-element-111606d elementor-widget elementor-widget-spacer\" data-id=\"111606d\" data-element_type=\"widget\" data-widget_type=\"spacer.default\">\n\t\t\t\t<div class=\"elementor-widget-container\">\n\t\t\t\t\t<div class=\"elementor-spacer\">\n\t\t\t<div class=\"elementor-spacer-inner\"><\/div>\n\t\t<\/div>\n\t\t\t\t<\/div>\n\t\t\t\t<\/div>\n\t\t\t\t<div class=\"elementor-element elementor-element-f6bda0f elementor-align-center elementor-widget elementor-widget-button\" data-id=\"f6bda0f\" data-element_type=\"widget\" data-widget_type=\"button.default\">\n\t\t\t\t<div class=\"elementor-widget-container\">\n\t\t\t\t\t<div class=\"elementor-button-wrapper\">\n\t\t\t<a href=\"https:\/\/drewmax.net.pl\/wp-content\/uploads\/2025\/03\/stojak_PT.pdf\" class=\"elementor-button-link elementor-button elementor-size-lg\" role=\"button\">\n\t\t\t\t\t\t<span class=\"elementor-button-content-wrapper\">\n\t\t\t\t\t\t<span class=\"elementor-button-icon elementor-align-icon-right\">\n\t\t\t\t<i aria-hidden=\"true\" class=\"fas fa-download\"><\/i>\t\t\t<\/span>\n\t\t\t\t\t\t<span class=\"elementor-button-text\"> Baixar a ficha t\u00e9cnica do produto<\/span>\n\t\t<\/span>\n\t\t\t\t\t<\/a>\n\t\t<\/div>\n\t\t\t\t<\/div>\n\t\t\t\t<\/div>\n\t\t\t\t\t\t<\/div>\n\t\t\t\t\t<\/div>\n\t\t<\/div>\n\t\t\t\t\t\t\t\t<\/div>\n\t\t\t\t\t<\/div>\n\t\t<\/section>\n\t\t\t\t\t\t<\/div>\n\t\t\t\t\t\t<\/div>\n\t\t\t\t\t<\/div>\n\t\t","protected":false},"excerpt":{"rendered":"<p>Balan\u00e7a dosadora para sacos abertos &#8220;Stojak&#8221; A ensacadora pesadora para sacos abertos, tamb\u00e9m chamada de &#8220;suporte&#8221;, \u00e9 um equipamento projetado para a pesagem e enchimento corretos do saco. Todas as opera\u00e7\u00f5es adicionais (costura, selagem t\u00e9rmica, aplica\u00e7\u00e3o de fita crepe, etc.) para o fechamento do saco devem ser realizadas em uma esta\u00e7\u00e3o separada. A ensacadora pesadora&hellip;<\/p>\n","protected":false},"author":1,"featured_media":12261,"parent":0,"menu_order":0,"comment_status":"closed","ping_status":"closed","template":"","meta":[],"yoast_head":"<!-- This site is optimized with the Yoast SEO Premium plugin v15.5 - https:\/\/yoast.com\/wordpress\/plugins\/seo\/ -->\n<title>Wa\u017cenie Pakowanie Paletyzacja Automatyka przemys\u0142owa linie PP PE<\/title>\n<meta name=\"description\" content=\"Wa\u017cenie Pakowanie Paletyzacja Automatyka przemys\u0142owa linie wa\u017c\u0105co - pakuj\u0105ce zbiorniki technologiczne mikrodozowanie linie PP PE\" \/>\n<meta name=\"robots\" content=\"index, follow, max-snippet:-1, max-image-preview:large, max-video-preview:-1\" \/>\n<link rel=\"canonical\" href=\"https:\/\/drewmax.net.pl\/wagopakowarka-do-workow-otwartych-stojak\/\" \/>\n<meta property=\"og:locale\" content=\"pt_PT\" \/>\n<meta property=\"og:type\" content=\"article\" \/>\n<meta property=\"og:title\" content=\"Wa\u017cenie Pakowanie Paletyzacja Automatyka przemys\u0142owa linie PP PE\" \/>\n<meta property=\"og:description\" content=\"Wa\u017cenie Pakowanie Paletyzacja Automatyka przemys\u0142owa linie wa\u017c\u0105co - pakuj\u0105ce zbiorniki technologiczne mikrodozowanie linie PP PE\" \/>\n<meta property=\"og:url\" content=\"https:\/\/drewmax.net.pl\/wagopakowarka-do-workow-otwartych-stojak\/\" \/>\n<meta property=\"og:site_name\" content=\"(Polski) Drewmax - Wa\u017cenie | Pakowanie | Paletyzacja | Automatyka\" \/>\n<meta property=\"article:publisher\" content=\"https:\/\/www.facebook.com\/Drewmax-111641623604429\/\" \/>\n<meta property=\"article:modified_time\" content=\"2025-04-04T05:18:20+00:00\" \/>\n<meta name=\"twitter:card\" content=\"summary_large_image\" \/>\n<meta name=\"twitter:label1\" content=\"Tempo estimado de leitura\">\n\t<meta name=\"twitter:data1\" content=\"8 minutos\">\n<script type=\"application\/ld+json\" class=\"yoast-schema-graph\">{\"@context\":\"https:\/\/schema.org\",\"@graph\":[{\"@type\":\"Organization\",\"@id\":\"https:\/\/drewmax.net.pl\/en\/#organization\",\"name\":\"DREWMAX Sp\\u00f3\\u0142ka z o.o.\",\"url\":\"https:\/\/drewmax.net.pl\/en\/\",\"sameAs\":[\"https:\/\/www.facebook.com\/Drewmax-111641623604429\/\",\"https:\/\/www.instagram.com\/drewmax.net.pl\/\",\"https:\/\/www.youtube.com\/channel\/UCCS8U5F8gSyJAlSWjxgbLRQ\"],\"logo\":{\"@type\":\"ImageObject\",\"@id\":\"https:\/\/drewmax.net.pl\/en\/#logo\",\"inLanguage\":\"pt-PT\",\"url\":\"\",\"caption\":\"DREWMAX Sp\\u00f3\\u0142ka z o.o.\"},\"image\":{\"@id\":\"https:\/\/drewmax.net.pl\/en\/#logo\"}},{\"@type\":\"WebSite\",\"@id\":\"https:\/\/drewmax.net.pl\/en\/#website\",\"url\":\"https:\/\/drewmax.net.pl\/en\/\",\"name\":\"(Polski) Drewmax - Wa\\u017cenie | Pakowanie | Paletyzacja | Automatyka\",\"description\":\"\",\"publisher\":{\"@id\":\"https:\/\/drewmax.net.pl\/en\/#organization\"},\"potentialAction\":[{\"@type\":\"SearchAction\",\"target\":\"https:\/\/drewmax.net.pl\/en\/?s={search_term_string}\",\"query-input\":\"required name=search_term_string\"}],\"inLanguage\":\"pt-PT\"},{\"@type\":\"ImageObject\",\"@id\":\"https:\/\/drewmax.net.pl\/wagopakowarka-do-workow-otwartych-stojak\/#primaryimage\",\"inLanguage\":\"pt-PT\",\"url\":\"\"},{\"@type\":\"WebPage\",\"@id\":\"https:\/\/drewmax.net.pl\/wagopakowarka-do-workow-otwartych-stojak\/#webpage\",\"url\":\"https:\/\/drewmax.net.pl\/wagopakowarka-do-workow-otwartych-stojak\/\",\"name\":\"Wa\\u017cenie Pakowanie Paletyzacja Automatyka przemys\\u0142owa linie PP PE\",\"isPartOf\":{\"@id\":\"https:\/\/drewmax.net.pl\/en\/#website\"},\"primaryImageOfPage\":{\"@id\":\"https:\/\/drewmax.net.pl\/wagopakowarka-do-workow-otwartych-stojak\/#primaryimage\"},\"datePublished\":\"2016-07-21T11:36:39+00:00\",\"dateModified\":\"2025-04-04T05:18:20+00:00\",\"description\":\"Wa\\u017cenie Pakowanie Paletyzacja Automatyka przemys\\u0142owa linie wa\\u017c\\u0105co - pakuj\\u0105ce zbiorniki technologiczne mikrodozowanie linie PP PE\",\"breadcrumb\":{\"@id\":\"https:\/\/drewmax.net.pl\/wagopakowarka-do-workow-otwartych-stojak\/#breadcrumb\"},\"inLanguage\":\"pt-PT\",\"potentialAction\":[{\"@type\":\"ReadAction\",\"target\":[\"https:\/\/drewmax.net.pl\/wagopakowarka-do-workow-otwartych-stojak\/\"]}]},{\"@type\":\"BreadcrumbList\",\"@id\":\"https:\/\/drewmax.net.pl\/wagopakowarka-do-workow-otwartych-stojak\/#breadcrumb\",\"itemListElement\":[{\"@type\":\"ListItem\",\"position\":1,\"item\":{\"@type\":\"WebPage\",\"@id\":\"https:\/\/drewmax.net.pl\/\",\"url\":\"https:\/\/drewmax.net.pl\/\",\"name\":\"Home\"}},{\"@type\":\"ListItem\",\"position\":2,\"item\":{\"@type\":\"WebPage\",\"@id\":\"https:\/\/drewmax.net.pl\/wagopakowarka-do-workow-otwartych-stojak\/\",\"url\":\"https:\/\/drewmax.net.pl\/wagopakowarka-do-workow-otwartych-stojak\/\",\"name\":\"Wagopakowarka do work\\u00f3w otwartych \\u2013 \\u201estojak\\u201d\"}}]}]}<\/script>\n<!-- \/ Yoast SEO Premium plugin. -->","_links":{"self":[{"href":"https:\/\/drewmax.net.pl\/pt\/wp-json\/wp\/v2\/pages\/178"}],"collection":[{"href":"https:\/\/drewmax.net.pl\/pt\/wp-json\/wp\/v2\/pages"}],"about":[{"href":"https:\/\/drewmax.net.pl\/pt\/wp-json\/wp\/v2\/types\/page"}],"author":[{"embeddable":true,"href":"https:\/\/drewmax.net.pl\/pt\/wp-json\/wp\/v2\/users\/1"}],"replies":[{"embeddable":true,"href":"https:\/\/drewmax.net.pl\/pt\/wp-json\/wp\/v2\/comments?post=178"}],"version-history":[{"count":79,"href":"https:\/\/drewmax.net.pl\/pt\/wp-json\/wp\/v2\/pages\/178\/revisions"}],"predecessor-version":[{"id":32031,"href":"https:\/\/drewmax.net.pl\/pt\/wp-json\/wp\/v2\/pages\/178\/revisions\/32031"}],"wp:featuredmedia":[{"embeddable":true,"href":"https:\/\/drewmax.net.pl\/pt\/wp-json\/wp\/v2\/media\/12261"}],"wp:attachment":[{"href":"https:\/\/drewmax.net.pl\/pt\/wp-json\/wp\/v2\/media?parent=178"}],"curies":[{"name":"wp","href":"https:\/\/api.w.org\/{rel}","templated":true}]}}