{"id":175,"date":"2016-07-21T13:32:50","date_gmt":"2016-07-21T11:32:50","guid":{"rendered":"http:\/\/drewmax.net.pl\/?page_id=175"},"modified":"2025-04-04T08:07:03","modified_gmt":"2025-04-04T06:07:03","slug":"wagi-systemowe","status":"publish","type":"page","link":"https:\/\/drewmax.net.pl\/pt\/wagi-systemowe\/","title":{"rendered":"Wagi systemowe"},"content":{"rendered":"\t\t<div data-elementor-type=\"wp-post\" data-elementor-id=\"175\" class=\"elementor elementor-175\" data-elementor-settings=\"[]\">\n\t\t\t\t\t\t<div class=\"elementor-inner\">\n\t\t\t\t\t\t\t<div class=\"elementor-section-wrap\">\n\t\t\t\t\t\t\t<section class=\"elementor-section elementor-top-section elementor-element elementor-element-fbf0e2d elementor-section-boxed elementor-section-height-default elementor-section-height-default\" data-id=\"fbf0e2d\" data-element_type=\"section\" data-settings=\"{&quot;background_background&quot;:&quot;classic&quot;}\">\n\t\t\t\t\t\t<div class=\"elementor-container elementor-column-gap-default\">\n\t\t\t\t\t\t\t<div class=\"elementor-row\">\n\t\t\t\t\t<div class=\"elementor-column elementor-col-100 elementor-top-column elementor-element elementor-element-a7cb2aa\" data-id=\"a7cb2aa\" data-element_type=\"column\">\n\t\t\t<div class=\"elementor-column-wrap elementor-element-populated\">\n\t\t\t\t\t\t\t<div class=\"elementor-widget-wrap\">\n\t\t\t\t\t\t<div class=\"elementor-element elementor-element-bf4503c elementor-widget elementor-widget-heading\" data-id=\"bf4503c\" data-element_type=\"widget\" data-widget_type=\"heading.default\">\n\t\t\t\t<div class=\"elementor-widget-container\">\n\t\t\t<h2 class=\"elementor-heading-title elementor-size-xl\"> Balan\u00e7as sist\u00eamicas\n<\/h2>\t\t<\/div>\n\t\t\t\t<\/div>\n\t\t\t\t\t\t<\/div>\n\t\t\t\t\t<\/div>\n\t\t<\/div>\n\t\t\t\t\t\t\t\t<\/div>\n\t\t\t\t\t<\/div>\n\t\t<\/section>\n\t\t\t\t<section class=\"elementor-section elementor-top-section elementor-element elementor-element-5dd5 elementor-section-boxed elementor-section-height-default elementor-section-height-default\" data-id=\"5dd5\" data-element_type=\"section\" data-settings=\"{&quot;background_background&quot;:&quot;classic&quot;}\">\n\t\t\t\t\t\t<div class=\"elementor-container elementor-column-gap-default\">\n\t\t\t\t\t\t\t<div class=\"elementor-row\">\n\t\t\t\t\t<div class=\"elementor-column elementor-col-100 elementor-top-column elementor-element elementor-element-9ea\" data-id=\"9ea\" data-element_type=\"column\">\n\t\t\t<div class=\"elementor-column-wrap elementor-element-populated\">\n\t\t\t\t\t\t\t<div class=\"elementor-widget-wrap\">\n\t\t\t\t\t\t<div class=\"elementor-element elementor-element-34db elementor-widget elementor-widget-text-editor\" data-id=\"34db\" data-element_type=\"widget\" data-widget_type=\"text-editor.default\">\n\t\t\t\t<div class=\"elementor-widget-container\">\n\t\t\t\t\t\t\t\t<div class=\"elementor-text-editor elementor-clearfix\">\n\t\t\t\t<p><br data-start=\"3439\" data-end=\"3442\" \/>A empresa Drewmax possui amplo conhecimento na concep\u00e7\u00e3o e produ\u00e7\u00e3o de sistemas de pesagem. Nossa oferta inclui, entre outras, balan\u00e7as de tanque, de transfer\u00eancia, c\u00f4nicas, de rosca e m\u00f3veis. Dependendo do tipo de produto a ser pesado, s\u00e3o utilizados alimentadores gravitacionais, de rosca, de correia, vibrat\u00f3rios e grades dosadoras. A capacidade das balan\u00e7as \u00e9 limitada principalmente pelo tipo\/qualidade do produto pesado e pelo espa\u00e7o dispon\u00edvel para instala\u00e7\u00e3o, enquanto a capacidade depende dos requisitos da instala\u00e7\u00e3o \u2013 cada balan\u00e7a \u00e9 selecionada individualmente para cada projeto.<\/p><p data-start=\"4036\" data-end=\"4244\">Os sistemas de pesagem utilizados pela nossa empresa s\u00e3o baseados em componentes de marcas reconhecidas mundialmente. Nosso conhecimento permite integrar os equipamentos em sistemas automatizados complexos.<\/p><p data-start=\"4246\" data-end=\"4378\"><strong data-start=\"4246\" data-end=\"4267\">Balan\u00e7a de tanque<\/strong> \u2013 Projetada para pesagem de produtos fornecidos atrav\u00e9s de grades dosadoras a partir de silos de sobrecarga.<\/p><p data-start=\"4380\" data-end=\"4486\">Dependendo da necessidade, as balan\u00e7as podem ter diferentes comprimentos\/capacidades e tipos de conex\u00e3o.<\/p><p data-start=\"4488\" data-end=\"4592\"><strong data-start=\"4488\" data-end=\"4516\">Balan\u00e7a de transfer\u00eancia<\/strong> \u2013 WP-80 a WP-500 s\u00e3o as designa\u00e7\u00f5es das nossas balan\u00e7as de transfer\u00eancia.<\/p><p data-start=\"4594\" data-end=\"4708\">A constru\u00e7\u00e3o simples e os componentes utilizados garantem alta precis\u00e3o de dosagem e confiabilidade operacional.<\/p><p data-start=\"4710\" data-end=\"4839\">A balan\u00e7a pode ser instalada em qualquer linha de produ\u00e7\u00e3o, e sua sa\u00edda pode ser adaptada a diferentes equipamentos ou tanques.<\/p><p data-start=\"4841\" data-end=\"5046\"><strong data-start=\"4841\" data-end=\"4859\">Balan\u00e7a c\u00f4nica<\/strong> \u2013 As balan\u00e7as c\u00f4nicas s\u00e3o especialmente valorizadas na ind\u00fastria aliment\u00edcia devido ao seu formato e facilidade de limpeza. Os modelos mais comuns possuem capacidade de 50 kg e 150 kg.<\/p><p data-start=\"5048\" data-end=\"5240\"><strong data-start=\"5048\" data-end=\"5068\">Balan\u00e7a de rosca<\/strong> \u2013 Utilizada para pesagem de produtos em fluxo cont\u00ednuo. O transportador de rosca e os componentes da balan\u00e7a foram escolhidos para garantir a m\u00e1xima precis\u00e3o na medi\u00e7\u00e3o.<\/p><p data-start=\"5242\" data-end=\"5387\"><strong data-start=\"5242\" data-end=\"5259\">Balan\u00e7a m\u00f3vel<\/strong> \u2013 Balan\u00e7a de expedi\u00e7\u00e3o que permite controle total sobre a mercadoria enviada diretamente da produ\u00e7\u00e3o para um caminh\u00e3o-tanque.<\/p><p data-start=\"5389\" data-end=\"5528\">A capacidade pode ser configurada conforme necess\u00e1rio. Al\u00e9m disso, oferecemos mangas de descarga semiautom\u00e1ticas como acess\u00f3rio opcional.<\/p><p data-start=\"0\" data-end=\"608\"><\/span><\/p>\t\t\t\t\t<\/div>\n\t\t\t\t\t\t<\/div>\n\t\t\t\t<\/div>\n\t\t\t\t\t\t<\/div>\n\t\t\t\t\t<\/div>\n\t\t<\/div>\n\t\t\t\t\t\t\t\t<\/div>\n\t\t\t\t\t<\/div>\n\t\t<\/section>\n\t\t\t\t<section class=\"elementor-section elementor-top-section elementor-element elementor-element-dc6c5d9 elementor-section-full_width elementor-section-height-default elementor-section-height-default\" data-id=\"dc6c5d9\" data-element_type=\"section\">\n\t\t\t\t\t\t<div class=\"elementor-container elementor-column-gap-default\">\n\t\t\t\t\t\t\t<div class=\"elementor-row\">\n\t\t\t\t\t<div class=\"elementor-column elementor-col-100 elementor-top-column elementor-element elementor-element-2538266\" data-id=\"2538266\" data-element_type=\"column\" data-settings=\"{&quot;background_background&quot;:&quot;classic&quot;}\">\n\t\t\t<div class=\"elementor-column-wrap elementor-element-populated\">\n\t\t\t\t\t\t\t<div class=\"elementor-widget-wrap\">\n\t\t\t\t\t\t<div class=\"elementor-element elementor-element-b6afc89 elementor-align-center elementor-widget elementor-widget-button\" data-id=\"b6afc89\" data-element_type=\"widget\" data-widget_type=\"button.default\">\n\t\t\t\t<div class=\"elementor-widget-container\">\n\t\t\t\t\t<div class=\"elementor-button-wrapper\">\n\t\t\t<a href=\"https:\/\/drewmax.net.pl\/wp-content\/uploads\/2025\/03\/Wagi-systemowe_front_PT.pdf\" target=\"_blank\" class=\"elementor-button-link elementor-button elementor-size-lg\" role=\"button\">\n\t\t\t\t\t\t<span class=\"elementor-button-content-wrapper\">\n\t\t\t\t\t\t<span class=\"elementor-button-icon elementor-align-icon-right\">\n\t\t\t\t<i aria-hidden=\"true\" class=\"fas fa-download\"><\/i>\t\t\t<\/span>\n\t\t\t\t\t\t<span class=\"elementor-button-text\">  Baixar a ficha t\u00e9cnica do produto<\/span>\n\t\t<\/span>\n\t\t\t\t\t<\/a>\n\t\t<\/div>\n\t\t\t\t<\/div>\n\t\t\t\t<\/div>\n\t\t\t\t\t\t<\/div>\n\t\t\t\t\t<\/div>\n\t\t<\/div>\n\t\t\t\t\t\t\t\t<\/div>\n\t\t\t\t\t<\/div>\n\t\t<\/section>\n\t\t\t\t\t\t<\/div>\n\t\t\t\t\t\t<\/div>\n\t\t\t\t\t<\/div>\n\t\t","protected":false},"excerpt":{"rendered":"<p>Balan\u00e7as sist\u00eamicas A empresa Drewmax possui amplo conhecimento na concep\u00e7\u00e3o e produ\u00e7\u00e3o de sistemas de pesagem. Nossa oferta inclui, entre outras, balan\u00e7as de tanque, de transfer\u00eancia, c\u00f4nicas, de rosca e m\u00f3veis. Dependendo do tipo de produto a ser pesado, s\u00e3o utilizados alimentadores gravitacionais, de rosca, de correia, vibrat\u00f3rios e grades dosadoras. A capacidade das balan\u00e7as&hellip;<\/p>\n","protected":false},"author":1,"featured_media":0,"parent":0,"menu_order":0,"comment_status":"closed","ping_status":"closed","template":"","meta":[],"yoast_head":"<!-- This site is optimized with the Yoast SEO Premium plugin v15.5 - https:\/\/yoast.com\/wordpress\/plugins\/seo\/ -->\n<title>Wa\u017cenie Pakowanie Paletyzacja Automatyka przemys\u0142owa linie PP PE<\/title>\n<meta name=\"description\" content=\"Wa\u017cenie Pakowanie Paletyzacja Automatyka przemys\u0142owa linie wa\u017c\u0105co - pakuj\u0105ce zbiorniki technologiczne mikrodozowanie linie PP PE\" \/>\n<meta name=\"robots\" content=\"index, follow, max-snippet:-1, max-image-preview:large, max-video-preview:-1\" \/>\n<link rel=\"canonical\" href=\"https:\/\/drewmax.net.pl\/wagi-systemowe\/\" \/>\n<meta property=\"og:locale\" content=\"pt_PT\" \/>\n<meta property=\"og:type\" content=\"article\" \/>\n<meta property=\"og:title\" content=\"Wa\u017cenie Pakowanie Paletyzacja Automatyka przemys\u0142owa linie PP PE\" \/>\n<meta property=\"og:description\" content=\"Wa\u017cenie Pakowanie Paletyzacja Automatyka przemys\u0142owa linie wa\u017c\u0105co - pakuj\u0105ce zbiorniki technologiczne mikrodozowanie linie PP PE\" \/>\n<meta property=\"og:url\" content=\"https:\/\/drewmax.net.pl\/wagi-systemowe\/\" \/>\n<meta property=\"og:site_name\" content=\"(Polski) Drewmax - Wa\u017cenie | Pakowanie | Paletyzacja | Automatyka\" \/>\n<meta property=\"article:publisher\" content=\"https:\/\/www.facebook.com\/Drewmax-111641623604429\/\" \/>\n<meta property=\"article:modified_time\" content=\"2025-04-04T06:07:03+00:00\" \/>\n<meta name=\"twitter:card\" content=\"summary_large_image\" \/>\n<meta name=\"twitter:label1\" content=\"Tempo estimado de leitura\">\n\t<meta name=\"twitter:data1\" content=\"9 minutos\">\n<script type=\"application\/ld+json\" class=\"yoast-schema-graph\">{\"@context\":\"https:\/\/schema.org\",\"@graph\":[{\"@type\":\"Organization\",\"@id\":\"https:\/\/drewmax.net.pl\/en\/#organization\",\"name\":\"DREWMAX Sp\\u00f3\\u0142ka z o.o.\",\"url\":\"https:\/\/drewmax.net.pl\/en\/\",\"sameAs\":[\"https:\/\/www.facebook.com\/Drewmax-111641623604429\/\",\"https:\/\/www.instagram.com\/drewmax.net.pl\/\",\"https:\/\/www.youtube.com\/channel\/UCCS8U5F8gSyJAlSWjxgbLRQ\"],\"logo\":{\"@type\":\"ImageObject\",\"@id\":\"https:\/\/drewmax.net.pl\/en\/#logo\",\"inLanguage\":\"pt-PT\",\"url\":\"\",\"caption\":\"DREWMAX Sp\\u00f3\\u0142ka z o.o.\"},\"image\":{\"@id\":\"https:\/\/drewmax.net.pl\/en\/#logo\"}},{\"@type\":\"WebSite\",\"@id\":\"https:\/\/drewmax.net.pl\/en\/#website\",\"url\":\"https:\/\/drewmax.net.pl\/en\/\",\"name\":\"(Polski) Drewmax - Wa\\u017cenie | Pakowanie | Paletyzacja | Automatyka\",\"description\":\"\",\"publisher\":{\"@id\":\"https:\/\/drewmax.net.pl\/en\/#organization\"},\"potentialAction\":[{\"@type\":\"SearchAction\",\"target\":\"https:\/\/drewmax.net.pl\/en\/?s={search_term_string}\",\"query-input\":\"required name=search_term_string\"}],\"inLanguage\":\"pt-PT\"},{\"@type\":\"WebPage\",\"@id\":\"https:\/\/drewmax.net.pl\/wagi-systemowe\/#webpage\",\"url\":\"https:\/\/drewmax.net.pl\/wagi-systemowe\/\",\"name\":\"Wa\\u017cenie Pakowanie Paletyzacja Automatyka przemys\\u0142owa linie PP PE\",\"isPartOf\":{\"@id\":\"https:\/\/drewmax.net.pl\/en\/#website\"},\"datePublished\":\"2016-07-21T11:32:50+00:00\",\"dateModified\":\"2025-04-04T06:07:03+00:00\",\"description\":\"Wa\\u017cenie Pakowanie Paletyzacja Automatyka przemys\\u0142owa linie wa\\u017c\\u0105co - pakuj\\u0105ce zbiorniki technologiczne mikrodozowanie linie PP PE\",\"breadcrumb\":{\"@id\":\"https:\/\/drewmax.net.pl\/wagi-systemowe\/#breadcrumb\"},\"inLanguage\":\"pt-PT\",\"potentialAction\":[{\"@type\":\"ReadAction\",\"target\":[\"https:\/\/drewmax.net.pl\/wagi-systemowe\/\"]}]},{\"@type\":\"BreadcrumbList\",\"@id\":\"https:\/\/drewmax.net.pl\/wagi-systemowe\/#breadcrumb\",\"itemListElement\":[{\"@type\":\"ListItem\",\"position\":1,\"item\":{\"@type\":\"WebPage\",\"@id\":\"https:\/\/drewmax.net.pl\/\",\"url\":\"https:\/\/drewmax.net.pl\/\",\"name\":\"Home\"}},{\"@type\":\"ListItem\",\"position\":2,\"item\":{\"@type\":\"WebPage\",\"@id\":\"https:\/\/drewmax.net.pl\/wagi-systemowe\/\",\"url\":\"https:\/\/drewmax.net.pl\/wagi-systemowe\/\",\"name\":\"Wagi systemowe\"}}]}]}<\/script>\n<!-- \/ Yoast SEO Premium plugin. -->","_links":{"self":[{"href":"https:\/\/drewmax.net.pl\/pt\/wp-json\/wp\/v2\/pages\/175"}],"collection":[{"href":"https:\/\/drewmax.net.pl\/pt\/wp-json\/wp\/v2\/pages"}],"about":[{"href":"https:\/\/drewmax.net.pl\/pt\/wp-json\/wp\/v2\/types\/page"}],"author":[{"embeddable":true,"href":"https:\/\/drewmax.net.pl\/pt\/wp-json\/wp\/v2\/users\/1"}],"replies":[{"embeddable":true,"href":"https:\/\/drewmax.net.pl\/pt\/wp-json\/wp\/v2\/comments?post=175"}],"version-history":[{"count":61,"href":"https:\/\/drewmax.net.pl\/pt\/wp-json\/wp\/v2\/pages\/175\/revisions"}],"predecessor-version":[{"id":32052,"href":"https:\/\/drewmax.net.pl\/pt\/wp-json\/wp\/v2\/pages\/175\/revisions\/32052"}],"wp:attachment":[{"href":"https:\/\/drewmax.net.pl\/pt\/wp-json\/wp\/v2\/media?parent=175"}],"curies":[{"name":"wp","href":"https:\/\/api.w.org\/{rel}","templated":true}]}}