{"id":171,"date":"2016-07-21T13:31:07","date_gmt":"2016-07-21T11:31:07","guid":{"rendered":"http:\/\/drewmax.net.pl\/?page_id=171"},"modified":"2025-04-03T14:31:50","modified_gmt":"2025-04-03T12:31:50","slug":"wagi-sluzace-do-napelniania-workow-typu-big-bag","status":"publish","type":"page","link":"https:\/\/drewmax.net.pl\/pt\/wagi-sluzace-do-napelniania-workow-typu-big-bag\/","title":{"rendered":"Wagi s\u0142u\u017c\u0105ce do nape\u0142niania work\u00f3w typu Big-Bag"},"content":{"rendered":"\t\t<div data-elementor-type=\"wp-post\" data-elementor-id=\"171\" class=\"elementor elementor-171\" data-elementor-settings=\"[]\">\n\t\t\t\t\t\t<div class=\"elementor-inner\">\n\t\t\t\t\t\t\t<div class=\"elementor-section-wrap\">\n\t\t\t\t\t\t\t<section class=\"elementor-section elementor-top-section elementor-element elementor-element-64cf8d4 elementor-section-boxed elementor-section-height-default elementor-section-height-default\" data-id=\"64cf8d4\" data-element_type=\"section\" data-settings=\"{&quot;background_background&quot;:&quot;classic&quot;}\">\n\t\t\t\t\t\t<div class=\"elementor-container elementor-column-gap-default\">\n\t\t\t\t\t\t\t<div class=\"elementor-row\">\n\t\t\t\t\t<div class=\"elementor-column elementor-col-100 elementor-top-column elementor-element elementor-element-7d357da\" data-id=\"7d357da\" data-element_type=\"column\">\n\t\t\t<div class=\"elementor-column-wrap elementor-element-populated\">\n\t\t\t\t\t\t\t<div class=\"elementor-widget-wrap\">\n\t\t\t\t\t\t<div class=\"elementor-element elementor-element-e85171e elementor-widget elementor-widget-heading\" data-id=\"e85171e\" data-element_type=\"widget\" data-widget_type=\"heading.default\">\n\t\t\t\t<div class=\"elementor-widget-container\">\n\t\t\t<h2 class=\"elementor-heading-title elementor-size-xl\">Balan\u00e7as para preenchimento de sacos tipo Big-Bag\n<\/h2>\t\t<\/div>\n\t\t\t\t<\/div>\n\t\t\t\t\t\t<\/div>\n\t\t\t\t\t<\/div>\n\t\t<\/div>\n\t\t\t\t\t\t\t\t<\/div>\n\t\t\t\t\t<\/div>\n\t\t<\/section>\n\t\t\t\t<section class=\"elementor-section elementor-top-section elementor-element elementor-element-1094993 elementor-section-boxed elementor-section-height-default elementor-section-height-default\" data-id=\"1094993\" data-element_type=\"section\" data-settings=\"{&quot;background_background&quot;:&quot;classic&quot;}\">\n\t\t\t\t\t\t<div class=\"elementor-container elementor-column-gap-default\">\n\t\t\t\t\t\t\t<div class=\"elementor-row\">\n\t\t\t\t\t<div class=\"elementor-column elementor-col-50 elementor-top-column elementor-element elementor-element-0730399\" data-id=\"0730399\" data-element_type=\"column\">\n\t\t\t<div class=\"elementor-column-wrap elementor-element-populated\">\n\t\t\t\t\t\t\t<div class=\"elementor-widget-wrap\">\n\t\t\t\t\t\t<div class=\"elementor-element elementor-element-3ccb754 elementor-widget elementor-widget-text-editor\" data-id=\"3ccb754\" data-element_type=\"widget\" data-widget_type=\"text-editor.default\">\n\t\t\t\t<div class=\"elementor-widget-container\">\n\t\t\t\t\t\t\t\t<div class=\"elementor-text-editor elementor-clearfix\">\n\t\t\t\t<p><br data-start=\"2147\" data-end=\"2150\" \/>A empresa Drewmax oferece uma s\u00e9rie de equipamentos para embalar produtos em sacos Big-Bag de quatro ganchos, com peso de <strong>100-1500 kg<\/strong>. Dependendo das necessidades, desempenho e exig\u00eancias, os equipamentos oferecidos diferem em constru\u00e7\u00e3o e efici\u00eancia.<\/p><p data-start=\"2405\" data-end=\"2635\" data-is-last-node=\"\" data-is-only-node=\"\">A balan\u00e7a de paletes WBB \u00e9 o dispositivo mais simples da s\u00e9rie de m\u00e1quinas de <strong>embalagem em Big-Bag (com quatro ganchos)<\/strong>. Sua constru\u00e7\u00e3o simples e facilidade de uso fizeram dela o equipamento mais escolhido pelos nossos clientes.<\/p><p data-start=\"453\" data-end=\"725\"><\/p>\t\t\t\t\t<\/div>\n\t\t\t\t\t\t<\/div>\n\t\t\t\t<\/div>\n\t\t\t\t\t\t<\/div>\n\t\t\t\t\t<\/div>\n\t\t<\/div>\n\t\t\t\t<div class=\"elementor-column elementor-col-50 elementor-top-column elementor-element elementor-element-88192d6\" data-id=\"88192d6\" data-element_type=\"column\">\n\t\t\t<div class=\"elementor-column-wrap elementor-element-populated\">\n\t\t\t\t\t\t\t<div class=\"elementor-widget-wrap\">\n\t\t\t\t\t\t<div class=\"elementor-element elementor-element-211bc61 elementor-widget elementor-widget-image\" data-id=\"211bc61\" data-element_type=\"widget\" data-widget_type=\"image.default\">\n\t\t\t\t<div class=\"elementor-widget-container\">\n\t\t\t\t\t\t\t\t<div class=\"elementor-image\">\n\t\t\t\t\t\t\t\t\t\t\t\t<img width=\"449\" height=\"554\" src=\"https:\/\/drewmax.net.pl\/wp-content\/uploads\/2020\/10\/wbb2.png\" class=\"attachment-large size-large\" alt=\"\" loading=\"lazy\" srcset=\"https:\/\/drewmax.net.pl\/wp-content\/uploads\/2020\/10\/wbb2.png 449w, https:\/\/drewmax.net.pl\/wp-content\/uploads\/2020\/10\/wbb2-243x300.png 243w\" sizes=\"(max-width: 449px) 100vw, 449px\" \/>\t\t\t\t\t\t\t\t\t\t\t\t\t\t<\/div>\n\t\t\t\t\t\t<\/div>\n\t\t\t\t<\/div>\n\t\t\t\t\t\t<\/div>\n\t\t\t\t\t<\/div>\n\t\t<\/div>\n\t\t\t\t\t\t\t\t<\/div>\n\t\t\t\t\t<\/div>\n\t\t<\/section>\n\t\t\t\t<section class=\"elementor-section elementor-top-section elementor-element elementor-element-ba02385 elementor-section-boxed elementor-section-height-default elementor-section-height-default\" data-id=\"ba02385\" data-element_type=\"section\" data-settings=\"{&quot;background_background&quot;:&quot;classic&quot;}\">\n\t\t\t\t\t\t<div class=\"elementor-container elementor-column-gap-default\">\n\t\t\t\t\t\t\t<div class=\"elementor-row\">\n\t\t\t\t\t<div class=\"elementor-column elementor-col-50 elementor-top-column elementor-element elementor-element-dd0a1e8\" data-id=\"dd0a1e8\" data-element_type=\"column\">\n\t\t\t<div class=\"elementor-column-wrap elementor-element-populated\">\n\t\t\t\t\t\t\t<div class=\"elementor-widget-wrap\">\n\t\t\t\t\t\t<div class=\"elementor-element elementor-element-b46d2e8 elementor-widget elementor-widget-image\" data-id=\"b46d2e8\" data-element_type=\"widget\" data-widget_type=\"image.default\">\n\t\t\t\t<div class=\"elementor-widget-container\">\n\t\t\t\t\t\t\t\t<div class=\"elementor-image\">\n\t\t\t\t\t\t\t\t\t\t\t\t<img width=\"369\" height=\"537\" src=\"https:\/\/drewmax.net.pl\/wp-content\/uploads\/2020\/10\/bb1.jpg\" class=\"attachment-large size-large\" alt=\"\" loading=\"lazy\" srcset=\"https:\/\/drewmax.net.pl\/wp-content\/uploads\/2020\/10\/bb1.jpg 369w, https:\/\/drewmax.net.pl\/wp-content\/uploads\/2020\/10\/bb1-206x300.jpg 206w\" sizes=\"(max-width: 369px) 100vw, 369px\" \/>\t\t\t\t\t\t\t\t\t\t\t\t\t\t<\/div>\n\t\t\t\t\t\t<\/div>\n\t\t\t\t<\/div>\n\t\t\t\t\t\t<\/div>\n\t\t\t\t\t<\/div>\n\t\t<\/div>\n\t\t\t\t<div class=\"elementor-column elementor-col-50 elementor-top-column elementor-element elementor-element-4c86135\" data-id=\"4c86135\" data-element_type=\"column\">\n\t\t\t<div class=\"elementor-column-wrap elementor-element-populated\">\n\t\t\t\t\t\t\t<div class=\"elementor-widget-wrap\">\n\t\t\t\t\t\t<div class=\"elementor-element elementor-element-d152c5b elementor-widget elementor-widget-text-editor\" data-id=\"d152c5b\" data-element_type=\"widget\" data-widget_type=\"text-editor.default\">\n\t\t\t\t<div class=\"elementor-widget-container\">\n\t\t\t\t\t\t\t\t<div class=\"elementor-text-editor elementor-clearfix\">\n\t\t\t\t<p><br data-start=\"2429\" data-end=\"2432\" \/>O peso oferecido, combinado com o dosador adequado, torna-se um dispositivo semi-autom\u00e1tico de pesagem e embalagem.<\/p><p data-start=\"2551\" data-end=\"2772\">A constru\u00e7\u00e3o da balan\u00e7a permite a adapta\u00e7\u00e3o r\u00e1pida ao tamanho adequado do saco, e o sistema de fechamento herm\u00e9tico, combinado com a instala\u00e7\u00e3o de remo\u00e7\u00e3o de poeira, impede a libera\u00e7\u00e3o de poeira durante o preenchimento.<\/p><p data-start=\"2774\" data-end=\"3024\" data-is-last-node=\"\" data-is-only-node=\"\">A balan\u00e7a do tipo WBB2 \u00e9 um dispositivo avan\u00e7ado para o preenchimento de sacos Big-Bag (com quatro ganchos). Devido \u00e0 sua constru\u00e7\u00e3o elaborada, este dispositivo pode ser usado para embalar sacos grandes, mantendo ao mesmo tempo a facilidade de uso.<\/p><p data-start=\"511\" data-end=\"652\"><\/p>\t\t\t\t\t<\/div>\n\t\t\t\t\t\t<\/div>\n\t\t\t\t<\/div>\n\t\t\t\t\t\t<\/div>\n\t\t\t\t\t<\/div>\n\t\t<\/div>\n\t\t\t\t\t\t\t\t<\/div>\n\t\t\t\t\t<\/div>\n\t\t<\/section>\n\t\t\t\t<section class=\"elementor-section elementor-top-section elementor-element elementor-element-929b1c0 elementor-section-boxed elementor-section-height-default elementor-section-height-default\" data-id=\"929b1c0\" data-element_type=\"section\" data-settings=\"{&quot;background_background&quot;:&quot;classic&quot;}\">\n\t\t\t\t\t\t<div class=\"elementor-container elementor-column-gap-default\">\n\t\t\t\t\t\t\t<div class=\"elementor-row\">\n\t\t\t\t\t<div class=\"elementor-column elementor-col-33 elementor-top-column elementor-element elementor-element-54b090c\" data-id=\"54b090c\" data-element_type=\"column\">\n\t\t\t<div class=\"elementor-column-wrap elementor-element-populated\">\n\t\t\t\t\t\t\t<div class=\"elementor-widget-wrap\">\n\t\t\t\t\t\t<div class=\"elementor-element elementor-element-5fa0277 elementor-widget elementor-widget-text-editor\" data-id=\"5fa0277\" data-element_type=\"widget\" data-widget_type=\"text-editor.default\">\n\t\t\t\t<div class=\"elementor-widget-container\">\n\t\t\t\t\t\t\t\t<div class=\"elementor-text-editor elementor-clearfix\">\n\t\t\t\t<p><br data-start=\"2015\" data-end=\"2018\" \/>O dispositivo possui um sistema de levantamento\/baixamento \u2013 o saco \u00e9 automaticamente levantado durante o preenchimento para garantir um melhor selamento, e ap\u00f3s o preenchimento, \u00e9 abaixado, tornando a desconex\u00e3o do ponto de preenchimento ainda mais f\u00e1cil.<\/p><p data-start=\"2278\" data-end=\"2516\" data-is-last-node=\"\" data-is-only-node=\"\">A constru\u00e7\u00e3o da balan\u00e7a WBB2 permite a instala\u00e7\u00e3o de qualquer detector de metais acima do ponto de preenchimento. O dispositivo tamb\u00e9m pode ser expandido com uma esta\u00e7\u00e3o adicional, o que aumenta significativamente a efici\u00eancia da balan\u00e7a.<\/p><p data-start=\"450\" data-end=\"689\"><\/span><\/p>\t\t\t\t\t<\/div>\n\t\t\t\t\t\t<\/div>\n\t\t\t\t<\/div>\n\t\t\t\t\t\t<\/div>\n\t\t\t\t\t<\/div>\n\t\t<\/div>\n\t\t\t\t<div class=\"elementor-column elementor-col-33 elementor-top-column elementor-element elementor-element-e12aab6\" data-id=\"e12aab6\" data-element_type=\"column\">\n\t\t\t<div class=\"elementor-column-wrap elementor-element-populated\">\n\t\t\t\t\t\t\t<div class=\"elementor-widget-wrap\">\n\t\t\t\t\t\t<div class=\"elementor-element elementor-element-5313513 elementor-widget elementor-widget-image\" data-id=\"5313513\" data-element_type=\"widget\" data-widget_type=\"image.default\">\n\t\t\t\t<div class=\"elementor-widget-container\">\n\t\t\t\t\t\t\t\t<div class=\"elementor-image\">\n\t\t\t\t\t\t\t\t\t\t\t\t<img width=\"301\" height=\"564\" src=\"https:\/\/drewmax.net.pl\/wp-content\/uploads\/2020\/10\/bb4.jpg\" class=\"attachment-large size-large\" alt=\"\" loading=\"lazy\" srcset=\"https:\/\/drewmax.net.pl\/wp-content\/uploads\/2020\/10\/bb4.jpg 301w, https:\/\/drewmax.net.pl\/wp-content\/uploads\/2020\/10\/bb4-160x300.jpg 160w\" sizes=\"(max-width: 301px) 100vw, 301px\" \/>\t\t\t\t\t\t\t\t\t\t\t\t\t\t<\/div>\n\t\t\t\t\t\t<\/div>\n\t\t\t\t<\/div>\n\t\t\t\t\t\t<\/div>\n\t\t\t\t\t<\/div>\n\t\t<\/div>\n\t\t\t\t<div class=\"elementor-column elementor-col-33 elementor-top-column elementor-element elementor-element-731fed8\" data-id=\"731fed8\" data-element_type=\"column\">\n\t\t\t<div class=\"elementor-column-wrap elementor-element-populated\">\n\t\t\t\t\t\t\t<div class=\"elementor-widget-wrap\">\n\t\t\t\t\t\t<div class=\"elementor-element elementor-element-db89b3a elementor-widget elementor-widget-image\" data-id=\"db89b3a\" data-element_type=\"widget\" data-widget_type=\"image.default\">\n\t\t\t\t<div class=\"elementor-widget-container\">\n\t\t\t\t\t\t\t\t<div class=\"elementor-image\">\n\t\t\t\t\t\t\t\t\t\t\t\t<img width=\"400\" height=\"517\" src=\"https:\/\/drewmax.net.pl\/wp-content\/uploads\/2020\/10\/bb3.jpg\" class=\"attachment-large size-large\" alt=\"\" loading=\"lazy\" srcset=\"https:\/\/drewmax.net.pl\/wp-content\/uploads\/2020\/10\/bb3.jpg 400w, https:\/\/drewmax.net.pl\/wp-content\/uploads\/2020\/10\/bb3-232x300.jpg 232w\" sizes=\"(max-width: 400px) 100vw, 400px\" \/>\t\t\t\t\t\t\t\t\t\t\t\t\t\t<\/div>\n\t\t\t\t\t\t<\/div>\n\t\t\t\t<\/div>\n\t\t\t\t\t\t<\/div>\n\t\t\t\t\t<\/div>\n\t\t<\/div>\n\t\t\t\t\t\t\t\t<\/div>\n\t\t\t\t\t<\/div>\n\t\t<\/section>\n\t\t\t\t<section class=\"elementor-section elementor-top-section elementor-element elementor-element-fa92c4a elementor-section-boxed elementor-section-height-default elementor-section-height-default\" data-id=\"fa92c4a\" data-element_type=\"section\" data-settings=\"{&quot;background_background&quot;:&quot;classic&quot;}\">\n\t\t\t\t\t\t<div class=\"elementor-container elementor-column-gap-default\">\n\t\t\t\t\t\t\t<div class=\"elementor-row\">\n\t\t\t\t\t<div class=\"elementor-column elementor-col-100 elementor-top-column elementor-element elementor-element-f7ee604\" data-id=\"f7ee604\" data-element_type=\"column\">\n\t\t\t<div class=\"elementor-column-wrap elementor-element-populated\">\n\t\t\t\t\t\t\t<div class=\"elementor-widget-wrap\">\n\t\t\t\t\t\t<div class=\"elementor-element elementor-element-1401ab0 elementor-align-center elementor-widget elementor-widget-button\" data-id=\"1401ab0\" data-element_type=\"widget\" data-widget_type=\"button.default\">\n\t\t\t\t<div class=\"elementor-widget-container\">\n\t\t\t\t\t<div class=\"elementor-button-wrapper\">\n\t\t\t<a href=\"https:\/\/drewmax.net.pl\/wp-content\/uploads\/2025\/03\/Urzadzenia-sluzace-do-napelniania-workow-typu-Big-Bag-czterozaczepowe_front_PT.pdf\" target=\"_blank\" class=\"elementor-button-link elementor-button elementor-size-lg\" role=\"button\">\n\t\t\t\t\t\t<span class=\"elementor-button-content-wrapper\">\n\t\t\t\t\t\t<span class=\"elementor-button-icon elementor-align-icon-right\">\n\t\t\t\t<i aria-hidden=\"true\" class=\"fas fa-download\"><\/i>\t\t\t<\/span>\n\t\t\t\t\t\t<span class=\"elementor-button-text\"> Baixar a ficha t\u00e9cnica do produto<\/span>\n\t\t<\/span>\n\t\t\t\t\t<\/a>\n\t\t<\/div>\n\t\t\t\t<\/div>\n\t\t\t\t<\/div>\n\t\t\t\t<div class=\"elementor-element elementor-element-bc849b2 elementor-widget elementor-widget-spacer\" data-id=\"bc849b2\" data-element_type=\"widget\" data-widget_type=\"spacer.default\">\n\t\t\t\t<div class=\"elementor-widget-container\">\n\t\t\t\t\t<div class=\"elementor-spacer\">\n\t\t\t<div class=\"elementor-spacer-inner\"><\/div>\n\t\t<\/div>\n\t\t\t\t<\/div>\n\t\t\t\t<\/div>\n\t\t\t\t\t\t<\/div>\n\t\t\t\t\t<\/div>\n\t\t<\/div>\n\t\t\t\t\t\t\t\t<\/div>\n\t\t\t\t\t<\/div>\n\t\t<\/section>\n\t\t\t\t\t\t<\/div>\n\t\t\t\t\t\t<\/div>\n\t\t\t\t\t<\/div>\n\t\t","protected":false},"excerpt":{"rendered":"<p>Balan\u00e7as para preenchimento de sacos tipo Big-Bag A empresa Drewmax oferece uma s\u00e9rie de equipamentos para embalar produtos em sacos Big-Bag de quatro ganchos, com peso de 100-1500 kg. Dependendo das necessidades, desempenho e exig\u00eancias, os equipamentos oferecidos diferem em constru\u00e7\u00e3o e efici\u00eancia. A balan\u00e7a de paletes WBB \u00e9 o dispositivo mais simples da s\u00e9rie&hellip;<\/p>\n","protected":false},"author":1,"featured_media":12236,"parent":0,"menu_order":0,"comment_status":"closed","ping_status":"closed","template":"","meta":[],"yoast_head":"<!-- This site is optimized with the Yoast SEO Premium plugin v15.5 - https:\/\/yoast.com\/wordpress\/plugins\/seo\/ -->\n<title>Wa\u017cenie Pakowanie Paletyzacja Automatyka przemys\u0142owa linie PP PE<\/title>\n<meta name=\"description\" content=\"Wa\u017cenie Pakowanie Paletyzacja Automatyka przemys\u0142owa linie wa\u017c\u0105co - pakuj\u0105ce zbiorniki technologiczne mikrodozowanie linie PP PE Bigbag\" \/>\n<meta name=\"robots\" content=\"index, follow, max-snippet:-1, max-image-preview:large, max-video-preview:-1\" \/>\n<link rel=\"canonical\" href=\"https:\/\/drewmax.net.pl\/wagi-sluzace-do-napelniania-workow-typu-big-bag\/\" \/>\n<meta property=\"og:locale\" content=\"pt_PT\" \/>\n<meta property=\"og:type\" content=\"article\" \/>\n<meta property=\"og:title\" content=\"Wa\u017cenie Pakowanie Paletyzacja Automatyka przemys\u0142owa linie PP PE\" \/>\n<meta property=\"og:description\" content=\"Wa\u017cenie Pakowanie Paletyzacja Automatyka przemys\u0142owa linie wa\u017c\u0105co - pakuj\u0105ce zbiorniki technologiczne mikrodozowanie linie PP PE Bigbag\" \/>\n<meta property=\"og:url\" content=\"https:\/\/drewmax.net.pl\/wagi-sluzace-do-napelniania-workow-typu-big-bag\/\" \/>\n<meta property=\"og:site_name\" content=\"(Polski) Drewmax - Wa\u017cenie | Pakowanie | Paletyzacja | Automatyka\" \/>\n<meta property=\"article:publisher\" content=\"https:\/\/www.facebook.com\/Drewmax-111641623604429\/\" \/>\n<meta property=\"article:modified_time\" content=\"2025-04-03T12:31:50+00:00\" \/>\n<meta name=\"twitter:card\" content=\"summary_large_image\" \/>\n<meta name=\"twitter:label1\" content=\"Tempo estimado de leitura\">\n\t<meta name=\"twitter:data1\" content=\"8 minutos\">\n<script type=\"application\/ld+json\" class=\"yoast-schema-graph\">{\"@context\":\"https:\/\/schema.org\",\"@graph\":[{\"@type\":\"Organization\",\"@id\":\"https:\/\/drewmax.net.pl\/en\/#organization\",\"name\":\"DREWMAX Sp\\u00f3\\u0142ka z o.o.\",\"url\":\"https:\/\/drewmax.net.pl\/en\/\",\"sameAs\":[\"https:\/\/www.facebook.com\/Drewmax-111641623604429\/\",\"https:\/\/www.instagram.com\/drewmax.net.pl\/\",\"https:\/\/www.youtube.com\/channel\/UCCS8U5F8gSyJAlSWjxgbLRQ\"],\"logo\":{\"@type\":\"ImageObject\",\"@id\":\"https:\/\/drewmax.net.pl\/en\/#logo\",\"inLanguage\":\"pt-PT\",\"url\":\"\",\"caption\":\"DREWMAX Sp\\u00f3\\u0142ka z o.o.\"},\"image\":{\"@id\":\"https:\/\/drewmax.net.pl\/en\/#logo\"}},{\"@type\":\"WebSite\",\"@id\":\"https:\/\/drewmax.net.pl\/en\/#website\",\"url\":\"https:\/\/drewmax.net.pl\/en\/\",\"name\":\"(Polski) Drewmax - Wa\\u017cenie | Pakowanie | Paletyzacja | Automatyka\",\"description\":\"\",\"publisher\":{\"@id\":\"https:\/\/drewmax.net.pl\/en\/#organization\"},\"potentialAction\":[{\"@type\":\"SearchAction\",\"target\":\"https:\/\/drewmax.net.pl\/en\/?s={search_term_string}\",\"query-input\":\"required name=search_term_string\"}],\"inLanguage\":\"pt-PT\"},{\"@type\":\"ImageObject\",\"@id\":\"https:\/\/drewmax.net.pl\/wagi-sluzace-do-napelniania-workow-typu-big-bag\/#primaryimage\",\"inLanguage\":\"pt-PT\",\"url\":\"\"},{\"@type\":\"WebPage\",\"@id\":\"https:\/\/drewmax.net.pl\/wagi-sluzace-do-napelniania-workow-typu-big-bag\/#webpage\",\"url\":\"https:\/\/drewmax.net.pl\/wagi-sluzace-do-napelniania-workow-typu-big-bag\/\",\"name\":\"Wa\\u017cenie Pakowanie Paletyzacja Automatyka przemys\\u0142owa linie PP PE\",\"isPartOf\":{\"@id\":\"https:\/\/drewmax.net.pl\/en\/#website\"},\"primaryImageOfPage\":{\"@id\":\"https:\/\/drewmax.net.pl\/wagi-sluzace-do-napelniania-workow-typu-big-bag\/#primaryimage\"},\"datePublished\":\"2016-07-21T11:31:07+00:00\",\"dateModified\":\"2025-04-03T12:31:50+00:00\",\"description\":\"Wa\\u017cenie Pakowanie Paletyzacja Automatyka przemys\\u0142owa linie wa\\u017c\\u0105co - pakuj\\u0105ce zbiorniki technologiczne mikrodozowanie linie PP PE Bigbag\",\"breadcrumb\":{\"@id\":\"https:\/\/drewmax.net.pl\/wagi-sluzace-do-napelniania-workow-typu-big-bag\/#breadcrumb\"},\"inLanguage\":\"pt-PT\",\"potentialAction\":[{\"@type\":\"ReadAction\",\"target\":[\"https:\/\/drewmax.net.pl\/wagi-sluzace-do-napelniania-workow-typu-big-bag\/\"]}]},{\"@type\":\"BreadcrumbList\",\"@id\":\"https:\/\/drewmax.net.pl\/wagi-sluzace-do-napelniania-workow-typu-big-bag\/#breadcrumb\",\"itemListElement\":[{\"@type\":\"ListItem\",\"position\":1,\"item\":{\"@type\":\"WebPage\",\"@id\":\"https:\/\/drewmax.net.pl\/\",\"url\":\"https:\/\/drewmax.net.pl\/\",\"name\":\"Home\"}},{\"@type\":\"ListItem\",\"position\":2,\"item\":{\"@type\":\"WebPage\",\"@id\":\"https:\/\/drewmax.net.pl\/wagi-sluzace-do-napelniania-workow-typu-big-bag\/\",\"url\":\"https:\/\/drewmax.net.pl\/wagi-sluzace-do-napelniania-workow-typu-big-bag\/\",\"name\":\"Wagi s\\u0142u\\u017c\\u0105ce do nape\\u0142niania work\\u00f3w typu Big-Bag\"}}]}]}<\/script>\n<!-- \/ Yoast SEO Premium plugin. -->","_links":{"self":[{"href":"https:\/\/drewmax.net.pl\/pt\/wp-json\/wp\/v2\/pages\/171"}],"collection":[{"href":"https:\/\/drewmax.net.pl\/pt\/wp-json\/wp\/v2\/pages"}],"about":[{"href":"https:\/\/drewmax.net.pl\/pt\/wp-json\/wp\/v2\/types\/page"}],"author":[{"embeddable":true,"href":"https:\/\/drewmax.net.pl\/pt\/wp-json\/wp\/v2\/users\/1"}],"replies":[{"embeddable":true,"href":"https:\/\/drewmax.net.pl\/pt\/wp-json\/wp\/v2\/comments?post=171"}],"version-history":[{"count":79,"href":"https:\/\/drewmax.net.pl\/pt\/wp-json\/wp\/v2\/pages\/171\/revisions"}],"predecessor-version":[{"id":32021,"href":"https:\/\/drewmax.net.pl\/pt\/wp-json\/wp\/v2\/pages\/171\/revisions\/32021"}],"wp:featuredmedia":[{"embeddable":true,"href":"https:\/\/drewmax.net.pl\/pt\/wp-json\/wp\/v2\/media\/12236"}],"wp:attachment":[{"href":"https:\/\/drewmax.net.pl\/pt\/wp-json\/wp\/v2\/media?parent=171"}],"curies":[{"name":"wp","href":"https:\/\/api.w.org\/{rel}","templated":true}]}}