{"id":163,"date":"2016-07-21T13:24:05","date_gmt":"2016-07-21T11:24:05","guid":{"rendered":"http:\/\/drewmax.net.pl\/?page_id=163"},"modified":"2025-04-04T08:03:17","modified_gmt":"2025-04-04T06:03:17","slug":"systemy-magazynowania","status":"publish","type":"page","link":"https:\/\/drewmax.net.pl\/pt\/systemy-magazynowania\/","title":{"rendered":"Systemy magazynowania"},"content":{"rendered":"\t\t<div data-elementor-type=\"wp-post\" data-elementor-id=\"163\" class=\"elementor elementor-163\" data-elementor-settings=\"[]\">\n\t\t\t\t\t\t<div class=\"elementor-inner\">\n\t\t\t\t\t\t\t<div class=\"elementor-section-wrap\">\n\t\t\t\t\t\t\t<section class=\"elementor-section elementor-top-section elementor-element elementor-element-75dfc5a elementor-section-boxed elementor-section-height-default elementor-section-height-default\" data-id=\"75dfc5a\" data-element_type=\"section\" data-settings=\"{&quot;background_background&quot;:&quot;classic&quot;}\">\n\t\t\t\t\t\t<div class=\"elementor-container elementor-column-gap-default\">\n\t\t\t\t\t\t\t<div class=\"elementor-row\">\n\t\t\t\t\t<div class=\"elementor-column elementor-col-100 elementor-top-column elementor-element elementor-element-00c6003\" data-id=\"00c6003\" data-element_type=\"column\">\n\t\t\t<div class=\"elementor-column-wrap elementor-element-populated\">\n\t\t\t\t\t\t\t<div class=\"elementor-widget-wrap\">\n\t\t\t\t\t\t<div class=\"elementor-element elementor-element-050cfee elementor-widget elementor-widget-heading\" data-id=\"050cfee\" data-element_type=\"widget\" data-widget_type=\"heading.default\">\n\t\t\t\t<div class=\"elementor-widget-container\">\n\t\t\t<h2 class=\"elementor-heading-title elementor-size-xl\">Sistemas de armazenamento \n<\/h2>\t\t<\/div>\n\t\t\t\t<\/div>\n\t\t\t\t\t\t<\/div>\n\t\t\t\t\t<\/div>\n\t\t<\/div>\n\t\t\t\t\t\t\t\t<\/div>\n\t\t\t\t\t<\/div>\n\t\t<\/section>\n\t\t\t\t<section class=\"elementor-section elementor-top-section elementor-element elementor-element-6dde elementor-section-boxed elementor-section-height-default elementor-section-height-default\" data-id=\"6dde\" data-element_type=\"section\" data-settings=\"{&quot;background_background&quot;:&quot;classic&quot;}\">\n\t\t\t\t\t\t<div class=\"elementor-container elementor-column-gap-default\">\n\t\t\t\t\t\t\t<div class=\"elementor-row\">\n\t\t\t\t\t<div class=\"elementor-column elementor-col-100 elementor-top-column elementor-element elementor-element-1bbf\" data-id=\"1bbf\" data-element_type=\"column\">\n\t\t\t<div class=\"elementor-column-wrap elementor-element-populated\">\n\t\t\t\t\t\t\t<div class=\"elementor-widget-wrap\">\n\t\t\t\t\t\t<div class=\"elementor-element elementor-element-328c elementor-widget elementor-widget-text-editor\" data-id=\"328c\" data-element_type=\"widget\" data-widget_type=\"text-editor.default\">\n\t\t\t\t<div class=\"elementor-widget-container\">\n\t\t\t\t\t\t\t\t<div class=\"elementor-text-editor elementor-clearfix\">\n\t\t\t\t<p>\u00a0<\/p><p data-start=\"9215\" data-end=\"9480\">Um dos produtos da Drewmax s\u00e3o os sistemas de armazenamento. Entre os componentes do sistema, podemos destacar estantes manuais e autom\u00e1ticas. Dependendo do setor, as estantes podem ser adaptadas aos respectivos cont\u00eaineres ou bandejas.<\/p><p data-start=\"9482\" data-end=\"9971\"><strong>Estantes manuais<\/strong> \u2013 As estantes manuais que fabricamos t\u00eam aplica\u00e7\u00e3o principalmente na ind\u00fastria aliment\u00edcia. Uma grande quantidade de gavetas para diferentes tipos de cont\u00eaineres permite armazenar muitos ingredientes. Al\u00e9m disso, \u00e9 poss\u00edvel instalar uma plataforma m\u00f3vel colocada sobre trilhos especiais fixados entre as estantes. Esta solu\u00e7\u00e3o permite posicionar uma plataforma leve sobre a qual o operador, de acordo com a receita exibida na tela, pode pesar os ingredientes nas bandejas.<\/p><p data-start=\"9973\" data-end=\"10192\">Opcionalmente, as estantes podem ser equipadas com tampas de a\u00e7o inoxid\u00e1vel, que evitam a entrada de contaminantes nos cont\u00eaineres. Esta solu\u00e7\u00e3o tem um impacto significativo na qualidade das mat\u00e9rias-primas armazenadas.<\/p><p data-start=\"10194\" data-end=\"10464\">O sistema de controle, que cont\u00e9m uma base de dados de produtos, conta automaticamente o conte\u00fado despejado do recipiente e exibe a quantidade atual do produto na bandeja. O uso de c\u00f3digos de barras tamb\u00e9m ajuda o operador a confirmar a escolha correta da mat\u00e9ria-prima.<\/p><p data-start=\"10466\" data-end=\"11193\"><strong>Estantes autom\u00e1ticas<\/strong> \u2013 A estante rotativa \u00e9 um dispositivo moderno destinado ao armazenamento de produtos com excelente utiliza\u00e7\u00e3o do espa\u00e7o de armazenamento. As prateleiras se movem para cima ou para baixo ao longo de um circuito fechado. O acesso ao cont\u00eainer desejado \u00e9 feito apenas de um lado da estante em um n\u00edvel fixo ap\u00f3s a abertura da tampa de acesso. O sistema de controle da estante l\u00ea o n\u00famero do recipiente ao qual se deseja acessar e aciona o motor das prateleiras m\u00f3veis para que o recipiente desejado fique ao lado da tampa de acesso. Por raz\u00f5es de seguran\u00e7a, toda a estante rotativa \u00e9 protegida por telas, e a abertura da tampa de acesso s\u00f3 \u00e9 poss\u00edvel quando o motor das prateleiras estiver parado e bloqueado.<\/p><p data-start=\"11195\" data-end=\"11382\">A estante autom\u00e1tica, na configura\u00e7\u00e3o padr\u00e3o, possui 20 prateleiras, sendo que cada uma delas \u00e9 dividida em quatro compartimentos para a coloca\u00e7\u00e3o de cont\u00eaineres de armazenamento t\u00edpicos.<\/p><p data-start=\"11384\" data-end=\"11426\">A estante rotativa \u00e9 ideal para armazenar:<\/p><ul data-start=\"11427\" data-end=\"11490\"><li data-start=\"11427\" data-end=\"11446\">Produtos a granel<\/li><li data-start=\"11447\" data-end=\"11459\">Documentos<\/li><li data-start=\"11460\" data-end=\"11468\">Caixas<\/li><li data-start=\"11469\" data-end=\"11482\">Ferramentas<\/li><li data-start=\"11483\" data-end=\"11490\">Pe\u00e7as<\/li><\/ul><p data-start=\"0\" data-end=\"7\"><\/p>\t\t\t\t\t<\/div>\n\t\t\t\t\t\t<\/div>\n\t\t\t\t<\/div>\n\t\t\t\t<div class=\"elementor-element elementor-element-b71ce3b elementor-align-center elementor-widget elementor-widget-button\" data-id=\"b71ce3b\" data-element_type=\"widget\" data-widget_type=\"button.default\">\n\t\t\t\t<div class=\"elementor-widget-container\">\n\t\t\t\t\t<div class=\"elementor-button-wrapper\">\n\t\t\t<a href=\"https:\/\/drewmax.net.pl\/wp-content\/uploads\/2025\/03\/Systemy-przechowywania_front_PT.pdf\" target=\"_blank\" class=\"elementor-button-link elementor-button elementor-size-lg\" role=\"button\">\n\t\t\t\t\t\t<span class=\"elementor-button-content-wrapper\">\n\t\t\t\t\t\t<span class=\"elementor-button-icon elementor-align-icon-right\">\n\t\t\t\t<i aria-hidden=\"true\" class=\"fas fa-download\"><\/i>\t\t\t<\/span>\n\t\t\t\t\t\t<span class=\"elementor-button-text\">   Baixar a ficha t\u00e9cnica do produto<\/span>\n\t\t<\/span>\n\t\t\t\t\t<\/a>\n\t\t<\/div>\n\t\t\t\t<\/div>\n\t\t\t\t<\/div>\n\t\t\t\t\t\t<\/div>\n\t\t\t\t\t<\/div>\n\t\t<\/div>\n\t\t\t\t\t\t\t\t<\/div>\n\t\t\t\t\t<\/div>\n\t\t<\/section>\n\t\t\t\t\t\t<\/div>\n\t\t\t\t\t\t<\/div>\n\t\t\t\t\t<\/div>\n\t\t","protected":false},"excerpt":{"rendered":"<p>Sistemas de armazenamento \u00a0 Um dos produtos da Drewmax s\u00e3o os sistemas de armazenamento. Entre os componentes do sistema, podemos destacar estantes manuais e autom\u00e1ticas. Dependendo do setor, as estantes podem ser adaptadas aos respectivos cont\u00eaineres ou bandejas. Estantes manuais \u2013 As estantes manuais que fabricamos t\u00eam aplica\u00e7\u00e3o principalmente na ind\u00fastria aliment\u00edcia. Uma grande quantidade&hellip;<\/p>\n","protected":false},"author":1,"featured_media":0,"parent":0,"menu_order":0,"comment_status":"closed","ping_status":"closed","template":"","meta":[],"yoast_head":"<!-- This site is optimized with the Yoast SEO Premium plugin v15.5 - https:\/\/yoast.com\/wordpress\/plugins\/seo\/ -->\n<title>Wa\u017cenie Pakowanie Paletyzacja Automatyka przemys\u0142owa linie PP PE<\/title>\n<meta name=\"description\" content=\"Wa\u017cenie Pakowanie Paletyzacja Automatyka przemys\u0142owa linie wa\u017c\u0105co - pakuj\u0105ce zbiorniki technologiczne mikrodozowanie linie PP PE\" \/>\n<meta name=\"robots\" content=\"index, follow, max-snippet:-1, max-image-preview:large, max-video-preview:-1\" \/>\n<link rel=\"canonical\" href=\"https:\/\/drewmax.net.pl\/systemy-magazynowania\/\" \/>\n<meta property=\"og:locale\" content=\"pt_PT\" \/>\n<meta property=\"og:type\" content=\"article\" \/>\n<meta property=\"og:title\" content=\"Wa\u017cenie Pakowanie Paletyzacja Automatyka przemys\u0142owa linie PP PE\" \/>\n<meta property=\"og:description\" content=\"Wa\u017cenie Pakowanie Paletyzacja Automatyka przemys\u0142owa linie wa\u017c\u0105co - pakuj\u0105ce zbiorniki technologiczne mikrodozowanie linie PP PE\" \/>\n<meta property=\"og:url\" content=\"https:\/\/drewmax.net.pl\/systemy-magazynowania\/\" \/>\n<meta property=\"og:site_name\" content=\"(Polski) Drewmax - Wa\u017cenie | Pakowanie | Paletyzacja | Automatyka\" \/>\n<meta property=\"article:publisher\" content=\"https:\/\/www.facebook.com\/Drewmax-111641623604429\/\" \/>\n<meta property=\"article:modified_time\" content=\"2025-04-04T06:03:17+00:00\" \/>\n<meta name=\"twitter:card\" content=\"summary_large_image\" \/>\n<meta name=\"twitter:label1\" content=\"Tempo estimado de leitura\">\n\t<meta name=\"twitter:data1\" content=\"11 minutos\">\n<script type=\"application\/ld+json\" class=\"yoast-schema-graph\">{\"@context\":\"https:\/\/schema.org\",\"@graph\":[{\"@type\":\"Organization\",\"@id\":\"https:\/\/drewmax.net.pl\/en\/#organization\",\"name\":\"DREWMAX Sp\\u00f3\\u0142ka z o.o.\",\"url\":\"https:\/\/drewmax.net.pl\/en\/\",\"sameAs\":[\"https:\/\/www.facebook.com\/Drewmax-111641623604429\/\",\"https:\/\/www.instagram.com\/drewmax.net.pl\/\",\"https:\/\/www.youtube.com\/channel\/UCCS8U5F8gSyJAlSWjxgbLRQ\"],\"logo\":{\"@type\":\"ImageObject\",\"@id\":\"https:\/\/drewmax.net.pl\/en\/#logo\",\"inLanguage\":\"pt-PT\",\"url\":\"\",\"caption\":\"DREWMAX Sp\\u00f3\\u0142ka z o.o.\"},\"image\":{\"@id\":\"https:\/\/drewmax.net.pl\/en\/#logo\"}},{\"@type\":\"WebSite\",\"@id\":\"https:\/\/drewmax.net.pl\/en\/#website\",\"url\":\"https:\/\/drewmax.net.pl\/en\/\",\"name\":\"(Polski) Drewmax - Wa\\u017cenie | Pakowanie | Paletyzacja | Automatyka\",\"description\":\"\",\"publisher\":{\"@id\":\"https:\/\/drewmax.net.pl\/en\/#organization\"},\"potentialAction\":[{\"@type\":\"SearchAction\",\"target\":\"https:\/\/drewmax.net.pl\/en\/?s={search_term_string}\",\"query-input\":\"required name=search_term_string\"}],\"inLanguage\":\"pt-PT\"},{\"@type\":\"WebPage\",\"@id\":\"https:\/\/drewmax.net.pl\/systemy-magazynowania\/#webpage\",\"url\":\"https:\/\/drewmax.net.pl\/systemy-magazynowania\/\",\"name\":\"Wa\\u017cenie Pakowanie Paletyzacja Automatyka przemys\\u0142owa linie PP PE\",\"isPartOf\":{\"@id\":\"https:\/\/drewmax.net.pl\/en\/#website\"},\"datePublished\":\"2016-07-21T11:24:05+00:00\",\"dateModified\":\"2025-04-04T06:03:17+00:00\",\"description\":\"Wa\\u017cenie Pakowanie Paletyzacja Automatyka przemys\\u0142owa linie wa\\u017c\\u0105co - pakuj\\u0105ce zbiorniki technologiczne mikrodozowanie linie PP PE\",\"breadcrumb\":{\"@id\":\"https:\/\/drewmax.net.pl\/systemy-magazynowania\/#breadcrumb\"},\"inLanguage\":\"pt-PT\",\"potentialAction\":[{\"@type\":\"ReadAction\",\"target\":[\"https:\/\/drewmax.net.pl\/systemy-magazynowania\/\"]}]},{\"@type\":\"BreadcrumbList\",\"@id\":\"https:\/\/drewmax.net.pl\/systemy-magazynowania\/#breadcrumb\",\"itemListElement\":[{\"@type\":\"ListItem\",\"position\":1,\"item\":{\"@type\":\"WebPage\",\"@id\":\"https:\/\/drewmax.net.pl\/\",\"url\":\"https:\/\/drewmax.net.pl\/\",\"name\":\"Home\"}},{\"@type\":\"ListItem\",\"position\":2,\"item\":{\"@type\":\"WebPage\",\"@id\":\"https:\/\/drewmax.net.pl\/systemy-magazynowania\/\",\"url\":\"https:\/\/drewmax.net.pl\/systemy-magazynowania\/\",\"name\":\"Systemy magazynowania\"}}]}]}<\/script>\n<!-- \/ Yoast SEO Premium plugin. -->","_links":{"self":[{"href":"https:\/\/drewmax.net.pl\/pt\/wp-json\/wp\/v2\/pages\/163"}],"collection":[{"href":"https:\/\/drewmax.net.pl\/pt\/wp-json\/wp\/v2\/pages"}],"about":[{"href":"https:\/\/drewmax.net.pl\/pt\/wp-json\/wp\/v2\/types\/page"}],"author":[{"embeddable":true,"href":"https:\/\/drewmax.net.pl\/pt\/wp-json\/wp\/v2\/users\/1"}],"replies":[{"embeddable":true,"href":"https:\/\/drewmax.net.pl\/pt\/wp-json\/wp\/v2\/comments?post=163"}],"version-history":[{"count":55,"href":"https:\/\/drewmax.net.pl\/pt\/wp-json\/wp\/v2\/pages\/163\/revisions"}],"predecessor-version":[{"id":32046,"href":"https:\/\/drewmax.net.pl\/pt\/wp-json\/wp\/v2\/pages\/163\/revisions\/32046"}],"wp:attachment":[{"href":"https:\/\/drewmax.net.pl\/pt\/wp-json\/wp\/v2\/media?parent=163"}],"curies":[{"name":"wp","href":"https:\/\/api.w.org\/{rel}","templated":true}]}}