{"id":155,"date":"2016-07-21T13:10:46","date_gmt":"2016-07-21T11:10:46","guid":{"rendered":"http:\/\/drewmax.net.pl\/?page_id=155"},"modified":"2025-04-04T07:56:05","modified_gmt":"2025-04-04T05:56:05","slug":"stacje-mikrodozowania","status":"publish","type":"page","link":"https:\/\/drewmax.net.pl\/pt\/stacje-mikrodozowania\/","title":{"rendered":"Stacje Mikrodozowania"},"content":{"rendered":"\t\t<div data-elementor-type=\"wp-post\" data-elementor-id=\"155\" class=\"elementor elementor-155\" data-elementor-settings=\"[]\">\n\t\t\t\t\t\t<div class=\"elementor-inner\">\n\t\t\t\t\t\t\t<div class=\"elementor-section-wrap\">\n\t\t\t\t\t\t\t<section class=\"elementor-section elementor-top-section elementor-element elementor-element-92bf0b1 elementor-section-boxed elementor-section-height-default elementor-section-height-default\" data-id=\"92bf0b1\" data-element_type=\"section\" data-settings=\"{&quot;background_background&quot;:&quot;classic&quot;}\">\n\t\t\t\t\t\t<div class=\"elementor-container elementor-column-gap-default\">\n\t\t\t\t\t\t\t<div class=\"elementor-row\">\n\t\t\t\t\t<div class=\"elementor-column elementor-col-100 elementor-top-column elementor-element elementor-element-cee6152\" data-id=\"cee6152\" data-element_type=\"column\">\n\t\t\t<div class=\"elementor-column-wrap elementor-element-populated\">\n\t\t\t\t\t\t\t<div class=\"elementor-widget-wrap\">\n\t\t\t\t\t\t<div class=\"elementor-element elementor-element-36774cd elementor-widget elementor-widget-heading\" data-id=\"36774cd\" data-element_type=\"widget\" data-widget_type=\"heading.default\">\n\t\t\t\t<div class=\"elementor-widget-container\">\n\t\t\t<h2 class=\"elementor-heading-title elementor-size-xl\">Esta\u00e7\u00f5es de microdosagem\n<\/h2>\t\t<\/div>\n\t\t\t\t<\/div>\n\t\t\t\t\t\t<\/div>\n\t\t\t\t\t<\/div>\n\t\t<\/div>\n\t\t\t\t\t\t\t\t<\/div>\n\t\t\t\t\t<\/div>\n\t\t<\/section>\n\t\t\t\t<section class=\"elementor-section elementor-top-section elementor-element elementor-element-7d9d0cd elementor-section-boxed elementor-section-height-default elementor-section-height-default\" data-id=\"7d9d0cd\" data-element_type=\"section\" data-settings=\"{&quot;background_background&quot;:&quot;classic&quot;}\">\n\t\t\t\t\t\t<div class=\"elementor-container elementor-column-gap-default\">\n\t\t\t\t\t\t\t<div class=\"elementor-row\">\n\t\t\t\t\t<div class=\"elementor-column elementor-col-100 elementor-top-column elementor-element elementor-element-1f02298\" data-id=\"1f02298\" data-element_type=\"column\">\n\t\t\t<div class=\"elementor-column-wrap elementor-element-populated\">\n\t\t\t\t\t\t\t<div class=\"elementor-widget-wrap\">\n\t\t\t\t\t\t<div class=\"elementor-element elementor-element-c358f74 elementor-widget elementor-widget-text-editor\" data-id=\"c358f74\" data-element_type=\"widget\" data-widget_type=\"text-editor.default\">\n\t\t\t\t<div class=\"elementor-widget-container\">\n\t\t\t\t\t\t\t\t<div class=\"elementor-text-editor elementor-clearfix\">\n\t\t\t\t<p><br data-start=\"2537\" data-end=\"2540\" \/>As esta\u00e7\u00f5es de dosagem de componentes s\u00e3o selecionadas de acordo com os requisitos das receitas utilizadas pelo utilizador. S\u00e3o considerados o n\u00famero de ingredientes, a sua propor\u00e7\u00e3o na receita, a precis\u00e3o de dosagem necess\u00e1ria, as propriedades dos ingredientes, o tamanho da por\u00e7\u00e3o e o espa\u00e7o dispon\u00edvel para a instala\u00e7\u00e3o.<\/p><p data-start=\"2865\" data-end=\"2913\">Par\u00e2metros t\u00edpicos da esta\u00e7\u00e3o de microdosagem:<\/p><ul data-start=\"2914\" data-end=\"3159\" data-is-last-node=\"\" data-is-only-node=\"\"><li data-start=\"2914\" data-end=\"2958\">N\u00famero de reservat\u00f3rios: 3 \u2013 24 unidades<\/li><li data-start=\"2959\" data-end=\"3004\">Tamanho dos reservat\u00f3rios: 100 \u2013 2000 dm\u00b3<\/li><li data-start=\"3005\" data-end=\"3088\">Balan\u00e7as eletr\u00f3nicas de reservat\u00f3rio: 1 a 3 unidades com diferentes capacidades<\/li><li data-start=\"3089\" data-end=\"3159\" data-is-last-node=\"\">Capacidades de pesagem exemplos: 10 kg, 30 kg, 60 kg, 150 kg, 300 kg<\/li><\/ul><p data-start=\"0\" data-end=\"7\"><\/p>\t\t\t\t\t<\/div>\n\t\t\t\t\t\t<\/div>\n\t\t\t\t<\/div>\n\t\t\t\t\t\t<\/div>\n\t\t\t\t\t<\/div>\n\t\t<\/div>\n\t\t\t\t\t\t\t\t<\/div>\n\t\t\t\t\t<\/div>\n\t\t<\/section>\n\t\t\t\t<section class=\"elementor-section elementor-top-section elementor-element elementor-element-4679092 elementor-section-boxed elementor-section-height-default elementor-section-height-default\" data-id=\"4679092\" data-element_type=\"section\" data-settings=\"{&quot;background_background&quot;:&quot;classic&quot;}\">\n\t\t\t\t\t\t<div class=\"elementor-container elementor-column-gap-default\">\n\t\t\t\t\t\t\t<div class=\"elementor-row\">\n\t\t\t\t\t<div class=\"elementor-column elementor-col-100 elementor-top-column elementor-element elementor-element-95f1394\" data-id=\"95f1394\" data-element_type=\"column\">\n\t\t\t<div class=\"elementor-column-wrap elementor-element-populated\">\n\t\t\t\t\t\t\t<div class=\"elementor-widget-wrap\">\n\t\t\t\t\t\t<div class=\"elementor-element elementor-element-e9711c7 elementor-widget elementor-widget-text-editor\" data-id=\"e9711c7\" data-element_type=\"widget\" data-widget_type=\"text-editor.default\">\n\t\t\t\t<div class=\"elementor-widget-container\">\n\t\t\t\t\t\t\t\t<div class=\"elementor-text-editor elementor-clearfix\">\n\t\t\t\t<p><br data-start=\"2429\" data-end=\"2432\" \/>O dosagem dos ingredientes \u00e9 normalmente realizada atrav\u00e9s de dosadores de parafuso com v\u00e1lvulas de corte. Para produtos com tend\u00eancia a se suspenderem, s\u00e3o instalados misturadores ou rebatedores pneum\u00e1ticos nos reservat\u00f3rios. As esta\u00e7\u00f5es podem ser feitas de a\u00e7o carbono pintado ou a\u00e7o inoxid\u00e1vel.<\/p><p data-start=\"2731\" data-end=\"2798\"><strong>Exemplo de uma instala\u00e7\u00e3o da Drewmax. Na imagem, est\u00e3o mostrados:<\/strong><\/p><ul data-start=\"2799\" data-end=\"3003\" data-is-only-node=\"\" data-is-last-node=\"\"><li data-start=\"2799\" data-end=\"2848\">Tr\u00eas balan\u00e7as c\u00f4nicas dispostas verticalmente<\/li><li data-start=\"2849\" data-end=\"2893\">Reservat\u00f3rios redondos de a\u00e7o inoxid\u00e1vel<\/li><li data-start=\"2894\" data-end=\"2938\">Sistema de fundo ativo dos reservat\u00f3rios<\/li><li data-start=\"2939\" data-end=\"2977\">Transportador de cubos do tipo \u201cZ\u201d<\/li><li data-start=\"2978\" data-end=\"3003\" data-is-last-node=\"\">Instala\u00e7\u00e3o de automa\u00e7\u00e3o<\/li><\/ul><p data-start=\"0\" data-end=\"7\"><\/p>\t\t\t\t\t<\/div>\n\t\t\t\t\t\t<\/div>\n\t\t\t\t<\/div>\n\t\t\t\t\t\t<\/div>\n\t\t\t\t\t<\/div>\n\t\t<\/div>\n\t\t\t\t<div class=\"elementor-column elementor-col-100 elementor-top-column elementor-element elementor-element-582a544\" data-id=\"582a544\" data-element_type=\"column\">\n\t\t\t<div class=\"elementor-column-wrap elementor-element-populated\">\n\t\t\t\t\t\t\t<div class=\"elementor-widget-wrap\">\n\t\t\t\t\t\t<div class=\"elementor-element elementor-element-2e0bb13 elementor-widget elementor-widget-image\" data-id=\"2e0bb13\" data-element_type=\"widget\" data-widget_type=\"image.default\">\n\t\t\t\t<div class=\"elementor-widget-container\">\n\t\t\t\t\t\t\t\t<div class=\"elementor-image\">\n\t\t\t\t\t\t\t\t\t\t\t\t<img width=\"511\" height=\"629\" src=\"https:\/\/drewmax.net.pl\/wp-content\/uploads\/2020\/10\/mikro-1.png\" class=\"attachment-large size-large\" alt=\"\" loading=\"lazy\" srcset=\"https:\/\/drewmax.net.pl\/wp-content\/uploads\/2020\/10\/mikro-1.png 511w, https:\/\/drewmax.net.pl\/wp-content\/uploads\/2020\/10\/mikro-1-244x300.png 244w\" sizes=\"(max-width: 511px) 100vw, 511px\" \/>\t\t\t\t\t\t\t\t\t\t\t\t\t\t<\/div>\n\t\t\t\t\t\t<\/div>\n\t\t\t\t<\/div>\n\t\t\t\t\t\t<\/div>\n\t\t\t\t\t<\/div>\n\t\t<\/div>\n\t\t\t\t\t\t\t\t<\/div>\n\t\t\t\t\t<\/div>\n\t\t<\/section>\n\t\t\t\t<section class=\"elementor-section elementor-top-section elementor-element elementor-element-2d75b85 elementor-section-boxed elementor-section-height-default elementor-section-height-default\" data-id=\"2d75b85\" data-element_type=\"section\" data-settings=\"{&quot;background_background&quot;:&quot;classic&quot;}\">\n\t\t\t\t\t\t<div class=\"elementor-container elementor-column-gap-default\">\n\t\t\t\t\t\t\t<div class=\"elementor-row\">\n\t\t\t\t\t<div class=\"elementor-column elementor-col-100 elementor-top-column elementor-element elementor-element-f02e454\" data-id=\"f02e454\" data-element_type=\"column\">\n\t\t\t<div class=\"elementor-column-wrap elementor-element-populated\">\n\t\t\t\t\t\t\t<div class=\"elementor-widget-wrap\">\n\t\t\t\t\t\t<div class=\"elementor-element elementor-element-266e73f elementor-align-center elementor-widget elementor-widget-button\" data-id=\"266e73f\" data-element_type=\"widget\" data-widget_type=\"button.default\">\n\t\t\t\t<div class=\"elementor-widget-container\">\n\t\t\t\t\t<div class=\"elementor-button-wrapper\">\n\t\t\t<a href=\"https:\/\/drewmax.net.pl\/wp-content\/uploads\/2025\/03\/Stacje-mikrodozowania_front_PT.pdf\" target=\"_blank\" class=\"elementor-button-link elementor-button elementor-size-lg\" role=\"button\">\n\t\t\t\t\t\t<span class=\"elementor-button-content-wrapper\">\n\t\t\t\t\t\t<span class=\"elementor-button-icon elementor-align-icon-right\">\n\t\t\t\t<i aria-hidden=\"true\" class=\"fas fa-download\"><\/i>\t\t\t<\/span>\n\t\t\t\t\t\t<span class=\"elementor-button-text\">Baixar a ficha t\u00e9cnica do produto<\/span>\n\t\t<\/span>\n\t\t\t\t\t<\/a>\n\t\t<\/div>\n\t\t\t\t<\/div>\n\t\t\t\t<\/div>\n\t\t\t\t\t\t<\/div>\n\t\t\t\t\t<\/div>\n\t\t<\/div>\n\t\t\t\t\t\t\t\t<\/div>\n\t\t\t\t\t<\/div>\n\t\t<\/section>\n\t\t\t\t\t\t<\/div>\n\t\t\t\t\t\t<\/div>\n\t\t\t\t\t<\/div>\n\t\t","protected":false},"excerpt":{"rendered":"<p>Esta\u00e7\u00f5es de microdosagem As esta\u00e7\u00f5es de dosagem de componentes s\u00e3o selecionadas de acordo com os requisitos das receitas utilizadas pelo utilizador. S\u00e3o considerados o n\u00famero de ingredientes, a sua propor\u00e7\u00e3o na receita, a precis\u00e3o de dosagem necess\u00e1ria, as propriedades dos ingredientes, o tamanho da por\u00e7\u00e3o e o espa\u00e7o dispon\u00edvel para a instala\u00e7\u00e3o. Par\u00e2metros t\u00edpicos da&hellip;<\/p>\n","protected":false},"author":1,"featured_media":12274,"parent":0,"menu_order":0,"comment_status":"closed","ping_status":"closed","template":"","meta":[],"yoast_head":"<!-- This site is optimized with the Yoast SEO Premium plugin v15.5 - https:\/\/yoast.com\/wordpress\/plugins\/seo\/ -->\n<title>Wa\u017cenie Pakowanie Paletyzacja Automatyka przemys\u0142owa linie PP PE<\/title>\n<meta name=\"description\" content=\"Wa\u017cenie Pakowanie Paletyzacja Automatyka przemys\u0142owa linie wa\u017c\u0105co - pakuj\u0105ce zbiorniki technologiczne mikrodozowanie linie PP PE\" \/>\n<meta name=\"robots\" content=\"index, follow, max-snippet:-1, max-image-preview:large, max-video-preview:-1\" \/>\n<link rel=\"canonical\" href=\"https:\/\/drewmax.net.pl\/stacje-mikrodozowania\/\" \/>\n<meta property=\"og:locale\" content=\"pt_PT\" \/>\n<meta property=\"og:type\" content=\"article\" \/>\n<meta property=\"og:title\" content=\"Wa\u017cenie Pakowanie Paletyzacja Automatyka przemys\u0142owa linie PP PE\" \/>\n<meta property=\"og:description\" content=\"Wa\u017cenie Pakowanie Paletyzacja Automatyka przemys\u0142owa linie wa\u017c\u0105co - pakuj\u0105ce zbiorniki technologiczne mikrodozowanie linie PP PE\" \/>\n<meta property=\"og:url\" content=\"https:\/\/drewmax.net.pl\/stacje-mikrodozowania\/\" \/>\n<meta property=\"og:site_name\" content=\"(Polski) Drewmax - Wa\u017cenie | Pakowanie | Paletyzacja | Automatyka\" \/>\n<meta property=\"article:publisher\" content=\"https:\/\/www.facebook.com\/Drewmax-111641623604429\/\" \/>\n<meta property=\"article:modified_time\" content=\"2025-04-04T05:56:05+00:00\" \/>\n<meta name=\"twitter:card\" content=\"summary_large_image\" \/>\n<meta name=\"twitter:label1\" content=\"Tempo estimado de leitura\">\n\t<meta name=\"twitter:data1\" content=\"5 minutos\">\n<script type=\"application\/ld+json\" class=\"yoast-schema-graph\">{\"@context\":\"https:\/\/schema.org\",\"@graph\":[{\"@type\":\"Organization\",\"@id\":\"https:\/\/drewmax.net.pl\/en\/#organization\",\"name\":\"DREWMAX Sp\\u00f3\\u0142ka z o.o.\",\"url\":\"https:\/\/drewmax.net.pl\/en\/\",\"sameAs\":[\"https:\/\/www.facebook.com\/Drewmax-111641623604429\/\",\"https:\/\/www.instagram.com\/drewmax.net.pl\/\",\"https:\/\/www.youtube.com\/channel\/UCCS8U5F8gSyJAlSWjxgbLRQ\"],\"logo\":{\"@type\":\"ImageObject\",\"@id\":\"https:\/\/drewmax.net.pl\/en\/#logo\",\"inLanguage\":\"pt-PT\",\"url\":\"\",\"caption\":\"DREWMAX Sp\\u00f3\\u0142ka z o.o.\"},\"image\":{\"@id\":\"https:\/\/drewmax.net.pl\/en\/#logo\"}},{\"@type\":\"WebSite\",\"@id\":\"https:\/\/drewmax.net.pl\/en\/#website\",\"url\":\"https:\/\/drewmax.net.pl\/en\/\",\"name\":\"(Polski) Drewmax - Wa\\u017cenie | Pakowanie | Paletyzacja | Automatyka\",\"description\":\"\",\"publisher\":{\"@id\":\"https:\/\/drewmax.net.pl\/en\/#organization\"},\"potentialAction\":[{\"@type\":\"SearchAction\",\"target\":\"https:\/\/drewmax.net.pl\/en\/?s={search_term_string}\",\"query-input\":\"required name=search_term_string\"}],\"inLanguage\":\"pt-PT\"},{\"@type\":\"ImageObject\",\"@id\":\"https:\/\/drewmax.net.pl\/stacje-mikrodozowania\/#primaryimage\",\"inLanguage\":\"pt-PT\",\"url\":\"\"},{\"@type\":\"WebPage\",\"@id\":\"https:\/\/drewmax.net.pl\/stacje-mikrodozowania\/#webpage\",\"url\":\"https:\/\/drewmax.net.pl\/stacje-mikrodozowania\/\",\"name\":\"Wa\\u017cenie Pakowanie Paletyzacja Automatyka przemys\\u0142owa linie PP PE\",\"isPartOf\":{\"@id\":\"https:\/\/drewmax.net.pl\/en\/#website\"},\"primaryImageOfPage\":{\"@id\":\"https:\/\/drewmax.net.pl\/stacje-mikrodozowania\/#primaryimage\"},\"datePublished\":\"2016-07-21T11:10:46+00:00\",\"dateModified\":\"2025-04-04T05:56:05+00:00\",\"description\":\"Wa\\u017cenie Pakowanie Paletyzacja Automatyka przemys\\u0142owa linie wa\\u017c\\u0105co - pakuj\\u0105ce zbiorniki technologiczne mikrodozowanie linie PP PE\",\"breadcrumb\":{\"@id\":\"https:\/\/drewmax.net.pl\/stacje-mikrodozowania\/#breadcrumb\"},\"inLanguage\":\"pt-PT\",\"potentialAction\":[{\"@type\":\"ReadAction\",\"target\":[\"https:\/\/drewmax.net.pl\/stacje-mikrodozowania\/\"]}]},{\"@type\":\"BreadcrumbList\",\"@id\":\"https:\/\/drewmax.net.pl\/stacje-mikrodozowania\/#breadcrumb\",\"itemListElement\":[{\"@type\":\"ListItem\",\"position\":1,\"item\":{\"@type\":\"WebPage\",\"@id\":\"https:\/\/drewmax.net.pl\/\",\"url\":\"https:\/\/drewmax.net.pl\/\",\"name\":\"Home\"}},{\"@type\":\"ListItem\",\"position\":2,\"item\":{\"@type\":\"WebPage\",\"@id\":\"https:\/\/drewmax.net.pl\/stacje-mikrodozowania\/\",\"url\":\"https:\/\/drewmax.net.pl\/stacje-mikrodozowania\/\",\"name\":\"Stacje Mikrodozowania\"}}]}]}<\/script>\n<!-- \/ Yoast SEO Premium plugin. -->","_links":{"self":[{"href":"https:\/\/drewmax.net.pl\/pt\/wp-json\/wp\/v2\/pages\/155"}],"collection":[{"href":"https:\/\/drewmax.net.pl\/pt\/wp-json\/wp\/v2\/pages"}],"about":[{"href":"https:\/\/drewmax.net.pl\/pt\/wp-json\/wp\/v2\/types\/page"}],"author":[{"embeddable":true,"href":"https:\/\/drewmax.net.pl\/pt\/wp-json\/wp\/v2\/users\/1"}],"replies":[{"embeddable":true,"href":"https:\/\/drewmax.net.pl\/pt\/wp-json\/wp\/v2\/comments?post=155"}],"version-history":[{"count":58,"href":"https:\/\/drewmax.net.pl\/pt\/wp-json\/wp\/v2\/pages\/155\/revisions"}],"predecessor-version":[{"id":32040,"href":"https:\/\/drewmax.net.pl\/pt\/wp-json\/wp\/v2\/pages\/155\/revisions\/32040"}],"wp:featuredmedia":[{"embeddable":true,"href":"https:\/\/drewmax.net.pl\/pt\/wp-json\/wp\/v2\/media\/12274"}],"wp:attachment":[{"href":"https:\/\/drewmax.net.pl\/pt\/wp-json\/wp\/v2\/media?parent=155"}],"curies":[{"name":"wp","href":"https:\/\/api.w.org\/{rel}","templated":true}]}}