{"id":1359,"date":"2019-06-10T12:29:03","date_gmt":"2019-06-10T10:29:03","guid":{"rendered":"https:\/\/drewmax.net.pl\/?page_id=1359"},"modified":"2025-03-26T15:03:29","modified_gmt":"2025-03-26T14:03:29","slug":"regulamin","status":"publish","type":"page","link":"https:\/\/drewmax.net.pl\/pt\/regulamin\/","title":{"rendered":"Regulamento sobre a presta\u00e7\u00e3o de servi\u00e7os eletr\u00f4nicos, juntamente com a pol\u00edtica de cookies"},"content":{"rendered":"\t\t<div data-elementor-type=\"wp-page\" data-elementor-id=\"1359\" class=\"elementor elementor-1359\" data-elementor-settings=\"[]\">\n\t\t\t\t\t\t<div class=\"elementor-inner\">\n\t\t\t\t\t\t\t<div class=\"elementor-section-wrap\">\n\t\t\t\t\t\t\t<section class=\"elementor-section elementor-top-section elementor-element elementor-element-e1d4d51 elementor-section-boxed elementor-section-height-default elementor-section-height-default\" data-id=\"e1d4d51\" data-element_type=\"section\" data-settings=\"{&quot;background_background&quot;:&quot;classic&quot;}\">\n\t\t\t\t\t\t<div class=\"elementor-container elementor-column-gap-default\">\n\t\t\t\t\t\t\t<div class=\"elementor-row\">\n\t\t\t\t\t<div class=\"elementor-column elementor-col-100 elementor-top-column elementor-element elementor-element-124ef09a\" data-id=\"124ef09a\" data-element_type=\"column\">\n\t\t\t<div class=\"elementor-column-wrap elementor-element-populated\">\n\t\t\t\t\t\t\t<div class=\"elementor-widget-wrap\">\n\t\t\t\t\t\t<div class=\"elementor-element elementor-element-2bbd4ecb elementor-widget elementor-widget-text-editor\" data-id=\"2bbd4ecb\" data-element_type=\"widget\" data-widget_type=\"text-editor.default\">\n\t\t\t\t<div class=\"elementor-widget-container\">\n\t\t\t\t\t\t\t\t<div class=\"elementor-text-editor elementor-clearfix\">\n\t\t\t\t\n<!-- wp:paragraph {\"align\":\"center\"} -->\n<p class=\"has-text-align-center\"><strong>\u00a7 1<br \/>Disposi\u00e7\u00f5es Gerais<\/strong><\/p>\n<!-- \/wp:paragraph -->\n\n<!-- wp:list {\"ordered\":true} -->\n<ol>\n<li>Este Regulamento define as regras de uso do Site pelos Usu\u00e1rios.<\/li>\n<li>Os seguintes termos utilizados neste Regulamento t\u00eam os significados indicados abaixo:<\/li>\n<\/ol>\n<!-- \/wp:list -->\n<p style=\"padding-left: 80px;\">a) <strong>Cookies<\/strong> \u2013 s\u00e3o dados de TI, em particular pequenos arquivos de texto, salvos e armazenados nos dispositivos por meio dos quais o Usu\u00e1rio acessa o Site.<br \/>b) <strong>Cookies Pr\u00f3prios<\/strong> \u2013 s\u00e3o Cookies colocados pela DREWMAX, relacionados \u00e0 presta\u00e7\u00e3o de servi\u00e7os por meios eletr\u00f4nicos atrav\u00e9s do Site.<br \/>c) <strong>Cookies de Terceiros<\/strong> \u2013 s\u00e3o Cookies colocados por terceiros por meio do Site.<br \/>d) <strong>DREWMAX<\/strong> \u2013 DREWMAX Sp\u00f3\u0142ka z ograniczon\u0105 odpowiedzialno\u015bci\u0105 com sede em K\u0119dzierzyn Ko\u017ale (47-230), ul. Strzelecka 5, inscrita no Registro de Empreendedores do KRS sob o n\u00ba 0000160661, NIP: 7490002138, REGON: 530619195, e-mail: drewmax@drewmax.net.pl, tel.: +48 77 481 01 22<br \/>e) <strong>Regulamento<\/strong> \u2013 este regulamento.<br \/>f) Site \u2013 site na Internet operando em www.drewmax.net.pl, administrado pela DREWMAX. O Site inclui, em particular, informa\u00e7\u00f5es sobre a equipe da DREWMAX, a gama de bens e servi\u00e7os oferecidos e dados de contato.<br \/>g) <strong>Dispositivo<\/strong> \u2013 \u00e9 o dispositivo eletr\u00f4nico por meio do qual o Usu\u00e1rio acessa o Site.<br \/>h) <strong>Usu\u00e1rio<\/strong> \u2013 a pessoa que utiliza o Site.<\/p>\n<!-- wp:paragraph {\"align\":\"center\"} -->\n<p class=\"has-text-align-center\"><strong>\u00a72<\/strong><br \/><strong>Servi\u00e7os Prestados Eletronicamente<\/strong><\/p>\n<!-- \/wp:paragraph -->\n\n<!-- wp:list {\"ordered\":true} -->\n<ol>\n<li>A DREWMAX disponibiliza aos Usu\u00e1rios a possibilidade de utilizar, de forma gratuita, o servi\u00e7o prestado eletronicamente (na acep\u00e7\u00e3o da Lei de 18 de julho de 2002 sobre a presta\u00e7\u00e3o de servi\u00e7os por meios eletr\u00f4nicos, Dz.U.2017.1219), que consiste em disponibilizar o conte\u00fado do Site.<\/li>\n<li>Para usufruir do servi\u00e7o mencionado, o Usu\u00e1rio deve ter: um dispositivo que permita a conex\u00e3o com a Internet, possua um sistema operacional, conex\u00e3o \u00e0 Internet e o software necess\u00e1rio (navegador de Internet).<\/li>\n<li>O contrato para a presta\u00e7\u00e3o do servi\u00e7o referido no \u00a72, par\u00e1grafo 1, \u00e9 conclu\u00eddo quando o Usu\u00e1rio envia um pedido individual apropriado de transmiss\u00e3o de dados por meio de uma rede de telecomunica\u00e7\u00f5es (o que ocorre ao abrir o Site no navegador). Este contrato \u00e9 encerrado ap\u00f3s a sua completa execu\u00e7\u00e3o (fechamento do Site).<\/li>\n<li>O Usu\u00e1rio se compromete a n\u00e3o utilizar o Site de forma que prejudique o seu funcionamento, em particular por meio de software prejudicial (malware).<\/li>\n<li>Em caso de insatisfa\u00e7\u00e3o com o funcionamento do Site, o Usu\u00e1rio pode apresentar uma reclama\u00e7\u00e3o por e-mail para: <a href=\"mailto:rodo@drewmax.net.pl\">rodo@drewmax.net.pl<\/a>. O Usu\u00e1rio ser\u00e1 informado sobre a forma de resolu\u00e7\u00e3o da reclama\u00e7\u00e3o no endere\u00e7o de e-mail a partir do qual ela foi enviada, no prazo de 14 dias a partir do recebimento da reclama\u00e7\u00e3o pela DREWMAX.<\/li>\n<\/ol>\n<!-- \/wp:list -->\n\n<!-- wp:paragraph {\"align\":\"center\"} -->\n<p class=\"has-text-align-center\"><strong>\u00a73<\/strong><br \/><strong>Pol\u00edtica de Cookies<\/strong><\/p>\n<!-- \/wp:paragraph -->\n\n<!-- wp:list {\"ordered\":true} -->\n<ol>\n<li>Por meio de Cookies, a DREWMAX armazena informa\u00e7\u00f5es no Dispositivo do Usu\u00e1rio ou obt\u00e9m acesso a informa\u00e7\u00f5es j\u00e1 armazenadas, conforme estabelecido neste Regulamento.<\/li>\n<li>A DREWMAX utiliza os seguintes tipos de Cookies:<br \/>a) Cookies de sess\u00e3o: s\u00e3o armazenados no Dispositivo do Usu\u00e1rio e permanecem l\u00e1 at\u00e9 o encerramento da sess\u00e3o do navegador. As informa\u00e7\u00f5es salvas s\u00e3o ent\u00e3o exclu\u00eddas permanentemente da mem\u00f3ria do Dispositivo.<br \/>b) Cookies persistentes: s\u00e3o armazenados no Dispositivo do Usu\u00e1rio e permanecem l\u00e1 at\u00e9 serem exclu\u00eddos. O encerramento da sess\u00e3o do navegador ou o desligamento do Dispositivo n\u00e3o os exclui.<\/li>\n<li>A DREWMAX utiliza Cookies Pr\u00f3prios para adaptar o conte\u00fado do Site \u00e0s prefer\u00eancias e necessidades do Usu\u00e1rio, em especial levando em considera\u00e7\u00e3o o tipo de Dispositivo pelo qual o Usu\u00e1rio acessa o Site.<\/li>\n<li>A DREWMAX utiliza Cookies de Terceiros para criar estat\u00edsticas e an\u00e1lises agregadas, visando monitorar a forma como os Usu\u00e1rios utilizam o Site, o que possibilita adapt\u00e1-lo da melhor maneira poss\u00edvel \u00e0s necessidades dos Usu\u00e1rios. Nesse sentido, a DREWMAX utiliza o servi\u00e7o Google Analytics \u2013 ao abrir o Site, s\u00e3o lidas, gravadas e enviadas para um servidor seguro do Google as informa\u00e7\u00f5es sobre a origem dos usu\u00e1rios, identificados com base no endere\u00e7o IP. O Google Analytics n\u00e3o coleta dados privados. Informa\u00e7\u00f5es detalhadas a esse respeito est\u00e3o dispon\u00edveis no site do Google (<a href=\"https:\/\/policies.google.com\/technologies\/types?hl=pl\">https:\/\/policies.google.com\/technologies\/types?hl=pl<\/a>).<\/li>\n<li>O uso de Cookies pela DREWMAX n\u00e3o causa altera\u00e7\u00f5es de configura\u00e7\u00e3o no Dispositivo do Usu\u00e1rio ou no software instalado nesse Dispositivo.<\/li>\n<li>O Usu\u00e1rio pode limitar ou desativar o acesso de Cookies ao seu Dispositivo nas configura\u00e7\u00f5es do navegador de Internet ou por meio da configura\u00e7\u00e3o do servi\u00e7o \u2013 em especial para bloquear o manuseio autom\u00e1tico de Cookies ou informar cada vez que um Cookie for armazenado no Dispositivo do Usu\u00e1rio. Informa\u00e7\u00f5es detalhadas sobre as possibilidades e modos de gerenciamento de Cookies est\u00e3o dispon\u00edveis nas configura\u00e7\u00f5es do software (navegador de Internet). A descri\u00e7\u00e3o das etapas necess\u00e1rias pode ser encontrada nos sites dos fabricantes, por exemplo:<\/li>\n<li>O Usu\u00e1rio pode excluir os Cookies a qualquer momento.<\/li>\n<li>A limita\u00e7\u00e3o do uso de Cookies ou a exclus\u00e3o de Cookies existentes pode afetar algumas das funcionalidades dispon\u00edveis no Site.<\/li>\n<\/ol>\n<!-- \/wp:list -->\n\n<!-- wp:paragraph {\"align\":\"center\"} -->\n<p class=\"has-text-align-center\"><strong>\u00a74<\/strong><br \/><strong>Disposi\u00e7\u00f5es Finais<\/strong><\/p>\n<!-- \/wp:paragraph -->\n\n<!-- wp:list {\"ordered\":true} -->\n<ol>\n<li>As regras de tratamento de dados pela DREWMAX est\u00e3o definidas na pol\u00edtica de privacidade, dispon\u00edvel no pr\u00f3prio Site, no endere\u00e7o <a href=\"https:\/\/drewmax.net.pl\/polityka-prywatnosci\/\">https:\/\/drewmax.net.pl\/polityka-prywatnosci\/<\/a>.<\/li>\n<li>A DREWMAX tem o direito de alterar as disposi\u00e7\u00f5es deste Regulamento. Tais altera\u00e7\u00f5es n\u00e3o afetar\u00e3o, em hip\u00f3tese alguma, os direitos j\u00e1 adquiridos pelos Usu\u00e1rios.<\/li>\n<\/ol>\n<!-- \/wp:list -->\n\n\n\t\t\t\t\t<\/div>\n\t\t\t\t\t\t<\/div>\n\t\t\t\t<\/div>\n\t\t\t\t\t\t<\/div>\n\t\t\t\t\t<\/div>\n\t\t<\/div>\n\t\t\t\t\t\t\t\t<\/div>\n\t\t\t\t\t<\/div>\n\t\t<\/section>\n\t\t\t\t\t\t<\/div>\n\t\t\t\t\t\t<\/div>\n\t\t\t\t\t<\/div>\n\t\t","protected":false},"excerpt":{"rendered":"<p class=\"qtranxs-available-languages-message qtranxs-available-languages-message-pt\">Desculpe, este conte\u00fado s\u00f3 est\u00e1 dispon\u00edvel em <a href=\"https:\/\/drewmax.net.pl\/it\/wp-json\/wp\/v2\/pages\/1359\" class=\"qtranxs-available-language-link qtranxs-available-language-link-it\" title=\"Italiano\">Italiano<\/a>.<\/p>\n","protected":false},"author":1,"featured_media":0,"parent":0,"menu_order":0,"comment_status":"closed","ping_status":"closed","template":"","meta":[],"yoast_head":"<!-- This site is optimized with the Yoast SEO Premium plugin v15.5 - https:\/\/yoast.com\/wordpress\/plugins\/seo\/ -->\n<title>Regulamento sobre a presta\u00e7\u00e3o de servi\u00e7os eletr\u00f4nicos, juntamente com a pol\u00edtica de cookies - (Polski) Drewmax - Wa\u017cenie | Pakowanie | Paletyzacja | Automatyka<\/title>\n<meta name=\"robots\" content=\"index, follow, max-snippet:-1, max-image-preview:large, max-video-preview:-1\" \/>\n<link rel=\"canonical\" href=\"https:\/\/drewmax.net.pl\/regulamin\/\" \/>\n<meta property=\"og:locale\" content=\"pt_PT\" \/>\n<meta property=\"og:type\" content=\"article\" \/>\n<meta property=\"og:title\" content=\"[:pl]Regulamin \u015bwiadczenia us\u0142ug drog\u0105 elektroniczn\u0105 wraz z polityk\u0105 cookies[:en]Regulations for the Provision of Electronic Services together with the Cookie Policy[:de]Bestimmungen zur Erbringung elektronischer Dienstleistungen zusammen mit der Cookie-Richtlinie[:ua]\u041f\u0440\u0430\u0432\u0438\u043b\u0430 \u043d\u0430\u0434\u0430\u043d\u043d\u044f \u043f\u043e\u0441\u043b\u0443\u0433 \u0432 \u0435\u043b\u0435\u043a\u0442\u0440\u043e\u043d\u043d\u043e\u043c\u0443 \u0432\u0438\u0433\u043b\u044f\u0434\u0456 \u0440\u0430\u0437\u043e\u043c \u0456\u0437 \u043f\u043e\u043b\u0456\u0442\u0438\u043a\u043e\u044e \u0432\u0438\u043a\u043e\u0440\u0438\u0441\u0442\u0430\u043d\u043d\u044f \u0444\u0430\u0439\u043b\u0456\u0432 cookie[:pt]Regulamento sobre a presta\u00e7\u00e3o de servi\u00e7os eletr\u00f4nicos, juntamente com a pol\u00edtica de cookies[:fr]R\u00e8glement relatif \u00e0 la prestation de services par voie \u00e9lectronique, accompagn\u00e9 de la politique en mati\u00e8re de cookies[:es]Reglamento sobre la prestaci\u00f3n de servicios por medios electr\u00f3nicos junto con la pol\u00edtica de cookies[:ru]\u0420\u0435\u0433\u043b\u0430\u043c\u0435\u043d\u0442 \u043e\u043a\u0430\u0437\u0430\u043d\u0438\u044f \u0443\u0441\u043b\u0443\u0433 \u0432 \u044d\u043b\u0435\u043a\u0442\u0440\u043e\u043d\u043d\u043e\u043c \u0432\u0438\u0434\u0435 \u0432\u043c\u0435\u0441\u0442\u0435 \u0441 \u043f\u043e\u043b\u0438\u0442\u0438\u043a\u043e\u0439 \u0438\u0441\u043f\u043e\u043b\u044c\u0437\u043e\u0432\u0430\u043d\u0438\u044f \u0444\u0430\u0439\u043b\u043e\u0432 cookie[:it]Regolamento sulla prestazione di servizi per via elettronica insieme alla politica sui cookie[:] - (Polski) Drewmax - Wa\u017cenie | Pakowanie | Paletyzacja | Automatyka\" \/>\n<meta property=\"og:description\" content=\"[:it]   [:]\" \/>\n<meta property=\"og:url\" content=\"https:\/\/drewmax.net.pl\/regulamin\/\" \/>\n<meta property=\"og:site_name\" content=\"(Polski) Drewmax - Wa\u017cenie | Pakowanie | Paletyzacja | Automatyka\" \/>\n<meta property=\"article:publisher\" content=\"https:\/\/www.facebook.com\/Drewmax-111641623604429\/\" \/>\n<meta property=\"article:modified_time\" content=\"2025-03-26T14:03:29+00:00\" \/>\n<meta name=\"twitter:card\" content=\"summary_large_image\" \/>\n<meta name=\"twitter:label1\" content=\"Tempo estimado de leitura\">\n\t<meta name=\"twitter:data1\" content=\"25 minutos\">\n<script type=\"application\/ld+json\" class=\"yoast-schema-graph\">{\"@context\":\"https:\/\/schema.org\",\"@graph\":[{\"@type\":\"Organization\",\"@id\":\"https:\/\/drewmax.net.pl\/en\/#organization\",\"name\":\"DREWMAX Sp\\u00f3\\u0142ka z o.o.\",\"url\":\"https:\/\/drewmax.net.pl\/en\/\",\"sameAs\":[\"https:\/\/www.facebook.com\/Drewmax-111641623604429\/\",\"https:\/\/www.instagram.com\/drewmax.net.pl\/\",\"https:\/\/www.youtube.com\/channel\/UCCS8U5F8gSyJAlSWjxgbLRQ\"],\"logo\":{\"@type\":\"ImageObject\",\"@id\":\"https:\/\/drewmax.net.pl\/en\/#logo\",\"inLanguage\":\"pt-PT\",\"url\":\"\",\"caption\":\"DREWMAX Sp\\u00f3\\u0142ka z o.o.\"},\"image\":{\"@id\":\"https:\/\/drewmax.net.pl\/en\/#logo\"}},{\"@type\":\"WebSite\",\"@id\":\"https:\/\/drewmax.net.pl\/en\/#website\",\"url\":\"https:\/\/drewmax.net.pl\/en\/\",\"name\":\"(Polski) Drewmax - Wa\\u017cenie | Pakowanie | Paletyzacja | Automatyka\",\"description\":\"\",\"publisher\":{\"@id\":\"https:\/\/drewmax.net.pl\/en\/#organization\"},\"potentialAction\":[{\"@type\":\"SearchAction\",\"target\":\"https:\/\/drewmax.net.pl\/en\/?s={search_term_string}\",\"query-input\":\"required name=search_term_string\"}],\"inLanguage\":\"pt-PT\"},{\"@type\":\"WebPage\",\"@id\":\"https:\/\/drewmax.net.pl\/regulamin\/#webpage\",\"url\":\"https:\/\/drewmax.net.pl\/regulamin\/\",\"name\":\"[:pl]Regulamin \\u015bwiadczenia us\\u0142ug drog\\u0105 elektroniczn\\u0105 wraz z polityk\\u0105 cookies[:en]Regulations for the Provision of Electronic Services together with the Cookie Policy[:de]Bestimmungen zur Erbringung elektronischer Dienstleistungen zusammen mit der Cookie-Richtlinie[:ua]\\u041f\\u0440\\u0430\\u0432\\u0438\\u043b\\u0430 \\u043d\\u0430\\u0434\\u0430\\u043d\\u043d\\u044f \\u043f\\u043e\\u0441\\u043b\\u0443\\u0433 \\u0432 \\u0435\\u043b\\u0435\\u043a\\u0442\\u0440\\u043e\\u043d\\u043d\\u043e\\u043c\\u0443 \\u0432\\u0438\\u0433\\u043b\\u044f\\u0434\\u0456 \\u0440\\u0430\\u0437\\u043e\\u043c \\u0456\\u0437 \\u043f\\u043e\\u043b\\u0456\\u0442\\u0438\\u043a\\u043e\\u044e \\u0432\\u0438\\u043a\\u043e\\u0440\\u0438\\u0441\\u0442\\u0430\\u043d\\u043d\\u044f \\u0444\\u0430\\u0439\\u043b\\u0456\\u0432 cookie[:pt]Regulamento sobre a presta\\u00e7\\u00e3o de servi\\u00e7os eletr\\u00f4nicos, juntamente com a pol\\u00edtica de cookies[:fr]R\\u00e8glement relatif \\u00e0 la prestation de services par voie \\u00e9lectronique, accompagn\\u00e9 de la politique en mati\\u00e8re de cookies[:es]Reglamento sobre la prestaci\\u00f3n de servicios por medios electr\\u00f3nicos junto con la pol\\u00edtica de cookies[:ru]\\u0420\\u0435\\u0433\\u043b\\u0430\\u043c\\u0435\\u043d\\u0442 \\u043e\\u043a\\u0430\\u0437\\u0430\\u043d\\u0438\\u044f \\u0443\\u0441\\u043b\\u0443\\u0433 \\u0432 \\u044d\\u043b\\u0435\\u043a\\u0442\\u0440\\u043e\\u043d\\u043d\\u043e\\u043c \\u0432\\u0438\\u0434\\u0435 \\u0432\\u043c\\u0435\\u0441\\u0442\\u0435 \\u0441 \\u043f\\u043e\\u043b\\u0438\\u0442\\u0438\\u043a\\u043e\\u0439 \\u0438\\u0441\\u043f\\u043e\\u043b\\u044c\\u0437\\u043e\\u0432\\u0430\\u043d\\u0438\\u044f \\u0444\\u0430\\u0439\\u043b\\u043e\\u0432 cookie[:it]Regolamento sulla prestazione di servizi per via elettronica insieme alla politica sui cookie[:] - (Polski) Drewmax - Wa\\u017cenie | Pakowanie | Paletyzacja | Automatyka\",\"isPartOf\":{\"@id\":\"https:\/\/drewmax.net.pl\/en\/#website\"},\"datePublished\":\"2019-06-10T10:29:03+00:00\",\"dateModified\":\"2025-03-26T14:03:29+00:00\",\"breadcrumb\":{\"@id\":\"https:\/\/drewmax.net.pl\/regulamin\/#breadcrumb\"},\"inLanguage\":\"pt-PT\",\"potentialAction\":[{\"@type\":\"ReadAction\",\"target\":[\"https:\/\/drewmax.net.pl\/regulamin\/\"]}]},{\"@type\":\"BreadcrumbList\",\"@id\":\"https:\/\/drewmax.net.pl\/regulamin\/#breadcrumb\",\"itemListElement\":[{\"@type\":\"ListItem\",\"position\":1,\"item\":{\"@type\":\"WebPage\",\"@id\":\"https:\/\/drewmax.net.pl\/\",\"url\":\"https:\/\/drewmax.net.pl\/\",\"name\":\"Home\"}},{\"@type\":\"ListItem\",\"position\":2,\"item\":{\"@type\":\"WebPage\",\"@id\":\"https:\/\/drewmax.net.pl\/regulamin\/\",\"url\":\"https:\/\/drewmax.net.pl\/regulamin\/\",\"name\":\"Regulations for the Provision of Electronic Services together with the Cookie Policy\"}}]}]}<\/script>\n<!-- \/ Yoast SEO Premium plugin. -->","_links":{"self":[{"href":"https:\/\/drewmax.net.pl\/pt\/wp-json\/wp\/v2\/pages\/1359"}],"collection":[{"href":"https:\/\/drewmax.net.pl\/pt\/wp-json\/wp\/v2\/pages"}],"about":[{"href":"https:\/\/drewmax.net.pl\/pt\/wp-json\/wp\/v2\/types\/page"}],"author":[{"embeddable":true,"href":"https:\/\/drewmax.net.pl\/pt\/wp-json\/wp\/v2\/users\/1"}],"replies":[{"embeddable":true,"href":"https:\/\/drewmax.net.pl\/pt\/wp-json\/wp\/v2\/comments?post=1359"}],"version-history":[{"count":14,"href":"https:\/\/drewmax.net.pl\/pt\/wp-json\/wp\/v2\/pages\/1359\/revisions"}],"predecessor-version":[{"id":31572,"href":"https:\/\/drewmax.net.pl\/pt\/wp-json\/wp\/v2\/pages\/1359\/revisions\/31572"}],"wp:attachment":[{"href":"https:\/\/drewmax.net.pl\/pt\/wp-json\/wp\/v2\/media?parent=1359"}],"curies":[{"name":"wp","href":"https:\/\/api.w.org\/{rel}","templated":true}]}}