{"id":1351,"date":"2019-06-10T12:02:09","date_gmt":"2019-06-10T10:02:09","guid":{"rendered":"https:\/\/drewmax.net.pl\/?page_id=1351"},"modified":"2024-02-22T09:31:07","modified_gmt":"2024-02-22T08:31:07","slug":"polityka-prywatnosci-2","status":"publish","type":"page","link":"https:\/\/drewmax.net.pl\/pt\/polityka-prywatnosci-2\/","title":{"rendered":"Polityka prywatno\u015bci"},"content":{"rendered":"<p class=\"qtranxs-available-languages-message qtranxs-available-languages-message-pt\">Desculpe, este conte\u00fado s\u00f3 est\u00e1 dispon\u00edvel em <a href=\"https:\/\/drewmax.net.pl\/pl\/wp-json\/wp\/v2\/pages\/1351\" class=\"qtranxs-available-language-link qtranxs-available-language-link-pl\" title=\"Polski\">Polaco<\/a> e <a href=\"https:\/\/drewmax.net.pl\/en\/wp-json\/wp\/v2\/pages\/1351\" class=\"qtranxs-available-language-link qtranxs-available-language-link-en\" title=\"English\">Ingl\u00eas (Eua)<\/a>.<\/p>","protected":false},"excerpt":{"rendered":"<p>Desculpe, este conte\u00fado s\u00f3 est\u00e1 dispon\u00edvel em Polaco e Ingl\u00eas (Eua).<\/p>\n","protected":false},"author":1,"featured_media":0,"parent":0,"menu_order":0,"comment_status":"closed","ping_status":"closed","template":"","meta":[],"yoast_head":"<!-- This site is optimized with the Yoast SEO Premium plugin v15.5 - https:\/\/yoast.com\/wordpress\/plugins\/seo\/ -->\n<title>Polityka prywatno\u015bci - (Polski) Drewmax - Wa\u017cenie | Pakowanie | Paletyzacja | Automatyka<\/title>\n<meta name=\"robots\" content=\"index, follow, max-snippet:-1, max-image-preview:large, max-video-preview:-1\" \/>\n<link rel=\"canonical\" href=\"https:\/\/drewmax.net.pl\/en\/polityka-prywatnosci-2\/\" \/>\n<meta property=\"og:locale\" content=\"pt_PT\" \/>\n<meta property=\"og:type\" content=\"article\" \/>\n<meta property=\"og:title\" content=\"Polityka prywatno\u015bci - (Polski) Drewmax - Wa\u017cenie | Pakowanie | Paletyzacja | Automatyka\" \/>\n<meta property=\"og:description\" content=\"Desculpe, este conte\u00fado s\u00f3 est\u00e1 dispon\u00edvel em Polaco e Ingl\u00eas (Eua).\" \/>\n<meta property=\"og:url\" content=\"https:\/\/drewmax.net.pl\/en\/polityka-prywatnosci-2\/\" \/>\n<meta property=\"og:site_name\" content=\"(Polski) Drewmax - Wa\u017cenie | Pakowanie | Paletyzacja | Automatyka\" \/>\n<meta property=\"article:publisher\" content=\"https:\/\/www.facebook.com\/Drewmax-111641623604429\/\" \/>\n<meta property=\"article:modified_time\" content=\"2024-02-22T08:31:07+00:00\" \/>\n<meta name=\"twitter:card\" content=\"summary_large_image\" \/>\n<meta name=\"twitter:label1\" content=\"Tempo estimado de leitura\">\n\t<meta name=\"twitter:data1\" content=\"15 minutos\">\n<script type=\"application\/ld+json\" class=\"yoast-schema-graph\">{\"@context\":\"https:\/\/schema.org\",\"@graph\":[{\"@type\":\"Organization\",\"@id\":\"https:\/\/drewmax.net.pl\/en\/#organization\",\"name\":\"DREWMAX Sp\\u00f3\\u0142ka z o.o.\",\"url\":\"https:\/\/drewmax.net.pl\/en\/\",\"sameAs\":[\"https:\/\/www.facebook.com\/Drewmax-111641623604429\/\",\"https:\/\/www.instagram.com\/drewmax.net.pl\/\",\"https:\/\/www.youtube.com\/channel\/UCCS8U5F8gSyJAlSWjxgbLRQ\"],\"logo\":{\"@type\":\"ImageObject\",\"@id\":\"https:\/\/drewmax.net.pl\/en\/#logo\",\"inLanguage\":\"pt-PT\",\"url\":\"\",\"caption\":\"DREWMAX Sp\\u00f3\\u0142ka z o.o.\"},\"image\":{\"@id\":\"https:\/\/drewmax.net.pl\/en\/#logo\"}},{\"@type\":\"WebSite\",\"@id\":\"https:\/\/drewmax.net.pl\/en\/#website\",\"url\":\"https:\/\/drewmax.net.pl\/en\/\",\"name\":\"(Polski) Drewmax - Wa\\u017cenie | Pakowanie | Paletyzacja | Automatyka\",\"description\":\"\",\"publisher\":{\"@id\":\"https:\/\/drewmax.net.pl\/en\/#organization\"},\"potentialAction\":[{\"@type\":\"SearchAction\",\"target\":\"https:\/\/drewmax.net.pl\/en\/?s={search_term_string}\",\"query-input\":\"required name=search_term_string\"}],\"inLanguage\":\"pt-PT\"},{\"@type\":\"WebPage\",\"@id\":\"https:\/\/drewmax.net.pl\/en\/polityka-prywatnosci-2\/#webpage\",\"url\":\"https:\/\/drewmax.net.pl\/en\/polityka-prywatnosci-2\/\",\"name\":\"Polityka prywatno\\u015bci - (Polski) Drewmax - Wa\\u017cenie | Pakowanie | Paletyzacja | Automatyka\",\"isPartOf\":{\"@id\":\"https:\/\/drewmax.net.pl\/en\/#website\"},\"datePublished\":\"2019-06-10T10:02:09+00:00\",\"dateModified\":\"2024-02-22T08:31:07+00:00\",\"breadcrumb\":{\"@id\":\"https:\/\/drewmax.net.pl\/en\/polityka-prywatnosci-2\/#breadcrumb\"},\"inLanguage\":\"pt-PT\",\"potentialAction\":[{\"@type\":\"ReadAction\",\"target\":[\"https:\/\/drewmax.net.pl\/en\/polityka-prywatnosci-2\/\"]}]},{\"@type\":\"BreadcrumbList\",\"@id\":\"https:\/\/drewmax.net.pl\/en\/polityka-prywatnosci-2\/#breadcrumb\",\"itemListElement\":[{\"@type\":\"ListItem\",\"position\":1,\"item\":{\"@type\":\"WebPage\",\"@id\":\"https:\/\/drewmax.net.pl\/\",\"url\":\"https:\/\/drewmax.net.pl\/\",\"name\":\"Home\"}},{\"@type\":\"ListItem\",\"position\":2,\"item\":{\"@type\":\"WebPage\",\"@id\":\"https:\/\/drewmax.net.pl\/en\/polityka-prywatnosci-2\/\",\"url\":\"https:\/\/drewmax.net.pl\/en\/polityka-prywatnosci-2\/\",\"name\":\"Polityka prywatno\\u015bci\"}}]}]}<\/script>\n<!-- \/ Yoast SEO Premium plugin. -->","_links":{"self":[{"href":"https:\/\/drewmax.net.pl\/pt\/wp-json\/wp\/v2\/pages\/1351"}],"collection":[{"href":"https:\/\/drewmax.net.pl\/pt\/wp-json\/wp\/v2\/pages"}],"about":[{"href":"https:\/\/drewmax.net.pl\/pt\/wp-json\/wp\/v2\/types\/page"}],"author":[{"embeddable":true,"href":"https:\/\/drewmax.net.pl\/pt\/wp-json\/wp\/v2\/users\/1"}],"replies":[{"embeddable":true,"href":"https:\/\/drewmax.net.pl\/pt\/wp-json\/wp\/v2\/comments?post=1351"}],"version-history":[{"count":3,"href":"https:\/\/drewmax.net.pl\/pt\/wp-json\/wp\/v2\/pages\/1351\/revisions"}],"predecessor-version":[{"id":22032,"href":"https:\/\/drewmax.net.pl\/pt\/wp-json\/wp\/v2\/pages\/1351\/revisions\/22032"}],"wp:attachment":[{"href":"https:\/\/drewmax.net.pl\/pt\/wp-json\/wp\/v2\/media?parent=1351"}],"curies":[{"name":"wp","href":"https:\/\/api.w.org\/{rel}","templated":true}]}}