{"id":12532,"date":"2019-07-11T10:10:10","date_gmt":"2019-07-11T08:10:10","guid":{"rendered":"http:\/\/127.0.0.1\/drewmax-new\/?page_id=12521"},"modified":"2025-03-25T13:05:40","modified_gmt":"2025-03-25T12:05:40","slug":"serwis","status":"publish","type":"page","link":"https:\/\/drewmax.net.pl\/pt\/serwis\/","title":{"rendered":"Serwis"},"content":{"rendered":"\t\t<div data-elementor-type=\"wp-post\" data-elementor-id=\"12532\" class=\"elementor elementor-12532\" data-elementor-settings=\"[]\">\n\t\t\t\t\t\t<div class=\"elementor-inner\">\n\t\t\t\t\t\t\t<div class=\"elementor-section-wrap\">\n\t\t\t\t\t\t\t<section class=\"elementor-section elementor-top-section elementor-element elementor-element-97a3440 elementor-section-boxed elementor-section-height-default elementor-section-height-default\" data-id=\"97a3440\" data-element_type=\"section\" data-settings=\"{&quot;background_background&quot;:&quot;classic&quot;}\">\n\t\t\t\t\t\t<div class=\"elementor-container elementor-column-gap-default\">\n\t\t\t\t\t\t\t<div class=\"elementor-row\">\n\t\t\t\t\t<div class=\"elementor-column elementor-col-100 elementor-top-column elementor-element elementor-element-1209047\" data-id=\"1209047\" data-element_type=\"column\">\n\t\t\t<div class=\"elementor-column-wrap elementor-element-populated\">\n\t\t\t\t\t\t\t<div class=\"elementor-widget-wrap\">\n\t\t\t\t\t\t<div class=\"elementor-element elementor-element-2503e94 elementor-widget elementor-widget-heading\" data-id=\"2503e94\" data-element_type=\"widget\" data-widget_type=\"heading.default\">\n\t\t\t\t<div class=\"elementor-widget-container\">\n\t\t\t<h2 class=\"elementor-heading-title elementor-size-xl\"> Servi\u00e7o<\/h2>\t\t<\/div>\n\t\t\t\t<\/div>\n\t\t\t\t\t\t<\/div>\n\t\t\t\t\t<\/div>\n\t\t<\/div>\n\t\t\t\t\t\t\t\t<\/div>\n\t\t\t\t\t<\/div>\n\t\t<\/section>\n\t\t\t\t<section class=\"elementor-section elementor-top-section elementor-element elementor-element-d7a8778 elementor-section-boxed elementor-section-height-default elementor-section-height-default\" data-id=\"d7a8778\" data-element_type=\"section\" data-settings=\"{&quot;background_background&quot;:&quot;classic&quot;}\">\n\t\t\t\t\t\t<div class=\"elementor-container elementor-column-gap-default\">\n\t\t\t\t\t\t\t<div class=\"elementor-row\">\n\t\t\t\t\t<div class=\"elementor-column elementor-col-50 elementor-top-column elementor-element elementor-element-bfff421\" data-id=\"bfff421\" data-element_type=\"column\">\n\t\t\t<div class=\"elementor-column-wrap elementor-element-populated\">\n\t\t\t\t\t\t\t<div class=\"elementor-widget-wrap\">\n\t\t\t\t\t\t<div class=\"elementor-element elementor-element-51814c5 elementor-widget elementor-widget-text-editor\" data-id=\"51814c5\" data-element_type=\"widget\" data-widget_type=\"text-editor.default\">\n\t\t\t\t<div class=\"elementor-widget-container\">\n\t\t\t\t\t\t\t\t<div class=\"elementor-text-editor elementor-clearfix\">\n\t\t\t\t<p><\/p><p>A empresa <strong>Drewmax<\/strong> faz todo o poss\u00edvel para garantir que a qualidade dos trabalhos de manuten\u00e7\u00e3o realizados esteja no mais alto n\u00edvel, e os materiais utilizados para reparos sejam sempre da <strong>mais alta<\/strong> qualidade.<\/p><p><br data-start=\"2582\" data-end=\"2585\" \/>Temos um armaz\u00e9m de pe\u00e7as de reposi\u00e7\u00e3o bem abastecido, o que nos permite enviar pe\u00e7as de reposi\u00e7\u00e3o novas <strong>em at\u00e9 um dia.<\/strong><\/p><p><br data-start=\"2704\" data-end=\"2707\" \/>Temos mais de <strong>40 t\u00e9cnicos de servi\u00e7o<\/strong> \u00e0 sua disposi\u00e7\u00e3o.<\/p><p><br data-start=\"2761\" data-end=\"2764\" \/>Nossa empresa possui seguro de responsabilidade civil no valor de <strong>2.000.000,00 USD<\/strong>, o que garante a <strong>seguran\u00e7a<\/strong> do cliente no que diz respeito \u00e0 prote\u00e7\u00e3o de sua propriedade.<\/p><p data-start=\"0\" data-end=\"183\"><\/span><\/p>\t\t\t\t\t<\/div>\n\t\t\t\t\t\t<\/div>\n\t\t\t\t<\/div>\n\t\t\t\t\t\t<\/div>\n\t\t\t\t\t<\/div>\n\t\t<\/div>\n\t\t\t\t<div class=\"elementor-column elementor-col-50 elementor-top-column elementor-element elementor-element-aaecb4d\" data-id=\"aaecb4d\" data-element_type=\"column\">\n\t\t\t<div class=\"elementor-column-wrap elementor-element-populated\">\n\t\t\t\t\t\t\t<div class=\"elementor-widget-wrap\">\n\t\t\t\t\t\t<div class=\"elementor-element elementor-element-54d63e2 elementor-widget elementor-widget-image\" data-id=\"54d63e2\" data-element_type=\"widget\" data-widget_type=\"image.default\">\n\t\t\t\t<div class=\"elementor-widget-container\">\n\t\t\t\t\t\t\t\t<div class=\"elementor-image\">\n\t\t\t\t\t\t\t\t\t\t\t\t<img src=\"https:\/\/drewmax.net.pl\/wp-content\/uploads\/2019\/07\/serwis_1-1-e1563253455379.jpg\" title=\"\" alt=\"\" \/>\t\t\t\t\t\t\t\t\t\t\t\t\t\t<\/div>\n\t\t\t\t\t\t<\/div>\n\t\t\t\t<\/div>\n\t\t\t\t\t\t<\/div>\n\t\t\t\t\t<\/div>\n\t\t<\/div>\n\t\t\t\t\t\t\t\t<\/div>\n\t\t\t\t\t<\/div>\n\t\t<\/section>\n\t\t\t\t<section class=\"elementor-section elementor-top-section elementor-element elementor-element-7792b3d elementor-section-boxed elementor-section-height-default elementor-section-height-default\" data-id=\"7792b3d\" data-element_type=\"section\" data-settings=\"{&quot;background_background&quot;:&quot;classic&quot;}\">\n\t\t\t\t\t\t<div class=\"elementor-container elementor-column-gap-default\">\n\t\t\t\t\t\t\t<div class=\"elementor-row\">\n\t\t\t\t\t<div class=\"elementor-column elementor-col-50 elementor-top-column elementor-element elementor-element-c16916b\" data-id=\"c16916b\" data-element_type=\"column\">\n\t\t\t<div class=\"elementor-column-wrap elementor-element-populated\">\n\t\t\t\t\t\t\t<div class=\"elementor-widget-wrap\">\n\t\t\t\t\t\t<div class=\"elementor-element elementor-element-6b4106f elementor-widget elementor-widget-image\" data-id=\"6b4106f\" data-element_type=\"widget\" data-widget_type=\"image.default\">\n\t\t\t\t<div class=\"elementor-widget-container\">\n\t\t\t\t\t\t\t\t<div class=\"elementor-image\">\n\t\t\t\t\t\t\t\t\t\t\t\t<img src=\"https:\/\/drewmax.net.pl\/wp-content\/uploads\/2019\/07\/Artboard-6mini2-1-e1563253503283.jpg\" title=\"\" alt=\"\" \/>\t\t\t\t\t\t\t\t\t\t\t\t\t\t<\/div>\n\t\t\t\t\t\t<\/div>\n\t\t\t\t<\/div>\n\t\t\t\t\t\t<\/div>\n\t\t\t\t\t<\/div>\n\t\t<\/div>\n\t\t\t\t<div class=\"elementor-column elementor-col-50 elementor-top-column elementor-element elementor-element-5d83a22\" data-id=\"5d83a22\" data-element_type=\"column\">\n\t\t\t<div class=\"elementor-column-wrap elementor-element-populated\">\n\t\t\t\t\t\t\t<div class=\"elementor-widget-wrap\">\n\t\t\t\t\t\t<div class=\"elementor-element elementor-element-bff8012 elementor-widget elementor-widget-text-editor\" data-id=\"bff8012\" data-element_type=\"widget\" data-widget_type=\"text-editor.default\">\n\t\t\t\t<div class=\"elementor-widget-container\">\n\t\t\t\t\t\t\t\t<div class=\"elementor-text-editor elementor-clearfix\">\n\t\t\t\t<p><\/p><p><strong data-start=\"2691\" data-end=\"3326\"><span style=\"text-decoration: underline;\">Tempo de resposta para localiza\u00e7\u00f5es espec\u00edficas:<\/span><\/strong><\/p><ul><li>Pol\u00f4nia \u2013 tempo de resposta para a\u00e7\u00f5es de servi\u00e7o (contato telef\u00f4nico, internet) at\u00e9 24 horas, tempo de repara\u00e7\u00e3o para pequenos defeitos at\u00e9 24 horas.<\/li><li>Uni\u00e3o Europeia \u2013 tempo de resposta para a\u00e7\u00f5es de servi\u00e7o (contato telef\u00f4nico, internet) at\u00e9 24 horas, tempo de repara\u00e7\u00e3o para pequenos defeitos at\u00e9 72 horas.<\/li><li>R\u00fassia, Ucr\u00e2nia, Bielorr\u00fassia \u2013 tempo de resposta para a\u00e7\u00f5es de servi\u00e7o (contato telef\u00f4nico, internet) at\u00e9 48 horas, tempo de repara\u00e7\u00e3o para pequenos defeitos at\u00e9 7 dias.<\/li><li>Outros pa\u00edses \u2013 tempo de resposta e repara\u00e7\u00e3o definidos individualmente para cada localiza\u00e7\u00e3o.<\/li><\/ul><p data-start=\"0\" data-end=\"44\"><\/p>\t\t\t\t\t<\/div>\n\t\t\t\t\t\t<\/div>\n\t\t\t\t<\/div>\n\t\t\t\t\t\t<\/div>\n\t\t\t\t\t<\/div>\n\t\t<\/div>\n\t\t\t\t\t\t\t\t<\/div>\n\t\t\t\t\t<\/div>\n\t\t<\/section>\n\t\t\t\t<section class=\"elementor-section elementor-top-section elementor-element elementor-element-28f317a elementor-section-boxed elementor-section-height-default elementor-section-height-default\" data-id=\"28f317a\" data-element_type=\"section\" data-settings=\"{&quot;background_background&quot;:&quot;classic&quot;}\">\n\t\t\t\t\t\t<div class=\"elementor-container elementor-column-gap-default\">\n\t\t\t\t\t\t\t<div class=\"elementor-row\">\n\t\t\t\t\t<div class=\"elementor-column elementor-col-50 elementor-top-column elementor-element elementor-element-2d20a3c\" data-id=\"2d20a3c\" data-element_type=\"column\">\n\t\t\t<div class=\"elementor-column-wrap elementor-element-populated\">\n\t\t\t\t\t\t\t<div class=\"elementor-widget-wrap\">\n\t\t\t\t\t\t<div class=\"elementor-element elementor-element-881012e elementor-widget elementor-widget-text-editor\" data-id=\"881012e\" data-element_type=\"widget\" data-widget_type=\"text-editor.default\">\n\t\t\t\t<div class=\"elementor-widget-container\">\n\t\t\t\t\t\t\t\t<div class=\"elementor-text-editor elementor-clearfix\">\n\t\t\t\t<p><\/p><p><span style=\"text-decoration: underline;\"><strong data-start=\"3445\" data-end=\"4251\">Prazos recomendados para inspe\u00e7\u00f5es peri\u00f3dicas pagas:<\/strong><\/span><\/p><ul><li>Para linhas autom\u00e1ticas 2aWN\/S e 2aWN\/T, o per\u00edodo recomendado \u00e9 de no m\u00ednimo 2 inspe\u00e7\u00f5es por ano, a partir da data de in\u00edcio da linha.<\/li><li>Para as linhas WN\/S-50, WN\/T-50 e WB\/S-50, bem como WB\/T-50, que operam em turnos duplos ou mais, o per\u00edodo recomendado \u00e9 de no m\u00ednimo 1 inspe\u00e7\u00e3o por ano, a partir da data de in\u00edcio da linha.<\/li><li>Para as linhas WN\/S-50, WN\/T-50, e WB\/S-50, bem como WB\/T-50, que operam em turno \u00fanico, n\u00e3o h\u00e1 inspe\u00e7\u00f5es peri\u00f3dicas recomendadas.<\/li><li>Para paletizadores (todos os tipos), o per\u00edodo recomendado \u00e9 de no m\u00ednimo 2 inspe\u00e7\u00f5es por ano, a partir da data de in\u00edcio da linha.<\/li><li>Para rob\u00f4s paletizadores e cap\u00f4s Stretch Hood MK-1000, o per\u00edodo recomendado \u00e9 de no m\u00ednimo 1 inspe\u00e7\u00e3o por ano, a partir da data de in\u00edcio da linha.<\/li><\/ul><p data-start=\"0\" data-end=\"54\"><\/p>\t\t\t\t\t<\/div>\n\t\t\t\t\t\t<\/div>\n\t\t\t\t<\/div>\n\t\t\t\t\t\t<\/div>\n\t\t\t\t\t<\/div>\n\t\t<\/div>\n\t\t\t\t<div class=\"elementor-column elementor-col-50 elementor-top-column elementor-element elementor-element-d01b6e8\" data-id=\"d01b6e8\" data-element_type=\"column\">\n\t\t\t<div class=\"elementor-column-wrap elementor-element-populated\">\n\t\t\t\t\t\t\t<div class=\"elementor-widget-wrap\">\n\t\t\t\t\t\t<div class=\"elementor-element elementor-element-46bfecf elementor-widget elementor-widget-image\" data-id=\"46bfecf\" data-element_type=\"widget\" data-widget_type=\"image.default\">\n\t\t\t\t<div class=\"elementor-widget-container\">\n\t\t\t\t\t\t\t\t<div class=\"elementor-image\">\n\t\t\t\t\t\t\t\t\t\t\t\t<img src=\"https:\/\/drewmax.net.pl\/wp-content\/uploads\/2019\/07\/serwis_2-1-e1563253483561.jpg\" title=\"\" alt=\"\" \/>\t\t\t\t\t\t\t\t\t\t\t\t\t\t<\/div>\n\t\t\t\t\t\t<\/div>\n\t\t\t\t<\/div>\n\t\t\t\t\t\t<\/div>\n\t\t\t\t\t<\/div>\n\t\t<\/div>\n\t\t\t\t\t\t\t\t<\/div>\n\t\t\t\t\t<\/div>\n\t\t<\/section>\n\t\t\t\t<section class=\"elementor-section elementor-top-section elementor-element elementor-element-047689f elementor-section-boxed elementor-section-height-default elementor-section-height-default\" data-id=\"047689f\" data-element_type=\"section\" data-settings=\"{&quot;background_background&quot;:&quot;classic&quot;}\">\n\t\t\t\t\t\t<div class=\"elementor-container elementor-column-gap-default\">\n\t\t\t\t\t\t\t<div class=\"elementor-row\">\n\t\t\t\t\t<div class=\"elementor-column elementor-col-50 elementor-top-column elementor-element elementor-element-c5a4a2c\" data-id=\"c5a4a2c\" data-element_type=\"column\">\n\t\t\t<div class=\"elementor-column-wrap elementor-element-populated\">\n\t\t\t\t\t\t\t<div class=\"elementor-widget-wrap\">\n\t\t\t\t\t\t<div class=\"elementor-element elementor-element-0ac5e66 elementor-widget elementor-widget-text-editor\" data-id=\"0ac5e66\" data-element_type=\"widget\" data-widget_type=\"text-editor.default\">\n\t\t\t\t<div class=\"elementor-widget-container\">\n\t\t\t\t\t\t\t\t<div class=\"elementor-text-editor elementor-clearfix\">\n\t\t\t\t<p><\/p><p data-start=\"2787\" data-end=\"2865\"><span style=\"text-decoration: underline;\"><strong data-start=\"2809\" data-end=\"2865\">Endere\u00e7o e procedimento para solicita\u00e7\u00e3o de servi\u00e7o:<\/strong><\/span><\/p><p>Para relatar uma falha de garantia ou solicitar servi\u00e7o, por favor nos avise de uma das seguintes formas:<\/p><ul><li data-start=\"2974\" data-end=\"3003\">Por escrito, por e-mail para:<\/li><\/ul><p data-start=\"3005\" data-end=\"3059\">\u00a0 \u00a0 \u00a0 \u00a0 \u00a0 \u00a0 \u00a0 \u00a0 Servi\u00e7o \u2013 serwisdrewmax.net.pl com o assunto &#8220;Servi\u00e7o&#8221;<\/p><ul><li data-start=\"3061\" data-end=\"3097\">Por telefone, nos seguintes n\u00fameros:<\/li><\/ul><p data-start=\"3099\" data-end=\"3125\">\u00a0 \u00a0 \u00a0 \u00a0 \u00a0 \u00a0 \u00a0 \u00a0 Drewmax \u2013 +48 77 481 01 22<\/p><p data-start=\"3127\" data-end=\"3160\">\u00a0 \u00a0 \u00a0 \u00a0 \u00a0 \u00a0 \u00a0 \u00a0 Piotr Domerecki \u2013 +48 887 119 222<\/p><ul><li data-start=\"3162\" data-end=\"3217\">Suporte de servi\u00e7o (Chefe do Departamento de Automa\u00e7\u00e3o)<\/li><\/ul><p data-start=\"3219\" data-end=\"3252\" data-is-last-node=\"\">\u00a0 \u00a0 \u00a0 \u00a0 \u00a0 \u00a0 \u00a0 \u00a0Krzysztof Hassa \u2013 +48 725 551 666<\/p><p data-start=\"0\" data-end=\"50\"><\/p>\t\t\t\t\t<\/div>\n\t\t\t\t\t\t<\/div>\n\t\t\t\t<\/div>\n\t\t\t\t\t\t<\/div>\n\t\t\t\t\t<\/div>\n\t\t<\/div>\n\t\t\t\t<div class=\"elementor-column elementor-col-50 elementor-top-column elementor-element elementor-element-3bcf92e\" data-id=\"3bcf92e\" data-element_type=\"column\">\n\t\t\t<div class=\"elementor-column-wrap elementor-element-populated\">\n\t\t\t\t\t\t\t<div class=\"elementor-widget-wrap\">\n\t\t\t\t\t\t<div class=\"elementor-element elementor-element-e5c5d18 elementor-widget elementor-widget-text-editor\" data-id=\"e5c5d18\" data-element_type=\"widget\" data-widget_type=\"text-editor.default\">\n\t\t\t\t<div class=\"elementor-widget-container\">\n\t\t\t\t\t\t\t\t<div class=\"elementor-text-editor elementor-clearfix\">\n\t\t\t\t<p><\/p>\t\t\t\t\t<\/div>\n\t\t\t\t\t\t<\/div>\n\t\t\t\t<\/div>\n\t\t\t\t\t\t<\/div>\n\t\t\t\t\t<\/div>\n\t\t<\/div>\n\t\t\t\t\t\t\t\t<\/div>\n\t\t\t\t\t<\/div>\n\t\t<\/section>\n\t\t\t\t\t\t<\/div>\n\t\t\t\t\t\t<\/div>\n\t\t\t\t\t<\/div>\n\t\t","protected":false},"excerpt":{"rendered":"<p>Servi\u00e7o A empresa Drewmax faz todo o poss\u00edvel para garantir que a qualidade dos trabalhos de manuten\u00e7\u00e3o realizados esteja no mais alto n\u00edvel, e os materiais utilizados para reparos sejam sempre da mais alta qualidade. Temos um armaz\u00e9m de pe\u00e7as de reposi\u00e7\u00e3o bem abastecido, o que nos permite enviar pe\u00e7as de reposi\u00e7\u00e3o novas em at\u00e9&hellip;<\/p>\n","protected":false},"author":1,"featured_media":0,"parent":0,"menu_order":0,"comment_status":"closed","ping_status":"closed","template":"","meta":[],"yoast_head":"<!-- This site is optimized with the Yoast SEO Premium plugin v15.5 - https:\/\/yoast.com\/wordpress\/plugins\/seo\/ -->\n<title>Wa\u017cenie Pakowanie Paletyzacja Automatyka przemys\u0142owa linie PP PE<\/title>\n<meta name=\"description\" content=\"Wa\u017cenie Pakowanie Paletyzacja Automatyka przemys\u0142owa linie wa\u017c\u0105co - pakuj\u0105ce zbiorniki technologiczne mikrodozowanie linie PP PE serwis\" \/>\n<meta name=\"robots\" content=\"index, follow, max-snippet:-1, max-image-preview:large, max-video-preview:-1\" \/>\n<link rel=\"canonical\" href=\"https:\/\/drewmax.net.pl\/serwis\/\" \/>\n<meta property=\"og:locale\" content=\"pt_PT\" \/>\n<meta property=\"og:type\" content=\"article\" \/>\n<meta property=\"og:title\" content=\"Wa\u017cenie Pakowanie Paletyzacja Automatyka przemys\u0142owa linie PP PE\" \/>\n<meta property=\"og:description\" content=\"Wa\u017cenie Pakowanie Paletyzacja Automatyka przemys\u0142owa linie wa\u017c\u0105co - pakuj\u0105ce zbiorniki technologiczne mikrodozowanie linie PP PE serwis\" \/>\n<meta property=\"og:url\" content=\"https:\/\/drewmax.net.pl\/serwis\/\" \/>\n<meta property=\"og:site_name\" content=\"(Polski) Drewmax - Wa\u017cenie | Pakowanie | Paletyzacja | Automatyka\" \/>\n<meta property=\"article:publisher\" content=\"https:\/\/www.facebook.com\/Drewmax-111641623604429\/\" \/>\n<meta property=\"article:modified_time\" content=\"2025-03-25T12:05:40+00:00\" \/>\n<meta property=\"og:image\" content=\"https:\/\/drewmax.net.pl\/wp-content\/uploads\/2019\/07\/serwis_1-1-e1563253455379.jpg\" \/>\n<meta name=\"twitter:card\" content=\"summary_large_image\" \/>\n<meta name=\"twitter:label1\" content=\"Tempo estimado de leitura\">\n\t<meta name=\"twitter:data1\" content=\"12 minutos\">\n<script type=\"application\/ld+json\" class=\"yoast-schema-graph\">{\"@context\":\"https:\/\/schema.org\",\"@graph\":[{\"@type\":\"Organization\",\"@id\":\"https:\/\/drewmax.net.pl\/en\/#organization\",\"name\":\"DREWMAX Sp\\u00f3\\u0142ka z o.o.\",\"url\":\"https:\/\/drewmax.net.pl\/en\/\",\"sameAs\":[\"https:\/\/www.facebook.com\/Drewmax-111641623604429\/\",\"https:\/\/www.instagram.com\/drewmax.net.pl\/\",\"https:\/\/www.youtube.com\/channel\/UCCS8U5F8gSyJAlSWjxgbLRQ\"],\"logo\":{\"@type\":\"ImageObject\",\"@id\":\"https:\/\/drewmax.net.pl\/en\/#logo\",\"inLanguage\":\"pt-PT\",\"url\":\"\",\"caption\":\"DREWMAX Sp\\u00f3\\u0142ka z o.o.\"},\"image\":{\"@id\":\"https:\/\/drewmax.net.pl\/en\/#logo\"}},{\"@type\":\"WebSite\",\"@id\":\"https:\/\/drewmax.net.pl\/en\/#website\",\"url\":\"https:\/\/drewmax.net.pl\/en\/\",\"name\":\"(Polski) Drewmax - Wa\\u017cenie | Pakowanie | Paletyzacja | Automatyka\",\"description\":\"\",\"publisher\":{\"@id\":\"https:\/\/drewmax.net.pl\/en\/#organization\"},\"potentialAction\":[{\"@type\":\"SearchAction\",\"target\":\"https:\/\/drewmax.net.pl\/en\/?s={search_term_string}\",\"query-input\":\"required name=search_term_string\"}],\"inLanguage\":\"pt-PT\"},{\"@type\":\"ImageObject\",\"@id\":\"https:\/\/drewmax.net.pl\/serwis\/#primaryimage\",\"inLanguage\":\"pt-PT\",\"url\":\"https:\/\/drewmax.net.pl\/wp-content\/uploads\/2019\/07\/serwis_1-1-e1563253455379.jpg\"},{\"@type\":\"WebPage\",\"@id\":\"https:\/\/drewmax.net.pl\/serwis\/#webpage\",\"url\":\"https:\/\/drewmax.net.pl\/serwis\/\",\"name\":\"Wa\\u017cenie Pakowanie Paletyzacja Automatyka przemys\\u0142owa linie PP PE\",\"isPartOf\":{\"@id\":\"https:\/\/drewmax.net.pl\/en\/#website\"},\"primaryImageOfPage\":{\"@id\":\"https:\/\/drewmax.net.pl\/serwis\/#primaryimage\"},\"datePublished\":\"2019-07-11T08:10:10+00:00\",\"dateModified\":\"2025-03-25T12:05:40+00:00\",\"description\":\"Wa\\u017cenie Pakowanie Paletyzacja Automatyka przemys\\u0142owa linie wa\\u017c\\u0105co - pakuj\\u0105ce zbiorniki technologiczne mikrodozowanie linie PP PE serwis\",\"breadcrumb\":{\"@id\":\"https:\/\/drewmax.net.pl\/serwis\/#breadcrumb\"},\"inLanguage\":\"pt-PT\",\"potentialAction\":[{\"@type\":\"ReadAction\",\"target\":[\"https:\/\/drewmax.net.pl\/serwis\/\"]}]},{\"@type\":\"BreadcrumbList\",\"@id\":\"https:\/\/drewmax.net.pl\/serwis\/#breadcrumb\",\"itemListElement\":[{\"@type\":\"ListItem\",\"position\":1,\"item\":{\"@type\":\"WebPage\",\"@id\":\"https:\/\/drewmax.net.pl\/\",\"url\":\"https:\/\/drewmax.net.pl\/\",\"name\":\"Home\"}},{\"@type\":\"ListItem\",\"position\":2,\"item\":{\"@type\":\"WebPage\",\"@id\":\"https:\/\/drewmax.net.pl\/serwis\/\",\"url\":\"https:\/\/drewmax.net.pl\/serwis\/\",\"name\":\"Serwis\"}}]}]}<\/script>\n<!-- \/ Yoast SEO Premium plugin. -->","_links":{"self":[{"href":"https:\/\/drewmax.net.pl\/pt\/wp-json\/wp\/v2\/pages\/12532"}],"collection":[{"href":"https:\/\/drewmax.net.pl\/pt\/wp-json\/wp\/v2\/pages"}],"about":[{"href":"https:\/\/drewmax.net.pl\/pt\/wp-json\/wp\/v2\/types\/page"}],"author":[{"embeddable":true,"href":"https:\/\/drewmax.net.pl\/pt\/wp-json\/wp\/v2\/users\/1"}],"replies":[{"embeddable":true,"href":"https:\/\/drewmax.net.pl\/pt\/wp-json\/wp\/v2\/comments?post=12532"}],"version-history":[{"count":76,"href":"https:\/\/drewmax.net.pl\/pt\/wp-json\/wp\/v2\/pages\/12532\/revisions"}],"predecessor-version":[{"id":31423,"href":"https:\/\/drewmax.net.pl\/pt\/wp-json\/wp\/v2\/pages\/12532\/revisions\/31423"}],"wp:attachment":[{"href":"https:\/\/drewmax.net.pl\/pt\/wp-json\/wp\/v2\/media?parent=12532"}],"curies":[{"name":"wp","href":"https:\/\/api.w.org\/{rel}","templated":true}]}}