{"id":11814,"date":"2016-07-19T11:23:52","date_gmt":"2016-07-19T09:23:52","guid":{"rendered":"http:\/\/drewmax.net.pl\/?page_id=19"},"modified":"2025-04-04T07:22:35","modified_gmt":"2025-04-04T05:22:35","slug":"linie-do-napelniania-opakowan","status":"publish","type":"page","link":"https:\/\/drewmax.net.pl\/pt\/linie-do-napelniania-opakowan\/","title":{"rendered":"Linia do nape\u0142niania opakowa\u0144 PP, PE oraz karton\u00f3w"},"content":{"rendered":"\t\t<div data-elementor-type=\"wp-post\" data-elementor-id=\"11814\" class=\"elementor elementor-11814\" data-elementor-settings=\"[]\">\n\t\t\t\t\t\t<div class=\"elementor-inner\">\n\t\t\t\t\t\t\t<div class=\"elementor-section-wrap\">\n\t\t\t\t\t\t\t<section class=\"elementor-section elementor-top-section elementor-element elementor-element-76ff643 elementor-section-boxed elementor-section-height-default elementor-section-height-default\" data-id=\"76ff643\" data-element_type=\"section\" data-settings=\"{&quot;background_background&quot;:&quot;classic&quot;}\">\n\t\t\t\t\t\t<div class=\"elementor-container elementor-column-gap-default\">\n\t\t\t\t\t\t\t<div class=\"elementor-row\">\n\t\t\t\t\t<div class=\"elementor-column elementor-col-100 elementor-top-column elementor-element elementor-element-9d80912\" data-id=\"9d80912\" data-element_type=\"column\">\n\t\t\t<div class=\"elementor-column-wrap elementor-element-populated\">\n\t\t\t\t\t\t\t<div class=\"elementor-widget-wrap\">\n\t\t\t\t\t\t<div class=\"elementor-element elementor-element-0df509c elementor-widget elementor-widget-heading\" data-id=\"0df509c\" data-element_type=\"widget\" data-widget_type=\"heading.default\">\n\t\t\t\t<div class=\"elementor-widget-container\">\n\t\t\t<h2 class=\"elementor-heading-title elementor-size-xl\">Linha de enchimento para recipientes PP, PE e caixas\n<\/h2>\t\t<\/div>\n\t\t\t\t<\/div>\n\t\t\t\t\t\t<\/div>\n\t\t\t\t\t<\/div>\n\t\t<\/div>\n\t\t\t\t\t\t\t\t<\/div>\n\t\t\t\t\t<\/div>\n\t\t<\/section>\n\t\t\t\t<section class=\"elementor-section elementor-top-section elementor-element elementor-element-d7fe08c elementor-section-boxed elementor-section-height-default elementor-section-height-default\" data-id=\"d7fe08c\" data-element_type=\"section\" data-settings=\"{&quot;background_background&quot;:&quot;classic&quot;}\">\n\t\t\t\t\t\t<div class=\"elementor-container elementor-column-gap-default\">\n\t\t\t\t\t\t\t<div class=\"elementor-row\">\n\t\t\t\t\t<div class=\"elementor-column elementor-col-50 elementor-top-column elementor-element elementor-element-dc7fead\" data-id=\"dc7fead\" data-element_type=\"column\">\n\t\t\t<div class=\"elementor-column-wrap elementor-element-populated\">\n\t\t\t\t\t\t\t<div class=\"elementor-widget-wrap\">\n\t\t\t\t\t\t<div class=\"elementor-element elementor-element-95d6a85 elementor-widget elementor-widget-text-editor\" data-id=\"95d6a85\" data-element_type=\"widget\" data-widget_type=\"text-editor.default\">\n\t\t\t\t<div class=\"elementor-widget-container\">\n\t\t\t\t\t\t\t\t<div class=\"elementor-text-editor elementor-clearfix\">\n\t\t\t\t<p><\/p><p data-start=\"3329\" data-end=\"3576\">A Drewmax tamb\u00e9m \u00e9 fabricante de linhas de enchimento para recipientes<strong data-start=\"3329\" data-end=\"3404\">.<\/strong> Nosso conhecimento, experi\u00eancia e equipe de engenharia nos permitiram projetar e implementar linhas autom\u00e1ticas de enchimento de embalagens com qualquer tipo de produto.<\/p><p data-start=\"3578\" data-end=\"3954\">A linha apresentada pode retirar automaticamente as embalagens, ench\u00ea-las com qualquer produto, pes\u00e1-las e, em seguida, fech\u00e1-las. Esse design proporciona uma economia significativa de tempo no empacotamento do produto e minimiza a necessidade de pessoal para apenas um operador, cuja fun\u00e7\u00e3o \u00e9 abastecer e repor as embalagens, al\u00e9m de supervisionar o processo em tempo real.<\/p><p data-start=\"3956\" data-end=\"4105\">O dosador utilizado para inserir o produto na embalagem \u00e9 adaptado \u00e0s suas propriedades. Existe a possibilidade de utilizar os seguintes dosadores:<\/p><p data-start=\"0\" data-end=\"247\"><\/p>\t\t\t\t\t<\/div>\n\t\t\t\t\t\t<\/div>\n\t\t\t\t<\/div>\n\t\t\t\t\t\t<\/div>\n\t\t\t\t\t<\/div>\n\t\t<\/div>\n\t\t\t\t<div class=\"elementor-column elementor-col-50 elementor-top-column elementor-element elementor-element-6cb9d33\" data-id=\"6cb9d33\" data-element_type=\"column\">\n\t\t\t<div class=\"elementor-column-wrap elementor-element-populated\">\n\t\t\t\t\t\t\t<div class=\"elementor-widget-wrap\">\n\t\t\t\t\t\t<div class=\"elementor-element elementor-element-ec39fb5 elementor-widget__width-inherit elementor-widget elementor-widget-image\" data-id=\"ec39fb5\" data-element_type=\"widget\" data-widget_type=\"image.default\">\n\t\t\t\t<div class=\"elementor-widget-container\">\n\t\t\t\t\t\t\t\t<div class=\"elementor-image\">\n\t\t\t\t\t\t\t\t\t<figure class=\"wp-caption\">\n\t\t\t\t\t\t\t\t\t\t<img width=\"300\" height=\"298\" src=\"https:\/\/drewmax.net.pl\/wp-content\/uploads\/2020\/10\/pppe1-300x298-2.png\" class=\"attachment-large size-large\" alt=\"\" loading=\"lazy\" srcset=\"https:\/\/drewmax.net.pl\/wp-content\/uploads\/2020\/10\/pppe1-300x298-2.png 300w, https:\/\/drewmax.net.pl\/wp-content\/uploads\/2020\/10\/pppe1-300x298-2-150x150.png 150w\" sizes=\"(max-width: 300px) 100vw, 300px\" \/>\t\t\t\t\t\t\t\t\t\t\t<figcaption class=\"widget-image-caption wp-caption-text\">Linia do nape\u0142niania pojemnik\u00f3w<\/figcaption>\n\t\t\t\t\t\t\t\t\t\t<\/figure>\n\t\t\t\t\t\t\t\t<\/div>\n\t\t\t\t\t\t<\/div>\n\t\t\t\t<\/div>\n\t\t\t\t\t\t<\/div>\n\t\t\t\t\t<\/div>\n\t\t<\/div>\n\t\t\t\t\t\t\t\t<\/div>\n\t\t\t\t\t<\/div>\n\t\t<\/section>\n\t\t\t\t<section class=\"elementor-section elementor-top-section elementor-element elementor-element-b4e1198 elementor-section-boxed elementor-section-height-default elementor-section-height-default\" data-id=\"b4e1198\" data-element_type=\"section\" data-settings=\"{&quot;background_background&quot;:&quot;classic&quot;}\">\n\t\t\t\t\t\t<div class=\"elementor-container elementor-column-gap-default\">\n\t\t\t\t\t\t\t<div class=\"elementor-row\">\n\t\t\t\t\t<div class=\"elementor-column elementor-col-50 elementor-top-column elementor-element elementor-element-06ebae4\" data-id=\"06ebae4\" data-element_type=\"column\">\n\t\t\t<div class=\"elementor-column-wrap elementor-element-populated\">\n\t\t\t\t\t\t\t<div class=\"elementor-widget-wrap\">\n\t\t\t\t\t\t<div class=\"elementor-element elementor-element-79bfa97 elementor-widget elementor-widget-text-editor\" data-id=\"79bfa97\" data-element_type=\"widget\" data-widget_type=\"text-editor.default\">\n\t\t\t\t<div class=\"elementor-widget-container\">\n\t\t\t\t\t\t\t\t<div class=\"elementor-text-editor elementor-clearfix\">\n\t\t\t\t<p><\/p><ul data-start=\"894\" data-end=\"1069\" data-is-only-node=\"\" data-is-last-node=\"\"><li data-start=\"894\" data-end=\"937\">Doseador para produtos l\u00edquidos (bocal)<\/li><li data-start=\"938\" data-end=\"1014\">Doseador para produtos a granel (de correia, de parafuso, gravitacional)<\/li><li data-start=\"1015\" data-end=\"1069\" data-is-last-node=\"\">Doseador para produtos pr\u00e9-embalados (sacos, caixas)<\/li><\/ul><p data-start=\"0\" data-end=\"7\"><\/p>\t\t\t\t\t<\/div>\n\t\t\t\t\t\t<\/div>\n\t\t\t\t<\/div>\n\t\t\t\t\t\t<\/div>\n\t\t\t\t\t<\/div>\n\t\t<\/div>\n\t\t\t\t<div class=\"elementor-column elementor-col-50 elementor-top-column elementor-element elementor-element-7493c53\" data-id=\"7493c53\" data-element_type=\"column\">\n\t\t\t<div class=\"elementor-column-wrap elementor-element-populated\">\n\t\t\t\t\t\t\t<div class=\"elementor-widget-wrap\">\n\t\t\t\t\t\t<div class=\"elementor-element elementor-element-89da2e8 elementor-widget__width-inherit elementor-widget elementor-widget-image\" data-id=\"89da2e8\" data-element_type=\"widget\" data-widget_type=\"image.default\">\n\t\t\t\t<div class=\"elementor-widget-container\">\n\t\t\t\t\t\t\t\t<div class=\"elementor-image\">\n\t\t\t\t\t\t\t\t\t\t\t\t<img width=\"300\" height=\"122\" src=\"https:\/\/drewmax.net.pl\/wp-content\/uploads\/2020\/10\/pppe2-300x122-2.png\" class=\"attachment-large size-large\" alt=\"\" loading=\"lazy\" \/>\t\t\t\t\t\t\t\t\t\t\t\t\t\t<\/div>\n\t\t\t\t\t\t<\/div>\n\t\t\t\t<\/div>\n\t\t\t\t\t\t<\/div>\n\t\t\t\t\t<\/div>\n\t\t<\/div>\n\t\t\t\t\t\t\t\t<\/div>\n\t\t\t\t\t<\/div>\n\t\t<\/section>\n\t\t\t\t<section class=\"elementor-section elementor-top-section elementor-element elementor-element-fc97643 elementor-section-boxed elementor-section-height-default elementor-section-height-default\" data-id=\"fc97643\" data-element_type=\"section\" data-settings=\"{&quot;background_background&quot;:&quot;classic&quot;}\">\n\t\t\t\t\t\t<div class=\"elementor-container elementor-column-gap-default\">\n\t\t\t\t\t\t\t<div class=\"elementor-row\">\n\t\t\t\t\t<div class=\"elementor-column elementor-col-100 elementor-top-column elementor-element elementor-element-2146dfe\" data-id=\"2146dfe\" data-element_type=\"column\">\n\t\t\t<div class=\"elementor-column-wrap elementor-element-populated\">\n\t\t\t\t\t\t\t<div class=\"elementor-widget-wrap\">\n\t\t\t\t\t\t<div class=\"elementor-element elementor-element-63b6917 elementor-widget elementor-widget-text-editor\" data-id=\"63b6917\" data-element_type=\"widget\" data-widget_type=\"text-editor.default\">\n\t\t\t\t<div class=\"elementor-widget-container\">\n\t\t\t\t\t\t\t\t<div class=\"elementor-text-editor elementor-clearfix\">\n\t\t\t\t<p><\/p><p data-start=\"1250\" data-end=\"1569\" data-is-only-node=\"\" data-is-last-node=\"\"><br data-start=\"1274\" data-end=\"1277\" \/>Para a recep\u00e7\u00e3o dos baldes preenchidos, pode ser utilizada uma esta\u00e7\u00e3o de paletiza\u00e7\u00e3o robotizada, enquanto que para proteger a carga contra deslocamentos, recomendamos o uso de uma m\u00e1quina &#8220;capuchonadora&#8221; stretch hood &#8211; tais dispositivos tamb\u00e9m est\u00e3o dispon\u00edveis na oferta da empresa Drewmax.<\/p><p data-start=\"1250\" data-end=\"1569\" data-is-only-node=\"\" data-is-last-node=\"\"><\/span><\/p>\t\t\t\t\t<\/div>\n\t\t\t\t\t\t<\/div>\n\t\t\t\t<\/div>\n\t\t\t\t\t\t<\/div>\n\t\t\t\t\t<\/div>\n\t\t<\/div>\n\t\t\t\t\t\t\t\t<\/div>\n\t\t\t\t\t<\/div>\n\t\t<\/section>\n\t\t\t\t<section class=\"elementor-section elementor-top-section elementor-element elementor-element-f3655fe elementor-section-boxed elementor-section-height-default elementor-section-height-default\" data-id=\"f3655fe\" data-element_type=\"section\" data-settings=\"{&quot;background_background&quot;:&quot;classic&quot;}\">\n\t\t\t\t\t\t<div class=\"elementor-container elementor-column-gap-default\">\n\t\t\t\t\t\t\t<div class=\"elementor-row\">\n\t\t\t\t\t<div class=\"elementor-column elementor-col-50 elementor-top-column elementor-element elementor-element-8010643\" data-id=\"8010643\" data-element_type=\"column\">\n\t\t\t<div class=\"elementor-column-wrap elementor-element-populated\">\n\t\t\t\t\t\t\t<div class=\"elementor-widget-wrap\">\n\t\t\t\t\t\t<div class=\"elementor-element elementor-element-41a3ee5 elementor-widget__width-inherit elementor-widget elementor-widget-image\" data-id=\"41a3ee5\" data-element_type=\"widget\" data-widget_type=\"image.default\">\n\t\t\t\t<div class=\"elementor-widget-container\">\n\t\t\t\t\t\t\t\t<div class=\"elementor-image\">\n\t\t\t\t\t\t\t\t\t\t\t\t<img width=\"300\" height=\"296\" src=\"https:\/\/drewmax.net.pl\/wp-content\/uploads\/2020\/10\/pppe3-300x296-2.png\" class=\"attachment-large size-large\" alt=\"\" loading=\"lazy\" \/>\t\t\t\t\t\t\t\t\t\t\t\t\t\t<\/div>\n\t\t\t\t\t\t<\/div>\n\t\t\t\t<\/div>\n\t\t\t\t\t\t<\/div>\n\t\t\t\t\t<\/div>\n\t\t<\/div>\n\t\t\t\t<div class=\"elementor-column elementor-col-50 elementor-top-column elementor-element elementor-element-82d07ec\" data-id=\"82d07ec\" data-element_type=\"column\">\n\t\t\t<div class=\"elementor-column-wrap elementor-element-populated\">\n\t\t\t\t\t\t\t<div class=\"elementor-widget-wrap\">\n\t\t\t\t\t\t<div class=\"elementor-element elementor-element-841c3de elementor-widget elementor-widget-text-editor\" data-id=\"841c3de\" data-element_type=\"widget\" data-widget_type=\"text-editor.default\">\n\t\t\t\t<div class=\"elementor-widget-container\">\n\t\t\t\t\t\t\t\t<div class=\"elementor-text-editor elementor-clearfix\">\n\t\t\t\t<p><br data-start=\"2011\" data-end=\"2014\" \/><span style=\"text-decoration: underline;\"><strong data-start=\"2014\" data-end=\"2053\">Componentes b\u00e1sicos do dispositivo:<\/strong><\/span><\/p><ul data-start=\"2056\" data-end=\"2308\"><li data-start=\"2056\" data-end=\"2080\">Estrutura de suporte<\/li><li data-start=\"2081\" data-end=\"2108\">Transportador de baldes<\/li><li data-start=\"2109\" data-end=\"2159\">Esta\u00e7\u00e3o de preenchimento de baldes com produto<\/li><li data-start=\"2160\" data-end=\"2171\">Balan\u00e7a<\/li><li data-start=\"2172\" data-end=\"2255\">Sistema de controlo leg\u00edvel baseado em controlador PLC Siemens com painel t\u00e1til<\/li><li data-start=\"2256\" data-end=\"2308\">Atuadores\/servoatuadores SEW ou LENZE utilizados<\/li><\/ul><p data-start=\"2310\" data-end=\"2337\"><span style=\"text-decoration: underline;\"><strong data-start=\"2310\" data-end=\"2335\">Equipamento opcional:<\/strong><\/span><\/p><ul data-start=\"2338\" data-end=\"2493\" data-is-last-node=\"\" data-is-only-node=\"\"><li data-start=\"2338\" data-end=\"2372\">Sistema de coloca\u00e7\u00e3o de tampas<\/li><li data-start=\"2373\" data-end=\"2427\">Sistema de ajuste autom\u00e1tico ao tamanho das tampas<\/li><li data-start=\"2428\" data-end=\"2463\">Sistema de fecho das embalagens<\/li><li data-start=\"2464\" data-end=\"2493\" data-is-last-node=\"\">Transportador de recep\u00e7\u00e3o<\/li><\/ul><p data-start=\"0\" data-end=\"7\"><\/p><\/div>\t\t\t\t\t<\/div>\n\t\t\t\t\t\t<\/div>\n\t\t\t\t<\/div>\n\t\t\t\t\t\t<\/div>\n\t\t\t\t\t<\/div>\n\t\t<\/div>\n\t\t\t\t\t\t\t\t<\/div>\n\t\t\t\t\t<\/div>\n\t\t<\/section>\n\t\t\t\t<section class=\"elementor-section elementor-top-section elementor-element elementor-element-1233422 elementor-section-boxed elementor-section-height-default elementor-section-height-default\" data-id=\"1233422\" data-element_type=\"section\" data-settings=\"{&quot;background_background&quot;:&quot;classic&quot;}\">\n\t\t\t\t\t\t<div class=\"elementor-container elementor-column-gap-default\">\n\t\t\t\t\t\t\t<div class=\"elementor-row\">\n\t\t\t\t\t<div class=\"elementor-column elementor-col-50 elementor-top-column elementor-element elementor-element-a94ec0f\" data-id=\"a94ec0f\" data-element_type=\"column\">\n\t\t\t<div class=\"elementor-column-wrap elementor-element-populated\">\n\t\t\t\t\t\t\t<div class=\"elementor-widget-wrap\">\n\t\t\t\t\t\t<div class=\"elementor-element elementor-element-8e461c6 elementor-widget elementor-widget-text-editor\" data-id=\"8e461c6\" data-element_type=\"widget\" data-widget_type=\"text-editor.default\">\n\t\t\t\t<div class=\"elementor-widget-container\">\n\t\t\t\t\t\t\t\t<div class=\"elementor-text-editor elementor-clearfix\">\n\t\t\t\t<p><br data-start=\"1701\" data-end=\"1704\" \/><span style=\"text-decoration: underline;\"><strong data-start=\"1704\" data-end=\"1768\">Dados t\u00e9cnicos da linha de enchimento de embalagens r\u00edgidas:<\/strong><\/span><\/p><ul data-start=\"1771\" data-end=\"2072\" data-is-only-node=\"\" data-is-last-node=\"\"><li data-start=\"1771\" data-end=\"1805\">Carga m\u00e1xima da balan\u00e7a: 30 kg<\/li><li data-start=\"1806\" data-end=\"1837\">Peso m\u00ednimo da por\u00e7\u00e3o: 1 kg<\/li><li data-start=\"1838\" data-end=\"1888\">Divis\u00e3o elementar: 10 g para por\u00e7\u00f5es at\u00e9 30 kg<\/li><li data-start=\"1889\" data-end=\"1932\">Tamanhos das tampas: de 150 mm a 330 mm<\/li><li data-start=\"1933\" data-end=\"1984\">Desempenho da linha: cerca de 1200 por\u00e7\u00f5es\/hora<\/li><li data-start=\"1985\" data-end=\"2027\">Alimenta\u00e7\u00e3o el\u00e9trica: 3 x 400 V, 50 Hz<\/li><li data-start=\"2028\" data-end=\"2072\" data-is-last-node=\"\">Alimenta\u00e7\u00e3o de ar comprimido: 5,5 \u2013 10 bar<\/li><\/ul><p data-start=\"0\" data-end=\"7\"><\/p>\t\t\t\t\t<\/div>\n\t\t\t\t\t\t<\/div>\n\t\t\t\t<\/div>\n\t\t\t\t\t\t<\/div>\n\t\t\t\t\t<\/div>\n\t\t<\/div>\n\t\t\t\t<div class=\"elementor-column elementor-col-50 elementor-top-column elementor-element elementor-element-ae8439d\" data-id=\"ae8439d\" data-element_type=\"column\">\n\t\t\t<div class=\"elementor-column-wrap elementor-element-populated\">\n\t\t\t\t\t\t\t<div class=\"elementor-widget-wrap\">\n\t\t\t\t\t\t<div class=\"elementor-element elementor-element-1487c71 elementor-widget elementor-widget-image\" data-id=\"1487c71\" data-element_type=\"widget\" data-widget_type=\"image.default\">\n\t\t\t\t<div class=\"elementor-widget-container\">\n\t\t\t\t\t\t\t\t<div class=\"elementor-image\">\n\t\t\t\t\t\t\t\t\t\t\t\t<img width=\"530\" height=\"142\" src=\"https:\/\/drewmax.net.pl\/wp-content\/uploads\/2020\/10\/pppe4-1.png\" class=\"attachment-large size-large\" alt=\"\" loading=\"lazy\" srcset=\"https:\/\/drewmax.net.pl\/wp-content\/uploads\/2020\/10\/pppe4-1.png 530w, https:\/\/drewmax.net.pl\/wp-content\/uploads\/2020\/10\/pppe4-1-300x80.png 300w\" sizes=\"(max-width: 530px) 100vw, 530px\" \/>\t\t\t\t\t\t\t\t\t\t\t\t\t\t<\/div>\n\t\t\t\t\t\t<\/div>\n\t\t\t\t<\/div>\n\t\t\t\t\t\t<\/div>\n\t\t\t\t\t<\/div>\n\t\t<\/div>\n\t\t\t\t\t\t\t\t<\/div>\n\t\t\t\t\t<\/div>\n\t\t<\/section>\n\t\t\t\t<section class=\"elementor-section elementor-top-section elementor-element elementor-element-6d805e1 elementor-section-boxed elementor-section-height-default elementor-section-height-default\" data-id=\"6d805e1\" data-element_type=\"section\" data-settings=\"{&quot;background_background&quot;:&quot;classic&quot;}\">\n\t\t\t\t\t\t<div class=\"elementor-container elementor-column-gap-default\">\n\t\t\t\t\t\t\t<div class=\"elementor-row\">\n\t\t\t\t\t<div class=\"elementor-column elementor-col-100 elementor-top-column elementor-element elementor-element-2b2c0f0\" data-id=\"2b2c0f0\" data-element_type=\"column\">\n\t\t\t<div class=\"elementor-column-wrap elementor-element-populated\">\n\t\t\t\t\t\t\t<div class=\"elementor-widget-wrap\">\n\t\t\t\t\t\t<div class=\"elementor-element elementor-element-4e03cfe elementor-align-center elementor-widget elementor-widget-button\" data-id=\"4e03cfe\" data-element_type=\"widget\" data-widget_type=\"button.default\">\n\t\t\t\t<div class=\"elementor-widget-container\">\n\t\t\t\t\t<div class=\"elementor-button-wrapper\">\n\t\t\t<a href=\"https:\/\/drewmax.net.pl\/wp-content\/uploads\/2025\/03\/Linia-do-napelniania-opakowan-sztywnych-wiadra_front_PT.pdf\" target=\"_blank\" class=\"elementor-button-link elementor-button elementor-size-lg\" role=\"button\">\n\t\t\t\t\t\t<span class=\"elementor-button-content-wrapper\">\n\t\t\t\t\t\t<span class=\"elementor-button-icon elementor-align-icon-right\">\n\t\t\t\t<i aria-hidden=\"true\" class=\"fas fa-download\"><\/i>\t\t\t<\/span>\n\t\t\t\t\t\t<span class=\"elementor-button-text\">  Baixar a ficha t\u00e9cnica do produto<\/span>\n\t\t<\/span>\n\t\t\t\t\t<\/a>\n\t\t<\/div>\n\t\t\t\t<\/div>\n\t\t\t\t<\/div>\n\t\t\t\t\t\t<\/div>\n\t\t\t\t\t<\/div>\n\t\t<\/div>\n\t\t\t\t\t\t\t\t<\/div>\n\t\t\t\t\t<\/div>\n\t\t<\/section>\n\t\t\t\t\t\t<\/div>\n\t\t\t\t\t\t<\/div>\n\t\t\t\t\t<\/div>\n\t\t","protected":false},"excerpt":{"rendered":"<p>Linha de enchimento para recipientes PP, PE e caixas A Drewmax tamb\u00e9m \u00e9 fabricante de linhas de enchimento para recipientes. Nosso conhecimento, experi\u00eancia e equipe de engenharia nos permitiram projetar e implementar linhas autom\u00e1ticas de enchimento de embalagens com qualquer tipo de produto. A linha apresentada pode retirar automaticamente as embalagens, ench\u00ea-las com qualquer produto,&hellip;<\/p>\n","protected":false},"author":1,"featured_media":12071,"parent":0,"menu_order":0,"comment_status":"closed","ping_status":"closed","template":"","meta":[],"yoast_head":"<!-- This site is optimized with the Yoast SEO Premium plugin v15.5 - https:\/\/yoast.com\/wordpress\/plugins\/seo\/ -->\n<title>Wa\u017cenie Pakowanie Paletyzacja automatyka przemys\u0142owa linia PP PE<\/title>\n<meta name=\"description\" content=\"Wa\u017cenie pakowanie paletyzacja automatyka przemys\u0142owa linie wa\u017c\u0105co - pakuj\u0105ce Bigbag zbiorniki technologiczne mikrodozowanie PP PE\" \/>\n<meta name=\"robots\" content=\"index, follow, max-snippet:-1, max-image-preview:large, max-video-preview:-1\" \/>\n<link rel=\"canonical\" href=\"https:\/\/drewmax.net.pl\/linie-do-napelniania-opakowan\/\" \/>\n<meta property=\"og:locale\" content=\"pt_PT\" \/>\n<meta property=\"og:type\" content=\"article\" \/>\n<meta property=\"og:title\" content=\"Wa\u017cenie Pakowanie Paletyzacja automatyka przemys\u0142owa linia PP PE\" \/>\n<meta property=\"og:description\" content=\"Wa\u017cenie pakowanie paletyzacja automatyka przemys\u0142owa linie wa\u017c\u0105co - pakuj\u0105ce Bigbag zbiorniki technologiczne mikrodozowanie PP PE\" \/>\n<meta property=\"og:url\" content=\"https:\/\/drewmax.net.pl\/linie-do-napelniania-opakowan\/\" \/>\n<meta property=\"og:site_name\" content=\"(Polski) Drewmax - Wa\u017cenie | Pakowanie | Paletyzacja | Automatyka\" \/>\n<meta property=\"article:publisher\" content=\"https:\/\/www.facebook.com\/Drewmax-111641623604429\/\" \/>\n<meta property=\"article:modified_time\" content=\"2025-04-04T05:22:35+00:00\" \/>\n<meta name=\"twitter:card\" content=\"summary_large_image\" \/>\n<meta name=\"twitter:label1\" content=\"Tempo estimado de leitura\">\n\t<meta name=\"twitter:data1\" content=\"9 minutos\">\n<script type=\"application\/ld+json\" class=\"yoast-schema-graph\">{\"@context\":\"https:\/\/schema.org\",\"@graph\":[{\"@type\":\"Organization\",\"@id\":\"https:\/\/drewmax.net.pl\/en\/#organization\",\"name\":\"DREWMAX Sp\\u00f3\\u0142ka z o.o.\",\"url\":\"https:\/\/drewmax.net.pl\/en\/\",\"sameAs\":[\"https:\/\/www.facebook.com\/Drewmax-111641623604429\/\",\"https:\/\/www.instagram.com\/drewmax.net.pl\/\",\"https:\/\/www.youtube.com\/channel\/UCCS8U5F8gSyJAlSWjxgbLRQ\"],\"logo\":{\"@type\":\"ImageObject\",\"@id\":\"https:\/\/drewmax.net.pl\/en\/#logo\",\"inLanguage\":\"pt-PT\",\"url\":\"\",\"caption\":\"DREWMAX Sp\\u00f3\\u0142ka z o.o.\"},\"image\":{\"@id\":\"https:\/\/drewmax.net.pl\/en\/#logo\"}},{\"@type\":\"WebSite\",\"@id\":\"https:\/\/drewmax.net.pl\/en\/#website\",\"url\":\"https:\/\/drewmax.net.pl\/en\/\",\"name\":\"(Polski) Drewmax - Wa\\u017cenie | Pakowanie | Paletyzacja | Automatyka\",\"description\":\"\",\"publisher\":{\"@id\":\"https:\/\/drewmax.net.pl\/en\/#organization\"},\"potentialAction\":[{\"@type\":\"SearchAction\",\"target\":\"https:\/\/drewmax.net.pl\/en\/?s={search_term_string}\",\"query-input\":\"required name=search_term_string\"}],\"inLanguage\":\"pt-PT\"},{\"@type\":\"ImageObject\",\"@id\":\"https:\/\/drewmax.net.pl\/linie-do-napelniania-opakowan\/#primaryimage\",\"inLanguage\":\"pt-PT\",\"url\":\"\"},{\"@type\":\"WebPage\",\"@id\":\"https:\/\/drewmax.net.pl\/linie-do-napelniania-opakowan\/#webpage\",\"url\":\"https:\/\/drewmax.net.pl\/linie-do-napelniania-opakowan\/\",\"name\":\"Wa\\u017cenie Pakowanie Paletyzacja automatyka przemys\\u0142owa linia PP PE\",\"isPartOf\":{\"@id\":\"https:\/\/drewmax.net.pl\/en\/#website\"},\"primaryImageOfPage\":{\"@id\":\"https:\/\/drewmax.net.pl\/linie-do-napelniania-opakowan\/#primaryimage\"},\"datePublished\":\"2016-07-19T09:23:52+00:00\",\"dateModified\":\"2025-04-04T05:22:35+00:00\",\"description\":\"Wa\\u017cenie pakowanie paletyzacja automatyka przemys\\u0142owa linie wa\\u017c\\u0105co - pakuj\\u0105ce Bigbag zbiorniki technologiczne mikrodozowanie PP PE\",\"breadcrumb\":{\"@id\":\"https:\/\/drewmax.net.pl\/linie-do-napelniania-opakowan\/#breadcrumb\"},\"inLanguage\":\"pt-PT\",\"potentialAction\":[{\"@type\":\"ReadAction\",\"target\":[\"https:\/\/drewmax.net.pl\/linie-do-napelniania-opakowan\/\"]}]},{\"@type\":\"BreadcrumbList\",\"@id\":\"https:\/\/drewmax.net.pl\/linie-do-napelniania-opakowan\/#breadcrumb\",\"itemListElement\":[{\"@type\":\"ListItem\",\"position\":1,\"item\":{\"@type\":\"WebPage\",\"@id\":\"https:\/\/drewmax.net.pl\/\",\"url\":\"https:\/\/drewmax.net.pl\/\",\"name\":\"Home\"}},{\"@type\":\"ListItem\",\"position\":2,\"item\":{\"@type\":\"WebPage\",\"@id\":\"https:\/\/drewmax.net.pl\/linie-do-napelniania-opakowan\/\",\"url\":\"https:\/\/drewmax.net.pl\/linie-do-napelniania-opakowan\/\",\"name\":\"Linia do nape\\u0142niania opakowa\\u0144 PP, PE oraz karton\\u00f3w\"}}]}]}<\/script>\n<!-- \/ Yoast SEO Premium plugin. -->","_links":{"self":[{"href":"https:\/\/drewmax.net.pl\/pt\/wp-json\/wp\/v2\/pages\/11814"}],"collection":[{"href":"https:\/\/drewmax.net.pl\/pt\/wp-json\/wp\/v2\/pages"}],"about":[{"href":"https:\/\/drewmax.net.pl\/pt\/wp-json\/wp\/v2\/types\/page"}],"author":[{"embeddable":true,"href":"https:\/\/drewmax.net.pl\/pt\/wp-json\/wp\/v2\/users\/1"}],"replies":[{"embeddable":true,"href":"https:\/\/drewmax.net.pl\/pt\/wp-json\/wp\/v2\/comments?post=11814"}],"version-history":[{"count":88,"href":"https:\/\/drewmax.net.pl\/pt\/wp-json\/wp\/v2\/pages\/11814\/revisions"}],"predecessor-version":[{"id":32034,"href":"https:\/\/drewmax.net.pl\/pt\/wp-json\/wp\/v2\/pages\/11814\/revisions\/32034"}],"wp:featuredmedia":[{"embeddable":true,"href":"https:\/\/drewmax.net.pl\/pt\/wp-json\/wp\/v2\/media\/12071"}],"wp:attachment":[{"href":"https:\/\/drewmax.net.pl\/pt\/wp-json\/wp\/v2\/media?parent=11814"}],"curies":[{"name":"wp","href":"https:\/\/api.w.org\/{rel}","templated":true}]}}