{"id":11813,"date":"2016-07-19T11:21:50","date_gmt":"2016-07-19T09:21:50","guid":{"rendered":"http:\/\/drewmax.net.pl\/?page_id=15"},"modified":"2025-04-03T13:50:40","modified_gmt":"2025-04-03T11:50:40","slug":"wnt","status":"publish","type":"page","link":"https:\/\/drewmax.net.pl\/pt\/wnt\/","title":{"rendered":"P\u00f3\u0142automatyczna linia wa\u017c\u0105co pakuj\u0105ca typ WN\/T"},"content":{"rendered":"\t\t<div data-elementor-type=\"wp-post\" data-elementor-id=\"11813\" class=\"elementor elementor-11813\" data-elementor-settings=\"[]\">\n\t\t\t\t\t\t<div class=\"elementor-inner\">\n\t\t\t\t\t\t\t<div class=\"elementor-section-wrap\">\n\t\t\t\t\t\t\t<section class=\"elementor-section elementor-top-section elementor-element elementor-element-c0d7f8a elementor-section-boxed elementor-section-height-default elementor-section-height-default\" data-id=\"c0d7f8a\" data-element_type=\"section\" data-settings=\"{&quot;background_background&quot;:&quot;classic&quot;}\">\n\t\t\t\t\t\t<div class=\"elementor-container elementor-column-gap-default\">\n\t\t\t\t\t\t\t<div class=\"elementor-row\">\n\t\t\t\t\t<div class=\"elementor-column elementor-col-100 elementor-top-column elementor-element elementor-element-49021cb\" data-id=\"49021cb\" data-element_type=\"column\">\n\t\t\t<div class=\"elementor-column-wrap elementor-element-populated\">\n\t\t\t\t\t\t\t<div class=\"elementor-widget-wrap\">\n\t\t\t\t\t\t<div class=\"elementor-element elementor-element-3033317 elementor-widget elementor-widget-heading\" data-id=\"3033317\" data-element_type=\"widget\" data-widget_type=\"heading.default\">\n\t\t\t\t<div class=\"elementor-widget-container\">\n\t\t\t<h2 class=\"elementor-heading-title elementor-size-xl\"> Linha de pesagem e embalagem semiautom\u00e1tica\nTipo WN\/T\n<\/h2>\t\t<\/div>\n\t\t\t\t<\/div>\n\t\t\t\t\t\t<\/div>\n\t\t\t\t\t<\/div>\n\t\t<\/div>\n\t\t\t\t\t\t\t\t<\/div>\n\t\t\t\t\t<\/div>\n\t\t<\/section>\n\t\t\t\t<section class=\"elementor-section elementor-top-section elementor-element elementor-element-af3080a elementor-section-boxed elementor-section-height-default elementor-section-height-default\" data-id=\"af3080a\" data-element_type=\"section\" data-settings=\"{&quot;background_background&quot;:&quot;classic&quot;}\">\n\t\t\t\t\t\t<div class=\"elementor-container elementor-column-gap-default\">\n\t\t\t\t\t\t\t<div class=\"elementor-row\">\n\t\t\t\t\t<div class=\"elementor-column elementor-col-100 elementor-top-column elementor-element elementor-element-94384d7\" data-id=\"94384d7\" data-element_type=\"column\">\n\t\t\t<div class=\"elementor-column-wrap elementor-element-populated\">\n\t\t\t\t\t\t\t<div class=\"elementor-widget-wrap\">\n\t\t\t\t\t\t<div class=\"elementor-element elementor-element-a53370c elementor-widget elementor-widget-text-editor\" data-id=\"a53370c\" data-element_type=\"widget\" data-widget_type=\"text-editor.default\">\n\t\t\t\t<div class=\"elementor-widget-container\">\n\t\t\t\t\t\t\t\t<div class=\"elementor-text-editor elementor-clearfix\">\n\t\t\t\t<p><br data-start=\"3055\" data-end=\"3058\" \/>Para complementar sua oferta com uma capacidade de desempenho adicional, nossa equipe de engenheiros projetou a linha semi-autom\u00e1tica de pesagem e embalagem tipo WN\/T, que foi reconhecida por muitos fabricantes e \u00e9 tamb\u00e9m um excelente complemento para nossa gama de produtos.<\/p><p data-start=\"3046\" data-end=\"3792\"><br data-start=\"3335\" data-end=\"3338\" \/>A linha WN\/T \u00e9 um dispositivo semi-autom\u00e1tico de pesagem e embalagem para produtos a <strong>granel\/granulados<\/strong> utilizando <strong>sacos abertos.<\/strong><\/p><p data-start=\"3046\" data-end=\"3792\"><br data-start=\"3468\" data-end=\"3471\" \/>A linha apresentada \u00e9 equipada com um reservat\u00f3rio de pesagem especialmente projetado, que \u00e9 preenchido por um dosador de correia com velocidade de rota\u00e7\u00e3o vari\u00e1vel. Esse tipo de dosagem dos produtos \u00e9 chamado de sistema l\u00edquido.<\/p><p data-start=\"3046\" data-end=\"3792\"><br data-start=\"3702\" data-end=\"3705\" \/>Gra\u00e7as a essa solu\u00e7\u00e3o, alcan\u00e7amos um desempenho de linha de at\u00e9 <strong>400 por\u00e7\u00f5es por hora.<\/strong><\/p><p data-start=\"0\" data-end=\"290\"><\/p>\t\t\t\t\t<\/div>\n\t\t\t\t\t\t<\/div>\n\t\t\t\t<\/div>\n\t\t\t\t\t\t<\/div>\n\t\t\t\t\t<\/div>\n\t\t<\/div>\n\t\t\t\t\t\t\t\t<\/div>\n\t\t\t\t\t<\/div>\n\t\t<\/section>\n\t\t\t\t<section class=\"elementor-section elementor-top-section elementor-element elementor-element-fe36288 elementor-section-boxed elementor-section-height-default elementor-section-height-default\" data-id=\"fe36288\" data-element_type=\"section\" data-settings=\"{&quot;background_background&quot;:&quot;classic&quot;}\">\n\t\t\t\t\t\t<div class=\"elementor-container elementor-column-gap-default\">\n\t\t\t\t\t\t\t<div class=\"elementor-row\">\n\t\t\t\t\t<div class=\"elementor-column elementor-col-100 elementor-top-column elementor-element elementor-element-5f48e2e\" data-id=\"5f48e2e\" data-element_type=\"column\">\n\t\t\t<div class=\"elementor-column-wrap elementor-element-populated\">\n\t\t\t\t\t\t\t<div class=\"elementor-widget-wrap\">\n\t\t\t\t\t\t<div class=\"elementor-element elementor-element-52d99b2 elementor-widget elementor-widget-html\" data-id=\"52d99b2\" data-element_type=\"widget\" data-widget_type=\"html.default\">\n\t\t\t\t<div class=\"elementor-widget-container\">\n\t\t\t<noscript>\r\n    <img src=\"\/rendery\/wnt\/1.jpg\" alt=\"wnt\">\r\n<\/noscript>\r\n    <div\r\n      class=\"cloudimage-360\"\r\n      data-folder=\"\/rendery\/wnt\/\"\r\n      data-filename=\"{index}.jpg\"\r\n      data-amount=\"72\"\r\n      data-magnifier=\"3\"\r\n      data-spin-reverse\r\n    ><\/div>\r\n    <!-- Add script tag with CDN link to js-cloudimage-360-view lib after all content in body tag -->\r\n    <script src=\"\/rendery\/wbs\/wbs.js\"><\/script>\t\t<\/div>\n\t\t\t\t<\/div>\n\t\t\t\t\t\t<\/div>\n\t\t\t\t\t<\/div>\n\t\t<\/div>\n\t\t\t\t\t\t\t\t<\/div>\n\t\t\t\t\t<\/div>\n\t\t<\/section>\n\t\t\t\t<section class=\"elementor-section elementor-top-section elementor-element elementor-element-3feb63e elementor-section-boxed elementor-section-height-default elementor-section-height-default\" data-id=\"3feb63e\" data-element_type=\"section\" data-settings=\"{&quot;background_background&quot;:&quot;classic&quot;}\">\n\t\t\t\t\t\t<div class=\"elementor-container elementor-column-gap-default\">\n\t\t\t\t\t\t\t<div class=\"elementor-row\">\n\t\t\t\t\t<div class=\"elementor-column elementor-col-50 elementor-top-column elementor-element elementor-element-93a139d\" data-id=\"93a139d\" data-element_type=\"column\">\n\t\t\t<div class=\"elementor-column-wrap elementor-element-populated\">\n\t\t\t\t\t\t\t<div class=\"elementor-widget-wrap\">\n\t\t\t\t\t\t<div class=\"elementor-element elementor-element-03d524c elementor-widget elementor-widget-text-editor\" data-id=\"03d524c\" data-element_type=\"widget\" data-widget_type=\"text-editor.default\">\n\t\t\t\t<div class=\"elementor-widget-container\">\n\t\t\t\t\t\t\t\t<div class=\"elementor-text-editor elementor-clearfix\">\n\t\t\t\t<p><br data-start=\"3968\" data-end=\"3971\" \/><span style=\"text-decoration: underline;\"><strong data-start=\"3973\" data-end=\"4015\">Componentes principais do dispositivo:<\/strong><\/span><\/p><ul><li data-start=\"4020\" data-end=\"4080\">Estrutura de suporte da linha com plataforma de trabalho<\/li><li data-start=\"4083\" data-end=\"4125\">Balan\u00e7a eletr\u00f4nica de dosagem tipo net<\/li><li data-start=\"4128\" data-end=\"4150\">Dosador de correia<\/li><li data-start=\"4153\" data-end=\"4168\">Bico aberto<\/li><li data-start=\"4171\" data-end=\"4197\">Transportador de sacos<\/li><li data-start=\"4200\" data-end=\"4248\">Sistema de ajuste de altura do transportador<\/li><li data-start=\"4251\" data-end=\"4296\">Sistema de guia da parte superior do saco<\/li><li data-start=\"4299\" data-end=\"4327\">Fechadora de fio simples<\/li><li data-start=\"4330\" data-end=\"4410\">Transportador lateral para recolher os sacos com sistema de viragem de sacos<\/li><li data-start=\"4413\" data-end=\"4508\">Sistema de controle leg\u00edvel baseado no controlador PLC Siemens com painel sens\u00edvel ao toque<\/li><li data-start=\"4511\" data-end=\"4567\">Acionamentos\/servoacionamentos SEW ou LENZE utilizados<\/li><\/ul><p data-start=\"4571\" data-end=\"4598\"><span style=\"text-decoration: underline;\"><strong data-start=\"4571\" data-end=\"4596\">Equipamento opcional:<\/strong><\/span><\/p><ul><li>Sistema de enrolamento da parte superior do saco<\/li><li>Sistema de aplica\u00e7\u00e3o de fita crespa<\/li><li>Sistema de suc\u00e7\u00e3o do produto no saco<\/li><li>Sistema de vibra\u00e7\u00e3o do saco preenchido<\/li><li>Sistema de limpeza dos alimentadores<\/li><li>Seladora impulsiva ou de calor constante<\/li><li>Fechadora de fio duplo<\/li><li>Tanque de buffer de sobrepeso<\/li><\/ul><p data-start=\"0\" data-end=\"37\"><\/span><\/p>\t\t\t\t\t<\/div>\n\t\t\t\t\t\t<\/div>\n\t\t\t\t<\/div>\n\t\t\t\t\t\t<\/div>\n\t\t\t\t\t<\/div>\n\t\t<\/div>\n\t\t\t\t<div class=\"elementor-column elementor-col-50 elementor-top-column elementor-element elementor-element-5da533f\" data-id=\"5da533f\" data-element_type=\"column\">\n\t\t\t<div class=\"elementor-column-wrap elementor-element-populated\">\n\t\t\t\t\t\t\t<div class=\"elementor-widget-wrap\">\n\t\t\t\t\t\t<div class=\"elementor-element elementor-element-9e09394 elementor-widget elementor-widget-text-editor\" data-id=\"9e09394\" data-element_type=\"widget\" data-widget_type=\"text-editor.default\">\n\t\t\t\t<div class=\"elementor-widget-container\">\n\t\t\t\t\t\t\t\t<div class=\"elementor-text-editor elementor-clearfix\">\n\t\t\t\t<p><br data-start=\"2807\" data-end=\"2810\" \/><span style=\"text-decoration: underline;\"><strong data-start=\"2812\" data-end=\"2847\">Par\u00e2metros t\u00e9cnicos principais:<\/strong><\/span><\/p><ul><li>Peso m\u00e1ximo por por\u00e7\u00e3o: 50 kg<\/li><li>Peso m\u00ednimo por por\u00e7\u00e3o: 10 kg<\/li><li>Desempenho da linha: at\u00e9 400 por\u00e7\u00f5es\/hora (dependendo do operador, das propriedades do produto e do tamanho da por\u00e7\u00e3o)<\/li><li>Tipo de sacos: abertos, sacos de papel multicamadas (at\u00e9 4 camadas), recomendados com fundo envelope sem dobras laterais, sacos de filme PE, sacos de polipropileno PP revestidos<\/li><li>Largura do saco: 450 \u2013 650 mm<\/li><li>Comprimento dos sacos: 600 \u2013 1100 mm<\/li><li>Alimenta\u00e7\u00e3o el\u00e9trica: 3 x 400V 50Hz<\/li><li>Consumo de pot\u00eancia: m\u00e1x. 4,5 kW<\/li><li>Alimenta\u00e7\u00e3o de ar comprimido: 5 \u2013 10 bar<\/li><li>Consumo de ar comprimido: 240-400 Nl\/min<\/li><\/ul><p data-start=\"0\" data-end=\"37\"><\/p>\t\t\t\t\t<\/div>\n\t\t\t\t\t\t<\/div>\n\t\t\t\t<\/div>\n\t\t\t\t\t\t<\/div>\n\t\t\t\t\t<\/div>\n\t\t<\/div>\n\t\t\t\t\t\t\t\t<\/div>\n\t\t\t\t\t<\/div>\n\t\t<\/section>\n\t\t\t\t<section class=\"elementor-section elementor-top-section elementor-element elementor-element-e216b71 elementor-section-boxed elementor-section-height-default elementor-section-height-default\" data-id=\"e216b71\" data-element_type=\"section\" data-settings=\"{&quot;background_background&quot;:&quot;classic&quot;}\">\n\t\t\t\t\t\t<div class=\"elementor-container elementor-column-gap-default\">\n\t\t\t\t\t\t\t<div class=\"elementor-row\">\n\t\t\t\t\t<div class=\"elementor-column elementor-col-100 elementor-top-column elementor-element elementor-element-4f92a26\" data-id=\"4f92a26\" data-element_type=\"column\">\n\t\t\t<div class=\"elementor-column-wrap elementor-element-populated\">\n\t\t\t\t\t\t\t<div class=\"elementor-widget-wrap\">\n\t\t\t\t\t\t<div class=\"elementor-element elementor-element-dfa9973 elementor-widget elementor-widget-html\" data-id=\"dfa9973\" data-element_type=\"widget\" data-widget_type=\"html.default\">\n\t\t\t\t<div class=\"elementor-widget-container\">\n\t\t\t<script type=\"application\/ld+json\">\r\n{\r\n  \"@context\" : \"http:\/\/schema.org\",\r\n  \"@type\" : \"Product\",\r\n  \"name\" : \"P\u00f3\u0142automatyczna linia wa\u017c\u0105co pakuj\u0105ca typ WN\/T\",\r\n  \"image\" : \"https:\/\/drewmax.net.pl\/wp-content\/uploads\/2019\/07\/wnt.png\",\r\n  \"description\" : \"Podstawowe parametry techniczne:<\/U><\/SPAN><\/P><UL><LI><SPAN style=\\\"background-color: rgba(255, 255, 255, 0);\\\">Maksymalna masa porcji: 50kg,<\/SPAN><\/LI><LI><SPAN style=\\\"background-color: rgba(255, 255, 255, 0);\\\">Minimalna masa porcji: 10kg,<\/SPAN><\/LI><LI><SPAN style=\\\"background-color: rgba(255, 255, 255, 0);\\\">Wydajno\u015b\u0107 linii: do 400 porcji\/godz. (zale\u017cnie od operatora, w\u0142asno\u015bci produktu oraz wielko\u015bci porcji)<\/SPAN><\/LI><LI><SPAN style=\\\"background-color: rgba(255, 255, 255, 0);\\\">Typ work\u00f3w: otwarte, papierowe wielowarstwowe (do 4 warstw), zalecane z dnem koperto\u00acwym bez bocznych fa\u0142d, worki foliowe PE, worki polipropylenowe PP powlekane,<\/SPAN><\/LI><LI><SPAN style=\\\"background-color: rgba(255, 255, 255, 0);\\\">Szeroko\u015b\u0107 worka: 450 \u2013 650mm,<\/SPAN><\/LI><LI><SPAN style=\\\"background-color: rgba(255, 255, 255, 0);\\\">D\u0142ugo\u015b\u0107 work\u00f3w: 600 \u2013 1100mm<\/SPAN><\/LI><LI><SPAN style=\\\"background-color: rgba(255, 255, 255, 0);\\\">Zasilanie elektryczne: 3 x 400V 50Hz,<\/SPAN><\/LI><LI><SPAN style=\\\"background-color: rgba(255, 255, 255, 0);\\\">Zapotrzebowanie mocy: max. 4,5kW,<\/SPAN><\/LI><LI><SPAN style=\\\"background-color: rgba(255, 255, 255, 0);\\\">Zasilanie w spr\u0119\u017cone powietrze: 5 \u2013 10bar,<\/SPAN><\/LI><LI><SPAN style=\\\"background-color: rgba(255, 255, 255, 0);\\\">Zu\u017cycie spr\u0119\u017conego powietrza 240-400Nl\/min\",\r\n  \"brand\" : {\r\n    \"@type\" : \"Brand\",\r\n    \"name\" : \"DREWMAX\",\r\n    \"logo\" : \"https:\/\/drewmax.net.pl\/wp-content\/uploads\/2019\/06\/drewmax-logo_v2-1.png\"\r\n  },\r\n  \"sku\" : \"WN\/T\",\r\n  \"identifier\": {\r\n \"@type\": \"PropertyValue\",\r\n   \"propertyID\": \"Model\",\r\n   \"value\":  \"WN\/T\"\r\n   },\r\n \"aggregateRating\": {\r\n    \"@type\": \"AggregateRating\",\r\n    \"ratingValue\": \"4.8\",\r\n    \"reviewCount\": \"12\"\r\n  },\r\n   \"offers\": {\r\n    \"@type\": \"AggregateOffer\",\r\n    \"lowPrice\": 180000.0000,\r\n    \"highPrice\": 300000.0000,\r\n    \"priceCurrency\": \"PLN\",\r\n    \"itemCondition\": \"NewCondition\",\r\n\t\"offerCount\": \"5\"\r\n  },\r\n  \"review\": {\r\n    \"@type\": \"Review\",\r\n    \"author\": \"Wojciech\",\r\n    \"datePublished\": \"2019-11-30\",\r\n    \"name\": \"Drewmax | Maszyny pakuj\u0105ce - referencje\",\r\n    \"reviewBody\": \"Zapytaj nas o referencje lub zajrzyj na stron\u0119\"\r\n  },\r\n  \"mpn\" : \"WN\/T\"\r\n}\r\n<\/script>\r\n\r\n<script type=\"application\/ld+json\">\r\n{\r\n  \"@context\" : \"http:\/\/schema.org\",\r\n  \"@type\" : \"Article\",\r\n  \"name\" : \"P\u00f3\u0142automatyczna linia wa\u017c\u0105co pakuj\u0105ca typ WN\/T\",\r\n  \"headline\" : \"Linia wa\u017c\u0105co pakujaca do produkt\u00f3w sypkich\/granulowanych!\",\r\n  \"author\" : {\r\n    \"@type\" : \"Person\",\r\n    \"name\" : \"Wojciech S\u0105siadek\"\r\n  },\r\n  \"datePublished\" : \"2019-11-30\",\r\n  \"dateModified\" : \"2019-12-10\",\r\n  \"image\" : \"https:\/\/drewmax.net.pl\/wp-content\/uploads\/2019\/07\/wnt.png\",\r\n  \"articleBody\" : \"Aby uzupe\u0142ni\u0107 swoj\u0105 ofert\u0119 o dodatkowy  pu\u0142ap wydajno\u015bci, zesp\u00f3\u0142 naszych konstruktor\u00f3w zaprojektowa\u0142 p\u00f3\u0142automatyczn\u0105 linie wa\u017c\u0105co pakuj\u0105c\u0105 typ WN\/T, kt\u00f3ra znalaz\u0142a uznanie w\u015br\u00f3d wielu producent\u00f3w, a ponadto jest doskona\u0142ym uzupe\u0142nieniem gamy naszych produkt\u00f3w.<\/P><P>Linia WN\/T jest p\u00f3\u0142automatycznym urz\u0105dzeniem wa\u017c\u0105co pakuj\u0105cym do produkt\u00f3w <SPAN style=\\\"font-weight: bold;\\\">sypkich\/granulowanych<\/SPAN> przy zastosowaniu <SPAN style=\\\"font-weight: bold;\\\">work\u00f3w typu otwartego<\/SPAN>.<\/P><P>Przedstawiona linia wyposa\u017cona jest w odpowiednio ukszta\u0142towany kosz wagowy, kt\u00f3ry nape\u0142niany jest poprzez dozownik ta\u015bmowy o zmiennej pr\u0119dko\u015bci obrotowej. Ten rodzaj nawa\u017cania produkt\u00f3w nazywany jest systemem netto.<\/P><P>Dzi\u0119ki takiemu rozwi\u0105zaniu uzyskali\u015bmy wydajno\u015b\u0107 linii dochodz\u0105c\u0105 do <SPAN style=\\\"font-weight: bold;\\\">400 porcji na godzin\u0119<\/SPAN>.\",\r\n  \"url\" : \"https:\/\/drewmax.net.pl\/linie-wazaco-pakujace-1\/wnt\/\",\r\n  \"mainEntityOfPage\": {\r\n    \"@type\": \"WebPage\",\r\n    \"@id\": \"https:\/\/drewmax.net.pl\/\"\r\n  },\r\n  \"publisher\" : {\r\n    \"@type\" : \"Organization\",\r\n    \"name\" : \"Przedsi\u0119biorstwo Wielobran\u017cowe Drewmax Tadeusz S\u0105siadek i Wsp\u00f3lnicy Sp\u00f3\u0142ka Jawna\",\r\n\t\"logo\" : {\r\n\t\t\"@type\": \"ImageObject\",\r\n\t\t\"url\": \"https:\/\/drewmax.net.pl\/wp-content\/uploads\/2019\/06\/drewmax-logo_v2-1.png\"\r\n\t}\t\r\n  }\r\n  \r\n}\r\n<\/script>\t\t<\/div>\n\t\t\t\t<\/div>\n\t\t\t\t<div class=\"elementor-element elementor-element-19f0da8 elementor-align-center elementor-widget elementor-widget-button\" data-id=\"19f0da8\" data-element_type=\"widget\" data-widget_type=\"button.default\">\n\t\t\t\t<div class=\"elementor-widget-container\">\n\t\t\t\t\t<div class=\"elementor-button-wrapper\">\n\t\t\t<a href=\"https:\/\/drewmax.net.pl\/wp-content\/uploads\/2025\/03\/Polautomatyczna-linia-wazaco-pakujaca-WNT_front_PT.pdf\" target=\"_blank\" class=\"elementor-button-link elementor-button elementor-size-lg\" role=\"button\">\n\t\t\t\t\t\t<span class=\"elementor-button-content-wrapper\">\n\t\t\t\t\t\t<span class=\"elementor-button-icon elementor-align-icon-right\">\n\t\t\t\t<i aria-hidden=\"true\" class=\"fas fa-download\"><\/i>\t\t\t<\/span>\n\t\t\t\t\t\t<span class=\"elementor-button-text\"> Baixar a ficha t\u00e9cnica do produto<\/span>\n\t\t<\/span>\n\t\t\t\t\t<\/a>\n\t\t<\/div>\n\t\t\t\t<\/div>\n\t\t\t\t<\/div>\n\t\t\t\t\t\t<\/div>\n\t\t\t\t\t<\/div>\n\t\t<\/div>\n\t\t\t\t\t\t\t\t<\/div>\n\t\t\t\t\t<\/div>\n\t\t<\/section>\n\t\t\t\t\t\t<\/div>\n\t\t\t\t\t\t<\/div>\n\t\t\t\t\t<\/div>\n\t\t","protected":false},"excerpt":{"rendered":"<p>Linha de pesagem e embalagem semiautom\u00e1tica Tipo WN\/T Para complementar sua oferta com uma capacidade de desempenho adicional, nossa equipe de engenheiros projetou a linha semi-autom\u00e1tica de pesagem e embalagem tipo WN\/T, que foi reconhecida por muitos fabricantes e \u00e9 tamb\u00e9m um excelente complemento para nossa gama de produtos. A linha WN\/T \u00e9 um dispositivo&hellip;<\/p>\n","protected":false},"author":1,"featured_media":12138,"parent":0,"menu_order":0,"comment_status":"closed","ping_status":"closed","template":"","meta":[],"yoast_head":"<!-- This site is optimized with the Yoast SEO Premium plugin v15.5 - https:\/\/yoast.com\/wordpress\/plugins\/seo\/ -->\n<title>Wa\u017cenie Pakowanie Paletyzacja Automatyka przemys\u0142owa linie PP PE<\/title>\n<meta name=\"description\" content=\"Wa\u017cenie Pakowanie Paletyzacja Automatyka przemys\u0142owa linie wa\u017c\u0105co - pakuj\u0105ce zbiorniki technologiczne mikrodozowanie linie PP PE\" \/>\n<meta name=\"robots\" content=\"index, follow, max-snippet:-1, max-image-preview:large, max-video-preview:-1\" \/>\n<link rel=\"canonical\" href=\"https:\/\/drewmax.net.pl\/wnt\/\" \/>\n<meta property=\"og:locale\" content=\"pt_PT\" \/>\n<meta property=\"og:type\" content=\"article\" \/>\n<meta property=\"og:title\" content=\"Wa\u017cenie Pakowanie Paletyzacja Automatyka przemys\u0142owa linie PP PE\" \/>\n<meta property=\"og:description\" content=\"Wa\u017cenie Pakowanie Paletyzacja Automatyka przemys\u0142owa linie wa\u017c\u0105co - pakuj\u0105ce zbiorniki technologiczne mikrodozowanie linie PP PE\" \/>\n<meta property=\"og:url\" content=\"https:\/\/drewmax.net.pl\/wnt\/\" \/>\n<meta property=\"og:site_name\" content=\"(Polski) Drewmax - Wa\u017cenie | Pakowanie | Paletyzacja | Automatyka\" \/>\n<meta property=\"article:publisher\" content=\"https:\/\/www.facebook.com\/Drewmax-111641623604429\/\" \/>\n<meta property=\"article:modified_time\" content=\"2025-04-03T11:50:40+00:00\" \/>\n<meta name=\"twitter:card\" content=\"summary_large_image\" \/>\n<meta name=\"twitter:label1\" content=\"Tempo estimado de leitura\">\n\t<meta name=\"twitter:data1\" content=\"9 minutos\">\n<script type=\"application\/ld+json\" class=\"yoast-schema-graph\">{\"@context\":\"https:\/\/schema.org\",\"@graph\":[{\"@type\":\"Organization\",\"@id\":\"https:\/\/drewmax.net.pl\/en\/#organization\",\"name\":\"DREWMAX Sp\\u00f3\\u0142ka z o.o.\",\"url\":\"https:\/\/drewmax.net.pl\/en\/\",\"sameAs\":[\"https:\/\/www.facebook.com\/Drewmax-111641623604429\/\",\"https:\/\/www.instagram.com\/drewmax.net.pl\/\",\"https:\/\/www.youtube.com\/channel\/UCCS8U5F8gSyJAlSWjxgbLRQ\"],\"logo\":{\"@type\":\"ImageObject\",\"@id\":\"https:\/\/drewmax.net.pl\/en\/#logo\",\"inLanguage\":\"pt-PT\",\"url\":\"\",\"caption\":\"DREWMAX Sp\\u00f3\\u0142ka z o.o.\"},\"image\":{\"@id\":\"https:\/\/drewmax.net.pl\/en\/#logo\"}},{\"@type\":\"WebSite\",\"@id\":\"https:\/\/drewmax.net.pl\/en\/#website\",\"url\":\"https:\/\/drewmax.net.pl\/en\/\",\"name\":\"(Polski) Drewmax - Wa\\u017cenie | Pakowanie | Paletyzacja | Automatyka\",\"description\":\"\",\"publisher\":{\"@id\":\"https:\/\/drewmax.net.pl\/en\/#organization\"},\"potentialAction\":[{\"@type\":\"SearchAction\",\"target\":\"https:\/\/drewmax.net.pl\/en\/?s={search_term_string}\",\"query-input\":\"required name=search_term_string\"}],\"inLanguage\":\"pt-PT\"},{\"@type\":\"ImageObject\",\"@id\":\"https:\/\/drewmax.net.pl\/wnt\/#primaryimage\",\"inLanguage\":\"pt-PT\",\"url\":\"\"},{\"@type\":\"WebPage\",\"@id\":\"https:\/\/drewmax.net.pl\/wnt\/#webpage\",\"url\":\"https:\/\/drewmax.net.pl\/wnt\/\",\"name\":\"Wa\\u017cenie Pakowanie Paletyzacja Automatyka przemys\\u0142owa linie PP PE\",\"isPartOf\":{\"@id\":\"https:\/\/drewmax.net.pl\/en\/#website\"},\"primaryImageOfPage\":{\"@id\":\"https:\/\/drewmax.net.pl\/wnt\/#primaryimage\"},\"datePublished\":\"2016-07-19T09:21:50+00:00\",\"dateModified\":\"2025-04-03T11:50:40+00:00\",\"description\":\"Wa\\u017cenie Pakowanie Paletyzacja Automatyka przemys\\u0142owa linie wa\\u017c\\u0105co - pakuj\\u0105ce zbiorniki technologiczne mikrodozowanie linie PP PE\",\"breadcrumb\":{\"@id\":\"https:\/\/drewmax.net.pl\/wnt\/#breadcrumb\"},\"inLanguage\":\"pt-PT\",\"potentialAction\":[{\"@type\":\"ReadAction\",\"target\":[\"https:\/\/drewmax.net.pl\/wnt\/\"]}]},{\"@type\":\"BreadcrumbList\",\"@id\":\"https:\/\/drewmax.net.pl\/wnt\/#breadcrumb\",\"itemListElement\":[{\"@type\":\"ListItem\",\"position\":1,\"item\":{\"@type\":\"WebPage\",\"@id\":\"https:\/\/drewmax.net.pl\/\",\"url\":\"https:\/\/drewmax.net.pl\/\",\"name\":\"Home\"}},{\"@type\":\"ListItem\",\"position\":2,\"item\":{\"@type\":\"WebPage\",\"@id\":\"https:\/\/drewmax.net.pl\/wnt\/\",\"url\":\"https:\/\/drewmax.net.pl\/wnt\/\",\"name\":\"P\\u00f3\\u0142automatyczna linia wa\\u017c\\u0105co pakuj\\u0105ca typ WN\/T\"}}]}]}<\/script>\n<!-- \/ Yoast SEO Premium plugin. -->","_links":{"self":[{"href":"https:\/\/drewmax.net.pl\/pt\/wp-json\/wp\/v2\/pages\/11813"}],"collection":[{"href":"https:\/\/drewmax.net.pl\/pt\/wp-json\/wp\/v2\/pages"}],"about":[{"href":"https:\/\/drewmax.net.pl\/pt\/wp-json\/wp\/v2\/types\/page"}],"author":[{"embeddable":true,"href":"https:\/\/drewmax.net.pl\/pt\/wp-json\/wp\/v2\/users\/1"}],"replies":[{"embeddable":true,"href":"https:\/\/drewmax.net.pl\/pt\/wp-json\/wp\/v2\/comments?post=11813"}],"version-history":[{"count":79,"href":"https:\/\/drewmax.net.pl\/pt\/wp-json\/wp\/v2\/pages\/11813\/revisions"}],"predecessor-version":[{"id":31993,"href":"https:\/\/drewmax.net.pl\/pt\/wp-json\/wp\/v2\/pages\/11813\/revisions\/31993"}],"wp:featuredmedia":[{"embeddable":true,"href":"https:\/\/drewmax.net.pl\/pt\/wp-json\/wp\/v2\/media\/12138"}],"wp:attachment":[{"href":"https:\/\/drewmax.net.pl\/pt\/wp-json\/wp\/v2\/media?parent=11813"}],"curies":[{"name":"wp","href":"https:\/\/api.w.org\/{rel}","templated":true}]}}