{"id":91,"date":"2016-07-21T10:43:03","date_gmt":"2016-07-21T08:43:03","guid":{"rendered":"http:\/\/drewmax.net.pl\/?page_id=91"},"modified":"2026-03-31T12:48:08","modified_gmt":"2026-03-31T10:48:08","slug":"wns","status":"publish","type":"page","link":"https:\/\/drewmax.net.pl\/it\/wns\/","title":{"rendered":"P\u00f3\u0142automatyczna linia wa\u017c\u0105co pakuj\u0105ca typ WN\/S"},"content":{"rendered":"\t\t<div data-elementor-type=\"wp-post\" data-elementor-id=\"91\" class=\"elementor elementor-91\" data-elementor-settings=\"[]\">\n\t\t\t\t\t\t<div class=\"elementor-inner\">\n\t\t\t\t\t\t\t<div class=\"elementor-section-wrap\">\n\t\t\t\t\t\t\t<section class=\"elementor-section elementor-top-section elementor-element elementor-element-248cd44 elementor-section-boxed elementor-section-height-default elementor-section-height-default\" data-id=\"248cd44\" data-element_type=\"section\" data-settings=\"{&quot;background_background&quot;:&quot;classic&quot;}\">\n\t\t\t\t\t\t<div class=\"elementor-container elementor-column-gap-default\">\n\t\t\t\t\t\t\t<div class=\"elementor-row\">\n\t\t\t\t\t<div class=\"elementor-column elementor-col-100 elementor-top-column elementor-element elementor-element-48d5f56\" data-id=\"48d5f56\" data-element_type=\"column\">\n\t\t\t<div class=\"elementor-column-wrap elementor-element-populated\">\n\t\t\t\t\t\t\t<div class=\"elementor-widget-wrap\">\n\t\t\t\t\t\t<div class=\"elementor-element elementor-element-18c8e2e elementor-widget elementor-widget-heading\" data-id=\"18c8e2e\" data-element_type=\"widget\" data-widget_type=\"heading.default\">\n\t\t\t\t<div class=\"elementor-widget-container\">\n\t\t\t<h2 class=\"elementor-heading-title elementor-size-xl\">Linea di pesatura e confezionamento semi-automatica tipo WN\/S\n<\/h2>\t\t<\/div>\n\t\t\t\t<\/div>\n\t\t\t\t\t\t<\/div>\n\t\t\t\t\t<\/div>\n\t\t<\/div>\n\t\t\t\t\t\t\t\t<\/div>\n\t\t\t\t\t<\/div>\n\t\t<\/section>\n\t\t\t\t<section class=\"elementor-section elementor-top-section elementor-element elementor-element-c8c8eef elementor-section-boxed elementor-section-height-default elementor-section-height-default\" data-id=\"c8c8eef\" data-element_type=\"section\" data-settings=\"{&quot;background_background&quot;:&quot;classic&quot;}\">\n\t\t\t\t\t\t<div class=\"elementor-container elementor-column-gap-default\">\n\t\t\t\t\t\t\t<div class=\"elementor-row\">\n\t\t\t\t\t<div class=\"elementor-column elementor-col-100 elementor-top-column elementor-element elementor-element-a62e050\" data-id=\"a62e050\" data-element_type=\"column\">\n\t\t\t<div class=\"elementor-column-wrap elementor-element-populated\">\n\t\t\t\t\t\t\t<div class=\"elementor-widget-wrap\">\n\t\t\t\t\t\t<div class=\"elementor-element elementor-element-be20c4c elementor-widget elementor-widget-text-editor\" data-id=\"be20c4c\" data-element_type=\"widget\" data-widget_type=\"text-editor.default\">\n\t\t\t\t<div class=\"elementor-widget-container\">\n\t\t\t\t\t\t\t\t<div class=\"elementor-text-editor elementor-clearfix\">\n\t\t\t\t<p><\/p><p data-start=\"0\" data-end=\"294\">Per ampliare la nostra offerta con una maggiore capacit\u00e0 produttiva, il nostro team di progettisti ha sviluppato la linea di pesatura e confezionamento semi-automatica tipo WN\/S, che ha trovato apprezzamento tra molti produttori ed \u00e8 un eccellente complemento alla nostra gamma di prodotti.<\/p><p data-start=\"296\" data-end=\"449\">La linea WN\/S \u00e8 un dispositivo semi-automatico per il pesaggio e confezionamento di prodotti <strong>polverosi\/polverosi<\/strong> fini, utilizzando sacchi di <strong>tipo aperto.<\/strong><\/p><p data-start=\"451\" data-end=\"646\">La linea presentata \u00e8 dotata di un apposito serbatoio di pesatura, che viene riempito tramite dosatori a vite di diverse dimensioni. Questo tipo di pesatura dei prodotti \u00e8 chiamato sistema netto.<\/p><p data-start=\"648\" data-end=\"746\" data-is-last-node=\"\" data-is-only-node=\"\">Grazie a questa soluzione, la linea ha una produttivit\u00e0 che raggiunge fino a <strong>400 porzioni all&#8217;ora.<\/strong><\/p><p><\/p>\t\t\t\t\t<\/div>\n\t\t\t\t\t\t<\/div>\n\t\t\t\t<\/div>\n\t\t\t\t\t\t<\/div>\n\t\t\t\t\t<\/div>\n\t\t<\/div>\n\t\t\t\t\t\t\t\t<\/div>\n\t\t\t\t\t<\/div>\n\t\t<\/section>\n\t\t\t\t<section class=\"elementor-section elementor-top-section elementor-element elementor-element-269bac6 elementor-section-boxed elementor-section-height-default elementor-section-height-default\" data-id=\"269bac6\" data-element_type=\"section\" data-settings=\"{&quot;background_background&quot;:&quot;classic&quot;}\">\n\t\t\t\t\t\t<div class=\"elementor-container elementor-column-gap-default\">\n\t\t\t\t\t\t\t<div class=\"elementor-row\">\n\t\t\t\t\t<div class=\"elementor-column elementor-col-100 elementor-top-column elementor-element elementor-element-0c1e01b\" data-id=\"0c1e01b\" data-element_type=\"column\">\n\t\t\t<div class=\"elementor-column-wrap elementor-element-populated\">\n\t\t\t\t\t\t\t<div class=\"elementor-widget-wrap\">\n\t\t\t\t\t\t<div class=\"elementor-element elementor-element-b04bd8e elementor-widget elementor-widget-html\" data-id=\"b04bd8e\" data-element_type=\"widget\" data-widget_type=\"html.default\">\n\t\t\t\t<div class=\"elementor-widget-container\">\n\t\t\t<noscript>\r\n    <img src=\"\/rendery\/wns\/1.jpg\" alt=\"wns\">\r\n<\/noscript>\r\n    <div\r\n      class=\"cloudimage-360\"\r\n      data-folder=\"\/rendery\/wns\/\"\r\n      data-filename=\"{index}.jpg\"\r\n      data-amount=\"72\"\r\n      data-magnifier=\"3\"\r\n      data-spin-reverse\r\n    ><\/div>\r\n    <!-- Add script tag with CDN link to js-cloudimage-360-view lib after all content in body tag -->\r\n    <script src=\"\/rendery\/wbs\/wbs.js\"><\/script>\t\t<\/div>\n\t\t\t\t<\/div>\n\t\t\t\t\t\t<\/div>\n\t\t\t\t\t<\/div>\n\t\t<\/div>\n\t\t\t\t\t\t\t\t<\/div>\n\t\t\t\t\t<\/div>\n\t\t<\/section>\n\t\t\t\t<section class=\"elementor-section elementor-top-section elementor-element elementor-element-6fbe0ff elementor-section-boxed elementor-section-height-default elementor-section-height-default\" data-id=\"6fbe0ff\" data-element_type=\"section\" data-settings=\"{&quot;background_background&quot;:&quot;classic&quot;}\">\n\t\t\t\t\t\t<div class=\"elementor-container elementor-column-gap-default\">\n\t\t\t\t\t\t\t<div class=\"elementor-row\">\n\t\t\t\t\t<div class=\"elementor-column elementor-col-100 elementor-top-column elementor-element elementor-element-9f9bfc4\" data-id=\"9f9bfc4\" data-element_type=\"column\">\n\t\t\t<div class=\"elementor-column-wrap elementor-element-populated\">\n\t\t\t\t\t\t\t<div class=\"elementor-widget-wrap\">\n\t\t\t\t\t\t<div class=\"elementor-element elementor-element-95ee81e elementor-widget elementor-widget-text-editor\" data-id=\"95ee81e\" data-element_type=\"widget\" data-widget_type=\"text-editor.default\">\n\t\t\t\t<div class=\"elementor-widget-container\">\n\t\t\t\t\t\t\t\t<div class=\"elementor-text-editor elementor-clearfix\">\n\t\t\t\t<p><\/p><p data-start=\"0\" data-end=\"42\"><span style=\"text-decoration: underline;\"><strong data-start=\"0\" data-end=\"42\">Componente principali del dispositivo:<\/strong><\/span><\/p><ul data-start=\"44\" data-end=\"592\"><li data-start=\"44\" data-end=\"105\">Struttura di supporto della linea con piattaforma di lavoro<\/li><li data-start=\"106\" data-end=\"151\">Bilancia elettronica di dosaggio tipo netto<\/li><li data-start=\"152\" data-end=\"169\">Dosatore a vite<\/li><li data-start=\"170\" data-end=\"195\">Bocca di scarico aperta<\/li><li data-start=\"196\" data-end=\"246\">Nastro trasportatore per il trasporto dei sacchi<\/li><li data-start=\"247\" data-end=\"309\">Sistema di regolazione dell&#8217;altezza del nastro trasportatore<\/li><li data-start=\"310\" data-end=\"360\">Sistema di guida della parte superiore del sacco<\/li><li data-start=\"361\" data-end=\"387\">Cucitrice a filo singolo<\/li><li data-start=\"388\" data-end=\"483\">Nastro trasportatore laterale per il prelievo dei sacchi con sistema di inversione dei sacchi<\/li><li data-start=\"484\" data-end=\"554\">Sistema di controllo chiaro basato su PLC Siemens con pannello touch<\/li><li data-start=\"555\" data-end=\"592\">Azionamenti\/servomotori SEW o LENZE<\/li><\/ul><p data-start=\"594\" data-end=\"621\"><span style=\"text-decoration: underline;\"><strong data-start=\"594\" data-end=\"621\">Attrezzatura opzionale:<\/strong><\/span><\/p><ul data-start=\"623\" data-end=\"953\" data-is-last-node=\"\" data-is-only-node=\"\"><li data-start=\"623\" data-end=\"677\">Sistema di piegatura della parte superiore del sacco<\/li><li data-start=\"678\" data-end=\"723\">Sistema di applicazione della banda adesiva<\/li><li data-start=\"724\" data-end=\"771\">Sistema di aspirazione del prodotto nel sacco<\/li><li data-start=\"772\" data-end=\"814\">Sistema di vibrazione del sacco riempito<\/li><li data-start=\"815\" data-end=\"848\">Sistema di pulizia dei dosatori<\/li><li data-start=\"849\" data-end=\"891\">Saldatrice a impulsi o a calore continuo<\/li><li data-start=\"892\" data-end=\"917\">Cucitrice a doppio filo<\/li><li data-start=\"918\" data-end=\"953\" data-is-last-node=\"\">Serbatoio buffer per sovraccarico<\/li><\/ul><p><\/p>\t\t\t\t\t<\/div>\n\t\t\t\t\t\t<\/div>\n\t\t\t\t<\/div>\n\t\t\t\t\t\t<\/div>\n\t\t\t\t\t<\/div>\n\t\t<\/div>\n\t\t\t\t<div class=\"elementor-column elementor-col-100 elementor-top-column elementor-element elementor-element-0bcf152\" data-id=\"0bcf152\" data-element_type=\"column\">\n\t\t\t<div class=\"elementor-column-wrap elementor-element-populated\">\n\t\t\t\t\t\t\t<div class=\"elementor-widget-wrap\">\n\t\t\t\t\t\t<div class=\"elementor-element elementor-element-809fe0f elementor-widget elementor-widget-text-editor\" data-id=\"809fe0f\" data-element_type=\"widget\" data-widget_type=\"text-editor.default\">\n\t\t\t\t<div class=\"elementor-widget-container\">\n\t\t\t\t\t\t\t\t<div class=\"elementor-text-editor elementor-clearfix\">\n\t\t\t\t<p><\/p><p data-start=\"0\" data-end=\"33\"><span style=\"text-decoration: underline;\"><strong data-start=\"0\" data-end=\"33\">Parametri tecnici principali:<\/strong><\/span><\/p><ul data-start=\"35\" data-end=\"699\" data-is-last-node=\"\" data-is-only-node=\"\"><li data-start=\"35\" data-end=\"73\">Peso massimo della porzione: 50 kg<\/li><li data-start=\"74\" data-end=\"111\">Peso minimo della porzione: 10 kg<\/li><li data-start=\"112\" data-end=\"262\">Produttivit\u00e0 della linea: fino a 400 porzioni\/ora (a seconda dell&#8217;operatore, delle caratteristiche del prodotto e delle dimensioni della porzione)<\/li><li data-start=\"263\" data-end=\"454\">Tipo di sacchi: aperti, sacchi di carta multistrato (fino a 4 strati), preferibilmente con fondo a busta senza pieghe laterali, sacchi in plastica PE, sacchi in polipropilene PP rivestiti<\/li><li data-start=\"455\" data-end=\"492\">Larghezza del sacco: 450 \u2013 650 mm<\/li><li data-start=\"493\" data-end=\"531\">Lunghezza del sacco: 600 \u2013 1100 mm<\/li><li data-start=\"532\" data-end=\"574\">Alimentazione elettrica: 3 x 400V 50Hz<\/li><li data-start=\"575\" data-end=\"610\">Consumo di potenza: max. 4,5 kW<\/li><li data-start=\"611\" data-end=\"655\">Alimentazione aria compressa: 5 \u2013 10 bar<\/li><li data-start=\"656\" data-end=\"699\" data-is-last-node=\"\">Consumo di aria compressa: 240-400 Nl\/min<\/li><\/ul><p><\/p>\t\t\t\t\t<\/div>\n\t\t\t\t\t\t<\/div>\n\t\t\t\t<\/div>\n\t\t\t\t\t\t<\/div>\n\t\t\t\t\t<\/div>\n\t\t<\/div>\n\t\t\t\t\t\t\t\t<\/div>\n\t\t\t\t\t<\/div>\n\t\t<\/section>\n\t\t\t\t<section class=\"elementor-section elementor-top-section elementor-element elementor-element-3e3d3e6 elementor-section-boxed elementor-section-height-default elementor-section-height-default\" data-id=\"3e3d3e6\" data-element_type=\"section\" data-settings=\"{&quot;background_background&quot;:&quot;classic&quot;}\">\n\t\t\t\t\t\t<div class=\"elementor-container elementor-column-gap-default\">\n\t\t\t\t\t\t\t<div class=\"elementor-row\">\n\t\t\t\t\t<div class=\"elementor-column elementor-col-100 elementor-top-column elementor-element elementor-element-a98ed75\" data-id=\"a98ed75\" data-element_type=\"column\">\n\t\t\t<div class=\"elementor-column-wrap elementor-element-populated\">\n\t\t\t\t\t\t\t<div class=\"elementor-widget-wrap\">\n\t\t\t\t\t\t<div class=\"elementor-element elementor-element-621960b elementor-align-center elementor-widget elementor-widget-button\" data-id=\"621960b\" data-element_type=\"widget\" data-widget_type=\"button.default\">\n\t\t\t\t<div class=\"elementor-widget-container\">\n\t\t\t\t\t<div class=\"elementor-button-wrapper\">\n\t\t\t<a href=\"https:\/\/drewmax.net.pl\/wp-content\/uploads\/2025\/04\/Polautomatyczna-linia-wazaco-pakujaca-WNS_front_IT.pdf\" target=\"_blank\" class=\"elementor-button-link elementor-button elementor-size-lg\" role=\"button\">\n\t\t\t\t\t\t<span class=\"elementor-button-content-wrapper\">\n\t\t\t\t\t\t<span class=\"elementor-button-icon elementor-align-icon-right\">\n\t\t\t\t<i aria-hidden=\"true\" class=\"fas fa-download\"><\/i>\t\t\t<\/span>\n\t\t\t\t\t\t<span class=\"elementor-button-text\">Scarica la scheda del prodotto<\/span>\n\t\t<\/span>\n\t\t\t\t\t<\/a>\n\t\t<\/div>\n\t\t\t\t<\/div>\n\t\t\t\t<\/div>\n\t\t\t\t<div class=\"elementor-element elementor-element-04a8dc4 elementor-widget elementor-widget-html\" data-id=\"04a8dc4\" data-element_type=\"widget\" data-widget_type=\"html.default\">\n\t\t\t\t<div class=\"elementor-widget-container\">\n\t\t\t<script type=\"application\/ld+json\">\r\n{\r\n  \"@context\" : \"http:\/\/schema.org\",\r\n  \"@type\" : \"Product\",\r\n  \"name\" : \"P\u00f3\u0142automatyczna linia wa\u017c\u0105co pakuj\u0105ca typ WN\/S\",\r\n  \"image\" : \"https:\/\/drewmax.net.pl\/wp-content\/uploads\/2019\/07\/wns.png\",\r\n  \"description\" : \"Podstawowe parametry techniczne:<\/U><\/SPAN><\/P><UL><LI><SPAN style=\\\"background-color: rgba(255, 255, 255, 0);\\\">Maksymalna masa porcji: 50kg,<\/SPAN><\/LI><LI><SPAN style=\\\"background-color: rgba(255, 255, 255, 0);\\\">Minimalna masa porcji: 10kg,<\/SPAN><\/LI><LI><SPAN style=\\\"background-color: rgba(255, 255, 255, 0);\\\">Wydajno\u015b\u0107 linii: do 400 porcji\/godz. (zale\u017cnie od operatora, w\u0142asno\u015bci produktu oraz wielko\u015bci porcji)<\/SPAN><\/LI><LI><SPAN style=\\\"background-color: rgba(255, 255, 255, 0);\\\">Typ work\u00f3w: otwarte, papierowe wielowarstwowe (do 4 warstw), zalecane z dnem kopertowym bez bocznych fa\u0142d, worki foliowe PE, worki polipropylenowe PP powlekane,<\/SPAN><\/LI><LI><SPAN style=\\\"background-color: rgba(255, 255, 255, 0);\\\">Szeroko\u015b\u0107 worka: 450 \u2013 650mm,<\/SPAN><\/LI><LI><SPAN style=\\\"background-color: rgba(255, 255, 255, 0);\\\">D\u0142ugo\u015b\u0107 work\u00f3w: 600 \u2013 1100mm<\/SPAN><\/LI><LI><SPAN style=\\\"background-color: rgba(255, 255, 255, 0);\\\">Zasilanie elektryczne: 3 x 400V 50Hz,<\/SPAN><\/LI><LI><SPAN style=\\\"background-color: rgba(255, 255, 255, 0);\\\">Zapotrzebowanie mocy: max. 4,5kW,<\/SPAN><\/LI><LI><SPAN style=\\\"background-color: rgba(255, 255, 255, 0);\\\">Zasilanie w spr\u0119\u017cone powietrze: 5 \u2013 10bar,<\/SPAN><\/LI><LI><SPAN style=\\\"background-color: rgba(255, 255, 255, 0);\\\">Zu\u017cycie spr\u0119\u017conego powietrza 240-400Nl\/min\",\r\n  \"brand\" : {\r\n    \"@type\" : \"Brand\",\r\n    \"name\" : \"DREWMAX\",\r\n    \"logo\" : \"https:\/\/drewmax.net.pl\/wp-content\/uploads\/2019\/06\/drewmax-logo_v2-1.png\"\r\n  },\r\n  \"sku\" : \"WN\/S\",\r\n  \"identifier\": {\r\n \"@type\": \"PropertyValue\",\r\n   \"propertyID\": \"Model\",\r\n   \"value\":  \"WN\/S\"\r\n   },\r\n \"aggregateRating\": {\r\n    \"@type\": \"AggregateRating\",\r\n    \"ratingValue\": \"4.4\",\r\n    \"reviewCount\": \"101\"\r\n  },\r\n   \"offers\": {\r\n    \"@type\": \"AggregateOffer\",\r\n    \"lowPrice\": 230000.0000,\r\n    \"highPrice\": 350000.0000,\r\n    \"priceCurrency\": \"PLN\",\r\n    \"itemCondition\": \"NewCondition\",\r\n\t\"offerCount\": \"5\"\r\n  },\r\n  \"review\": {\r\n    \"@type\": \"Review\",\r\n    \"author\": \"Wojciech\",\r\n    \"datePublished\": \"2019-11-30\",\r\n    \"name\": \"Drewmax | Maszyny pakuj\u0105ce - referencje\",\r\n    \"reviewBody\": \"Zapytaj nas o referencje lub zajrzyj na stron\u0119\"\r\n  },\r\n  \"mpn\" : \"WN\/S\"\r\n}\r\n<\/script>\r\n\r\n<script type=\"application\/ld+json\">\r\n{\r\n  \"@context\" : \"http:\/\/schema.org\",\r\n  \"@type\" : \"Article\",\r\n  \"name\" : \"P\u00f3\u0142automatyczna linia wa\u017c\u0105co pakuj\u0105ca typ WN\/S\",\r\n  \"headline\" : \"Linia wa\u017c\u0105co pakujaca do produkt\u00f3w sypkich i pylistych!\",\r\n  \"author\" : {\r\n    \"@type\" : \"Person\",\r\n    \"name\" : \"Wojciech S\u0105siadek\"\r\n  },\r\n  \"datePublished\" : \"2019-11-30\",\r\n  \"dateModified\" : \"2019-12-10\",\r\n  \"image\" : \"https:\/\/drewmax.net.pl\/wp-content\/uploads\/2019\/07\/wns.png\",\r\n  \"articleBody\" : \"Aby uzupe\u0142ni\u0107 swoj\u0105 ofert\u0119 o dodatkowy  pu\u0142ap wydajno\u015bci, zesp\u00f3\u0142 naszych konstruktor\u00f3w zaprojektowa\u0142 p\u00f3\u0142automatyczn\u0105 linie wa\u017c\u0105co pakuj\u0105c\u0105 typ WN\/S, kt\u00f3ra znalaz\u0142a uznanie w\u015br\u00f3d wielu producent\u00f3w, a ponadto jest doskona\u0142ym uzupe\u0142nieniem gamy naszych produkt\u00f3w.<\/P><P>Linia WN\/S jest p\u00f3\u0142automatycznym urz\u0105dzeniem wa\u017c\u0105co pakuj\u0105cym do produkt\u00f3w <SPAN style=\\\"font-weight: bold;\\\">sypkich\/pylistych<\/SPAN> przy zastosowaniu <SPAN style=\\\"font-weight: bold;\\\">work\u00f3w typu otwartego<\/SPAN>.<\/P><P>Przedstawiona linia wyposa\u017cona jest w odpowiednio ukszta\u0142towany kosz wagowy, kt\u00f3ry nape\u0142niany jest poprzez dozowniki \u015blimakowe o r\u00f3\u017cnych \u015brednicach. Ten rodzaj nawa\u017cania produkt\u00f3w nazywany jest systemem netto.<\/P><P>Dzi\u0119ki takiemu rozwi\u0105zaniu uzyskali\u015bmy wydajno\u015b\u0107 linii dochodz\u0105c\u0105 do <SPAN style=\\\"font-weight: bold;\\\">400 porcji na godzin\u0119<\/SPAN>.\",\r\n  \"url\" : \"https:\/\/drewmax.net.pl\/linie-wazaco-pakujace-1\/wns\/\",\r\n  \"mainEntityOfPage\": {\r\n    \"@type\": \"WebPage\",\r\n    \"@id\": \"https:\/\/drewmax.net.pl\/\"\r\n  },\r\n  \"publisher\" : {\r\n    \"@type\" : \"Organization\",\r\n    \"name\" : \"Przedsi\u0119biorstwo Wielobran\u017cowe Drewmax Tadeusz S\u0105siadek i Wsp\u00f3lnicy Sp\u00f3\u0142ka Jawna\",\r\n\t\"logo\" : {\r\n\t\t\"@type\": \"ImageObject\",\r\n\t\t\"url\": \"https:\/\/drewmax.net.pl\/wp-content\/uploads\/2019\/06\/drewmax-logo_v2-1.png\"\r\n\t}\t\r\n  }\r\n  \r\n}\r\n<\/script>\t\t<\/div>\n\t\t\t\t<\/div>\n\t\t\t\t\t\t<\/div>\n\t\t\t\t\t<\/div>\n\t\t<\/div>\n\t\t\t\t\t\t\t\t<\/div>\n\t\t\t\t\t<\/div>\n\t\t<\/section>\n\t\t\t\t\t\t<\/div>\n\t\t\t\t\t\t<\/div>\n\t\t\t\t\t<\/div>\n\t\t","protected":false},"excerpt":{"rendered":"<p>Linea di pesatura e confezionamento semi-automatica tipo WN\/S Per ampliare la nostra offerta con una maggiore capacit\u00e0 produttiva, il nostro team di progettisti ha sviluppato la linea di pesatura e confezionamento semi-automatica tipo WN\/S, che ha trovato apprezzamento tra molti produttori ed \u00e8 un eccellente complemento alla nostra gamma di prodotti. La linea WN\/S \u00e8&hellip;<\/p>\n","protected":false},"author":1,"featured_media":12133,"parent":0,"menu_order":0,"comment_status":"closed","ping_status":"closed","template":"","meta":[],"yoast_head":"<!-- This site is optimized with the Yoast SEO Premium plugin v15.5 - https:\/\/yoast.com\/wordpress\/plugins\/seo\/ -->\n<title>Wa\u017cenie Pakowanie Paletyzacja Automatyka przemys\u0142owa linie PP PE<\/title>\n<meta name=\"description\" content=\"Wa\u017cenie Pakowanie Paletyzacja Automatyka przemys\u0142owa linie wa\u017c\u0105co - pakuj\u0105ce zbiorniki technologiczne mikrodozowanie linie PP PE\" \/>\n<meta name=\"robots\" content=\"index, follow, max-snippet:-1, max-image-preview:large, max-video-preview:-1\" \/>\n<link rel=\"canonical\" href=\"https:\/\/drewmax.net.pl\/wns\/\" \/>\n<meta property=\"og:locale\" content=\"it_IT\" \/>\n<meta property=\"og:type\" content=\"article\" \/>\n<meta property=\"og:title\" content=\"Wa\u017cenie Pakowanie Paletyzacja Automatyka przemys\u0142owa linie PP PE\" \/>\n<meta property=\"og:description\" content=\"Wa\u017cenie Pakowanie Paletyzacja Automatyka przemys\u0142owa linie wa\u017c\u0105co - pakuj\u0105ce zbiorniki technologiczne mikrodozowanie linie PP PE\" \/>\n<meta property=\"og:url\" content=\"https:\/\/drewmax.net.pl\/wns\/\" \/>\n<meta property=\"og:site_name\" content=\"(Polski) Drewmax - Wa\u017cenie | Pakowanie | Paletyzacja | Automatyka\" \/>\n<meta property=\"article:publisher\" content=\"https:\/\/www.facebook.com\/Drewmax-111641623604429\/\" \/>\n<meta property=\"article:modified_time\" content=\"2026-03-31T10:48:08+00:00\" \/>\n<meta name=\"twitter:card\" content=\"summary_large_image\" \/>\n<meta name=\"twitter:label1\" content=\"Tempo di lettura stimato\">\n\t<meta name=\"twitter:data1\" content=\"9 minuti\">\n<script type=\"application\/ld+json\" class=\"yoast-schema-graph\">{\"@context\":\"https:\/\/schema.org\",\"@graph\":[{\"@type\":\"Organization\",\"@id\":\"https:\/\/drewmax.net.pl\/en\/#organization\",\"name\":\"DREWMAX Sp\\u00f3\\u0142ka z o.o.\",\"url\":\"https:\/\/drewmax.net.pl\/en\/\",\"sameAs\":[\"https:\/\/www.facebook.com\/Drewmax-111641623604429\/\",\"https:\/\/www.instagram.com\/drewmax.net.pl\/\",\"https:\/\/www.youtube.com\/channel\/UCCS8U5F8gSyJAlSWjxgbLRQ\"],\"logo\":{\"@type\":\"ImageObject\",\"@id\":\"https:\/\/drewmax.net.pl\/en\/#logo\",\"inLanguage\":\"it-IT\",\"url\":\"\",\"caption\":\"DREWMAX Sp\\u00f3\\u0142ka z o.o.\"},\"image\":{\"@id\":\"https:\/\/drewmax.net.pl\/en\/#logo\"}},{\"@type\":\"WebSite\",\"@id\":\"https:\/\/drewmax.net.pl\/en\/#website\",\"url\":\"https:\/\/drewmax.net.pl\/en\/\",\"name\":\"(Polski) Drewmax - Wa\\u017cenie | Pakowanie | Paletyzacja | Automatyka\",\"description\":\"\",\"publisher\":{\"@id\":\"https:\/\/drewmax.net.pl\/en\/#organization\"},\"potentialAction\":[{\"@type\":\"SearchAction\",\"target\":\"https:\/\/drewmax.net.pl\/en\/?s={search_term_string}\",\"query-input\":\"required name=search_term_string\"}],\"inLanguage\":\"it-IT\"},{\"@type\":\"ImageObject\",\"@id\":\"https:\/\/drewmax.net.pl\/wns\/#primaryimage\",\"inLanguage\":\"it-IT\",\"url\":\"\"},{\"@type\":\"WebPage\",\"@id\":\"https:\/\/drewmax.net.pl\/wns\/#webpage\",\"url\":\"https:\/\/drewmax.net.pl\/wns\/\",\"name\":\"Wa\\u017cenie Pakowanie Paletyzacja Automatyka przemys\\u0142owa linie PP PE\",\"isPartOf\":{\"@id\":\"https:\/\/drewmax.net.pl\/en\/#website\"},\"primaryImageOfPage\":{\"@id\":\"https:\/\/drewmax.net.pl\/wns\/#primaryimage\"},\"datePublished\":\"2016-07-21T08:43:03+00:00\",\"dateModified\":\"2026-03-31T10:48:08+00:00\",\"description\":\"Wa\\u017cenie Pakowanie Paletyzacja Automatyka przemys\\u0142owa linie wa\\u017c\\u0105co - pakuj\\u0105ce zbiorniki technologiczne mikrodozowanie linie PP PE\",\"breadcrumb\":{\"@id\":\"https:\/\/drewmax.net.pl\/wns\/#breadcrumb\"},\"inLanguage\":\"it-IT\",\"potentialAction\":[{\"@type\":\"ReadAction\",\"target\":[\"https:\/\/drewmax.net.pl\/wns\/\"]}]},{\"@type\":\"BreadcrumbList\",\"@id\":\"https:\/\/drewmax.net.pl\/wns\/#breadcrumb\",\"itemListElement\":[{\"@type\":\"ListItem\",\"position\":1,\"item\":{\"@type\":\"WebPage\",\"@id\":\"https:\/\/drewmax.net.pl\/\",\"url\":\"https:\/\/drewmax.net.pl\/\",\"name\":\"Home\"}},{\"@type\":\"ListItem\",\"position\":2,\"item\":{\"@type\":\"WebPage\",\"@id\":\"https:\/\/drewmax.net.pl\/wns\/\",\"url\":\"https:\/\/drewmax.net.pl\/wns\/\",\"name\":\"P\\u00f3\\u0142automatyczna linia wa\\u017c\\u0105co pakuj\\u0105ca typ WN\/S\"}}]}]}<\/script>\n<!-- \/ Yoast SEO Premium plugin. -->","_links":{"self":[{"href":"https:\/\/drewmax.net.pl\/it\/wp-json\/wp\/v2\/pages\/91"}],"collection":[{"href":"https:\/\/drewmax.net.pl\/it\/wp-json\/wp\/v2\/pages"}],"about":[{"href":"https:\/\/drewmax.net.pl\/it\/wp-json\/wp\/v2\/types\/page"}],"author":[{"embeddable":true,"href":"https:\/\/drewmax.net.pl\/it\/wp-json\/wp\/v2\/users\/1"}],"replies":[{"embeddable":true,"href":"https:\/\/drewmax.net.pl\/it\/wp-json\/wp\/v2\/comments?post=91"}],"version-history":[{"count":115,"href":"https:\/\/drewmax.net.pl\/it\/wp-json\/wp\/v2\/pages\/91\/revisions"}],"predecessor-version":[{"id":32532,"href":"https:\/\/drewmax.net.pl\/it\/wp-json\/wp\/v2\/pages\/91\/revisions\/32532"}],"wp:featuredmedia":[{"embeddable":true,"href":"https:\/\/drewmax.net.pl\/it\/wp-json\/wp\/v2\/media\/12133"}],"wp:attachment":[{"href":"https:\/\/drewmax.net.pl\/it\/wp-json\/wp\/v2\/media?parent=91"}],"curies":[{"name":"wp","href":"https:\/\/api.w.org\/{rel}","templated":true}]}}