{"id":82,"date":"2016-07-21T10:22:25","date_gmt":"2016-07-21T08:22:25","guid":{"rendered":"http:\/\/drewmax.net.pl\/?page_id=82"},"modified":"2025-04-03T13:34:17","modified_gmt":"2025-04-03T11:34:17","slug":"wbs","status":"publish","type":"page","link":"https:\/\/drewmax.net.pl\/it\/wbs\/","title":{"rendered":"(Polski) P\u00f3\u0142automatyczna linia wa\u017c\u0105co-pakuj\u0105ca typ WB\/S"},"content":{"rendered":"\t\t<div data-elementor-type=\"wp-post\" data-elementor-id=\"82\" class=\"elementor elementor-82\" data-elementor-settings=\"[]\">\n\t\t\t\t\t\t<div class=\"elementor-inner\">\n\t\t\t\t\t\t\t<div class=\"elementor-section-wrap\">\n\t\t\t\t\t\t\t<section class=\"elementor-section elementor-top-section elementor-element elementor-element-015f56d elementor-section-boxed elementor-section-height-default elementor-section-height-default\" data-id=\"015f56d\" data-element_type=\"section\" data-settings=\"{&quot;background_background&quot;:&quot;classic&quot;}\">\n\t\t\t\t\t\t<div class=\"elementor-container elementor-column-gap-default\">\n\t\t\t\t\t\t\t<div class=\"elementor-row\">\n\t\t\t\t\t<div class=\"elementor-column elementor-col-100 elementor-top-column elementor-element elementor-element-90ea887\" data-id=\"90ea887\" data-element_type=\"column\">\n\t\t\t<div class=\"elementor-column-wrap elementor-element-populated\">\n\t\t\t\t\t\t\t<div class=\"elementor-widget-wrap\">\n\t\t\t\t\t\t<div class=\"elementor-element elementor-element-e93cecf elementor-widget elementor-widget-heading\" data-id=\"e93cecf\" data-element_type=\"widget\" data-widget_type=\"heading.default\">\n\t\t\t\t<div class=\"elementor-widget-container\">\n\t\t\t<h2 class=\"elementor-heading-title elementor-size-xl\">Linea di pesatura e confezionamento semi-automatica\nTipo WB\/S\n<\/h2>\t\t<\/div>\n\t\t\t\t<\/div>\n\t\t\t\t\t\t<\/div>\n\t\t\t\t\t<\/div>\n\t\t<\/div>\n\t\t\t\t\t\t\t\t<\/div>\n\t\t\t\t\t<\/div>\n\t\t<\/section>\n\t\t\t\t<section class=\"elementor-section elementor-top-section elementor-element elementor-element-cb98bd2 elementor-section-boxed elementor-section-height-default elementor-section-height-default\" data-id=\"cb98bd2\" data-element_type=\"section\" data-settings=\"{&quot;background_background&quot;:&quot;classic&quot;}\">\n\t\t\t\t\t\t<div class=\"elementor-container elementor-column-gap-default\">\n\t\t\t\t\t\t\t<div class=\"elementor-row\">\n\t\t\t\t\t<div class=\"elementor-column elementor-col-100 elementor-top-column elementor-element elementor-element-6724b2c\" data-id=\"6724b2c\" data-element_type=\"column\">\n\t\t\t<div class=\"elementor-column-wrap elementor-element-populated\">\n\t\t\t\t\t\t\t<div class=\"elementor-widget-wrap\">\n\t\t\t\t\t\t<div class=\"elementor-element elementor-element-68c6073 elementor-widget elementor-widget-text-editor\" data-id=\"68c6073\" data-element_type=\"widget\" data-widget_type=\"text-editor.default\">\n\t\t\t\t<div class=\"elementor-widget-container\">\n\t\t\t\t\t\t\t\t<div class=\"elementor-text-editor elementor-clearfix\">\n\t\t\t\t<p><\/p><p>La domanda del mercato ha portato alla progettazione della linea di pesatura e confezionamento semi-automatica tipo WB\/S, che combina la precisione del dosaggio, un prezzo relativamente basso e la semplicit\u00e0 di utilizzo. La linea WB\/S \u00e8 un dispositivo semi-automatico per il pesaggio e confezionamento di prodotti polverosi\/polverosi fini, utilizzando sacchi di tipo aperto. La linea presentata \u00e8 dotata di un sistema di pesatura montato sulla bocca di scarico, noto come sistema a scanalatura, il che significa che il prodotto viene dosato tramite trasportatori a vite di diverse dimensioni direttamente nel packaging.<\/p><p><\/p>\t\t\t\t\t<\/div>\n\t\t\t\t\t\t<\/div>\n\t\t\t\t<\/div>\n\t\t\t\t\t\t<\/div>\n\t\t\t\t\t<\/div>\n\t\t<\/div>\n\t\t\t\t\t\t\t\t<\/div>\n\t\t\t\t\t<\/div>\n\t\t<\/section>\n\t\t\t\t<section class=\"elementor-section elementor-top-section elementor-element elementor-element-248d8ca elementor-hidden-tablet elementor-hidden-phone elementor-section-content-middle elementor-section-boxed elementor-section-height-default elementor-section-height-default\" data-id=\"248d8ca\" data-element_type=\"section\" data-settings=\"{&quot;background_background&quot;:&quot;classic&quot;}\">\n\t\t\t\t\t\t<div class=\"elementor-container elementor-column-gap-default\">\n\t\t\t\t\t\t\t<div class=\"elementor-row\">\n\t\t\t\t\t<div class=\"elementor-column elementor-col-100 elementor-top-column elementor-element elementor-element-8fe5c9b\" data-id=\"8fe5c9b\" data-element_type=\"column\">\n\t\t\t<div class=\"elementor-column-wrap elementor-element-populated\">\n\t\t\t\t\t\t\t<div class=\"elementor-widget-wrap\">\n\t\t\t\t\t\t<div class=\"elementor-element elementor-element-4a47cdd elementor-widget elementor-widget-html\" data-id=\"4a47cdd\" data-element_type=\"widget\" data-widget_type=\"html.default\">\n\t\t\t\t<div class=\"elementor-widget-container\">\n\t\t\t<noscript>\r\n    <img src=\"\/rendery\/wbs\/38.jpg\" alt=\"wbs\">\r\n<\/noscript>\r\n    <div\r\n      class=\"cloudimage-360\"\r\n      data-folder=\"\/rendery\/wbs\/\"\r\n      data-filename=\"{index}.jpg\"\r\n      data-amount=\"72\"\r\n      data-magnifier=\"3\"\r\n      data-spin-reverse\r\n    ><\/div>\r\n    <!-- Add script tag with CDN link to js-cloudimage-360-view lib after all content in body tag -->\r\n    <script src=\"\/rendery\/wbs\/wbs.js\"><\/script>\t\t<\/div>\n\t\t\t\t<\/div>\n\t\t\t\t\t\t<\/div>\n\t\t\t\t\t<\/div>\n\t\t<\/div>\n\t\t\t\t\t\t\t\t<\/div>\n\t\t\t\t\t<\/div>\n\t\t<\/section>\n\t\t\t\t<section class=\"elementor-section elementor-top-section elementor-element elementor-element-ff5a3a7 elementor-section-boxed elementor-section-height-default elementor-section-height-default\" data-id=\"ff5a3a7\" data-element_type=\"section\" data-settings=\"{&quot;background_background&quot;:&quot;classic&quot;}\">\n\t\t\t\t\t\t<div class=\"elementor-container elementor-column-gap-default\">\n\t\t\t\t\t\t\t<div class=\"elementor-row\">\n\t\t\t\t\t<div class=\"elementor-column elementor-col-100 elementor-top-column elementor-element elementor-element-1aa9166\" data-id=\"1aa9166\" data-element_type=\"column\">\n\t\t\t<div class=\"elementor-column-wrap elementor-element-populated\">\n\t\t\t\t\t\t\t<div class=\"elementor-widget-wrap\">\n\t\t\t\t\t\t<div class=\"elementor-element elementor-element-927da56 elementor-widget elementor-widget-text-editor\" data-id=\"927da56\" data-element_type=\"widget\" data-widget_type=\"text-editor.default\">\n\t\t\t\t<div class=\"elementor-widget-container\">\n\t\t\t\t\t\t\t\t<div class=\"elementor-text-editor elementor-clearfix\">\n\t\t\t\t<p><\/p><p data-start=\"0\" data-end=\"42\"><span style=\"text-decoration: underline;\"><strong data-start=\"0\" data-end=\"42\">Componente principali del dispositivo:<\/strong><\/span><\/p><ul data-start=\"44\" data-end=\"592\"><li data-start=\"44\" data-end=\"105\">Struttura di supporto della linea con piattaforma di lavoro<\/li><li data-start=\"106\" data-end=\"151\">Bilancia elettronica di dosaggio tipo lordo<\/li><li data-start=\"152\" data-end=\"169\">Dosatore a vite<\/li><li data-start=\"170\" data-end=\"195\">Bocca di scarico aperta<\/li><li data-start=\"196\" data-end=\"246\">Nastro trasportatore per il trasporto dei sacchi<\/li><li data-start=\"247\" data-end=\"309\">Sistema di regolazione dell&#8217;altezza del nastro trasportatore<\/li><li data-start=\"310\" data-end=\"360\">Sistema di guida della parte superiore del sacco<\/li><li data-start=\"361\" data-end=\"387\">Cucitrice a filo singolo<\/li><li data-start=\"388\" data-end=\"483\">Nastro trasportatore laterale per il prelievo dei sacchi con sistema di inversione dei sacchi<\/li><li data-start=\"484\" data-end=\"554\">Sistema di controllo chiaro basato su PLC Siemens con pannello touch<\/li><li data-start=\"555\" data-end=\"592\">Azionamenti\/servomotori SEW o LENZE<\/li><\/ul><p data-start=\"594\" data-end=\"621\"><span style=\"text-decoration: underline;\"><strong data-start=\"594\" data-end=\"621\">Attrezzatura opzionale:<\/strong><\/span><\/p><ul data-start=\"623\" data-end=\"953\" data-is-only-node=\"\" data-is-last-node=\"\"><li data-start=\"623\" data-end=\"677\">Sistema di piegatura della parte superiore del sacco<\/li><li data-start=\"678\" data-end=\"723\">Sistema di applicazione della banda adesiva<\/li><li data-start=\"724\" data-end=\"771\">Sistema di aspirazione del prodotto nel sacco<\/li><li data-start=\"772\" data-end=\"814\">Sistema di vibrazione del sacco riempito<\/li><li data-start=\"815\" data-end=\"848\">Sistema di pulizia dei dosatori<\/li><li data-start=\"849\" data-end=\"891\">Saldatrice a impulsi o a calore continuo<\/li><li data-start=\"892\" data-end=\"917\">Cucitrice a doppio filo<\/li><li data-start=\"918\" data-end=\"953\" data-is-last-node=\"\">Serbatoio buffer per sovraccarico<\/li><\/ul><p><\/p><\/div>\t\t\t\t\t<\/div>\n\t\t\t\t\t\t<\/div>\n\t\t\t\t<\/div>\n\t\t\t\t<div class=\"elementor-element elementor-element-aff99d3 elementor-widget elementor-widget-spacer\" data-id=\"aff99d3\" data-element_type=\"widget\" data-widget_type=\"spacer.default\">\n\t\t\t\t<div class=\"elementor-widget-container\">\n\t\t\t\t\t<div class=\"elementor-spacer\">\n\t\t\t<div class=\"elementor-spacer-inner\"><\/div>\n\t\t<\/div>\n\t\t\t\t<\/div>\n\t\t\t\t<\/div>\n\t\t\t\t\t\t<\/div>\n\t\t\t\t\t<\/div>\n\t\t<\/div>\n\t\t\t\t<div class=\"elementor-column elementor-col-100 elementor-top-column elementor-element elementor-element-dd8316e\" data-id=\"dd8316e\" data-element_type=\"column\">\n\t\t\t<div class=\"elementor-column-wrap elementor-element-populated\">\n\t\t\t\t\t\t\t<div class=\"elementor-widget-wrap\">\n\t\t\t\t\t\t<div class=\"elementor-element elementor-element-c955754 elementor-widget elementor-widget-text-editor\" data-id=\"c955754\" data-element_type=\"widget\" data-widget_type=\"text-editor.default\">\n\t\t\t\t<div class=\"elementor-widget-container\">\n\t\t\t\t\t\t\t\t<div class=\"elementor-text-editor elementor-clearfix\">\n\t\t\t\t<p><\/p><p data-start=\"0\" data-end=\"33\"><span style=\"text-decoration: underline;\"><strong data-start=\"0\" data-end=\"33\">Parametri tecnici principali:<\/strong><\/span><\/p><ul data-start=\"35\" data-end=\"699\" data-is-only-node=\"\" data-is-last-node=\"\"><li data-start=\"35\" data-end=\"73\">Peso massimo della porzione: 50 kg<\/li><li data-start=\"74\" data-end=\"111\">Peso minimo della porzione: 10 kg<\/li><li data-start=\"112\" data-end=\"262\">Produttivit\u00e0 della linea: fino a 280 porzioni\/ora (a seconda dell&#8217;operatore, delle caratteristiche del prodotto e delle dimensioni della porzione)<\/li><li data-start=\"263\" data-end=\"454\">Tipo di sacchi: aperti, sacchi di carta multistrato (fino a 4 strati), preferibilmente con fondo a busta senza pieghe laterali, sacchi in plastica PE, sacchi in polipropilene PP rivestiti<\/li><li data-start=\"455\" data-end=\"492\">Larghezza del sacco: 450 \u2013 650 mm<\/li><li data-start=\"493\" data-end=\"531\">Lunghezza del sacco: 600 \u2013 1100 mm<\/li><li data-start=\"532\" data-end=\"574\">Alimentazione elettrica: 3 x 400V 50Hz<\/li><li data-start=\"575\" data-end=\"610\">Consumo di potenza: max. 4,5 kW<\/li><li data-start=\"611\" data-end=\"655\">Alimentazione aria compressa: 5 \u2013 10 bar<\/li><li data-start=\"656\" data-end=\"699\" data-is-last-node=\"\">Consumo di aria compressa: 200-400 Nl\/min<\/li><\/ul><p><\/p><\/div>\t\t\t\t\t<\/div>\n\t\t\t\t\t\t<\/div>\n\t\t\t\t<\/div>\n\t\t\t\t\t\t<\/div>\n\t\t\t\t\t<\/div>\n\t\t<\/div>\n\t\t\t\t\t\t\t\t<\/div>\n\t\t\t\t\t<\/div>\n\t\t<\/section>\n\t\t\t\t<section class=\"elementor-section elementor-top-section elementor-element elementor-element-53272b2 elementor-section-boxed elementor-section-height-default elementor-section-height-default\" data-id=\"53272b2\" data-element_type=\"section\" data-settings=\"{&quot;background_background&quot;:&quot;classic&quot;}\">\n\t\t\t\t\t\t<div class=\"elementor-container elementor-column-gap-default\">\n\t\t\t\t\t\t\t<div class=\"elementor-row\">\n\t\t\t\t\t<div class=\"elementor-column elementor-col-100 elementor-top-column elementor-element elementor-element-7587f59\" data-id=\"7587f59\" data-element_type=\"column\">\n\t\t\t<div class=\"elementor-column-wrap elementor-element-populated\">\n\t\t\t\t\t\t\t<div class=\"elementor-widget-wrap\">\n\t\t\t\t\t\t<div class=\"elementor-element elementor-element-7f2876e elementor-align-center elementor-widget elementor-widget-button\" data-id=\"7f2876e\" data-element_type=\"widget\" data-widget_type=\"button.default\">\n\t\t\t\t<div class=\"elementor-widget-container\">\n\t\t\t\t\t<div class=\"elementor-button-wrapper\">\n\t\t\t<a href=\"https:\/\/drewmax.net.pl\/wp-content\/uploads\/2025\/04\/Polautomatyczna-linia-wazaco-pakujaca-WBS_front_IT.pdf\" target=\"_blank\" class=\"elementor-button-link elementor-button elementor-size-lg\" role=\"button\">\n\t\t\t\t\t\t<span class=\"elementor-button-content-wrapper\">\n\t\t\t\t\t\t<span class=\"elementor-button-icon elementor-align-icon-right\">\n\t\t\t\t<i aria-hidden=\"true\" class=\"fas fa-download\"><\/i>\t\t\t<\/span>\n\t\t\t\t\t\t<span class=\"elementor-button-text\">  Scarica la scheda del prodotto<\/span>\n\t\t<\/span>\n\t\t\t\t\t<\/a>\n\t\t<\/div>\n\t\t\t\t<\/div>\n\t\t\t\t<\/div>\n\t\t\t\t\t\t<\/div>\n\t\t\t\t\t<\/div>\n\t\t<\/div>\n\t\t\t\t\t\t\t\t<\/div>\n\t\t\t\t\t<\/div>\n\t\t<\/section>\n\t\t\t\t\t\t<\/div>\n\t\t\t\t\t\t<\/div>\n\t\t\t\t\t<\/div>\n\t\t","protected":false},"excerpt":{"rendered":"<p>Linea di pesatura e confezionamento semi-automatica Tipo WB\/S La domanda del mercato ha portato alla progettazione della linea di pesatura e confezionamento semi-automatica tipo WB\/S, che combina la precisione del dosaggio, un prezzo relativamente basso e la semplicit\u00e0 di utilizzo. La linea WB\/S \u00e8 un dispositivo semi-automatico per il pesaggio e confezionamento di prodotti polverosi\/polverosi&hellip;<\/p>\n","protected":false},"author":1,"featured_media":12103,"parent":0,"menu_order":0,"comment_status":"closed","ping_status":"closed","template":"","meta":[],"yoast_head":"<!-- This site is optimized with the Yoast SEO Premium plugin v15.5 - https:\/\/yoast.com\/wordpress\/plugins\/seo\/ -->\n<title>Wa\u017cenie Pakowanie Paletyzacja Automatyka przemys\u0142owa linie<\/title>\n<meta name=\"description\" content=\"Wa\u017cenie Pakowanie Paletyzacja Automatyka przemys\u0142owa linie wa\u017c\u0105co - pakuj\u0105ce bigbag zbiorniki technologiczne mikrodozowanie linie PP PE\" \/>\n<meta name=\"robots\" content=\"index, follow, max-snippet:-1, max-image-preview:large, max-video-preview:-1\" \/>\n<link rel=\"canonical\" href=\"https:\/\/drewmax.net.pl\/wbs\/\" \/>\n<meta property=\"og:locale\" content=\"it_IT\" \/>\n<meta property=\"og:type\" content=\"article\" \/>\n<meta property=\"og:title\" content=\"Wa\u017cenie Pakowanie Paletyzacja Automatyka przemys\u0142owa linie\" \/>\n<meta property=\"og:description\" content=\"Wa\u017cenie Pakowanie Paletyzacja Automatyka przemys\u0142owa linie wa\u017c\u0105co - pakuj\u0105ce bigbag zbiorniki technologiczne mikrodozowanie linie PP PE\" \/>\n<meta property=\"og:url\" content=\"https:\/\/drewmax.net.pl\/wbs\/\" \/>\n<meta property=\"og:site_name\" content=\"(Polski) Drewmax - Wa\u017cenie | Pakowanie | Paletyzacja | Automatyka\" \/>\n<meta property=\"article:publisher\" content=\"https:\/\/www.facebook.com\/Drewmax-111641623604429\/\" \/>\n<meta property=\"article:modified_time\" content=\"2025-04-03T11:34:17+00:00\" \/>\n<meta name=\"twitter:card\" content=\"summary_large_image\" \/>\n<meta name=\"twitter:label1\" content=\"Tempo di lettura stimato\">\n\t<meta name=\"twitter:data1\" content=\"9 minuti\">\n<script type=\"application\/ld+json\" class=\"yoast-schema-graph\">{\"@context\":\"https:\/\/schema.org\",\"@graph\":[{\"@type\":\"Organization\",\"@id\":\"https:\/\/drewmax.net.pl\/en\/#organization\",\"name\":\"DREWMAX Sp\\u00f3\\u0142ka z o.o.\",\"url\":\"https:\/\/drewmax.net.pl\/en\/\",\"sameAs\":[\"https:\/\/www.facebook.com\/Drewmax-111641623604429\/\",\"https:\/\/www.instagram.com\/drewmax.net.pl\/\",\"https:\/\/www.youtube.com\/channel\/UCCS8U5F8gSyJAlSWjxgbLRQ\"],\"logo\":{\"@type\":\"ImageObject\",\"@id\":\"https:\/\/drewmax.net.pl\/en\/#logo\",\"inLanguage\":\"it-IT\",\"url\":\"\",\"caption\":\"DREWMAX Sp\\u00f3\\u0142ka z o.o.\"},\"image\":{\"@id\":\"https:\/\/drewmax.net.pl\/en\/#logo\"}},{\"@type\":\"WebSite\",\"@id\":\"https:\/\/drewmax.net.pl\/en\/#website\",\"url\":\"https:\/\/drewmax.net.pl\/en\/\",\"name\":\"(Polski) Drewmax - Wa\\u017cenie | Pakowanie | Paletyzacja | Automatyka\",\"description\":\"\",\"publisher\":{\"@id\":\"https:\/\/drewmax.net.pl\/en\/#organization\"},\"potentialAction\":[{\"@type\":\"SearchAction\",\"target\":\"https:\/\/drewmax.net.pl\/en\/?s={search_term_string}\",\"query-input\":\"required name=search_term_string\"}],\"inLanguage\":\"it-IT\"},{\"@type\":\"ImageObject\",\"@id\":\"https:\/\/drewmax.net.pl\/wbs\/#primaryimage\",\"inLanguage\":\"it-IT\",\"url\":\"\"},{\"@type\":\"WebPage\",\"@id\":\"https:\/\/drewmax.net.pl\/wbs\/#webpage\",\"url\":\"https:\/\/drewmax.net.pl\/wbs\/\",\"name\":\"Wa\\u017cenie Pakowanie Paletyzacja Automatyka przemys\\u0142owa linie\",\"isPartOf\":{\"@id\":\"https:\/\/drewmax.net.pl\/en\/#website\"},\"primaryImageOfPage\":{\"@id\":\"https:\/\/drewmax.net.pl\/wbs\/#primaryimage\"},\"datePublished\":\"2016-07-21T08:22:25+00:00\",\"dateModified\":\"2025-04-03T11:34:17+00:00\",\"description\":\"Wa\\u017cenie Pakowanie Paletyzacja Automatyka przemys\\u0142owa linie wa\\u017c\\u0105co - pakuj\\u0105ce bigbag zbiorniki technologiczne mikrodozowanie linie PP PE\",\"breadcrumb\":{\"@id\":\"https:\/\/drewmax.net.pl\/wbs\/#breadcrumb\"},\"inLanguage\":\"it-IT\",\"potentialAction\":[{\"@type\":\"ReadAction\",\"target\":[\"https:\/\/drewmax.net.pl\/wbs\/\"]}]},{\"@type\":\"BreadcrumbList\",\"@id\":\"https:\/\/drewmax.net.pl\/wbs\/#breadcrumb\",\"itemListElement\":[{\"@type\":\"ListItem\",\"position\":1,\"item\":{\"@type\":\"WebPage\",\"@id\":\"https:\/\/drewmax.net.pl\/\",\"url\":\"https:\/\/drewmax.net.pl\/\",\"name\":\"Home\"}},{\"@type\":\"ListItem\",\"position\":2,\"item\":{\"@type\":\"WebPage\",\"@id\":\"https:\/\/drewmax.net.pl\/wbs\/\",\"url\":\"https:\/\/drewmax.net.pl\/wbs\/\",\"name\":\"P\\u00f3\\u0142automatyczna linia wa\\u017c\\u0105co-pakuj\\u0105ca typ WB\/S\"}}]}]}<\/script>\n<!-- \/ Yoast SEO Premium plugin. -->","_links":{"self":[{"href":"https:\/\/drewmax.net.pl\/it\/wp-json\/wp\/v2\/pages\/82"}],"collection":[{"href":"https:\/\/drewmax.net.pl\/it\/wp-json\/wp\/v2\/pages"}],"about":[{"href":"https:\/\/drewmax.net.pl\/it\/wp-json\/wp\/v2\/types\/page"}],"author":[{"embeddable":true,"href":"https:\/\/drewmax.net.pl\/it\/wp-json\/wp\/v2\/users\/1"}],"replies":[{"embeddable":true,"href":"https:\/\/drewmax.net.pl\/it\/wp-json\/wp\/v2\/comments?post=82"}],"version-history":[{"count":153,"href":"https:\/\/drewmax.net.pl\/it\/wp-json\/wp\/v2\/pages\/82\/revisions"}],"predecessor-version":[{"id":32528,"href":"https:\/\/drewmax.net.pl\/it\/wp-json\/wp\/v2\/pages\/82\/revisions\/32528"}],"wp:featuredmedia":[{"embeddable":true,"href":"https:\/\/drewmax.net.pl\/it\/wp-json\/wp\/v2\/media\/12103"}],"wp:attachment":[{"href":"https:\/\/drewmax.net.pl\/it\/wp-json\/wp\/v2\/media?parent=82"}],"curies":[{"name":"wp","href":"https:\/\/api.w.org\/{rel}","templated":true}]}}