{"id":75,"date":"2016-07-21T10:01:09","date_gmt":"2016-07-21T08:01:09","guid":{"rendered":"http:\/\/drewmax.net.pl\/?page_id=75"},"modified":"2025-04-03T13:53:03","modified_gmt":"2025-04-03T11:53:03","slug":"2awns","status":"publish","type":"page","link":"https:\/\/drewmax.net.pl\/it\/2awns\/","title":{"rendered":"Automatyczna linia wa\u017c\u0105co pakuj\u0105ca typ 2aWN\/S"},"content":{"rendered":"\t\t<div data-elementor-type=\"wp-post\" data-elementor-id=\"75\" class=\"elementor elementor-75\" data-elementor-settings=\"[]\">\n\t\t\t\t\t\t<div class=\"elementor-inner\">\n\t\t\t\t\t\t\t<div class=\"elementor-section-wrap\">\n\t\t\t\t\t\t\t<section class=\"elementor-section elementor-top-section elementor-element elementor-element-5c308c6 elementor-section-boxed elementor-section-height-default elementor-section-height-default\" data-id=\"5c308c6\" data-element_type=\"section\" data-settings=\"{&quot;background_background&quot;:&quot;classic&quot;}\">\n\t\t\t\t\t\t<div class=\"elementor-container elementor-column-gap-default\">\n\t\t\t\t\t\t\t<div class=\"elementor-row\">\n\t\t\t\t\t<div class=\"elementor-column elementor-col-100 elementor-top-column elementor-element elementor-element-ba195af\" data-id=\"ba195af\" data-element_type=\"column\">\n\t\t\t<div class=\"elementor-column-wrap elementor-element-populated\">\n\t\t\t\t\t\t\t<div class=\"elementor-widget-wrap\">\n\t\t\t\t\t\t<div class=\"elementor-element elementor-element-de841e7 elementor-widget elementor-widget-heading\" data-id=\"de841e7\" data-element_type=\"widget\" data-widget_type=\"heading.default\">\n\t\t\t\t<div class=\"elementor-widget-container\">\n\t\t\t<h2 class=\"elementor-heading-title elementor-size-xl\">Linea automatica di pesatura e confezionamento 2aWN\/S\n<\/h2>\t\t<\/div>\n\t\t\t\t<\/div>\n\t\t\t\t\t\t<\/div>\n\t\t\t\t\t<\/div>\n\t\t<\/div>\n\t\t\t\t\t\t\t\t<\/div>\n\t\t\t\t\t<\/div>\n\t\t<\/section>\n\t\t\t\t<section class=\"elementor-section elementor-top-section elementor-element elementor-element-dc3706d elementor-section-boxed elementor-section-height-default elementor-section-height-default\" data-id=\"dc3706d\" data-element_type=\"section\" data-settings=\"{&quot;background_background&quot;:&quot;classic&quot;}\">\n\t\t\t\t\t\t<div class=\"elementor-container elementor-column-gap-default\">\n\t\t\t\t\t\t\t<div class=\"elementor-row\">\n\t\t\t\t\t<div class=\"elementor-column elementor-col-100 elementor-top-column elementor-element elementor-element-2c16c70\" data-id=\"2c16c70\" data-element_type=\"column\">\n\t\t\t<div class=\"elementor-column-wrap elementor-element-populated\">\n\t\t\t\t\t\t\t<div class=\"elementor-widget-wrap\">\n\t\t\t\t\t\t<div class=\"elementor-element elementor-element-88542f9 elementor-widget elementor-widget-text-editor\" data-id=\"88542f9\" data-element_type=\"widget\" data-widget_type=\"text-editor.default\">\n\t\t\t\t<div class=\"elementor-widget-container\">\n\t\t\t\t\t\t\t\t<div class=\"elementor-text-editor elementor-clearfix\">\n\t\t\t\t<p><\/p><p data-start=\"34\" data-end=\"195\">La combinazione di tecnologie moderne e componenti delle migliori marche ha permesso di creare la linea automatica di pesatura e confezionamento tipo 2aWN\/S.<\/p><p data-start=\"197\" data-end=\"335\">La linea 2aWN\/S \u00e8 un dispositivo automatico di pesatura e confezionamento per prodotti <strong>sfusi\/polverosi<\/strong>, utilizzando sacchi di <strong>tipo aperto.<\/strong><\/p><p data-start=\"337\" data-end=\"651\" data-is-last-node=\"\" data-is-only-node=\"\">La linea presentata \u00e8 equipaggiata con due cestelli di pesatura, che vengono riempiti alternativamente tramite dosatori a vite di diverse dimensioni. Grazie a questa combinazione di componenti, abbiamo ottenuto un&#8217;alta precisione di pesatura, oltre a una grande produttivit\u00e0 che arriva fino a <strong>800 porzioni all&#8217;ora.<\/strong><\/p><p><\/p>\t\t\t\t\t<\/div>\n\t\t\t\t\t\t<\/div>\n\t\t\t\t<\/div>\n\t\t\t\t\t\t<\/div>\n\t\t\t\t\t<\/div>\n\t\t<\/div>\n\t\t\t\t\t\t\t\t<\/div>\n\t\t\t\t\t<\/div>\n\t\t<\/section>\n\t\t\t\t<section class=\"elementor-section elementor-top-section elementor-element elementor-element-8c4968f elementor-section-boxed elementor-section-height-default elementor-section-height-default\" data-id=\"8c4968f\" data-element_type=\"section\" data-settings=\"{&quot;background_background&quot;:&quot;classic&quot;}\">\n\t\t\t\t\t\t<div class=\"elementor-container elementor-column-gap-default\">\n\t\t\t\t\t\t\t<div class=\"elementor-row\">\n\t\t\t\t\t<div class=\"elementor-column elementor-col-100 elementor-top-column elementor-element elementor-element-d712101\" data-id=\"d712101\" data-element_type=\"column\">\n\t\t\t<div class=\"elementor-column-wrap elementor-element-populated\">\n\t\t\t\t\t\t\t<div class=\"elementor-widget-wrap\">\n\t\t\t\t\t\t<div class=\"elementor-element elementor-element-fc5a39c elementor-widget elementor-widget-html\" data-id=\"fc5a39c\" data-element_type=\"widget\" data-widget_type=\"html.default\">\n\t\t\t\t<div class=\"elementor-widget-container\">\n\t\t\t<noscript>\r\n    <img src=\"\/rendery\/2awns\/1.jpg\" alt=\"2awns\">\r\n<\/noscript>\r\n    <div\r\n      class=\"cloudimage-360\"\r\n      data-folder=\"\/rendery\/2awns\/\"\r\n      data-filename=\"{index}.jpg\"\r\n      data-amount=\"72\"\r\n      data-magnifier=\"3\"\r\n      data-spin-reverse\r\n    ><\/div>\r\n    <!-- Add script tag with CDN link to js-cloudimage-360-view lib after all content in body tag -->\r\n    <script src=\"\/rendery\/wbs\/wbs.js\"><\/script>\t\t<\/div>\n\t\t\t\t<\/div>\n\t\t\t\t\t\t<\/div>\n\t\t\t\t\t<\/div>\n\t\t<\/div>\n\t\t\t\t\t\t\t\t<\/div>\n\t\t\t\t\t<\/div>\n\t\t<\/section>\n\t\t\t\t<section class=\"elementor-section elementor-top-section elementor-element elementor-element-1c7f0a7 elementor-section-boxed elementor-section-height-default elementor-section-height-default\" data-id=\"1c7f0a7\" data-element_type=\"section\" data-settings=\"{&quot;background_background&quot;:&quot;classic&quot;}\">\n\t\t\t\t\t\t<div class=\"elementor-container elementor-column-gap-default\">\n\t\t\t\t\t\t\t<div class=\"elementor-row\">\n\t\t\t\t\t<div class=\"elementor-column elementor-col-100 elementor-top-column elementor-element elementor-element-aba17e0\" data-id=\"aba17e0\" data-element_type=\"column\">\n\t\t\t<div class=\"elementor-column-wrap elementor-element-populated\">\n\t\t\t\t\t\t\t<div class=\"elementor-widget-wrap\">\n\t\t\t\t\t\t<div class=\"elementor-element elementor-element-c954aeb elementor-widget elementor-widget-text-editor\" data-id=\"c954aeb\" data-element_type=\"widget\" data-widget_type=\"text-editor.default\">\n\t\t\t\t<div class=\"elementor-widget-container\">\n\t\t\t\t\t\t\t\t<div class=\"elementor-text-editor elementor-clearfix\">\n\t\t\t\t<p><\/p><p data-start=\"34\" data-end=\"76\"><strong data-start=\"34\" data-end=\"76\">C<span style=\"text-decoration: underline;\">omponenti principali del dispositivo:<\/span><\/strong><\/p><ul data-start=\"78\" data-end=\"816\"><li data-start=\"78\" data-end=\"139\">Struttura di supporto della linea con piattaforma di lavoro<\/li><li data-start=\"140\" data-end=\"195\">Dispositivo automatico per l&#8217;alimentazione dei sacchi<\/li><li data-start=\"196\" data-end=\"254\">Bilancia elettronica per porzionamento tipo netto \u2013 2 pz<\/li><li data-start=\"255\" data-end=\"279\">Dosatore a vite \u2013 2 pz<\/li><li data-start=\"280\" data-end=\"298\">Beccuccio chiuso<\/li><li data-start=\"299\" data-end=\"354\">Sistema di formazione della parte superiore del sacco<\/li><li data-start=\"355\" data-end=\"389\">Carrello di trasporto dei sacchi<\/li><li data-start=\"390\" data-end=\"423\">Nastri trasportatori per sacchi<\/li><li data-start=\"424\" data-end=\"486\">Sistema di regolazione dell&#8217;altezza dei nastri trasportatori<\/li><li data-start=\"487\" data-end=\"537\">Sistema di guida della parte superiore del sacco<\/li><li data-start=\"538\" data-end=\"570\">Sensori di continuit\u00e0 del filo<\/li><li data-start=\"571\" data-end=\"593\">Cucitrice a due fili<\/li><li data-start=\"594\" data-end=\"693\">Nastro trasportatore laterale per la raccolta dei sacchi con sistema di capovolgimento dei sacchi<\/li><li data-start=\"694\" data-end=\"773\">Sistema di controllo chiaro basato su un PLC Siemens con pannello touchscreen<\/li><li data-start=\"774\" data-end=\"816\">Azionamenti\/servoazionamenti SEW o LENZE<\/li><\/ul><p data-start=\"818\" data-end=\"845\"><span style=\"text-decoration: underline;\"><strong data-start=\"818\" data-end=\"845\">Attrezzatura opzionale:<\/strong><\/span><\/p><ul data-start=\"847\" data-end=\"1145\" data-is-only-node=\"\" data-is-last-node=\"\"><li data-start=\"847\" data-end=\"901\">Sistema di piegatura della parte superiore del sacco<\/li><li data-start=\"902\" data-end=\"947\">Sistema di applicazione della banda crepata<\/li><li data-start=\"948\" data-end=\"995\">Sistema di aspirazione del prodotto nel sacco<\/li><li data-start=\"996\" data-end=\"1038\">Sistema di vibrazione del sacco riempito<\/li><li data-start=\"1039\" data-end=\"1072\">Sistema di pulizia dei dosatori<\/li><li data-start=\"1073\" data-end=\"1106\">Saldatrice ad impulsi o termica<\/li><li data-start=\"1107\" data-end=\"1145\" data-is-last-node=\"\">Serbatoio di accumulo per sovrappeso<\/li><\/ul><p><\/p>\t\t\t\t\t<\/div>\n\t\t\t\t\t\t<\/div>\n\t\t\t\t<\/div>\n\t\t\t\t\t\t<\/div>\n\t\t\t\t\t<\/div>\n\t\t<\/div>\n\t\t\t\t<div class=\"elementor-column elementor-col-100 elementor-top-column elementor-element elementor-element-8f1280d\" data-id=\"8f1280d\" data-element_type=\"column\">\n\t\t\t<div class=\"elementor-column-wrap elementor-element-populated\">\n\t\t\t\t\t\t\t<div class=\"elementor-widget-wrap\">\n\t\t\t\t\t\t<div class=\"elementor-element elementor-element-fb10c85 elementor-widget elementor-widget-text-editor\" data-id=\"fb10c85\" data-element_type=\"widget\" data-widget_type=\"text-editor.default\">\n\t\t\t\t<div class=\"elementor-widget-container\">\n\t\t\t\t\t\t\t\t<div class=\"elementor-text-editor elementor-clearfix\">\n\t\t\t\t<p><\/p><p data-start=\"34\" data-end=\"67\"><strong data-start=\"34\" data-end=\"67\">Parametri tecnici principali:<\/strong><\/p><ul><li data-start=\"69\" data-end=\"106\">Massa massima della porzione: 50 kg<\/li><li data-start=\"107\" data-end=\"143\">Massa minima della porzione: 10 kg<\/li><li data-start=\"144\" data-end=\"272\">Capacit\u00e0 della linea: fino a 800 porzioni\/ora (a seconda delle caratteristiche del prodotto e delle dimensioni della porzione)<\/li><li data-start=\"274\" data-end=\"461\">Tipo di sacchi: aperti, sacchi di carta multistrato (fino a 4 strati), consigliati con fondo a busta senza pieghe laterali, sacchi in plastica PE, sacchi in polipropilene PP rivestiti<\/li><li data-start=\"463\" data-end=\"498\">Larghezza del sacco: 450 \u2013 650 mm<\/li><li data-start=\"499\" data-end=\"536\">Lunghezza dei sacchi: 600 \u2013 1100 mm<\/li><li data-start=\"538\" data-end=\"582\">Alimentazione elettrica: 3 x 400 V 50 Hz<\/li><li data-start=\"584\" data-end=\"616\">Potenza richiesta: max. 6 kW<\/li><li data-start=\"618\" data-end=\"662\">Alimentazione aria compressa: 5 \u2013 10 bar<\/li><li data-start=\"664\" data-end=\"705\">Consumo di aria compressa: 650 Nl\/min<\/li><\/ul><p><\/p>\t\t\t\t\t<\/div>\n\t\t\t\t\t\t<\/div>\n\t\t\t\t<\/div>\n\t\t\t\t\t\t<\/div>\n\t\t\t\t\t<\/div>\n\t\t<\/div>\n\t\t\t\t\t\t\t\t<\/div>\n\t\t\t\t\t<\/div>\n\t\t<\/section>\n\t\t\t\t<section class=\"elementor-section elementor-top-section elementor-element elementor-element-2cce627 elementor-section-boxed elementor-section-height-default elementor-section-height-default\" data-id=\"2cce627\" data-element_type=\"section\" data-settings=\"{&quot;background_background&quot;:&quot;classic&quot;}\">\n\t\t\t\t\t\t<div class=\"elementor-container elementor-column-gap-default\">\n\t\t\t\t\t\t\t<div class=\"elementor-row\">\n\t\t\t\t\t<div class=\"elementor-column elementor-col-100 elementor-top-column elementor-element elementor-element-6cf8a32\" data-id=\"6cf8a32\" data-element_type=\"column\">\n\t\t\t<div class=\"elementor-column-wrap elementor-element-populated\">\n\t\t\t\t\t\t\t<div class=\"elementor-widget-wrap\">\n\t\t\t\t\t\t<div class=\"elementor-element elementor-element-73489b5 elementor-align-center elementor-widget elementor-widget-button\" data-id=\"73489b5\" data-element_type=\"widget\" data-widget_type=\"button.default\">\n\t\t\t\t<div class=\"elementor-widget-container\">\n\t\t\t\t\t<div class=\"elementor-button-wrapper\">\n\t\t\t<a href=\"https:\/\/drewmax.net.pl\/wp-content\/uploads\/2025\/04\/Automatyczna-linia-wazaco-pakujaca-typ-2aWNS_front_IT.pdf\" target=\"_blank\" class=\"elementor-button-link elementor-button elementor-size-lg\" role=\"button\">\n\t\t\t\t\t\t<span class=\"elementor-button-content-wrapper\">\n\t\t\t\t\t\t<span class=\"elementor-button-icon elementor-align-icon-right\">\n\t\t\t\t<i aria-hidden=\"true\" class=\"fas fa-download\"><\/i>\t\t\t<\/span>\n\t\t\t\t\t\t<span class=\"elementor-button-text\"> Scarica la scheda del prodotto<\/span>\n\t\t<\/span>\n\t\t\t\t\t<\/a>\n\t\t<\/div>\n\t\t\t\t<\/div>\n\t\t\t\t<\/div>\n\t\t\t\t\t\t<\/div>\n\t\t\t\t\t<\/div>\n\t\t<\/div>\n\t\t\t\t\t\t\t\t<\/div>\n\t\t\t\t\t<\/div>\n\t\t<\/section>\n\t\t\t\t<section class=\"elementor-section elementor-top-section elementor-element elementor-element-8d0d3a2 elementor-section-boxed elementor-section-height-default elementor-section-height-default\" data-id=\"8d0d3a2\" data-element_type=\"section\" data-settings=\"{&quot;background_background&quot;:&quot;classic&quot;}\">\n\t\t\t\t\t\t<div class=\"elementor-container elementor-column-gap-default\">\n\t\t\t\t\t\t\t<div class=\"elementor-row\">\n\t\t\t\t\t<div class=\"elementor-column elementor-col-100 elementor-top-column elementor-element elementor-element-c6cb73a\" data-id=\"c6cb73a\" data-element_type=\"column\">\n\t\t\t<div class=\"elementor-column-wrap elementor-element-populated\">\n\t\t\t\t\t\t\t<div class=\"elementor-widget-wrap\">\n\t\t\t\t\t\t<div class=\"elementor-element elementor-element-6ae96b7 elementor-widget elementor-widget-html\" data-id=\"6ae96b7\" data-element_type=\"widget\" data-widget_type=\"html.default\">\n\t\t\t\t<div class=\"elementor-widget-container\">\n\t\t\t<script type=\"application\/ld+json\">\r\n{\r\n  \"@context\" : \"http:\/\/schema.org\",\r\n  \"@type\" : \"Product\",\r\n  \"name\" : \"Automatyczna linia wa\u017c\u0105co pakuj\u0105ca typ 2aWN\/S\",\r\n  \"image\" : \"https:\/\/drewmax.net.pl\/wp-content\/uploads\/2019\/07\/2awns.png\",\r\n  \"description\" : \"Podstawowe podzespo\u0142y urz\u0105dzenia:<BR\/> \u2022 Konstrukcja wsporcza linii z podestem obs\u0142ugowym<BR\/> \u2022 Urz\u0105dzenie automatycznie podaj\u0105ce worki<BR\/> \u2022 Elektroniczna waga porcjuj\u0105ca typu netto \u2013 1szt<BR\/> \u2022 Dozownik ta\u015bmowy \u2013 1szt<BR\/> \u2022 Ustnik zamkni\u0119ty<\/P><P>\u2022 Uk\u0142ad formowania g\u00f3rnej cz\u0119\u015bci worka<BR\/> \u2022 W\u00f3zek transportuj\u0105cy worki<BR\/> \u2022 Ta\u015bmoci\u0105g transportuj\u0105cy worki<BR\/> \u2022 Uk\u0142ad regulacji wysoko\u015bci ta\u015bmoci\u0105gu transportuj\u0105cego<BR\/> \u2022 Uk\u0142ad prowadzenia g\u00f3rnej cz\u0119\u015bci worka<BR\/> \u2022 Czujniki ci\u0105g\u0142o\u015bci nitki<BR\/> \u2022 Zaszywarka dwunitkowa<BR\/> \u2022 Ta\u015bmoci\u0105g boczny odbieraj\u0105cy worki z uk\u0142adem wywracania work\u00f3w<BR\/> \u2022 Czytelny System sterowania oparty na sterowniku PLC Siemens z panelem dotykowym<BR\/> \u2022 Zastosowane nap\u0119dy\/serwonap\u0119dy SEW lub LENZE\",\r\n  \"brand\" : {\r\n    \"@type\" : \"Brand\",\r\n    \"name\" : \"DREWMAX\",\r\n    \"logo\" : \"https:\/\/drewmax.net.pl\/wp-content\/uploads\/2019\/06\/drewmax-logo_v2-1.png\"\r\n  },\r\n  \"sku\" : \"2aWN\/S\",\r\n  \"identifier\": {\r\n \"@type\": \"PropertyValue\",\r\n   \"propertyID\": \"Model\",\r\n   \"value\":  \"2aWN\/S\"\r\n   },\r\n \"aggregateRating\": {\r\n    \"@type\": \"AggregateRating\",\r\n    \"ratingValue\": \"4.9\",\r\n    \"reviewCount\": \"50\"\r\n  },\r\n   \"offers\": {\r\n    \"@type\": \"AggregateOffer\",\r\n    \"lowPrice\": 460000.0000,\r\n    \"highPrice\": 700000.0000,\r\n    \"priceCurrency\": \"PLN\",\r\n    \"itemCondition\": \"NewCondition\",\r\n\t\"offerCount\": \"5\"\r\n  },\r\n  \"review\": {\r\n    \"@type\": \"Review\",\r\n    \"author\": \"Wojciech\",\r\n    \"datePublished\": \"2019-11-30\",\r\n    \"name\": \"Drewmax | Maszyny pakuj\u0105ce - referencje\",\r\n    \"reviewBody\": \"Zapytaj nas o referencje lub zajrzyj na stron\u0119\"\r\n  },\r\n  \"mpn\" : \"2aWN\/S\"\r\n}\r\n<\/script>\r\n\r\n<script type=\"application\/ld+json\">\r\n{\r\n  \"@context\" : \"http:\/\/schema.org\",\r\n  \"@type\" : \"Article\",\r\n  \"name\" : \"Automatyczna linia wa\u017c\u0105co pakuj\u0105ca typ 2aWN\/S\",\r\n  \"headline\" : \"Automatyczna linia wa\u017c\u0105co pakujaca do produkt\u00f3w sypkich\/granulowanych!\",\r\n  \"author\" : {\r\n    \"@type\" : \"Person\",\r\n    \"name\" : \"Wojciech S\u0105siadek\"\r\n  },\r\n  \"datePublished\" : \"2019-11-30\",\r\n  \"dateModified\" : \"2019-12-10\",\r\n  \"image\" : \"https:\/\/drewmax.net.pl\/wp-content\/uploads\/2019\/07\/2awns.png\",\r\n  \"articleBody\" : \"Po\u0142\u0105czenie nowoczesnych technologii oraz podzespo\u0142y najlepszych marek pozwoli\u0142y stworzy\u0107 automatyczn\u0105 lini\u0119 wa\u017c\u0105co pakuj\u0105c\u0105 typ 2aWN\/S.<\/P><P>Linia 2aWN\/S jest automatycznym urz\u0105dzeniem wa\u017c\u0105co pakuj\u0105cym do produkt\u00f3w <SPAN style=\\\"font-weight: bold;\\\">sypkich\/pylistych<\/SPAN> przy zastosowaniu <SPAN style=\\\"font-weight: bold;\\\">work\u00f3w typu otwartego<\/SPAN>.<\/P><P>Przedstawiona linia wyposa\u017cona jest w dwa kosze wagowe, kt\u00f3re naprzemiennie s\u0105 nape\u0142niane poprzez dozowniki \u015blimakowe o r\u00f3\u017cnych \u015brednicach. Dzi\u0119ki takiemu zestawieniu podzespo\u0142\u00f3w uzyskali\u015bmy wysok\u0105 precyzj\u0119 nawa\u017cania,<BR\/>a tak\u017ce du\u017c\u0105 wydajno\u015b\u0107  dochodz\u0105c\u0105 do  <SPAN style=\\\"font-weight: bold;\\\">800 porcji na godzin\u0119\",\r\n  \"url\" : \"https:\/\/drewmax.net.pl\/linie-wazaco-pakujace-1\/2awns\/\",\r\n  \"mainEntityOfPage\": {\r\n    \"@type\": \"WebPage\",\r\n    \"@id\": \"https:\/\/drewmax.net.pl\/\"\r\n  },\r\n  \"publisher\" : {\r\n    \"@type\" : \"Organization\",\r\n    \"name\" : \"Przedsi\u0119biorstwo Wielobran\u017cowe Drewmax Tadeusz S\u0105siadek i Wsp\u00f3lnicy Sp\u00f3\u0142ka Jawna\",\r\n\t\"logo\" : {\r\n\t\t\"@type\": \"ImageObject\",\r\n\t\t\"url\": \"https:\/\/drewmax.net.pl\/wp-content\/uploads\/2019\/06\/drewmax-logo_v2-1.png\"\r\n\t}\t\r\n  }\r\n  \r\n}\r\n<\/script>\t\t<\/div>\n\t\t\t\t<\/div>\n\t\t\t\t\t\t<\/div>\n\t\t\t\t\t<\/div>\n\t\t<\/div>\n\t\t\t\t\t\t\t\t<\/div>\n\t\t\t\t\t<\/div>\n\t\t<\/section>\n\t\t\t\t\t\t<\/div>\n\t\t\t\t\t\t<\/div>\n\t\t\t\t\t<\/div>\n\t\t","protected":false},"excerpt":{"rendered":"<p>Linea automatica di pesatura e confezionamento 2aWN\/S La combinazione di tecnologie moderne e componenti delle migliori marche ha permesso di creare la linea automatica di pesatura e confezionamento tipo 2aWN\/S. La linea 2aWN\/S \u00e8 un dispositivo automatico di pesatura e confezionamento per prodotti sfusi\/polverosi, utilizzando sacchi di tipo aperto. La linea presentata \u00e8 equipaggiata con&hellip;<\/p>\n","protected":false},"author":1,"featured_media":12148,"parent":0,"menu_order":0,"comment_status":"closed","ping_status":"closed","template":"","meta":[],"yoast_head":"<!-- This site is optimized with the Yoast SEO Premium plugin v15.5 - https:\/\/yoast.com\/wordpress\/plugins\/seo\/ -->\n<title>Wa\u017cenie Pakowanie Paletyzacja Automatyka przemys\u0142owa bigbag linia<\/title>\n<meta name=\"description\" content=\"Wa\u017cenie Pakowanie Paletyzacja Automatyka przemys\u0142owa bigbag linie wa\u017c\u0105co - pakuj\u0105ce zbiorniki technologiczne mikrodozowanie linie PP PE\" \/>\n<meta name=\"robots\" content=\"index, follow, max-snippet:-1, max-image-preview:large, max-video-preview:-1\" \/>\n<link rel=\"canonical\" href=\"https:\/\/drewmax.net.pl\/2awns\/\" \/>\n<meta property=\"og:locale\" content=\"it_IT\" \/>\n<meta property=\"og:type\" content=\"article\" \/>\n<meta property=\"og:title\" content=\"Wa\u017cenie Pakowanie Paletyzacja Automatyka przemys\u0142owa bigbag linia\" \/>\n<meta property=\"og:description\" content=\"Wa\u017cenie Pakowanie Paletyzacja Automatyka przemys\u0142owa bigbag linie wa\u017c\u0105co - pakuj\u0105ce zbiorniki technologiczne mikrodozowanie linie PP PE\" \/>\n<meta property=\"og:url\" content=\"https:\/\/drewmax.net.pl\/2awns\/\" \/>\n<meta property=\"og:site_name\" content=\"(Polski) Drewmax - Wa\u017cenie | Pakowanie | Paletyzacja | Automatyka\" \/>\n<meta property=\"article:publisher\" content=\"https:\/\/www.facebook.com\/Drewmax-111641623604429\/\" \/>\n<meta property=\"article:modified_time\" content=\"2025-04-03T11:53:03+00:00\" \/>\n<meta name=\"twitter:card\" content=\"summary_large_image\" \/>\n<meta name=\"twitter:label1\" content=\"Tempo di lettura stimato\">\n\t<meta name=\"twitter:data1\" content=\"9 minuti\">\n<script type=\"application\/ld+json\" class=\"yoast-schema-graph\">{\"@context\":\"https:\/\/schema.org\",\"@graph\":[{\"@type\":\"Organization\",\"@id\":\"https:\/\/drewmax.net.pl\/en\/#organization\",\"name\":\"DREWMAX Sp\\u00f3\\u0142ka z o.o.\",\"url\":\"https:\/\/drewmax.net.pl\/en\/\",\"sameAs\":[\"https:\/\/www.facebook.com\/Drewmax-111641623604429\/\",\"https:\/\/www.instagram.com\/drewmax.net.pl\/\",\"https:\/\/www.youtube.com\/channel\/UCCS8U5F8gSyJAlSWjxgbLRQ\"],\"logo\":{\"@type\":\"ImageObject\",\"@id\":\"https:\/\/drewmax.net.pl\/en\/#logo\",\"inLanguage\":\"it-IT\",\"url\":\"\",\"caption\":\"DREWMAX Sp\\u00f3\\u0142ka z o.o.\"},\"image\":{\"@id\":\"https:\/\/drewmax.net.pl\/en\/#logo\"}},{\"@type\":\"WebSite\",\"@id\":\"https:\/\/drewmax.net.pl\/en\/#website\",\"url\":\"https:\/\/drewmax.net.pl\/en\/\",\"name\":\"(Polski) Drewmax - Wa\\u017cenie | Pakowanie | Paletyzacja | Automatyka\",\"description\":\"\",\"publisher\":{\"@id\":\"https:\/\/drewmax.net.pl\/en\/#organization\"},\"potentialAction\":[{\"@type\":\"SearchAction\",\"target\":\"https:\/\/drewmax.net.pl\/en\/?s={search_term_string}\",\"query-input\":\"required name=search_term_string\"}],\"inLanguage\":\"it-IT\"},{\"@type\":\"ImageObject\",\"@id\":\"https:\/\/drewmax.net.pl\/2awns\/#primaryimage\",\"inLanguage\":\"it-IT\",\"url\":\"\"},{\"@type\":\"WebPage\",\"@id\":\"https:\/\/drewmax.net.pl\/2awns\/#webpage\",\"url\":\"https:\/\/drewmax.net.pl\/2awns\/\",\"name\":\"Wa\\u017cenie Pakowanie Paletyzacja Automatyka przemys\\u0142owa bigbag linia\",\"isPartOf\":{\"@id\":\"https:\/\/drewmax.net.pl\/en\/#website\"},\"primaryImageOfPage\":{\"@id\":\"https:\/\/drewmax.net.pl\/2awns\/#primaryimage\"},\"datePublished\":\"2016-07-21T08:01:09+00:00\",\"dateModified\":\"2025-04-03T11:53:03+00:00\",\"description\":\"Wa\\u017cenie Pakowanie Paletyzacja Automatyka przemys\\u0142owa bigbag linie wa\\u017c\\u0105co - pakuj\\u0105ce zbiorniki technologiczne mikrodozowanie linie PP PE\",\"breadcrumb\":{\"@id\":\"https:\/\/drewmax.net.pl\/2awns\/#breadcrumb\"},\"inLanguage\":\"it-IT\",\"potentialAction\":[{\"@type\":\"ReadAction\",\"target\":[\"https:\/\/drewmax.net.pl\/2awns\/\"]}]},{\"@type\":\"BreadcrumbList\",\"@id\":\"https:\/\/drewmax.net.pl\/2awns\/#breadcrumb\",\"itemListElement\":[{\"@type\":\"ListItem\",\"position\":1,\"item\":{\"@type\":\"WebPage\",\"@id\":\"https:\/\/drewmax.net.pl\/\",\"url\":\"https:\/\/drewmax.net.pl\/\",\"name\":\"Home\"}},{\"@type\":\"ListItem\",\"position\":2,\"item\":{\"@type\":\"WebPage\",\"@id\":\"https:\/\/drewmax.net.pl\/2awns\/\",\"url\":\"https:\/\/drewmax.net.pl\/2awns\/\",\"name\":\"Automatyczna linia wa\\u017c\\u0105co pakuj\\u0105ca typ 2aWN\/S\"}}]}]}<\/script>\n<!-- \/ Yoast SEO Premium plugin. -->","_links":{"self":[{"href":"https:\/\/drewmax.net.pl\/it\/wp-json\/wp\/v2\/pages\/75"}],"collection":[{"href":"https:\/\/drewmax.net.pl\/it\/wp-json\/wp\/v2\/pages"}],"about":[{"href":"https:\/\/drewmax.net.pl\/it\/wp-json\/wp\/v2\/types\/page"}],"author":[{"embeddable":true,"href":"https:\/\/drewmax.net.pl\/it\/wp-json\/wp\/v2\/users\/1"}],"replies":[{"embeddable":true,"href":"https:\/\/drewmax.net.pl\/it\/wp-json\/wp\/v2\/comments?post=75"}],"version-history":[{"count":89,"href":"https:\/\/drewmax.net.pl\/it\/wp-json\/wp\/v2\/pages\/75\/revisions"}],"predecessor-version":[{"id":32252,"href":"https:\/\/drewmax.net.pl\/it\/wp-json\/wp\/v2\/pages\/75\/revisions\/32252"}],"wp:featuredmedia":[{"embeddable":true,"href":"https:\/\/drewmax.net.pl\/it\/wp-json\/wp\/v2\/media\/12148"}],"wp:attachment":[{"href":"https:\/\/drewmax.net.pl\/it\/wp-json\/wp\/v2\/media?parent=75"}],"curies":[{"name":"wp","href":"https:\/\/api.w.org\/{rel}","templated":true}]}}