{"id":417,"date":"2016-08-18T13:22:47","date_gmt":"2016-08-18T11:22:47","guid":{"rendered":"http:\/\/drewmax.net.pl\/?page_id=417"},"modified":"2025-03-25T12:25:48","modified_gmt":"2025-03-25T11:25:48","slug":"awns","status":"publish","type":"page","link":"https:\/\/drewmax.net.pl\/it\/awns\/","title":{"rendered":"Automatyczna linia wa\u017c\u0105co pakuj\u0105ca typ aWN\/S"},"content":{"rendered":"\t\t<div data-elementor-type=\"wp-post\" data-elementor-id=\"417\" class=\"elementor elementor-417\" data-elementor-settings=\"[]\">\n\t\t\t\t\t\t<div class=\"elementor-inner\">\n\t\t\t\t\t\t\t<div class=\"elementor-section-wrap\">\n\t\t\t\t\t\t\t<section class=\"elementor-section elementor-top-section elementor-element elementor-element-9c2f3ea elementor-section-boxed elementor-section-height-default elementor-section-height-default\" data-id=\"9c2f3ea\" data-element_type=\"section\" data-settings=\"{&quot;background_background&quot;:&quot;classic&quot;}\">\n\t\t\t\t\t\t<div class=\"elementor-container elementor-column-gap-default\">\n\t\t\t\t\t\t\t<div class=\"elementor-row\">\n\t\t\t\t\t<div class=\"elementor-column elementor-col-100 elementor-top-column elementor-element elementor-element-219b6c7\" data-id=\"219b6c7\" data-element_type=\"column\">\n\t\t\t<div class=\"elementor-column-wrap elementor-element-populated\">\n\t\t\t\t\t\t\t<div class=\"elementor-widget-wrap\">\n\t\t\t\t\t\t<div class=\"elementor-element elementor-element-1706815 elementor-widget elementor-widget-heading\" data-id=\"1706815\" data-element_type=\"widget\" data-widget_type=\"heading.default\">\n\t\t\t\t<div class=\"elementor-widget-container\">\n\t\t\t<h2 class=\"elementor-heading-title elementor-size-xl\">Linea automatica di pesatura e confezionamento tipo aWN\/S\n<\/h2>\t\t<\/div>\n\t\t\t\t<\/div>\n\t\t\t\t\t\t<\/div>\n\t\t\t\t\t<\/div>\n\t\t<\/div>\n\t\t\t\t\t\t\t\t<\/div>\n\t\t\t\t\t<\/div>\n\t\t<\/section>\n\t\t\t\t<section class=\"elementor-section elementor-top-section elementor-element elementor-element-30b1f667 elementor-section-boxed elementor-section-height-default elementor-section-height-default\" data-id=\"30b1f667\" data-element_type=\"section\" data-settings=\"{&quot;background_background&quot;:&quot;classic&quot;}\">\n\t\t\t\t\t\t<div class=\"elementor-container elementor-column-gap-default\">\n\t\t\t\t\t\t\t<div class=\"elementor-row\">\n\t\t\t\t\t<div class=\"elementor-column elementor-col-50 elementor-top-column elementor-element elementor-element-379c5b4d\" data-id=\"379c5b4d\" data-element_type=\"column\">\n\t\t\t<div class=\"elementor-column-wrap elementor-element-populated\">\n\t\t\t\t\t\t\t<div class=\"elementor-widget-wrap\">\n\t\t\t\t\t\t<div class=\"elementor-element elementor-element-13618547 elementor-widget elementor-widget-text-editor\" data-id=\"13618547\" data-element_type=\"widget\" data-widget_type=\"text-editor.default\">\n\t\t\t\t<div class=\"elementor-widget-container\">\n\t\t\t\t\t\t\t\t<div class=\"elementor-text-editor elementor-clearfix\">\n\t\t\t\t<p><\/p><p data-start=\"0\" data-end=\"166\">L&#8217;integrazione delle tecnologie moderne e dei componenti delle migliori marche ha permesso di creare la linea automatica di pesatura e confezionamento tipo aWN\/S.<\/p><p data-start=\"168\" data-end=\"624\" data-is-last-node=\"\" data-is-only-node=\"\">La linea aWN\/S \u00e8 un dispositivo automatico per il pesaggio e confezionamento di prodotti <strong>polverosi\/granulati<\/strong>, utilizzando sacchi di <strong>tipo aperto. <\/strong><\/p><p data-start=\"168\" data-end=\"624\" data-is-last-node=\"\" data-is-only-node=\"\">La linea presentata \u00e8 dotata di due serbatoi di pesatura, che vengono riempiti alternativamente tramite dosatori a vite di diverse dimensioni.<\/p><p data-start=\"168\" data-end=\"624\" data-is-last-node=\"\" data-is-only-node=\"\">Grazie a questa combinazione di componenti, abbiamo ottenuto un&#8217;alta precisione nel dosaggio e una grande produttivit\u00e0, che pu\u00f2 raggiungere fino a <strong>450 porzioni all&#8217;ora.<\/strong><\/p><p style=\"font-variant-ligatures: normal; font-variant-caps: normal; font-size: 13px;\"><\/p><p><span style=\"background-color: rgba(255, 255, 255, 0);\">\u00a0<\/span><\/p>\t\t\t\t\t<\/div>\n\t\t\t\t\t\t<\/div>\n\t\t\t\t<\/div>\n\t\t\t\t\t\t<\/div>\n\t\t\t\t\t<\/div>\n\t\t<\/div>\n\t\t\t\t<div class=\"elementor-column elementor-col-50 elementor-top-column elementor-element elementor-element-96fec92\" data-id=\"96fec92\" data-element_type=\"column\">\n\t\t\t<div class=\"elementor-column-wrap elementor-element-populated\">\n\t\t\t\t\t\t\t<div class=\"elementor-widget-wrap\">\n\t\t\t\t\t\t<div class=\"elementor-element elementor-element-9e5e196 elementor-widget elementor-widget-text-editor\" data-id=\"9e5e196\" data-element_type=\"widget\" data-widget_type=\"text-editor.default\">\n\t\t\t\t<div class=\"elementor-widget-container\">\n\t\t\t\t\t\t\t\t<div class=\"elementor-text-editor elementor-clearfix\">\n\t\t\t\t<p><img loading=\"lazy\" class=\"alignnone size-medium wp-image-16083\" src=\"https:\/\/drewmax.net.pl\/wp-content\/uploads\/2020\/10\/2awns-3-220x300.png\" alt=\"\" width=\"220\" height=\"300\" srcset=\"https:\/\/drewmax.net.pl\/wp-content\/uploads\/2020\/10\/2awns-3-220x300.png 220w, https:\/\/drewmax.net.pl\/wp-content\/uploads\/2020\/10\/2awns-3.png 543w\" sizes=\"(max-width: 220px) 100vw, 220px\" \/><\/p>\t\t\t\t\t<\/div>\n\t\t\t\t\t\t<\/div>\n\t\t\t\t<\/div>\n\t\t\t\t\t\t<\/div>\n\t\t\t\t\t<\/div>\n\t\t<\/div>\n\t\t\t\t\t\t\t\t<\/div>\n\t\t\t\t\t<\/div>\n\t\t<\/section>\n\t\t\t\t<section class=\"elementor-section elementor-top-section elementor-element elementor-element-c94fd1b elementor-section-boxed elementor-section-height-default elementor-section-height-default\" data-id=\"c94fd1b\" data-element_type=\"section\" data-settings=\"{&quot;background_background&quot;:&quot;classic&quot;}\">\n\t\t\t\t\t\t<div class=\"elementor-container elementor-column-gap-default\">\n\t\t\t\t\t\t\t<div class=\"elementor-row\">\n\t\t\t\t\t<div class=\"elementor-column elementor-col-50 elementor-top-column elementor-element elementor-element-b039453\" data-id=\"b039453\" data-element_type=\"column\">\n\t\t\t<div class=\"elementor-column-wrap elementor-element-populated\">\n\t\t\t\t\t\t\t<div class=\"elementor-widget-wrap\">\n\t\t\t\t\t\t<div class=\"elementor-element elementor-element-b6f4539 elementor-widget elementor-widget-text-editor\" data-id=\"b6f4539\" data-element_type=\"widget\" data-widget_type=\"text-editor.default\">\n\t\t\t\t<div class=\"elementor-widget-container\">\n\t\t\t\t\t\t\t\t<div class=\"elementor-text-editor elementor-clearfix\">\n\t\t\t\t<p style=\"font-variant-ligatures: normal; font-variant-caps: normal; font-size: 13px;\"><span style=\"background-color: rgba(255, 255, 255, 0);\"><\/p><p data-start=\"0\" data-end=\"42\"><span style=\"text-decoration: underline;\"><strong data-start=\"0\" data-end=\"42\">Componente principali del dispositivo:<\/strong><\/span><\/p><ul data-start=\"44\" data-end=\"821\"><li data-start=\"44\" data-end=\"107\">Struttura di supporto della linea con piattaforma di lavoro<\/li><li data-start=\"108\" data-end=\"162\">Dispositivo automatico di alimentazione dei sacchi<\/li><li data-start=\"163\" data-end=\"220\">Bilancia elettronica di dosaggio tipo netto \u2013 1 unit\u00e0<\/li><li data-start=\"221\" data-end=\"250\">Dosatore a vite \u2013 1 unit\u00e0<\/li><li data-start=\"251\" data-end=\"278\">Bocca di scarico chiusa<\/li><li data-start=\"279\" data-end=\"335\">Sistema di formatura della parte superiore del sacco<\/li><li data-start=\"336\" data-end=\"376\">Carrello per il trasporto dei sacchi<\/li><li data-start=\"377\" data-end=\"429\">Nastro trasportatore per il trasporto dei sacchi<\/li><li data-start=\"430\" data-end=\"494\">Sistema di regolazione dell&#8217;altezza del nastro trasportatore<\/li><li data-start=\"495\" data-end=\"547\">Sistema di guida della parte superiore del sacco<\/li><li data-start=\"548\" data-end=\"582\">Sensori di continuit\u00e0 del filo<\/li><li data-start=\"583\" data-end=\"610\">Cucitrice a doppio filo<\/li><li data-start=\"611\" data-end=\"708\">Nastro trasportatore laterale per il prelievo dei sacchi con sistema di inversione dei sacchi<\/li><li data-start=\"709\" data-end=\"781\">Sistema di controllo chiaro basato su PLC Siemens con pannello touch<\/li><li data-start=\"782\" data-end=\"821\">Azionamenti\/servomotori SEW o LENZE<\/li><\/ul><p data-start=\"823\" data-end=\"850\"><span style=\"text-decoration: underline;\"><strong data-start=\"823\" data-end=\"850\">Attrezzatura opzionale:<\/strong><\/span><\/p><ul data-start=\"852\" data-end=\"1168\" data-is-last-node=\"\" data-is-only-node=\"\"><li data-start=\"852\" data-end=\"908\">Sistema di piegatura della parte superiore del sacco<\/li><li data-start=\"909\" data-end=\"956\">Sistema di applicazione della banda adesiva<\/li><li data-start=\"957\" data-end=\"1006\">Sistema di aspirazione del prodotto nel sacco<\/li><li data-start=\"1007\" data-end=\"1051\">Sistema di vibrazione del sacco riempito<\/li><li data-start=\"1052\" data-end=\"1087\">Sistema di pulizia dei dosatori<\/li><li data-start=\"1088\" data-end=\"1132\">Saldatrice a impulsi o a calore continuo<\/li><li data-start=\"1133\" data-end=\"1168\" data-is-last-node=\"\">Serbatoio buffer per sovraccarico<\/li><\/ul><p dir=\"ltr\" style=\"font-variant-ligatures: normal; font-variant-caps: normal; font-size: 13px;\" data-placeholder=\"T\u0142umaczenie\"><\/p>\t\t\t\t\t<\/div>\n\t\t\t\t\t\t<\/div>\n\t\t\t\t<\/div>\n\t\t\t\t\t\t<\/div>\n\t\t\t\t\t<\/div>\n\t\t<\/div>\n\t\t\t\t<div class=\"elementor-column elementor-col-50 elementor-top-column elementor-element elementor-element-10ffbc7\" data-id=\"10ffbc7\" data-element_type=\"column\">\n\t\t\t<div class=\"elementor-column-wrap elementor-element-populated\">\n\t\t\t\t\t\t\t<div class=\"elementor-widget-wrap\">\n\t\t\t\t\t\t<div class=\"elementor-element elementor-element-fdedf1e elementor-widget elementor-widget-text-editor\" data-id=\"fdedf1e\" data-element_type=\"widget\" data-widget_type=\"text-editor.default\">\n\t\t\t\t<div class=\"elementor-widget-container\">\n\t\t\t\t\t\t\t\t<div class=\"elementor-text-editor elementor-clearfix\">\n\t\t\t\t<p style=\"font-variant-ligatures: normal; font-variant-caps: normal; font-size: 13px;\"><span style=\"background-color: rgba(255, 255, 255, 0);\"><\/p><p data-start=\"0\" data-end=\"30\"><span style=\"text-decoration: underline;\"><strong data-start=\"0\" data-end=\"30\">Parametri tecnici di base:<\/strong><\/span><\/p><ul data-start=\"32\" data-end=\"659\" data-is-last-node=\"\" data-is-only-node=\"\"><li data-start=\"32\" data-end=\"71\">Massa massima della porzione: 50 kg<\/li><li data-start=\"72\" data-end=\"110\">Massa minima della porzione: 10 kg<\/li><li data-start=\"111\" data-end=\"235\">Capacit\u00e0 della linea: fino a 800 porzioni\/ora (a seconda delle propriet\u00e0 del prodotto e delle dimensioni della porzione)<\/li><li data-start=\"236\" data-end=\"417\">Tipo di sacchi: aperti, carta multistrato (fino a 4 strati), preferibilmente con fondo a busta senza pieghe laterali, sacchi in plastica PE, sacchi in polipropilene PP rivestiti<\/li><li data-start=\"418\" data-end=\"455\">Larghezza del sacco: 450 \u2013 650 mm<\/li><li data-start=\"456\" data-end=\"494\">Lunghezza del sacco: 600 \u2013 1100 mm<\/li><li data-start=\"495\" data-end=\"537\">Alimentazione elettrica: 3 x 400V 50Hz<\/li><li data-start=\"538\" data-end=\"570\">Potenza richiesta: max. 6 kW<\/li><li data-start=\"571\" data-end=\"619\">Alimentazione con aria compressa: 5 \u2013 10 bar<\/li><li data-start=\"620\" data-end=\"659\" data-is-last-node=\"\">Consumo di aria compressa: 400 Nl\/min<\/li><\/ul><p dir=\"ltr\" style=\"font-variant-ligatures: normal; font-variant-caps: normal; font-size: 13px;\" data-placeholder=\"T\u0142umaczenie\"><\/p>\t\t\t\t\t<\/div>\n\t\t\t\t\t\t<\/div>\n\t\t\t\t<\/div>\n\t\t\t\t\t\t<\/div>\n\t\t\t\t\t<\/div>\n\t\t<\/div>\n\t\t\t\t\t\t\t\t<\/div>\n\t\t\t\t\t<\/div>\n\t\t<\/section>\n\t\t\t\t<section class=\"elementor-section elementor-top-section elementor-element elementor-element-32dd329 elementor-section-boxed elementor-section-height-default elementor-section-height-default\" data-id=\"32dd329\" data-element_type=\"section\" data-settings=\"{&quot;background_background&quot;:&quot;classic&quot;}\">\n\t\t\t\t\t\t<div class=\"elementor-container elementor-column-gap-default\">\n\t\t\t\t\t\t\t<div class=\"elementor-row\">\n\t\t\t\t\t<div class=\"elementor-column elementor-col-100 elementor-top-column elementor-element elementor-element-6dc6e72\" data-id=\"6dc6e72\" data-element_type=\"column\">\n\t\t\t<div class=\"elementor-column-wrap elementor-element-populated\">\n\t\t\t\t\t\t\t<div class=\"elementor-widget-wrap\">\n\t\t\t\t\t\t<div class=\"elementor-element elementor-element-b7205bb elementor-widget elementor-widget-html\" data-id=\"b7205bb\" data-element_type=\"widget\" data-widget_type=\"html.default\">\n\t\t\t\t<div class=\"elementor-widget-container\">\n\t\t\t<script type=\"application\/ld+json\">\r\n{\r\n  \"@context\" : \"http:\/\/schema.org\",\r\n  \"@type\" : \"Product\",\r\n  \"name\" : \"AUTOMATYCZNA LINIA WA\u017b\u0104CO PAKUJ\u0104CA TYP AWN\/S\",\r\n  \"image\" : \"https:\/\/drewmax.net.pl\/wp-content\/uploads\/2019\/07\/2awnt.png\",\r\n  \"description\" : \"Podstawowe podzespo\u0142y urz\u0105dzenia:<BR\/> \u2022 Konstrukcja wsporcza linii z podestem obs\u0142ugowym<BR\/> \u2022 Urz\u0105dzenie automatycznie podaj\u0105ce worki<BR\/> \u2022 Elektroniczna waga porcjuj\u0105ca typu netto \u2013 1szt<BR\/> \u2022 Dozownik \u015blimakowy \u2013 1szt<BR\/> \u2022 Ustnik zamkni\u0119ty<BR\/> \u2022 Uk\u0142ad formowania g\u00f3rnej cz\u0119\u015bci worka<BR\/> \u2022 W\u00f3zek transportuj\u0105cy worki<BR\/> \u2022 Ta\u015bmoci\u0105g transportuj\u0105cy worki<BR\/> \u2022 Uk\u0142ad regulacji wysoko\u015bci ta\u015bmoci\u0105gu transportuj\u0105cego<BR\/> \u2022 Uk\u0142ad prowadzenia g\u00f3rnej cz\u0119\u015bci worka<BR\/> \u2022 Czujniki ci\u0105g\u0142o\u015bci nitki<BR\/> \u2022 Zaszywarka dwunitkowa<BR\/> \u2022 Ta\u015bmoci\u0105g boczny odbieraj\u0105cy worki z uk\u0142adem wywracania work\u00f3w<BR\/> \u2022 Czytelny System sterowania oparty na sterowniku PLC Siemens z panelem dotykowym<BR\/> \u2022 Zastosowane nap\u0119dy\/serwonap\u0119dy SEW lub LENZE\",\r\n  \"brand\" : {\r\n    \"@type\" : \"Brand\",\r\n    \"name\" : \"DREWMAX\",\r\n    \"logo\" : \"https:\/\/drewmax.net.pl\/wp-content\/uploads\/2019\/06\/drewmax-logo_v2-1.png\"\r\n  },\r\n  \"sku\" : \"aWN\/S\",\r\n  \"identifier\": {\r\n \"@type\": \"PropertyValue\",\r\n   \"propertyID\": \"Model\",\r\n   \"value\":  \"aWN\/S\"\r\n   },\r\n \"aggregateRating\": {\r\n    \"@type\": \"AggregateRating\",\r\n    \"ratingValue\": \"4.8\",\r\n    \"reviewCount\": \"22\"\r\n  },\r\n   \"offers\": {\r\n    \"@type\": \"AggregateOffer\",\r\n    \"lowPrice\": 300000.0000,\r\n    \"highPrice\": 450000.0000,\r\n    \"priceCurrency\": \"PLN\",\r\n    \"itemCondition\": \"NewCondition\",\r\n\t\"offerCount\": \"50\"\r\n  },\r\n  \"review\": {\r\n    \"@type\": \"Review\",\r\n    \"author\": \"Wojciech\",\r\n    \"datePublished\": \"2019-11-30\",\r\n    \"name\": \"Drewmax | Maszyny pakuj\u0105ce - referencje\",\r\n    \"reviewBody\": \"Zapytaj nas o referencje lub zajrzyj na stron\u0119\"\r\n  },\r\n  \"mpn\" : \"aWN\/S\"\r\n}\r\n<\/script>\r\n\r\n<script type=\"application\/ld+json\">\r\n{\r\n  \"@context\" : \"http:\/\/schema.org\",\r\n  \"@type\" : \"Article\",\r\n  \"name\" : \"Automatyczna linia wa\u017c\u0105co pakuj\u0105ca typ aWN\/S\",\r\n  \"headline\" : \"Automatyczna linia wa\u017c\u0105co pakujaca do produkt\u00f3w sypkich\/pylistych!\",\r\n  \"author\" : {\r\n    \"@type\" : \"Person\",\r\n    \"name\" : \"Wojciech S\u0105siadek\"\r\n  },\r\n  \"datePublished\" : \"2019-11-30\",\r\n  \"dateModified\" : \"2019-12-10\",\r\n  \"image\" : \"https:\/\/drewmax.net.pl\/wp-content\/uploads\/2019\/07\/2awnt.png\",\r\n  \"articleBody\" : \"Po\u0142\u0105czenie nowoczesnych technologii oraz podzespo\u0142y najlepszych marek pozwoli\u0142y stworzy\u0107 automatyczn\u0105 lini\u0119 wa\u017c\u0105co pakuj\u0105c\u0105 typ aWN\/S.<\/P><P>Linia aWN\/S jest automatycznym urz\u0105dzeniem wa\u017c\u0105co pakuj\u0105cym do produkt\u00f3w <STRONG>sypkich\/pylistych<\/STRONG> przy zastosowaniu <STRONG>work\u00f3w typu otwartego<\/STRONG>.<\/P><P>Przedstawiona linia wyposa\u017cona jest w dwa kosze wagowe, kt\u00f3re naprzemiennie s\u0105 nape\u0142niane poprzez dozowniki \u015blimakowe o r\u00f3\u017cnych \u015brednicach. Dzi\u0119ki takiemu zestawieniu podzespo\u0142\u00f3w uzyskali\u015bmy wysok\u0105 precyzj\u0119 nawa\u017cania,<BR\/> a tak\u017ce du\u017c\u0105 wydajno\u015b\u0107  dochodz\u0105c\u0105 do  <STRONG>450 porcji na godzin\u0119<\/STRONG>.\",\r\n  \"url\" : \"https:\/\/drewmax.net.pl\/linie-wazaco-pakujace-1\/awns\/\",\r\n  \"mainEntityOfPage\": {\r\n    \"@type\": \"WebPage\",\r\n    \"@id\": \"https:\/\/drewmax.net.pl\/\"\r\n  },\r\n  \"publisher\" : {\r\n    \"@type\" : \"Organization\",\r\n    \"name\" : \"Przedsi\u0119biorstwo Wielobran\u017cowe Drewmax Tadeusz S\u0105siadek i Wsp\u00f3lnicy Sp\u00f3\u0142ka Jawna\",\r\n\t\"logo\" : {\r\n\t\t\"@type\": \"ImageObject\",\r\n\t\t\"url\": \"https:\/\/drewmax.net.pl\/wp-content\/uploads\/2019\/06\/drewmax-logo_v2-1.png\"\r\n\t}\t\r\n  }\r\n  \r\n}\r\n<\/script>\t\t<\/div>\n\t\t\t\t<\/div>\n\t\t\t\t\t\t<\/div>\n\t\t\t\t\t<\/div>\n\t\t<\/div>\n\t\t\t\t\t\t\t\t<\/div>\n\t\t\t\t\t<\/div>\n\t\t<\/section>\n\t\t\t\t\t\t<\/div>\n\t\t\t\t\t\t<\/div>\n\t\t\t\t\t<\/div>\n\t\t","protected":false},"excerpt":{"rendered":"<p>Linea automatica di pesatura e confezionamento tipo aWN\/S L&#8217;integrazione delle tecnologie moderne e dei componenti delle migliori marche ha permesso di creare la linea automatica di pesatura e confezionamento tipo aWN\/S. La linea aWN\/S \u00e8 un dispositivo automatico per il pesaggio e confezionamento di prodotti polverosi\/granulati, utilizzando sacchi di tipo aperto. La linea presentata \u00e8&hellip;<\/p>\n","protected":false},"author":1,"featured_media":0,"parent":0,"menu_order":0,"comment_status":"closed","ping_status":"closed","template":"","meta":[],"yoast_head":"<!-- This site is optimized with the Yoast SEO Premium plugin v15.5 - https:\/\/yoast.com\/wordpress\/plugins\/seo\/ -->\n<title>Wa\u017cenie Pakowanie Paletyzacja Automatyka przemys\u0142owa linie PP PE<\/title>\n<meta name=\"description\" content=\"Wa\u017cenie Pakowanie Paletyzacja Automatyka przemys\u0142owa linie wa\u017c\u0105co - pakuj\u0105ce zbiorniki technologiczne mikrodozowanie linie PP PE\" \/>\n<meta name=\"robots\" content=\"index, follow, max-snippet:-1, max-image-preview:large, max-video-preview:-1\" \/>\n<link rel=\"canonical\" href=\"https:\/\/drewmax.net.pl\/awns\/\" \/>\n<meta property=\"og:locale\" content=\"it_IT\" \/>\n<meta property=\"og:type\" content=\"article\" \/>\n<meta property=\"og:title\" content=\"Wa\u017cenie Pakowanie Paletyzacja Automatyka przemys\u0142owa linie PP PE\" \/>\n<meta property=\"og:description\" content=\"Wa\u017cenie Pakowanie Paletyzacja Automatyka przemys\u0142owa linie wa\u017c\u0105co - pakuj\u0105ce zbiorniki technologiczne mikrodozowanie linie PP PE\" \/>\n<meta property=\"og:url\" content=\"https:\/\/drewmax.net.pl\/awns\/\" \/>\n<meta property=\"og:site_name\" content=\"(Polski) Drewmax - Wa\u017cenie | Pakowanie | Paletyzacja | Automatyka\" \/>\n<meta property=\"article:publisher\" content=\"https:\/\/www.facebook.com\/Drewmax-111641623604429\/\" \/>\n<meta property=\"article:modified_time\" content=\"2025-03-25T11:25:48+00:00\" \/>\n<meta property=\"og:image\" content=\"https:\/\/drewmax.net.pl\/wp-content\/uploads\/2020\/10\/2awns-3-220x300.png\" \/>\n<meta name=\"twitter:card\" content=\"summary_large_image\" \/>\n<meta name=\"twitter:label1\" content=\"Tempo di lettura stimato\">\n\t<meta name=\"twitter:data1\" content=\"9 minuti\">\n<script type=\"application\/ld+json\" class=\"yoast-schema-graph\">{\"@context\":\"https:\/\/schema.org\",\"@graph\":[{\"@type\":\"Organization\",\"@id\":\"https:\/\/drewmax.net.pl\/en\/#organization\",\"name\":\"DREWMAX Sp\\u00f3\\u0142ka z o.o.\",\"url\":\"https:\/\/drewmax.net.pl\/en\/\",\"sameAs\":[\"https:\/\/www.facebook.com\/Drewmax-111641623604429\/\",\"https:\/\/www.instagram.com\/drewmax.net.pl\/\",\"https:\/\/www.youtube.com\/channel\/UCCS8U5F8gSyJAlSWjxgbLRQ\"],\"logo\":{\"@type\":\"ImageObject\",\"@id\":\"https:\/\/drewmax.net.pl\/en\/#logo\",\"inLanguage\":\"it-IT\",\"url\":\"\",\"caption\":\"DREWMAX Sp\\u00f3\\u0142ka z o.o.\"},\"image\":{\"@id\":\"https:\/\/drewmax.net.pl\/en\/#logo\"}},{\"@type\":\"WebSite\",\"@id\":\"https:\/\/drewmax.net.pl\/en\/#website\",\"url\":\"https:\/\/drewmax.net.pl\/en\/\",\"name\":\"(Polski) Drewmax - Wa\\u017cenie | Pakowanie | Paletyzacja | Automatyka\",\"description\":\"\",\"publisher\":{\"@id\":\"https:\/\/drewmax.net.pl\/en\/#organization\"},\"potentialAction\":[{\"@type\":\"SearchAction\",\"target\":\"https:\/\/drewmax.net.pl\/en\/?s={search_term_string}\",\"query-input\":\"required name=search_term_string\"}],\"inLanguage\":\"it-IT\"},{\"@type\":\"ImageObject\",\"@id\":\"https:\/\/drewmax.net.pl\/awns\/#primaryimage\",\"inLanguage\":\"it-IT\",\"url\":\"https:\/\/drewmax.net.pl\/wp-content\/uploads\/2020\/10\/2awns-3.png\",\"width\":543,\"height\":739},{\"@type\":\"WebPage\",\"@id\":\"https:\/\/drewmax.net.pl\/awns\/#webpage\",\"url\":\"https:\/\/drewmax.net.pl\/awns\/\",\"name\":\"Wa\\u017cenie Pakowanie Paletyzacja Automatyka przemys\\u0142owa linie PP PE\",\"isPartOf\":{\"@id\":\"https:\/\/drewmax.net.pl\/en\/#website\"},\"primaryImageOfPage\":{\"@id\":\"https:\/\/drewmax.net.pl\/awns\/#primaryimage\"},\"datePublished\":\"2016-08-18T11:22:47+00:00\",\"dateModified\":\"2025-03-25T11:25:48+00:00\",\"description\":\"Wa\\u017cenie Pakowanie Paletyzacja Automatyka przemys\\u0142owa linie wa\\u017c\\u0105co - pakuj\\u0105ce zbiorniki technologiczne mikrodozowanie linie PP PE\",\"breadcrumb\":{\"@id\":\"https:\/\/drewmax.net.pl\/awns\/#breadcrumb\"},\"inLanguage\":\"it-IT\",\"potentialAction\":[{\"@type\":\"ReadAction\",\"target\":[\"https:\/\/drewmax.net.pl\/awns\/\"]}]},{\"@type\":\"BreadcrumbList\",\"@id\":\"https:\/\/drewmax.net.pl\/awns\/#breadcrumb\",\"itemListElement\":[{\"@type\":\"ListItem\",\"position\":1,\"item\":{\"@type\":\"WebPage\",\"@id\":\"https:\/\/drewmax.net.pl\/\",\"url\":\"https:\/\/drewmax.net.pl\/\",\"name\":\"Home\"}},{\"@type\":\"ListItem\",\"position\":2,\"item\":{\"@type\":\"WebPage\",\"@id\":\"https:\/\/drewmax.net.pl\/awns\/\",\"url\":\"https:\/\/drewmax.net.pl\/awns\/\",\"name\":\"Automatyczna linia wa\\u017c\\u0105co pakuj\\u0105ca typ aWN\/S\"}}]}]}<\/script>\n<!-- \/ Yoast SEO Premium plugin. -->","_links":{"self":[{"href":"https:\/\/drewmax.net.pl\/it\/wp-json\/wp\/v2\/pages\/417"}],"collection":[{"href":"https:\/\/drewmax.net.pl\/it\/wp-json\/wp\/v2\/pages"}],"about":[{"href":"https:\/\/drewmax.net.pl\/it\/wp-json\/wp\/v2\/types\/page"}],"author":[{"embeddable":true,"href":"https:\/\/drewmax.net.pl\/it\/wp-json\/wp\/v2\/users\/1"}],"replies":[{"embeddable":true,"href":"https:\/\/drewmax.net.pl\/it\/wp-json\/wp\/v2\/comments?post=417"}],"version-history":[{"count":39,"href":"https:\/\/drewmax.net.pl\/it\/wp-json\/wp\/v2\/pages\/417\/revisions"}],"predecessor-version":[{"id":31390,"href":"https:\/\/drewmax.net.pl\/it\/wp-json\/wp\/v2\/pages\/417\/revisions\/31390"}],"wp:attachment":[{"href":"https:\/\/drewmax.net.pl\/it\/wp-json\/wp\/v2\/media?parent=417"}],"curies":[{"name":"wp","href":"https:\/\/api.w.org\/{rel}","templated":true}]}}