{"id":283,"date":"2016-07-28T10:59:21","date_gmt":"2016-07-28T08:59:21","guid":{"rendered":"http:\/\/drewmax.net.pl\/?page_id=283"},"modified":"2025-03-25T13:25:35","modified_gmt":"2025-03-25T12:25:35","slug":"wybor-linii-wazaco-pakujacej","status":"publish","type":"page","link":"https:\/\/drewmax.net.pl\/it\/wybor-linii-wazaco-pakujacej\/","title":{"rendered":"Konfigurator linii wa\u017c\u0105co-pakuj\u0105cej"},"content":{"rendered":"\t\t<div data-elementor-type=\"wp-post\" data-elementor-id=\"283\" class=\"elementor elementor-283\" data-elementor-settings=\"[]\">\n\t\t\t\t\t\t<div class=\"elementor-inner\">\n\t\t\t\t\t\t\t<div class=\"elementor-section-wrap\">\n\t\t\t\t\t\t\t<section class=\"elementor-section elementor-top-section elementor-element elementor-element-8fae55b elementor-section-boxed elementor-section-height-default elementor-section-height-default\" data-id=\"8fae55b\" data-element_type=\"section\" data-settings=\"{&quot;background_background&quot;:&quot;classic&quot;}\">\n\t\t\t\t\t\t<div class=\"elementor-container elementor-column-gap-default\">\n\t\t\t\t\t\t\t<div class=\"elementor-row\">\n\t\t\t\t\t<div class=\"elementor-column elementor-col-100 elementor-top-column elementor-element elementor-element-a69b3a0\" data-id=\"a69b3a0\" data-element_type=\"column\">\n\t\t\t<div class=\"elementor-column-wrap elementor-element-populated\">\n\t\t\t\t\t\t\t<div class=\"elementor-widget-wrap\">\n\t\t\t\t\t\t\t\t<\/div>\n\t\t\t\t\t<\/div>\n\t\t<\/div>\n\t\t\t\t\t\t\t\t<\/div>\n\t\t\t\t\t<\/div>\n\t\t<\/section>\n\t\t\t\t<section class=\"elementor-section elementor-top-section elementor-element elementor-element-1384b5b elementor-section-boxed elementor-section-height-default elementor-section-height-default\" data-id=\"1384b5b\" data-element_type=\"section\" data-settings=\"{&quot;background_background&quot;:&quot;classic&quot;}\">\n\t\t\t\t\t\t<div class=\"elementor-container elementor-column-gap-default\">\n\t\t\t\t\t\t\t<div class=\"elementor-row\">\n\t\t\t\t\t<div class=\"elementor-column elementor-col-100 elementor-top-column elementor-element elementor-element-12e0fb4\" data-id=\"12e0fb4\" data-element_type=\"column\">\n\t\t\t<div class=\"elementor-column-wrap elementor-element-populated\">\n\t\t\t\t\t\t\t<div class=\"elementor-widget-wrap\">\n\t\t\t\t\t\t<div class=\"elementor-element elementor-element-e43a5bc elementor-widget elementor-widget-html\" data-id=\"e43a5bc\" data-element_type=\"widget\" data-widget_type=\"html.default\">\n\t\t\t\t<div class=\"elementor-widget-container\">\n\t\t\t<script>\r\nfunction getRadioValue(radioGroup){\r\nfor(var i=0;i<radioGroup.length;++i){\r\nif(radioGroup[i].checked)\r\nreturn radioGroup[i].value;\r\n}\r\nreturn null;\r\n}\r\nfunction makeURL(type){\r\nreturn type.toLowerCase().replace('\/', '')\r\n}\r\nfunction updateResult(t){\r\nvar f1=getRadioValue(t.performanceRadio);\r\nvar f2=getRadioValue(t.rodzajProduktu);\r\nvar rodzaj=getRadioValue(t.rodzajMaszyny);\r\nif(rodzaj==\"a\"){\r\ndocument.getElementById('niska').style.color='#807070';\r\ndocument.getElementById('prwb').disabled = true;\r\n}else{\r\ndocument.getElementById('niska').style.color='#000000';\r\ndocument.getElementById('prwb').disabled = false;\r\n}\r\nif(rodzaj==\"p\"){\r\ndocument.getElementById('wysoka').style.color='#807070';\r\ndocument.getElementById('pr2awn').disabled = true;\r\n}else{\r\ndocument.getElementById('wysoka').style.color='#000000';\r\ndocument.getElementById('pr2awn').disabled = false;\r\n}\r\nif(f1==null||f2==null||rodzaj==null){\r\ndocument.getElementById('result').innerHTML='';\r\n}else{\r\nvar typ;\r\nif(rodzaj==\"a\"){\r\nswitch(f1){\r\ncase 's':\r\ntyp=\"aWN\";\r\nbreak;\r\ncase 'w':\r\ntyp=\"2aWN\";\r\nbreak;\r\ndefault:\r\ntyp=null;\r\n}\r\n}else{\r\nswitch(f1){\r\ncase 'n':\r\ntyp=\"WB\";\r\nbreak;\r\ncase 's':\r\ntyp=\"WN\";\r\nbreak;\r\ndefault:\r\ntyp=null;\r\n}\r\n}\r\nif(typ==null){\r\ndocument.getElementById('result').innerHTML='';\r\n}else{\r\ntyp+='\/';\r\ntyp+=f2;\r\ndocument.getElementById('result').innerHTML='Il tipo appropriato di linea di pesatura e confezionamento \u00e8 <a href=\"\/index.php\/linie-wazaco-pakujace\/'+makeURL(typ)+'\">'+typ+'<\/a>';\r\n}\r\n}\r\n}\r\n<\/script><form id=\"kreator1\" onchange=\"updateResult(this)\" onsubmit=\"return false;\">Per determinare il tipo appropriato di linea di pesatura e confezionamento (per sacchi), si prega di compilare il modulo sottostante. Nel caso di una linea che produce contemporaneamente sacchi in plastica piana, il tipo appropriato \u00e8 il tipo<a href=\"https:\/\/drewmax.net.pl\/index.php\/linie-wazaco-pakujace\/2awpp\/\">2aWPP<\/a>\r\n<p>Tipo di prodotto:<br \/>\r\n<input id=\"tt\" name=\"rodzajProduktu\" type=\"radio\" value=\"T\" \/><label for=\"tt\">Polveroso\/granulato<\/label><br \/>\r\n<input id=\"ts\" name=\"rodzajProduktu\" type=\"radio\" value=\"S\" \/><label for=\"ts\">Polveroso\/polveroso fine<\/label><\/p>\r\n<p>Tipo di macchina:<br \/>\r\n<input id=\"rma\" name=\"rodzajMaszyny\" type=\"radio\" value=\"a\" \/><label for=\"rma\">Automatica<\/label><br \/>\r\n<input id=\"rmp\" name=\"rodzajMaszyny\" type=\"radio\" value=\"p\" \/><label for=\"rmp\">Semi-automatica<\/label><\/p>\r\n<p>Produttivit\u00e0 della macchina:<br \/>\r\n<span id=\"niska\"><input id=\"prwb\" name=\"performanceRadio\" type=\"radio\" value=\"n\" \/><label for=\"prwb\">Bassa produttivit\u00e0 (180-250 sacchi all'ora)<\/label><\/span><br \/>\r\n<input id=\"prwn\" name=\"performanceRadio\" type=\"radio\" value=\"s\" \/><label for=\"prwn\">Produttivit\u00e0 media (fino a 400 sacchi all'ora)<\/label><br \/>\r\n<span id=\"wysoka\"><input id=\"pr2awn\" name=\"performanceRadio\" type=\"radio\" value=\"w\" \/><label for=\"pr2awn\">Alta produttivit\u00e0 (circa 800 sacchi all'ora)<\/label><\/span><\/p>\r\n<h3><span id=\"result\"><\/span><\/h3>\r\n<p>Se non avete trovato il tipo di macchina adatto, vi preghiamo di contattarci per una selezione\/personalizzazione dell'ordine. Numero di telefono: +48 77 481 01 22, reparto tecnico-commerciale: 126, 133, 144<\/p>\r\n<\/form>\t\t<\/div>\n\t\t\t\t<\/div>\n\t\t\t\t\t\t<\/div>\n\t\t\t\t\t<\/div>\n\t\t<\/div>\n\t\t\t\t\t\t\t\t<\/div>\n\t\t\t\t\t<\/div>\n\t\t<\/section>\n\t\t\t\t\t\t<\/div>\n\t\t\t\t\t\t<\/div>\n\t\t\t\t\t<\/div>\n\t\t","protected":false},"excerpt":{"rendered":"<p>Per determinare il tipo appropriato di linea di pesatura e confezionamento (per sacchi), si prega di compilare il modulo sottostante. Nel caso di una linea che produce contemporaneamente sacchi in plastica piana, il tipo appropriato \u00e8 il tipo2aWPP Tipo di prodotto: Polveroso\/granulato Polveroso\/polveroso fine Tipo di macchina: Automatica Semi-automatica Produttivit\u00e0 della macchina: Bassa produttivit\u00e0 (180-250&hellip;<\/p>\n","protected":false},"author":1,"featured_media":12086,"parent":0,"menu_order":0,"comment_status":"closed","ping_status":"closed","template":"","meta":[],"yoast_head":"<!-- This site is optimized with the Yoast SEO Premium plugin v15.5 - https:\/\/yoast.com\/wordpress\/plugins\/seo\/ -->\n<title>Wa\u017cenie Pakowanie Paletyzacja Automatyka przemys\u0142owa linie PP PE<\/title>\n<meta name=\"description\" content=\"Wa\u017cenie Pakowanie Paletyzacja Automatyka przemys\u0142owa linie wa\u017c\u0105co - pakuj\u0105ce zbiorniki technologiczne mikrodozowanie linie PP PE Bigbag\" \/>\n<meta name=\"robots\" content=\"index, follow, max-snippet:-1, max-image-preview:large, max-video-preview:-1\" \/>\n<link rel=\"canonical\" href=\"https:\/\/drewmax.net.pl\/wybor-linii-wazaco-pakujacej\/\" \/>\n<meta property=\"og:locale\" content=\"it_IT\" \/>\n<meta property=\"og:type\" content=\"article\" \/>\n<meta property=\"og:title\" content=\"Wa\u017cenie Pakowanie Paletyzacja Automatyka przemys\u0142owa linie PP PE\" \/>\n<meta property=\"og:description\" content=\"Wa\u017cenie Pakowanie Paletyzacja Automatyka przemys\u0142owa linie wa\u017c\u0105co - pakuj\u0105ce zbiorniki technologiczne mikrodozowanie linie PP PE Bigbag\" \/>\n<meta property=\"og:url\" content=\"https:\/\/drewmax.net.pl\/wybor-linii-wazaco-pakujacej\/\" \/>\n<meta property=\"og:site_name\" content=\"(Polski) Drewmax - Wa\u017cenie | Pakowanie | Paletyzacja | Automatyka\" \/>\n<meta property=\"article:publisher\" content=\"https:\/\/www.facebook.com\/Drewmax-111641623604429\/\" \/>\n<meta property=\"article:modified_time\" content=\"2025-03-25T12:25:35+00:00\" \/>\n<meta name=\"twitter:card\" content=\"summary_large_image\" \/>\n<meta name=\"twitter:label1\" content=\"Tempo di lettura stimato\">\n\t<meta name=\"twitter:data1\" content=\"3 minuti\">\n<script type=\"application\/ld+json\" class=\"yoast-schema-graph\">{\"@context\":\"https:\/\/schema.org\",\"@graph\":[{\"@type\":\"Organization\",\"@id\":\"https:\/\/drewmax.net.pl\/en\/#organization\",\"name\":\"DREWMAX Sp\\u00f3\\u0142ka z o.o.\",\"url\":\"https:\/\/drewmax.net.pl\/en\/\",\"sameAs\":[\"https:\/\/www.facebook.com\/Drewmax-111641623604429\/\",\"https:\/\/www.instagram.com\/drewmax.net.pl\/\",\"https:\/\/www.youtube.com\/channel\/UCCS8U5F8gSyJAlSWjxgbLRQ\"],\"logo\":{\"@type\":\"ImageObject\",\"@id\":\"https:\/\/drewmax.net.pl\/en\/#logo\",\"inLanguage\":\"it-IT\",\"url\":\"\",\"caption\":\"DREWMAX Sp\\u00f3\\u0142ka z o.o.\"},\"image\":{\"@id\":\"https:\/\/drewmax.net.pl\/en\/#logo\"}},{\"@type\":\"WebSite\",\"@id\":\"https:\/\/drewmax.net.pl\/en\/#website\",\"url\":\"https:\/\/drewmax.net.pl\/en\/\",\"name\":\"(Polski) Drewmax - Wa\\u017cenie | Pakowanie | Paletyzacja | Automatyka\",\"description\":\"\",\"publisher\":{\"@id\":\"https:\/\/drewmax.net.pl\/en\/#organization\"},\"potentialAction\":[{\"@type\":\"SearchAction\",\"target\":\"https:\/\/drewmax.net.pl\/en\/?s={search_term_string}\",\"query-input\":\"required name=search_term_string\"}],\"inLanguage\":\"it-IT\"},{\"@type\":\"ImageObject\",\"@id\":\"https:\/\/drewmax.net.pl\/wybor-linii-wazaco-pakujacej\/#primaryimage\",\"inLanguage\":\"it-IT\",\"url\":\"\"},{\"@type\":\"WebPage\",\"@id\":\"https:\/\/drewmax.net.pl\/wybor-linii-wazaco-pakujacej\/#webpage\",\"url\":\"https:\/\/drewmax.net.pl\/wybor-linii-wazaco-pakujacej\/\",\"name\":\"Wa\\u017cenie Pakowanie Paletyzacja Automatyka przemys\\u0142owa linie PP PE\",\"isPartOf\":{\"@id\":\"https:\/\/drewmax.net.pl\/en\/#website\"},\"primaryImageOfPage\":{\"@id\":\"https:\/\/drewmax.net.pl\/wybor-linii-wazaco-pakujacej\/#primaryimage\"},\"datePublished\":\"2016-07-28T08:59:21+00:00\",\"dateModified\":\"2025-03-25T12:25:35+00:00\",\"description\":\"Wa\\u017cenie Pakowanie Paletyzacja Automatyka przemys\\u0142owa linie wa\\u017c\\u0105co - pakuj\\u0105ce zbiorniki technologiczne mikrodozowanie linie PP PE Bigbag\",\"breadcrumb\":{\"@id\":\"https:\/\/drewmax.net.pl\/wybor-linii-wazaco-pakujacej\/#breadcrumb\"},\"inLanguage\":\"it-IT\",\"potentialAction\":[{\"@type\":\"ReadAction\",\"target\":[\"https:\/\/drewmax.net.pl\/wybor-linii-wazaco-pakujacej\/\"]}]},{\"@type\":\"BreadcrumbList\",\"@id\":\"https:\/\/drewmax.net.pl\/wybor-linii-wazaco-pakujacej\/#breadcrumb\",\"itemListElement\":[{\"@type\":\"ListItem\",\"position\":1,\"item\":{\"@type\":\"WebPage\",\"@id\":\"https:\/\/drewmax.net.pl\/\",\"url\":\"https:\/\/drewmax.net.pl\/\",\"name\":\"Home\"}},{\"@type\":\"ListItem\",\"position\":2,\"item\":{\"@type\":\"WebPage\",\"@id\":\"https:\/\/drewmax.net.pl\/wybor-linii-wazaco-pakujacej\/\",\"url\":\"https:\/\/drewmax.net.pl\/wybor-linii-wazaco-pakujacej\/\",\"name\":\"Konfigurator linii wa\\u017c\\u0105co-pakuj\\u0105cej\"}}]}]}<\/script>\n<!-- \/ Yoast SEO Premium plugin. -->","_links":{"self":[{"href":"https:\/\/drewmax.net.pl\/it\/wp-json\/wp\/v2\/pages\/283"}],"collection":[{"href":"https:\/\/drewmax.net.pl\/it\/wp-json\/wp\/v2\/pages"}],"about":[{"href":"https:\/\/drewmax.net.pl\/it\/wp-json\/wp\/v2\/types\/page"}],"author":[{"embeddable":true,"href":"https:\/\/drewmax.net.pl\/it\/wp-json\/wp\/v2\/users\/1"}],"replies":[{"embeddable":true,"href":"https:\/\/drewmax.net.pl\/it\/wp-json\/wp\/v2\/comments?post=283"}],"version-history":[{"count":43,"href":"https:\/\/drewmax.net.pl\/it\/wp-json\/wp\/v2\/pages\/283\/revisions"}],"predecessor-version":[{"id":31439,"href":"https:\/\/drewmax.net.pl\/it\/wp-json\/wp\/v2\/pages\/283\/revisions\/31439"}],"wp:featuredmedia":[{"embeddable":true,"href":"https:\/\/drewmax.net.pl\/it\/wp-json\/wp\/v2\/media\/12086"}],"wp:attachment":[{"href":"https:\/\/drewmax.net.pl\/it\/wp-json\/wp\/v2\/media?parent=283"}],"curies":[{"name":"wp","href":"https:\/\/api.w.org\/{rel}","templated":true}]}}