{"id":21822,"date":"2024-01-05T08:49:24","date_gmt":"2024-01-05T07:49:24","guid":{"rendered":"https:\/\/drewmax.net.pl\/?page_id=21822"},"modified":"2025-04-03T14:21:18","modified_gmt":"2025-04-03T12:21:18","slug":"ukladaczka-uka-600","status":"publish","type":"page","link":"https:\/\/drewmax.net.pl\/it\/ukladaczka-uka-600\/","title":{"rendered":"(Polski) Uk\u0142adaczka UKA 600"},"content":{"rendered":"\t\t<div data-elementor-type=\"wp-page\" data-elementor-id=\"21822\" class=\"elementor elementor-21822\" data-elementor-settings=\"[]\">\n\t\t\t\t\t\t<div class=\"elementor-inner\">\n\t\t\t\t\t\t\t<div class=\"elementor-section-wrap\">\n\t\t\t\t\t\t\t<section class=\"elementor-section elementor-top-section elementor-element elementor-element-ba2a44b elementor-section-boxed elementor-section-height-default elementor-section-height-default\" data-id=\"ba2a44b\" data-element_type=\"section\" data-settings=\"{&quot;background_background&quot;:&quot;classic&quot;}\">\n\t\t\t\t\t\t<div class=\"elementor-container elementor-column-gap-default\">\n\t\t\t\t\t\t\t<div class=\"elementor-row\">\n\t\t\t\t\t<div class=\"elementor-column elementor-col-100 elementor-top-column elementor-element elementor-element-4696d77\" data-id=\"4696d77\" data-element_type=\"column\">\n\t\t\t<div class=\"elementor-column-wrap elementor-element-populated\">\n\t\t\t\t\t\t\t<div class=\"elementor-widget-wrap\">\n\t\t\t\t\t\t<div class=\"elementor-element elementor-element-158a554 elementor-widget elementor-widget-image\" data-id=\"158a554\" data-element_type=\"widget\" data-widget_type=\"image.default\">\n\t\t\t\t<div class=\"elementor-widget-container\">\n\t\t\t\t\t\t\t\t<div class=\"elementor-image\">\n\t\t\t\t\t\t\t\t\t\t\t\t\t<a href=\"#elementor-action%3Aaction%3Dpopup%3Aopen%26settings%3DeyJpZCI6IjI3OTQxIiwidG9nZ2xlIjpmYWxzZX0%3D\">\n\t\t\t\t\t\t\t<img width=\"980\" height=\"135\" src=\"https:\/\/drewmax.net.pl\/wp-content\/uploads\/2024\/12\/FE_POIR_poziom_pl-1_rgb-1024x141.jpg\" class=\"attachment-large size-large\" alt=\"\" loading=\"lazy\" srcset=\"https:\/\/drewmax.net.pl\/wp-content\/uploads\/2024\/12\/FE_POIR_poziom_pl-1_rgb-1024x141.jpg 1024w, https:\/\/drewmax.net.pl\/wp-content\/uploads\/2024\/12\/FE_POIR_poziom_pl-1_rgb-300x41.jpg 300w, https:\/\/drewmax.net.pl\/wp-content\/uploads\/2024\/12\/FE_POIR_poziom_pl-1_rgb-768x106.jpg 768w, https:\/\/drewmax.net.pl\/wp-content\/uploads\/2024\/12\/FE_POIR_poziom_pl-1_rgb-1536x211.jpg 1536w, https:\/\/drewmax.net.pl\/wp-content\/uploads\/2024\/12\/FE_POIR_poziom_pl-1_rgb-2048x282.jpg 2048w, https:\/\/drewmax.net.pl\/wp-content\/uploads\/2024\/12\/FE_POIR_poziom_pl-1_rgb-scaled.jpg 1920w\" sizes=\"(max-width: 980px) 100vw, 980px\" \/>\t\t\t\t\t\t\t\t<\/a>\n\t\t\t\t\t\t\t\t\t\t\t\t\t\t<\/div>\n\t\t\t\t\t\t<\/div>\n\t\t\t\t<\/div>\n\t\t\t\t<div class=\"elementor-element elementor-element-2b83356f elementor-widget elementor-widget-heading\" data-id=\"2b83356f\" data-element_type=\"widget\" data-widget_type=\"heading.default\">\n\t\t\t\t<div class=\"elementor-widget-container\">\n\t\t\t<h2 class=\"elementor-heading-title elementor-size-xl\">Impilatore: UKA 600\n<\/h2>\t\t<\/div>\n\t\t\t\t<\/div>\n\t\t\t\t\t\t<\/div>\n\t\t\t\t\t<\/div>\n\t\t<\/div>\n\t\t\t\t\t\t\t\t<\/div>\n\t\t\t\t\t<\/div>\n\t\t<\/section>\n\t\t\t\t<section class=\"elementor-section elementor-top-section elementor-element elementor-element-22aa2549 elementor-section-boxed elementor-section-height-default elementor-section-height-default\" data-id=\"22aa2549\" data-element_type=\"section\" data-settings=\"{&quot;background_background&quot;:&quot;classic&quot;}\">\n\t\t\t\t\t\t<div class=\"elementor-container elementor-column-gap-default\">\n\t\t\t\t\t\t\t<div class=\"elementor-row\">\n\t\t\t\t\t<div class=\"elementor-column elementor-col-50 elementor-top-column elementor-element elementor-element-4664d2\" data-id=\"4664d2\" data-element_type=\"column\">\n\t\t\t<div class=\"elementor-column-wrap elementor-element-populated\">\n\t\t\t\t\t\t\t<div class=\"elementor-widget-wrap\">\n\t\t\t\t\t\t<div class=\"elementor-element elementor-element-dc254a7 elementor-widget elementor-widget-text-editor\" data-id=\"dc254a7\" data-element_type=\"widget\" data-widget_type=\"text-editor.default\">\n\t\t\t\t<div class=\"elementor-widget-container\">\n\t\t\t\t\t\t\t\t<div class=\"elementor-text-editor elementor-clearfix\">\n\t\t\t\t<p><\/p><p><strong>Il dispositivo di palettizzazione UKA 600<\/strong> ha il compito di disporre gli imballaggi riempiti su un pallet in modo precedentemente programmato tramite il pannello operatorio. La concezione del dispositivo \u00e8 stata sviluppata in modo tale da ruotare e trasferire il prodotto da una posizione prestabilita per disporlo sul pallet secondo le specifiche programmate. Il sollevamento del telaio per la formazione dello strato \u00e8 posizionato su un pilastro e funziona secondo il principio di un meccanismo telescopico, il che significa che non ha una altezza massima fissa. L&#8217;altezza massima del pallet impilato \u00e8 limitata a 2400 mm. La selezione dei motori riduttori e degli attuatori pneumatici \u00e8 basata sulle soluzioni pi\u00f9 recenti delle aziende LENZE e Festo.<\/p><p><\/p>\t\t\t\t\t<\/div>\n\t\t\t\t\t\t<\/div>\n\t\t\t\t<\/div>\n\t\t\t\t<div class=\"elementor-element elementor-element-77534c7 elementor-widget elementor-widget-text-editor\" data-id=\"77534c7\" data-element_type=\"widget\" data-widget_type=\"text-editor.default\">\n\t\t\t\t<div class=\"elementor-widget-container\">\n\t\t\t\t\t\t\t\t<div class=\"elementor-text-editor elementor-clearfix\">\n\t\t\t\t<p><\/p><p><strong>Il dispositivo di palettizzazione UKA 600<\/strong> \u00e8 progettato per lavorare in modalit\u00e0 mobile, poich\u00e9 non richiede un ancoraggio permanente al pavimento. Per spostare il dispositivo, \u00e8 sufficiente un carrello elevatore o un altro dispositivo di trasporto (con capacit\u00e0 di carico adeguata), grazie alle sue dimensioni compatte.<\/p><p><\/p>\t\t\t\t\t<\/div>\n\t\t\t\t\t\t<\/div>\n\t\t\t\t<\/div>\n\t\t\t\t\t\t<\/div>\n\t\t\t\t\t<\/div>\n\t\t<\/div>\n\t\t\t\t<div class=\"elementor-column elementor-col-50 elementor-top-column elementor-element elementor-element-13ec9939\" data-id=\"13ec9939\" data-element_type=\"column\">\n\t\t\t<div class=\"elementor-column-wrap elementor-element-populated\">\n\t\t\t\t\t\t\t<div class=\"elementor-widget-wrap\">\n\t\t\t\t\t\t<div class=\"elementor-element elementor-element-483aafb3 elementor-widget elementor-widget-image\" data-id=\"483aafb3\" data-element_type=\"widget\" data-widget_type=\"image.default\">\n\t\t\t\t<div class=\"elementor-widget-container\">\n\t\t\t\t\t\t\t\t<div class=\"elementor-image\">\n\t\t\t\t\t\t\t\t\t\t\t\t<img width=\"698\" height=\"708\" src=\"https:\/\/drewmax.net.pl\/wp-content\/uploads\/2024\/01\/UKA-600-Izometria.png\" class=\"attachment-medium_large size-medium_large\" alt=\"\" loading=\"lazy\" srcset=\"https:\/\/drewmax.net.pl\/wp-content\/uploads\/2024\/01\/UKA-600-Izometria.png 698w, https:\/\/drewmax.net.pl\/wp-content\/uploads\/2024\/01\/UKA-600-Izometria-296x300.png 296w\" sizes=\"(max-width: 698px) 100vw, 698px\" \/>\t\t\t\t\t\t\t\t\t\t\t\t\t\t<\/div>\n\t\t\t\t\t\t<\/div>\n\t\t\t\t<\/div>\n\t\t\t\t\t\t<\/div>\n\t\t\t\t\t<\/div>\n\t\t<\/div>\n\t\t\t\t\t\t\t\t<\/div>\n\t\t\t\t\t<\/div>\n\t\t<\/section>\n\t\t\t\t<section class=\"elementor-section elementor-top-section elementor-element elementor-element-4f28f9ec elementor-section-boxed elementor-section-height-default elementor-section-height-default\" data-id=\"4f28f9ec\" data-element_type=\"section\" data-settings=\"{&quot;background_background&quot;:&quot;classic&quot;}\">\n\t\t\t\t\t\t<div class=\"elementor-container elementor-column-gap-default\">\n\t\t\t\t\t\t\t<div class=\"elementor-row\">\n\t\t\t\t\t<div class=\"elementor-column elementor-col-50 elementor-top-column elementor-element elementor-element-3bf368ea\" data-id=\"3bf368ea\" data-element_type=\"column\">\n\t\t\t<div class=\"elementor-column-wrap elementor-element-populated\">\n\t\t\t\t\t\t\t<div class=\"elementor-widget-wrap\">\n\t\t\t\t\t\t<div class=\"elementor-element elementor-element-78c28639 elementor-widget elementor-widget-text-editor\" data-id=\"78c28639\" data-element_type=\"widget\" data-widget_type=\"text-editor.default\">\n\t\t\t\t<div class=\"elementor-widget-container\">\n\t\t\t\t\t\t\t\t<div class=\"elementor-text-editor elementor-clearfix\">\n\t\t\t\t<p><\/p><p data-start=\"15\" data-end=\"73\"><span style=\"text-decoration: underline;\"><strong>Le caratteristiche\/funzionalit\u00e0 principali del prodotto:<\/strong><\/span><\/p><ul data-start=\"75\" data-end=\"192\" data-is-last-node=\"\" data-is-only-node=\"\"><li data-start=\"75\" data-end=\"103\">Mobilit\u00e0 del dispositivo<\/li><li data-start=\"104\" data-end=\"127\">Dimensioni compatte<\/li><li data-start=\"128\" data-end=\"192\" data-is-last-node=\"\">Flessibilit\u00e0 operativa e adattabilit\u00e0 al prodotto da imballare<\/li><\/ul><p><\/p>\t\t\t\t\t<\/div>\n\t\t\t\t\t\t<\/div>\n\t\t\t\t<\/div>\n\t\t\t\t\t\t<\/div>\n\t\t\t\t\t<\/div>\n\t\t<\/div>\n\t\t\t\t<div class=\"elementor-column elementor-col-50 elementor-top-column elementor-element elementor-element-16f7c6b8\" data-id=\"16f7c6b8\" data-element_type=\"column\">\n\t\t\t<div class=\"elementor-column-wrap elementor-element-populated\">\n\t\t\t\t\t\t\t<div class=\"elementor-widget-wrap\">\n\t\t\t\t\t\t<div class=\"elementor-element elementor-element-3a4a4424 elementor-widget elementor-widget-text-editor\" data-id=\"3a4a4424\" data-element_type=\"widget\" data-widget_type=\"text-editor.default\">\n\t\t\t\t<div class=\"elementor-widget-container\">\n\t\t\t\t\t\t\t\t<div class=\"elementor-text-editor elementor-clearfix\">\n\t\t\t\t\t\t\t\t\t<\/div>\n\t\t\t\t\t\t<\/div>\n\t\t\t\t<\/div>\n\t\t\t\t\t\t<\/div>\n\t\t\t\t\t<\/div>\n\t\t<\/div>\n\t\t\t\t\t\t\t\t<\/div>\n\t\t\t\t\t<\/div>\n\t\t<\/section>\n\t\t\t\t<section class=\"elementor-section elementor-top-section elementor-element elementor-element-70c4f3c3 elementor-section-boxed elementor-section-height-default elementor-section-height-default\" data-id=\"70c4f3c3\" data-element_type=\"section\" data-settings=\"{&quot;background_background&quot;:&quot;classic&quot;}\">\n\t\t\t\t\t\t<div class=\"elementor-container elementor-column-gap-default\">\n\t\t\t\t\t\t\t<div class=\"elementor-row\">\n\t\t\t\t\t<div class=\"elementor-column elementor-col-100 elementor-top-column elementor-element elementor-element-7a4b8936\" data-id=\"7a4b8936\" data-element_type=\"column\">\n\t\t\t<div class=\"elementor-column-wrap\">\n\t\t\t\t\t\t\t<div class=\"elementor-widget-wrap\">\n\t\t\t\t\t\t\t\t<\/div>\n\t\t\t\t\t<\/div>\n\t\t<\/div>\n\t\t\t\t\t\t\t\t<\/div>\n\t\t\t\t\t<\/div>\n\t\t<\/section>\n\t\t\t\t<section class=\"elementor-section elementor-top-section elementor-element elementor-element-48513d8c elementor-section-boxed elementor-section-height-default elementor-section-height-default\" data-id=\"48513d8c\" data-element_type=\"section\" data-settings=\"{&quot;background_background&quot;:&quot;classic&quot;}\">\n\t\t\t\t\t\t<div class=\"elementor-container elementor-column-gap-default\">\n\t\t\t\t\t\t\t<div class=\"elementor-row\">\n\t\t\t\t\t<div class=\"elementor-column elementor-col-100 elementor-top-column elementor-element elementor-element-3c22631b\" data-id=\"3c22631b\" data-element_type=\"column\">\n\t\t\t<div class=\"elementor-column-wrap elementor-element-populated\">\n\t\t\t\t\t\t\t<div class=\"elementor-widget-wrap\">\n\t\t\t\t\t\t<div class=\"elementor-element elementor-element-53250947 elementor-widget elementor-widget-html\" data-id=\"53250947\" data-element_type=\"widget\" data-widget_type=\"html.default\">\n\t\t\t\t<div class=\"elementor-widget-container\">\n\t\t\t<script type=\"application\/ld+json\">\r\n{\r\n  \"@context\" : \"http:\/\/schema.org\",\r\n  \"@type\" : \"Product\",\r\n  \"name\" : \"AUTOMATYCZNA LINIA WA\u017b\u0104CO PAKUJ\u0104CA DO WORK\u00d3W Z FOLII P\u0141ASKIEJ TYP 2AWPP\",\r\n  \"image\" : \"https:\/\/drewmax.net.pl\/wp-content\/uploads\/2019\/07\/2aWPP.png\",\r\n  \"description\" : \"Podstawowe parametry techniczne:<\/U><\/P><UL><LI>Maksymalna masa porcji: 50kg,<\/LI><LI>Minimalna masa porcji: 10kg,<\/LI><LI>Wydajno\u015b\u0107 linii: do 1100 porcji\/godz. (zale\u017cnie od w\u0142asno\u015bci produktu oraz wielko\u015bci porcji)<\/LI><LI>Typ work\u00f3w: worki foliowe PE \u2013 folia p\u0142aska \u2013 rolka<\/LI><LI>Szeroko\u015b\u0107 worka: 350 \u2013 650mm,<\/LI><LI>D\u0142ugo\u015b\u0107 work\u00f3w: 450 \u2013 1000mm<\/LI><LI>Zasilanie elektryczne: 3 x 400V 50Hz,<\/LI><LI>Zapotrzebowanie mocy: max. 6kW,<\/LI><LI>Zasilanie w spr\u0119\u017cone powietrze: 5 \u2013 10bar,<\/LI><LI>Zu\u017cycie spr\u0119\u017conego powietrza: 600Nl\",\r\n  \"brand\" : {\r\n    \"@type\" : \"Brand\",\r\n    \"name\" : \"DREWMAX\",\r\n    \"logo\" : \"https:\/\/drewmax.net.pl\/wp-content\/uploads\/2019\/06\/drewmax-logo_v2-1.png\"\r\n  },\r\n  \"sku\" : \"2AWPP\",\r\n  \"identifier\": {\r\n \"@type\": \"PropertyValue\",\r\n   \"propertyID\": \"Model\",\r\n   \"value\":  \"2AWPP\"\r\n   },\r\n \"aggregateRating\": {\r\n    \"@type\": \"AggregateRating\",\r\n    \"ratingValue\": \"5\",\r\n    \"reviewCount\": \"4\"\r\n  },\r\n   \"offers\": {\r\n    \"@type\": \"AggregateOffer\",\r\n    \"lowPrice\": 370000.0000,\r\n    \"highPrice\": 500000.0000,\r\n    \"priceCurrency\": \"PLN\",\r\n    \"itemCondition\": \"NewCondition\",\r\n\t\"offerCount\": \"2\"\r\n  },\r\n  \"review\": {\r\n    \"@type\": \"Review\",\r\n    \"author\": \"Wojciech\",\r\n    \"datePublished\": \"2019-11-30\",\r\n    \"name\": \"Drewmax | Maszyny pakuj\u0105ce - referencje\",\r\n    \"reviewBody\": \"Zapytaj nas o referencje lub zajrzyj na stron\u0119\"\r\n  },\r\n  \"mpn\" : \"2AWPP\"\r\n}\r\n<\/script>\r\n\r\n<script type=\"application\/ld+json\">\r\n{\r\n  \"@context\" : \"http:\/\/schema.org\",\r\n  \"@type\" : \"Article\",\r\n  \"name\" : \"AUTOMATYCZNA LINIA WA\u017b\u0104CO PAKUJ\u0104CA DO WORK\u00d3W Z FOLII P\u0141ASKIEJ TYP 2AWPP\",\r\n  \"headline\" : \"Automatyczna linia wa\u017c\u0105co pakujaca do produkt\u00f3w sypkich\/granulowanych\/pylistych!\",\r\n  \"author\" : {\r\n    \"@type\" : \"Person\",\r\n    \"name\" : \"Wojciech S\u0105siadek\"\r\n  },\r\n  \"datePublished\" : \"2019-11-30\",\r\n  \"dateModified\" : \"2019-12-10\",\r\n  \"image\" : \"https:\/\/drewmax.net.pl\/wp-content\/uploads\/2019\/07\/2aWPP.png\",\r\n  \"articleBody\" : \"Jedn\u0105 z nowo\u015bci wprowadzonych przez firm\u0119 Drewmax w roku 2014, jest linia wa\u017c\u0105co pakuj\u0105ca do work\u00f3w tworzonych z foli p\u0142askiej.<\/P><P>Linia wa\u017c\u0105co pakuj\u0105ca typ 2aWPP jest urz\u0105dzeniem przeznaczonym do pakowania produkt\u00f3w <SPAN style=\\\"font-weight: bold;\\\">sypkich\/granulowanych\/pylistych<\/SPAN> w worki foliowe. Urz\u0105dzenie mo\u017ce by\u0107 dowolnie konfigurowane co daje mo\u017cliwo\u015b\u0107 dowolnego kszta\u0142towania worka \u2013 klient sam decyduje o tym czy worek ma zosta\u0107 ukszta\u0142towany z fa\u0142d\u0105 obustronn\u0105 (g\u00f3ra i d\u00f3\u0142), pojedyncz\u0105, czy te\u017c bez fa\u0142dy.<\/P><P>Przedstawiona linia mo\u017ce by\u0107 wyposa\u017cona w jeden, dwa, lub trzy kosze wagowe, kt\u00f3re naprzemiennie s\u0105 nape\u0142niane poprzez odpowiednio dobrane dozowniki. Dzi\u0119ki takiemu zestawieniu podzespo\u0142\u00f3w uzyskali\u015bmy wysok\u0105 precyzj\u0119 nawa\u017cania, a tak\u017ce du\u017c\u0105 wydajno\u015b\u0107  dochodz\u0105c\u0105 do  <SPAN style=\\\"font-weight: bold;\\\">1100 porcji na godzin\u0119<\/SPAN>.<\/P><P>Urz\u0105dzenie wyposa\u017cone jest w prosty system wymiany ko\u0142nierza formuj\u0105cego foli\u0119 co daje mo\u017cliwo\u015b\u0107 szybkiej zmiany wielko\u015bci opakowania. Ponadto linia posiada system elektryczny u\u0142atwiaj\u0105cy wymian\u0119 rolki z foli\u0105 dzi\u0119ki czemu bez u\u017cycia w\u00f3zka wid\u0142owego, operator jest w stanie zainstalowa\u0107 na maszynie now\u0105 rolk\u0119 z foli\u0105, kt\u00f3rej ci\u0119\u017car mo\u017ce si\u0119ga\u0107 750kg, a jej \u015brednica mo\u017ce mie\u0107 a\u017c 800mm. Takie rozwi\u0105zanie zwi\u0119ksza wydajno\u015b\u0107 maszyny i eliminuje niepotrzebne przerwy w jej pracy.\",\r\n  \"url\" : \"https:\/\/drewmax.net.pl\/linie-wazaco-pakujace-1\/2awpp\/\",\r\n  \"mainEntityOfPage\": {\r\n    \"@type\": \"WebPage\",\r\n    \"@id\": \"https:\/\/drewmax.net.pl\/\"\r\n  },\r\n  \"publisher\" : {\r\n    \"@type\" : \"Organization\",\r\n    \"name\" : \"Przedsi\u0119biorstwo Wielobran\u017cowe Drewmax Tadeusz S\u0105siadek i Wsp\u00f3lnicy Sp\u00f3\u0142ka Jawna\",\r\n\t\"logo\" : {\r\n\t\t\"@type\": \"ImageObject\",\r\n\t\t\"url\": \"https:\/\/drewmax.net.pl\/wp-content\/uploads\/2019\/06\/drewmax-logo_v2-1.png\"\r\n\t}\t\r\n  }\r\n  \r\n}\r\n<\/script>\t\t<\/div>\n\t\t\t\t<\/div>\n\t\t\t\t<div class=\"elementor-element elementor-element-3184305b elementor-align-center elementor-widget elementor-widget-button\" data-id=\"3184305b\" data-element_type=\"widget\" data-widget_type=\"button.default\">\n\t\t\t\t<div class=\"elementor-widget-container\">\n\t\t\t\t\t<div class=\"elementor-button-wrapper\">\n\t\t\t<a href=\"https:\/\/drewmax.net.pl\/wp-content\/uploads\/2025\/04\/Paletyzator-workow-PWO-600L-ukladaczka_front_IT.pdf\" target=\"_blank\" class=\"elementor-button-link elementor-button elementor-size-lg\" role=\"button\">\n\t\t\t\t\t\t<span class=\"elementor-button-content-wrapper\">\n\t\t\t\t\t\t<span class=\"elementor-button-icon elementor-align-icon-right\">\n\t\t\t\t<i aria-hidden=\"true\" class=\"fas fa-download\"><\/i>\t\t\t<\/span>\n\t\t\t\t\t\t<span class=\"elementor-button-text\">Scarica la scheda del prodotto<\/span>\n\t\t<\/span>\n\t\t\t\t\t<\/a>\n\t\t<\/div>\n\t\t\t\t<\/div>\n\t\t\t\t<\/div>\n\t\t\t\t\t\t<\/div>\n\t\t\t\t\t<\/div>\n\t\t<\/div>\n\t\t\t\t\t\t\t\t<\/div>\n\t\t\t\t\t<\/div>\n\t\t<\/section>\n\t\t\t\t\t\t<\/div>\n\t\t\t\t\t\t<\/div>\n\t\t\t\t\t<\/div>\n\t\t","protected":false},"excerpt":{"rendered":"<p>Impilatore: UKA 600 Il dispositivo di palettizzazione UKA 600 ha il compito di disporre gli imballaggi riempiti su un pallet in modo precedentemente programmato tramite il pannello operatorio. La concezione del dispositivo \u00e8 stata sviluppata in modo tale da ruotare e trasferire il prodotto da una posizione prestabilita per disporlo sul pallet secondo le specifiche&hellip;<\/p>\n","protected":false},"author":36,"featured_media":0,"parent":0,"menu_order":0,"comment_status":"closed","ping_status":"closed","template":"","meta":[],"yoast_head":"<!-- This site is optimized with the Yoast SEO Premium plugin v15.5 - https:\/\/yoast.com\/wordpress\/plugins\/seo\/ -->\n<title><\/title>\n<meta name=\"description\" content=\"uk\u0142adaczka wa\u017cenie pakowanie paletyzacja automatyka przemys\u0142owa bigbag stratch zbiorniki technologizne mikrodozowanie\" \/>\n<meta name=\"robots\" content=\"index, follow, max-snippet:-1, max-image-preview:large, max-video-preview:-1\" \/>\n<link rel=\"canonical\" href=\"https:\/\/drewmax.net.pl\/ukladaczka-uka-600\/\" \/>\n<meta property=\"og:locale\" content=\"it_IT\" \/>\n<meta property=\"og:type\" content=\"article\" \/>\n<meta property=\"og:title\" content=\"[:pl]Uk\u0142adaczka UKA 600[:] - (Polski) Drewmax - Wa\u017cenie | Pakowanie | Paletyzacja | Automatyka\" \/>\n<meta property=\"og:description\" content=\"uk\u0142adaczka wa\u017cenie pakowanie paletyzacja automatyka przemys\u0142owa bigbag stratch zbiorniki technologizne mikrodozowanie\" \/>\n<meta property=\"og:url\" content=\"https:\/\/drewmax.net.pl\/ukladaczka-uka-600\/\" \/>\n<meta property=\"og:site_name\" content=\"(Polski) Drewmax - Wa\u017cenie | Pakowanie | Paletyzacja | Automatyka\" \/>\n<meta property=\"article:publisher\" content=\"https:\/\/www.facebook.com\/Drewmax-111641623604429\/\" \/>\n<meta property=\"article:modified_time\" content=\"2025-04-03T12:21:18+00:00\" \/>\n<meta property=\"og:image\" content=\"https:\/\/drewmax.net.pl\/wp-content\/uploads\/2024\/12\/FE_POIR_poziom_pl-1_rgb-1024x141.jpg\" \/>\n<meta name=\"twitter:card\" content=\"summary_large_image\" \/>\n<meta name=\"twitter:label1\" content=\"Tempo di lettura stimato\">\n\t<meta name=\"twitter:data1\" content=\"6 minuti\">\n<script type=\"application\/ld+json\" class=\"yoast-schema-graph\">{\"@context\":\"https:\/\/schema.org\",\"@graph\":[{\"@type\":\"Organization\",\"@id\":\"https:\/\/drewmax.net.pl\/en\/#organization\",\"name\":\"DREWMAX Sp\\u00f3\\u0142ka z o.o.\",\"url\":\"https:\/\/drewmax.net.pl\/en\/\",\"sameAs\":[\"https:\/\/www.facebook.com\/Drewmax-111641623604429\/\",\"https:\/\/www.instagram.com\/drewmax.net.pl\/\",\"https:\/\/www.youtube.com\/channel\/UCCS8U5F8gSyJAlSWjxgbLRQ\"],\"logo\":{\"@type\":\"ImageObject\",\"@id\":\"https:\/\/drewmax.net.pl\/en\/#logo\",\"inLanguage\":\"it-IT\",\"url\":\"\",\"caption\":\"DREWMAX Sp\\u00f3\\u0142ka z o.o.\"},\"image\":{\"@id\":\"https:\/\/drewmax.net.pl\/en\/#logo\"}},{\"@type\":\"WebSite\",\"@id\":\"https:\/\/drewmax.net.pl\/en\/#website\",\"url\":\"https:\/\/drewmax.net.pl\/en\/\",\"name\":\"(Polski) Drewmax - Wa\\u017cenie | Pakowanie | Paletyzacja | Automatyka\",\"description\":\"\",\"publisher\":{\"@id\":\"https:\/\/drewmax.net.pl\/en\/#organization\"},\"potentialAction\":[{\"@type\":\"SearchAction\",\"target\":\"https:\/\/drewmax.net.pl\/en\/?s={search_term_string}\",\"query-input\":\"required name=search_term_string\"}],\"inLanguage\":\"it-IT\"},{\"@type\":\"ImageObject\",\"@id\":\"https:\/\/drewmax.net.pl\/ukladaczka-uka-600\/#primaryimage\",\"inLanguage\":\"it-IT\",\"url\":\"https:\/\/drewmax.net.pl\/wp-content\/uploads\/2024\/12\/FE_POIR_poziom_pl-1_rgb-1024x141.jpg\"},{\"@type\":\"WebPage\",\"@id\":\"https:\/\/drewmax.net.pl\/ukladaczka-uka-600\/#webpage\",\"url\":\"https:\/\/drewmax.net.pl\/ukladaczka-uka-600\/\",\"name\":\"[:pl]Uk\\u0142adaczka UKA 600[:] - (Polski) Drewmax - Wa\\u017cenie | Pakowanie | Paletyzacja | Automatyka\",\"isPartOf\":{\"@id\":\"https:\/\/drewmax.net.pl\/en\/#website\"},\"primaryImageOfPage\":{\"@id\":\"https:\/\/drewmax.net.pl\/ukladaczka-uka-600\/#primaryimage\"},\"datePublished\":\"2024-01-05T07:49:24+00:00\",\"dateModified\":\"2025-04-03T12:21:18+00:00\",\"description\":\"uk\\u0142adaczka wa\\u017cenie pakowanie paletyzacja automatyka przemys\\u0142owa bigbag stratch zbiorniki technologizne mikrodozowanie\",\"breadcrumb\":{\"@id\":\"https:\/\/drewmax.net.pl\/ukladaczka-uka-600\/#breadcrumb\"},\"inLanguage\":\"it-IT\",\"potentialAction\":[{\"@type\":\"ReadAction\",\"target\":[\"https:\/\/drewmax.net.pl\/ukladaczka-uka-600\/\"]}]},{\"@type\":\"BreadcrumbList\",\"@id\":\"https:\/\/drewmax.net.pl\/ukladaczka-uka-600\/#breadcrumb\",\"itemListElement\":[{\"@type\":\"ListItem\",\"position\":1,\"item\":{\"@type\":\"WebPage\",\"@id\":\"https:\/\/drewmax.net.pl\/\",\"url\":\"https:\/\/drewmax.net.pl\/\",\"name\":\"Home\"}},{\"@type\":\"ListItem\",\"position\":2,\"item\":{\"@type\":\"WebPage\",\"@id\":\"https:\/\/drewmax.net.pl\/ukladaczka-uka-600\/\",\"url\":\"https:\/\/drewmax.net.pl\/ukladaczka-uka-600\/\",\"name\":\"Uk\\u0142adaczka UKA 600\"}}]}]}<\/script>\n<!-- \/ Yoast SEO Premium plugin. -->","_links":{"self":[{"href":"https:\/\/drewmax.net.pl\/it\/wp-json\/wp\/v2\/pages\/21822"}],"collection":[{"href":"https:\/\/drewmax.net.pl\/it\/wp-json\/wp\/v2\/pages"}],"about":[{"href":"https:\/\/drewmax.net.pl\/it\/wp-json\/wp\/v2\/types\/page"}],"author":[{"embeddable":true,"href":"https:\/\/drewmax.net.pl\/it\/wp-json\/wp\/v2\/users\/36"}],"replies":[{"embeddable":true,"href":"https:\/\/drewmax.net.pl\/it\/wp-json\/wp\/v2\/comments?post=21822"}],"version-history":[{"count":100,"href":"https:\/\/drewmax.net.pl\/it\/wp-json\/wp\/v2\/pages\/21822\/revisions"}],"predecessor-version":[{"id":32017,"href":"https:\/\/drewmax.net.pl\/it\/wp-json\/wp\/v2\/pages\/21822\/revisions\/32017"}],"wp:attachment":[{"href":"https:\/\/drewmax.net.pl\/it\/wp-json\/wp\/v2\/media?parent=21822"}],"curies":[{"name":"wp","href":"https:\/\/api.w.org\/{rel}","templated":true}]}}