{"id":21654,"date":"2024-01-04T09:29:44","date_gmt":"2024-01-04T08:29:44","guid":{"rendered":"https:\/\/drewmax.net.pl\/?page_id=21654"},"modified":"2025-04-03T13:57:43","modified_gmt":"2025-04-03T11:57:43","slug":"automatyczna-linia-pakujaca-1500w","status":"publish","type":"page","link":"https:\/\/drewmax.net.pl\/it\/automatyczna-linia-pakujaca-1500w\/","title":{"rendered":"(Polski) Automatyczna linia pakuj\u0105ca typ: LA1500W"},"content":{"rendered":"\t\t<div data-elementor-type=\"wp-page\" data-elementor-id=\"21654\" class=\"elementor elementor-21654\" data-elementor-settings=\"[]\">\n\t\t\t\t\t\t<div class=\"elementor-inner\">\n\t\t\t\t\t\t\t<div class=\"elementor-section-wrap\">\n\t\t\t\t\t\t\t<section class=\"elementor-section elementor-top-section elementor-element elementor-element-2ddcf32c elementor-section-boxed elementor-section-height-default elementor-section-height-default\" data-id=\"2ddcf32c\" data-element_type=\"section\" data-settings=\"{&quot;background_background&quot;:&quot;classic&quot;}\">\n\t\t\t\t\t\t<div class=\"elementor-container elementor-column-gap-default\">\n\t\t\t\t\t\t\t<div class=\"elementor-row\">\n\t\t\t\t\t<div class=\"elementor-column elementor-col-100 elementor-top-column elementor-element elementor-element-50851516\" data-id=\"50851516\" data-element_type=\"column\">\n\t\t\t<div class=\"elementor-column-wrap elementor-element-populated\">\n\t\t\t\t\t\t\t<div class=\"elementor-widget-wrap\">\n\t\t\t\t\t\t<div class=\"elementor-element elementor-element-dc8073d elementor-widget elementor-widget-image\" data-id=\"dc8073d\" data-element_type=\"widget\" data-widget_type=\"image.default\">\n\t\t\t\t<div class=\"elementor-widget-container\">\n\t\t\t\t\t\t\t\t<div class=\"elementor-image\">\n\t\t\t\t\t\t\t\t\t\t\t\t<img width=\"980\" height=\"104\" src=\"https:\/\/drewmax.net.pl\/wp-content\/uploads\/2023\/12\/FE-logo-1024x109.png\" class=\"attachment-large size-large\" alt=\"\" loading=\"lazy\" srcset=\"https:\/\/drewmax.net.pl\/wp-content\/uploads\/2023\/12\/FE-logo-1024x109.png 1024w, https:\/\/drewmax.net.pl\/wp-content\/uploads\/2023\/12\/FE-logo-300x32.png 300w, https:\/\/drewmax.net.pl\/wp-content\/uploads\/2023\/12\/FE-logo-768x82.png 768w, https:\/\/drewmax.net.pl\/wp-content\/uploads\/2023\/12\/FE-logo-1536x164.png 1536w, https:\/\/drewmax.net.pl\/wp-content\/uploads\/2023\/12\/FE-logo.png 1920w\" sizes=\"(max-width: 980px) 100vw, 980px\" \/>\t\t\t\t\t\t\t\t\t\t\t\t\t\t<\/div>\n\t\t\t\t\t\t<\/div>\n\t\t\t\t<\/div>\n\t\t\t\t<div class=\"elementor-element elementor-element-179d17e1 elementor-widget elementor-widget-heading\" data-id=\"179d17e1\" data-element_type=\"widget\" data-widget_type=\"heading.default\">\n\t\t\t\t<div class=\"elementor-widget-container\">\n\t\t\t<h2 class=\"elementor-heading-title elementor-size-xl\"><br>Linea automatica di confezionamento tipo: LA1500W\n<br><br><\/h2>\t\t<\/div>\n\t\t\t\t<\/div>\n\t\t\t\t\t\t<\/div>\n\t\t\t\t\t<\/div>\n\t\t<\/div>\n\t\t\t\t\t\t\t\t<\/div>\n\t\t\t\t\t<\/div>\n\t\t<\/section>\n\t\t\t\t<section class=\"elementor-section elementor-top-section elementor-element elementor-element-305236bd elementor-section-boxed elementor-section-height-default elementor-section-height-default\" data-id=\"305236bd\" data-element_type=\"section\" data-settings=\"{&quot;background_background&quot;:&quot;classic&quot;}\">\n\t\t\t\t\t\t<div class=\"elementor-container elementor-column-gap-default\">\n\t\t\t\t\t\t\t<div class=\"elementor-row\">\n\t\t\t\t\t<div class=\"elementor-column elementor-col-50 elementor-top-column elementor-element elementor-element-221a6c5c\" data-id=\"221a6c5c\" data-element_type=\"column\">\n\t\t\t<div class=\"elementor-column-wrap elementor-element-populated\">\n\t\t\t\t\t\t\t<div class=\"elementor-widget-wrap\">\n\t\t\t\t\t\t<div class=\"elementor-element elementor-element-57637236 elementor-widget elementor-widget-text-editor\" data-id=\"57637236\" data-element_type=\"widget\" data-widget_type=\"text-editor.default\">\n\t\t\t\t<div class=\"elementor-widget-container\">\n\t\t\t\t\t\t\t\t<div class=\"elementor-text-editor elementor-clearfix\">\n\t\t\t\t<p><\/p><p data-start=\"34\" data-end=\"377\">L&#8217;integrazione delle moderne tecnologie e dei componenti dei migliori marchi ha permesso la creazione della linea automatica di confezionamento tipo LA1500W. La linea automatica di confezionamento LA1500W \u00e8 un dispositivo progettato per il confezionamento di prodotti<strong> sfusi, granulati o polverosi<\/strong> in sacchi realizzati con tubo di plastica.<\/p><p data-start=\"379\" data-end=\"579\">Il dispositivo \u00e8 progettato per ottenere un&#8217;elevata produttivit\u00e0 di confezionamento per materiali sfusi e polverosi, fino a <strong>1500 porzioni\/ora<\/strong>, in base al tipo e alla densit\u00e0 del prodotto confezionato.<\/p><p data-start=\"581\" data-end=\"786\" data-is-last-node=\"\" data-is-only-node=\"\">Il sistema di alimentazione a pendolo utilizzato nella macchina garantisce grande stabilit\u00e0 e ripetibilit\u00e0 nel prelevamento e nel riempimento dei sacchi provenienti da bobine di diverse dimensioni e forme.<\/p><p><span style=\"background-color: var( --e-global-color-1f49e10 );\"><\/span><\/p>\t\t\t\t\t<\/div>\n\t\t\t\t\t\t<\/div>\n\t\t\t\t<\/div>\n\t\t\t\t\t\t<\/div>\n\t\t\t\t\t<\/div>\n\t\t<\/div>\n\t\t\t\t<div class=\"elementor-column elementor-col-50 elementor-top-column elementor-element elementor-element-760a1499\" data-id=\"760a1499\" data-element_type=\"column\">\n\t\t\t<div class=\"elementor-column-wrap elementor-element-populated\">\n\t\t\t\t\t\t\t<div class=\"elementor-widget-wrap\">\n\t\t\t\t\t\t<div class=\"elementor-element elementor-element-35104703 elementor-widget elementor-widget-image\" data-id=\"35104703\" data-element_type=\"widget\" data-widget_type=\"image.default\">\n\t\t\t\t<div class=\"elementor-widget-container\">\n\t\t\t\t\t\t\t\t<div class=\"elementor-image\">\n\t\t\t\t\t\t\t\t\t\t\t\t<img width=\"815\" height=\"686\" src=\"https:\/\/drewmax.net.pl\/wp-content\/uploads\/2024\/01\/LA1500W-Izometria.png\" class=\"attachment-large size-large\" alt=\"\" loading=\"lazy\" srcset=\"https:\/\/drewmax.net.pl\/wp-content\/uploads\/2024\/01\/LA1500W-Izometria.png 815w, https:\/\/drewmax.net.pl\/wp-content\/uploads\/2024\/01\/LA1500W-Izometria-300x253.png 300w, https:\/\/drewmax.net.pl\/wp-content\/uploads\/2024\/01\/LA1500W-Izometria-768x646.png 768w\" sizes=\"(max-width: 815px) 100vw, 815px\" \/>\t\t\t\t\t\t\t\t\t\t\t\t\t\t<\/div>\n\t\t\t\t\t\t<\/div>\n\t\t\t\t<\/div>\n\t\t\t\t\t\t<\/div>\n\t\t\t\t\t<\/div>\n\t\t<\/div>\n\t\t\t\t\t\t\t\t<\/div>\n\t\t\t\t\t<\/div>\n\t\t<\/section>\n\t\t\t\t<section class=\"elementor-section elementor-top-section elementor-element elementor-element-78360c73 elementor-section-boxed elementor-section-height-default elementor-section-height-default\" data-id=\"78360c73\" data-element_type=\"section\" data-settings=\"{&quot;background_background&quot;:&quot;classic&quot;}\">\n\t\t\t\t\t\t<div class=\"elementor-container elementor-column-gap-default\">\n\t\t\t\t\t\t\t<div class=\"elementor-row\">\n\t\t\t\t\t<div class=\"elementor-column elementor-col-100 elementor-top-column elementor-element elementor-element-bbae90a\" data-id=\"bbae90a\" data-element_type=\"column\">\n\t\t\t<div class=\"elementor-column-wrap elementor-element-populated\">\n\t\t\t\t\t\t\t<div class=\"elementor-widget-wrap\">\n\t\t\t\t\t\t<div class=\"elementor-element elementor-element-612960e6 elementor-widget elementor-widget-text-editor\" data-id=\"612960e6\" data-element_type=\"widget\" data-widget_type=\"text-editor.default\">\n\t\t\t\t<div class=\"elementor-widget-container\">\n\t\t\t\t\t\t\t\t<div class=\"elementor-text-editor elementor-clearfix\">\n\t\t\t\t<p><\/p><p data-start=\"34\" data-end=\"149\"><span style=\"text-decoration: underline;\"><strong data-start=\"34\" data-end=\"149\">I meccanismi sono stati progettati in modo da suddividere il dispositivo in 6 principali zone, come ad esempio:<\/strong><\/span><\/p><ul data-start=\"151\" data-end=\"429\" data-is-last-node=\"\" data-is-only-node=\"\"><li data-start=\"151\" data-end=\"192\">Formatura e taglio del tubo di plastica<\/li><li data-start=\"193\" data-end=\"213\">Apertura del sacco<\/li><li data-start=\"214\" data-end=\"227\">Riempimento<\/li><li data-start=\"228\" data-end=\"313\">Pulizia della parte superiore del sacco (in base alle caratteristiche del prodotto)<\/li><li data-start=\"314\" data-end=\"346\">Saldatura e chiusura del sacco<\/li><li data-start=\"347\" data-end=\"429\" data-is-last-node=\"\">Raffreddamento della saldatura superiore del sacco prima dell&#8217;uscita dalla linea<\/li><\/ul><p><span style=\"background-color: var( --e-global-color-1f49e10 );\"><\/span><\/p>\t\t\t\t\t<\/div>\n\t\t\t\t\t\t<\/div>\n\t\t\t\t<\/div>\n\t\t\t\t\t\t<\/div>\n\t\t\t\t\t<\/div>\n\t\t<\/div>\n\t\t\t\t<div class=\"elementor-column elementor-col-100 elementor-top-column elementor-element elementor-element-3b62e3b3\" data-id=\"3b62e3b3\" data-element_type=\"column\">\n\t\t\t<div class=\"elementor-column-wrap elementor-element-populated\">\n\t\t\t\t\t\t\t<div class=\"elementor-widget-wrap\">\n\t\t\t\t\t\t<div class=\"elementor-element elementor-element-cd3c3e3 elementor-widget elementor-widget-text-editor\" data-id=\"cd3c3e3\" data-element_type=\"widget\" data-widget_type=\"text-editor.default\">\n\t\t\t\t<div class=\"elementor-widget-container\">\n\t\t\t\t\t\t\t\t<div class=\"elementor-text-editor elementor-clearfix\">\n\t\t\t\t<p><\/p><p data-start=\"34\" data-end=\"76\"><span style=\"text-decoration: underline;\"><strong data-start=\"34\" data-end=\"76\">Componenti principali del dispositivo:<\/strong><\/span><\/p><ul data-start=\"78\" data-end=\"489\" data-is-last-node=\"\" data-is-only-node=\"\"><li data-start=\"78\" data-end=\"136\">Sistema di alimentazione dei sacchi dal tubo di plastica<\/li><li data-start=\"137\" data-end=\"148\">Beccuccio<\/li><li data-start=\"149\" data-end=\"203\">Sistema di formatura della parte superiore del sacco<\/li><li data-start=\"204\" data-end=\"254\">Sistema di guida della parte superiore del sacco<\/li><li data-start=\"255\" data-end=\"305\">Nastro trasportatore per il trasporto dei sacchi<\/li><li data-start=\"306\" data-end=\"368\">Sistema di regolazione dell&#8217;altezza dei nastri trasportatori<\/li><li data-start=\"369\" data-end=\"391\">Sistema di saldatura<\/li><li data-start=\"392\" data-end=\"489\" data-is-last-node=\"\">Nastro trasportatore laterale per il ritiro dei sacchi con sistema di capovolgimento dei sacchi<\/li><\/ul><p><span style=\"background-color: var( --e-global-color-1f49e10 );\"><\/span><\/p>\t\t\t\t\t<\/div>\n\t\t\t\t\t\t<\/div>\n\t\t\t\t<\/div>\n\t\t\t\t\t\t<\/div>\n\t\t\t\t\t<\/div>\n\t\t<\/div>\n\t\t\t\t\t\t\t\t<\/div>\n\t\t\t\t\t<\/div>\n\t\t<\/section>\n\t\t\t\t<section class=\"elementor-section elementor-top-section elementor-element elementor-element-234db9de elementor-section-boxed elementor-section-height-default elementor-section-height-default\" data-id=\"234db9de\" data-element_type=\"section\" data-settings=\"{&quot;background_background&quot;:&quot;classic&quot;}\">\n\t\t\t\t\t\t<div class=\"elementor-container elementor-column-gap-default\">\n\t\t\t\t\t\t\t<div class=\"elementor-row\">\n\t\t\t\t\t<div class=\"elementor-column elementor-col-100 elementor-top-column elementor-element elementor-element-6f6f693a\" data-id=\"6f6f693a\" data-element_type=\"column\">\n\t\t\t<div class=\"elementor-column-wrap elementor-element-populated\">\n\t\t\t\t\t\t\t<div class=\"elementor-widget-wrap\">\n\t\t\t\t\t\t<div class=\"elementor-element elementor-element-16c40bbc elementor-align-center elementor-widget elementor-widget-button\" data-id=\"16c40bbc\" data-element_type=\"widget\" data-widget_type=\"button.default\">\n\t\t\t\t<div class=\"elementor-widget-container\">\n\t\t\t\t\t<div class=\"elementor-button-wrapper\">\n\t\t\t<a href=\"https:\/\/drewmax.net.pl\/wp-content\/uploads\/2025\/04\/LA-1500_front_IT.pdf\" target=\"_blank\" class=\"elementor-button-link elementor-button elementor-size-lg\" role=\"button\">\n\t\t\t\t\t\t<span class=\"elementor-button-content-wrapper\">\n\t\t\t\t\t\t<span class=\"elementor-button-icon elementor-align-icon-left\">\n\t\t\t\t<i aria-hidden=\"true\" class=\"fas fa-file-download\"><\/i>\t\t\t<\/span>\n\t\t\t\t\t\t<span class=\"elementor-button-text\">Scarica la scheda del prodotto<\/span>\n\t\t<\/span>\n\t\t\t\t\t<\/a>\n\t\t<\/div>\n\t\t\t\t<\/div>\n\t\t\t\t<\/div>\n\t\t\t\t<div class=\"elementor-element elementor-element-2c68e769 elementor-widget elementor-widget-spacer\" data-id=\"2c68e769\" data-element_type=\"widget\" data-widget_type=\"spacer.default\">\n\t\t\t\t<div class=\"elementor-widget-container\">\n\t\t\t\t\t<div class=\"elementor-spacer\">\n\t\t\t<div class=\"elementor-spacer-inner\"><\/div>\n\t\t<\/div>\n\t\t\t\t<\/div>\n\t\t\t\t<\/div>\n\t\t\t\t\t\t<\/div>\n\t\t\t\t\t<\/div>\n\t\t<\/div>\n\t\t\t\t\t\t\t\t<\/div>\n\t\t\t\t\t<\/div>\n\t\t<\/section>\n\t\t\t\t\t\t<\/div>\n\t\t\t\t\t\t<\/div>\n\t\t\t\t\t<\/div>\n\t\t","protected":false},"excerpt":{"rendered":"<p>Linea automatica di confezionamento tipo: LA1500W L&#8217;integrazione delle moderne tecnologie e dei componenti dei migliori marchi ha permesso la creazione della linea automatica di confezionamento tipo LA1500W. La linea automatica di confezionamento LA1500W \u00e8 un dispositivo progettato per il confezionamento di prodotti sfusi, granulati o polverosi in sacchi realizzati con tubo di plastica. Il dispositivo&hellip;<\/p>\n","protected":false},"author":36,"featured_media":0,"parent":0,"menu_order":0,"comment_status":"closed","ping_status":"closed","template":"","meta":[],"yoast_head":"<!-- This site is optimized with the Yoast SEO Premium plugin v15.5 - https:\/\/yoast.com\/wordpress\/plugins\/seo\/ -->\n<title><\/title>\n<meta name=\"description\" content=\"Automatyczna linia pakuj\u0105ca wa\u017cenie pakowanie paletyzacja automatyka przemys\u0142owa mikrodozowanie stretch zbiorniki technologiczne\" \/>\n<meta name=\"robots\" content=\"index, follow, max-snippet:-1, max-image-preview:large, max-video-preview:-1\" \/>\n<link rel=\"canonical\" href=\"https:\/\/drewmax.net.pl\/automatyczna-linia-pakujaca-1500w\/\" \/>\n<meta property=\"og:locale\" content=\"it_IT\" \/>\n<meta property=\"og:type\" content=\"article\" \/>\n<meta property=\"og:title\" content=\"[:pl]Automatyczna linia pakuj\u0105ca typ: LA1500W[:] - (Polski) Drewmax - Wa\u017cenie | Pakowanie | Paletyzacja | Automatyka\" \/>\n<meta property=\"og:description\" content=\"Automatyczna linia pakuj\u0105ca wa\u017cenie pakowanie paletyzacja automatyka przemys\u0142owa mikrodozowanie stretch zbiorniki technologiczne\" \/>\n<meta property=\"og:url\" content=\"https:\/\/drewmax.net.pl\/automatyczna-linia-pakujaca-1500w\/\" \/>\n<meta property=\"og:site_name\" content=\"(Polski) Drewmax - Wa\u017cenie | Pakowanie | Paletyzacja | Automatyka\" \/>\n<meta property=\"article:publisher\" content=\"https:\/\/www.facebook.com\/Drewmax-111641623604429\/\" \/>\n<meta property=\"article:modified_time\" content=\"2025-04-03T11:57:43+00:00\" \/>\n<meta property=\"og:image\" content=\"https:\/\/drewmax.net.pl\/wp-content\/uploads\/2023\/12\/FE-logo-1024x109.png\" \/>\n<meta name=\"twitter:card\" content=\"summary_large_image\" \/>\n<meta name=\"twitter:label1\" content=\"Tempo di lettura stimato\">\n\t<meta name=\"twitter:data1\" content=\"7 minuti\">\n<script type=\"application\/ld+json\" class=\"yoast-schema-graph\">{\"@context\":\"https:\/\/schema.org\",\"@graph\":[{\"@type\":\"Organization\",\"@id\":\"https:\/\/drewmax.net.pl\/en\/#organization\",\"name\":\"DREWMAX Sp\\u00f3\\u0142ka z o.o.\",\"url\":\"https:\/\/drewmax.net.pl\/en\/\",\"sameAs\":[\"https:\/\/www.facebook.com\/Drewmax-111641623604429\/\",\"https:\/\/www.instagram.com\/drewmax.net.pl\/\",\"https:\/\/www.youtube.com\/channel\/UCCS8U5F8gSyJAlSWjxgbLRQ\"],\"logo\":{\"@type\":\"ImageObject\",\"@id\":\"https:\/\/drewmax.net.pl\/en\/#logo\",\"inLanguage\":\"it-IT\",\"url\":\"\",\"caption\":\"DREWMAX Sp\\u00f3\\u0142ka z o.o.\"},\"image\":{\"@id\":\"https:\/\/drewmax.net.pl\/en\/#logo\"}},{\"@type\":\"WebSite\",\"@id\":\"https:\/\/drewmax.net.pl\/en\/#website\",\"url\":\"https:\/\/drewmax.net.pl\/en\/\",\"name\":\"(Polski) Drewmax - Wa\\u017cenie | Pakowanie | Paletyzacja | Automatyka\",\"description\":\"\",\"publisher\":{\"@id\":\"https:\/\/drewmax.net.pl\/en\/#organization\"},\"potentialAction\":[{\"@type\":\"SearchAction\",\"target\":\"https:\/\/drewmax.net.pl\/en\/?s={search_term_string}\",\"query-input\":\"required name=search_term_string\"}],\"inLanguage\":\"it-IT\"},{\"@type\":\"ImageObject\",\"@id\":\"https:\/\/drewmax.net.pl\/automatyczna-linia-pakujaca-1500w\/#primaryimage\",\"inLanguage\":\"it-IT\",\"url\":\"https:\/\/drewmax.net.pl\/wp-content\/uploads\/2023\/12\/FE-logo.png\",\"width\":1920,\"height\":205},{\"@type\":\"WebPage\",\"@id\":\"https:\/\/drewmax.net.pl\/automatyczna-linia-pakujaca-1500w\/#webpage\",\"url\":\"https:\/\/drewmax.net.pl\/automatyczna-linia-pakujaca-1500w\/\",\"name\":\"[:pl]Automatyczna linia pakuj\\u0105ca typ: LA1500W[:] - (Polski) Drewmax - Wa\\u017cenie | Pakowanie | Paletyzacja | Automatyka\",\"isPartOf\":{\"@id\":\"https:\/\/drewmax.net.pl\/en\/#website\"},\"primaryImageOfPage\":{\"@id\":\"https:\/\/drewmax.net.pl\/automatyczna-linia-pakujaca-1500w\/#primaryimage\"},\"datePublished\":\"2024-01-04T08:29:44+00:00\",\"dateModified\":\"2025-04-03T11:57:43+00:00\",\"description\":\"Automatyczna linia pakuj\\u0105ca wa\\u017cenie pakowanie paletyzacja automatyka przemys\\u0142owa mikrodozowanie stretch zbiorniki technologiczne\",\"breadcrumb\":{\"@id\":\"https:\/\/drewmax.net.pl\/automatyczna-linia-pakujaca-1500w\/#breadcrumb\"},\"inLanguage\":\"it-IT\",\"potentialAction\":[{\"@type\":\"ReadAction\",\"target\":[\"https:\/\/drewmax.net.pl\/automatyczna-linia-pakujaca-1500w\/\"]}]},{\"@type\":\"BreadcrumbList\",\"@id\":\"https:\/\/drewmax.net.pl\/automatyczna-linia-pakujaca-1500w\/#breadcrumb\",\"itemListElement\":[{\"@type\":\"ListItem\",\"position\":1,\"item\":{\"@type\":\"WebPage\",\"@id\":\"https:\/\/drewmax.net.pl\/\",\"url\":\"https:\/\/drewmax.net.pl\/\",\"name\":\"Home\"}},{\"@type\":\"ListItem\",\"position\":2,\"item\":{\"@type\":\"WebPage\",\"@id\":\"https:\/\/drewmax.net.pl\/automatyczna-linia-pakujaca-1500w\/\",\"url\":\"https:\/\/drewmax.net.pl\/automatyczna-linia-pakujaca-1500w\/\",\"name\":\"Automatyczna linia pakuj\\u0105ca typ: LA1500W\"}}]}]}<\/script>\n<!-- \/ Yoast SEO Premium plugin. -->","_links":{"self":[{"href":"https:\/\/drewmax.net.pl\/it\/wp-json\/wp\/v2\/pages\/21654"}],"collection":[{"href":"https:\/\/drewmax.net.pl\/it\/wp-json\/wp\/v2\/pages"}],"about":[{"href":"https:\/\/drewmax.net.pl\/it\/wp-json\/wp\/v2\/types\/page"}],"author":[{"embeddable":true,"href":"https:\/\/drewmax.net.pl\/it\/wp-json\/wp\/v2\/users\/36"}],"replies":[{"embeddable":true,"href":"https:\/\/drewmax.net.pl\/it\/wp-json\/wp\/v2\/comments?post=21654"}],"version-history":[{"count":107,"href":"https:\/\/drewmax.net.pl\/it\/wp-json\/wp\/v2\/pages\/21654\/revisions"}],"predecessor-version":[{"id":32005,"href":"https:\/\/drewmax.net.pl\/it\/wp-json\/wp\/v2\/pages\/21654\/revisions\/32005"}],"wp:attachment":[{"href":"https:\/\/drewmax.net.pl\/it\/wp-json\/wp\/v2\/media?parent=21654"}],"curies":[{"name":"wp","href":"https:\/\/api.w.org\/{rel}","templated":true}]}}