{"id":186,"date":"2016-07-21T13:42:58","date_gmt":"2016-07-21T11:42:58","guid":{"rendered":"http:\/\/drewmax.net.pl\/?page_id=186"},"modified":"2025-04-02T12:14:10","modified_gmt":"2025-04-02T10:14:10","slug":"zbiornik-technologiczny","status":"publish","type":"page","link":"https:\/\/drewmax.net.pl\/it\/zbiornik-technologiczny\/","title":{"rendered":"Zbiorniki technologiczne"},"content":{"rendered":"\t\t<div data-elementor-type=\"wp-post\" data-elementor-id=\"186\" class=\"elementor elementor-186\" data-elementor-settings=\"[]\">\n\t\t\t\t\t\t<div class=\"elementor-inner\">\n\t\t\t\t\t\t\t<div class=\"elementor-section-wrap\">\n\t\t\t\t\t\t\t<section class=\"elementor-section elementor-top-section elementor-element elementor-element-c747eeb elementor-section-boxed elementor-section-height-default elementor-section-height-default\" data-id=\"c747eeb\" data-element_type=\"section\" data-settings=\"{&quot;background_background&quot;:&quot;classic&quot;}\">\n\t\t\t\t\t\t<div class=\"elementor-container elementor-column-gap-default\">\n\t\t\t\t\t\t\t<div class=\"elementor-row\">\n\t\t\t\t\t<div class=\"elementor-column elementor-col-100 elementor-top-column elementor-element elementor-element-2f9f055\" data-id=\"2f9f055\" data-element_type=\"column\">\n\t\t\t<div class=\"elementor-column-wrap elementor-element-populated\">\n\t\t\t\t\t\t\t<div class=\"elementor-widget-wrap\">\n\t\t\t\t\t\t<div class=\"elementor-element elementor-element-9ef118e elementor-widget elementor-widget-heading\" data-id=\"9ef118e\" data-element_type=\"widget\" data-widget_type=\"heading.default\">\n\t\t\t\t<div class=\"elementor-widget-container\">\n\t\t\t<h2 class=\"elementor-heading-title elementor-size-xl\">Serbatoi tecnologici\n<\/h2>\t\t<\/div>\n\t\t\t\t<\/div>\n\t\t\t\t\t\t<\/div>\n\t\t\t\t\t<\/div>\n\t\t<\/div>\n\t\t\t\t\t\t\t\t<\/div>\n\t\t\t\t\t<\/div>\n\t\t<\/section>\n\t\t\t\t<section class=\"elementor-section elementor-top-section elementor-element elementor-element-80e1536 elementor-section-boxed elementor-section-height-default elementor-section-height-default\" data-id=\"80e1536\" data-element_type=\"section\" data-settings=\"{&quot;background_background&quot;:&quot;classic&quot;}\">\n\t\t\t\t\t\t<div class=\"elementor-container elementor-column-gap-default\">\n\t\t\t\t\t\t\t<div class=\"elementor-row\">\n\t\t\t\t\t<div class=\"elementor-column elementor-col-100 elementor-top-column elementor-element elementor-element-997c141\" data-id=\"997c141\" data-element_type=\"column\">\n\t\t\t<div class=\"elementor-column-wrap elementor-element-populated\">\n\t\t\t\t\t\t\t<div class=\"elementor-widget-wrap\">\n\t\t\t\t\t\t<div class=\"elementor-element elementor-element-27ad521 elementor-widget elementor-widget-text-editor\" data-id=\"27ad521\" data-element_type=\"widget\" data-widget_type=\"text-editor.default\">\n\t\t\t\t<div class=\"elementor-widget-container\">\n\t\t\t\t\t\t\t\t<div class=\"elementor-text-editor elementor-clearfix\">\n\t\t\t\t<p><\/p><p data-start=\"0\" data-end=\"369\">Drewmax \u00e8 un produttore di una vasta gamma di serbatoi tecnologici. L&#8217;ampio parco macchine consente all&#8217;azienda di realizzare anche gli ordini pi\u00f9 esigenti. I serbatoi tecnologici offerti possono essere equipaggiati, tra le altre cose, con boccaporti di ispezione, raccordi di aspirazione, raccordi di montaggio per dispositivi aggiuntivi, staffe di montaggio, ecc.<\/p><p data-start=\"371\" data-end=\"471\">In base al tipo di serbatoi prodotti da Drewmax, i prodotti di questa sezione sono suddivisi in:<\/p><ul data-start=\"473\" data-end=\"595\" data-is-only-node=\"\" data-is-last-node=\"\"><li data-start=\"473\" data-end=\"496\"><strong data-start=\"475\" data-end=\"496\">Serbatoi saldati,<\/strong><\/li><li data-start=\"497\" data-end=\"521\"><strong data-start=\"499\" data-end=\"521\">Serbatoi avvitati,<\/strong><\/li><li data-start=\"522\" data-end=\"559\"><strong data-start=\"524\" data-end=\"559\">Serbatoi a pannelli scorrevoli,<\/strong><\/li><li data-start=\"560\" data-end=\"595\" data-is-last-node=\"\"><strong data-start=\"562\" data-end=\"595\" data-is-last-node=\"\">Serbatoi a pannelli avvitati.<\/strong><\/li><\/ul><p><\/p>\t\t\t\t\t<\/div>\n\t\t\t\t\t\t<\/div>\n\t\t\t\t<\/div>\n\t\t\t\t\t\t<\/div>\n\t\t\t\t\t<\/div>\n\t\t<\/div>\n\t\t\t\t<div class=\"elementor-column elementor-col-100 elementor-top-column elementor-element elementor-element-ac180d6\" data-id=\"ac180d6\" data-element_type=\"column\">\n\t\t\t<div class=\"elementor-column-wrap elementor-element-populated\">\n\t\t\t\t\t\t\t<div class=\"elementor-widget-wrap\">\n\t\t\t\t\t\t<div class=\"elementor-element elementor-element-c26a46c elementor-widget elementor-widget-image\" data-id=\"c26a46c\" data-element_type=\"widget\" data-widget_type=\"image.default\">\n\t\t\t\t<div class=\"elementor-widget-container\">\n\t\t\t\t\t\t\t\t<div class=\"elementor-image\">\n\t\t\t\t\t\t\t\t\t\t\t\t<img width=\"548\" height=\"570\" src=\"https:\/\/drewmax.net.pl\/wp-content\/uploads\/2020\/10\/zt1-1.png\" class=\"attachment-large size-large\" alt=\"zbiorniki-technologiczne-1\" loading=\"lazy\" srcset=\"https:\/\/drewmax.net.pl\/wp-content\/uploads\/2020\/10\/zt1-1.png 548w, https:\/\/drewmax.net.pl\/wp-content\/uploads\/2020\/10\/zt1-1-288x300.png 288w\" sizes=\"(max-width: 548px) 100vw, 548px\" \/>\t\t\t\t\t\t\t\t\t\t\t\t\t\t<\/div>\n\t\t\t\t\t\t<\/div>\n\t\t\t\t<\/div>\n\t\t\t\t\t\t<\/div>\n\t\t\t\t\t<\/div>\n\t\t<\/div>\n\t\t\t\t\t\t\t\t<\/div>\n\t\t\t\t\t<\/div>\n\t\t<\/section>\n\t\t\t\t<section class=\"elementor-section elementor-top-section elementor-element elementor-element-48907f3 elementor-section-boxed elementor-section-height-default elementor-section-height-default\" data-id=\"48907f3\" data-element_type=\"section\" data-settings=\"{&quot;background_background&quot;:&quot;classic&quot;}\">\n\t\t\t\t\t\t<div class=\"elementor-container elementor-column-gap-default\">\n\t\t\t\t\t\t\t<div class=\"elementor-row\">\n\t\t\t\t\t<div class=\"elementor-column elementor-col-50 elementor-top-column elementor-element elementor-element-f72c8df\" data-id=\"f72c8df\" data-element_type=\"column\">\n\t\t\t<div class=\"elementor-column-wrap elementor-element-populated\">\n\t\t\t\t\t\t\t<div class=\"elementor-widget-wrap\">\n\t\t\t\t\t\t<div class=\"elementor-element elementor-element-e2386f1 elementor-widget elementor-widget-image\" data-id=\"e2386f1\" data-element_type=\"widget\" data-widget_type=\"image.default\">\n\t\t\t\t<div class=\"elementor-widget-container\">\n\t\t\t\t\t\t\t\t<div class=\"elementor-image\">\n\t\t\t\t\t\t\t\t\t\t\t\t<img width=\"411\" height=\"602\" src=\"https:\/\/drewmax.net.pl\/wp-content\/uploads\/2020\/10\/zt2-1.png\" class=\"attachment-large size-large\" alt=\"zbiorniki-technologiczne-2\" loading=\"lazy\" srcset=\"https:\/\/drewmax.net.pl\/wp-content\/uploads\/2020\/10\/zt2-1.png 411w, https:\/\/drewmax.net.pl\/wp-content\/uploads\/2020\/10\/zt2-1-205x300.png 205w\" sizes=\"(max-width: 411px) 100vw, 411px\" \/>\t\t\t\t\t\t\t\t\t\t\t\t\t\t<\/div>\n\t\t\t\t\t\t<\/div>\n\t\t\t\t<\/div>\n\t\t\t\t\t\t<\/div>\n\t\t\t\t\t<\/div>\n\t\t<\/div>\n\t\t\t\t<div class=\"elementor-column elementor-col-50 elementor-top-column elementor-element elementor-element-2462d36\" data-id=\"2462d36\" data-element_type=\"column\">\n\t\t\t<div class=\"elementor-column-wrap elementor-element-populated\">\n\t\t\t\t\t\t\t<div class=\"elementor-widget-wrap\">\n\t\t\t\t\t\t<div class=\"elementor-element elementor-element-bb49a42 elementor-widget elementor-widget-text-editor\" data-id=\"bb49a42\" data-element_type=\"widget\" data-widget_type=\"text-editor.default\">\n\t\t\t\t<div class=\"elementor-widget-container\">\n\t\t\t\t\t\t\t\t<div class=\"elementor-text-editor elementor-clearfix\">\n\t\t\t\t<p><\/p><p data-start=\"0\" data-end=\"343\">I serbatoi tecnologici possono essere realizzati sia in acciaio al carbonio che in acciaio inossidabile. Per quanto riguarda i serbatoi a pannelli, \u00e8 possibile utilizzare strutture miste \u2013 gli elementi interni sono realizzati in acciaio inossidabile, mentre gli elementi esterni sono realizzati in acciaio al carbonio verniciato a spruzzo.<\/p><p data-start=\"345\" data-end=\"557\"><strong data-start=\"345\" data-end=\"365\">Serbatoi saldati<\/strong> \u2013 Sono particolarmente raccomandati nell&#8217;industria alimentare se realizzati in acciaio inossidabile e, quelli prodotti da noi, si caratterizzano per l&#8217;alta precisione nelle giunzioni saldate.<\/p><p data-start=\"559\" data-end=\"666\">Dispone di un parco macchine che consente la costruzione di serbatoi non standard di grandi dimensioni.<\/p><p data-start=\"668\" data-end=\"982\"><strong data-start=\"668\" data-end=\"689\">Serbatoi avvitati<\/strong> \u2013 Nei casi in cui non sia possibile utilizzare serbatoi saldati consegnati come unit\u00e0 complete, vengono utilizzati serbatoi avvitati. Questi sono progettati come moduli monoscocca, che possono essere facilmente trasportati. L&#8217;assemblaggio di questo tipo di serbatoi avviene presso il cliente.<\/p><p data-start=\"984\" data-end=\"1165\" data-is-last-node=\"\" data-is-only-node=\"\"><strong data-start=\"984\" data-end=\"1027\">Serbatoi a pannelli <\/strong>scorrevoli\/avvitati \u2013 I serbatoi a pannelli sono principalmente utilizzati come strutture autoportanti e sono destinati alla conservazione di prodotti sfusi.<\/p><p><\/p>\t\t\t\t\t<\/div>\n\t\t\t\t\t\t<\/div>\n\t\t\t\t<\/div>\n\t\t\t\t\t\t<\/div>\n\t\t\t\t\t<\/div>\n\t\t<\/div>\n\t\t\t\t\t\t\t\t<\/div>\n\t\t\t\t\t<\/div>\n\t\t<\/section>\n\t\t\t\t<section class=\"elementor-section elementor-top-section elementor-element elementor-element-2ad48a3 elementor-section-boxed elementor-section-height-default elementor-section-height-default\" data-id=\"2ad48a3\" data-element_type=\"section\" data-settings=\"{&quot;background_background&quot;:&quot;classic&quot;}\">\n\t\t\t\t\t\t<div class=\"elementor-container elementor-column-gap-default\">\n\t\t\t\t\t\t\t<div class=\"elementor-row\">\n\t\t\t\t\t<div class=\"elementor-column elementor-col-50 elementor-top-column elementor-element elementor-element-73039ae\" data-id=\"73039ae\" data-element_type=\"column\">\n\t\t\t<div class=\"elementor-column-wrap elementor-element-populated\">\n\t\t\t\t\t\t\t<div class=\"elementor-widget-wrap\">\n\t\t\t\t\t\t<div class=\"elementor-element elementor-element-cee2eef elementor-widget elementor-widget-text-editor\" data-id=\"cee2eef\" data-element_type=\"widget\" data-widget_type=\"text-editor.default\">\n\t\t\t\t<div class=\"elementor-widget-container\">\n\t\t\t\t\t\t\t\t<div class=\"elementor-text-editor elementor-clearfix\">\n\t\t\t\t<p><\/p><p data-start=\"0\" data-end=\"263\">I pannelli dei serbatoi sono composti da due lastre di metallo unite da lamiere tipo C. Lo spazio tra le lastre \u00e8 riempito d&#8217;aria, in modo che il prodotto all&#8217;interno del serbatoio non venga a contatto con l&#8217;umidit\u00e0 che si condensa tra le pareti dei pannelli.<\/p><p data-start=\"265\" data-end=\"410\" data-is-last-node=\"\" data-is-only-node=\"\">Sono realizzati con tecnologia scorrevole, cio\u00e8 senza connessioni a vite sui pilastri portanti del serbatoio, oppure con tecnologia avvitata.<\/p><p><\/p>\t\t\t\t\t<\/div>\n\t\t\t\t\t\t<\/div>\n\t\t\t\t<\/div>\n\t\t\t\t\t\t<\/div>\n\t\t\t\t\t<\/div>\n\t\t<\/div>\n\t\t\t\t<div class=\"elementor-column elementor-col-50 elementor-top-column elementor-element elementor-element-4440af2\" data-id=\"4440af2\" data-element_type=\"column\">\n\t\t\t<div class=\"elementor-column-wrap elementor-element-populated\">\n\t\t\t\t\t\t\t<div class=\"elementor-widget-wrap\">\n\t\t\t\t\t\t<div class=\"elementor-element elementor-element-9c9bf1e elementor-widget elementor-widget-image\" data-id=\"9c9bf1e\" data-element_type=\"widget\" data-widget_type=\"image.default\">\n\t\t\t\t<div class=\"elementor-widget-container\">\n\t\t\t\t\t\t\t\t<div class=\"elementor-image\">\n\t\t\t\t\t\t\t\t\t\t\t\t<img width=\"408\" height=\"688\" src=\"https:\/\/drewmax.net.pl\/wp-content\/uploads\/2020\/10\/zt3-1.png\" class=\"attachment-large size-large\" alt=\"zbiorniki-technologiczne-3\" loading=\"lazy\" srcset=\"https:\/\/drewmax.net.pl\/wp-content\/uploads\/2020\/10\/zt3-1.png 408w, https:\/\/drewmax.net.pl\/wp-content\/uploads\/2020\/10\/zt3-1-178x300.png 178w\" sizes=\"(max-width: 408px) 100vw, 408px\" \/>\t\t\t\t\t\t\t\t\t\t\t\t\t\t<\/div>\n\t\t\t\t\t\t<\/div>\n\t\t\t\t<\/div>\n\t\t\t\t\t\t<\/div>\n\t\t\t\t\t<\/div>\n\t\t<\/div>\n\t\t\t\t\t\t\t\t<\/div>\n\t\t\t\t\t<\/div>\n\t\t<\/section>\n\t\t\t\t<section class=\"elementor-section elementor-top-section elementor-element elementor-element-885aed1 elementor-section-boxed elementor-section-height-default elementor-section-height-default\" data-id=\"885aed1\" data-element_type=\"section\" data-settings=\"{&quot;background_background&quot;:&quot;classic&quot;}\">\n\t\t\t\t\t\t<div class=\"elementor-container elementor-column-gap-default\">\n\t\t\t\t\t\t\t<div class=\"elementor-row\">\n\t\t\t\t\t<div class=\"elementor-column elementor-col-100 elementor-top-column elementor-element elementor-element-ed44577\" data-id=\"ed44577\" data-element_type=\"column\">\n\t\t\t<div class=\"elementor-column-wrap elementor-element-populated\">\n\t\t\t\t\t\t\t<div class=\"elementor-widget-wrap\">\n\t\t\t\t\t\t<div class=\"elementor-element elementor-element-cb35f71 elementor-align-center elementor-widget elementor-widget-button\" data-id=\"cb35f71\" data-element_type=\"widget\" data-widget_type=\"button.default\">\n\t\t\t\t<div class=\"elementor-widget-container\">\n\t\t\t\t\t<div class=\"elementor-button-wrapper\">\n\t\t\t<a href=\"\" target=\"_blank\" class=\"elementor-button-link elementor-button elementor-size-lg\" role=\"button\">\n\t\t\t\t\t\t<span class=\"elementor-button-content-wrapper\">\n\t\t\t\t\t\t<span class=\"elementor-button-icon elementor-align-icon-right\">\n\t\t\t\t<i aria-hidden=\"true\" class=\"fas fa-download\"><\/i>\t\t\t<\/span>\n\t\t\t\t\t\t<span class=\"elementor-button-text\">   <\/span>\n\t\t<\/span>\n\t\t\t\t\t<\/a>\n\t\t<\/div>\n\t\t\t\t<\/div>\n\t\t\t\t<\/div>\n\t\t\t\t<div class=\"elementor-element elementor-element-f242ccd elementor-align-center elementor-widget elementor-widget-button\" data-id=\"f242ccd\" data-element_type=\"widget\" data-widget_type=\"button.default\">\n\t\t\t\t<div class=\"elementor-widget-container\">\n\t\t\t\t\t<div class=\"elementor-button-wrapper\">\n\t\t\t<a href=\"https:\/\/drewmax.net.pl\/produkty\/\" class=\"elementor-button-link elementor-button elementor-size-md\" role=\"button\">\n\t\t\t\t\t\t<span class=\"elementor-button-content-wrapper\">\n\t\t\t\t\t\t<span class=\"elementor-button-text\"><\/span>\n\t\t<\/span>\n\t\t\t\t\t<\/a>\n\t\t<\/div>\n\t\t\t\t<\/div>\n\t\t\t\t<\/div>\n\t\t\t\t\t\t<\/div>\n\t\t\t\t\t<\/div>\n\t\t<\/div>\n\t\t\t\t\t\t\t\t<\/div>\n\t\t\t\t\t<\/div>\n\t\t<\/section>\n\t\t\t\t\t\t<\/div>\n\t\t\t\t\t\t<\/div>\n\t\t\t\t\t<\/div>\n\t\t","protected":false},"excerpt":{"rendered":"<p>Serbatoi tecnologici Drewmax \u00e8 un produttore di una vasta gamma di serbatoi tecnologici. L&#8217;ampio parco macchine consente all&#8217;azienda di realizzare anche gli ordini pi\u00f9 esigenti. I serbatoi tecnologici offerti possono essere equipaggiati, tra le altre cose, con boccaporti di ispezione, raccordi di aspirazione, raccordi di montaggio per dispositivi aggiuntivi, staffe di montaggio, ecc. In base&hellip;<\/p>\n","protected":false},"author":1,"featured_media":12252,"parent":0,"menu_order":0,"comment_status":"closed","ping_status":"closed","template":"","meta":[],"yoast_head":"<!-- This site is optimized with the Yoast SEO Premium plugin v15.5 - https:\/\/yoast.com\/wordpress\/plugins\/seo\/ -->\n<title>Zbiorniki Technologiczne - wa\u017cenie pakowanie paletyzacja stretch<\/title>\n<meta name=\"description\" content=\"zbiorniki technologiczne paletryzator pakowanie wa\u017cenie linia wa\u017c\u0105co - pakuj\u0105ca mikrodozowanie pobieranie pr\u00f3bek automatyka przemys\u0142owa\" \/>\n<meta name=\"robots\" content=\"index, follow, max-snippet:-1, max-image-preview:large, max-video-preview:-1\" \/>\n<link rel=\"canonical\" href=\"https:\/\/drewmax.net.pl\/zbiornik-technologiczny\/\" \/>\n<meta property=\"og:locale\" content=\"it_IT\" \/>\n<meta property=\"og:type\" content=\"article\" \/>\n<meta property=\"og:title\" content=\"Zbiorniki Technologiczne - wa\u017cenie pakowanie paletyzacja stretch\" \/>\n<meta property=\"og:description\" content=\"zbiorniki technologiczne paletryzator pakowanie wa\u017cenie linia wa\u017c\u0105co - pakuj\u0105ca mikrodozowanie pobieranie pr\u00f3bek automatyka przemys\u0142owa\" \/>\n<meta property=\"og:url\" content=\"https:\/\/drewmax.net.pl\/zbiornik-technologiczny\/\" \/>\n<meta property=\"og:site_name\" content=\"(Polski) Drewmax - Wa\u017cenie | Pakowanie | Paletyzacja | Automatyka\" \/>\n<meta property=\"article:publisher\" content=\"https:\/\/www.facebook.com\/Drewmax-111641623604429\/\" \/>\n<meta property=\"article:modified_time\" content=\"2025-04-02T10:14:10+00:00\" \/>\n<meta name=\"twitter:card\" content=\"summary_large_image\" \/>\n<meta name=\"twitter:label1\" content=\"Tempo di lettura stimato\">\n\t<meta name=\"twitter:data1\" content=\"9 minuti\">\n<script type=\"application\/ld+json\" class=\"yoast-schema-graph\">{\"@context\":\"https:\/\/schema.org\",\"@graph\":[{\"@type\":\"Organization\",\"@id\":\"https:\/\/drewmax.net.pl\/en\/#organization\",\"name\":\"DREWMAX Sp\\u00f3\\u0142ka z o.o.\",\"url\":\"https:\/\/drewmax.net.pl\/en\/\",\"sameAs\":[\"https:\/\/www.facebook.com\/Drewmax-111641623604429\/\",\"https:\/\/www.instagram.com\/drewmax.net.pl\/\",\"https:\/\/www.youtube.com\/channel\/UCCS8U5F8gSyJAlSWjxgbLRQ\"],\"logo\":{\"@type\":\"ImageObject\",\"@id\":\"https:\/\/drewmax.net.pl\/en\/#logo\",\"inLanguage\":\"it-IT\",\"url\":\"\",\"caption\":\"DREWMAX Sp\\u00f3\\u0142ka z o.o.\"},\"image\":{\"@id\":\"https:\/\/drewmax.net.pl\/en\/#logo\"}},{\"@type\":\"WebSite\",\"@id\":\"https:\/\/drewmax.net.pl\/en\/#website\",\"url\":\"https:\/\/drewmax.net.pl\/en\/\",\"name\":\"(Polski) Drewmax - Wa\\u017cenie | Pakowanie | Paletyzacja | Automatyka\",\"description\":\"\",\"publisher\":{\"@id\":\"https:\/\/drewmax.net.pl\/en\/#organization\"},\"potentialAction\":[{\"@type\":\"SearchAction\",\"target\":\"https:\/\/drewmax.net.pl\/en\/?s={search_term_string}\",\"query-input\":\"required name=search_term_string\"}],\"inLanguage\":\"it-IT\"},{\"@type\":\"ImageObject\",\"@id\":\"https:\/\/drewmax.net.pl\/zbiornik-technologiczny\/#primaryimage\",\"inLanguage\":\"it-IT\",\"url\":\"\"},{\"@type\":\"WebPage\",\"@id\":\"https:\/\/drewmax.net.pl\/zbiornik-technologiczny\/#webpage\",\"url\":\"https:\/\/drewmax.net.pl\/zbiornik-technologiczny\/\",\"name\":\"Zbiorniki Technologiczne - wa\\u017cenie pakowanie paletyzacja stretch\",\"isPartOf\":{\"@id\":\"https:\/\/drewmax.net.pl\/en\/#website\"},\"primaryImageOfPage\":{\"@id\":\"https:\/\/drewmax.net.pl\/zbiornik-technologiczny\/#primaryimage\"},\"datePublished\":\"2016-07-21T11:42:58+00:00\",\"dateModified\":\"2025-04-02T10:14:10+00:00\",\"description\":\"zbiorniki technologiczne paletryzator pakowanie wa\\u017cenie linia wa\\u017c\\u0105co - pakuj\\u0105ca mikrodozowanie pobieranie pr\\u00f3bek automatyka przemys\\u0142owa\",\"breadcrumb\":{\"@id\":\"https:\/\/drewmax.net.pl\/zbiornik-technologiczny\/#breadcrumb\"},\"inLanguage\":\"it-IT\",\"potentialAction\":[{\"@type\":\"ReadAction\",\"target\":[\"https:\/\/drewmax.net.pl\/zbiornik-technologiczny\/\"]}]},{\"@type\":\"BreadcrumbList\",\"@id\":\"https:\/\/drewmax.net.pl\/zbiornik-technologiczny\/#breadcrumb\",\"itemListElement\":[{\"@type\":\"ListItem\",\"position\":1,\"item\":{\"@type\":\"WebPage\",\"@id\":\"https:\/\/drewmax.net.pl\/\",\"url\":\"https:\/\/drewmax.net.pl\/\",\"name\":\"Home\"}},{\"@type\":\"ListItem\",\"position\":2,\"item\":{\"@type\":\"WebPage\",\"@id\":\"https:\/\/drewmax.net.pl\/zbiornik-technologiczny\/\",\"url\":\"https:\/\/drewmax.net.pl\/zbiornik-technologiczny\/\",\"name\":\"Zbiorniki technologiczne\"}}]}]}<\/script>\n<!-- \/ Yoast SEO Premium plugin. -->","_links":{"self":[{"href":"https:\/\/drewmax.net.pl\/it\/wp-json\/wp\/v2\/pages\/186"}],"collection":[{"href":"https:\/\/drewmax.net.pl\/it\/wp-json\/wp\/v2\/pages"}],"about":[{"href":"https:\/\/drewmax.net.pl\/it\/wp-json\/wp\/v2\/types\/page"}],"author":[{"embeddable":true,"href":"https:\/\/drewmax.net.pl\/it\/wp-json\/wp\/v2\/users\/1"}],"replies":[{"embeddable":true,"href":"https:\/\/drewmax.net.pl\/it\/wp-json\/wp\/v2\/comments?post=186"}],"version-history":[{"count":114,"href":"https:\/\/drewmax.net.pl\/it\/wp-json\/wp\/v2\/pages\/186\/revisions"}],"predecessor-version":[{"id":32026,"href":"https:\/\/drewmax.net.pl\/it\/wp-json\/wp\/v2\/pages\/186\/revisions\/32026"}],"wp:featuredmedia":[{"embeddable":true,"href":"https:\/\/drewmax.net.pl\/it\/wp-json\/wp\/v2\/media\/12252"}],"wp:attachment":[{"href":"https:\/\/drewmax.net.pl\/it\/wp-json\/wp\/v2\/media?parent=186"}],"curies":[{"name":"wp","href":"https:\/\/api.w.org\/{rel}","templated":true}]}}