{"id":178,"date":"2016-07-21T13:36:39","date_gmt":"2016-07-21T11:36:39","guid":{"rendered":"http:\/\/drewmax.net.pl\/?page_id=178"},"modified":"2025-04-04T07:18:20","modified_gmt":"2025-04-04T05:18:20","slug":"wagopakowarka-do-workow-otwartych-stojak","status":"publish","type":"page","link":"https:\/\/drewmax.net.pl\/it\/wagopakowarka-do-workow-otwartych-stojak\/","title":{"rendered":"Wagopakowarka do work\u00f3w otwartych \u2013 \u201estojak\u201d"},"content":{"rendered":"\t\t<div data-elementor-type=\"wp-post\" data-elementor-id=\"178\" class=\"elementor elementor-178\" data-elementor-settings=\"[]\">\n\t\t\t\t\t\t<div class=\"elementor-inner\">\n\t\t\t\t\t\t\t<div class=\"elementor-section-wrap\">\n\t\t\t\t\t\t\t<section class=\"elementor-section elementor-top-section elementor-element elementor-element-be2d9f1 elementor-section-boxed elementor-section-height-default elementor-section-height-default\" data-id=\"be2d9f1\" data-element_type=\"section\" data-settings=\"{&quot;background_background&quot;:&quot;classic&quot;}\">\n\t\t\t\t\t\t<div class=\"elementor-container elementor-column-gap-default\">\n\t\t\t\t\t\t\t<div class=\"elementor-row\">\n\t\t\t\t\t<div class=\"elementor-column elementor-col-100 elementor-top-column elementor-element elementor-element-909b35e\" data-id=\"909b35e\" data-element_type=\"column\">\n\t\t\t<div class=\"elementor-column-wrap elementor-element-populated\">\n\t\t\t\t\t\t\t<div class=\"elementor-widget-wrap\">\n\t\t\t\t\t\t<div class=\"elementor-element elementor-element-4cde12c elementor-widget elementor-widget-heading\" data-id=\"4cde12c\" data-element_type=\"widget\" data-widget_type=\"heading.default\">\n\t\t\t\t<div class=\"elementor-widget-container\">\n\t\t\t<h2 class=\"elementor-heading-title elementor-size-xl\">Bilancia confezionatrice per sacchi aperti - \"In piedi\"\n<\/h2>\t\t<\/div>\n\t\t\t\t<\/div>\n\t\t\t\t\t\t<\/div>\n\t\t\t\t\t<\/div>\n\t\t<\/div>\n\t\t\t\t\t\t\t\t<\/div>\n\t\t\t\t\t<\/div>\n\t\t<\/section>\n\t\t\t\t<section class=\"elementor-section elementor-top-section elementor-element elementor-element-d340a2c elementor-section-boxed elementor-section-height-default elementor-section-height-default\" data-id=\"d340a2c\" data-element_type=\"section\" data-settings=\"{&quot;background_background&quot;:&quot;classic&quot;}\">\n\t\t\t\t\t\t<div class=\"elementor-container elementor-column-gap-default\">\n\t\t\t\t\t\t\t<div class=\"elementor-row\">\n\t\t\t\t\t<div class=\"elementor-column elementor-col-50 elementor-top-column elementor-element elementor-element-d0463cc\" data-id=\"d0463cc\" data-element_type=\"column\">\n\t\t\t<div class=\"elementor-column-wrap elementor-element-populated\">\n\t\t\t\t\t\t\t<div class=\"elementor-widget-wrap\">\n\t\t\t\t\t\t<div class=\"elementor-element elementor-element-390d951 elementor-widget elementor-widget-text-editor\" data-id=\"390d951\" data-element_type=\"widget\" data-widget_type=\"text-editor.default\">\n\t\t\t\t<div class=\"elementor-widget-container\">\n\t\t\t\t\t\t\t\t<div class=\"elementor-text-editor elementor-clearfix\">\n\t\t\t\t<p><\/p><p data-start=\"0\" data-end=\"333\">La bilancia confezionatrice per <strong>sacchi aperti<\/strong>, detta &#8220;supporto&#8221;, \u00e8 un dispositivo progettato per garantire una corretta pesatura e riempimento del sacco. Tutte le operazioni aggiuntive (cucitura, saldatura, applicazione di nastro crepe, ecc.) finalizzate alla chiusura del sacco devono essere eseguite su una postazione separata.<\/p><p data-start=\"335\" data-end=\"563\">La bilancia confezionatrice \u00e8 destinata alla pesatura e confezionamento di prodotti <strong>sfusi, granulati o polverosi.<\/strong> A causa del tipo di prodotto confezionato, possono essere utilizzati diversi tipi di dosatori per il dosaggio:<\/p><ul data-start=\"565\" data-end=\"626\"><li data-start=\"565\" data-end=\"583\">Gravimetrico<\/li><li data-start=\"584\" data-end=\"596\">A vite<\/li><li data-start=\"597\" data-end=\"611\">A nastro<\/li><li data-start=\"612\" data-end=\"626\">Vibrante<\/li><\/ul><p data-start=\"628\" data-end=\"821\">In questo dispositivo, il sistema di pesatura \u00e8 posizionato sull&#8217;ugello, e durante il dosaggio, il sacco diventa la bilancia stessa \u2013 si tratta della cosiddetta pesatura lorda (peso lordo).<\/p><p data-start=\"823\" data-end=\"971\" data-is-last-node=\"\" data-is-only-node=\"\">La bilancia confezionatrice pu\u00f2 essere ampliata con un modulo per la chiusura del sacco con nastro conduttore \u2013 modulo di confezionamento LPack.<\/p><p><\/p><div>\u00a0<\/div><\/div>\t\t\t\t\t<\/div>\n\t\t\t\t\t\t<\/div>\n\t\t\t\t<\/div>\n\t\t\t\t\t\t<\/div>\n\t\t\t\t\t<\/div>\n\t\t<\/div>\n\t\t\t\t<div class=\"elementor-column elementor-col-50 elementor-top-column elementor-element elementor-element-617557e\" data-id=\"617557e\" data-element_type=\"column\">\n\t\t\t<div class=\"elementor-column-wrap elementor-element-populated\">\n\t\t\t\t\t\t\t<div class=\"elementor-widget-wrap\">\n\t\t\t\t\t\t<div class=\"elementor-element elementor-element-b41426b elementor-widget elementor-widget-image\" data-id=\"b41426b\" data-element_type=\"widget\" data-widget_type=\"image.default\">\n\t\t\t\t<div class=\"elementor-widget-container\">\n\t\t\t\t\t\t\t\t<div class=\"elementor-image\">\n\t\t\t\t\t\t\t\t\t\t\t\t<img width=\"454\" height=\"735\" src=\"https:\/\/drewmax.net.pl\/wp-content\/uploads\/2020\/10\/stojak-1.png\" class=\"attachment-large size-large\" alt=\"\" loading=\"lazy\" srcset=\"https:\/\/drewmax.net.pl\/wp-content\/uploads\/2020\/10\/stojak-1.png 454w, https:\/\/drewmax.net.pl\/wp-content\/uploads\/2020\/10\/stojak-1-185x300.png 185w\" sizes=\"(max-width: 454px) 100vw, 454px\" \/>\t\t\t\t\t\t\t\t\t\t\t\t\t\t<\/div>\n\t\t\t\t\t\t<\/div>\n\t\t\t\t<\/div>\n\t\t\t\t\t\t<\/div>\n\t\t\t\t\t<\/div>\n\t\t<\/div>\n\t\t\t\t\t\t\t\t<\/div>\n\t\t\t\t\t<\/div>\n\t\t<\/section>\n\t\t\t\t<section class=\"elementor-section elementor-top-section elementor-element elementor-element-42d844e elementor-section-boxed elementor-section-height-default elementor-section-height-default\" data-id=\"42d844e\" data-element_type=\"section\" data-settings=\"{&quot;background_background&quot;:&quot;classic&quot;}\">\n\t\t\t\t\t\t<div class=\"elementor-container elementor-column-gap-default\">\n\t\t\t\t\t\t\t<div class=\"elementor-row\">\n\t\t\t\t\t<div class=\"elementor-column elementor-col-100 elementor-top-column elementor-element elementor-element-3a247b9\" data-id=\"3a247b9\" data-element_type=\"column\">\n\t\t\t<div class=\"elementor-column-wrap elementor-element-populated\">\n\t\t\t\t\t\t\t<div class=\"elementor-widget-wrap\">\n\t\t\t\t\t\t<div class=\"elementor-element elementor-element-e1d0175 elementor-widget elementor-widget-text-editor\" data-id=\"e1d0175\" data-element_type=\"widget\" data-widget_type=\"text-editor.default\">\n\t\t\t\t<div class=\"elementor-widget-container\">\n\t\t\t\t\t\t\t\t<div class=\"elementor-text-editor elementor-clearfix\">\n\t\t\t\t<p><\/p><p data-start=\"0\" data-end=\"42\"><span style=\"text-decoration: underline;\"><strong data-start=\"0\" data-end=\"42\">Componenti principali del dispositivo:<\/strong><\/span><\/p><ul data-start=\"44\" data-end=\"293\"><li data-start=\"44\" data-end=\"71\">Struttura di supporto<\/li><li data-start=\"72\" data-end=\"122\">Bilancia elettronica per dosaggio tipo lordo<\/li><li data-start=\"123\" data-end=\"137\">Dosatore<\/li><li data-start=\"138\" data-end=\"157\">Ugello aperto<\/li><li data-start=\"158\" data-end=\"261\">Sistema di controllo chiaro basato su un controller PLC Siemens\/Proface con pannello touch screen<\/li><li data-start=\"262\" data-end=\"293\">Motori di noti produttori<\/li><\/ul><p data-start=\"295\" data-end=\"322\"><span style=\"text-decoration: underline;\"><strong data-start=\"295\" data-end=\"322\">Attrezzature opzionali:<\/strong><\/span><\/p><ul data-start=\"324\" data-end=\"504\" data-is-only-node=\"\" data-is-last-node=\"\"><li data-start=\"324\" data-end=\"375\">Sistema di aspirazione del prodotto nel sacco<\/li><li data-start=\"376\" data-end=\"422\">Sistema di vibrazione del sacco riempito<\/li><li data-start=\"423\" data-end=\"460\">Sistema di pulizia dei dosatori<\/li><li data-start=\"461\" data-end=\"504\" data-is-last-node=\"\">Serbatoio buffer per il sovradosaggio<\/li><\/ul><p><\/p>\t\t\t\t\t<\/div>\n\t\t\t\t\t\t<\/div>\n\t\t\t\t<\/div>\n\t\t\t\t\t\t<\/div>\n\t\t\t\t\t<\/div>\n\t\t<\/div>\n\t\t\t\t<div class=\"elementor-column elementor-col-100 elementor-top-column elementor-element elementor-element-0e4abc0\" data-id=\"0e4abc0\" data-element_type=\"column\">\n\t\t\t<div class=\"elementor-column-wrap elementor-element-populated\">\n\t\t\t\t\t\t\t<div class=\"elementor-widget-wrap\">\n\t\t\t\t\t\t<div class=\"elementor-element elementor-element-f2af92a elementor-widget elementor-widget-text-editor\" data-id=\"f2af92a\" data-element_type=\"widget\" data-widget_type=\"text-editor.default\">\n\t\t\t\t<div class=\"elementor-widget-container\">\n\t\t\t\t\t\t\t\t<div class=\"elementor-text-editor elementor-clearfix\">\n\t\t\t\t<p><\/p><p data-start=\"0\" data-end=\"33\"><span style=\"text-decoration: underline;\"><strong data-start=\"0\" data-end=\"33\">Parametri tecnici principali:<\/strong><\/span><\/p><ul data-start=\"35\" data-end=\"699\" data-is-only-node=\"\" data-is-last-node=\"\"><li data-start=\"35\" data-end=\"75\">Peso massimo della porzione: 50 kg<\/li><li data-start=\"76\" data-end=\"115\">Peso minimo della porzione: 10 kg<\/li><li data-start=\"116\" data-end=\"256\">Capacit\u00e0 della linea: fino a 220 porzioni\/ora (dipende dall&#8217;operatore, dalle propriet\u00e0 del prodotto e dalle dimensioni della porzione)<\/li><li data-start=\"257\" data-end=\"449\">Tipo di sacchi: aperti, sacchi di carta multilayer (fino a 4 strati), preferibilmente con fondo a busta senza pieghe laterali, sacchi in plastica PE, sacchi in polipropilene PP rivestiti<\/li><li data-start=\"450\" data-end=\"489\">Larghezza del sacco: 450 \u2013 650 mm<\/li><li data-start=\"490\" data-end=\"530\">Lunghezza del sacco: 600 \u2013 1100 mm<\/li><li data-start=\"531\" data-end=\"577\">Alimentazione elettrica: 3 x 400 V 50 Hz<\/li><li data-start=\"578\" data-end=\"612\">Potenza richiesta: max. 3 kW<\/li><li data-start=\"613\" data-end=\"659\">Alimentazione aria compressa: 5 \u2013 10 bar<\/li><li data-start=\"660\" data-end=\"699\" data-is-last-node=\"\">Consumo di aria compressa: 100 Nl<\/li><\/ul><p><\/p>\t\t\t\t\t<\/div>\n\t\t\t\t\t\t<\/div>\n\t\t\t\t<\/div>\n\t\t\t\t\t\t<\/div>\n\t\t\t\t\t<\/div>\n\t\t<\/div>\n\t\t\t\t\t\t\t\t<\/div>\n\t\t\t\t\t<\/div>\n\t\t<\/section>\n\t\t\t\t<section class=\"elementor-section elementor-top-section elementor-element elementor-element-ccc59d8 elementor-section-full_width elementor-section-height-default elementor-section-height-default\" data-id=\"ccc59d8\" data-element_type=\"section\">\n\t\t\t\t\t\t<div class=\"elementor-container elementor-column-gap-default\">\n\t\t\t\t\t\t\t<div class=\"elementor-row\">\n\t\t\t\t\t<div class=\"elementor-column elementor-col-100 elementor-top-column elementor-element elementor-element-4741318\" data-id=\"4741318\" data-element_type=\"column\" data-settings=\"{&quot;background_background&quot;:&quot;classic&quot;}\">\n\t\t\t<div class=\"elementor-column-wrap elementor-element-populated\">\n\t\t\t\t\t\t\t<div class=\"elementor-widget-wrap\">\n\t\t\t\t\t\t<div class=\"elementor-element elementor-element-01e24e7 elementor-widget elementor-widget-spacer\" data-id=\"01e24e7\" data-element_type=\"widget\" data-widget_type=\"spacer.default\">\n\t\t\t\t<div class=\"elementor-widget-container\">\n\t\t\t\t\t<div class=\"elementor-spacer\">\n\t\t\t<div class=\"elementor-spacer-inner\"><\/div>\n\t\t<\/div>\n\t\t\t\t<\/div>\n\t\t\t\t<\/div>\n\t\t\t\t\t\t<\/div>\n\t\t\t\t\t<\/div>\n\t\t<\/div>\n\t\t\t\t\t\t\t\t<\/div>\n\t\t\t\t\t<\/div>\n\t\t<\/section>\n\t\t\t\t<section class=\"elementor-section elementor-top-section elementor-element elementor-element-b26df61 elementor-section-full_width elementor-section-height-default elementor-section-height-default\" data-id=\"b26df61\" data-element_type=\"section\">\n\t\t\t\t\t\t<div class=\"elementor-container elementor-column-gap-default\">\n\t\t\t\t\t\t\t<div class=\"elementor-row\">\n\t\t\t\t\t<div class=\"elementor-column elementor-col-100 elementor-top-column elementor-element elementor-element-6cd2862\" data-id=\"6cd2862\" data-element_type=\"column\" data-settings=\"{&quot;background_background&quot;:&quot;classic&quot;}\">\n\t\t\t<div class=\"elementor-column-wrap elementor-element-populated\">\n\t\t\t\t\t\t\t<div class=\"elementor-widget-wrap\">\n\t\t\t\t\t\t<div class=\"elementor-element elementor-element-111606d elementor-widget elementor-widget-spacer\" data-id=\"111606d\" data-element_type=\"widget\" data-widget_type=\"spacer.default\">\n\t\t\t\t<div class=\"elementor-widget-container\">\n\t\t\t\t\t<div class=\"elementor-spacer\">\n\t\t\t<div class=\"elementor-spacer-inner\"><\/div>\n\t\t<\/div>\n\t\t\t\t<\/div>\n\t\t\t\t<\/div>\n\t\t\t\t<div class=\"elementor-element elementor-element-f6bda0f elementor-align-center elementor-widget elementor-widget-button\" data-id=\"f6bda0f\" data-element_type=\"widget\" data-widget_type=\"button.default\">\n\t\t\t\t<div class=\"elementor-widget-container\">\n\t\t\t\t\t<div class=\"elementor-button-wrapper\">\n\t\t\t<a href=\"https:\/\/drewmax.net.pl\/wp-content\/uploads\/2025\/04\/stojak_IT.pdf\" class=\"elementor-button-link elementor-button elementor-size-lg\" role=\"button\">\n\t\t\t\t\t\t<span class=\"elementor-button-content-wrapper\">\n\t\t\t\t\t\t<span class=\"elementor-button-icon elementor-align-icon-right\">\n\t\t\t\t<i aria-hidden=\"true\" class=\"fas fa-download\"><\/i>\t\t\t<\/span>\n\t\t\t\t\t\t<span class=\"elementor-button-text\"> Scarica la scheda del prodotto<\/span>\n\t\t<\/span>\n\t\t\t\t\t<\/a>\n\t\t<\/div>\n\t\t\t\t<\/div>\n\t\t\t\t<\/div>\n\t\t\t\t\t\t<\/div>\n\t\t\t\t\t<\/div>\n\t\t<\/div>\n\t\t\t\t\t\t\t\t<\/div>\n\t\t\t\t\t<\/div>\n\t\t<\/section>\n\t\t\t\t\t\t<\/div>\n\t\t\t\t\t\t<\/div>\n\t\t\t\t\t<\/div>\n\t\t","protected":false},"excerpt":{"rendered":"<p>Bilancia confezionatrice per sacchi aperti &#8211; &#8220;In piedi&#8221; La bilancia confezionatrice per sacchi aperti, detta &#8220;supporto&#8221;, \u00e8 un dispositivo progettato per garantire una corretta pesatura e riempimento del sacco. Tutte le operazioni aggiuntive (cucitura, saldatura, applicazione di nastro crepe, ecc.) finalizzate alla chiusura del sacco devono essere eseguite su una postazione separata. La bilancia confezionatrice&hellip;<\/p>\n","protected":false},"author":1,"featured_media":12261,"parent":0,"menu_order":0,"comment_status":"closed","ping_status":"closed","template":"","meta":[],"yoast_head":"<!-- This site is optimized with the Yoast SEO Premium plugin v15.5 - https:\/\/yoast.com\/wordpress\/plugins\/seo\/ -->\n<title>Wa\u017cenie Pakowanie Paletyzacja Automatyka przemys\u0142owa linie PP PE<\/title>\n<meta name=\"description\" content=\"Wa\u017cenie Pakowanie Paletyzacja Automatyka przemys\u0142owa linie wa\u017c\u0105co - pakuj\u0105ce zbiorniki technologiczne mikrodozowanie linie PP PE\" \/>\n<meta name=\"robots\" content=\"index, follow, max-snippet:-1, max-image-preview:large, max-video-preview:-1\" \/>\n<link rel=\"canonical\" href=\"https:\/\/drewmax.net.pl\/wagopakowarka-do-workow-otwartych-stojak\/\" \/>\n<meta property=\"og:locale\" content=\"it_IT\" \/>\n<meta property=\"og:type\" content=\"article\" \/>\n<meta property=\"og:title\" content=\"Wa\u017cenie Pakowanie Paletyzacja Automatyka przemys\u0142owa linie PP PE\" \/>\n<meta property=\"og:description\" content=\"Wa\u017cenie Pakowanie Paletyzacja Automatyka przemys\u0142owa linie wa\u017c\u0105co - pakuj\u0105ce zbiorniki technologiczne mikrodozowanie linie PP PE\" \/>\n<meta property=\"og:url\" content=\"https:\/\/drewmax.net.pl\/wagopakowarka-do-workow-otwartych-stojak\/\" \/>\n<meta property=\"og:site_name\" content=\"(Polski) Drewmax - Wa\u017cenie | Pakowanie | Paletyzacja | Automatyka\" \/>\n<meta property=\"article:publisher\" content=\"https:\/\/www.facebook.com\/Drewmax-111641623604429\/\" \/>\n<meta property=\"article:modified_time\" content=\"2025-04-04T05:18:20+00:00\" \/>\n<meta name=\"twitter:card\" content=\"summary_large_image\" \/>\n<meta name=\"twitter:label1\" content=\"Tempo di lettura stimato\">\n\t<meta name=\"twitter:data1\" content=\"8 minuti\">\n<script type=\"application\/ld+json\" class=\"yoast-schema-graph\">{\"@context\":\"https:\/\/schema.org\",\"@graph\":[{\"@type\":\"Organization\",\"@id\":\"https:\/\/drewmax.net.pl\/en\/#organization\",\"name\":\"DREWMAX Sp\\u00f3\\u0142ka z o.o.\",\"url\":\"https:\/\/drewmax.net.pl\/en\/\",\"sameAs\":[\"https:\/\/www.facebook.com\/Drewmax-111641623604429\/\",\"https:\/\/www.instagram.com\/drewmax.net.pl\/\",\"https:\/\/www.youtube.com\/channel\/UCCS8U5F8gSyJAlSWjxgbLRQ\"],\"logo\":{\"@type\":\"ImageObject\",\"@id\":\"https:\/\/drewmax.net.pl\/en\/#logo\",\"inLanguage\":\"it-IT\",\"url\":\"\",\"caption\":\"DREWMAX Sp\\u00f3\\u0142ka z o.o.\"},\"image\":{\"@id\":\"https:\/\/drewmax.net.pl\/en\/#logo\"}},{\"@type\":\"WebSite\",\"@id\":\"https:\/\/drewmax.net.pl\/en\/#website\",\"url\":\"https:\/\/drewmax.net.pl\/en\/\",\"name\":\"(Polski) Drewmax - Wa\\u017cenie | Pakowanie | Paletyzacja | Automatyka\",\"description\":\"\",\"publisher\":{\"@id\":\"https:\/\/drewmax.net.pl\/en\/#organization\"},\"potentialAction\":[{\"@type\":\"SearchAction\",\"target\":\"https:\/\/drewmax.net.pl\/en\/?s={search_term_string}\",\"query-input\":\"required name=search_term_string\"}],\"inLanguage\":\"it-IT\"},{\"@type\":\"ImageObject\",\"@id\":\"https:\/\/drewmax.net.pl\/wagopakowarka-do-workow-otwartych-stojak\/#primaryimage\",\"inLanguage\":\"it-IT\",\"url\":\"\"},{\"@type\":\"WebPage\",\"@id\":\"https:\/\/drewmax.net.pl\/wagopakowarka-do-workow-otwartych-stojak\/#webpage\",\"url\":\"https:\/\/drewmax.net.pl\/wagopakowarka-do-workow-otwartych-stojak\/\",\"name\":\"Wa\\u017cenie Pakowanie Paletyzacja Automatyka przemys\\u0142owa linie PP PE\",\"isPartOf\":{\"@id\":\"https:\/\/drewmax.net.pl\/en\/#website\"},\"primaryImageOfPage\":{\"@id\":\"https:\/\/drewmax.net.pl\/wagopakowarka-do-workow-otwartych-stojak\/#primaryimage\"},\"datePublished\":\"2016-07-21T11:36:39+00:00\",\"dateModified\":\"2025-04-04T05:18:20+00:00\",\"description\":\"Wa\\u017cenie Pakowanie Paletyzacja Automatyka przemys\\u0142owa linie wa\\u017c\\u0105co - pakuj\\u0105ce zbiorniki technologiczne mikrodozowanie linie PP PE\",\"breadcrumb\":{\"@id\":\"https:\/\/drewmax.net.pl\/wagopakowarka-do-workow-otwartych-stojak\/#breadcrumb\"},\"inLanguage\":\"it-IT\",\"potentialAction\":[{\"@type\":\"ReadAction\",\"target\":[\"https:\/\/drewmax.net.pl\/wagopakowarka-do-workow-otwartych-stojak\/\"]}]},{\"@type\":\"BreadcrumbList\",\"@id\":\"https:\/\/drewmax.net.pl\/wagopakowarka-do-workow-otwartych-stojak\/#breadcrumb\",\"itemListElement\":[{\"@type\":\"ListItem\",\"position\":1,\"item\":{\"@type\":\"WebPage\",\"@id\":\"https:\/\/drewmax.net.pl\/\",\"url\":\"https:\/\/drewmax.net.pl\/\",\"name\":\"Home\"}},{\"@type\":\"ListItem\",\"position\":2,\"item\":{\"@type\":\"WebPage\",\"@id\":\"https:\/\/drewmax.net.pl\/wagopakowarka-do-workow-otwartych-stojak\/\",\"url\":\"https:\/\/drewmax.net.pl\/wagopakowarka-do-workow-otwartych-stojak\/\",\"name\":\"Wagopakowarka do work\\u00f3w otwartych \\u2013 \\u201estojak\\u201d\"}}]}]}<\/script>\n<!-- \/ Yoast SEO Premium plugin. -->","_links":{"self":[{"href":"https:\/\/drewmax.net.pl\/it\/wp-json\/wp\/v2\/pages\/178"}],"collection":[{"href":"https:\/\/drewmax.net.pl\/it\/wp-json\/wp\/v2\/pages"}],"about":[{"href":"https:\/\/drewmax.net.pl\/it\/wp-json\/wp\/v2\/types\/page"}],"author":[{"embeddable":true,"href":"https:\/\/drewmax.net.pl\/it\/wp-json\/wp\/v2\/users\/1"}],"replies":[{"embeddable":true,"href":"https:\/\/drewmax.net.pl\/it\/wp-json\/wp\/v2\/comments?post=178"}],"version-history":[{"count":79,"href":"https:\/\/drewmax.net.pl\/it\/wp-json\/wp\/v2\/pages\/178\/revisions"}],"predecessor-version":[{"id":32031,"href":"https:\/\/drewmax.net.pl\/it\/wp-json\/wp\/v2\/pages\/178\/revisions\/32031"}],"wp:featuredmedia":[{"embeddable":true,"href":"https:\/\/drewmax.net.pl\/it\/wp-json\/wp\/v2\/media\/12261"}],"wp:attachment":[{"href":"https:\/\/drewmax.net.pl\/it\/wp-json\/wp\/v2\/media?parent=178"}],"curies":[{"name":"wp","href":"https:\/\/api.w.org\/{rel}","templated":true}]}}