{"id":175,"date":"2016-07-21T13:32:50","date_gmt":"2016-07-21T11:32:50","guid":{"rendered":"http:\/\/drewmax.net.pl\/?page_id=175"},"modified":"2025-04-04T08:07:03","modified_gmt":"2025-04-04T06:07:03","slug":"wagi-systemowe","status":"publish","type":"page","link":"https:\/\/drewmax.net.pl\/it\/wagi-systemowe\/","title":{"rendered":"Wagi systemowe"},"content":{"rendered":"\t\t<div data-elementor-type=\"wp-post\" data-elementor-id=\"175\" class=\"elementor elementor-175\" data-elementor-settings=\"[]\">\n\t\t\t\t\t\t<div class=\"elementor-inner\">\n\t\t\t\t\t\t\t<div class=\"elementor-section-wrap\">\n\t\t\t\t\t\t\t<section class=\"elementor-section elementor-top-section elementor-element elementor-element-fbf0e2d elementor-section-boxed elementor-section-height-default elementor-section-height-default\" data-id=\"fbf0e2d\" data-element_type=\"section\" data-settings=\"{&quot;background_background&quot;:&quot;classic&quot;}\">\n\t\t\t\t\t\t<div class=\"elementor-container elementor-column-gap-default\">\n\t\t\t\t\t\t\t<div class=\"elementor-row\">\n\t\t\t\t\t<div class=\"elementor-column elementor-col-100 elementor-top-column elementor-element elementor-element-a7cb2aa\" data-id=\"a7cb2aa\" data-element_type=\"column\">\n\t\t\t<div class=\"elementor-column-wrap elementor-element-populated\">\n\t\t\t\t\t\t\t<div class=\"elementor-widget-wrap\">\n\t\t\t\t\t\t<div class=\"elementor-element elementor-element-bf4503c elementor-widget elementor-widget-heading\" data-id=\"bf4503c\" data-element_type=\"widget\" data-widget_type=\"heading.default\">\n\t\t\t\t<div class=\"elementor-widget-container\">\n\t\t\t<h2 class=\"elementor-heading-title elementor-size-xl\">Bilance di sistema\n<\/h2>\t\t<\/div>\n\t\t\t\t<\/div>\n\t\t\t\t\t\t<\/div>\n\t\t\t\t\t<\/div>\n\t\t<\/div>\n\t\t\t\t\t\t\t\t<\/div>\n\t\t\t\t\t<\/div>\n\t\t<\/section>\n\t\t\t\t<section class=\"elementor-section elementor-top-section elementor-element elementor-element-5dd5 elementor-section-boxed elementor-section-height-default elementor-section-height-default\" data-id=\"5dd5\" data-element_type=\"section\" data-settings=\"{&quot;background_background&quot;:&quot;classic&quot;}\">\n\t\t\t\t\t\t<div class=\"elementor-container elementor-column-gap-default\">\n\t\t\t\t\t\t\t<div class=\"elementor-row\">\n\t\t\t\t\t<div class=\"elementor-column elementor-col-100 elementor-top-column elementor-element elementor-element-9ea\" data-id=\"9ea\" data-element_type=\"column\">\n\t\t\t<div class=\"elementor-column-wrap elementor-element-populated\">\n\t\t\t\t\t\t\t<div class=\"elementor-widget-wrap\">\n\t\t\t\t\t\t<div class=\"elementor-element elementor-element-34db elementor-widget elementor-widget-text-editor\" data-id=\"34db\" data-element_type=\"widget\" data-widget_type=\"text-editor.default\">\n\t\t\t\t<div class=\"elementor-widget-container\">\n\t\t\t\t\t\t\t\t<div class=\"elementor-text-editor elementor-clearfix\">\n\t\t\t\t<p><\/p><p data-start=\"0\" data-end=\"644\">L&#8217;azienda Drewmax possiede una grande esperienza nella progettazione e produzione di bilance sistemiche. La nostra offerta comprende, tra gli altri, bilance per serbatoi, bilance di scarico, bilance coniche, bilance a coclea e bilance mobili. A seconda del tipo di prodotto pesato, vengono utilizzatori dosatori gravitazionali, a coclea, a nastro, vibrazionali e griglie dosatrici. La capacit\u00e0 delle bilance \u00e8 principalmente limitata dal tipo\/qualit\u00e0 del prodotto pesato e dallo spazio disponibile per l&#8217;installazione, mentre la capacit\u00e0 dipende dalle esigenze dell&#8217;impianto \u2013 le bilance sono scelte in modo personalizzato per ciascun progetto.<\/p><p data-start=\"646\" data-end=\"877\">I sistemi di pesatura utilizzati dalla nostra azienda si basano su componenti di marchi leader a livello mondiale. La nostra esperienza ci consente di integrare i dispositivi offerti in sistemi complessi di automazione industriale.<\/p><p data-start=\"879\" data-end=\"1038\"><strong data-start=\"879\" data-end=\"904\">Bilancia per serbatoi<\/strong> \u2013 La bilancia presentata \u00e8 progettata per pesare il prodotto che viene alimentato tramite griglie dosatrici da silos di sovraccarico.<\/p><p data-start=\"1040\" data-end=\"1145\">A seconda delle necessit\u00e0, le bilance possono avere diverse lunghezze\/capacit\u00e0 e modalit\u00e0 di connessione.<\/p><p data-start=\"1147\" data-end=\"1258\"><strong data-start=\"1147\" data-end=\"1170\">Bilancia di scarico<\/strong> \u2013 WP-80 a WP-500 sono i modelli delle bilance di scarico prodotte dalla nostra azienda.<\/p><p data-start=\"1260\" data-end=\"1364\">La struttura semplice e i componenti utilizzati garantiscono precisione nella dosatura e l&#8217;affidabilit\u00e0.<\/p><p data-start=\"1366\" data-end=\"1517\">La bilancia pu\u00f2 essere installata in qualsiasi linea tecnologica, con la possibilit\u00e0 di adattare l&#8217;uscita della bilancia a vari dispositivi o serbatoi.<\/p><p data-start=\"1519\" data-end=\"1735\"><strong data-start=\"1519\" data-end=\"1538\">Bilancia conica<\/strong> \u2013 Le bilance coniche sono particolarmente apprezzate nell&#8217;industria alimentare grazie alla loro forma e alla facilit\u00e0 di manutenzione. Vengono generalmente prodotte con capacit\u00e0 di 50 kg e 150 kg.<\/p><p data-start=\"1737\" data-end=\"1971\"><strong data-start=\"1737\" data-end=\"1758\">Bilancia a coclea<\/strong> \u2013 La bilancia presentata \u00e8 progettata per pesare il prodotto durante il flusso. Il trasportatore a coclea e i componenti della bilancia sono stati selezionati in modo da garantire la massima precisione di misura.<\/p><p data-start=\"1973\" data-end=\"2141\"><strong data-start=\"1973\" data-end=\"1992\">Bilancia mobile<\/strong> \u2013 Bilancia per l&#8217;evacuazione del prodotto, permette il pieno controllo del materiale in uscita dalla produzione direttamente nel serbatoio cisterna.<\/p><p data-start=\"2143\" data-end=\"2266\" data-is-last-node=\"\" data-is-only-node=\"\">La capacit\u00e0 pu\u00f2 essere configurata a piacere. Inoltre, come accessorio, proponiamo maniche semi-automatiche per lo scarico.<\/p><p><span style=\"background-color: var( --e-global-color-1f49e10 );\"><\/span><\/p>\t\t\t\t\t<\/div>\n\t\t\t\t\t\t<\/div>\n\t\t\t\t<\/div>\n\t\t\t\t\t\t<\/div>\n\t\t\t\t\t<\/div>\n\t\t<\/div>\n\t\t\t\t\t\t\t\t<\/div>\n\t\t\t\t\t<\/div>\n\t\t<\/section>\n\t\t\t\t<section class=\"elementor-section elementor-top-section elementor-element elementor-element-dc6c5d9 elementor-section-full_width elementor-section-height-default elementor-section-height-default\" data-id=\"dc6c5d9\" data-element_type=\"section\">\n\t\t\t\t\t\t<div class=\"elementor-container elementor-column-gap-default\">\n\t\t\t\t\t\t\t<div class=\"elementor-row\">\n\t\t\t\t\t<div class=\"elementor-column elementor-col-100 elementor-top-column elementor-element elementor-element-2538266\" data-id=\"2538266\" data-element_type=\"column\" data-settings=\"{&quot;background_background&quot;:&quot;classic&quot;}\">\n\t\t\t<div class=\"elementor-column-wrap elementor-element-populated\">\n\t\t\t\t\t\t\t<div class=\"elementor-widget-wrap\">\n\t\t\t\t\t\t<div class=\"elementor-element elementor-element-b6afc89 elementor-align-center elementor-widget elementor-widget-button\" data-id=\"b6afc89\" data-element_type=\"widget\" data-widget_type=\"button.default\">\n\t\t\t\t<div class=\"elementor-widget-container\">\n\t\t\t\t\t<div class=\"elementor-button-wrapper\">\n\t\t\t<a href=\"https:\/\/drewmax.net.pl\/wp-content\/uploads\/2025\/04\/Probniki_front_IT.pdf\" target=\"_blank\" class=\"elementor-button-link elementor-button elementor-size-lg\" role=\"button\">\n\t\t\t\t\t\t<span class=\"elementor-button-content-wrapper\">\n\t\t\t\t\t\t<span class=\"elementor-button-icon elementor-align-icon-right\">\n\t\t\t\t<i aria-hidden=\"true\" class=\"fas fa-download\"><\/i>\t\t\t<\/span>\n\t\t\t\t\t\t<span class=\"elementor-button-text\">  Scarica la scheda del prodotto<\/span>\n\t\t<\/span>\n\t\t\t\t\t<\/a>\n\t\t<\/div>\n\t\t\t\t<\/div>\n\t\t\t\t<\/div>\n\t\t\t\t\t\t<\/div>\n\t\t\t\t\t<\/div>\n\t\t<\/div>\n\t\t\t\t\t\t\t\t<\/div>\n\t\t\t\t\t<\/div>\n\t\t<\/section>\n\t\t\t\t\t\t<\/div>\n\t\t\t\t\t\t<\/div>\n\t\t\t\t\t<\/div>\n\t\t","protected":false},"excerpt":{"rendered":"<p>Bilance di sistema L&#8217;azienda Drewmax possiede una grande esperienza nella progettazione e produzione di bilance sistemiche. La nostra offerta comprende, tra gli altri, bilance per serbatoi, bilance di scarico, bilance coniche, bilance a coclea e bilance mobili. A seconda del tipo di prodotto pesato, vengono utilizzatori dosatori gravitazionali, a coclea, a nastro, vibrazionali e griglie&hellip;<\/p>\n","protected":false},"author":1,"featured_media":0,"parent":0,"menu_order":0,"comment_status":"closed","ping_status":"closed","template":"","meta":[],"yoast_head":"<!-- This site is optimized with the Yoast SEO Premium plugin v15.5 - https:\/\/yoast.com\/wordpress\/plugins\/seo\/ -->\n<title>Wa\u017cenie Pakowanie Paletyzacja Automatyka przemys\u0142owa linie PP PE<\/title>\n<meta name=\"description\" content=\"Wa\u017cenie Pakowanie Paletyzacja Automatyka przemys\u0142owa linie wa\u017c\u0105co - pakuj\u0105ce zbiorniki technologiczne mikrodozowanie linie PP PE\" \/>\n<meta name=\"robots\" content=\"index, follow, max-snippet:-1, max-image-preview:large, max-video-preview:-1\" \/>\n<link rel=\"canonical\" href=\"https:\/\/drewmax.net.pl\/wagi-systemowe\/\" \/>\n<meta property=\"og:locale\" content=\"it_IT\" \/>\n<meta property=\"og:type\" content=\"article\" \/>\n<meta property=\"og:title\" content=\"Wa\u017cenie Pakowanie Paletyzacja Automatyka przemys\u0142owa linie PP PE\" \/>\n<meta property=\"og:description\" content=\"Wa\u017cenie Pakowanie Paletyzacja Automatyka przemys\u0142owa linie wa\u017c\u0105co - pakuj\u0105ce zbiorniki technologiczne mikrodozowanie linie PP PE\" \/>\n<meta property=\"og:url\" content=\"https:\/\/drewmax.net.pl\/wagi-systemowe\/\" \/>\n<meta property=\"og:site_name\" content=\"(Polski) Drewmax - Wa\u017cenie | Pakowanie | Paletyzacja | Automatyka\" \/>\n<meta property=\"article:publisher\" content=\"https:\/\/www.facebook.com\/Drewmax-111641623604429\/\" \/>\n<meta property=\"article:modified_time\" content=\"2025-04-04T06:07:03+00:00\" \/>\n<meta name=\"twitter:card\" content=\"summary_large_image\" \/>\n<meta name=\"twitter:label1\" content=\"Tempo di lettura stimato\">\n\t<meta name=\"twitter:data1\" content=\"9 minuti\">\n<script type=\"application\/ld+json\" class=\"yoast-schema-graph\">{\"@context\":\"https:\/\/schema.org\",\"@graph\":[{\"@type\":\"Organization\",\"@id\":\"https:\/\/drewmax.net.pl\/en\/#organization\",\"name\":\"DREWMAX Sp\\u00f3\\u0142ka z o.o.\",\"url\":\"https:\/\/drewmax.net.pl\/en\/\",\"sameAs\":[\"https:\/\/www.facebook.com\/Drewmax-111641623604429\/\",\"https:\/\/www.instagram.com\/drewmax.net.pl\/\",\"https:\/\/www.youtube.com\/channel\/UCCS8U5F8gSyJAlSWjxgbLRQ\"],\"logo\":{\"@type\":\"ImageObject\",\"@id\":\"https:\/\/drewmax.net.pl\/en\/#logo\",\"inLanguage\":\"it-IT\",\"url\":\"\",\"caption\":\"DREWMAX Sp\\u00f3\\u0142ka z o.o.\"},\"image\":{\"@id\":\"https:\/\/drewmax.net.pl\/en\/#logo\"}},{\"@type\":\"WebSite\",\"@id\":\"https:\/\/drewmax.net.pl\/en\/#website\",\"url\":\"https:\/\/drewmax.net.pl\/en\/\",\"name\":\"(Polski) Drewmax - Wa\\u017cenie | Pakowanie | Paletyzacja | Automatyka\",\"description\":\"\",\"publisher\":{\"@id\":\"https:\/\/drewmax.net.pl\/en\/#organization\"},\"potentialAction\":[{\"@type\":\"SearchAction\",\"target\":\"https:\/\/drewmax.net.pl\/en\/?s={search_term_string}\",\"query-input\":\"required name=search_term_string\"}],\"inLanguage\":\"it-IT\"},{\"@type\":\"WebPage\",\"@id\":\"https:\/\/drewmax.net.pl\/wagi-systemowe\/#webpage\",\"url\":\"https:\/\/drewmax.net.pl\/wagi-systemowe\/\",\"name\":\"Wa\\u017cenie Pakowanie Paletyzacja Automatyka przemys\\u0142owa linie PP PE\",\"isPartOf\":{\"@id\":\"https:\/\/drewmax.net.pl\/en\/#website\"},\"datePublished\":\"2016-07-21T11:32:50+00:00\",\"dateModified\":\"2025-04-04T06:07:03+00:00\",\"description\":\"Wa\\u017cenie Pakowanie Paletyzacja Automatyka przemys\\u0142owa linie wa\\u017c\\u0105co - pakuj\\u0105ce zbiorniki technologiczne mikrodozowanie linie PP PE\",\"breadcrumb\":{\"@id\":\"https:\/\/drewmax.net.pl\/wagi-systemowe\/#breadcrumb\"},\"inLanguage\":\"it-IT\",\"potentialAction\":[{\"@type\":\"ReadAction\",\"target\":[\"https:\/\/drewmax.net.pl\/wagi-systemowe\/\"]}]},{\"@type\":\"BreadcrumbList\",\"@id\":\"https:\/\/drewmax.net.pl\/wagi-systemowe\/#breadcrumb\",\"itemListElement\":[{\"@type\":\"ListItem\",\"position\":1,\"item\":{\"@type\":\"WebPage\",\"@id\":\"https:\/\/drewmax.net.pl\/\",\"url\":\"https:\/\/drewmax.net.pl\/\",\"name\":\"Home\"}},{\"@type\":\"ListItem\",\"position\":2,\"item\":{\"@type\":\"WebPage\",\"@id\":\"https:\/\/drewmax.net.pl\/wagi-systemowe\/\",\"url\":\"https:\/\/drewmax.net.pl\/wagi-systemowe\/\",\"name\":\"Wagi systemowe\"}}]}]}<\/script>\n<!-- \/ Yoast SEO Premium plugin. -->","_links":{"self":[{"href":"https:\/\/drewmax.net.pl\/it\/wp-json\/wp\/v2\/pages\/175"}],"collection":[{"href":"https:\/\/drewmax.net.pl\/it\/wp-json\/wp\/v2\/pages"}],"about":[{"href":"https:\/\/drewmax.net.pl\/it\/wp-json\/wp\/v2\/types\/page"}],"author":[{"embeddable":true,"href":"https:\/\/drewmax.net.pl\/it\/wp-json\/wp\/v2\/users\/1"}],"replies":[{"embeddable":true,"href":"https:\/\/drewmax.net.pl\/it\/wp-json\/wp\/v2\/comments?post=175"}],"version-history":[{"count":61,"href":"https:\/\/drewmax.net.pl\/it\/wp-json\/wp\/v2\/pages\/175\/revisions"}],"predecessor-version":[{"id":32052,"href":"https:\/\/drewmax.net.pl\/it\/wp-json\/wp\/v2\/pages\/175\/revisions\/32052"}],"wp:attachment":[{"href":"https:\/\/drewmax.net.pl\/it\/wp-json\/wp\/v2\/media?parent=175"}],"curies":[{"name":"wp","href":"https:\/\/api.w.org\/{rel}","templated":true}]}}