{"id":166,"date":"2016-07-21T13:28:31","date_gmt":"2016-07-21T11:28:31","guid":{"rendered":"http:\/\/drewmax.net.pl\/?page_id=166"},"modified":"2025-04-03T14:39:43","modified_gmt":"2025-04-03T12:39:43","slug":"urzadzenie-sluzace-do-napelniania-workow-typu-big-bag-jednozaczepowych","status":"publish","type":"page","link":"https:\/\/drewmax.net.pl\/it\/urzadzenie-sluzace-do-napelniania-workow-typu-big-bag-jednozaczepowych\/","title":{"rendered":"Urz\u0105dzenie s\u0142u\u017c\u0105ce do nape\u0142niania work\u00f3w typu Big-Bag \u2013 jednozaczepowych"},"content":{"rendered":"\t\t<div data-elementor-type=\"wp-post\" data-elementor-id=\"166\" class=\"elementor elementor-166\" data-elementor-settings=\"[]\">\n\t\t\t\t\t\t<div class=\"elementor-inner\">\n\t\t\t\t\t\t\t<div class=\"elementor-section-wrap\">\n\t\t\t\t\t\t\t<section class=\"elementor-section elementor-top-section elementor-element elementor-element-fcf89ba elementor-section-boxed elementor-section-height-default elementor-section-height-default\" data-id=\"fcf89ba\" data-element_type=\"section\" data-settings=\"{&quot;background_background&quot;:&quot;classic&quot;}\">\n\t\t\t\t\t\t<div class=\"elementor-container elementor-column-gap-default\">\n\t\t\t\t\t\t\t<div class=\"elementor-row\">\n\t\t\t\t\t<div class=\"elementor-column elementor-col-100 elementor-top-column elementor-element elementor-element-cbca31f\" data-id=\"cbca31f\" data-element_type=\"column\">\n\t\t\t<div class=\"elementor-column-wrap elementor-element-populated\">\n\t\t\t\t\t\t\t<div class=\"elementor-widget-wrap\">\n\t\t\t\t\t\t<div class=\"elementor-element elementor-element-e8e309b elementor-widget elementor-widget-heading\" data-id=\"e8e309b\" data-element_type=\"widget\" data-widget_type=\"heading.default\">\n\t\t\t\t<div class=\"elementor-widget-container\">\n\t\t\t<h2 class=\"elementor-heading-title elementor-size-xl\">Dispositivo per il riempimento di sacchi Big-Bag a un solo attacco\n<\/h2>\t\t<\/div>\n\t\t\t\t<\/div>\n\t\t\t\t\t\t<\/div>\n\t\t\t\t\t<\/div>\n\t\t<\/div>\n\t\t\t\t\t\t\t\t<\/div>\n\t\t\t\t\t<\/div>\n\t\t<\/section>\n\t\t\t\t<section class=\"elementor-section elementor-top-section elementor-element elementor-element-c1500bd elementor-section-boxed elementor-section-height-default elementor-section-height-default\" data-id=\"c1500bd\" data-element_type=\"section\" data-settings=\"{&quot;background_background&quot;:&quot;classic&quot;}\">\n\t\t\t\t\t\t<div class=\"elementor-container elementor-column-gap-default\">\n\t\t\t\t\t\t\t<div class=\"elementor-row\">\n\t\t\t\t\t<div class=\"elementor-column elementor-col-50 elementor-top-column elementor-element elementor-element-2fe4157\" data-id=\"2fe4157\" data-element_type=\"column\">\n\t\t\t<div class=\"elementor-column-wrap elementor-element-populated\">\n\t\t\t\t\t\t\t<div class=\"elementor-widget-wrap\">\n\t\t\t\t\t\t<div class=\"elementor-element elementor-element-9981c4b elementor-widget elementor-widget-text-editor\" data-id=\"9981c4b\" data-element_type=\"widget\" data-widget_type=\"text-editor.default\">\n\t\t\t\t<div class=\"elementor-widget-container\">\n\t\t\t\t\t\t\t\t<div class=\"elementor-text-editor elementor-clearfix\">\n\t\t\t\t<p><\/p><p data-start=\"0\" data-end=\"303\">L&#8217;offerta di Drewmax include anche un dispositivo per il riempimento di sacchi Big-Bag a un solo attacco, con una capacit\u00e0 compresa tra <strong>100 e 1500 kg.<\/strong> Il riempimento di questi sacchi avviene tramite dosatori opportunamente selezionati e una bilancia netta posizionata sopra la stazione di riempimento.<\/p><p data-start=\"305\" data-end=\"483\">La linea di riempimento, combinata con la bilancia netta, \u00e8 un sistema di confezionamento semi-automatico per prodotti <strong>sfusi, granulari o polverosi<\/strong>, utilizzando sacchi Big-Bag.<\/p><p data-start=\"485\" data-end=\"784\" data-is-last-node=\"\" data-is-only-node=\"\">Il dispositivo presentato \u00e8 dotato di un beccuccio di riempimento mobile, che facilita notevolmente il montaggio e la rimozione del sacco. Inoltre, il sistema automatico di sigillatura e il meccanismo di gonfiaggio dell&#8217;imballaggio migliorano significativamente il comfort di lavoro degli operatori.<\/p><p><\/p>\t\t\t\t\t<\/div>\n\t\t\t\t\t\t<\/div>\n\t\t\t\t<\/div>\n\t\t\t\t\t\t<\/div>\n\t\t\t\t\t<\/div>\n\t\t<\/div>\n\t\t\t\t<div class=\"elementor-column elementor-col-50 elementor-top-column elementor-element elementor-element-048969c\" data-id=\"048969c\" data-element_type=\"column\">\n\t\t\t<div class=\"elementor-column-wrap elementor-element-populated\">\n\t\t\t\t\t\t\t<div class=\"elementor-widget-wrap\">\n\t\t\t\t\t\t<div class=\"elementor-element elementor-element-9c56358 elementor-widget elementor-widget-image\" data-id=\"9c56358\" data-element_type=\"widget\" data-widget_type=\"image.default\">\n\t\t\t\t<div class=\"elementor-widget-container\">\n\t\t\t\t\t\t\t\t<div class=\"elementor-image\">\n\t\t\t\t\t\t\t\t\t\t\t\t<img width=\"624\" height=\"548\" src=\"https:\/\/drewmax.net.pl\/wp-content\/uploads\/2020\/10\/bigbag11.jpg\" class=\"attachment-large size-large\" alt=\"\" loading=\"lazy\" srcset=\"https:\/\/drewmax.net.pl\/wp-content\/uploads\/2020\/10\/bigbag11.jpg 624w, https:\/\/drewmax.net.pl\/wp-content\/uploads\/2020\/10\/bigbag11-300x263.jpg 300w\" sizes=\"(max-width: 624px) 100vw, 624px\" \/>\t\t\t\t\t\t\t\t\t\t\t\t\t\t<\/div>\n\t\t\t\t\t\t<\/div>\n\t\t\t\t<\/div>\n\t\t\t\t\t\t<\/div>\n\t\t\t\t\t<\/div>\n\t\t<\/div>\n\t\t\t\t\t\t\t\t<\/div>\n\t\t\t\t\t<\/div>\n\t\t<\/section>\n\t\t\t\t<section class=\"elementor-section elementor-top-section elementor-element elementor-element-88e71bc elementor-section-boxed elementor-section-height-default elementor-section-height-default\" data-id=\"88e71bc\" data-element_type=\"section\" data-settings=\"{&quot;background_background&quot;:&quot;classic&quot;}\">\n\t\t\t\t\t\t<div class=\"elementor-container elementor-column-gap-default\">\n\t\t\t\t\t\t\t<div class=\"elementor-row\">\n\t\t\t\t\t<div class=\"elementor-column elementor-col-100 elementor-top-column elementor-element elementor-element-97fa1c9\" data-id=\"97fa1c9\" data-element_type=\"column\">\n\t\t\t<div class=\"elementor-column-wrap elementor-element-populated\">\n\t\t\t\t\t\t\t<div class=\"elementor-widget-wrap\">\n\t\t\t\t\t\t<div class=\"elementor-element elementor-element-3afda3e elementor-widget elementor-widget-text-editor\" data-id=\"3afda3e\" data-element_type=\"widget\" data-widget_type=\"text-editor.default\">\n\t\t\t\t<div class=\"elementor-widget-container\">\n\t\t\t\t\t\t\t\t<div class=\"elementor-text-editor elementor-clearfix\">\n\t\t\t\t<p><\/p><p data-start=\"0\" data-end=\"44\"><span style=\"text-decoration: underline;\"><strong data-start=\"0\" data-end=\"42\">Componenti principali del dispositivo:<\/strong><\/span><\/p><ul data-start=\"46\" data-end=\"318\"><li data-start=\"46\" data-end=\"99\">Struttura di supporto con piattaforma di servizio<\/li><li data-start=\"100\" data-end=\"124\">Beccuccio automatico<\/li><li data-start=\"125\" data-end=\"160\">Nastro trasportatore di scarico<\/li><li data-start=\"161\" data-end=\"204\">Sistema di controllo con pannello touch<\/li><li data-start=\"205\" data-end=\"280\">Sistema di controllo intuitivo basato su PLC Siemens con pannello touch<\/li><li data-start=\"281\" data-end=\"318\">Attuatori\/servomotori SEW o LENZE<\/li><\/ul><p data-start=\"320\" data-end=\"352\"><span style=\"text-decoration: underline;\"><strong data-start=\"320\" data-end=\"350\">Equipaggiamento opzionale:<\/strong><\/span><\/p><ul data-start=\"354\" data-end=\"586\" data-is-last-node=\"\" data-is-only-node=\"\"><li data-start=\"354\" data-end=\"398\">Sistema di vibrazione del sacco riempito<\/li><li data-start=\"399\" data-end=\"434\">Sistema di gonfiaggio del sacco<\/li><li data-start=\"435\" data-end=\"492\">Sistema di fissaggio del sacco durante il riempimento<\/li><li data-start=\"493\" data-end=\"528\">Trasportatore buffer aggiuntivo<\/li><li data-start=\"529\" data-end=\"586\" data-is-last-node=\"\">Sistema di preparazione per la movimentazione del sacco<\/li><\/ul><p><\/p>\t\t\t\t\t<\/div>\n\t\t\t\t\t\t<\/div>\n\t\t\t\t<\/div>\n\t\t\t\t\t\t<\/div>\n\t\t\t\t\t<\/div>\n\t\t<\/div>\n\t\t\t\t<div class=\"elementor-column elementor-col-100 elementor-top-column elementor-element elementor-element-fbf6109\" data-id=\"fbf6109\" data-element_type=\"column\">\n\t\t\t<div class=\"elementor-column-wrap elementor-element-populated\">\n\t\t\t\t\t\t\t<div class=\"elementor-widget-wrap\">\n\t\t\t\t\t\t<div class=\"elementor-element elementor-element-cc5fc1a elementor-widget elementor-widget-text-editor\" data-id=\"cc5fc1a\" data-element_type=\"widget\" data-widget_type=\"text-editor.default\">\n\t\t\t\t<div class=\"elementor-widget-container\">\n\t\t\t\t\t\t\t\t<div class=\"elementor-text-editor elementor-clearfix\">\n\t\t\t\t<p><\/p><p data-start=\"0\" data-end=\"35\"><span style=\"text-decoration: underline;\"><strong data-start=\"0\" data-end=\"33\">Parametri tecnici principali:<\/strong><\/span><\/p><ul data-start=\"37\" data-end=\"471\" data-is-only-node=\"\" data-is-last-node=\"\"><li data-start=\"37\" data-end=\"80\">Massa massima per porzione: 1500 kg<\/li><li data-start=\"81\" data-end=\"122\">Massa minima per porzione: 100 kg<\/li><li data-start=\"123\" data-end=\"262\">Capacit\u00e0 della linea: circa 30 t\/h (a seconda delle caratteristiche del prodotto, dell\u2019operatore e della dimensione della porzione)<\/li><li data-start=\"263\" data-end=\"336\">Tipo di sacchi: sacchi Big-Bag a un solo attacco in polipropilene<\/li><li data-start=\"337\" data-end=\"383\">Alimentazione elettrica: 3 x 400V 50Hz<\/li><li data-start=\"384\" data-end=\"424\">Consumo massimo di potenza: 5 kW<\/li><li data-start=\"425\" data-end=\"471\" data-is-last-node=\"\">Alimentazione aria compressa: 5 \u2013 10 bar<\/li><\/ul><p><\/p>\t\t\t\t\t<\/div>\n\t\t\t\t\t\t<\/div>\n\t\t\t\t<\/div>\n\t\t\t\t<div class=\"elementor-element elementor-element-db4d6d5 elementor-widget elementor-widget-image\" data-id=\"db4d6d5\" data-element_type=\"widget\" data-widget_type=\"image.default\">\n\t\t\t\t<div class=\"elementor-widget-container\">\n\t\t\t\t\t\t\t\t<div class=\"elementor-image\">\n\t\t\t\t\t\t\t\t\t\t\t\t<img width=\"525\" height=\"164\" src=\"https:\/\/drewmax.net.pl\/wp-content\/uploads\/2020\/10\/bigbag12.png\" class=\"attachment-large size-large\" alt=\"\" loading=\"lazy\" srcset=\"https:\/\/drewmax.net.pl\/wp-content\/uploads\/2020\/10\/bigbag12.png 525w, https:\/\/drewmax.net.pl\/wp-content\/uploads\/2020\/10\/bigbag12-300x94.png 300w\" sizes=\"(max-width: 525px) 100vw, 525px\" \/>\t\t\t\t\t\t\t\t\t\t\t\t\t\t<\/div>\n\t\t\t\t\t\t<\/div>\n\t\t\t\t<\/div>\n\t\t\t\t\t\t<\/div>\n\t\t\t\t\t<\/div>\n\t\t<\/div>\n\t\t\t\t\t\t\t\t<\/div>\n\t\t\t\t\t<\/div>\n\t\t<\/section>\n\t\t\t\t<section class=\"elementor-section elementor-top-section elementor-element elementor-element-262542c elementor-section-boxed elementor-section-height-default elementor-section-height-default\" data-id=\"262542c\" data-element_type=\"section\" data-settings=\"{&quot;background_background&quot;:&quot;classic&quot;}\">\n\t\t\t\t\t\t<div class=\"elementor-container elementor-column-gap-default\">\n\t\t\t\t\t\t\t<div class=\"elementor-row\">\n\t\t\t\t\t<div class=\"elementor-column elementor-col-100 elementor-top-column elementor-element elementor-element-31b3d50\" data-id=\"31b3d50\" data-element_type=\"column\">\n\t\t\t<div class=\"elementor-column-wrap elementor-element-populated\">\n\t\t\t\t\t\t\t<div class=\"elementor-widget-wrap\">\n\t\t\t\t\t\t<div class=\"elementor-element elementor-element-8ca63e4 elementor-align-center elementor-widget elementor-widget-button\" data-id=\"8ca63e4\" data-element_type=\"widget\" data-widget_type=\"button.default\">\n\t\t\t\t<div class=\"elementor-widget-container\">\n\t\t\t\t\t<div class=\"elementor-button-wrapper\">\n\t\t\t<a href=\"https:\/\/drewmax.net.pl\/wp-content\/uploads\/2025\/04\/Urzadzenia-sluzace-do-napelniania-workow-typu-Big-Bag_front_IT.pdf\" target=\"_blank\" class=\"elementor-button-link elementor-button elementor-size-lg\" role=\"button\">\n\t\t\t\t\t\t<span class=\"elementor-button-content-wrapper\">\n\t\t\t\t\t\t<span class=\"elementor-button-icon elementor-align-icon-left\">\n\t\t\t\t<i aria-hidden=\"true\" class=\"fas fa-file-download\"><\/i>\t\t\t<\/span>\n\t\t\t\t\t\t<span class=\"elementor-button-text\">Scarica la scheda del prodotto<\/span>\n\t\t<\/span>\n\t\t\t\t\t<\/a>\n\t\t<\/div>\n\t\t\t\t<\/div>\n\t\t\t\t<\/div>\n\t\t\t\t<div class=\"elementor-element elementor-element-681a2b0 elementor-widget elementor-widget-spacer\" data-id=\"681a2b0\" data-element_type=\"widget\" data-widget_type=\"spacer.default\">\n\t\t\t\t<div class=\"elementor-widget-container\">\n\t\t\t\t\t<div class=\"elementor-spacer\">\n\t\t\t<div class=\"elementor-spacer-inner\"><\/div>\n\t\t<\/div>\n\t\t\t\t<\/div>\n\t\t\t\t<\/div>\n\t\t\t\t\t\t<\/div>\n\t\t\t\t\t<\/div>\n\t\t<\/div>\n\t\t\t\t\t\t\t\t<\/div>\n\t\t\t\t\t<\/div>\n\t\t<\/section>\n\t\t\t\t\t\t<\/div>\n\t\t\t\t\t\t<\/div>\n\t\t\t\t\t<\/div>\n\t\t","protected":false},"excerpt":{"rendered":"<p>Dispositivo per il riempimento di sacchi Big-Bag a un solo attacco L&#8217;offerta di Drewmax include anche un dispositivo per il riempimento di sacchi Big-Bag a un solo attacco, con una capacit\u00e0 compresa tra 100 e 1500 kg. Il riempimento di questi sacchi avviene tramite dosatori opportunamente selezionati e una bilancia netta posizionata sopra la stazione&hellip;<\/p>\n","protected":false},"author":1,"featured_media":12245,"parent":0,"menu_order":0,"comment_status":"closed","ping_status":"closed","template":"","meta":[],"yoast_head":"<!-- This site is optimized with the Yoast SEO Premium plugin v15.5 - https:\/\/yoast.com\/wordpress\/plugins\/seo\/ -->\n<title>Wa\u017cenie Pakowanie Paletyzacja Automatyka przemys\u0142owa linie Bigbag<\/title>\n<meta name=\"description\" content=\"Wa\u017cenie Pakowanie Paletyzacja Automatyka przemys\u0142owa linie wa\u017c\u0105co - pakuj\u0105ce zbiorniki technologiczne mikrodozowanie linie PP PE Bigbag\" \/>\n<meta name=\"robots\" content=\"index, follow, max-snippet:-1, max-image-preview:large, max-video-preview:-1\" \/>\n<link rel=\"canonical\" href=\"https:\/\/drewmax.net.pl\/urzadzenie-sluzace-do-napelniania-workow-typu-big-bag-jednozaczepowych\/\" \/>\n<meta property=\"og:locale\" content=\"it_IT\" \/>\n<meta property=\"og:type\" content=\"article\" \/>\n<meta property=\"og:title\" content=\"Wa\u017cenie Pakowanie Paletyzacja Automatyka przemys\u0142owa linie Bigbag\" \/>\n<meta property=\"og:description\" content=\"Wa\u017cenie Pakowanie Paletyzacja Automatyka przemys\u0142owa linie wa\u017c\u0105co - pakuj\u0105ce zbiorniki technologiczne mikrodozowanie linie PP PE Bigbag\" \/>\n<meta property=\"og:url\" content=\"https:\/\/drewmax.net.pl\/urzadzenie-sluzace-do-napelniania-workow-typu-big-bag-jednozaczepowych\/\" \/>\n<meta property=\"og:site_name\" content=\"(Polski) Drewmax - Wa\u017cenie | Pakowanie | Paletyzacja | Automatyka\" \/>\n<meta property=\"article:publisher\" content=\"https:\/\/www.facebook.com\/Drewmax-111641623604429\/\" \/>\n<meta property=\"article:modified_time\" content=\"2025-04-03T12:39:43+00:00\" \/>\n<meta name=\"twitter:card\" content=\"summary_large_image\" \/>\n<meta name=\"twitter:label1\" content=\"Tempo di lettura stimato\">\n\t<meta name=\"twitter:data1\" content=\"7 minuti\">\n<script type=\"application\/ld+json\" class=\"yoast-schema-graph\">{\"@context\":\"https:\/\/schema.org\",\"@graph\":[{\"@type\":\"Organization\",\"@id\":\"https:\/\/drewmax.net.pl\/en\/#organization\",\"name\":\"DREWMAX Sp\\u00f3\\u0142ka z o.o.\",\"url\":\"https:\/\/drewmax.net.pl\/en\/\",\"sameAs\":[\"https:\/\/www.facebook.com\/Drewmax-111641623604429\/\",\"https:\/\/www.instagram.com\/drewmax.net.pl\/\",\"https:\/\/www.youtube.com\/channel\/UCCS8U5F8gSyJAlSWjxgbLRQ\"],\"logo\":{\"@type\":\"ImageObject\",\"@id\":\"https:\/\/drewmax.net.pl\/en\/#logo\",\"inLanguage\":\"it-IT\",\"url\":\"\",\"caption\":\"DREWMAX Sp\\u00f3\\u0142ka z o.o.\"},\"image\":{\"@id\":\"https:\/\/drewmax.net.pl\/en\/#logo\"}},{\"@type\":\"WebSite\",\"@id\":\"https:\/\/drewmax.net.pl\/en\/#website\",\"url\":\"https:\/\/drewmax.net.pl\/en\/\",\"name\":\"(Polski) Drewmax - Wa\\u017cenie | Pakowanie | Paletyzacja | Automatyka\",\"description\":\"\",\"publisher\":{\"@id\":\"https:\/\/drewmax.net.pl\/en\/#organization\"},\"potentialAction\":[{\"@type\":\"SearchAction\",\"target\":\"https:\/\/drewmax.net.pl\/en\/?s={search_term_string}\",\"query-input\":\"required name=search_term_string\"}],\"inLanguage\":\"it-IT\"},{\"@type\":\"ImageObject\",\"@id\":\"https:\/\/drewmax.net.pl\/urzadzenie-sluzace-do-napelniania-workow-typu-big-bag-jednozaczepowych\/#primaryimage\",\"inLanguage\":\"it-IT\",\"url\":\"\"},{\"@type\":\"WebPage\",\"@id\":\"https:\/\/drewmax.net.pl\/urzadzenie-sluzace-do-napelniania-workow-typu-big-bag-jednozaczepowych\/#webpage\",\"url\":\"https:\/\/drewmax.net.pl\/urzadzenie-sluzace-do-napelniania-workow-typu-big-bag-jednozaczepowych\/\",\"name\":\"Wa\\u017cenie Pakowanie Paletyzacja Automatyka przemys\\u0142owa linie Bigbag\",\"isPartOf\":{\"@id\":\"https:\/\/drewmax.net.pl\/en\/#website\"},\"primaryImageOfPage\":{\"@id\":\"https:\/\/drewmax.net.pl\/urzadzenie-sluzace-do-napelniania-workow-typu-big-bag-jednozaczepowych\/#primaryimage\"},\"datePublished\":\"2016-07-21T11:28:31+00:00\",\"dateModified\":\"2025-04-03T12:39:43+00:00\",\"description\":\"Wa\\u017cenie Pakowanie Paletyzacja Automatyka przemys\\u0142owa linie wa\\u017c\\u0105co - pakuj\\u0105ce zbiorniki technologiczne mikrodozowanie linie PP PE Bigbag\",\"breadcrumb\":{\"@id\":\"https:\/\/drewmax.net.pl\/urzadzenie-sluzace-do-napelniania-workow-typu-big-bag-jednozaczepowych\/#breadcrumb\"},\"inLanguage\":\"it-IT\",\"potentialAction\":[{\"@type\":\"ReadAction\",\"target\":[\"https:\/\/drewmax.net.pl\/urzadzenie-sluzace-do-napelniania-workow-typu-big-bag-jednozaczepowych\/\"]}]},{\"@type\":\"BreadcrumbList\",\"@id\":\"https:\/\/drewmax.net.pl\/urzadzenie-sluzace-do-napelniania-workow-typu-big-bag-jednozaczepowych\/#breadcrumb\",\"itemListElement\":[{\"@type\":\"ListItem\",\"position\":1,\"item\":{\"@type\":\"WebPage\",\"@id\":\"https:\/\/drewmax.net.pl\/\",\"url\":\"https:\/\/drewmax.net.pl\/\",\"name\":\"Home\"}},{\"@type\":\"ListItem\",\"position\":2,\"item\":{\"@type\":\"WebPage\",\"@id\":\"https:\/\/drewmax.net.pl\/urzadzenie-sluzace-do-napelniania-workow-typu-big-bag-jednozaczepowych\/\",\"url\":\"https:\/\/drewmax.net.pl\/urzadzenie-sluzace-do-napelniania-workow-typu-big-bag-jednozaczepowych\/\",\"name\":\"Urz\\u0105dzenie s\\u0142u\\u017c\\u0105ce do nape\\u0142niania work\\u00f3w typu Big-Bag \\u2013 jednozaczepowych\"}}]}]}<\/script>\n<!-- \/ Yoast SEO Premium plugin. -->","_links":{"self":[{"href":"https:\/\/drewmax.net.pl\/it\/wp-json\/wp\/v2\/pages\/166"}],"collection":[{"href":"https:\/\/drewmax.net.pl\/it\/wp-json\/wp\/v2\/pages"}],"about":[{"href":"https:\/\/drewmax.net.pl\/it\/wp-json\/wp\/v2\/types\/page"}],"author":[{"embeddable":true,"href":"https:\/\/drewmax.net.pl\/it\/wp-json\/wp\/v2\/users\/1"}],"replies":[{"embeddable":true,"href":"https:\/\/drewmax.net.pl\/it\/wp-json\/wp\/v2\/comments?post=166"}],"version-history":[{"count":70,"href":"https:\/\/drewmax.net.pl\/it\/wp-json\/wp\/v2\/pages\/166\/revisions"}],"predecessor-version":[{"id":32025,"href":"https:\/\/drewmax.net.pl\/it\/wp-json\/wp\/v2\/pages\/166\/revisions\/32025"}],"wp:featuredmedia":[{"embeddable":true,"href":"https:\/\/drewmax.net.pl\/it\/wp-json\/wp\/v2\/media\/12245"}],"wp:attachment":[{"href":"https:\/\/drewmax.net.pl\/it\/wp-json\/wp\/v2\/media?parent=166"}],"curies":[{"name":"wp","href":"https:\/\/api.w.org\/{rel}","templated":true}]}}