{"id":163,"date":"2016-07-21T13:24:05","date_gmt":"2016-07-21T11:24:05","guid":{"rendered":"http:\/\/drewmax.net.pl\/?page_id=163"},"modified":"2025-04-04T08:03:17","modified_gmt":"2025-04-04T06:03:17","slug":"systemy-magazynowania","status":"publish","type":"page","link":"https:\/\/drewmax.net.pl\/it\/systemy-magazynowania\/","title":{"rendered":"Systemy magazynowania"},"content":{"rendered":"\t\t<div data-elementor-type=\"wp-post\" data-elementor-id=\"163\" class=\"elementor elementor-163\" data-elementor-settings=\"[]\">\n\t\t\t\t\t\t<div class=\"elementor-inner\">\n\t\t\t\t\t\t\t<div class=\"elementor-section-wrap\">\n\t\t\t\t\t\t\t<section class=\"elementor-section elementor-top-section elementor-element elementor-element-75dfc5a elementor-section-boxed elementor-section-height-default elementor-section-height-default\" data-id=\"75dfc5a\" data-element_type=\"section\" data-settings=\"{&quot;background_background&quot;:&quot;classic&quot;}\">\n\t\t\t\t\t\t<div class=\"elementor-container elementor-column-gap-default\">\n\t\t\t\t\t\t\t<div class=\"elementor-row\">\n\t\t\t\t\t<div class=\"elementor-column elementor-col-100 elementor-top-column elementor-element elementor-element-00c6003\" data-id=\"00c6003\" data-element_type=\"column\">\n\t\t\t<div class=\"elementor-column-wrap elementor-element-populated\">\n\t\t\t\t\t\t\t<div class=\"elementor-widget-wrap\">\n\t\t\t\t\t\t<div class=\"elementor-element elementor-element-050cfee elementor-widget elementor-widget-heading\" data-id=\"050cfee\" data-element_type=\"widget\" data-widget_type=\"heading.default\">\n\t\t\t\t<div class=\"elementor-widget-container\">\n\t\t\t<h2 class=\"elementor-heading-title elementor-size-xl\">Sistemi di stoccaggio\n<\/h2>\t\t<\/div>\n\t\t\t\t<\/div>\n\t\t\t\t\t\t<\/div>\n\t\t\t\t\t<\/div>\n\t\t<\/div>\n\t\t\t\t\t\t\t\t<\/div>\n\t\t\t\t\t<\/div>\n\t\t<\/section>\n\t\t\t\t<section class=\"elementor-section elementor-top-section elementor-element elementor-element-6dde elementor-section-boxed elementor-section-height-default elementor-section-height-default\" data-id=\"6dde\" data-element_type=\"section\" data-settings=\"{&quot;background_background&quot;:&quot;classic&quot;}\">\n\t\t\t\t\t\t<div class=\"elementor-container elementor-column-gap-default\">\n\t\t\t\t\t\t\t<div class=\"elementor-row\">\n\t\t\t\t\t<div class=\"elementor-column elementor-col-100 elementor-top-column elementor-element elementor-element-1bbf\" data-id=\"1bbf\" data-element_type=\"column\">\n\t\t\t<div class=\"elementor-column-wrap elementor-element-populated\">\n\t\t\t\t\t\t\t<div class=\"elementor-widget-wrap\">\n\t\t\t\t\t\t<div class=\"elementor-element elementor-element-328c elementor-widget elementor-widget-text-editor\" data-id=\"328c\" data-element_type=\"widget\" data-widget_type=\"text-editor.default\">\n\t\t\t\t<div class=\"elementor-widget-container\">\n\t\t\t\t\t\t\t\t<div class=\"elementor-text-editor elementor-clearfix\">\n\t\t\t\t<p><\/p><p data-start=\"0\" data-end=\"242\">Uno dei prodotti dell&#8217;azienda Drewmax sono i sistemi di stoccaggio. Tra gli elementi del sistema possiamo distinguere scaffali manuali e automatici. A seconda del settore, gli scaffali possono essere adattati a contenitori o vassoi specifici.<\/p><p data-start=\"244\" data-end=\"778\"><strong data-start=\"244\" data-end=\"264\">Scaffali manuali<\/strong> \u2013 Gli scaffali manuali prodotti da noi sono principalmente utilizzati nell&#8217;industria alimentare. L&#8217;ampia quantit\u00e0 di cassetti per contenitori di vario tipo consente di stoccare numerosi ingredienti. Inoltre, \u00e8 possibile installare una piattaforma mobile posizionata su appositi binari montati tra gli scaffali. Questa soluzione permette di posizionare una piccola bilancia su piattaforma sulla quale l&#8217;operatore, seguendo la ricetta visualizzata sullo schermo, pu\u00f2 pesare singoli ingredienti contenuti nei vassoi.<\/p><p data-start=\"780\" data-end=\"997\">Inoltre, gli scaffali possono essere dotati di coperchi in acciaio inox, che impediscono l&#8217;ingresso di contaminanti nei contenitori. Questa soluzione influisce positivamente sulla qualit\u00e0 delle materie prime stoccate.<\/p><p data-start=\"999\" data-end=\"1298\">Il sistema di controllo, che contiene il database dei prodotti, calcola automaticamente la quantit\u00e0 di prodotto versato dal contenitore e visualizza la quantit\u00e0 attuale nel vassoio. Se vengono utilizzati codici a barre, l&#8217;operatore viene ulteriormente confermato nella scelta corretta del materiale.<\/p><p data-start=\"1300\" data-end=\"2094\"><strong data-start=\"1300\" data-end=\"1323\">Scaffali automatici<\/strong> \u2013 Lo scaffale rotante \u00e8 un dispositivo moderno progettato per lo stoccaggio di prodotti, con un ottimo utilizzo dello spazio di magazzino. Le mensole dello scaffale si spostano verso l&#8217;alto o verso il basso in un circuito chiuso. L&#8217;accesso al contenitore selezionato avviene solo da un lato dello scaffale, a un livello fisso, dopo l&#8217;apertura del pannello di accesso. Il sistema di controllo dello scaffale legge il numero del contenitore a cui si richiede l&#8217;accesso e attiva il motore delle mensole mobili, in modo che il contenitore desiderato arrivi al pannello di accesso. Per motivi di sicurezza, l&#8217;intero scaffale rotante \u00e8 protetto da pannelli di protezione, e l&#8217;apertura del pannello di accesso \u00e8 possibile solo quando il motore delle mensole \u00e8 fermo e bloccato.<\/p><p data-start=\"2096\" data-end=\"2296\">Lo scaffale automatico, nella configurazione standard, \u00e8 dotato di 20 mensole di stoccaggio, ognuna delle quali \u00e8 suddivisa in quattro scomparti pronti per contenere i tipici contenitori da magazzino.<\/p><p data-start=\"2298\" data-end=\"2348\">Lo scaffale rotante \u00e8 ideale per lo stoccaggio di:<\/p><ul data-start=\"2350\" data-end=\"2413\" data-is-last-node=\"\" data-is-only-node=\"\"><li data-start=\"2350\" data-end=\"2371\">Prodotti in polvere<\/li><li data-start=\"2372\" data-end=\"2383\">Documenti<\/li><li data-start=\"2384\" data-end=\"2393\">Cartoni<\/li><li data-start=\"2394\" data-end=\"2405\">Strumenti<\/li><li data-start=\"2406\" data-end=\"2413\" data-is-last-node=\"\">Parti<\/li><\/ul><p><\/p>\t\t\t\t\t<\/div>\n\t\t\t\t\t\t<\/div>\n\t\t\t\t<\/div>\n\t\t\t\t<div class=\"elementor-element elementor-element-b71ce3b elementor-align-center elementor-widget elementor-widget-button\" data-id=\"b71ce3b\" data-element_type=\"widget\" data-widget_type=\"button.default\">\n\t\t\t\t<div class=\"elementor-widget-container\">\n\t\t\t\t\t<div class=\"elementor-button-wrapper\">\n\t\t\t<a href=\"https:\/\/drewmax.net.pl\/wp-content\/uploads\/2025\/04\/Systemy-przechowywania_front_IT.pdf\" target=\"_blank\" class=\"elementor-button-link elementor-button elementor-size-lg\" role=\"button\">\n\t\t\t\t\t\t<span class=\"elementor-button-content-wrapper\">\n\t\t\t\t\t\t<span class=\"elementor-button-icon elementor-align-icon-right\">\n\t\t\t\t<i aria-hidden=\"true\" class=\"fas fa-download\"><\/i>\t\t\t<\/span>\n\t\t\t\t\t\t<span class=\"elementor-button-text\">   Scarica la scheda del prodotto<\/span>\n\t\t<\/span>\n\t\t\t\t\t<\/a>\n\t\t<\/div>\n\t\t\t\t<\/div>\n\t\t\t\t<\/div>\n\t\t\t\t\t\t<\/div>\n\t\t\t\t\t<\/div>\n\t\t<\/div>\n\t\t\t\t\t\t\t\t<\/div>\n\t\t\t\t\t<\/div>\n\t\t<\/section>\n\t\t\t\t\t\t<\/div>\n\t\t\t\t\t\t<\/div>\n\t\t\t\t\t<\/div>\n\t\t","protected":false},"excerpt":{"rendered":"<p>Sistemi di stoccaggio Uno dei prodotti dell&#8217;azienda Drewmax sono i sistemi di stoccaggio. Tra gli elementi del sistema possiamo distinguere scaffali manuali e automatici. A seconda del settore, gli scaffali possono essere adattati a contenitori o vassoi specifici. Scaffali manuali \u2013 Gli scaffali manuali prodotti da noi sono principalmente utilizzati nell&#8217;industria alimentare. L&#8217;ampia quantit\u00e0 di&hellip;<\/p>\n","protected":false},"author":1,"featured_media":0,"parent":0,"menu_order":0,"comment_status":"closed","ping_status":"closed","template":"","meta":[],"yoast_head":"<!-- This site is optimized with the Yoast SEO Premium plugin v15.5 - https:\/\/yoast.com\/wordpress\/plugins\/seo\/ -->\n<title>Wa\u017cenie Pakowanie Paletyzacja Automatyka przemys\u0142owa linie PP PE<\/title>\n<meta name=\"description\" content=\"Wa\u017cenie Pakowanie Paletyzacja Automatyka przemys\u0142owa linie wa\u017c\u0105co - pakuj\u0105ce zbiorniki technologiczne mikrodozowanie linie PP PE\" \/>\n<meta name=\"robots\" content=\"index, follow, max-snippet:-1, max-image-preview:large, max-video-preview:-1\" \/>\n<link rel=\"canonical\" href=\"https:\/\/drewmax.net.pl\/systemy-magazynowania\/\" \/>\n<meta property=\"og:locale\" content=\"it_IT\" \/>\n<meta property=\"og:type\" content=\"article\" \/>\n<meta property=\"og:title\" content=\"Wa\u017cenie Pakowanie Paletyzacja Automatyka przemys\u0142owa linie PP PE\" \/>\n<meta property=\"og:description\" content=\"Wa\u017cenie Pakowanie Paletyzacja Automatyka przemys\u0142owa linie wa\u017c\u0105co - pakuj\u0105ce zbiorniki technologiczne mikrodozowanie linie PP PE\" \/>\n<meta property=\"og:url\" content=\"https:\/\/drewmax.net.pl\/systemy-magazynowania\/\" \/>\n<meta property=\"og:site_name\" content=\"(Polski) Drewmax - Wa\u017cenie | Pakowanie | Paletyzacja | Automatyka\" \/>\n<meta property=\"article:publisher\" content=\"https:\/\/www.facebook.com\/Drewmax-111641623604429\/\" \/>\n<meta property=\"article:modified_time\" content=\"2025-04-04T06:03:17+00:00\" \/>\n<meta name=\"twitter:card\" content=\"summary_large_image\" \/>\n<meta name=\"twitter:label1\" content=\"Tempo di lettura stimato\">\n\t<meta name=\"twitter:data1\" content=\"11 minuti\">\n<script type=\"application\/ld+json\" class=\"yoast-schema-graph\">{\"@context\":\"https:\/\/schema.org\",\"@graph\":[{\"@type\":\"Organization\",\"@id\":\"https:\/\/drewmax.net.pl\/en\/#organization\",\"name\":\"DREWMAX Sp\\u00f3\\u0142ka z o.o.\",\"url\":\"https:\/\/drewmax.net.pl\/en\/\",\"sameAs\":[\"https:\/\/www.facebook.com\/Drewmax-111641623604429\/\",\"https:\/\/www.instagram.com\/drewmax.net.pl\/\",\"https:\/\/www.youtube.com\/channel\/UCCS8U5F8gSyJAlSWjxgbLRQ\"],\"logo\":{\"@type\":\"ImageObject\",\"@id\":\"https:\/\/drewmax.net.pl\/en\/#logo\",\"inLanguage\":\"it-IT\",\"url\":\"\",\"caption\":\"DREWMAX Sp\\u00f3\\u0142ka z o.o.\"},\"image\":{\"@id\":\"https:\/\/drewmax.net.pl\/en\/#logo\"}},{\"@type\":\"WebSite\",\"@id\":\"https:\/\/drewmax.net.pl\/en\/#website\",\"url\":\"https:\/\/drewmax.net.pl\/en\/\",\"name\":\"(Polski) Drewmax - Wa\\u017cenie | Pakowanie | Paletyzacja | Automatyka\",\"description\":\"\",\"publisher\":{\"@id\":\"https:\/\/drewmax.net.pl\/en\/#organization\"},\"potentialAction\":[{\"@type\":\"SearchAction\",\"target\":\"https:\/\/drewmax.net.pl\/en\/?s={search_term_string}\",\"query-input\":\"required name=search_term_string\"}],\"inLanguage\":\"it-IT\"},{\"@type\":\"WebPage\",\"@id\":\"https:\/\/drewmax.net.pl\/systemy-magazynowania\/#webpage\",\"url\":\"https:\/\/drewmax.net.pl\/systemy-magazynowania\/\",\"name\":\"Wa\\u017cenie Pakowanie Paletyzacja Automatyka przemys\\u0142owa linie PP PE\",\"isPartOf\":{\"@id\":\"https:\/\/drewmax.net.pl\/en\/#website\"},\"datePublished\":\"2016-07-21T11:24:05+00:00\",\"dateModified\":\"2025-04-04T06:03:17+00:00\",\"description\":\"Wa\\u017cenie Pakowanie Paletyzacja Automatyka przemys\\u0142owa linie wa\\u017c\\u0105co - pakuj\\u0105ce zbiorniki technologiczne mikrodozowanie linie PP PE\",\"breadcrumb\":{\"@id\":\"https:\/\/drewmax.net.pl\/systemy-magazynowania\/#breadcrumb\"},\"inLanguage\":\"it-IT\",\"potentialAction\":[{\"@type\":\"ReadAction\",\"target\":[\"https:\/\/drewmax.net.pl\/systemy-magazynowania\/\"]}]},{\"@type\":\"BreadcrumbList\",\"@id\":\"https:\/\/drewmax.net.pl\/systemy-magazynowania\/#breadcrumb\",\"itemListElement\":[{\"@type\":\"ListItem\",\"position\":1,\"item\":{\"@type\":\"WebPage\",\"@id\":\"https:\/\/drewmax.net.pl\/\",\"url\":\"https:\/\/drewmax.net.pl\/\",\"name\":\"Home\"}},{\"@type\":\"ListItem\",\"position\":2,\"item\":{\"@type\":\"WebPage\",\"@id\":\"https:\/\/drewmax.net.pl\/systemy-magazynowania\/\",\"url\":\"https:\/\/drewmax.net.pl\/systemy-magazynowania\/\",\"name\":\"Systemy magazynowania\"}}]}]}<\/script>\n<!-- \/ Yoast SEO Premium plugin. -->","_links":{"self":[{"href":"https:\/\/drewmax.net.pl\/it\/wp-json\/wp\/v2\/pages\/163"}],"collection":[{"href":"https:\/\/drewmax.net.pl\/it\/wp-json\/wp\/v2\/pages"}],"about":[{"href":"https:\/\/drewmax.net.pl\/it\/wp-json\/wp\/v2\/types\/page"}],"author":[{"embeddable":true,"href":"https:\/\/drewmax.net.pl\/it\/wp-json\/wp\/v2\/users\/1"}],"replies":[{"embeddable":true,"href":"https:\/\/drewmax.net.pl\/it\/wp-json\/wp\/v2\/comments?post=163"}],"version-history":[{"count":55,"href":"https:\/\/drewmax.net.pl\/it\/wp-json\/wp\/v2\/pages\/163\/revisions"}],"predecessor-version":[{"id":32046,"href":"https:\/\/drewmax.net.pl\/it\/wp-json\/wp\/v2\/pages\/163\/revisions\/32046"}],"wp:attachment":[{"href":"https:\/\/drewmax.net.pl\/it\/wp-json\/wp\/v2\/media?parent=163"}],"curies":[{"name":"wp","href":"https:\/\/api.w.org\/{rel}","templated":true}]}}