{"id":138,"date":"2016-07-21T12:09:12","date_gmt":"2016-07-21T10:09:12","guid":{"rendered":"http:\/\/drewmax.net.pl\/?page_id=138"},"modified":"2025-04-03T14:05:01","modified_gmt":"2025-04-03T12:05:01","slug":"pwo-1000","status":"publish","type":"page","link":"https:\/\/drewmax.net.pl\/it\/paletyzatory-workow\/pwo-1000\/","title":{"rendered":"Paletyzator work\u00f3w PWO-1000"},"content":{"rendered":"\t\t<div data-elementor-type=\"wp-post\" data-elementor-id=\"138\" class=\"elementor elementor-138\" data-elementor-settings=\"[]\">\n\t\t\t\t\t\t<div class=\"elementor-inner\">\n\t\t\t\t\t\t\t<div class=\"elementor-section-wrap\">\n\t\t\t\t\t\t\t<section class=\"elementor-section elementor-top-section elementor-element elementor-element-b50b186 elementor-section-boxed elementor-section-height-default elementor-section-height-default\" data-id=\"b50b186\" data-element_type=\"section\" data-settings=\"{&quot;background_background&quot;:&quot;classic&quot;}\">\n\t\t\t\t\t\t<div class=\"elementor-container elementor-column-gap-default\">\n\t\t\t\t\t\t\t<div class=\"elementor-row\">\n\t\t\t\t\t<div class=\"elementor-column elementor-col-100 elementor-top-column elementor-element elementor-element-1e1ac30\" data-id=\"1e1ac30\" data-element_type=\"column\">\n\t\t\t<div class=\"elementor-column-wrap elementor-element-populated\">\n\t\t\t\t\t\t\t<div class=\"elementor-widget-wrap\">\n\t\t\t\t\t\t<div class=\"elementor-element elementor-element-56b1d9f elementor-widget elementor-widget-heading\" data-id=\"56b1d9f\" data-element_type=\"widget\" data-widget_type=\"heading.default\">\n\t\t\t\t<div class=\"elementor-widget-container\">\n\t\t\t<h2 class=\"elementor-heading-title elementor-size-xl\">Palettizzatore di sacchi PWO-1000<\/h2>\t\t<\/div>\n\t\t\t\t<\/div>\n\t\t\t\t\t\t<\/div>\n\t\t\t\t\t<\/div>\n\t\t<\/div>\n\t\t\t\t\t\t\t\t<\/div>\n\t\t\t\t\t<\/div>\n\t\t<\/section>\n\t\t\t\t<section class=\"elementor-section elementor-top-section elementor-element elementor-element-ab5417d elementor-section-boxed elementor-section-height-default elementor-section-height-default\" data-id=\"ab5417d\" data-element_type=\"section\" data-settings=\"{&quot;background_background&quot;:&quot;classic&quot;}\">\n\t\t\t\t\t\t<div class=\"elementor-container elementor-column-gap-default\">\n\t\t\t\t\t\t\t<div class=\"elementor-row\">\n\t\t\t\t\t<div class=\"elementor-column elementor-col-100 elementor-top-column elementor-element elementor-element-662ee94\" data-id=\"662ee94\" data-element_type=\"column\">\n\t\t\t<div class=\"elementor-column-wrap elementor-element-populated\">\n\t\t\t\t\t\t\t<div class=\"elementor-widget-wrap\">\n\t\t\t\t\t\t<div class=\"elementor-element elementor-element-89d4e08 elementor-widget elementor-widget-text-editor\" data-id=\"89d4e08\" data-element_type=\"widget\" data-widget_type=\"text-editor.default\">\n\t\t\t\t<div class=\"elementor-widget-container\">\n\t\t\t\t\t\t\t\t<div class=\"elementor-text-editor elementor-clearfix\">\n\t\t\t\t<p><\/p><p data-start=\"15\" data-end=\"311\">L&#8217;ultima fase del ciclo di confezionamento del prodotto \u00e8 la sua pallettizzazione. La nostra offerta include un sistema automatico per l&#8217;impilamento dei sacchi sui pallet. L&#8217;ottimale adattamento delle soluzioni di vari meccanismi del dispositivo consente una capacit\u00e0 fino a <strong>850 sacchi all&#8217;ora.<\/strong><\/p><p data-start=\"313\" data-end=\"916\" data-is-last-node=\"\" data-is-only-node=\"\">Il pallettizzatore \u00e8 una parte essenziale del sistema di pallettizzazione, la cui configurazione dipende dalle esigenze specifiche e dalle condizioni produttive e tecnologiche del cliente. Pu\u00f2 essere ulteriormente equipaggiato con un alimentatore di pallet vuoti e un magazzino di intercalari, a seconda delle necessit\u00e0. La nostra attivit\u00e0 comprende consulenza, progettazione, realizzazione e assistenza presso il cliente. Grazie all&#8217;esperienza e all&#8217;uso della progettazione con tecnologie tridimensionali all&#8217;avanguardia, siamo in grado di adattare efficacemente il nostro sistema alle vostre esigenze.<\/p><p><\/p>\t\t\t\t\t<\/div>\n\t\t\t\t\t\t<\/div>\n\t\t\t\t<\/div>\n\t\t\t\t\t\t<\/div>\n\t\t\t\t\t<\/div>\n\t\t<\/div>\n\t\t\t\t\t\t\t\t<\/div>\n\t\t\t\t\t<\/div>\n\t\t<\/section>\n\t\t\t\t<section class=\"elementor-section elementor-top-section elementor-element elementor-element-7684221 elementor-section-boxed elementor-section-height-default elementor-section-height-default\" data-id=\"7684221\" data-element_type=\"section\" data-settings=\"{&quot;background_background&quot;:&quot;classic&quot;}\">\n\t\t\t\t\t\t<div class=\"elementor-container elementor-column-gap-default\">\n\t\t\t\t\t\t\t<div class=\"elementor-row\">\n\t\t\t\t\t<div class=\"elementor-column elementor-col-100 elementor-top-column elementor-element elementor-element-aee88b1\" data-id=\"aee88b1\" data-element_type=\"column\">\n\t\t\t<div class=\"elementor-column-wrap elementor-element-populated\">\n\t\t\t\t\t\t\t<div class=\"elementor-widget-wrap\">\n\t\t\t\t\t\t<div class=\"elementor-element elementor-element-f179c6a elementor-widget elementor-widget-text-editor\" data-id=\"f179c6a\" data-element_type=\"widget\" data-widget_type=\"text-editor.default\">\n\t\t\t\t<div class=\"elementor-widget-container\">\n\t\t\t\t\t\t\t\t<div class=\"elementor-text-editor elementor-clearfix\">\n\t\t\t\t<p><\/p><p data-start=\"15\" data-end=\"50\"><span style=\"text-decoration: underline;\"><strong data-start=\"15\" data-end=\"48\">Parametri tecnici principali:<\/strong><\/span><\/p><ul data-start=\"52\" data-end=\"423\" data-is-last-node=\"\" data-is-only-node=\"\"><li data-start=\"52\" data-end=\"97\">Quantit\u00e0 di pallet nel magazzino \u2013 16 pz.<\/li><li data-start=\"98\" data-end=\"134\">Portata dell\u2019elevatore \u2013 1200 kg<\/li><li data-start=\"135\" data-end=\"170\">Massa massima del sacco \u2013 55 kg<\/li><li data-start=\"171\" data-end=\"199\">Capacit\u00e0: 850 sacchi\/ora<\/li><li data-start=\"200\" data-end=\"272\">Numero illimitato di schemi di disposizione dei sacchi programmabili<\/li><li data-start=\"273\" data-end=\"303\">Potenza installata \u2013 27 kW<\/li><li data-start=\"304\" data-end=\"348\">Tensione di alimentazione \u2013 3x400V; 50Hz<\/li><li data-start=\"349\" data-end=\"387\">Alimentazione dell&#8217;aria \u2013 6-10 bar<\/li><li data-start=\"388\" data-end=\"423\" data-is-last-node=\"\">Consumo d&#8217;aria \u2013 circa 200 Nl\/min<\/li><\/ul><p><\/p>\t\t\t\t\t<\/div>\n\t\t\t\t\t\t<\/div>\n\t\t\t\t<\/div>\n\t\t\t\t\t\t<\/div>\n\t\t\t\t\t<\/div>\n\t\t<\/div>\n\t\t\t\t<div class=\"elementor-column elementor-col-100 elementor-top-column elementor-element elementor-element-d20375e\" data-id=\"d20375e\" data-element_type=\"column\">\n\t\t\t<div class=\"elementor-column-wrap elementor-element-populated\">\n\t\t\t\t\t\t\t<div class=\"elementor-widget-wrap\">\n\t\t\t\t\t\t<div class=\"elementor-element elementor-element-61ec48d elementor-widget elementor-widget-html\" data-id=\"61ec48d\" data-element_type=\"widget\" data-widget_type=\"html.default\">\n\t\t\t\t<div class=\"elementor-widget-container\">\n\t\t\t<noscript>\r\n    <img src=\"\/rendery\/pwo1000\/1.jpg\" alt=\"pwo1000\">\r\n<\/noscript>\r\n    <div\r\n      class=\"cloudimage-360\"\r\n      data-folder=\"\/rendery\/pwo1000\/\"\r\n      data-filename=\"{index}.jpg\"\r\n      data-amount=\"72\"\r\n      data-magnifier=\"3\"\r\n      data-spin-reverse\r\n    ><\/div>\r\n    <!-- Add script tag with CDN link to js-cloudimage-360-view lib after all content in body tag -->\r\n    <script src=\"\/rendery\/wbs\/wbs.js\"><\/script>\t\t<\/div>\n\t\t\t\t<\/div>\n\t\t\t\t\t\t<\/div>\n\t\t\t\t\t<\/div>\n\t\t<\/div>\n\t\t\t\t\t\t\t\t<\/div>\n\t\t\t\t\t<\/div>\n\t\t<\/section>\n\t\t\t\t<section class=\"elementor-section elementor-top-section elementor-element elementor-element-4661ed2 elementor-section-boxed elementor-section-height-default elementor-section-height-default\" data-id=\"4661ed2\" data-element_type=\"section\" data-settings=\"{&quot;background_background&quot;:&quot;classic&quot;}\">\n\t\t\t\t\t\t<div class=\"elementor-container elementor-column-gap-default\">\n\t\t\t\t\t\t\t<div class=\"elementor-row\">\n\t\t\t\t\t<div class=\"elementor-column elementor-col-100 elementor-top-column elementor-element elementor-element-ac816b9\" data-id=\"ac816b9\" data-element_type=\"column\">\n\t\t\t<div class=\"elementor-column-wrap elementor-element-populated\">\n\t\t\t\t\t\t\t<div class=\"elementor-widget-wrap\">\n\t\t\t\t\t\t<div class=\"elementor-element elementor-element-45bcf3b elementor-align-center elementor-widget elementor-widget-button\" data-id=\"45bcf3b\" data-element_type=\"widget\" data-widget_type=\"button.default\">\n\t\t\t\t<div class=\"elementor-widget-container\">\n\t\t\t\t\t<div class=\"elementor-button-wrapper\">\n\t\t\t<a href=\"https:\/\/drewmax.net.pl\/wp-content\/uploads\/2025\/04\/Paletyzator-workow-PWO-1000_front_IT.pdf\" target=\"_blank\" class=\"elementor-button-link elementor-button elementor-size-lg\" role=\"button\">\n\t\t\t\t\t\t<span class=\"elementor-button-content-wrapper\">\n\t\t\t\t\t\t<span class=\"elementor-button-icon elementor-align-icon-right\">\n\t\t\t\t<i aria-hidden=\"true\" class=\"fas fa-download\"><\/i>\t\t\t<\/span>\n\t\t\t\t\t\t<span class=\"elementor-button-text\">Scarica la scheda del prodotto<\/span>\n\t\t<\/span>\n\t\t\t\t\t<\/a>\n\t\t<\/div>\n\t\t\t\t<\/div>\n\t\t\t\t<\/div>\n\t\t\t\t<div class=\"elementor-element elementor-element-3c77a5d elementor-widget elementor-widget-spacer\" data-id=\"3c77a5d\" data-element_type=\"widget\" data-widget_type=\"spacer.default\">\n\t\t\t\t<div class=\"elementor-widget-container\">\n\t\t\t\t\t<div class=\"elementor-spacer\">\n\t\t\t<div class=\"elementor-spacer-inner\"><\/div>\n\t\t<\/div>\n\t\t\t\t<\/div>\n\t\t\t\t<\/div>\n\t\t\t\t\t\t<\/div>\n\t\t\t\t\t<\/div>\n\t\t<\/div>\n\t\t\t\t\t\t\t\t<\/div>\n\t\t\t\t\t<\/div>\n\t\t<\/section>\n\t\t\t\t\t\t<\/div>\n\t\t\t\t\t\t<\/div>\n\t\t\t\t\t<\/div>\n\t\t","protected":false},"excerpt":{"rendered":"<p>Palettizzatore di sacchi PWO-1000 L&#8217;ultima fase del ciclo di confezionamento del prodotto \u00e8 la sua pallettizzazione. La nostra offerta include un sistema automatico per l&#8217;impilamento dei sacchi sui pallet. L&#8217;ottimale adattamento delle soluzioni di vari meccanismi del dispositivo consente una capacit\u00e0 fino a 850 sacchi all&#8217;ora. Il pallettizzatore \u00e8 una parte essenziale del sistema di&hellip;<\/p>\n","protected":false},"author":1,"featured_media":12212,"parent":11815,"menu_order":0,"comment_status":"closed","ping_status":"closed","template":"","meta":[],"yoast_head":"<!-- This site is optimized with the Yoast SEO Premium plugin v15.5 - https:\/\/yoast.com\/wordpress\/plugins\/seo\/ -->\n<title>Wa\u017cenie Pakowanie Paletyzacja Automatyka przemys\u0142owa linie PP PE<\/title>\n<meta name=\"description\" content=\"Wa\u017cenie Pakowanie Paletyzacja Automatyka przemys\u0142owa linie wa\u017c\u0105co - pakuj\u0105ce zbiorniki technologiczne mikrodozowanie linie PP PE Bigbag\" \/>\n<meta name=\"robots\" content=\"index, follow, max-snippet:-1, max-image-preview:large, max-video-preview:-1\" \/>\n<link rel=\"canonical\" href=\"https:\/\/drewmax.net.pl\/paletyzatory-workow\/pwo-1000\/\" \/>\n<meta property=\"og:locale\" content=\"it_IT\" \/>\n<meta property=\"og:type\" content=\"article\" \/>\n<meta property=\"og:title\" content=\"Wa\u017cenie Pakowanie Paletyzacja Automatyka przemys\u0142owa linie PP PE\" \/>\n<meta property=\"og:description\" content=\"Wa\u017cenie Pakowanie Paletyzacja Automatyka przemys\u0142owa linie wa\u017c\u0105co - pakuj\u0105ce zbiorniki technologiczne mikrodozowanie linie PP PE Bigbag\" \/>\n<meta property=\"og:url\" content=\"https:\/\/drewmax.net.pl\/paletyzatory-workow\/pwo-1000\/\" \/>\n<meta property=\"og:site_name\" content=\"(Polski) Drewmax - Wa\u017cenie | Pakowanie | Paletyzacja | Automatyka\" \/>\n<meta property=\"article:publisher\" content=\"https:\/\/www.facebook.com\/Drewmax-111641623604429\/\" \/>\n<meta property=\"article:modified_time\" content=\"2025-04-03T12:05:01+00:00\" \/>\n<meta name=\"twitter:card\" content=\"summary_large_image\" \/>\n<meta name=\"twitter:label1\" content=\"Tempo di lettura stimato\">\n\t<meta name=\"twitter:data1\" content=\"5 minuti\">\n<script type=\"application\/ld+json\" class=\"yoast-schema-graph\">{\"@context\":\"https:\/\/schema.org\",\"@graph\":[{\"@type\":\"Organization\",\"@id\":\"https:\/\/drewmax.net.pl\/en\/#organization\",\"name\":\"DREWMAX Sp\\u00f3\\u0142ka z o.o.\",\"url\":\"https:\/\/drewmax.net.pl\/en\/\",\"sameAs\":[\"https:\/\/www.facebook.com\/Drewmax-111641623604429\/\",\"https:\/\/www.instagram.com\/drewmax.net.pl\/\",\"https:\/\/www.youtube.com\/channel\/UCCS8U5F8gSyJAlSWjxgbLRQ\"],\"logo\":{\"@type\":\"ImageObject\",\"@id\":\"https:\/\/drewmax.net.pl\/en\/#logo\",\"inLanguage\":\"it-IT\",\"url\":\"\",\"caption\":\"DREWMAX Sp\\u00f3\\u0142ka z o.o.\"},\"image\":{\"@id\":\"https:\/\/drewmax.net.pl\/en\/#logo\"}},{\"@type\":\"WebSite\",\"@id\":\"https:\/\/drewmax.net.pl\/en\/#website\",\"url\":\"https:\/\/drewmax.net.pl\/en\/\",\"name\":\"(Polski) Drewmax - Wa\\u017cenie | Pakowanie | Paletyzacja | Automatyka\",\"description\":\"\",\"publisher\":{\"@id\":\"https:\/\/drewmax.net.pl\/en\/#organization\"},\"potentialAction\":[{\"@type\":\"SearchAction\",\"target\":\"https:\/\/drewmax.net.pl\/en\/?s={search_term_string}\",\"query-input\":\"required name=search_term_string\"}],\"inLanguage\":\"it-IT\"},{\"@type\":\"ImageObject\",\"@id\":\"https:\/\/drewmax.net.pl\/paletyzatory-workow\/pwo-1000\/#primaryimage\",\"inLanguage\":\"it-IT\",\"url\":\"\"},{\"@type\":\"WebPage\",\"@id\":\"https:\/\/drewmax.net.pl\/paletyzatory-workow\/pwo-1000\/#webpage\",\"url\":\"https:\/\/drewmax.net.pl\/paletyzatory-workow\/pwo-1000\/\",\"name\":\"Wa\\u017cenie Pakowanie Paletyzacja Automatyka przemys\\u0142owa linie PP PE\",\"isPartOf\":{\"@id\":\"https:\/\/drewmax.net.pl\/en\/#website\"},\"primaryImageOfPage\":{\"@id\":\"https:\/\/drewmax.net.pl\/paletyzatory-workow\/pwo-1000\/#primaryimage\"},\"datePublished\":\"2016-07-21T10:09:12+00:00\",\"dateModified\":\"2025-04-03T12:05:01+00:00\",\"description\":\"Wa\\u017cenie Pakowanie Paletyzacja Automatyka przemys\\u0142owa linie wa\\u017c\\u0105co - pakuj\\u0105ce zbiorniki technologiczne mikrodozowanie linie PP PE Bigbag\",\"breadcrumb\":{\"@id\":\"https:\/\/drewmax.net.pl\/paletyzatory-workow\/pwo-1000\/#breadcrumb\"},\"inLanguage\":\"it-IT\",\"potentialAction\":[{\"@type\":\"ReadAction\",\"target\":[\"https:\/\/drewmax.net.pl\/paletyzatory-workow\/pwo-1000\/\"]}]},{\"@type\":\"BreadcrumbList\",\"@id\":\"https:\/\/drewmax.net.pl\/paletyzatory-workow\/pwo-1000\/#breadcrumb\",\"itemListElement\":[{\"@type\":\"ListItem\",\"position\":1,\"item\":{\"@type\":\"WebPage\",\"@id\":\"https:\/\/drewmax.net.pl\/\",\"url\":\"https:\/\/drewmax.net.pl\/\",\"name\":\"Home\"}},{\"@type\":\"ListItem\",\"position\":2,\"item\":{\"@type\":\"WebPage\",\"@id\":\"https:\/\/drewmax.net.pl\/paletyzatory-workow\/\",\"url\":\"https:\/\/drewmax.net.pl\/paletyzatory-workow\/\",\"name\":\"Paletyzatory\"}},{\"@type\":\"ListItem\",\"position\":3,\"item\":{\"@type\":\"WebPage\",\"@id\":\"https:\/\/drewmax.net.pl\/paletyzatory-workow\/pwo-1000\/\",\"url\":\"https:\/\/drewmax.net.pl\/paletyzatory-workow\/pwo-1000\/\",\"name\":\"Paletyzator work\\u00f3w PWO-1000\"}}]}]}<\/script>\n<!-- \/ Yoast SEO Premium plugin. -->","_links":{"self":[{"href":"https:\/\/drewmax.net.pl\/it\/wp-json\/wp\/v2\/pages\/138"}],"collection":[{"href":"https:\/\/drewmax.net.pl\/it\/wp-json\/wp\/v2\/pages"}],"about":[{"href":"https:\/\/drewmax.net.pl\/it\/wp-json\/wp\/v2\/types\/page"}],"author":[{"embeddable":true,"href":"https:\/\/drewmax.net.pl\/it\/wp-json\/wp\/v2\/users\/1"}],"replies":[{"embeddable":true,"href":"https:\/\/drewmax.net.pl\/it\/wp-json\/wp\/v2\/comments?post=138"}],"version-history":[{"count":94,"href":"https:\/\/drewmax.net.pl\/it\/wp-json\/wp\/v2\/pages\/138\/revisions"}],"predecessor-version":[{"id":32008,"href":"https:\/\/drewmax.net.pl\/it\/wp-json\/wp\/v2\/pages\/138\/revisions\/32008"}],"up":[{"embeddable":true,"href":"https:\/\/drewmax.net.pl\/it\/wp-json\/wp\/v2\/pages\/11815"}],"wp:featuredmedia":[{"embeddable":true,"href":"https:\/\/drewmax.net.pl\/it\/wp-json\/wp\/v2\/media\/12212"}],"wp:attachment":[{"href":"https:\/\/drewmax.net.pl\/it\/wp-json\/wp\/v2\/media?parent=138"}],"curies":[{"name":"wp","href":"https:\/\/api.w.org\/{rel}","templated":true}]}}