{"id":1359,"date":"2019-06-10T12:29:03","date_gmt":"2019-06-10T10:29:03","guid":{"rendered":"https:\/\/drewmax.net.pl\/?page_id=1359"},"modified":"2025-03-26T15:03:29","modified_gmt":"2025-03-26T14:03:29","slug":"regulamin","status":"publish","type":"page","link":"https:\/\/drewmax.net.pl\/it\/regulamin\/","title":{"rendered":"Regolamento sulla prestazione di servizi per via elettronica insieme alla politica sui cookie"},"content":{"rendered":"\t\t<div data-elementor-type=\"wp-page\" data-elementor-id=\"1359\" class=\"elementor elementor-1359\" data-elementor-settings=\"[]\">\n\t\t\t\t\t\t<div class=\"elementor-inner\">\n\t\t\t\t\t\t\t<div class=\"elementor-section-wrap\">\n\t\t\t\t\t\t\t<section class=\"elementor-section elementor-top-section elementor-element elementor-element-e1d4d51 elementor-section-boxed elementor-section-height-default elementor-section-height-default\" data-id=\"e1d4d51\" data-element_type=\"section\" data-settings=\"{&quot;background_background&quot;:&quot;classic&quot;}\">\n\t\t\t\t\t\t<div class=\"elementor-container elementor-column-gap-default\">\n\t\t\t\t\t\t\t<div class=\"elementor-row\">\n\t\t\t\t\t<div class=\"elementor-column elementor-col-100 elementor-top-column elementor-element elementor-element-124ef09a\" data-id=\"124ef09a\" data-element_type=\"column\">\n\t\t\t<div class=\"elementor-column-wrap elementor-element-populated\">\n\t\t\t\t\t\t\t<div class=\"elementor-widget-wrap\">\n\t\t\t\t\t\t<div class=\"elementor-element elementor-element-2bbd4ecb elementor-widget elementor-widget-text-editor\" data-id=\"2bbd4ecb\" data-element_type=\"widget\" data-widget_type=\"text-editor.default\">\n\t\t\t\t<div class=\"elementor-widget-container\">\n\t\t\t\t\t\t\t\t<div class=\"elementor-text-editor elementor-clearfix\">\n\t\t\t\t\n<!-- wp:paragraph {\"align\":\"center\"} -->\n<p class=\"has-text-align-center\"><strong>\u00a7 1<br \/>Disposizioni Generali<\/strong><\/p>\n<!-- \/wp:paragraph -->\n\n<!-- wp:list {\"ordered\":true} -->\n<ol>\n<li>Il presente Regolamento stabilisce le regole per l\u2019utilizzo del Sito da parte degli Utenti.<\/li>\n<li>I termini seguenti utilizzati nel presente Regolamento hanno i significati indicati di seguito:<\/li>\n<\/ol>\n<!-- \/wp:list -->\n<p style=\"padding-left: 80px;\">a) <strong>Cookie<\/strong> \u2013 indica dati informatici, in particolare piccoli file di testo, salvati e memorizzati sui dispositivi attraverso i quali l\u2019Utente utilizza il Sito.<br \/>b) <strong>Cookie Proprietari<\/strong> \u2013 indica i Cookie inseriti da DREWMAX, relativi alla fornitura di servizi per via elettronica attraverso il Sito.<br \/>c) <strong>Cookie di Terze Parti<\/strong> \u2013 indica i Cookie inseriti da soggetti terzi attraverso il Sito.<br \/>d) <strong>DREWMAX<\/strong> \u2013 DREWMAX Sp\u00f3\u0142ka z ograniczon\u0105 odpowiedzialno\u015bci\u0105 con sede a K\u0119dzierzyn Ko\u017ale (47-230), via Strzelecka 5, iscritta nel Registro degli Imprenditori con il numero KRS 0000160661, NIP: 7490002138, REGON: 530619195, e-mail: drewmax@drewmax.net.pl, tel.: +48 77 481 01 22<br \/>e) <strong>Regolamento<\/strong> \u2013 il presente regolamento.<br \/>f) Sito \u2013 il sito web operativo all\u2019indirizzo www.drewmax.net.pl, gestito da DREWMAX. Il Sito comprende, in particolare, informazioni sul team DREWMAX, la gamma di beni e servizi offerti e i dati di contatto.<br \/>g) <strong>Dispositivo<\/strong> \u2013 indica il dispositivo elettronico attraverso il quale l\u2019Utente accede al Sito.<br \/>h) <strong>Utente<\/strong> \u2013 la persona che utilizza il Sito.<\/p>\n<!-- wp:paragraph {\"align\":\"center\"} -->\n<p class=\"has-text-align-center\"><strong>\u00a72<\/strong><br \/><strong>Servizi Forniti Elettronicamente<\/strong><\/p>\n<!-- \/wp:paragraph -->\n\n<!-- wp:list {\"ordered\":true} -->\n<ol>\n<li>DREWMAX mette a disposizione degli Utenti la possibilit\u00e0 di utilizzare, gratuitamente, il servizio fornito elettronicamente (ai sensi della legge del 18 luglio 2002 sulla prestazione di servizi per via elettronica, Dz.U.2017.1219), che consiste nel rendere disponibile il contenuto del Sito.<\/li>\n<li>Per usufruire del suddetto servizio, l\u2019Utente deve disporre di: un dispositivo che consenta la connessione a Internet e che sia dotato di un sistema operativo, di una connessione Internet e del software necessario (browser Internet).<\/li>\n<li>Il contratto per la fornitura del servizio di cui al \u00a72 comma 1 si conclude nel momento in cui l\u2019Utente presenta un\u2019adeguata richiesta individuale di trasmissione dei dati tramite una rete di telecomunicazioni (che avviene aprendo il Sito in un browser). Tale contratto si risolve alla sua completa esecuzione (chiusura del Sito).<\/li>\n<li>L\u2019Utente si impegna a astenersi dall\u2019utilizzare il Sito in modo da comprometterne il funzionamento, in particolare tramite l\u2019utilizzo di software dannoso (malware).<\/li>\n<li>In caso di insoddisfazione riguardo al funzionamento del Sito, l\u2019Utente pu\u00f2 presentare un reclamo via e-mail all\u2019indirizzo: <a href=\"mailto:rodo@drewmax.net.pl\">rodo@drewmax.net.pl<\/a>. L\u2019Utente sar\u00e0 informato sul trattamento del reclamo all\u2019indirizzo e-mail dal quale \u00e8 stato inviato, entro 14 giorni dal suo ricevimento da parte di DREWMAX.<\/li>\n<\/ol>\n<!-- \/wp:list -->\n\n<!-- wp:paragraph {\"align\":\"center\"} -->\n<p class=\"has-text-align-center\"><strong>\u00a73<\/strong><br \/><strong>Politica sui Cookie<\/strong><\/p>\n<!-- \/wp:paragraph -->\n\n<!-- wp:list {\"ordered\":true} -->\n<ol>\n<li>Attraverso i Cookie, DREWMAX memorizza informazioni sul Dispositivo dell\u2019Utente o accede a informazioni gi\u00e0 memorizzate, secondo i termini stabiliti nel presente Regolamento di seguito.<\/li>\n<li>DREWMAX utilizza i seguenti tipi di Cookie:<br \/>a) Cookie di sessione: vengono memorizzati sul Dispositivo dell\u2019Utente e vi restano fino alla chiusura della sessione del browser. Le informazioni salvate vengono quindi eliminate in modo definitivo dalla memoria del Dispositivo.<br \/>b) Cookie permanenti: vengono memorizzati sul Dispositivo dell\u2019Utente e vi restano fino alla loro eliminazione. La chiusura della sessione del browser o lo spegnimento del Dispositivo non li elimina.<\/li>\n<li>DREWMAX utilizza Cookie Proprietari per adattare il contenuto del Sito alle preferenze e alle esigenze dell\u2019Utente, in particolare tenendo conto del tipo di Dispositivo attraverso il quale l\u2019Utente accede al Sito.<\/li>\n<li>DREWMAX utilizza Cookie di Terze Parti per creare statistiche e analisi aggregate, utili a monitorare il modo in cui gli Utenti utilizzano il Sito, il che consente di adattarlo nel miglior modo possibile alle esigenze degli Utenti. A tale scopo, DREWMAX utilizza il servizio Google Analytics \u2013 all\u2019apertura del Sito, vengono lette, scritte e inviate a un server sicuro di Google le informazioni sull\u2019origine degli utenti, identificati in base all\u2019indirizzo IP. Google Analytics non raccoglie dati privati. Informazioni dettagliate sono disponibili sul sito web di Google (<a href=\"https:\/\/policies.google.com\/technologies\/types?hl=pl\">https:\/\/policies.google.com\/technologies\/types?hl=pl<\/a>).<\/li>\n<li>L\u2019utilizzo dei Cookie da parte di DREWMAX non provoca modifiche di configurazione nel Dispositivo dell\u2019Utente n\u00e9 nel software installato su tale Dispositivo.<\/li>\n<li>L\u2019Utente pu\u00f2 limitare o disattivare l\u2019accesso dei Cookie al proprio Dispositivo nelle impostazioni del browser Internet o tramite la configurazione del servizio \u2013 in particolare per bloccare la gestione automatica dei Cookie o segnalare ogni volta che un Cookie viene inserito sul Dispositivo dell\u2019Utente. Informazioni dettagliate sulle possibilit\u00e0 e sui metodi di gestione dei Cookie sono disponibili nelle impostazioni del software (browser Internet). La descrizione delle operazioni necessarie pu\u00f2 essere trovata sui siti dei produttori, ad esempio:<\/li>\n<li>L\u2019Utente pu\u00f2 eliminare i Cookie in qualsiasi momento.<\/li>\n<li>La limitazione dell\u2019utilizzo dei Cookie o l\u2019eliminazione dei Cookie esistenti pu\u00f2 influire su alcune funzionalit\u00e0 disponibili sul Sito.<\/li>\n<\/ol>\n<!-- \/wp:list -->\n\n<!-- wp:paragraph {\"align\":\"center\"} -->\n<p class=\"has-text-align-center\"><strong>\u00a74<\/strong><br \/><strong>Disposizioni Finali<\/strong><\/p>\n<!-- \/wp:paragraph -->\n\n<!-- wp:list {\"ordered\":true} -->\n<ol>\n<li>Le regole per il trattamento dei dati da parte di DREWMAX sono stabilite nell\u2019informativa sulla privacy, disponibile all\u2019interno del Sito all\u2019indirizzo <a href=\"https:\/\/drewmax.net.pl\/polityka-prywatnosci\/\">https:\/\/drewmax.net.pl\/polityka-prywatnosci\/<\/a>.<\/li>\n<li>DREWMAX si riserva il diritto di modificare le disposizioni del presente Regolamento. Tali modifiche non pregiudicheranno in alcun modo i diritti gi\u00e0 acquisiti dagli Utenti.<\/li>\n<\/ol>\n<!-- \/wp:list -->\n\n\n\t\t\t\t\t<\/div>\n\t\t\t\t\t\t<\/div>\n\t\t\t\t<\/div>\n\t\t\t\t\t\t<\/div>\n\t\t\t\t\t<\/div>\n\t\t<\/div>\n\t\t\t\t\t\t\t\t<\/div>\n\t\t\t\t\t<\/div>\n\t\t<\/section>\n\t\t\t\t\t\t<\/div>\n\t\t\t\t\t\t<\/div>\n\t\t\t\t\t<\/div>\n\t\t","protected":false},"excerpt":{"rendered":"\u00a7 1Disposizioni Generali Il presente Regolamento stabilisce le regole per l\u2019utilizzo del Sito da parte degli Utenti. I termini seguenti utilizzati nel presente Regolamento hanno i significati indicati di seguito: a) Cookie \u2013 indica dati informatici, in particolare piccoli file di testo, salvati e memorizzati sui dispositivi attraverso i quali l\u2019Utente utilizza il Sito.b) Cookie&hellip;","protected":false},"author":1,"featured_media":0,"parent":0,"menu_order":0,"comment_status":"closed","ping_status":"closed","template":"","meta":[],"yoast_head":"<!-- This site is optimized with the Yoast SEO Premium plugin v15.5 - https:\/\/yoast.com\/wordpress\/plugins\/seo\/ -->\n<title>Regolamento sulla prestazione di servizi per via elettronica insieme alla politica sui cookie - (Polski) Drewmax - Wa\u017cenie | Pakowanie | Paletyzacja | Automatyka<\/title>\n<meta name=\"robots\" content=\"index, follow, max-snippet:-1, max-image-preview:large, max-video-preview:-1\" \/>\n<link rel=\"canonical\" href=\"https:\/\/drewmax.net.pl\/regulamin\/\" \/>\n<meta property=\"og:locale\" content=\"it_IT\" \/>\n<meta property=\"og:type\" content=\"article\" \/>\n<meta property=\"og:title\" content=\"[:pl]Regulamin \u015bwiadczenia us\u0142ug drog\u0105 elektroniczn\u0105 wraz z polityk\u0105 cookies[:en]Regulations for the Provision of Electronic Services together with the Cookie Policy[:de]Bestimmungen zur Erbringung elektronischer Dienstleistungen zusammen mit der Cookie-Richtlinie[:ua]\u041f\u0440\u0430\u0432\u0438\u043b\u0430 \u043d\u0430\u0434\u0430\u043d\u043d\u044f \u043f\u043e\u0441\u043b\u0443\u0433 \u0432 \u0435\u043b\u0435\u043a\u0442\u0440\u043e\u043d\u043d\u043e\u043c\u0443 \u0432\u0438\u0433\u043b\u044f\u0434\u0456 \u0440\u0430\u0437\u043e\u043c \u0456\u0437 \u043f\u043e\u043b\u0456\u0442\u0438\u043a\u043e\u044e \u0432\u0438\u043a\u043e\u0440\u0438\u0441\u0442\u0430\u043d\u043d\u044f \u0444\u0430\u0439\u043b\u0456\u0432 cookie[:pt]Regulamento sobre a presta\u00e7\u00e3o de servi\u00e7os eletr\u00f4nicos, juntamente com a pol\u00edtica de cookies[:fr]R\u00e8glement relatif \u00e0 la prestation de services par voie \u00e9lectronique, accompagn\u00e9 de la politique en mati\u00e8re de cookies[:es]Reglamento sobre la prestaci\u00f3n de servicios por medios electr\u00f3nicos junto con la pol\u00edtica de cookies[:ru]\u0420\u0435\u0433\u043b\u0430\u043c\u0435\u043d\u0442 \u043e\u043a\u0430\u0437\u0430\u043d\u0438\u044f \u0443\u0441\u043b\u0443\u0433 \u0432 \u044d\u043b\u0435\u043a\u0442\u0440\u043e\u043d\u043d\u043e\u043c \u0432\u0438\u0434\u0435 \u0432\u043c\u0435\u0441\u0442\u0435 \u0441 \u043f\u043e\u043b\u0438\u0442\u0438\u043a\u043e\u0439 \u0438\u0441\u043f\u043e\u043b\u044c\u0437\u043e\u0432\u0430\u043d\u0438\u044f \u0444\u0430\u0439\u043b\u043e\u0432 cookie[:it]Regolamento sulla prestazione di servizi per via elettronica insieme alla politica sui cookie[:] - (Polski) Drewmax - Wa\u017cenie | Pakowanie | Paletyzacja | Automatyka\" \/>\n<meta property=\"og:description\" content=\"[:it]   [:]\" \/>\n<meta property=\"og:url\" content=\"https:\/\/drewmax.net.pl\/regulamin\/\" \/>\n<meta property=\"og:site_name\" content=\"(Polski) Drewmax - Wa\u017cenie | Pakowanie | Paletyzacja | Automatyka\" \/>\n<meta property=\"article:publisher\" content=\"https:\/\/www.facebook.com\/Drewmax-111641623604429\/\" \/>\n<meta property=\"article:modified_time\" content=\"2025-03-26T14:03:29+00:00\" \/>\n<meta name=\"twitter:card\" content=\"summary_large_image\" \/>\n<meta name=\"twitter:label1\" content=\"Tempo di lettura stimato\">\n\t<meta name=\"twitter:data1\" content=\"25 minuti\">\n<script type=\"application\/ld+json\" class=\"yoast-schema-graph\">{\"@context\":\"https:\/\/schema.org\",\"@graph\":[{\"@type\":\"Organization\",\"@id\":\"https:\/\/drewmax.net.pl\/en\/#organization\",\"name\":\"DREWMAX Sp\\u00f3\\u0142ka z o.o.\",\"url\":\"https:\/\/drewmax.net.pl\/en\/\",\"sameAs\":[\"https:\/\/www.facebook.com\/Drewmax-111641623604429\/\",\"https:\/\/www.instagram.com\/drewmax.net.pl\/\",\"https:\/\/www.youtube.com\/channel\/UCCS8U5F8gSyJAlSWjxgbLRQ\"],\"logo\":{\"@type\":\"ImageObject\",\"@id\":\"https:\/\/drewmax.net.pl\/en\/#logo\",\"inLanguage\":\"it-IT\",\"url\":\"\",\"caption\":\"DREWMAX Sp\\u00f3\\u0142ka z o.o.\"},\"image\":{\"@id\":\"https:\/\/drewmax.net.pl\/en\/#logo\"}},{\"@type\":\"WebSite\",\"@id\":\"https:\/\/drewmax.net.pl\/en\/#website\",\"url\":\"https:\/\/drewmax.net.pl\/en\/\",\"name\":\"(Polski) Drewmax - Wa\\u017cenie | Pakowanie | Paletyzacja | Automatyka\",\"description\":\"\",\"publisher\":{\"@id\":\"https:\/\/drewmax.net.pl\/en\/#organization\"},\"potentialAction\":[{\"@type\":\"SearchAction\",\"target\":\"https:\/\/drewmax.net.pl\/en\/?s={search_term_string}\",\"query-input\":\"required name=search_term_string\"}],\"inLanguage\":\"it-IT\"},{\"@type\":\"WebPage\",\"@id\":\"https:\/\/drewmax.net.pl\/regulamin\/#webpage\",\"url\":\"https:\/\/drewmax.net.pl\/regulamin\/\",\"name\":\"[:pl]Regulamin \\u015bwiadczenia us\\u0142ug drog\\u0105 elektroniczn\\u0105 wraz z polityk\\u0105 cookies[:en]Regulations for the Provision of Electronic Services together with the Cookie Policy[:de]Bestimmungen zur Erbringung elektronischer Dienstleistungen zusammen mit der Cookie-Richtlinie[:ua]\\u041f\\u0440\\u0430\\u0432\\u0438\\u043b\\u0430 \\u043d\\u0430\\u0434\\u0430\\u043d\\u043d\\u044f \\u043f\\u043e\\u0441\\u043b\\u0443\\u0433 \\u0432 \\u0435\\u043b\\u0435\\u043a\\u0442\\u0440\\u043e\\u043d\\u043d\\u043e\\u043c\\u0443 \\u0432\\u0438\\u0433\\u043b\\u044f\\u0434\\u0456 \\u0440\\u0430\\u0437\\u043e\\u043c \\u0456\\u0437 \\u043f\\u043e\\u043b\\u0456\\u0442\\u0438\\u043a\\u043e\\u044e \\u0432\\u0438\\u043a\\u043e\\u0440\\u0438\\u0441\\u0442\\u0430\\u043d\\u043d\\u044f \\u0444\\u0430\\u0439\\u043b\\u0456\\u0432 cookie[:pt]Regulamento sobre a presta\\u00e7\\u00e3o de servi\\u00e7os eletr\\u00f4nicos, juntamente com a pol\\u00edtica de cookies[:fr]R\\u00e8glement relatif \\u00e0 la prestation de services par voie \\u00e9lectronique, accompagn\\u00e9 de la politique en mati\\u00e8re de cookies[:es]Reglamento sobre la prestaci\\u00f3n de servicios por medios electr\\u00f3nicos junto con la pol\\u00edtica de cookies[:ru]\\u0420\\u0435\\u0433\\u043b\\u0430\\u043c\\u0435\\u043d\\u0442 \\u043e\\u043a\\u0430\\u0437\\u0430\\u043d\\u0438\\u044f \\u0443\\u0441\\u043b\\u0443\\u0433 \\u0432 \\u044d\\u043b\\u0435\\u043a\\u0442\\u0440\\u043e\\u043d\\u043d\\u043e\\u043c \\u0432\\u0438\\u0434\\u0435 \\u0432\\u043c\\u0435\\u0441\\u0442\\u0435 \\u0441 \\u043f\\u043e\\u043b\\u0438\\u0442\\u0438\\u043a\\u043e\\u0439 \\u0438\\u0441\\u043f\\u043e\\u043b\\u044c\\u0437\\u043e\\u0432\\u0430\\u043d\\u0438\\u044f \\u0444\\u0430\\u0439\\u043b\\u043e\\u0432 cookie[:it]Regolamento sulla prestazione di servizi per via elettronica insieme alla politica sui cookie[:] - (Polski) Drewmax - Wa\\u017cenie | Pakowanie | Paletyzacja | Automatyka\",\"isPartOf\":{\"@id\":\"https:\/\/drewmax.net.pl\/en\/#website\"},\"datePublished\":\"2019-06-10T10:29:03+00:00\",\"dateModified\":\"2025-03-26T14:03:29+00:00\",\"breadcrumb\":{\"@id\":\"https:\/\/drewmax.net.pl\/regulamin\/#breadcrumb\"},\"inLanguage\":\"it-IT\",\"potentialAction\":[{\"@type\":\"ReadAction\",\"target\":[\"https:\/\/drewmax.net.pl\/regulamin\/\"]}]},{\"@type\":\"BreadcrumbList\",\"@id\":\"https:\/\/drewmax.net.pl\/regulamin\/#breadcrumb\",\"itemListElement\":[{\"@type\":\"ListItem\",\"position\":1,\"item\":{\"@type\":\"WebPage\",\"@id\":\"https:\/\/drewmax.net.pl\/\",\"url\":\"https:\/\/drewmax.net.pl\/\",\"name\":\"Home\"}},{\"@type\":\"ListItem\",\"position\":2,\"item\":{\"@type\":\"WebPage\",\"@id\":\"https:\/\/drewmax.net.pl\/regulamin\/\",\"url\":\"https:\/\/drewmax.net.pl\/regulamin\/\",\"name\":\"Regulations for the Provision of Electronic Services together with the Cookie Policy\"}}]}]}<\/script>\n<!-- \/ Yoast SEO Premium plugin. -->","_links":{"self":[{"href":"https:\/\/drewmax.net.pl\/it\/wp-json\/wp\/v2\/pages\/1359"}],"collection":[{"href":"https:\/\/drewmax.net.pl\/it\/wp-json\/wp\/v2\/pages"}],"about":[{"href":"https:\/\/drewmax.net.pl\/it\/wp-json\/wp\/v2\/types\/page"}],"author":[{"embeddable":true,"href":"https:\/\/drewmax.net.pl\/it\/wp-json\/wp\/v2\/users\/1"}],"replies":[{"embeddable":true,"href":"https:\/\/drewmax.net.pl\/it\/wp-json\/wp\/v2\/comments?post=1359"}],"version-history":[{"count":14,"href":"https:\/\/drewmax.net.pl\/it\/wp-json\/wp\/v2\/pages\/1359\/revisions"}],"predecessor-version":[{"id":31572,"href":"https:\/\/drewmax.net.pl\/it\/wp-json\/wp\/v2\/pages\/1359\/revisions\/31572"}],"wp:attachment":[{"href":"https:\/\/drewmax.net.pl\/it\/wp-json\/wp\/v2\/media?parent=1359"}],"curies":[{"name":"wp","href":"https:\/\/api.w.org\/{rel}","templated":true}]}}