{"id":12532,"date":"2019-07-11T10:10:10","date_gmt":"2019-07-11T08:10:10","guid":{"rendered":"http:\/\/127.0.0.1\/drewmax-new\/?page_id=12521"},"modified":"2025-03-25T13:05:40","modified_gmt":"2025-03-25T12:05:40","slug":"serwis","status":"publish","type":"page","link":"https:\/\/drewmax.net.pl\/it\/serwis\/","title":{"rendered":"Serwis"},"content":{"rendered":"\t\t<div data-elementor-type=\"wp-post\" data-elementor-id=\"12532\" class=\"elementor elementor-12532\" data-elementor-settings=\"[]\">\n\t\t\t\t\t\t<div class=\"elementor-inner\">\n\t\t\t\t\t\t\t<div class=\"elementor-section-wrap\">\n\t\t\t\t\t\t\t<section class=\"elementor-section elementor-top-section elementor-element elementor-element-97a3440 elementor-section-boxed elementor-section-height-default elementor-section-height-default\" data-id=\"97a3440\" data-element_type=\"section\" data-settings=\"{&quot;background_background&quot;:&quot;classic&quot;}\">\n\t\t\t\t\t\t<div class=\"elementor-container elementor-column-gap-default\">\n\t\t\t\t\t\t\t<div class=\"elementor-row\">\n\t\t\t\t\t<div class=\"elementor-column elementor-col-100 elementor-top-column elementor-element elementor-element-1209047\" data-id=\"1209047\" data-element_type=\"column\">\n\t\t\t<div class=\"elementor-column-wrap elementor-element-populated\">\n\t\t\t\t\t\t\t<div class=\"elementor-widget-wrap\">\n\t\t\t\t\t\t\t\t<\/div>\n\t\t\t\t\t<\/div>\n\t\t<\/div>\n\t\t\t\t\t\t\t\t<\/div>\n\t\t\t\t\t<\/div>\n\t\t<\/section>\n\t\t\t\t<section class=\"elementor-section elementor-top-section elementor-element elementor-element-d7a8778 elementor-section-boxed elementor-section-height-default elementor-section-height-default\" data-id=\"d7a8778\" data-element_type=\"section\" data-settings=\"{&quot;background_background&quot;:&quot;classic&quot;}\">\n\t\t\t\t\t\t<div class=\"elementor-container elementor-column-gap-default\">\n\t\t\t\t\t\t\t<div class=\"elementor-row\">\n\t\t\t\t\t<div class=\"elementor-column elementor-col-50 elementor-top-column elementor-element elementor-element-bfff421\" data-id=\"bfff421\" data-element_type=\"column\">\n\t\t\t<div class=\"elementor-column-wrap elementor-element-populated\">\n\t\t\t\t\t\t\t<div class=\"elementor-widget-wrap\">\n\t\t\t\t\t\t<div class=\"elementor-element elementor-element-51814c5 elementor-widget elementor-widget-text-editor\" data-id=\"51814c5\" data-element_type=\"widget\" data-widget_type=\"text-editor.default\">\n\t\t\t\t<div class=\"elementor-widget-container\">\n\t\t\t\t\t\t\t\t<div class=\"elementor-text-editor elementor-clearfix\">\n\t\t\t\t<p><\/p><p data-start=\"0\" data-end=\"191\">La societ\u00e0 <strong>Drewmax<\/strong> si impegna a garantire che la qualit\u00e0 dei lavori di assistenza sia al massimo livello e che i materiali utilizzati per le riparazioni siano sempre della migliore qualit\u00e0.<\/p><p data-start=\"193\" data-end=\"327\">Disponiamo di un magazzino interno ben fornito di ricambi, il che ci consente di spedire i nuovi componenti acquistati <strong>entro 24 ore.<\/strong><\/p><p data-start=\"329\" data-end=\"393\">Mettiamo a vostra disposizione oltre <strong>40 tecnici specializzati.<\/strong><\/p><p data-start=\"395\" data-end=\"583\" data-is-last-node=\"\" data-is-only-node=\"\">La nostra azienda dispone di un&#8217;assicurazione di responsabilit\u00e0 civile per un importo di <strong>2.000.000,00 USD<\/strong>, garantendo cos\u00ec la sicurezza del cliente nella protezione del proprio patrimonio.<\/p><p><span style=\"background-color: rgba(255, 255, 255, 0);\"><\/span><\/p>\t\t\t\t\t<\/div>\n\t\t\t\t\t\t<\/div>\n\t\t\t\t<\/div>\n\t\t\t\t\t\t<\/div>\n\t\t\t\t\t<\/div>\n\t\t<\/div>\n\t\t\t\t<div class=\"elementor-column elementor-col-50 elementor-top-column elementor-element elementor-element-aaecb4d\" data-id=\"aaecb4d\" data-element_type=\"column\">\n\t\t\t<div class=\"elementor-column-wrap elementor-element-populated\">\n\t\t\t\t\t\t\t<div class=\"elementor-widget-wrap\">\n\t\t\t\t\t\t<div class=\"elementor-element elementor-element-54d63e2 elementor-widget elementor-widget-image\" data-id=\"54d63e2\" data-element_type=\"widget\" data-widget_type=\"image.default\">\n\t\t\t\t<div class=\"elementor-widget-container\">\n\t\t\t\t\t\t\t\t<div class=\"elementor-image\">\n\t\t\t\t\t\t\t\t\t\t\t\t<img src=\"https:\/\/drewmax.net.pl\/wp-content\/uploads\/2019\/07\/serwis_1-1-e1563253455379.jpg\" title=\"\" alt=\"\" \/>\t\t\t\t\t\t\t\t\t\t\t\t\t\t<\/div>\n\t\t\t\t\t\t<\/div>\n\t\t\t\t<\/div>\n\t\t\t\t\t\t<\/div>\n\t\t\t\t\t<\/div>\n\t\t<\/div>\n\t\t\t\t\t\t\t\t<\/div>\n\t\t\t\t\t<\/div>\n\t\t<\/section>\n\t\t\t\t<section class=\"elementor-section elementor-top-section elementor-element elementor-element-7792b3d elementor-section-boxed elementor-section-height-default elementor-section-height-default\" data-id=\"7792b3d\" data-element_type=\"section\" data-settings=\"{&quot;background_background&quot;:&quot;classic&quot;}\">\n\t\t\t\t\t\t<div class=\"elementor-container elementor-column-gap-default\">\n\t\t\t\t\t\t\t<div class=\"elementor-row\">\n\t\t\t\t\t<div class=\"elementor-column elementor-col-50 elementor-top-column elementor-element elementor-element-c16916b\" data-id=\"c16916b\" data-element_type=\"column\">\n\t\t\t<div class=\"elementor-column-wrap elementor-element-populated\">\n\t\t\t\t\t\t\t<div class=\"elementor-widget-wrap\">\n\t\t\t\t\t\t<div class=\"elementor-element elementor-element-6b4106f elementor-widget elementor-widget-image\" data-id=\"6b4106f\" data-element_type=\"widget\" data-widget_type=\"image.default\">\n\t\t\t\t<div class=\"elementor-widget-container\">\n\t\t\t\t\t\t\t\t<div class=\"elementor-image\">\n\t\t\t\t\t\t\t\t\t\t\t\t<img src=\"https:\/\/drewmax.net.pl\/wp-content\/uploads\/2019\/07\/Artboard-6mini2-1-e1563253503283.jpg\" title=\"\" alt=\"\" \/>\t\t\t\t\t\t\t\t\t\t\t\t\t\t<\/div>\n\t\t\t\t\t\t<\/div>\n\t\t\t\t<\/div>\n\t\t\t\t\t\t<\/div>\n\t\t\t\t\t<\/div>\n\t\t<\/div>\n\t\t\t\t<div class=\"elementor-column elementor-col-50 elementor-top-column elementor-element elementor-element-5d83a22\" data-id=\"5d83a22\" data-element_type=\"column\">\n\t\t\t<div class=\"elementor-column-wrap elementor-element-populated\">\n\t\t\t\t\t\t\t<div class=\"elementor-widget-wrap\">\n\t\t\t\t\t\t<div class=\"elementor-element elementor-element-bff8012 elementor-widget elementor-widget-text-editor\" data-id=\"bff8012\" data-element_type=\"widget\" data-widget_type=\"text-editor.default\">\n\t\t\t\t<div class=\"elementor-widget-container\">\n\t\t\t\t\t\t\t\t<div class=\"elementor-text-editor elementor-clearfix\">\n\t\t\t\t<p><\/p><p data-start=\"0\" data-end=\"52\"><span style=\"text-decoration: underline;\"><strong data-start=\"4\" data-end=\"50\">Tempi di risposta per le diverse localit\u00e0:<\/strong><\/span><\/p><ul data-start=\"54\" data-end=\"713\" data-is-only-node=\"\" data-is-last-node=\"\"><li data-start=\"54\" data-end=\"231\">Polonia \u2013 Tempo di risposta per l&#8217;avvio dell&#8217;intervento tecnico (contatto telefonico o online) entro 24 ore, tempo di riparazione dei guasti minori entro 24 ore.<\/li><li data-start=\"232\" data-end=\"416\">Unione Europea \u2013 Tempo di risposta per l&#8217;avvio dell&#8217;intervento tecnico (contatto telefonico o online) entro 24 ore, tempo di riparazione dei guasti minori entro 72 ore.<\/li><li data-start=\"417\" data-end=\"617\">Russia, Ucraina, Bielorussia \u2013 Tempo di risposta per l&#8217;avvio dell&#8217;intervento tecnico (contatto telefonico o online) entro 48 ore, tempo di riparazione dei guasti minori entro 7 giorni.<\/li><li data-start=\"618\" data-end=\"713\" data-is-last-node=\"\">Altri Paesi \u2013 Tempi di risposta e riparazione definiti individualmente per ogni localit\u00e0.<\/li><\/ul><p><\/p>\t\t\t\t\t<\/div>\n\t\t\t\t\t\t<\/div>\n\t\t\t\t<\/div>\n\t\t\t\t\t\t<\/div>\n\t\t\t\t\t<\/div>\n\t\t<\/div>\n\t\t\t\t\t\t\t\t<\/div>\n\t\t\t\t\t<\/div>\n\t\t<\/section>\n\t\t\t\t<section class=\"elementor-section elementor-top-section elementor-element elementor-element-28f317a elementor-section-boxed elementor-section-height-default elementor-section-height-default\" data-id=\"28f317a\" data-element_type=\"section\" data-settings=\"{&quot;background_background&quot;:&quot;classic&quot;}\">\n\t\t\t\t\t\t<div class=\"elementor-container elementor-column-gap-default\">\n\t\t\t\t\t\t\t<div class=\"elementor-row\">\n\t\t\t\t\t<div class=\"elementor-column elementor-col-50 elementor-top-column elementor-element elementor-element-2d20a3c\" data-id=\"2d20a3c\" data-element_type=\"column\">\n\t\t\t<div class=\"elementor-column-wrap elementor-element-populated\">\n\t\t\t\t\t\t\t<div class=\"elementor-widget-wrap\">\n\t\t\t\t\t\t<div class=\"elementor-element elementor-element-881012e elementor-widget elementor-widget-text-editor\" data-id=\"881012e\" data-element_type=\"widget\" data-widget_type=\"text-editor.default\">\n\t\t\t\t<div class=\"elementor-widget-container\">\n\t\t\t\t\t\t\t\t<div class=\"elementor-text-editor elementor-clearfix\">\n\t\t\t\t<p><\/p><p data-start=\"0\" data-end=\"76\"><span style=\"text-decoration: underline;\"><strong data-start=\"4\" data-end=\"74\">Intervalli consigliati per le manutenzioni periodiche a pagamento:<\/strong><\/span><\/p><ul data-start=\"78\" data-end=\"909\" data-is-only-node=\"\" data-is-last-node=\"\"><li data-start=\"78\" data-end=\"235\">Per le linee automatiche 2aWN\/S e 2aWN\/T \u2013 Si raccomandano almeno 2 manutenzioni all&#8217;anno, a partire dalla data di messa in servizio della linea.<\/li><li data-start=\"236\" data-end=\"431\">Per le linee WN\/S-50, WN\/T-50, WB\/S-50 e WB\/T-50 operanti su due o pi\u00f9 turni \u2013 Si raccomanda almeno 1 manutenzione all&#8217;anno, a partire dalla data di messa in servizio della linea.<\/li><li data-start=\"432\" data-end=\"571\">Per le linee WN\/S-50, WN\/T-50, WB\/S-50 e WB\/T-50 operanti su un solo turno \u2013 Non sono previsti controlli periodici consigliati.<\/li><li data-start=\"572\" data-end=\"725\">Per i pallettizzatori (tutti i tipi) \u2013 Si raccomandano almeno 2 manutenzioni all&#8217;anno, a partire dalla data di messa in servizio della linea.<\/li><li data-start=\"726\" data-end=\"909\" data-is-last-node=\"\">Per i robot pallettizzatori e le incappucciatrici stretch hood MK-1000 \u2013 Si raccomanda almeno 1 manutenzione all&#8217;anno, a partire dalla data di messa in servizio della linea.<\/li><\/ul><p><\/p>\t\t\t\t\t<\/div>\n\t\t\t\t\t\t<\/div>\n\t\t\t\t<\/div>\n\t\t\t\t\t\t<\/div>\n\t\t\t\t\t<\/div>\n\t\t<\/div>\n\t\t\t\t<div class=\"elementor-column elementor-col-50 elementor-top-column elementor-element elementor-element-d01b6e8\" data-id=\"d01b6e8\" data-element_type=\"column\">\n\t\t\t<div class=\"elementor-column-wrap elementor-element-populated\">\n\t\t\t\t\t\t\t<div class=\"elementor-widget-wrap\">\n\t\t\t\t\t\t<div class=\"elementor-element elementor-element-46bfecf elementor-widget elementor-widget-image\" data-id=\"46bfecf\" data-element_type=\"widget\" data-widget_type=\"image.default\">\n\t\t\t\t<div class=\"elementor-widget-container\">\n\t\t\t\t\t\t\t\t<div class=\"elementor-image\">\n\t\t\t\t\t\t\t\t\t\t\t\t<img src=\"https:\/\/drewmax.net.pl\/wp-content\/uploads\/2019\/07\/serwis_2-1-e1563253483561.jpg\" title=\"\" alt=\"\" \/>\t\t\t\t\t\t\t\t\t\t\t\t\t\t<\/div>\n\t\t\t\t\t\t<\/div>\n\t\t\t\t<\/div>\n\t\t\t\t\t\t<\/div>\n\t\t\t\t\t<\/div>\n\t\t<\/div>\n\t\t\t\t\t\t\t\t<\/div>\n\t\t\t\t\t<\/div>\n\t\t<\/section>\n\t\t\t\t<section class=\"elementor-section elementor-top-section elementor-element elementor-element-047689f elementor-section-boxed elementor-section-height-default elementor-section-height-default\" data-id=\"047689f\" data-element_type=\"section\" data-settings=\"{&quot;background_background&quot;:&quot;classic&quot;}\">\n\t\t\t\t\t\t<div class=\"elementor-container elementor-column-gap-default\">\n\t\t\t\t\t\t\t<div class=\"elementor-row\">\n\t\t\t\t\t<div class=\"elementor-column elementor-col-50 elementor-top-column elementor-element elementor-element-c5a4a2c\" data-id=\"c5a4a2c\" data-element_type=\"column\">\n\t\t\t<div class=\"elementor-column-wrap elementor-element-populated\">\n\t\t\t\t\t\t\t<div class=\"elementor-widget-wrap\">\n\t\t\t\t\t\t<div class=\"elementor-element elementor-element-0ac5e66 elementor-widget elementor-widget-text-editor\" data-id=\"0ac5e66\" data-element_type=\"widget\" data-widget_type=\"text-editor.default\">\n\t\t\t\t<div class=\"elementor-widget-container\">\n\t\t\t\t\t\t\t\t<div class=\"elementor-text-editor elementor-clearfix\">\n\t\t\t\t<p><\/p><p><span style=\"text-decoration: underline;\"><strong>Indirizzo e procedura per le richieste di assistenza tecnica:<\/strong><\/span><\/p><p>La segnalazione di un guasto in garanzia o la richiesta di assistenza deve essere effettuata nei seguenti modi:<\/p><ul><li>Per iscritto all\u2019indirizzo e-mail:<\/li><\/ul><p>\u00a0 \u00a0 \u00a0 \u00a0 \u00a0 \u00a0 \u00a0 \u00a0 \u00a0 \u00a0 Serwis \u2013 serwisdrewmax.net.pl (nell&#8217;oggetto della richiesta inserire &#8220;Servizio&#8221;)<\/p><ul><li>Telefonicamente ai seguenti numeri:<\/li><\/ul><p>\u00a0 \u00a0 \u00a0 \u00a0 \u00a0 \u00a0 \u00a0 \u00a0 \u00a0 \u00a0 Drewmax &#8211; +48 77 481 01 22<\/p><p>\u00a0 \u00a0 \u00a0 \u00a0 \u00a0 \u00a0 \u00a0 \u00a0 \u00a0 \u00a0 Piotr Domerecki &#8211; +48 887 119 222<\/p><ul><li>Supporto tecnico (responsabile del reparto automazione):<\/li><\/ul><p>\u00a0 \u00a0 \u00a0 \u00a0 \u00a0 \u00a0 \u00a0 \u00a0 \u00a0 \u00a0 Krzysztof Hassa &#8211; +48 725 551 666<\/p><p><\/p>\t\t\t\t\t<\/div>\n\t\t\t\t\t\t<\/div>\n\t\t\t\t<\/div>\n\t\t\t\t\t\t<\/div>\n\t\t\t\t\t<\/div>\n\t\t<\/div>\n\t\t\t\t<div class=\"elementor-column elementor-col-50 elementor-top-column elementor-element elementor-element-3bcf92e\" data-id=\"3bcf92e\" data-element_type=\"column\">\n\t\t\t<div class=\"elementor-column-wrap elementor-element-populated\">\n\t\t\t\t\t\t\t<div class=\"elementor-widget-wrap\">\n\t\t\t\t\t\t<div class=\"elementor-element elementor-element-e5c5d18 elementor-widget elementor-widget-text-editor\" data-id=\"e5c5d18\" data-element_type=\"widget\" data-widget_type=\"text-editor.default\">\n\t\t\t\t<div class=\"elementor-widget-container\">\n\t\t\t\t\t\t\t\t<div class=\"elementor-text-editor elementor-clearfix\">\n\t\t\t\t<p><\/p><p data-start=\"0\" data-end=\"25\"><span style=\"text-decoration: underline;\"><strong>Ordine dei ricambi:<\/strong><\/span><\/p><ul><li data-start=\"27\" data-end=\"116\">Per iscritto all\u2019indirizzo e-mail:<\/li><\/ul><p data-start=\"27\" data-end=\"116\">\u00a0 \u00a0 \u00a0 \u00a0 \u00a0 \u00a0 \u00a0 \u00a0 \u00a0 \u00a0Magazzino \u2013 zamowieniadrewmax.net.pl<\/p><ul><li data-start=\"118\" data-end=\"213\">Contatto diretto (responsabile del magazzino):<\/li><\/ul><p data-start=\"118\" data-end=\"213\" data-is-last-node=\"\" data-is-only-node=\"\">\u00a0 \u00a0 \u00a0 \u00a0 \u00a0 \u00a0 \u00a0 \u00a0 \u00a0 \u00a0Tomasz Glomb &#8211; +48 887 885 666<\/p><p><\/p>\t\t\t\t\t<\/div>\n\t\t\t\t\t\t<\/div>\n\t\t\t\t<\/div>\n\t\t\t\t\t\t<\/div>\n\t\t\t\t\t<\/div>\n\t\t<\/div>\n\t\t\t\t\t\t\t\t<\/div>\n\t\t\t\t\t<\/div>\n\t\t<\/section>\n\t\t\t\t\t\t<\/div>\n\t\t\t\t\t\t<\/div>\n\t\t\t\t\t<\/div>\n\t\t","protected":false},"excerpt":{"rendered":"<p>La societ\u00e0 Drewmax si impegna a garantire che la qualit\u00e0 dei lavori di assistenza sia al massimo livello e che i materiali utilizzati per le riparazioni siano sempre della migliore qualit\u00e0. Disponiamo di un magazzino interno ben fornito di ricambi, il che ci consente di spedire i nuovi componenti acquistati entro 24 ore. Mettiamo a&hellip;<\/p>\n","protected":false},"author":1,"featured_media":0,"parent":0,"menu_order":0,"comment_status":"closed","ping_status":"closed","template":"","meta":[],"yoast_head":"<!-- This site is optimized with the Yoast SEO Premium plugin v15.5 - https:\/\/yoast.com\/wordpress\/plugins\/seo\/ -->\n<title>Wa\u017cenie Pakowanie Paletyzacja Automatyka przemys\u0142owa linie PP PE<\/title>\n<meta name=\"description\" content=\"Wa\u017cenie Pakowanie Paletyzacja Automatyka przemys\u0142owa linie wa\u017c\u0105co - pakuj\u0105ce zbiorniki technologiczne mikrodozowanie linie PP PE serwis\" \/>\n<meta name=\"robots\" content=\"index, follow, max-snippet:-1, max-image-preview:large, max-video-preview:-1\" \/>\n<link rel=\"canonical\" href=\"https:\/\/drewmax.net.pl\/serwis\/\" \/>\n<meta property=\"og:locale\" content=\"it_IT\" \/>\n<meta property=\"og:type\" content=\"article\" \/>\n<meta property=\"og:title\" content=\"Wa\u017cenie Pakowanie Paletyzacja Automatyka przemys\u0142owa linie PP PE\" \/>\n<meta property=\"og:description\" content=\"Wa\u017cenie Pakowanie Paletyzacja Automatyka przemys\u0142owa linie wa\u017c\u0105co - pakuj\u0105ce zbiorniki technologiczne mikrodozowanie linie PP PE serwis\" \/>\n<meta property=\"og:url\" content=\"https:\/\/drewmax.net.pl\/serwis\/\" \/>\n<meta property=\"og:site_name\" content=\"(Polski) Drewmax - Wa\u017cenie | Pakowanie | Paletyzacja | Automatyka\" \/>\n<meta property=\"article:publisher\" content=\"https:\/\/www.facebook.com\/Drewmax-111641623604429\/\" \/>\n<meta property=\"article:modified_time\" content=\"2025-03-25T12:05:40+00:00\" \/>\n<meta property=\"og:image\" content=\"https:\/\/drewmax.net.pl\/wp-content\/uploads\/2019\/07\/serwis_1-1-e1563253455379.jpg\" \/>\n<meta name=\"twitter:card\" content=\"summary_large_image\" \/>\n<meta name=\"twitter:label1\" content=\"Tempo di lettura stimato\">\n\t<meta name=\"twitter:data1\" content=\"12 minuti\">\n<script type=\"application\/ld+json\" class=\"yoast-schema-graph\">{\"@context\":\"https:\/\/schema.org\",\"@graph\":[{\"@type\":\"Organization\",\"@id\":\"https:\/\/drewmax.net.pl\/en\/#organization\",\"name\":\"DREWMAX Sp\\u00f3\\u0142ka z o.o.\",\"url\":\"https:\/\/drewmax.net.pl\/en\/\",\"sameAs\":[\"https:\/\/www.facebook.com\/Drewmax-111641623604429\/\",\"https:\/\/www.instagram.com\/drewmax.net.pl\/\",\"https:\/\/www.youtube.com\/channel\/UCCS8U5F8gSyJAlSWjxgbLRQ\"],\"logo\":{\"@type\":\"ImageObject\",\"@id\":\"https:\/\/drewmax.net.pl\/en\/#logo\",\"inLanguage\":\"it-IT\",\"url\":\"\",\"caption\":\"DREWMAX Sp\\u00f3\\u0142ka z o.o.\"},\"image\":{\"@id\":\"https:\/\/drewmax.net.pl\/en\/#logo\"}},{\"@type\":\"WebSite\",\"@id\":\"https:\/\/drewmax.net.pl\/en\/#website\",\"url\":\"https:\/\/drewmax.net.pl\/en\/\",\"name\":\"(Polski) Drewmax - Wa\\u017cenie | Pakowanie | Paletyzacja | Automatyka\",\"description\":\"\",\"publisher\":{\"@id\":\"https:\/\/drewmax.net.pl\/en\/#organization\"},\"potentialAction\":[{\"@type\":\"SearchAction\",\"target\":\"https:\/\/drewmax.net.pl\/en\/?s={search_term_string}\",\"query-input\":\"required name=search_term_string\"}],\"inLanguage\":\"it-IT\"},{\"@type\":\"ImageObject\",\"@id\":\"https:\/\/drewmax.net.pl\/serwis\/#primaryimage\",\"inLanguage\":\"it-IT\",\"url\":\"https:\/\/drewmax.net.pl\/wp-content\/uploads\/2019\/07\/serwis_1-1-e1563253455379.jpg\"},{\"@type\":\"WebPage\",\"@id\":\"https:\/\/drewmax.net.pl\/serwis\/#webpage\",\"url\":\"https:\/\/drewmax.net.pl\/serwis\/\",\"name\":\"Wa\\u017cenie Pakowanie Paletyzacja Automatyka przemys\\u0142owa linie PP PE\",\"isPartOf\":{\"@id\":\"https:\/\/drewmax.net.pl\/en\/#website\"},\"primaryImageOfPage\":{\"@id\":\"https:\/\/drewmax.net.pl\/serwis\/#primaryimage\"},\"datePublished\":\"2019-07-11T08:10:10+00:00\",\"dateModified\":\"2025-03-25T12:05:40+00:00\",\"description\":\"Wa\\u017cenie Pakowanie Paletyzacja Automatyka przemys\\u0142owa linie wa\\u017c\\u0105co - pakuj\\u0105ce zbiorniki technologiczne mikrodozowanie linie PP PE serwis\",\"breadcrumb\":{\"@id\":\"https:\/\/drewmax.net.pl\/serwis\/#breadcrumb\"},\"inLanguage\":\"it-IT\",\"potentialAction\":[{\"@type\":\"ReadAction\",\"target\":[\"https:\/\/drewmax.net.pl\/serwis\/\"]}]},{\"@type\":\"BreadcrumbList\",\"@id\":\"https:\/\/drewmax.net.pl\/serwis\/#breadcrumb\",\"itemListElement\":[{\"@type\":\"ListItem\",\"position\":1,\"item\":{\"@type\":\"WebPage\",\"@id\":\"https:\/\/drewmax.net.pl\/\",\"url\":\"https:\/\/drewmax.net.pl\/\",\"name\":\"Home\"}},{\"@type\":\"ListItem\",\"position\":2,\"item\":{\"@type\":\"WebPage\",\"@id\":\"https:\/\/drewmax.net.pl\/serwis\/\",\"url\":\"https:\/\/drewmax.net.pl\/serwis\/\",\"name\":\"Serwis\"}}]}]}<\/script>\n<!-- \/ Yoast SEO Premium plugin. -->","_links":{"self":[{"href":"https:\/\/drewmax.net.pl\/it\/wp-json\/wp\/v2\/pages\/12532"}],"collection":[{"href":"https:\/\/drewmax.net.pl\/it\/wp-json\/wp\/v2\/pages"}],"about":[{"href":"https:\/\/drewmax.net.pl\/it\/wp-json\/wp\/v2\/types\/page"}],"author":[{"embeddable":true,"href":"https:\/\/drewmax.net.pl\/it\/wp-json\/wp\/v2\/users\/1"}],"replies":[{"embeddable":true,"href":"https:\/\/drewmax.net.pl\/it\/wp-json\/wp\/v2\/comments?post=12532"}],"version-history":[{"count":76,"href":"https:\/\/drewmax.net.pl\/it\/wp-json\/wp\/v2\/pages\/12532\/revisions"}],"predecessor-version":[{"id":31423,"href":"https:\/\/drewmax.net.pl\/it\/wp-json\/wp\/v2\/pages\/12532\/revisions\/31423"}],"wp:attachment":[{"href":"https:\/\/drewmax.net.pl\/it\/wp-json\/wp\/v2\/media?parent=12532"}],"curies":[{"name":"wp","href":"https:\/\/api.w.org\/{rel}","templated":true}]}}