{"id":11814,"date":"2016-07-19T11:23:52","date_gmt":"2016-07-19T09:23:52","guid":{"rendered":"http:\/\/drewmax.net.pl\/?page_id=19"},"modified":"2025-04-04T07:22:35","modified_gmt":"2025-04-04T05:22:35","slug":"linie-do-napelniania-opakowan","status":"publish","type":"page","link":"https:\/\/drewmax.net.pl\/it\/linie-do-napelniania-opakowan\/","title":{"rendered":"Linia do nape\u0142niania opakowa\u0144 PP, PE oraz karton\u00f3w"},"content":{"rendered":"\t\t<div data-elementor-type=\"wp-post\" data-elementor-id=\"11814\" class=\"elementor elementor-11814\" data-elementor-settings=\"[]\">\n\t\t\t\t\t\t<div class=\"elementor-inner\">\n\t\t\t\t\t\t\t<div class=\"elementor-section-wrap\">\n\t\t\t\t\t\t\t<section class=\"elementor-section elementor-top-section elementor-element elementor-element-76ff643 elementor-section-boxed elementor-section-height-default elementor-section-height-default\" data-id=\"76ff643\" data-element_type=\"section\" data-settings=\"{&quot;background_background&quot;:&quot;classic&quot;}\">\n\t\t\t\t\t\t<div class=\"elementor-container elementor-column-gap-default\">\n\t\t\t\t\t\t\t<div class=\"elementor-row\">\n\t\t\t\t\t<div class=\"elementor-column elementor-col-100 elementor-top-column elementor-element elementor-element-9d80912\" data-id=\"9d80912\" data-element_type=\"column\">\n\t\t\t<div class=\"elementor-column-wrap elementor-element-populated\">\n\t\t\t\t\t\t\t<div class=\"elementor-widget-wrap\">\n\t\t\t\t\t\t<div class=\"elementor-element elementor-element-0df509c elementor-widget elementor-widget-heading\" data-id=\"0df509c\" data-element_type=\"widget\" data-widget_type=\"heading.default\">\n\t\t\t\t<div class=\"elementor-widget-container\">\n\t\t\t<h2 class=\"elementor-heading-title elementor-size-xl\">Linea di riempimento per imballaggi in PP, PE e cartoni\n<\/h2>\t\t<\/div>\n\t\t\t\t<\/div>\n\t\t\t\t\t\t<\/div>\n\t\t\t\t\t<\/div>\n\t\t<\/div>\n\t\t\t\t\t\t\t\t<\/div>\n\t\t\t\t\t<\/div>\n\t\t<\/section>\n\t\t\t\t<section class=\"elementor-section elementor-top-section elementor-element elementor-element-d7fe08c elementor-section-boxed elementor-section-height-default elementor-section-height-default\" data-id=\"d7fe08c\" data-element_type=\"section\" data-settings=\"{&quot;background_background&quot;:&quot;classic&quot;}\">\n\t\t\t\t\t\t<div class=\"elementor-container elementor-column-gap-default\">\n\t\t\t\t\t\t\t<div class=\"elementor-row\">\n\t\t\t\t\t<div class=\"elementor-column elementor-col-50 elementor-top-column elementor-element elementor-element-dc7fead\" data-id=\"dc7fead\" data-element_type=\"column\">\n\t\t\t<div class=\"elementor-column-wrap elementor-element-populated\">\n\t\t\t\t\t\t\t<div class=\"elementor-widget-wrap\">\n\t\t\t\t\t\t<div class=\"elementor-element elementor-element-95d6a85 elementor-widget elementor-widget-text-editor\" data-id=\"95d6a85\" data-element_type=\"widget\" data-widget_type=\"text-editor.default\">\n\t\t\t\t<div class=\"elementor-widget-container\">\n\t\t\t\t\t\t\t\t<div class=\"elementor-text-editor elementor-clearfix\">\n\t\t\t\t<p><\/p><p data-start=\"0\" data-end=\"280\">L&#8217;azienda Drewmax \u00e8 anche produttore di linee per il riempimento di contenitori. La nostra conoscenza, esperienza e il nostro team di progettazione ci hanno permesso di progettare e implementare linee per il riempimento automatico di imballaggi con qualsiasi tipo di prodotto.<\/p><p data-start=\"282\" data-end=\"706\">La linea presentata \u00e8 in grado di prelevare automaticamente gli imballaggi, riempirli con qualsiasi prodotto, pesarli e quindi chiuderli. Un dispositivo progettato in questo modo consente un notevole risparmio di tempo necessario per confezionare il prodotto e riduce al minimo il numero di persone necessarie, con un solo operatore incaricato di fornire e riempire gli imballaggi e di eseguire le operazioni quotidiane.<\/p><p data-start=\"708\" data-end=\"860\" data-is-last-node=\"\" data-is-only-node=\"\">Il dosatore utilizzato per fornire il prodotto all&#8217;imballaggio \u00e8 adattato alle sue caratteristiche. \u00c8 possibile utilizzare diversi tipi di dosatori:<\/p><p><\/p>\t\t\t\t\t<\/div>\n\t\t\t\t\t\t<\/div>\n\t\t\t\t<\/div>\n\t\t\t\t\t\t<\/div>\n\t\t\t\t\t<\/div>\n\t\t<\/div>\n\t\t\t\t<div class=\"elementor-column elementor-col-50 elementor-top-column elementor-element elementor-element-6cb9d33\" data-id=\"6cb9d33\" data-element_type=\"column\">\n\t\t\t<div class=\"elementor-column-wrap elementor-element-populated\">\n\t\t\t\t\t\t\t<div class=\"elementor-widget-wrap\">\n\t\t\t\t\t\t<div class=\"elementor-element elementor-element-ec39fb5 elementor-widget__width-inherit elementor-widget elementor-widget-image\" data-id=\"ec39fb5\" data-element_type=\"widget\" data-widget_type=\"image.default\">\n\t\t\t\t<div class=\"elementor-widget-container\">\n\t\t\t\t\t\t\t\t<div class=\"elementor-image\">\n\t\t\t\t\t\t\t\t\t<figure class=\"wp-caption\">\n\t\t\t\t\t\t\t\t\t\t<img width=\"300\" height=\"298\" src=\"https:\/\/drewmax.net.pl\/wp-content\/uploads\/2020\/10\/pppe1-300x298-2.png\" class=\"attachment-large size-large\" alt=\"\" loading=\"lazy\" srcset=\"https:\/\/drewmax.net.pl\/wp-content\/uploads\/2020\/10\/pppe1-300x298-2.png 300w, https:\/\/drewmax.net.pl\/wp-content\/uploads\/2020\/10\/pppe1-300x298-2-150x150.png 150w\" sizes=\"(max-width: 300px) 100vw, 300px\" \/>\t\t\t\t\t\t\t\t\t\t\t<figcaption class=\"widget-image-caption wp-caption-text\">Linia do nape\u0142niania pojemnik\u00f3w<\/figcaption>\n\t\t\t\t\t\t\t\t\t\t<\/figure>\n\t\t\t\t\t\t\t\t<\/div>\n\t\t\t\t\t\t<\/div>\n\t\t\t\t<\/div>\n\t\t\t\t\t\t<\/div>\n\t\t\t\t\t<\/div>\n\t\t<\/div>\n\t\t\t\t\t\t\t\t<\/div>\n\t\t\t\t\t<\/div>\n\t\t<\/section>\n\t\t\t\t<section class=\"elementor-section elementor-top-section elementor-element elementor-element-b4e1198 elementor-section-boxed elementor-section-height-default elementor-section-height-default\" data-id=\"b4e1198\" data-element_type=\"section\" data-settings=\"{&quot;background_background&quot;:&quot;classic&quot;}\">\n\t\t\t\t\t\t<div class=\"elementor-container elementor-column-gap-default\">\n\t\t\t\t\t\t\t<div class=\"elementor-row\">\n\t\t\t\t\t<div class=\"elementor-column elementor-col-50 elementor-top-column elementor-element elementor-element-06ebae4\" data-id=\"06ebae4\" data-element_type=\"column\">\n\t\t\t<div class=\"elementor-column-wrap elementor-element-populated\">\n\t\t\t\t\t\t\t<div class=\"elementor-widget-wrap\">\n\t\t\t\t\t\t<div class=\"elementor-element elementor-element-79bfa97 elementor-widget elementor-widget-text-editor\" data-id=\"79bfa97\" data-element_type=\"widget\" data-widget_type=\"text-editor.default\">\n\t\t\t\t<div class=\"elementor-widget-container\">\n\t\t\t\t\t\t\t\t<div class=\"elementor-text-editor elementor-clearfix\">\n\t\t\t\t<p><\/p><ul><li>Dosatore per prodotti liquidi (beccuccio)<\/li><li>Dosatore per prodotti sfusi (a nastro, a vite, gravimetrico)<\/li><li>Dosatore per prodotti precedentemente confezionati (sacchi, cartoni)<\/li><\/ul><p><\/p>\t\t\t\t\t<\/div>\n\t\t\t\t\t\t<\/div>\n\t\t\t\t<\/div>\n\t\t\t\t\t\t<\/div>\n\t\t\t\t\t<\/div>\n\t\t<\/div>\n\t\t\t\t<div class=\"elementor-column elementor-col-50 elementor-top-column elementor-element elementor-element-7493c53\" data-id=\"7493c53\" data-element_type=\"column\">\n\t\t\t<div class=\"elementor-column-wrap elementor-element-populated\">\n\t\t\t\t\t\t\t<div class=\"elementor-widget-wrap\">\n\t\t\t\t\t\t<div class=\"elementor-element elementor-element-89da2e8 elementor-widget__width-inherit elementor-widget elementor-widget-image\" data-id=\"89da2e8\" data-element_type=\"widget\" data-widget_type=\"image.default\">\n\t\t\t\t<div class=\"elementor-widget-container\">\n\t\t\t\t\t\t\t\t<div class=\"elementor-image\">\n\t\t\t\t\t\t\t\t\t\t\t\t<img width=\"300\" height=\"122\" src=\"https:\/\/drewmax.net.pl\/wp-content\/uploads\/2020\/10\/pppe2-300x122-2.png\" class=\"attachment-large size-large\" alt=\"\" loading=\"lazy\" \/>\t\t\t\t\t\t\t\t\t\t\t\t\t\t<\/div>\n\t\t\t\t\t\t<\/div>\n\t\t\t\t<\/div>\n\t\t\t\t\t\t<\/div>\n\t\t\t\t\t<\/div>\n\t\t<\/div>\n\t\t\t\t\t\t\t\t<\/div>\n\t\t\t\t\t<\/div>\n\t\t<\/section>\n\t\t\t\t<section class=\"elementor-section elementor-top-section elementor-element elementor-element-fc97643 elementor-section-boxed elementor-section-height-default elementor-section-height-default\" data-id=\"fc97643\" data-element_type=\"section\" data-settings=\"{&quot;background_background&quot;:&quot;classic&quot;}\">\n\t\t\t\t\t\t<div class=\"elementor-container elementor-column-gap-default\">\n\t\t\t\t\t\t\t<div class=\"elementor-row\">\n\t\t\t\t\t<div class=\"elementor-column elementor-col-100 elementor-top-column elementor-element elementor-element-2146dfe\" data-id=\"2146dfe\" data-element_type=\"column\">\n\t\t\t<div class=\"elementor-column-wrap elementor-element-populated\">\n\t\t\t\t\t\t\t<div class=\"elementor-widget-wrap\">\n\t\t\t\t\t\t<div class=\"elementor-element elementor-element-63b6917 elementor-widget elementor-widget-text-editor\" data-id=\"63b6917\" data-element_type=\"widget\" data-widget_type=\"text-editor.default\">\n\t\t\t\t<div class=\"elementor-widget-container\">\n\t\t\t\t\t\t\t\t<div class=\"elementor-text-editor elementor-clearfix\">\n\t\t\t\t<p><\/p><p data-start=\"1250\" data-end=\"1569\" data-is-only-node=\"\" data-is-last-node=\"\">Per la raccolta dei secchi riempiti, pu\u00f2 essere utilizzata una postazione robotizzata di palletizzazione, mentre per proteggere il carico dal movimento, proponiamo l&#8217;uso di una macchina &#8220;cappucciante&#8221; stretch hood \u2013 dispositivi che l&#8217;azienda Drewmax offre anche nella sua gamma.<\/p><p><span style=\"background-color: rgba(255, 255, 255, 0);\"><\/span><\/p>\t\t\t\t\t<\/div>\n\t\t\t\t\t\t<\/div>\n\t\t\t\t<\/div>\n\t\t\t\t\t\t<\/div>\n\t\t\t\t\t<\/div>\n\t\t<\/div>\n\t\t\t\t\t\t\t\t<\/div>\n\t\t\t\t\t<\/div>\n\t\t<\/section>\n\t\t\t\t<section class=\"elementor-section elementor-top-section elementor-element elementor-element-f3655fe elementor-section-boxed elementor-section-height-default elementor-section-height-default\" data-id=\"f3655fe\" data-element_type=\"section\" data-settings=\"{&quot;background_background&quot;:&quot;classic&quot;}\">\n\t\t\t\t\t\t<div class=\"elementor-container elementor-column-gap-default\">\n\t\t\t\t\t\t\t<div class=\"elementor-row\">\n\t\t\t\t\t<div class=\"elementor-column elementor-col-50 elementor-top-column elementor-element elementor-element-8010643\" data-id=\"8010643\" data-element_type=\"column\">\n\t\t\t<div class=\"elementor-column-wrap elementor-element-populated\">\n\t\t\t\t\t\t\t<div class=\"elementor-widget-wrap\">\n\t\t\t\t\t\t<div class=\"elementor-element elementor-element-41a3ee5 elementor-widget__width-inherit elementor-widget elementor-widget-image\" data-id=\"41a3ee5\" data-element_type=\"widget\" data-widget_type=\"image.default\">\n\t\t\t\t<div class=\"elementor-widget-container\">\n\t\t\t\t\t\t\t\t<div class=\"elementor-image\">\n\t\t\t\t\t\t\t\t\t\t\t\t<img width=\"300\" height=\"296\" src=\"https:\/\/drewmax.net.pl\/wp-content\/uploads\/2020\/10\/pppe3-300x296-2.png\" class=\"attachment-large size-large\" alt=\"\" loading=\"lazy\" \/>\t\t\t\t\t\t\t\t\t\t\t\t\t\t<\/div>\n\t\t\t\t\t\t<\/div>\n\t\t\t\t<\/div>\n\t\t\t\t\t\t<\/div>\n\t\t\t\t\t<\/div>\n\t\t<\/div>\n\t\t\t\t<div class=\"elementor-column elementor-col-50 elementor-top-column elementor-element elementor-element-82d07ec\" data-id=\"82d07ec\" data-element_type=\"column\">\n\t\t\t<div class=\"elementor-column-wrap elementor-element-populated\">\n\t\t\t\t\t\t\t<div class=\"elementor-widget-wrap\">\n\t\t\t\t\t\t<div class=\"elementor-element elementor-element-841c3de elementor-widget elementor-widget-text-editor\" data-id=\"841c3de\" data-element_type=\"widget\" data-widget_type=\"text-editor.default\">\n\t\t\t\t<div class=\"elementor-widget-container\">\n\t\t\t\t\t\t\t\t<div class=\"elementor-text-editor elementor-clearfix\">\n\t\t\t\t<p><\/p><p data-start=\"0\" data-end=\"42\"><span style=\"text-decoration: underline;\"><strong data-start=\"0\" data-end=\"42\">Componenti principali del dispositivo:<\/strong><\/span><\/p><ul data-start=\"44\" data-end=\"301\"><li data-start=\"44\" data-end=\"71\">Struttura di supporto<\/li><li data-start=\"72\" data-end=\"101\">Trasportatore di secchi<\/li><li data-start=\"102\" data-end=\"153\">Postazione di riempimento secchi con prodotto<\/li><li data-start=\"154\" data-end=\"168\">Bilancia<\/li><li data-start=\"169\" data-end=\"264\">Sistema di controllo chiaro basato su un controller PLC Siemens con pannello touch screen<\/li><li data-start=\"265\" data-end=\"301\">Motori\/servomotori SEW o LENZE<\/li><\/ul><p data-start=\"303\" data-end=\"330\"><span style=\"text-decoration: underline;\"><strong data-start=\"303\" data-end=\"330\">Attrezzature opzionali:<\/strong><\/span><\/p><ul data-start=\"332\" data-end=\"535\" data-is-last-node=\"\" data-is-only-node=\"\"><li data-start=\"332\" data-end=\"374\">Sistema di applicazione dei coperchi<\/li><li data-start=\"375\" data-end=\"444\">Sistema di regolazione automatica della dimensione dei coperchi<\/li><li data-start=\"445\" data-end=\"498\">Sistema di chiusura automatica degli imballaggi<\/li><li data-start=\"499\" data-end=\"535\" data-is-last-node=\"\">Nastro trasportatore di uscita<\/li><\/ul><p><\/p><\/div>\t\t\t\t\t<\/div>\n\t\t\t\t\t\t<\/div>\n\t\t\t\t<\/div>\n\t\t\t\t\t\t<\/div>\n\t\t\t\t\t<\/div>\n\t\t<\/div>\n\t\t\t\t\t\t\t\t<\/div>\n\t\t\t\t\t<\/div>\n\t\t<\/section>\n\t\t\t\t<section class=\"elementor-section elementor-top-section elementor-element elementor-element-1233422 elementor-section-boxed elementor-section-height-default elementor-section-height-default\" data-id=\"1233422\" data-element_type=\"section\" data-settings=\"{&quot;background_background&quot;:&quot;classic&quot;}\">\n\t\t\t\t\t\t<div class=\"elementor-container elementor-column-gap-default\">\n\t\t\t\t\t\t\t<div class=\"elementor-row\">\n\t\t\t\t\t<div class=\"elementor-column elementor-col-50 elementor-top-column elementor-element elementor-element-a94ec0f\" data-id=\"a94ec0f\" data-element_type=\"column\">\n\t\t\t<div class=\"elementor-column-wrap elementor-element-populated\">\n\t\t\t\t\t\t\t<div class=\"elementor-widget-wrap\">\n\t\t\t\t\t\t<div class=\"elementor-element elementor-element-8e461c6 elementor-widget elementor-widget-text-editor\" data-id=\"8e461c6\" data-element_type=\"widget\" data-widget_type=\"text-editor.default\">\n\t\t\t\t<div class=\"elementor-widget-container\">\n\t\t\t\t\t\t\t\t<div class=\"elementor-text-editor elementor-clearfix\">\n\t\t\t\t<p><\/p><p data-start=\"0\" data-end=\"66\"><span style=\"text-decoration: underline;\"><strong data-start=\"0\" data-end=\"66\">Dati tecnici della linea di riempimento per imballaggi rigidi:<\/strong><\/span><\/p><ul data-start=\"68\" data-end=\"401\" data-is-last-node=\"\" data-is-only-node=\"\"><li data-start=\"68\" data-end=\"110\">Carico massimo della bilancia: 30 kg<\/li><li data-start=\"111\" data-end=\"149\">Peso minimo della porzione: 1 kg<\/li><li data-start=\"150\" data-end=\"204\">Passo elementare: 10 g per porzione fino a 30 kg<\/li><li data-start=\"205\" data-end=\"254\">Dimensioni dei coperchi: da 150 mm a 330 mm<\/li><li data-start=\"255\" data-end=\"306\">Capacit\u00e0 della linea: circa 1200 porzioni\/ora<\/li><li data-start=\"307\" data-end=\"352\">Alimentazione elettrica: 3 x 400V, 50Hz<\/li><li data-start=\"353\" data-end=\"401\" data-is-last-node=\"\">Alimentazione aria compressa: 5,5 \u2013 10 bar<\/li><\/ul><p><\/p>\t\t\t\t\t<\/div>\n\t\t\t\t\t\t<\/div>\n\t\t\t\t<\/div>\n\t\t\t\t\t\t<\/div>\n\t\t\t\t\t<\/div>\n\t\t<\/div>\n\t\t\t\t<div class=\"elementor-column elementor-col-50 elementor-top-column elementor-element elementor-element-ae8439d\" data-id=\"ae8439d\" data-element_type=\"column\">\n\t\t\t<div class=\"elementor-column-wrap elementor-element-populated\">\n\t\t\t\t\t\t\t<div class=\"elementor-widget-wrap\">\n\t\t\t\t\t\t<div class=\"elementor-element elementor-element-1487c71 elementor-widget elementor-widget-image\" data-id=\"1487c71\" data-element_type=\"widget\" data-widget_type=\"image.default\">\n\t\t\t\t<div class=\"elementor-widget-container\">\n\t\t\t\t\t\t\t\t<div class=\"elementor-image\">\n\t\t\t\t\t\t\t\t\t\t\t\t<img width=\"530\" height=\"142\" src=\"https:\/\/drewmax.net.pl\/wp-content\/uploads\/2020\/10\/pppe4-1.png\" class=\"attachment-large size-large\" alt=\"\" loading=\"lazy\" srcset=\"https:\/\/drewmax.net.pl\/wp-content\/uploads\/2020\/10\/pppe4-1.png 530w, https:\/\/drewmax.net.pl\/wp-content\/uploads\/2020\/10\/pppe4-1-300x80.png 300w\" sizes=\"(max-width: 530px) 100vw, 530px\" \/>\t\t\t\t\t\t\t\t\t\t\t\t\t\t<\/div>\n\t\t\t\t\t\t<\/div>\n\t\t\t\t<\/div>\n\t\t\t\t\t\t<\/div>\n\t\t\t\t\t<\/div>\n\t\t<\/div>\n\t\t\t\t\t\t\t\t<\/div>\n\t\t\t\t\t<\/div>\n\t\t<\/section>\n\t\t\t\t<section class=\"elementor-section elementor-top-section elementor-element elementor-element-6d805e1 elementor-section-boxed elementor-section-height-default elementor-section-height-default\" data-id=\"6d805e1\" data-element_type=\"section\" data-settings=\"{&quot;background_background&quot;:&quot;classic&quot;}\">\n\t\t\t\t\t\t<div class=\"elementor-container elementor-column-gap-default\">\n\t\t\t\t\t\t\t<div class=\"elementor-row\">\n\t\t\t\t\t<div class=\"elementor-column elementor-col-100 elementor-top-column elementor-element elementor-element-2b2c0f0\" data-id=\"2b2c0f0\" data-element_type=\"column\">\n\t\t\t<div class=\"elementor-column-wrap elementor-element-populated\">\n\t\t\t\t\t\t\t<div class=\"elementor-widget-wrap\">\n\t\t\t\t\t\t<div class=\"elementor-element elementor-element-4e03cfe elementor-align-center elementor-widget elementor-widget-button\" data-id=\"4e03cfe\" data-element_type=\"widget\" data-widget_type=\"button.default\">\n\t\t\t\t<div class=\"elementor-widget-container\">\n\t\t\t\t\t<div class=\"elementor-button-wrapper\">\n\t\t\t<a href=\"https:\/\/drewmax.net.pl\/wp-content\/uploads\/2025\/04\/Linia-do-napelniania-opakowan-sztywnych-wiadra_front_IT.pdf\" target=\"_blank\" class=\"elementor-button-link elementor-button elementor-size-lg\" role=\"button\">\n\t\t\t\t\t\t<span class=\"elementor-button-content-wrapper\">\n\t\t\t\t\t\t<span class=\"elementor-button-icon elementor-align-icon-right\">\n\t\t\t\t<i aria-hidden=\"true\" class=\"fas fa-download\"><\/i>\t\t\t<\/span>\n\t\t\t\t\t\t<span class=\"elementor-button-text\">  Scarica la scheda del prodotto<\/span>\n\t\t<\/span>\n\t\t\t\t\t<\/a>\n\t\t<\/div>\n\t\t\t\t<\/div>\n\t\t\t\t<\/div>\n\t\t\t\t\t\t<\/div>\n\t\t\t\t\t<\/div>\n\t\t<\/div>\n\t\t\t\t\t\t\t\t<\/div>\n\t\t\t\t\t<\/div>\n\t\t<\/section>\n\t\t\t\t\t\t<\/div>\n\t\t\t\t\t\t<\/div>\n\t\t\t\t\t<\/div>\n\t\t","protected":false},"excerpt":{"rendered":"<p>Linea di riempimento per imballaggi in PP, PE e cartoni L&#8217;azienda Drewmax \u00e8 anche produttore di linee per il riempimento di contenitori. La nostra conoscenza, esperienza e il nostro team di progettazione ci hanno permesso di progettare e implementare linee per il riempimento automatico di imballaggi con qualsiasi tipo di prodotto. La linea presentata \u00e8&hellip;<\/p>\n","protected":false},"author":1,"featured_media":12071,"parent":0,"menu_order":0,"comment_status":"closed","ping_status":"closed","template":"","meta":[],"yoast_head":"<!-- This site is optimized with the Yoast SEO Premium plugin v15.5 - https:\/\/yoast.com\/wordpress\/plugins\/seo\/ -->\n<title>Wa\u017cenie Pakowanie Paletyzacja automatyka przemys\u0142owa linia PP PE<\/title>\n<meta name=\"description\" content=\"Wa\u017cenie pakowanie paletyzacja automatyka przemys\u0142owa linie wa\u017c\u0105co - pakuj\u0105ce Bigbag zbiorniki technologiczne mikrodozowanie PP PE\" \/>\n<meta name=\"robots\" content=\"index, follow, max-snippet:-1, max-image-preview:large, max-video-preview:-1\" \/>\n<link rel=\"canonical\" href=\"https:\/\/drewmax.net.pl\/linie-do-napelniania-opakowan\/\" \/>\n<meta property=\"og:locale\" content=\"it_IT\" \/>\n<meta property=\"og:type\" content=\"article\" \/>\n<meta property=\"og:title\" content=\"Wa\u017cenie Pakowanie Paletyzacja automatyka przemys\u0142owa linia PP PE\" \/>\n<meta property=\"og:description\" content=\"Wa\u017cenie pakowanie paletyzacja automatyka przemys\u0142owa linie wa\u017c\u0105co - pakuj\u0105ce Bigbag zbiorniki technologiczne mikrodozowanie PP PE\" \/>\n<meta property=\"og:url\" content=\"https:\/\/drewmax.net.pl\/linie-do-napelniania-opakowan\/\" \/>\n<meta property=\"og:site_name\" content=\"(Polski) Drewmax - Wa\u017cenie | Pakowanie | Paletyzacja | Automatyka\" \/>\n<meta property=\"article:publisher\" content=\"https:\/\/www.facebook.com\/Drewmax-111641623604429\/\" \/>\n<meta property=\"article:modified_time\" content=\"2025-04-04T05:22:35+00:00\" \/>\n<meta name=\"twitter:card\" content=\"summary_large_image\" \/>\n<meta name=\"twitter:label1\" content=\"Tempo di lettura stimato\">\n\t<meta name=\"twitter:data1\" content=\"9 minuti\">\n<script type=\"application\/ld+json\" class=\"yoast-schema-graph\">{\"@context\":\"https:\/\/schema.org\",\"@graph\":[{\"@type\":\"Organization\",\"@id\":\"https:\/\/drewmax.net.pl\/en\/#organization\",\"name\":\"DREWMAX Sp\\u00f3\\u0142ka z o.o.\",\"url\":\"https:\/\/drewmax.net.pl\/en\/\",\"sameAs\":[\"https:\/\/www.facebook.com\/Drewmax-111641623604429\/\",\"https:\/\/www.instagram.com\/drewmax.net.pl\/\",\"https:\/\/www.youtube.com\/channel\/UCCS8U5F8gSyJAlSWjxgbLRQ\"],\"logo\":{\"@type\":\"ImageObject\",\"@id\":\"https:\/\/drewmax.net.pl\/en\/#logo\",\"inLanguage\":\"it-IT\",\"url\":\"\",\"caption\":\"DREWMAX Sp\\u00f3\\u0142ka z o.o.\"},\"image\":{\"@id\":\"https:\/\/drewmax.net.pl\/en\/#logo\"}},{\"@type\":\"WebSite\",\"@id\":\"https:\/\/drewmax.net.pl\/en\/#website\",\"url\":\"https:\/\/drewmax.net.pl\/en\/\",\"name\":\"(Polski) Drewmax - Wa\\u017cenie | Pakowanie | Paletyzacja | Automatyka\",\"description\":\"\",\"publisher\":{\"@id\":\"https:\/\/drewmax.net.pl\/en\/#organization\"},\"potentialAction\":[{\"@type\":\"SearchAction\",\"target\":\"https:\/\/drewmax.net.pl\/en\/?s={search_term_string}\",\"query-input\":\"required name=search_term_string\"}],\"inLanguage\":\"it-IT\"},{\"@type\":\"ImageObject\",\"@id\":\"https:\/\/drewmax.net.pl\/linie-do-napelniania-opakowan\/#primaryimage\",\"inLanguage\":\"it-IT\",\"url\":\"\"},{\"@type\":\"WebPage\",\"@id\":\"https:\/\/drewmax.net.pl\/linie-do-napelniania-opakowan\/#webpage\",\"url\":\"https:\/\/drewmax.net.pl\/linie-do-napelniania-opakowan\/\",\"name\":\"Wa\\u017cenie Pakowanie Paletyzacja automatyka przemys\\u0142owa linia PP PE\",\"isPartOf\":{\"@id\":\"https:\/\/drewmax.net.pl\/en\/#website\"},\"primaryImageOfPage\":{\"@id\":\"https:\/\/drewmax.net.pl\/linie-do-napelniania-opakowan\/#primaryimage\"},\"datePublished\":\"2016-07-19T09:23:52+00:00\",\"dateModified\":\"2025-04-04T05:22:35+00:00\",\"description\":\"Wa\\u017cenie pakowanie paletyzacja automatyka przemys\\u0142owa linie wa\\u017c\\u0105co - pakuj\\u0105ce Bigbag zbiorniki technologiczne mikrodozowanie PP PE\",\"breadcrumb\":{\"@id\":\"https:\/\/drewmax.net.pl\/linie-do-napelniania-opakowan\/#breadcrumb\"},\"inLanguage\":\"it-IT\",\"potentialAction\":[{\"@type\":\"ReadAction\",\"target\":[\"https:\/\/drewmax.net.pl\/linie-do-napelniania-opakowan\/\"]}]},{\"@type\":\"BreadcrumbList\",\"@id\":\"https:\/\/drewmax.net.pl\/linie-do-napelniania-opakowan\/#breadcrumb\",\"itemListElement\":[{\"@type\":\"ListItem\",\"position\":1,\"item\":{\"@type\":\"WebPage\",\"@id\":\"https:\/\/drewmax.net.pl\/\",\"url\":\"https:\/\/drewmax.net.pl\/\",\"name\":\"Home\"}},{\"@type\":\"ListItem\",\"position\":2,\"item\":{\"@type\":\"WebPage\",\"@id\":\"https:\/\/drewmax.net.pl\/linie-do-napelniania-opakowan\/\",\"url\":\"https:\/\/drewmax.net.pl\/linie-do-napelniania-opakowan\/\",\"name\":\"Linia do nape\\u0142niania opakowa\\u0144 PP, PE oraz karton\\u00f3w\"}}]}]}<\/script>\n<!-- \/ Yoast SEO Premium plugin. -->","_links":{"self":[{"href":"https:\/\/drewmax.net.pl\/it\/wp-json\/wp\/v2\/pages\/11814"}],"collection":[{"href":"https:\/\/drewmax.net.pl\/it\/wp-json\/wp\/v2\/pages"}],"about":[{"href":"https:\/\/drewmax.net.pl\/it\/wp-json\/wp\/v2\/types\/page"}],"author":[{"embeddable":true,"href":"https:\/\/drewmax.net.pl\/it\/wp-json\/wp\/v2\/users\/1"}],"replies":[{"embeddable":true,"href":"https:\/\/drewmax.net.pl\/it\/wp-json\/wp\/v2\/comments?post=11814"}],"version-history":[{"count":88,"href":"https:\/\/drewmax.net.pl\/it\/wp-json\/wp\/v2\/pages\/11814\/revisions"}],"predecessor-version":[{"id":32034,"href":"https:\/\/drewmax.net.pl\/it\/wp-json\/wp\/v2\/pages\/11814\/revisions\/32034"}],"wp:featuredmedia":[{"embeddable":true,"href":"https:\/\/drewmax.net.pl\/it\/wp-json\/wp\/v2\/media\/12071"}],"wp:attachment":[{"href":"https:\/\/drewmax.net.pl\/it\/wp-json\/wp\/v2\/media?parent=11814"}],"curies":[{"name":"wp","href":"https:\/\/api.w.org\/{rel}","templated":true}]}}