{"id":99,"date":"2016-07-21T11:05:20","date_gmt":"2016-07-21T09:05:20","guid":{"rendered":"http:\/\/drewmax.net.pl\/?page_id=99"},"modified":"2025-04-04T08:00:46","modified_gmt":"2025-04-04T06:00:46","slug":"systemy-automatyki-przemyslowej","status":"publish","type":"page","link":"https:\/\/drewmax.net.pl\/fr\/systemy-automatyki-przemyslowej\/","title":{"rendered":"Systemy Automatyki Przemys\u0142owej"},"content":{"rendered":"\t\t<div data-elementor-type=\"wp-post\" data-elementor-id=\"99\" class=\"elementor elementor-99\" data-elementor-settings=\"[]\">\n\t\t\t\t\t\t<div class=\"elementor-inner\">\n\t\t\t\t\t\t\t<div class=\"elementor-section-wrap\">\n\t\t\t\t\t\t\t<section class=\"elementor-section elementor-top-section elementor-element elementor-element-141183d elementor-section-boxed elementor-section-height-default elementor-section-height-default\" data-id=\"141183d\" data-element_type=\"section\" data-settings=\"{&quot;background_background&quot;:&quot;classic&quot;}\">\n\t\t\t\t\t\t<div class=\"elementor-container elementor-column-gap-default\">\n\t\t\t\t\t\t\t<div class=\"elementor-row\">\n\t\t\t\t\t<div class=\"elementor-column elementor-col-100 elementor-top-column elementor-element elementor-element-49ded85\" data-id=\"49ded85\" data-element_type=\"column\">\n\t\t\t<div class=\"elementor-column-wrap elementor-element-populated\">\n\t\t\t\t\t\t\t<div class=\"elementor-widget-wrap\">\n\t\t\t\t\t\t<div class=\"elementor-element elementor-element-2154d8f elementor-widget elementor-widget-heading\" data-id=\"2154d8f\" data-element_type=\"widget\" data-widget_type=\"heading.default\">\n\t\t\t\t<div class=\"elementor-widget-container\">\n\t\t\t<h2 class=\"elementor-heading-title elementor-size-xl\">Syst\u00e8mes d'automatisation industrielle\n<\/h2>\t\t<\/div>\n\t\t\t\t<\/div>\n\t\t\t\t\t\t<\/div>\n\t\t\t\t\t<\/div>\n\t\t<\/div>\n\t\t\t\t\t\t\t\t<\/div>\n\t\t\t\t\t<\/div>\n\t\t<\/section>\n\t\t\t\t<section class=\"elementor-section elementor-top-section elementor-element elementor-element-23a8756 elementor-section-boxed elementor-section-height-default elementor-section-height-default\" data-id=\"23a8756\" data-element_type=\"section\" data-settings=\"{&quot;background_background&quot;:&quot;classic&quot;}\">\n\t\t\t\t\t\t<div class=\"elementor-container elementor-column-gap-default\">\n\t\t\t\t\t\t\t<div class=\"elementor-row\">\n\t\t\t\t\t<div class=\"elementor-column elementor-col-50 elementor-top-column elementor-element elementor-element-8099593\" data-id=\"8099593\" data-element_type=\"column\">\n\t\t\t<div class=\"elementor-column-wrap elementor-element-populated\">\n\t\t\t\t\t\t\t<div class=\"elementor-widget-wrap\">\n\t\t\t\t\t\t<div class=\"elementor-element elementor-element-9193b94 elementor-widget elementor-widget-text-editor\" data-id=\"9193b94\" data-element_type=\"widget\" data-widget_type=\"text-editor.default\">\n\t\t\t\t<div class=\"elementor-widget-container\">\n\t\t\t\t\t\t\t\t<div class=\"elementor-text-editor elementor-clearfix\">\n\t\t\t\t<p><br data-start=\"1201\" data-end=\"1204\" \/>L&rsquo;entreprise Drewmax est impliqu\u00e9e dans l&rsquo;automatisation industrielle depuis plus de 20 ans. L&rsquo;exp\u00e9rience acquise au cours de cette p\u00e9riode et les projets r\u00e9alis\u00e9s nous convainquent que nous sommes capables de relever m\u00eame les exigences les plus sophistiqu\u00e9es. Fid\u00e8les aux normes que nous avons constamment d\u00e9velopp\u00e9es, nous entreprenons sans crainte de nouveaux projets et d\u00e9fis qui nous sont confi\u00e9s par nos investisseurs. Les syst\u00e8mes de contr\u00f4le int\u00e9gr\u00e9s par nos soins sont la base du fonctionnement de plusieurs dizaines d&rsquo;usines situ\u00e9es non seulement en Pologne mais aussi au-del\u00e0 de ses fronti\u00e8res.<\/p><p data-start=\"1811\" data-end=\"1892\">Le principal domaine de notre activit\u00e9 est l&rsquo;industrie des aliments pour animaux.<\/p><p data-start=\"1894\" data-end=\"2344\">Les plus grands fabricants d&rsquo;aliments pour animaux en Pologne nous ont fait confiance, et nos syst\u00e8mes g\u00e8rent en permanence la production de plusieurs milliers de tonnes d&rsquo;aliments pour animaux chaque jour. Cela n\u00e9cessite de notre part un service professionnel que nous fournissons 24 heures sur 24, en offrant une assistance \u00e0 distance, un diagnostic imm\u00e9diat et une solution au probl\u00e8me, ce qui nous permet de minimiser les temps d&rsquo;arr\u00eat \u00e9ventuels.<\/p><p data-start=\"1894\" data-end=\"2344\"><\/p>\t\t\t\t\t<\/div>\n\t\t\t\t\t\t<\/div>\n\t\t\t\t<\/div>\n\t\t\t\t\t\t<\/div>\n\t\t\t\t\t<\/div>\n\t\t<\/div>\n\t\t\t\t<div class=\"elementor-column elementor-col-50 elementor-top-column elementor-element elementor-element-14dc9da\" data-id=\"14dc9da\" data-element_type=\"column\">\n\t\t\t<div class=\"elementor-column-wrap elementor-element-populated\">\n\t\t\t\t\t\t\t<div class=\"elementor-widget-wrap\">\n\t\t\t\t\t\t<div class=\"elementor-element elementor-element-2f23153 elementor-widget elementor-widget-image\" data-id=\"2f23153\" data-element_type=\"widget\" data-widget_type=\"image.default\">\n\t\t\t\t<div class=\"elementor-widget-container\">\n\t\t\t\t\t\t\t\t<div class=\"elementor-image\">\n\t\t\t\t\t\t\t\t\t\t\t\t<img width=\"677\" height=\"282\" src=\"https:\/\/drewmax.net.pl\/wp-content\/uploads\/2020\/10\/sa1-1.png\" class=\"attachment-large size-large\" alt=\"\" loading=\"lazy\" srcset=\"https:\/\/drewmax.net.pl\/wp-content\/uploads\/2020\/10\/sa1-1.png 677w, https:\/\/drewmax.net.pl\/wp-content\/uploads\/2020\/10\/sa1-1-300x125.png 300w\" sizes=\"(max-width: 677px) 100vw, 677px\" \/>\t\t\t\t\t\t\t\t\t\t\t\t\t\t<\/div>\n\t\t\t\t\t\t<\/div>\n\t\t\t\t<\/div>\n\t\t\t\t<div class=\"elementor-element elementor-element-e835049 elementor-widget elementor-widget-image\" data-id=\"e835049\" data-element_type=\"widget\" data-widget_type=\"image.default\">\n\t\t\t\t<div class=\"elementor-widget-container\">\n\t\t\t\t\t\t\t\t<div class=\"elementor-image\">\n\t\t\t\t\t\t\t\t\t\t\t\t<img width=\"980\" height=\"533\" src=\"https:\/\/drewmax.net.pl\/wp-content\/uploads\/2020\/10\/sa2-1-1024x557.png\" class=\"attachment-large size-large\" alt=\"\" loading=\"lazy\" srcset=\"https:\/\/drewmax.net.pl\/wp-content\/uploads\/2020\/10\/sa2-1-1024x557.png 1024w, https:\/\/drewmax.net.pl\/wp-content\/uploads\/2020\/10\/sa2-1-300x163.png 300w, https:\/\/drewmax.net.pl\/wp-content\/uploads\/2020\/10\/sa2-1-768x418.png 768w, https:\/\/drewmax.net.pl\/wp-content\/uploads\/2020\/10\/sa2-1-1536x836.png 1536w, https:\/\/drewmax.net.pl\/wp-content\/uploads\/2020\/10\/sa2-1.png 1619w\" sizes=\"(max-width: 980px) 100vw, 980px\" \/>\t\t\t\t\t\t\t\t\t\t\t\t\t\t<\/div>\n\t\t\t\t\t\t<\/div>\n\t\t\t\t<\/div>\n\t\t\t\t\t\t<\/div>\n\t\t\t\t\t<\/div>\n\t\t<\/div>\n\t\t\t\t\t\t\t\t<\/div>\n\t\t\t\t\t<\/div>\n\t\t<\/section>\n\t\t\t\t<section class=\"elementor-section elementor-top-section elementor-element elementor-element-08455d7 elementor-section-boxed elementor-section-height-default elementor-section-height-default\" data-id=\"08455d7\" data-element_type=\"section\" data-settings=\"{&quot;background_background&quot;:&quot;classic&quot;}\">\n\t\t\t\t\t\t<div class=\"elementor-container elementor-column-gap-default\">\n\t\t\t\t\t\t\t<div class=\"elementor-row\">\n\t\t\t\t\t<div class=\"elementor-column elementor-col-100 elementor-top-column elementor-element elementor-element-cc022da\" data-id=\"cc022da\" data-element_type=\"column\">\n\t\t\t<div class=\"elementor-column-wrap elementor-element-populated\">\n\t\t\t\t\t\t\t<div class=\"elementor-widget-wrap\">\n\t\t\t\t\t\t<div class=\"elementor-element elementor-element-ed6cfde elementor-widget elementor-widget-text-editor\" data-id=\"ed6cfde\" data-element_type=\"widget\" data-widget_type=\"text-editor.default\">\n\t\t\t\t<div class=\"elementor-widget-container\">\n\t\t\t\t\t\t\t\t<div class=\"elementor-text-editor elementor-clearfix\">\n\t\t\t\t<p><br data-start=\"312\" data-end=\"315\" \/>En offrant la meilleure qualit\u00e9 de services, nous nous appuyons sur les meilleurs fournisseurs de composants d&rsquo;automatisation au monde :<\/p><ul data-start=\"453\" data-end=\"574\"><li data-start=\"453\" data-end=\"481\">GE Intelligent Platforms<\/li><li data-start=\"482\" data-end=\"493\">Siemens<\/li><li data-start=\"494\" data-end=\"506\">Beckhoff<\/li><li data-start=\"507\" data-end=\"514\">B&amp;R<\/li><li data-start=\"515\" data-end=\"527\">Pro-Face<\/li><li data-start=\"528\" data-end=\"542\">Wonderware<\/li><li data-start=\"543\" data-end=\"555\">Indusoft<\/li><li data-start=\"556\" data-end=\"574\">et bien d&rsquo;autres<\/li><\/ul><p data-start=\"576\" data-end=\"713\"><\/p>\t\t\t\t\t<\/div>\n\t\t\t\t\t\t<\/div>\n\t\t\t\t<\/div>\n\t\t\t\t\t\t<\/div>\n\t\t\t\t\t<\/div>\n\t\t<\/div>\n\t\t\t\t<div class=\"elementor-column elementor-col-100 elementor-top-column elementor-element elementor-element-7c36d00\" data-id=\"7c36d00\" data-element_type=\"column\">\n\t\t\t<div class=\"elementor-column-wrap elementor-element-populated\">\n\t\t\t\t\t\t\t<div class=\"elementor-widget-wrap\">\n\t\t\t\t\t\t<div class=\"elementor-element elementor-element-14c0e6c elementor-widget elementor-widget-image\" data-id=\"14c0e6c\" data-element_type=\"widget\" data-widget_type=\"image.default\">\n\t\t\t\t<div class=\"elementor-widget-container\">\n\t\t\t\t\t\t\t\t<div class=\"elementor-image\">\n\t\t\t\t\t\t\t\t\t\t\t\t<img width=\"752\" height=\"209\" src=\"https:\/\/drewmax.net.pl\/wp-content\/uploads\/2020\/10\/sa3-1.png\" class=\"attachment-large size-large\" alt=\"\" loading=\"lazy\" srcset=\"https:\/\/drewmax.net.pl\/wp-content\/uploads\/2020\/10\/sa3-1.png 752w, https:\/\/drewmax.net.pl\/wp-content\/uploads\/2020\/10\/sa3-1-300x83.png 300w\" sizes=\"(max-width: 752px) 100vw, 752px\" \/>\t\t\t\t\t\t\t\t\t\t\t\t\t\t<\/div>\n\t\t\t\t\t\t<\/div>\n\t\t\t\t<\/div>\n\t\t\t\t\t\t<\/div>\n\t\t\t\t\t<\/div>\n\t\t<\/div>\n\t\t\t\t\t\t\t\t<\/div>\n\t\t\t\t\t<\/div>\n\t\t<\/section>\n\t\t\t\t<section class=\"elementor-section elementor-top-section elementor-element elementor-element-3739d9d elementor-section-boxed elementor-section-height-default elementor-section-height-default\" data-id=\"3739d9d\" data-element_type=\"section\" data-settings=\"{&quot;background_background&quot;:&quot;classic&quot;}\">\n\t\t\t\t\t\t<div class=\"elementor-container elementor-column-gap-default\">\n\t\t\t\t\t\t\t<div class=\"elementor-row\">\n\t\t\t\t\t<div class=\"elementor-column elementor-col-50 elementor-top-column elementor-element elementor-element-c36cda7\" data-id=\"c36cda7\" data-element_type=\"column\">\n\t\t\t<div class=\"elementor-column-wrap elementor-element-populated\">\n\t\t\t\t\t\t\t<div class=\"elementor-widget-wrap\">\n\t\t\t\t\t\t<div class=\"elementor-element elementor-element-05d883a elementor-widget elementor-widget-image\" data-id=\"05d883a\" data-element_type=\"widget\" data-widget_type=\"image.default\">\n\t\t\t\t<div class=\"elementor-widget-container\">\n\t\t\t\t\t\t\t\t<div class=\"elementor-image\">\n\t\t\t\t\t\t\t\t\t\t\t\t<img width=\"850\" height=\"546\" src=\"https:\/\/drewmax.net.pl\/wp-content\/uploads\/2020\/10\/sa4-1.jpg\" class=\"attachment-large size-large\" alt=\"\" loading=\"lazy\" srcset=\"https:\/\/drewmax.net.pl\/wp-content\/uploads\/2020\/10\/sa4-1.jpg 850w, https:\/\/drewmax.net.pl\/wp-content\/uploads\/2020\/10\/sa4-1-300x193.jpg 300w, https:\/\/drewmax.net.pl\/wp-content\/uploads\/2020\/10\/sa4-1-768x493.jpg 768w\" sizes=\"(max-width: 850px) 100vw, 850px\" \/>\t\t\t\t\t\t\t\t\t\t\t\t\t\t<\/div>\n\t\t\t\t\t\t<\/div>\n\t\t\t\t<\/div>\n\t\t\t\t<section class=\"elementor-section elementor-inner-section elementor-element elementor-element-53f6bbd elementor-section-boxed elementor-section-height-default elementor-section-height-default\" data-id=\"53f6bbd\" data-element_type=\"section\">\n\t\t\t\t\t\t<div class=\"elementor-container elementor-column-gap-default\">\n\t\t\t\t\t\t\t<div class=\"elementor-row\">\n\t\t\t\t\t<div class=\"elementor-column elementor-col-50 elementor-inner-column elementor-element elementor-element-b1f0ec4\" data-id=\"b1f0ec4\" data-element_type=\"column\">\n\t\t\t<div class=\"elementor-column-wrap elementor-element-populated\">\n\t\t\t\t\t\t\t<div class=\"elementor-widget-wrap\">\n\t\t\t\t\t\t<div class=\"elementor-element elementor-element-f888e5e elementor-widget elementor-widget-image\" data-id=\"f888e5e\" data-element_type=\"widget\" data-widget_type=\"image.default\">\n\t\t\t\t<div class=\"elementor-widget-container\">\n\t\t\t\t\t\t\t\t<div class=\"elementor-image\">\n\t\t\t\t\t\t\t\t\t\t\t\t<img width=\"351\" height=\"780\" src=\"https:\/\/drewmax.net.pl\/wp-content\/uploads\/2020\/10\/sa5-1.png\" class=\"attachment-large size-large\" alt=\"\" loading=\"lazy\" srcset=\"https:\/\/drewmax.net.pl\/wp-content\/uploads\/2020\/10\/sa5-1.png 351w, https:\/\/drewmax.net.pl\/wp-content\/uploads\/2020\/10\/sa5-1-135x300.png 135w\" sizes=\"(max-width: 351px) 100vw, 351px\" \/>\t\t\t\t\t\t\t\t\t\t\t\t\t\t<\/div>\n\t\t\t\t\t\t<\/div>\n\t\t\t\t<\/div>\n\t\t\t\t\t\t<\/div>\n\t\t\t\t\t<\/div>\n\t\t<\/div>\n\t\t\t\t<div class=\"elementor-column elementor-col-50 elementor-inner-column elementor-element elementor-element-e4c4020\" data-id=\"e4c4020\" data-element_type=\"column\">\n\t\t\t<div class=\"elementor-column-wrap elementor-element-populated\">\n\t\t\t\t\t\t\t<div class=\"elementor-widget-wrap\">\n\t\t\t\t\t\t<div class=\"elementor-element elementor-element-8bafe64 elementor-widget elementor-widget-image\" data-id=\"8bafe64\" data-element_type=\"widget\" data-widget_type=\"image.default\">\n\t\t\t\t<div class=\"elementor-widget-container\">\n\t\t\t\t\t\t\t\t<div class=\"elementor-image\">\n\t\t\t\t\t\t\t\t\t\t\t\t<img width=\"321\" height=\"390\" src=\"https:\/\/drewmax.net.pl\/wp-content\/uploads\/2020\/10\/sa6-1.png\" class=\"attachment-large size-large\" alt=\"\" loading=\"lazy\" srcset=\"https:\/\/drewmax.net.pl\/wp-content\/uploads\/2020\/10\/sa6-1.png 321w, https:\/\/drewmax.net.pl\/wp-content\/uploads\/2020\/10\/sa6-1-247x300.png 247w\" sizes=\"(max-width: 321px) 100vw, 321px\" \/>\t\t\t\t\t\t\t\t\t\t\t\t\t\t<\/div>\n\t\t\t\t\t\t<\/div>\n\t\t\t\t<\/div>\n\t\t\t\t\t\t<\/div>\n\t\t\t\t\t<\/div>\n\t\t<\/div>\n\t\t\t\t\t\t\t\t<\/div>\n\t\t\t\t\t<\/div>\n\t\t<\/section>\n\t\t\t\t\t\t<\/div>\n\t\t\t\t\t<\/div>\n\t\t<\/div>\n\t\t\t\t<div class=\"elementor-column elementor-col-50 elementor-top-column elementor-element elementor-element-1d6c155\" data-id=\"1d6c155\" data-element_type=\"column\">\n\t\t\t<div class=\"elementor-column-wrap elementor-element-populated\">\n\t\t\t\t\t\t\t<div class=\"elementor-widget-wrap\">\n\t\t\t\t\t\t<div class=\"elementor-element elementor-element-e4f9b39 elementor-widget elementor-widget-text-editor\" data-id=\"e4f9b39\" data-element_type=\"widget\" data-widget_type=\"text-editor.default\">\n\t\t\t\t<div class=\"elementor-widget-container\">\n\t\t\t\t\t\t\t\t<div class=\"elementor-text-editor elementor-clearfix\">\n\t\t\t\t<p><br data-start=\"817\" data-end=\"820\" \/>Nous assurons le contr\u00f4le de l&rsquo;ensemble du processus, de la R\u00c9CEPTION \u00e0 l&rsquo;ENTREP\u00d4T, en passant par la GESTION DES RECETTES, la PRODUCTION (DOSAGE, MOULINAGE, M\u00c9LANGE, GRANULATION), jusqu&rsquo;\u00e0 l&rsquo;EXP\u00c9DITION du produit fini.<\/p><p data-start=\"1040\" data-end=\"1106\">PROJETS TECHNOLOGIQUES ET \u00c9LECTRIQUES DE SYST\u00c8MES D&rsquo;AUTOMATISATION<\/p><p data-start=\"1108\" data-end=\"1235\">Dans le souci de fournir une gamme compl\u00e8te de services pour offrir aux investisseurs des solutions compl\u00e8tes, nous proposons :<\/p><ul data-start=\"1237\" data-end=\"1582\"><li data-start=\"1237\" data-end=\"1295\">PR\u00c9PARATION DES ARMoires DE COMMANDE ET D&rsquo;ALIMENTATION<\/li><li data-start=\"1296\" data-end=\"1357\">C\u00c2BLAGE DES INSTALLATIONS &#8211; DE COMMANDE ET D&rsquo;ALIMENTATION<\/li><li data-start=\"1358\" data-end=\"1431\">MISE EN \u0152UVRE DES SYST\u00c8MES DE COMMANDE INFORMATIQUE BAS\u00c9S SUR DES PLC<\/li><li data-start=\"1432\" data-end=\"1507\">MISE EN SERVICE DU PROCESSUS DE PRODUCTION ET R\u00c9GLAGE DE SES PARAM\u00c8TRES<\/li><li data-start=\"1508\" data-end=\"1534\">FORMATION DU PERSONNEL<\/li><li data-start=\"1535\" data-end=\"1582\">SERVICE APR\u00c8S-VENTE ET EN P\u00c9RIODE DE GARANTIE<\/li><\/ul><p data-start=\"1584\" data-end=\"1780\"><\/p>\t\t\t\t\t<\/div>\n\t\t\t\t\t\t<\/div>\n\t\t\t\t<\/div>\n\t\t\t\t\t\t<\/div>\n\t\t\t\t\t<\/div>\n\t\t<\/div>\n\t\t\t\t\t\t\t\t<\/div>\n\t\t\t\t\t<\/div>\n\t\t<\/section>\n\t\t\t\t<section class=\"elementor-section elementor-top-section elementor-element elementor-element-93a1e81 elementor-section-boxed elementor-section-height-default elementor-section-height-default\" data-id=\"93a1e81\" data-element_type=\"section\" data-settings=\"{&quot;background_background&quot;:&quot;classic&quot;}\">\n\t\t\t\t\t\t<div class=\"elementor-container elementor-column-gap-default\">\n\t\t\t\t\t\t\t<div class=\"elementor-row\">\n\t\t\t\t\t<div class=\"elementor-column elementor-col-100 elementor-top-column elementor-element elementor-element-276d545\" data-id=\"276d545\" data-element_type=\"column\">\n\t\t\t<div class=\"elementor-column-wrap elementor-element-populated\">\n\t\t\t\t\t\t\t<div class=\"elementor-widget-wrap\">\n\t\t\t\t\t\t<div class=\"elementor-element elementor-element-b206cc6 elementor-align-center elementor-widget elementor-widget-button\" data-id=\"b206cc6\" data-element_type=\"widget\" data-widget_type=\"button.default\">\n\t\t\t\t<div class=\"elementor-widget-container\">\n\t\t\t\t\t<div class=\"elementor-button-wrapper\">\n\t\t\t<a href=\"https:\/\/drewmax.net.pl\/wp-content\/uploads\/2025\/04\/Automatyka-przemyslowa_front_FR.pdf\" target=\"_blank\" class=\"elementor-button-link elementor-button elementor-size-lg\" role=\"button\">\n\t\t\t\t\t\t<span class=\"elementor-button-content-wrapper\">\n\t\t\t\t\t\t<span class=\"elementor-button-icon elementor-align-icon-right\">\n\t\t\t\t<i aria-hidden=\"true\" class=\"fas fa-download\"><\/i>\t\t\t<\/span>\n\t\t\t\t\t\t<span class=\"elementor-button-text\">  T\u00e9l\u00e9charger la fiche produit<\/span>\n\t\t<\/span>\n\t\t\t\t\t<\/a>\n\t\t<\/div>\n\t\t\t\t<\/div>\n\t\t\t\t<\/div>\n\t\t\t\t\t\t<\/div>\n\t\t\t\t\t<\/div>\n\t\t<\/div>\n\t\t\t\t\t\t\t\t<\/div>\n\t\t\t\t\t<\/div>\n\t\t<\/section>\n\t\t\t\t<section class=\"elementor-section elementor-top-section elementor-element elementor-element-ecc7a9d elementor-section-boxed elementor-section-height-default elementor-section-height-default\" data-id=\"ecc7a9d\" data-element_type=\"section\">\n\t\t\t\t\t\t<div class=\"elementor-container elementor-column-gap-default\">\n\t\t\t\t\t\t\t<div class=\"elementor-row\">\n\t\t\t\t\t<div class=\"elementor-column elementor-col-100 elementor-top-column elementor-element elementor-element-3fa217c\" data-id=\"3fa217c\" data-element_type=\"column\">\n\t\t\t<div class=\"elementor-column-wrap\">\n\t\t\t\t\t\t\t<div class=\"elementor-widget-wrap\">\n\t\t\t\t\t\t\t\t<\/div>\n\t\t\t\t\t<\/div>\n\t\t<\/div>\n\t\t\t\t\t\t\t\t<\/div>\n\t\t\t\t\t<\/div>\n\t\t<\/section>\n\t\t\t\t<section class=\"elementor-section elementor-top-section elementor-element elementor-element-212b29e elementor-section-boxed elementor-section-height-default elementor-section-height-default\" data-id=\"212b29e\" data-element_type=\"section\">\n\t\t\t\t\t\t<div class=\"elementor-container elementor-column-gap-default\">\n\t\t\t\t\t\t\t<div class=\"elementor-row\">\n\t\t\t\t\t<div class=\"elementor-column elementor-col-100 elementor-top-column elementor-element elementor-element-a09d857\" data-id=\"a09d857\" data-element_type=\"column\">\n\t\t\t<div class=\"elementor-column-wrap\">\n\t\t\t\t\t\t\t<div class=\"elementor-widget-wrap\">\n\t\t\t\t\t\t\t\t<\/div>\n\t\t\t\t\t<\/div>\n\t\t<\/div>\n\t\t\t\t\t\t\t\t<\/div>\n\t\t\t\t\t<\/div>\n\t\t<\/section>\n\t\t\t\t\t\t<\/div>\n\t\t\t\t\t\t<\/div>\n\t\t\t\t\t<\/div>\n\t\t","protected":false},"excerpt":{"rendered":"<p>Syst\u00e8mes d&rsquo;automatisation industrielle L&rsquo;entreprise Drewmax est impliqu\u00e9e dans l&rsquo;automatisation industrielle depuis plus de 20 ans. L&rsquo;exp\u00e9rience acquise au cours de cette p\u00e9riode et les projets r\u00e9alis\u00e9s nous convainquent que nous sommes capables de relever m\u00eame les exigences les plus sophistiqu\u00e9es. Fid\u00e8les aux normes que nous avons constamment d\u00e9velopp\u00e9es, nous entreprenons sans crainte de nouveaux projets&hellip;<\/p>\n","protected":false},"author":1,"featured_media":12280,"parent":0,"menu_order":0,"comment_status":"closed","ping_status":"closed","template":"","meta":[],"yoast_head":"<!-- This site is optimized with the Yoast SEO Premium plugin v15.5 - https:\/\/yoast.com\/wordpress\/plugins\/seo\/ -->\n<title>Wa\u017cenie Pakowanie Paletyzacja Automatyka przemys\u0142owa bigbag linie<\/title>\n<meta name=\"description\" content=\"Wa\u017cenie Pakowanie Paletyzacja Automatyka przemys\u0142owa linie wa\u017c\u0105co - pakuj\u0105ce bigbag zbiorniki technologiczne mikrodozowanie linie PP PE\" \/>\n<meta name=\"robots\" content=\"index, follow, max-snippet:-1, max-image-preview:large, max-video-preview:-1\" \/>\n<link rel=\"canonical\" href=\"https:\/\/drewmax.net.pl\/systemy-automatyki-przemyslowej\/\" \/>\n<meta property=\"og:locale\" content=\"fr_FR\" \/>\n<meta property=\"og:type\" content=\"article\" \/>\n<meta property=\"og:title\" content=\"Wa\u017cenie Pakowanie Paletyzacja Automatyka przemys\u0142owa bigbag linie\" \/>\n<meta property=\"og:description\" content=\"Wa\u017cenie Pakowanie Paletyzacja Automatyka przemys\u0142owa linie wa\u017c\u0105co - pakuj\u0105ce bigbag zbiorniki technologiczne mikrodozowanie linie PP PE\" \/>\n<meta property=\"og:url\" content=\"https:\/\/drewmax.net.pl\/systemy-automatyki-przemyslowej\/\" \/>\n<meta property=\"og:site_name\" content=\"(Polski) Drewmax - Wa\u017cenie | Pakowanie | Paletyzacja | Automatyka\" \/>\n<meta property=\"article:publisher\" content=\"https:\/\/www.facebook.com\/Drewmax-111641623604429\/\" \/>\n<meta property=\"article:modified_time\" content=\"2025-04-04T06:00:46+00:00\" \/>\n<meta name=\"twitter:card\" content=\"summary_large_image\" \/>\n<meta name=\"twitter:label1\" content=\"Dur\u00e9e de lecture estim\u00e9e\">\n\t<meta name=\"twitter:data1\" content=\"8 minutes\">\n<script type=\"application\/ld+json\" class=\"yoast-schema-graph\">{\"@context\":\"https:\/\/schema.org\",\"@graph\":[{\"@type\":\"Organization\",\"@id\":\"https:\/\/drewmax.net.pl\/en\/#organization\",\"name\":\"DREWMAX Sp\\u00f3\\u0142ka z o.o.\",\"url\":\"https:\/\/drewmax.net.pl\/en\/\",\"sameAs\":[\"https:\/\/www.facebook.com\/Drewmax-111641623604429\/\",\"https:\/\/www.instagram.com\/drewmax.net.pl\/\",\"https:\/\/www.youtube.com\/channel\/UCCS8U5F8gSyJAlSWjxgbLRQ\"],\"logo\":{\"@type\":\"ImageObject\",\"@id\":\"https:\/\/drewmax.net.pl\/en\/#logo\",\"inLanguage\":\"fr-FR\",\"url\":\"\",\"caption\":\"DREWMAX Sp\\u00f3\\u0142ka z o.o.\"},\"image\":{\"@id\":\"https:\/\/drewmax.net.pl\/en\/#logo\"}},{\"@type\":\"WebSite\",\"@id\":\"https:\/\/drewmax.net.pl\/en\/#website\",\"url\":\"https:\/\/drewmax.net.pl\/en\/\",\"name\":\"(Polski) Drewmax - Wa\\u017cenie | Pakowanie | Paletyzacja | Automatyka\",\"description\":\"\",\"publisher\":{\"@id\":\"https:\/\/drewmax.net.pl\/en\/#organization\"},\"potentialAction\":[{\"@type\":\"SearchAction\",\"target\":\"https:\/\/drewmax.net.pl\/en\/?s={search_term_string}\",\"query-input\":\"required name=search_term_string\"}],\"inLanguage\":\"fr-FR\"},{\"@type\":\"ImageObject\",\"@id\":\"https:\/\/drewmax.net.pl\/systemy-automatyki-przemyslowej\/#primaryimage\",\"inLanguage\":\"fr-FR\",\"url\":\"\"},{\"@type\":\"WebPage\",\"@id\":\"https:\/\/drewmax.net.pl\/systemy-automatyki-przemyslowej\/#webpage\",\"url\":\"https:\/\/drewmax.net.pl\/systemy-automatyki-przemyslowej\/\",\"name\":\"Wa\\u017cenie Pakowanie Paletyzacja Automatyka przemys\\u0142owa bigbag linie\",\"isPartOf\":{\"@id\":\"https:\/\/drewmax.net.pl\/en\/#website\"},\"primaryImageOfPage\":{\"@id\":\"https:\/\/drewmax.net.pl\/systemy-automatyki-przemyslowej\/#primaryimage\"},\"datePublished\":\"2016-07-21T09:05:20+00:00\",\"dateModified\":\"2025-04-04T06:00:46+00:00\",\"description\":\"Wa\\u017cenie Pakowanie Paletyzacja Automatyka przemys\\u0142owa linie wa\\u017c\\u0105co - pakuj\\u0105ce bigbag zbiorniki technologiczne mikrodozowanie linie PP PE\",\"breadcrumb\":{\"@id\":\"https:\/\/drewmax.net.pl\/systemy-automatyki-przemyslowej\/#breadcrumb\"},\"inLanguage\":\"fr-FR\",\"potentialAction\":[{\"@type\":\"ReadAction\",\"target\":[\"https:\/\/drewmax.net.pl\/systemy-automatyki-przemyslowej\/\"]}]},{\"@type\":\"BreadcrumbList\",\"@id\":\"https:\/\/drewmax.net.pl\/systemy-automatyki-przemyslowej\/#breadcrumb\",\"itemListElement\":[{\"@type\":\"ListItem\",\"position\":1,\"item\":{\"@type\":\"WebPage\",\"@id\":\"https:\/\/drewmax.net.pl\/\",\"url\":\"https:\/\/drewmax.net.pl\/\",\"name\":\"Home\"}},{\"@type\":\"ListItem\",\"position\":2,\"item\":{\"@type\":\"WebPage\",\"@id\":\"https:\/\/drewmax.net.pl\/systemy-automatyki-przemyslowej\/\",\"url\":\"https:\/\/drewmax.net.pl\/systemy-automatyki-przemyslowej\/\",\"name\":\"Systemy Automatyki Przemys\\u0142owej\"}}]}]}<\/script>\n<!-- \/ Yoast SEO Premium plugin. -->","_links":{"self":[{"href":"https:\/\/drewmax.net.pl\/fr\/wp-json\/wp\/v2\/pages\/99"}],"collection":[{"href":"https:\/\/drewmax.net.pl\/fr\/wp-json\/wp\/v2\/pages"}],"about":[{"href":"https:\/\/drewmax.net.pl\/fr\/wp-json\/wp\/v2\/types\/page"}],"author":[{"embeddable":true,"href":"https:\/\/drewmax.net.pl\/fr\/wp-json\/wp\/v2\/users\/1"}],"replies":[{"embeddable":true,"href":"https:\/\/drewmax.net.pl\/fr\/wp-json\/wp\/v2\/comments?post=99"}],"version-history":[{"count":52,"href":"https:\/\/drewmax.net.pl\/fr\/wp-json\/wp\/v2\/pages\/99\/revisions"}],"predecessor-version":[{"id":32043,"href":"https:\/\/drewmax.net.pl\/fr\/wp-json\/wp\/v2\/pages\/99\/revisions\/32043"}],"wp:featuredmedia":[{"embeddable":true,"href":"https:\/\/drewmax.net.pl\/fr\/wp-json\/wp\/v2\/media\/12280"}],"wp:attachment":[{"href":"https:\/\/drewmax.net.pl\/fr\/wp-json\/wp\/v2\/media?parent=99"}],"curies":[{"name":"wp","href":"https:\/\/api.w.org\/{rel}","templated":true}]}}