{"id":91,"date":"2016-07-21T10:43:03","date_gmt":"2016-07-21T08:43:03","guid":{"rendered":"http:\/\/drewmax.net.pl\/?page_id=91"},"modified":"2026-03-31T12:48:08","modified_gmt":"2026-03-31T10:48:08","slug":"wns","status":"publish","type":"page","link":"https:\/\/drewmax.net.pl\/fr\/wns\/","title":{"rendered":"P\u00f3\u0142automatyczna linia wa\u017c\u0105co pakuj\u0105ca typ WN\/S"},"content":{"rendered":"\t\t<div data-elementor-type=\"wp-post\" data-elementor-id=\"91\" class=\"elementor elementor-91\" data-elementor-settings=\"[]\">\n\t\t\t\t\t\t<div class=\"elementor-inner\">\n\t\t\t\t\t\t\t<div class=\"elementor-section-wrap\">\n\t\t\t\t\t\t\t<section class=\"elementor-section elementor-top-section elementor-element elementor-element-248cd44 elementor-section-boxed elementor-section-height-default elementor-section-height-default\" data-id=\"248cd44\" data-element_type=\"section\" data-settings=\"{&quot;background_background&quot;:&quot;classic&quot;}\">\n\t\t\t\t\t\t<div class=\"elementor-container elementor-column-gap-default\">\n\t\t\t\t\t\t\t<div class=\"elementor-row\">\n\t\t\t\t\t<div class=\"elementor-column elementor-col-100 elementor-top-column elementor-element elementor-element-48d5f56\" data-id=\"48d5f56\" data-element_type=\"column\">\n\t\t\t<div class=\"elementor-column-wrap elementor-element-populated\">\n\t\t\t\t\t\t\t<div class=\"elementor-widget-wrap\">\n\t\t\t\t\t\t<div class=\"elementor-element elementor-element-18c8e2e elementor-widget elementor-widget-heading\" data-id=\"18c8e2e\" data-element_type=\"widget\" data-widget_type=\"heading.default\">\n\t\t\t\t<div class=\"elementor-widget-container\">\n\t\t\t<h2 class=\"elementor-heading-title elementor-size-xl\"> Ligne de pesage et d'emballage semi-automatique\nType WN\/S\n<\/h2>\t\t<\/div>\n\t\t\t\t<\/div>\n\t\t\t\t\t\t<\/div>\n\t\t\t\t\t<\/div>\n\t\t<\/div>\n\t\t\t\t\t\t\t\t<\/div>\n\t\t\t\t\t<\/div>\n\t\t<\/section>\n\t\t\t\t<section class=\"elementor-section elementor-top-section elementor-element elementor-element-c8c8eef elementor-section-boxed elementor-section-height-default elementor-section-height-default\" data-id=\"c8c8eef\" data-element_type=\"section\" data-settings=\"{&quot;background_background&quot;:&quot;classic&quot;}\">\n\t\t\t\t\t\t<div class=\"elementor-container elementor-column-gap-default\">\n\t\t\t\t\t\t\t<div class=\"elementor-row\">\n\t\t\t\t\t<div class=\"elementor-column elementor-col-100 elementor-top-column elementor-element elementor-element-a62e050\" data-id=\"a62e050\" data-element_type=\"column\">\n\t\t\t<div class=\"elementor-column-wrap elementor-element-populated\">\n\t\t\t\t\t\t\t<div class=\"elementor-widget-wrap\">\n\t\t\t\t\t\t<div class=\"elementor-element elementor-element-be20c4c elementor-widget elementor-widget-text-editor\" data-id=\"be20c4c\" data-element_type=\"widget\" data-widget_type=\"text-editor.default\">\n\t\t\t\t<div class=\"elementor-widget-container\">\n\t\t\t\t\t\t\t\t<div class=\"elementor-text-editor elementor-clearfix\">\n\t\t\t\t<p><br data-start=\"801\" data-end=\"804\" \/>Afin d&rsquo;ajouter un niveau de performance suppl\u00e9mentaire \u00e0 notre offre, notre \u00e9quipe de conception a d\u00e9velopp\u00e9 la ligne semi-automatique de pesage et d&#8217;emballage WN\/S, qui a \u00e9t\u00e9 reconnue par de nombreux producteurs et constitue de plus une excellente extension de notre gamme de produits.<\/p><p data-start=\"1100\" data-end=\"1239\">La ligne WN\/S est un appareil semi-automatique de pesage et d&#8217;emballage pour les produits en <strong>vrac \/ poudreux<\/strong>, utilisant des<strong> sacs ouverts.<\/strong><\/p><p data-start=\"1245\" data-end=\"1422\">La ligne pr\u00e9sent\u00e9e est \u00e9quip\u00e9e d&rsquo;un panier de pes\u00e9e sp\u00e9cialement con\u00e7u, qui est rempli par des doseurs \u00e0 vis de diam\u00e8tres diff\u00e9rents. Ce type de dosage est appel\u00e9 syst\u00e8me net.<\/p><p data-start=\"1428\" data-end=\"1533\">Gr\u00e2ce \u00e0 cette solution, nous avons obtenu une capacit\u00e9 de la ligne allant jusqu&rsquo;\u00e0 <strong>400 portions par heure.<\/strong><\/p><p data-start=\"1537\" data-end=\"1817\"><\/p>\t\t\t\t\t<\/div>\n\t\t\t\t\t\t<\/div>\n\t\t\t\t<\/div>\n\t\t\t\t\t\t<\/div>\n\t\t\t\t\t<\/div>\n\t\t<\/div>\n\t\t\t\t\t\t\t\t<\/div>\n\t\t\t\t\t<\/div>\n\t\t<\/section>\n\t\t\t\t<section class=\"elementor-section elementor-top-section elementor-element elementor-element-269bac6 elementor-section-boxed elementor-section-height-default elementor-section-height-default\" data-id=\"269bac6\" data-element_type=\"section\" data-settings=\"{&quot;background_background&quot;:&quot;classic&quot;}\">\n\t\t\t\t\t\t<div class=\"elementor-container elementor-column-gap-default\">\n\t\t\t\t\t\t\t<div class=\"elementor-row\">\n\t\t\t\t\t<div class=\"elementor-column elementor-col-100 elementor-top-column elementor-element elementor-element-0c1e01b\" data-id=\"0c1e01b\" data-element_type=\"column\">\n\t\t\t<div class=\"elementor-column-wrap elementor-element-populated\">\n\t\t\t\t\t\t\t<div class=\"elementor-widget-wrap\">\n\t\t\t\t\t\t<div class=\"elementor-element elementor-element-b04bd8e elementor-widget elementor-widget-html\" data-id=\"b04bd8e\" data-element_type=\"widget\" data-widget_type=\"html.default\">\n\t\t\t\t<div class=\"elementor-widget-container\">\n\t\t\t<noscript>\r\n    <img src=\"\/rendery\/wns\/1.jpg\" alt=\"wns\">\r\n<\/noscript>\r\n    <div\r\n      class=\"cloudimage-360\"\r\n      data-folder=\"\/rendery\/wns\/\"\r\n      data-filename=\"{index}.jpg\"\r\n      data-amount=\"72\"\r\n      data-magnifier=\"3\"\r\n      data-spin-reverse\r\n    ><\/div>\r\n    <!-- Add script tag with CDN link to js-cloudimage-360-view lib after all content in body tag -->\r\n    <script src=\"\/rendery\/wbs\/wbs.js\"><\/script>\t\t<\/div>\n\t\t\t\t<\/div>\n\t\t\t\t\t\t<\/div>\n\t\t\t\t\t<\/div>\n\t\t<\/div>\n\t\t\t\t\t\t\t\t<\/div>\n\t\t\t\t\t<\/div>\n\t\t<\/section>\n\t\t\t\t<section class=\"elementor-section elementor-top-section elementor-element elementor-element-6fbe0ff elementor-section-boxed elementor-section-height-default elementor-section-height-default\" data-id=\"6fbe0ff\" data-element_type=\"section\" data-settings=\"{&quot;background_background&quot;:&quot;classic&quot;}\">\n\t\t\t\t\t\t<div class=\"elementor-container elementor-column-gap-default\">\n\t\t\t\t\t\t\t<div class=\"elementor-row\">\n\t\t\t\t\t<div class=\"elementor-column elementor-col-100 elementor-top-column elementor-element elementor-element-9f9bfc4\" data-id=\"9f9bfc4\" data-element_type=\"column\">\n\t\t\t<div class=\"elementor-column-wrap elementor-element-populated\">\n\t\t\t\t\t\t\t<div class=\"elementor-widget-wrap\">\n\t\t\t\t\t\t<div class=\"elementor-element elementor-element-95ee81e elementor-widget elementor-widget-text-editor\" data-id=\"95ee81e\" data-element_type=\"widget\" data-widget_type=\"text-editor.default\">\n\t\t\t\t<div class=\"elementor-widget-container\">\n\t\t\t\t\t\t\t\t<div class=\"elementor-text-editor elementor-clearfix\">\n\t\t\t\t<p><br data-start=\"981\" data-end=\"984\" \/><span style=\"text-decoration: underline;\"><strong data-start=\"986\" data-end=\"1024\">Composants de base de l&rsquo;appareil :<\/strong><\/span><\/p><ul><li data-start=\"1029\" data-end=\"1092\">Structure de support de la ligne avec plateforme de travail<\/li><li data-start=\"1095\" data-end=\"1141\">Balance \u00e9lectronique de dosage de type net<\/li><li data-start=\"1144\" data-end=\"1160\">Doseur \u00e0 vis<\/li><li data-start=\"1163\" data-end=\"1179\">Buse ouverte<\/li><li data-start=\"1182\" data-end=\"1221\">Convoyeur pour transporter les sacs<\/li><li data-start=\"1224\" data-end=\"1273\">Syst\u00e8me de r\u00e9glage de la hauteur du convoyeur<\/li><li data-start=\"1276\" data-end=\"1329\">Syst\u00e8me de guidage de la partie sup\u00e9rieure du sac<\/li><li data-start=\"1332\" data-end=\"1361\">Machine \u00e0 coudre \u00e0 un fil<\/li><li data-start=\"1364\" data-end=\"1446\">Convoyeur lat\u00e9ral pour la prise des sacs avec syst\u00e8me de retournement des sacs<\/li><li data-start=\"1449\" data-end=\"1534\">Syst\u00e8me de commande lisible bas\u00e9 sur un contr\u00f4leur PLC Siemens avec \u00e9cran tactile<\/li><li data-start=\"1537\" data-end=\"1592\">Actionneurs\/servo-actionneurs SEW ou LENZE utilis\u00e9s<\/li><\/ul><p data-start=\"1596\" data-end=\"1624\"><span style=\"text-decoration: underline;\"><strong data-start=\"1596\" data-end=\"1622\">\u00c9quipement optionnel :<\/strong><\/span><\/p><ul><li>Syst\u00e8me de repli de la partie sup\u00e9rieure du sac<\/li><li>Syst\u00e8me de pose de bande cr\u00e9ponn\u00e9e<\/li><li>Syst\u00e8me d&rsquo;aspiration du produit dans le sac<\/li><li>Syst\u00e8me de vibration du sac rempli<\/li><li>Syst\u00e8me de nettoyage des alimentateurs<\/li><li>Soudeuse \u00e0 impulsion ou \u00e0 chaleur constante<\/li><li>Machine \u00e0 coudre \u00e0 deux fils<\/li><li>R\u00e9servoir tampon de surcharge<\/li><\/ul><p data-start=\"1978\" data-end=\"2026\"><\/p>\t\t\t\t\t<\/div>\n\t\t\t\t\t\t<\/div>\n\t\t\t\t<\/div>\n\t\t\t\t\t\t<\/div>\n\t\t\t\t\t<\/div>\n\t\t<\/div>\n\t\t\t\t<div class=\"elementor-column elementor-col-100 elementor-top-column elementor-element elementor-element-0bcf152\" data-id=\"0bcf152\" data-element_type=\"column\">\n\t\t\t<div class=\"elementor-column-wrap elementor-element-populated\">\n\t\t\t\t\t\t\t<div class=\"elementor-widget-wrap\">\n\t\t\t\t\t\t<div class=\"elementor-element elementor-element-809fe0f elementor-widget elementor-widget-text-editor\" data-id=\"809fe0f\" data-element_type=\"widget\" data-widget_type=\"text-editor.default\">\n\t\t\t\t<div class=\"elementor-widget-container\">\n\t\t\t\t\t\t\t\t<div class=\"elementor-text-editor elementor-clearfix\">\n\t\t\t\t<p><br data-start=\"659\" data-end=\"662\" \/><span style=\"text-decoration: underline;\"><strong data-start=\"664\" data-end=\"699\">Param\u00e8tres techniques de base :<\/strong><\/span><\/p><ul><li>Poids maximal par portion : 50 kg<\/li><li>Poids minimal par portion : 10 kg<\/li><li>Capacit\u00e9 de la ligne : jusqu&rsquo;\u00e0 400 portions\/heure (selon l&rsquo;op\u00e9rateur, les caract\u00e9ristiques du produit et la taille de la portion)<\/li><li>Type de sacs : sacs ouverts en papier multicouche (jusqu&rsquo;\u00e0 4 couches), recommand\u00e9s avec un fond en enveloppe sans plis lat\u00e9raux, sacs en film PE, sacs en polypropyl\u00e8ne PP rev\u00eatus<\/li><li>Largeur du sac : 450 \u2013 650 mm<\/li><li>Longueur des sacs : 600 \u2013 1100 mm<\/li><li>Alimentation \u00e9lectrique : 3 x 400 V 50 Hz<\/li><li>Puissance requise : max. 4,5 kW<\/li><li>Alimentation en air comprim\u00e9 : 5 \u2013 10 bar<\/li><li>Consommation d&rsquo;air comprim\u00e9 : 240-400 Nl\/min<\/li><\/ul><p data-start=\"1365\" data-end=\"1412\"><\/p>\t\t\t\t\t<\/div>\n\t\t\t\t\t\t<\/div>\n\t\t\t\t<\/div>\n\t\t\t\t\t\t<\/div>\n\t\t\t\t\t<\/div>\n\t\t<\/div>\n\t\t\t\t\t\t\t\t<\/div>\n\t\t\t\t\t<\/div>\n\t\t<\/section>\n\t\t\t\t<section class=\"elementor-section elementor-top-section elementor-element elementor-element-3e3d3e6 elementor-section-boxed elementor-section-height-default elementor-section-height-default\" data-id=\"3e3d3e6\" data-element_type=\"section\" data-settings=\"{&quot;background_background&quot;:&quot;classic&quot;}\">\n\t\t\t\t\t\t<div class=\"elementor-container elementor-column-gap-default\">\n\t\t\t\t\t\t\t<div class=\"elementor-row\">\n\t\t\t\t\t<div class=\"elementor-column elementor-col-100 elementor-top-column elementor-element elementor-element-a98ed75\" data-id=\"a98ed75\" data-element_type=\"column\">\n\t\t\t<div class=\"elementor-column-wrap elementor-element-populated\">\n\t\t\t\t\t\t\t<div class=\"elementor-widget-wrap\">\n\t\t\t\t\t\t<div class=\"elementor-element elementor-element-621960b elementor-align-center elementor-widget elementor-widget-button\" data-id=\"621960b\" data-element_type=\"widget\" data-widget_type=\"button.default\">\n\t\t\t\t<div class=\"elementor-widget-container\">\n\t\t\t\t\t<div class=\"elementor-button-wrapper\">\n\t\t\t<a href=\"https:\/\/drewmax.net.pl\/wp-content\/uploads\/2025\/04\/Polautomatyczna-linia-wazaco-pakujaca-WNS_front_FR.pdf\" target=\"_blank\" class=\"elementor-button-link elementor-button elementor-size-lg\" role=\"button\">\n\t\t\t\t\t\t<span class=\"elementor-button-content-wrapper\">\n\t\t\t\t\t\t<span class=\"elementor-button-icon elementor-align-icon-right\">\n\t\t\t\t<i aria-hidden=\"true\" class=\"fas fa-download\"><\/i>\t\t\t<\/span>\n\t\t\t\t\t\t<span class=\"elementor-button-text\">T\u00e9l\u00e9charger la fiche produit<\/span>\n\t\t<\/span>\n\t\t\t\t\t<\/a>\n\t\t<\/div>\n\t\t\t\t<\/div>\n\t\t\t\t<\/div>\n\t\t\t\t<div class=\"elementor-element elementor-element-04a8dc4 elementor-widget elementor-widget-html\" data-id=\"04a8dc4\" data-element_type=\"widget\" data-widget_type=\"html.default\">\n\t\t\t\t<div class=\"elementor-widget-container\">\n\t\t\t<script type=\"application\/ld+json\">\r\n{\r\n  \"@context\" : \"http:\/\/schema.org\",\r\n  \"@type\" : \"Product\",\r\n  \"name\" : \"P\u00f3\u0142automatyczna linia wa\u017c\u0105co pakuj\u0105ca typ WN\/S\",\r\n  \"image\" : \"https:\/\/drewmax.net.pl\/wp-content\/uploads\/2019\/07\/wns.png\",\r\n  \"description\" : \"Podstawowe parametry techniczne:<\/U><\/SPAN><\/P><UL><LI><SPAN style=\\\"background-color: rgba(255, 255, 255, 0);\\\">Maksymalna masa porcji: 50kg,<\/SPAN><\/LI><LI><SPAN style=\\\"background-color: rgba(255, 255, 255, 0);\\\">Minimalna masa porcji: 10kg,<\/SPAN><\/LI><LI><SPAN style=\\\"background-color: rgba(255, 255, 255, 0);\\\">Wydajno\u015b\u0107 linii: do 400 porcji\/godz. (zale\u017cnie od operatora, w\u0142asno\u015bci produktu oraz wielko\u015bci porcji)<\/SPAN><\/LI><LI><SPAN style=\\\"background-color: rgba(255, 255, 255, 0);\\\">Typ work\u00f3w: otwarte, papierowe wielowarstwowe (do 4 warstw), zalecane z dnem kopertowym bez bocznych fa\u0142d, worki foliowe PE, worki polipropylenowe PP powlekane,<\/SPAN><\/LI><LI><SPAN style=\\\"background-color: rgba(255, 255, 255, 0);\\\">Szeroko\u015b\u0107 worka: 450 \u2013 650mm,<\/SPAN><\/LI><LI><SPAN style=\\\"background-color: rgba(255, 255, 255, 0);\\\">D\u0142ugo\u015b\u0107 work\u00f3w: 600 \u2013 1100mm<\/SPAN><\/LI><LI><SPAN style=\\\"background-color: rgba(255, 255, 255, 0);\\\">Zasilanie elektryczne: 3 x 400V 50Hz,<\/SPAN><\/LI><LI><SPAN style=\\\"background-color: rgba(255, 255, 255, 0);\\\">Zapotrzebowanie mocy: max. 4,5kW,<\/SPAN><\/LI><LI><SPAN style=\\\"background-color: rgba(255, 255, 255, 0);\\\">Zasilanie w spr\u0119\u017cone powietrze: 5 \u2013 10bar,<\/SPAN><\/LI><LI><SPAN style=\\\"background-color: rgba(255, 255, 255, 0);\\\">Zu\u017cycie spr\u0119\u017conego powietrza 240-400Nl\/min\",\r\n  \"brand\" : {\r\n    \"@type\" : \"Brand\",\r\n    \"name\" : \"DREWMAX\",\r\n    \"logo\" : \"https:\/\/drewmax.net.pl\/wp-content\/uploads\/2019\/06\/drewmax-logo_v2-1.png\"\r\n  },\r\n  \"sku\" : \"WN\/S\",\r\n  \"identifier\": {\r\n \"@type\": \"PropertyValue\",\r\n   \"propertyID\": \"Model\",\r\n   \"value\":  \"WN\/S\"\r\n   },\r\n \"aggregateRating\": {\r\n    \"@type\": \"AggregateRating\",\r\n    \"ratingValue\": \"4.4\",\r\n    \"reviewCount\": \"101\"\r\n  },\r\n   \"offers\": {\r\n    \"@type\": \"AggregateOffer\",\r\n    \"lowPrice\": 230000.0000,\r\n    \"highPrice\": 350000.0000,\r\n    \"priceCurrency\": \"PLN\",\r\n    \"itemCondition\": \"NewCondition\",\r\n\t\"offerCount\": \"5\"\r\n  },\r\n  \"review\": {\r\n    \"@type\": \"Review\",\r\n    \"author\": \"Wojciech\",\r\n    \"datePublished\": \"2019-11-30\",\r\n    \"name\": \"Drewmax | Maszyny pakuj\u0105ce - referencje\",\r\n    \"reviewBody\": \"Zapytaj nas o referencje lub zajrzyj na stron\u0119\"\r\n  },\r\n  \"mpn\" : \"WN\/S\"\r\n}\r\n<\/script>\r\n\r\n<script type=\"application\/ld+json\">\r\n{\r\n  \"@context\" : \"http:\/\/schema.org\",\r\n  \"@type\" : \"Article\",\r\n  \"name\" : \"P\u00f3\u0142automatyczna linia wa\u017c\u0105co pakuj\u0105ca typ WN\/S\",\r\n  \"headline\" : \"Linia wa\u017c\u0105co pakujaca do produkt\u00f3w sypkich i pylistych!\",\r\n  \"author\" : {\r\n    \"@type\" : \"Person\",\r\n    \"name\" : \"Wojciech S\u0105siadek\"\r\n  },\r\n  \"datePublished\" : \"2019-11-30\",\r\n  \"dateModified\" : \"2019-12-10\",\r\n  \"image\" : \"https:\/\/drewmax.net.pl\/wp-content\/uploads\/2019\/07\/wns.png\",\r\n  \"articleBody\" : \"Aby uzupe\u0142ni\u0107 swoj\u0105 ofert\u0119 o dodatkowy  pu\u0142ap wydajno\u015bci, zesp\u00f3\u0142 naszych konstruktor\u00f3w zaprojektowa\u0142 p\u00f3\u0142automatyczn\u0105 linie wa\u017c\u0105co pakuj\u0105c\u0105 typ WN\/S, kt\u00f3ra znalaz\u0142a uznanie w\u015br\u00f3d wielu producent\u00f3w, a ponadto jest doskona\u0142ym uzupe\u0142nieniem gamy naszych produkt\u00f3w.<\/P><P>Linia WN\/S jest p\u00f3\u0142automatycznym urz\u0105dzeniem wa\u017c\u0105co pakuj\u0105cym do produkt\u00f3w <SPAN style=\\\"font-weight: bold;\\\">sypkich\/pylistych<\/SPAN> przy zastosowaniu <SPAN style=\\\"font-weight: bold;\\\">work\u00f3w typu otwartego<\/SPAN>.<\/P><P>Przedstawiona linia wyposa\u017cona jest w odpowiednio ukszta\u0142towany kosz wagowy, kt\u00f3ry nape\u0142niany jest poprzez dozowniki \u015blimakowe o r\u00f3\u017cnych \u015brednicach. Ten rodzaj nawa\u017cania produkt\u00f3w nazywany jest systemem netto.<\/P><P>Dzi\u0119ki takiemu rozwi\u0105zaniu uzyskali\u015bmy wydajno\u015b\u0107 linii dochodz\u0105c\u0105 do <SPAN style=\\\"font-weight: bold;\\\">400 porcji na godzin\u0119<\/SPAN>.\",\r\n  \"url\" : \"https:\/\/drewmax.net.pl\/linie-wazaco-pakujace-1\/wns\/\",\r\n  \"mainEntityOfPage\": {\r\n    \"@type\": \"WebPage\",\r\n    \"@id\": \"https:\/\/drewmax.net.pl\/\"\r\n  },\r\n  \"publisher\" : {\r\n    \"@type\" : \"Organization\",\r\n    \"name\" : \"Przedsi\u0119biorstwo Wielobran\u017cowe Drewmax Tadeusz S\u0105siadek i Wsp\u00f3lnicy Sp\u00f3\u0142ka Jawna\",\r\n\t\"logo\" : {\r\n\t\t\"@type\": \"ImageObject\",\r\n\t\t\"url\": \"https:\/\/drewmax.net.pl\/wp-content\/uploads\/2019\/06\/drewmax-logo_v2-1.png\"\r\n\t}\t\r\n  }\r\n  \r\n}\r\n<\/script>\t\t<\/div>\n\t\t\t\t<\/div>\n\t\t\t\t\t\t<\/div>\n\t\t\t\t\t<\/div>\n\t\t<\/div>\n\t\t\t\t\t\t\t\t<\/div>\n\t\t\t\t\t<\/div>\n\t\t<\/section>\n\t\t\t\t\t\t<\/div>\n\t\t\t\t\t\t<\/div>\n\t\t\t\t\t<\/div>\n\t\t","protected":false},"excerpt":{"rendered":"<p>Ligne de pesage et d&#8217;emballage semi-automatique Type WN\/S Afin d&rsquo;ajouter un niveau de performance suppl\u00e9mentaire \u00e0 notre offre, notre \u00e9quipe de conception a d\u00e9velopp\u00e9 la ligne semi-automatique de pesage et d&#8217;emballage WN\/S, qui a \u00e9t\u00e9 reconnue par de nombreux producteurs et constitue de plus une excellente extension de notre gamme de produits. La ligne WN\/S&hellip;<\/p>\n","protected":false},"author":1,"featured_media":12133,"parent":0,"menu_order":0,"comment_status":"closed","ping_status":"closed","template":"","meta":[],"yoast_head":"<!-- This site is optimized with the Yoast SEO Premium plugin v15.5 - https:\/\/yoast.com\/wordpress\/plugins\/seo\/ -->\n<title>Wa\u017cenie Pakowanie Paletyzacja Automatyka przemys\u0142owa linie PP PE<\/title>\n<meta name=\"description\" content=\"Wa\u017cenie Pakowanie Paletyzacja Automatyka przemys\u0142owa linie wa\u017c\u0105co - pakuj\u0105ce zbiorniki technologiczne mikrodozowanie linie PP PE\" \/>\n<meta name=\"robots\" content=\"index, follow, max-snippet:-1, max-image-preview:large, max-video-preview:-1\" \/>\n<link rel=\"canonical\" href=\"https:\/\/drewmax.net.pl\/wns\/\" \/>\n<meta property=\"og:locale\" content=\"fr_FR\" \/>\n<meta property=\"og:type\" content=\"article\" \/>\n<meta property=\"og:title\" content=\"Wa\u017cenie Pakowanie Paletyzacja Automatyka przemys\u0142owa linie PP PE\" \/>\n<meta property=\"og:description\" content=\"Wa\u017cenie Pakowanie Paletyzacja Automatyka przemys\u0142owa linie wa\u017c\u0105co - pakuj\u0105ce zbiorniki technologiczne mikrodozowanie linie PP PE\" \/>\n<meta property=\"og:url\" content=\"https:\/\/drewmax.net.pl\/wns\/\" \/>\n<meta property=\"og:site_name\" content=\"(Polski) Drewmax - Wa\u017cenie | Pakowanie | Paletyzacja | Automatyka\" \/>\n<meta property=\"article:publisher\" content=\"https:\/\/www.facebook.com\/Drewmax-111641623604429\/\" \/>\n<meta property=\"article:modified_time\" content=\"2026-03-31T10:48:08+00:00\" \/>\n<meta name=\"twitter:card\" content=\"summary_large_image\" \/>\n<meta name=\"twitter:label1\" content=\"Dur\u00e9e de lecture estim\u00e9e\">\n\t<meta name=\"twitter:data1\" content=\"9 minutes\">\n<script type=\"application\/ld+json\" class=\"yoast-schema-graph\">{\"@context\":\"https:\/\/schema.org\",\"@graph\":[{\"@type\":\"Organization\",\"@id\":\"https:\/\/drewmax.net.pl\/en\/#organization\",\"name\":\"DREWMAX Sp\\u00f3\\u0142ka z o.o.\",\"url\":\"https:\/\/drewmax.net.pl\/en\/\",\"sameAs\":[\"https:\/\/www.facebook.com\/Drewmax-111641623604429\/\",\"https:\/\/www.instagram.com\/drewmax.net.pl\/\",\"https:\/\/www.youtube.com\/channel\/UCCS8U5F8gSyJAlSWjxgbLRQ\"],\"logo\":{\"@type\":\"ImageObject\",\"@id\":\"https:\/\/drewmax.net.pl\/en\/#logo\",\"inLanguage\":\"fr-FR\",\"url\":\"\",\"caption\":\"DREWMAX Sp\\u00f3\\u0142ka z o.o.\"},\"image\":{\"@id\":\"https:\/\/drewmax.net.pl\/en\/#logo\"}},{\"@type\":\"WebSite\",\"@id\":\"https:\/\/drewmax.net.pl\/en\/#website\",\"url\":\"https:\/\/drewmax.net.pl\/en\/\",\"name\":\"(Polski) Drewmax - Wa\\u017cenie | Pakowanie | Paletyzacja | Automatyka\",\"description\":\"\",\"publisher\":{\"@id\":\"https:\/\/drewmax.net.pl\/en\/#organization\"},\"potentialAction\":[{\"@type\":\"SearchAction\",\"target\":\"https:\/\/drewmax.net.pl\/en\/?s={search_term_string}\",\"query-input\":\"required name=search_term_string\"}],\"inLanguage\":\"fr-FR\"},{\"@type\":\"ImageObject\",\"@id\":\"https:\/\/drewmax.net.pl\/wns\/#primaryimage\",\"inLanguage\":\"fr-FR\",\"url\":\"\"},{\"@type\":\"WebPage\",\"@id\":\"https:\/\/drewmax.net.pl\/wns\/#webpage\",\"url\":\"https:\/\/drewmax.net.pl\/wns\/\",\"name\":\"Wa\\u017cenie Pakowanie Paletyzacja Automatyka przemys\\u0142owa linie PP PE\",\"isPartOf\":{\"@id\":\"https:\/\/drewmax.net.pl\/en\/#website\"},\"primaryImageOfPage\":{\"@id\":\"https:\/\/drewmax.net.pl\/wns\/#primaryimage\"},\"datePublished\":\"2016-07-21T08:43:03+00:00\",\"dateModified\":\"2026-03-31T10:48:08+00:00\",\"description\":\"Wa\\u017cenie Pakowanie Paletyzacja Automatyka przemys\\u0142owa linie wa\\u017c\\u0105co - pakuj\\u0105ce zbiorniki technologiczne mikrodozowanie linie PP PE\",\"breadcrumb\":{\"@id\":\"https:\/\/drewmax.net.pl\/wns\/#breadcrumb\"},\"inLanguage\":\"fr-FR\",\"potentialAction\":[{\"@type\":\"ReadAction\",\"target\":[\"https:\/\/drewmax.net.pl\/wns\/\"]}]},{\"@type\":\"BreadcrumbList\",\"@id\":\"https:\/\/drewmax.net.pl\/wns\/#breadcrumb\",\"itemListElement\":[{\"@type\":\"ListItem\",\"position\":1,\"item\":{\"@type\":\"WebPage\",\"@id\":\"https:\/\/drewmax.net.pl\/\",\"url\":\"https:\/\/drewmax.net.pl\/\",\"name\":\"Home\"}},{\"@type\":\"ListItem\",\"position\":2,\"item\":{\"@type\":\"WebPage\",\"@id\":\"https:\/\/drewmax.net.pl\/wns\/\",\"url\":\"https:\/\/drewmax.net.pl\/wns\/\",\"name\":\"P\\u00f3\\u0142automatyczna linia wa\\u017c\\u0105co pakuj\\u0105ca typ WN\/S\"}}]}]}<\/script>\n<!-- \/ Yoast SEO Premium plugin. -->","_links":{"self":[{"href":"https:\/\/drewmax.net.pl\/fr\/wp-json\/wp\/v2\/pages\/91"}],"collection":[{"href":"https:\/\/drewmax.net.pl\/fr\/wp-json\/wp\/v2\/pages"}],"about":[{"href":"https:\/\/drewmax.net.pl\/fr\/wp-json\/wp\/v2\/types\/page"}],"author":[{"embeddable":true,"href":"https:\/\/drewmax.net.pl\/fr\/wp-json\/wp\/v2\/users\/1"}],"replies":[{"embeddable":true,"href":"https:\/\/drewmax.net.pl\/fr\/wp-json\/wp\/v2\/comments?post=91"}],"version-history":[{"count":115,"href":"https:\/\/drewmax.net.pl\/fr\/wp-json\/wp\/v2\/pages\/91\/revisions"}],"predecessor-version":[{"id":32532,"href":"https:\/\/drewmax.net.pl\/fr\/wp-json\/wp\/v2\/pages\/91\/revisions\/32532"}],"wp:featuredmedia":[{"embeddable":true,"href":"https:\/\/drewmax.net.pl\/fr\/wp-json\/wp\/v2\/media\/12133"}],"wp:attachment":[{"href":"https:\/\/drewmax.net.pl\/fr\/wp-json\/wp\/v2\/media?parent=91"}],"curies":[{"name":"wp","href":"https:\/\/api.w.org\/{rel}","templated":true}]}}