{"id":88,"date":"2016-07-21T10:39:34","date_gmt":"2016-07-21T08:39:34","guid":{"rendered":"http:\/\/drewmax.net.pl\/?page_id=88"},"modified":"2025-04-03T13:36:40","modified_gmt":"2025-04-03T11:36:40","slug":"wbt","status":"publish","type":"page","link":"https:\/\/drewmax.net.pl\/fr\/wbt\/","title":{"rendered":"P\u00f3\u0142automatyczna linia wa\u017c\u0105co pakuj\u0105ca typ WB\/T"},"content":{"rendered":"\t\t<div data-elementor-type=\"wp-post\" data-elementor-id=\"88\" class=\"elementor elementor-88\" data-elementor-settings=\"[]\">\n\t\t\t\t\t\t<div class=\"elementor-inner\">\n\t\t\t\t\t\t\t<div class=\"elementor-section-wrap\">\n\t\t\t\t\t\t\t<section class=\"elementor-section elementor-top-section elementor-element elementor-element-3a32986 elementor-section-boxed elementor-section-height-default elementor-section-height-default\" data-id=\"3a32986\" data-element_type=\"section\" data-settings=\"{&quot;background_background&quot;:&quot;classic&quot;}\">\n\t\t\t\t\t\t<div class=\"elementor-container elementor-column-gap-default\">\n\t\t\t\t\t\t\t<div class=\"elementor-row\">\n\t\t\t\t\t<div class=\"elementor-column elementor-col-100 elementor-top-column elementor-element elementor-element-2e2619e\" data-id=\"2e2619e\" data-element_type=\"column\">\n\t\t\t<div class=\"elementor-column-wrap elementor-element-populated\">\n\t\t\t\t\t\t\t<div class=\"elementor-widget-wrap\">\n\t\t\t\t\t\t<div class=\"elementor-element elementor-element-c0b06da elementor-widget elementor-widget-heading\" data-id=\"c0b06da\" data-element_type=\"widget\" data-widget_type=\"heading.default\">\n\t\t\t\t<div class=\"elementor-widget-container\">\n\t\t\t<h2 class=\"elementor-heading-title elementor-size-xl\"> Ligne de pesage et d'emballage semi-automatique\nType WB\/T\n<\/h2>\t\t<\/div>\n\t\t\t\t<\/div>\n\t\t\t\t\t\t<\/div>\n\t\t\t\t\t<\/div>\n\t\t<\/div>\n\t\t\t\t\t\t\t\t<\/div>\n\t\t\t\t\t<\/div>\n\t\t<\/section>\n\t\t\t\t<section class=\"elementor-section elementor-top-section elementor-element elementor-element-214b71f elementor-section-boxed elementor-section-height-default elementor-section-height-default\" data-id=\"214b71f\" data-element_type=\"section\" data-settings=\"{&quot;background_background&quot;:&quot;classic&quot;}\">\n\t\t\t\t\t\t<div class=\"elementor-container elementor-column-gap-default\">\n\t\t\t\t\t\t\t<div class=\"elementor-row\">\n\t\t\t\t\t<div class=\"elementor-column elementor-col-100 elementor-top-column elementor-element elementor-element-82aad55\" data-id=\"82aad55\" data-element_type=\"column\">\n\t\t\t<div class=\"elementor-column-wrap elementor-element-populated\">\n\t\t\t\t\t\t\t<div class=\"elementor-widget-wrap\">\n\t\t\t\t\t\t<div class=\"elementor-element elementor-element-991867c elementor-widget elementor-widget-text-editor\" data-id=\"991867c\" data-element_type=\"widget\" data-widget_type=\"text-editor.default\">\n\t\t\t\t<div class=\"elementor-widget-container\">\n\t\t\t\t\t\t\t\t<div class=\"elementor-text-editor elementor-clearfix\">\n\t\t\t\t<p><br data-start=\"824\" data-end=\"827\" \/>La demande du march\u00e9 a conduit \u00e0 la conception de la ligne semi-automatique de pesage et d\u2019emballage WB\/T, qui combine pr\u00e9cision de dosage, prix relativement bas et simplicit\u00e9 d\u2019utilisation.<\/p><p data-start=\"1027\" data-end=\"1166\">La ligne WB\/T est un dispositif semi-automatique de pesage et d\u2019emballage pour les produits en vrac\/granul\u00e9s, utilisant des sacs ouverts.<\/p><p data-start=\"1172\" data-end=\"1497\">La ligne pr\u00e9sent\u00e9e dispose d\u2019un syst\u00e8me de pes\u00e9e mont\u00e9 sur la buse, appel\u00e9 syst\u00e8me brutto, ce qui signifie que le produit est dos\u00e9 par un convoyeur \u00e0 bande directement dans l\u2019emballage. Cela nous a permis d\u2019obtenir une grande propret\u00e9 de l\u2019ensemble du syst\u00e8me, ce qui influence consid\u00e9rablement la qualit\u00e9 de la production.<\/p><p data-start=\"1503\" data-end=\"1579\">La ligne WB\/T atteint une performance allant jusqu\u2019\u00e0 <strong>280 portions par heure.<\/strong><\/p><p data-start=\"1583\" data-end=\"1792\"><\/p>\t\t\t\t\t<\/div>\n\t\t\t\t\t\t<\/div>\n\t\t\t\t<\/div>\n\t\t\t\t\t\t<\/div>\n\t\t\t\t\t<\/div>\n\t\t<\/div>\n\t\t\t\t\t\t\t\t<\/div>\n\t\t\t\t\t<\/div>\n\t\t<\/section>\n\t\t\t\t<section class=\"elementor-section elementor-top-section elementor-element elementor-element-7382f1f elementor-section-boxed elementor-section-height-default elementor-section-height-default\" data-id=\"7382f1f\" data-element_type=\"section\" data-settings=\"{&quot;background_background&quot;:&quot;classic&quot;}\">\n\t\t\t\t\t\t<div class=\"elementor-container elementor-column-gap-default\">\n\t\t\t\t\t\t\t<div class=\"elementor-row\">\n\t\t\t\t\t<div class=\"elementor-column elementor-col-100 elementor-top-column elementor-element elementor-element-ee9eb38\" data-id=\"ee9eb38\" data-element_type=\"column\">\n\t\t\t<div class=\"elementor-column-wrap elementor-element-populated\">\n\t\t\t\t\t\t\t<div class=\"elementor-widget-wrap\">\n\t\t\t\t\t\t<div class=\"elementor-element elementor-element-64beb5c elementor-widget elementor-widget-html\" data-id=\"64beb5c\" data-element_type=\"widget\" data-widget_type=\"html.default\">\n\t\t\t\t<div class=\"elementor-widget-container\">\n\t\t\t<noscript>\r\n    <img src=\"\/rendery\/wbt\/1.jpg\" alt=\"wbs\"\/>\r\n<\/noscript>\r\n    <div\r\n      class=\"cloudimage-360\"\r\n      data-folder=\"\/rendery\/wbt\/\"\r\n      data-filename=\"{index}.jpg\"\r\n      data-amount=\"72\"\r\n      data-magnifier=\"3\"\r\n      data-spin-reverse\r\n    ><\/div>\r\n    <!-- Add script tag with CDN link to js-cloudimage-360-view lib after all content in body tag -->\r\n    <script src=\"\/rendery\/wbs\/wbs.js\"><\/script>\t\t<\/div>\n\t\t\t\t<\/div>\n\t\t\t\t\t\t<\/div>\n\t\t\t\t\t<\/div>\n\t\t<\/div>\n\t\t\t\t\t\t\t\t<\/div>\n\t\t\t\t\t<\/div>\n\t\t<\/section>\n\t\t\t\t<section class=\"elementor-section elementor-top-section elementor-element elementor-element-0de773e elementor-section-boxed elementor-section-height-default elementor-section-height-default\" data-id=\"0de773e\" data-element_type=\"section\" data-settings=\"{&quot;background_background&quot;:&quot;classic&quot;}\">\n\t\t\t\t\t\t<div class=\"elementor-container elementor-column-gap-default\">\n\t\t\t\t\t\t\t<div class=\"elementor-row\">\n\t\t\t\t\t<div class=\"elementor-column elementor-col-50 elementor-top-column elementor-element elementor-element-12b0ccd\" data-id=\"12b0ccd\" data-element_type=\"column\">\n\t\t\t<div class=\"elementor-column-wrap elementor-element-populated\">\n\t\t\t\t\t\t\t<div class=\"elementor-widget-wrap\">\n\t\t\t\t\t\t<div class=\"elementor-element elementor-element-e7b91a0 elementor-widget elementor-widget-text-editor\" data-id=\"e7b91a0\" data-element_type=\"widget\" data-widget_type=\"text-editor.default\">\n\t\t\t\t<div class=\"elementor-widget-container\">\n\t\t\t\t\t\t\t\t<div class=\"elementor-text-editor elementor-clearfix\">\n\t\t\t\t<p><br data-start=\"988\" data-end=\"991\" \/><span style=\"text-decoration: underline;\"><strong data-start=\"993\" data-end=\"1031\">Composants de base de l&rsquo;appareil :<\/strong><\/span><\/p><ul data-start=\"1036\" data-end=\"1602\"><li data-start=\"1036\" data-end=\"1099\">Structure de support de la ligne avec plateforme de travail<\/li><li data-start=\"1102\" data-end=\"1149\">Balance \u00e9lectronique de dosage de type brut<\/li><li data-start=\"1152\" data-end=\"1170\">Doseur \u00e0 bande<\/li><li data-start=\"1173\" data-end=\"1189\">Buse ouverte<\/li><li data-start=\"1192\" data-end=\"1231\">Convoyeur pour transporter les sacs<\/li><li data-start=\"1234\" data-end=\"1283\">Syst\u00e8me de r\u00e9glage de la hauteur du convoyeur<\/li><li data-start=\"1286\" data-end=\"1339\">Syst\u00e8me de guidage de la partie sup\u00e9rieure du sac<\/li><li data-start=\"1342\" data-end=\"1371\">Machine \u00e0 coudre \u00e0 un fil<\/li><li data-start=\"1374\" data-end=\"1456\">Convoyeur lat\u00e9ral pour la prise des sacs avec syst\u00e8me de retournement des sacs<\/li><li data-start=\"1459\" data-end=\"1544\">Syst\u00e8me de commande lisible bas\u00e9 sur un contr\u00f4leur PLC Siemens avec \u00e9cran tactile<\/li><li data-start=\"1547\" data-end=\"1602\">Actionneurs\/servo-actionneurs SEW ou LENZE utilis\u00e9s<\/li><\/ul><p data-start=\"1606\" data-end=\"1634\"><span style=\"text-decoration: underline;\"><strong data-start=\"1606\" data-end=\"1632\">\u00c9quipement optionnel :<\/strong><\/span><\/p><ul><li>Syst\u00e8me de repli de la partie sup\u00e9rieure du sac<\/li><li>Syst\u00e8me de pose de bande cr\u00e9ponn\u00e9e<\/li><li>Syst\u00e8me d&rsquo;aspiration du produit dans le sac<\/li><li>Syst\u00e8me de vibration du sac rempli<\/li><li>Syst\u00e8me de nettoyage des alimentateurs<\/li><li>Soudeuse \u00e0 impulsion ou \u00e0 chaleur constante<\/li><li>Machine \u00e0 coudre \u00e0 deux fils<\/li><li>R\u00e9servoir tampon de surcharge<\/li><\/ul><p data-start=\"1988\" data-end=\"2036\"><span style=\"text-decoration: underline;\"><strong data-start=\"1988\" data-end=\"1997\"><\/p>\t\t\t\t\t<\/div>\n\t\t\t\t\t\t<\/div>\n\t\t\t\t<\/div>\n\t\t\t\t\t\t<\/div>\n\t\t\t\t\t<\/div>\n\t\t<\/div>\n\t\t\t\t<div class=\"elementor-column elementor-col-50 elementor-top-column elementor-element elementor-element-ea3acec\" data-id=\"ea3acec\" data-element_type=\"column\">\n\t\t\t<div class=\"elementor-column-wrap elementor-element-populated\">\n\t\t\t\t\t\t\t<div class=\"elementor-widget-wrap\">\n\t\t\t\t\t\t<div class=\"elementor-element elementor-element-0cca59c elementor-widget elementor-widget-text-editor\" data-id=\"0cca59c\" data-element_type=\"widget\" data-widget_type=\"text-editor.default\">\n\t\t\t\t<div class=\"elementor-widget-container\">\n\t\t\t\t\t\t\t\t<div class=\"elementor-text-editor elementor-clearfix\">\n\t\t\t\t<p><br data-start=\"670\" data-end=\"673\" \/><span style=\"text-decoration: underline;\"><strong data-start=\"675\" data-end=\"710\">Param\u00e8tres techniques de base :<\/strong><\/span><\/p><ul><li>Poids maximum par portion : 50 kg<\/li><li>Poids minimum par portion : 10 kg<\/li><li>Rendement de la ligne : jusqu\u2019\u00e0 280 portions\/heure (selon l\u2019op\u00e9rateur, les caract\u00e9ristiques du produit et la taille de la portion)<\/li><li>Type de sacs : sacs ouverts en papier multicouche (jusqu\u2019\u00e0 4 couches), recommand\u00e9s avec fond en enveloppe sans plis lat\u00e9raux, sacs en film PE, sacs en polypropyl\u00e8ne PP rev\u00eatus<\/li><li>Largeur du sac : 450 \u2013 650 mm<\/li><li>Longueur des sacs : 600 \u2013 1100 mm<\/li><li>Alimentation \u00e9lectrique : 3 x 400 V 50 Hz<\/li><li>Besoin en puissance : max. 4,5 kW<\/li><li>Alimentation en air comprim\u00e9 : 5 \u2013 10 bar<\/li><li>Consommation d\u2019air comprim\u00e9 : 200-400 Nl\/min<\/li><\/ul><p data-start=\"1378\" data-end=\"1425\"><strong data-start=\"1378\" data-end=\"1387\"><\/p>\t\t\t\t\t<\/div>\n\t\t\t\t\t\t<\/div>\n\t\t\t\t<\/div>\n\t\t\t\t\t\t<\/div>\n\t\t\t\t\t<\/div>\n\t\t<\/div>\n\t\t\t\t\t\t\t\t<\/div>\n\t\t\t\t\t<\/div>\n\t\t<\/section>\n\t\t\t\t<section class=\"elementor-section elementor-top-section elementor-element elementor-element-22e3a69 elementor-section-boxed elementor-section-height-default elementor-section-height-default\" data-id=\"22e3a69\" data-element_type=\"section\" data-settings=\"{&quot;background_background&quot;:&quot;classic&quot;}\">\n\t\t\t\t\t\t<div class=\"elementor-container elementor-column-gap-default\">\n\t\t\t\t\t\t\t<div class=\"elementor-row\">\n\t\t\t\t\t<div class=\"elementor-column elementor-col-100 elementor-top-column elementor-element elementor-element-b2e0aa3\" data-id=\"b2e0aa3\" data-element_type=\"column\" data-settings=\"{&quot;background_background&quot;:&quot;classic&quot;}\">\n\t\t\t<div class=\"elementor-column-wrap elementor-element-populated\">\n\t\t\t\t\t\t\t<div class=\"elementor-widget-wrap\">\n\t\t\t\t\t\t<div class=\"elementor-element elementor-element-5b04583 elementor-widget elementor-widget-spacer\" data-id=\"5b04583\" data-element_type=\"widget\" data-widget_type=\"spacer.default\">\n\t\t\t\t<div class=\"elementor-widget-container\">\n\t\t\t\t\t<div class=\"elementor-spacer\">\n\t\t\t<div class=\"elementor-spacer-inner\"><\/div>\n\t\t<\/div>\n\t\t\t\t<\/div>\n\t\t\t\t<\/div>\n\t\t\t\t<div class=\"elementor-element elementor-element-b14a348 elementor-align-center elementor-widget elementor-widget-button\" data-id=\"b14a348\" data-element_type=\"widget\" data-widget_type=\"button.default\">\n\t\t\t\t<div class=\"elementor-widget-container\">\n\t\t\t\t\t<div class=\"elementor-button-wrapper\">\n\t\t\t<a href=\"https:\/\/drewmax.net.pl\/wp-content\/uploads\/2025\/04\/Polautomatyczna-linia-wazaco-pakujaca-WBT_front_FR.pdf\" target=\"_blank\" class=\"elementor-button-link elementor-button elementor-size-lg\" role=\"button\">\n\t\t\t\t\t\t<span class=\"elementor-button-content-wrapper\">\n\t\t\t\t\t\t<span class=\"elementor-button-icon elementor-align-icon-right\">\n\t\t\t\t<i aria-hidden=\"true\" class=\"fas fa-download\"><\/i>\t\t\t<\/span>\n\t\t\t\t\t\t<span class=\"elementor-button-text\">  T\u00e9l\u00e9charger la fiche produit<\/span>\n\t\t<\/span>\n\t\t\t\t\t<\/a>\n\t\t<\/div>\n\t\t\t\t<\/div>\n\t\t\t\t<\/div>\n\t\t\t\t\t\t<\/div>\n\t\t\t\t\t<\/div>\n\t\t<\/div>\n\t\t\t\t\t\t\t\t<\/div>\n\t\t\t\t\t<\/div>\n\t\t<\/section>\n\t\t\t\t\t\t<\/div>\n\t\t\t\t\t\t<\/div>\n\t\t\t\t\t<\/div>\n\t\t","protected":false},"excerpt":{"rendered":"<p>Ligne de pesage et d&#8217;emballage semi-automatique Type WB\/T La demande du march\u00e9 a conduit \u00e0 la conception de la ligne semi-automatique de pesage et d\u2019emballage WB\/T, qui combine pr\u00e9cision de dosage, prix relativement bas et simplicit\u00e9 d\u2019utilisation. La ligne WB\/T est un dispositif semi-automatique de pesage et d\u2019emballage pour les produits en vrac\/granul\u00e9s, utilisant des&hellip;<\/p>\n","protected":false},"author":1,"featured_media":12131,"parent":0,"menu_order":0,"comment_status":"closed","ping_status":"closed","template":"","meta":[],"yoast_head":"<!-- This site is optimized with the Yoast SEO Premium plugin v15.5 - https:\/\/yoast.com\/wordpress\/plugins\/seo\/ -->\n<title>Wa\u017cenie Pakowanie Paletyzacja Automatyka przemys\u0142owa linie PP PE<\/title>\n<meta name=\"description\" content=\"Wa\u017cenie Pakowanie Paletyzacja Automatyka przemys\u0142owa linie wa\u017c\u0105co - pakuj\u0105ce zbiorniki technologiczne mikrodozowanie linie PP PE\" \/>\n<meta name=\"robots\" content=\"index, follow, max-snippet:-1, max-image-preview:large, max-video-preview:-1\" \/>\n<link rel=\"canonical\" href=\"https:\/\/drewmax.net.pl\/wbt\/\" \/>\n<meta property=\"og:locale\" content=\"fr_FR\" \/>\n<meta property=\"og:type\" content=\"article\" \/>\n<meta property=\"og:title\" content=\"Wa\u017cenie Pakowanie Paletyzacja Automatyka przemys\u0142owa linie PP PE\" \/>\n<meta property=\"og:description\" content=\"Wa\u017cenie Pakowanie Paletyzacja Automatyka przemys\u0142owa linie wa\u017c\u0105co - pakuj\u0105ce zbiorniki technologiczne mikrodozowanie linie PP PE\" \/>\n<meta property=\"og:url\" content=\"https:\/\/drewmax.net.pl\/wbt\/\" \/>\n<meta property=\"og:site_name\" content=\"(Polski) Drewmax - Wa\u017cenie | Pakowanie | Paletyzacja | Automatyka\" \/>\n<meta property=\"article:publisher\" content=\"https:\/\/www.facebook.com\/Drewmax-111641623604429\/\" \/>\n<meta property=\"article:modified_time\" content=\"2025-04-03T11:36:40+00:00\" \/>\n<meta name=\"twitter:card\" content=\"summary_large_image\" \/>\n<meta name=\"twitter:label1\" content=\"Dur\u00e9e de lecture estim\u00e9e\">\n\t<meta name=\"twitter:data1\" content=\"10 minutes\">\n<script type=\"application\/ld+json\" class=\"yoast-schema-graph\">{\"@context\":\"https:\/\/schema.org\",\"@graph\":[{\"@type\":\"Organization\",\"@id\":\"https:\/\/drewmax.net.pl\/en\/#organization\",\"name\":\"DREWMAX Sp\\u00f3\\u0142ka z o.o.\",\"url\":\"https:\/\/drewmax.net.pl\/en\/\",\"sameAs\":[\"https:\/\/www.facebook.com\/Drewmax-111641623604429\/\",\"https:\/\/www.instagram.com\/drewmax.net.pl\/\",\"https:\/\/www.youtube.com\/channel\/UCCS8U5F8gSyJAlSWjxgbLRQ\"],\"logo\":{\"@type\":\"ImageObject\",\"@id\":\"https:\/\/drewmax.net.pl\/en\/#logo\",\"inLanguage\":\"fr-FR\",\"url\":\"\",\"caption\":\"DREWMAX Sp\\u00f3\\u0142ka z o.o.\"},\"image\":{\"@id\":\"https:\/\/drewmax.net.pl\/en\/#logo\"}},{\"@type\":\"WebSite\",\"@id\":\"https:\/\/drewmax.net.pl\/en\/#website\",\"url\":\"https:\/\/drewmax.net.pl\/en\/\",\"name\":\"(Polski) Drewmax - Wa\\u017cenie | Pakowanie | Paletyzacja | Automatyka\",\"description\":\"\",\"publisher\":{\"@id\":\"https:\/\/drewmax.net.pl\/en\/#organization\"},\"potentialAction\":[{\"@type\":\"SearchAction\",\"target\":\"https:\/\/drewmax.net.pl\/en\/?s={search_term_string}\",\"query-input\":\"required name=search_term_string\"}],\"inLanguage\":\"fr-FR\"},{\"@type\":\"ImageObject\",\"@id\":\"https:\/\/drewmax.net.pl\/wbt\/#primaryimage\",\"inLanguage\":\"fr-FR\",\"url\":\"\"},{\"@type\":\"WebPage\",\"@id\":\"https:\/\/drewmax.net.pl\/wbt\/#webpage\",\"url\":\"https:\/\/drewmax.net.pl\/wbt\/\",\"name\":\"Wa\\u017cenie Pakowanie Paletyzacja Automatyka przemys\\u0142owa linie PP PE\",\"isPartOf\":{\"@id\":\"https:\/\/drewmax.net.pl\/en\/#website\"},\"primaryImageOfPage\":{\"@id\":\"https:\/\/drewmax.net.pl\/wbt\/#primaryimage\"},\"datePublished\":\"2016-07-21T08:39:34+00:00\",\"dateModified\":\"2025-04-03T11:36:40+00:00\",\"description\":\"Wa\\u017cenie Pakowanie Paletyzacja Automatyka przemys\\u0142owa linie wa\\u017c\\u0105co - pakuj\\u0105ce zbiorniki technologiczne mikrodozowanie linie PP PE\",\"breadcrumb\":{\"@id\":\"https:\/\/drewmax.net.pl\/wbt\/#breadcrumb\"},\"inLanguage\":\"fr-FR\",\"potentialAction\":[{\"@type\":\"ReadAction\",\"target\":[\"https:\/\/drewmax.net.pl\/wbt\/\"]}]},{\"@type\":\"BreadcrumbList\",\"@id\":\"https:\/\/drewmax.net.pl\/wbt\/#breadcrumb\",\"itemListElement\":[{\"@type\":\"ListItem\",\"position\":1,\"item\":{\"@type\":\"WebPage\",\"@id\":\"https:\/\/drewmax.net.pl\/\",\"url\":\"https:\/\/drewmax.net.pl\/\",\"name\":\"Home\"}},{\"@type\":\"ListItem\",\"position\":2,\"item\":{\"@type\":\"WebPage\",\"@id\":\"https:\/\/drewmax.net.pl\/wbt\/\",\"url\":\"https:\/\/drewmax.net.pl\/wbt\/\",\"name\":\"P\\u00f3\\u0142automatyczna linia wa\\u017c\\u0105co pakuj\\u0105ca typ WB\/T\"}}]}]}<\/script>\n<!-- \/ Yoast SEO Premium plugin. -->","_links":{"self":[{"href":"https:\/\/drewmax.net.pl\/fr\/wp-json\/wp\/v2\/pages\/88"}],"collection":[{"href":"https:\/\/drewmax.net.pl\/fr\/wp-json\/wp\/v2\/pages"}],"about":[{"href":"https:\/\/drewmax.net.pl\/fr\/wp-json\/wp\/v2\/types\/page"}],"author":[{"embeddable":true,"href":"https:\/\/drewmax.net.pl\/fr\/wp-json\/wp\/v2\/users\/1"}],"replies":[{"embeddable":true,"href":"https:\/\/drewmax.net.pl\/fr\/wp-json\/wp\/v2\/comments?post=88"}],"version-history":[{"count":94,"href":"https:\/\/drewmax.net.pl\/fr\/wp-json\/wp\/v2\/pages\/88\/revisions"}],"predecessor-version":[{"id":31984,"href":"https:\/\/drewmax.net.pl\/fr\/wp-json\/wp\/v2\/pages\/88\/revisions\/31984"}],"wp:featuredmedia":[{"embeddable":true,"href":"https:\/\/drewmax.net.pl\/fr\/wp-json\/wp\/v2\/media\/12131"}],"wp:attachment":[{"href":"https:\/\/drewmax.net.pl\/fr\/wp-json\/wp\/v2\/media?parent=88"}],"curies":[{"name":"wp","href":"https:\/\/api.w.org\/{rel}","templated":true}]}}