{"id":82,"date":"2016-07-21T10:22:25","date_gmt":"2016-07-21T08:22:25","guid":{"rendered":"http:\/\/drewmax.net.pl\/?page_id=82"},"modified":"2025-04-03T13:34:17","modified_gmt":"2025-04-03T11:34:17","slug":"wbs","status":"publish","type":"page","link":"https:\/\/drewmax.net.pl\/fr\/wbs\/","title":{"rendered":"(Polski) P\u00f3\u0142automatyczna linia wa\u017c\u0105co-pakuj\u0105ca typ WB\/S"},"content":{"rendered":"\t\t<div data-elementor-type=\"wp-post\" data-elementor-id=\"82\" class=\"elementor elementor-82\" data-elementor-settings=\"[]\">\n\t\t\t\t\t\t<div class=\"elementor-inner\">\n\t\t\t\t\t\t\t<div class=\"elementor-section-wrap\">\n\t\t\t\t\t\t\t<section class=\"elementor-section elementor-top-section elementor-element elementor-element-015f56d elementor-section-boxed elementor-section-height-default elementor-section-height-default\" data-id=\"015f56d\" data-element_type=\"section\" data-settings=\"{&quot;background_background&quot;:&quot;classic&quot;}\">\n\t\t\t\t\t\t<div class=\"elementor-container elementor-column-gap-default\">\n\t\t\t\t\t\t\t<div class=\"elementor-row\">\n\t\t\t\t\t<div class=\"elementor-column elementor-col-100 elementor-top-column elementor-element elementor-element-90ea887\" data-id=\"90ea887\" data-element_type=\"column\">\n\t\t\t<div class=\"elementor-column-wrap elementor-element-populated\">\n\t\t\t\t\t\t\t<div class=\"elementor-widget-wrap\">\n\t\t\t\t\t\t<div class=\"elementor-element elementor-element-e93cecf elementor-widget elementor-widget-heading\" data-id=\"e93cecf\" data-element_type=\"widget\" data-widget_type=\"heading.default\">\n\t\t\t\t<div class=\"elementor-widget-container\">\n\t\t\t<h2 class=\"elementor-heading-title elementor-size-xl\"> Ligne de pesage et d'emballage semi-automatique\nType WB\/S\n<\/h2>\t\t<\/div>\n\t\t\t\t<\/div>\n\t\t\t\t\t\t<\/div>\n\t\t\t\t\t<\/div>\n\t\t<\/div>\n\t\t\t\t\t\t\t\t<\/div>\n\t\t\t\t\t<\/div>\n\t\t<\/section>\n\t\t\t\t<section class=\"elementor-section elementor-top-section elementor-element elementor-element-cb98bd2 elementor-section-boxed elementor-section-height-default elementor-section-height-default\" data-id=\"cb98bd2\" data-element_type=\"section\" data-settings=\"{&quot;background_background&quot;:&quot;classic&quot;}\">\n\t\t\t\t\t\t<div class=\"elementor-container elementor-column-gap-default\">\n\t\t\t\t\t\t\t<div class=\"elementor-row\">\n\t\t\t\t\t<div class=\"elementor-column elementor-col-100 elementor-top-column elementor-element elementor-element-6724b2c\" data-id=\"6724b2c\" data-element_type=\"column\">\n\t\t\t<div class=\"elementor-column-wrap elementor-element-populated\">\n\t\t\t\t\t\t\t<div class=\"elementor-widget-wrap\">\n\t\t\t\t\t\t<div class=\"elementor-element elementor-element-68c6073 elementor-widget elementor-widget-text-editor\" data-id=\"68c6073\" data-element_type=\"widget\" data-widget_type=\"text-editor.default\">\n\t\t\t\t<div class=\"elementor-widget-container\">\n\t\t\t\t\t\t\t\t<div class=\"elementor-text-editor elementor-clearfix\">\n\t\t\t\t<p><br data-start=\"1668\" data-end=\"1671\" \/>La demande du march\u00e9 nous a amen\u00e9s \u00e0 concevoir la ligne de pesage et d&#8217;emballage semi-automatique de type WB\/S, qui allie pr\u00e9cision du dosage, co\u00fbt relativement bas et facilit\u00e9 d&rsquo;utilisation. La ligne WB\/S est un dispositif de pesage et d&#8217;emballage semi-automatique pour les produits en vrac\/poudreux utilisant des sacs ouverts. La ligne pr\u00e9sent\u00e9e est \u00e9quip\u00e9e d\u2019un syst\u00e8me de pesage mont\u00e9 sur le bec, appel\u00e9 syst\u00e8me \u00e0 rainures, ce qui signifie que le produit est dos\u00e9 directement dans l\u2019emballage via des convoyeurs \u00e0 vis de diff\u00e9rents diam\u00e8tres.<\/p><p data-start=\"2221\" data-end=\"2733\"><\/p>\t\t\t\t\t<\/div>\n\t\t\t\t\t\t<\/div>\n\t\t\t\t<\/div>\n\t\t\t\t\t\t<\/div>\n\t\t\t\t\t<\/div>\n\t\t<\/div>\n\t\t\t\t\t\t\t\t<\/div>\n\t\t\t\t\t<\/div>\n\t\t<\/section>\n\t\t\t\t<section class=\"elementor-section elementor-top-section elementor-element elementor-element-248d8ca elementor-hidden-tablet elementor-hidden-phone elementor-section-content-middle elementor-section-boxed elementor-section-height-default elementor-section-height-default\" data-id=\"248d8ca\" data-element_type=\"section\" data-settings=\"{&quot;background_background&quot;:&quot;classic&quot;}\">\n\t\t\t\t\t\t<div class=\"elementor-container elementor-column-gap-default\">\n\t\t\t\t\t\t\t<div class=\"elementor-row\">\n\t\t\t\t\t<div class=\"elementor-column elementor-col-100 elementor-top-column elementor-element elementor-element-8fe5c9b\" data-id=\"8fe5c9b\" data-element_type=\"column\">\n\t\t\t<div class=\"elementor-column-wrap elementor-element-populated\">\n\t\t\t\t\t\t\t<div class=\"elementor-widget-wrap\">\n\t\t\t\t\t\t<div class=\"elementor-element elementor-element-4a47cdd elementor-widget elementor-widget-html\" data-id=\"4a47cdd\" data-element_type=\"widget\" data-widget_type=\"html.default\">\n\t\t\t\t<div class=\"elementor-widget-container\">\n\t\t\t<noscript>\r\n    <img src=\"\/rendery\/wbs\/38.jpg\" alt=\"wbs\">\r\n<\/noscript>\r\n    <div\r\n      class=\"cloudimage-360\"\r\n      data-folder=\"\/rendery\/wbs\/\"\r\n      data-filename=\"{index}.jpg\"\r\n      data-amount=\"72\"\r\n      data-magnifier=\"3\"\r\n      data-spin-reverse\r\n    ><\/div>\r\n    <!-- Add script tag with CDN link to js-cloudimage-360-view lib after all content in body tag -->\r\n    <script src=\"\/rendery\/wbs\/wbs.js\"><\/script>\t\t<\/div>\n\t\t\t\t<\/div>\n\t\t\t\t\t\t<\/div>\n\t\t\t\t\t<\/div>\n\t\t<\/div>\n\t\t\t\t\t\t\t\t<\/div>\n\t\t\t\t\t<\/div>\n\t\t<\/section>\n\t\t\t\t<section class=\"elementor-section elementor-top-section elementor-element elementor-element-ff5a3a7 elementor-section-boxed elementor-section-height-default elementor-section-height-default\" data-id=\"ff5a3a7\" data-element_type=\"section\" data-settings=\"{&quot;background_background&quot;:&quot;classic&quot;}\">\n\t\t\t\t\t\t<div class=\"elementor-container elementor-column-gap-default\">\n\t\t\t\t\t\t\t<div class=\"elementor-row\">\n\t\t\t\t\t<div class=\"elementor-column elementor-col-100 elementor-top-column elementor-element elementor-element-1aa9166\" data-id=\"1aa9166\" data-element_type=\"column\">\n\t\t\t<div class=\"elementor-column-wrap elementor-element-populated\">\n\t\t\t\t\t\t\t<div class=\"elementor-widget-wrap\">\n\t\t\t\t\t\t<div class=\"elementor-element elementor-element-927da56 elementor-widget elementor-widget-text-editor\" data-id=\"927da56\" data-element_type=\"widget\" data-widget_type=\"text-editor.default\">\n\t\t\t\t<div class=\"elementor-widget-container\">\n\t\t\t\t\t\t\t\t<div class=\"elementor-text-editor elementor-clearfix\">\n\t\t\t\t<p><br data-start=\"1619\" data-end=\"1622\" \/><span style=\"text-decoration: underline;\"><strong data-start=\"1622\" data-end=\"1661\">Composants de base de l&rsquo;\u00e9quipement:<\/strong><\/span><\/p><ul data-start=\"1664\" data-end=\"2175\"><li data-start=\"1664\" data-end=\"1726\">Structure de support de la ligne avec plateforme op\u00e9rateur<\/li><li data-start=\"1727\" data-end=\"1766\">Balance \u00e9lectronique de pesage brut<\/li><li data-start=\"1767\" data-end=\"1783\">Doseur \u00e0 vis<\/li><li data-start=\"1784\" data-end=\"1800\">Buse ouverte<\/li><li data-start=\"1801\" data-end=\"1849\">Convoyeur \u00e0 bande pour le transport des sacs<\/li><li data-start=\"1850\" data-end=\"1899\">Syst\u00e8me de r\u00e9glage de la hauteur du convoyeur<\/li><li data-start=\"1900\" data-end=\"1953\">Syst\u00e8me de guidage de la partie sup\u00e9rieure du sac<\/li><li data-start=\"1954\" data-end=\"1983\">Machine \u00e0 coudre \u00e0 un fil<\/li><li data-start=\"1984\" data-end=\"2064\">Convoyeur lat\u00e9ral pour la r\u00e9ception des sacs avec un syst\u00e8me de retournement<\/li><li data-start=\"2065\" data-end=\"2137\">Syst\u00e8me de commande clair bas\u00e9 sur un PLC Siemens avec \u00e9cran tactile<\/li><li data-start=\"2138\" data-end=\"2175\">Moteurs\/servomoteurs SEW ou LENZE<\/li><\/ul><p data-start=\"996\" data-end=\"1043\"><span style=\"text-decoration: underline;\"><strong data-start=\"1016\" data-end=\"1041\">\u00c9quipement optionnel:<\/strong><\/span><\/p><ul data-start=\"1044\" data-end=\"1381\"><li data-start=\"1044\" data-end=\"1096\">Syst\u00e8me de pliage de la partie sup\u00e9rieure du sac<\/li><li data-start=\"1097\" data-end=\"1138\">Syst\u00e8me d\u2019application de bande cr\u00eap\u00e9e<\/li><li data-start=\"1139\" data-end=\"1186\">Syst\u00e8me d\u2019aspiration du produit dans le sac<\/li><li data-start=\"1187\" data-end=\"1225\">Syst\u00e8me de vibration du sac rempli<\/li><li data-start=\"1226\" data-end=\"1265\">Syst\u00e8me de nettoyage des convoyeurs<\/li><li data-start=\"1266\" data-end=\"1313\">Soudeuse \u00e0 impulsion ou \u00e0 chaleur constante<\/li><li data-start=\"1314\" data-end=\"1347\">Machine \u00e0 coudre \u00e0 double fil<\/li><li data-start=\"1348\" data-end=\"1381\">R\u00e9servoir tampon de surcharge<\/li><\/ul><p data-start=\"2182\" data-end=\"2239\"><\/p><\/div>\t\t\t\t\t<\/div>\n\t\t\t\t\t\t<\/div>\n\t\t\t\t<\/div>\n\t\t\t\t<div class=\"elementor-element elementor-element-aff99d3 elementor-widget elementor-widget-spacer\" data-id=\"aff99d3\" data-element_type=\"widget\" data-widget_type=\"spacer.default\">\n\t\t\t\t<div class=\"elementor-widget-container\">\n\t\t\t\t\t<div class=\"elementor-spacer\">\n\t\t\t<div class=\"elementor-spacer-inner\"><\/div>\n\t\t<\/div>\n\t\t\t\t<\/div>\n\t\t\t\t<\/div>\n\t\t\t\t\t\t<\/div>\n\t\t\t\t\t<\/div>\n\t\t<\/div>\n\t\t\t\t<div class=\"elementor-column elementor-col-100 elementor-top-column elementor-element elementor-element-dd8316e\" data-id=\"dd8316e\" data-element_type=\"column\">\n\t\t\t<div class=\"elementor-column-wrap elementor-element-populated\">\n\t\t\t\t\t\t\t<div class=\"elementor-widget-wrap\">\n\t\t\t\t\t\t<div class=\"elementor-element elementor-element-c955754 elementor-widget elementor-widget-text-editor\" data-id=\"c955754\" data-element_type=\"widget\" data-widget_type=\"text-editor.default\">\n\t\t\t\t<div class=\"elementor-widget-container\">\n\t\t\t\t\t\t\t\t<div class=\"elementor-text-editor elementor-clearfix\">\n\t\t\t\t<p><\/p><p data-start=\"1971\" data-end=\"1997\"><span style=\"text-decoration: underline;\"><strong>Param\u00e8tres techniques de base :<\/strong><\/span><\/p><ul data-start=\"1998\" data-end=\"2670\"><li data-start=\"1998\" data-end=\"2038\">Poids maximal par portion: 50 kg<\/li><li data-start=\"2039\" data-end=\"2079\">Poids minimal par portion: 10 kg<\/li><li data-start=\"2080\" data-end=\"2209\">Capacit\u00e9 de la ligne: jusqu&rsquo;\u00e0 280 portions\/heure (selon l&rsquo;op\u00e9rateur, les propri\u00e9t\u00e9s du produit et la taille des portions)<\/li><li data-start=\"2210\" data-end=\"2407\">Type de sacs: sacs ouverts, sacs en papier multicouche (jusqu&rsquo;\u00e0 4 couches), recommand\u00e9s avec fond enveloppe sans soufflets lat\u00e9raux, sacs en plastique PE, sacs en polypropyl\u00e8ne (PP) enduits<\/li><li data-start=\"2408\" data-end=\"2444\">Largeur du sac: 450 \u2013 650 mm<\/li><li data-start=\"2445\" data-end=\"2483\">Longueur du sac: 600 \u2013 1100 mm<\/li><li data-start=\"2484\" data-end=\"2530\">Alimentation \u00e9lectrique: 3 x 400V 50Hz<\/li><li data-start=\"2531\" data-end=\"2569\">Puissance requise: max. 4,5 kW<\/li><li data-start=\"2570\" data-end=\"2618\">Alimentation en air comprim\u00e9: 5 \u2013 10 bar<\/li><li data-start=\"2619\" data-end=\"2670\">Consommation d&rsquo;air comprim\u00e9: 200-400 Nl\/min<\/li><\/ul><p data-start=\"2677\" data-end=\"2705\"><\/p><\/div>\t\t\t\t\t<\/div>\n\t\t\t\t\t\t<\/div>\n\t\t\t\t<\/div>\n\t\t\t\t\t\t<\/div>\n\t\t\t\t\t<\/div>\n\t\t<\/div>\n\t\t\t\t\t\t\t\t<\/div>\n\t\t\t\t\t<\/div>\n\t\t<\/section>\n\t\t\t\t<section class=\"elementor-section elementor-top-section elementor-element elementor-element-53272b2 elementor-section-boxed elementor-section-height-default elementor-section-height-default\" data-id=\"53272b2\" data-element_type=\"section\" data-settings=\"{&quot;background_background&quot;:&quot;classic&quot;}\">\n\t\t\t\t\t\t<div class=\"elementor-container elementor-column-gap-default\">\n\t\t\t\t\t\t\t<div class=\"elementor-row\">\n\t\t\t\t\t<div class=\"elementor-column elementor-col-100 elementor-top-column elementor-element elementor-element-7587f59\" data-id=\"7587f59\" data-element_type=\"column\">\n\t\t\t<div class=\"elementor-column-wrap elementor-element-populated\">\n\t\t\t\t\t\t\t<div class=\"elementor-widget-wrap\">\n\t\t\t\t\t\t<div class=\"elementor-element elementor-element-7f2876e elementor-align-center elementor-widget elementor-widget-button\" data-id=\"7f2876e\" data-element_type=\"widget\" data-widget_type=\"button.default\">\n\t\t\t\t<div class=\"elementor-widget-container\">\n\t\t\t\t\t<div class=\"elementor-button-wrapper\">\n\t\t\t<a href=\"https:\/\/drewmax.net.pl\/wp-content\/uploads\/2025\/04\/Polautomatyczna-linia-wazaco-pakujaca-WBS_front_FR.pdf\" target=\"_blank\" class=\"elementor-button-link elementor-button elementor-size-lg\" role=\"button\">\n\t\t\t\t\t\t<span class=\"elementor-button-content-wrapper\">\n\t\t\t\t\t\t<span class=\"elementor-button-icon elementor-align-icon-right\">\n\t\t\t\t<i aria-hidden=\"true\" class=\"fas fa-download\"><\/i>\t\t\t<\/span>\n\t\t\t\t\t\t<span class=\"elementor-button-text\">  T\u00e9l\u00e9charger la fiche produit<\/span>\n\t\t<\/span>\n\t\t\t\t\t<\/a>\n\t\t<\/div>\n\t\t\t\t<\/div>\n\t\t\t\t<\/div>\n\t\t\t\t\t\t<\/div>\n\t\t\t\t\t<\/div>\n\t\t<\/div>\n\t\t\t\t\t\t\t\t<\/div>\n\t\t\t\t\t<\/div>\n\t\t<\/section>\n\t\t\t\t\t\t<\/div>\n\t\t\t\t\t\t<\/div>\n\t\t\t\t\t<\/div>\n\t\t","protected":false},"excerpt":{"rendered":"<p>Ligne de pesage et d&#8217;emballage semi-automatique Type WB\/S La demande du march\u00e9 nous a amen\u00e9s \u00e0 concevoir la ligne de pesage et d&#8217;emballage semi-automatique de type WB\/S, qui allie pr\u00e9cision du dosage, co\u00fbt relativement bas et facilit\u00e9 d&rsquo;utilisation. La ligne WB\/S est un dispositif de pesage et d&#8217;emballage semi-automatique pour les produits en vrac\/poudreux utilisant&hellip;<\/p>\n","protected":false},"author":1,"featured_media":12103,"parent":0,"menu_order":0,"comment_status":"closed","ping_status":"closed","template":"","meta":[],"yoast_head":"<!-- This site is optimized with the Yoast SEO Premium plugin v15.5 - https:\/\/yoast.com\/wordpress\/plugins\/seo\/ -->\n<title>Wa\u017cenie Pakowanie Paletyzacja Automatyka przemys\u0142owa linie<\/title>\n<meta name=\"description\" content=\"Wa\u017cenie Pakowanie Paletyzacja Automatyka przemys\u0142owa linie wa\u017c\u0105co - pakuj\u0105ce bigbag zbiorniki technologiczne mikrodozowanie linie PP PE\" \/>\n<meta name=\"robots\" content=\"index, follow, max-snippet:-1, max-image-preview:large, max-video-preview:-1\" \/>\n<link rel=\"canonical\" href=\"https:\/\/drewmax.net.pl\/wbs\/\" \/>\n<meta property=\"og:locale\" content=\"fr_FR\" \/>\n<meta property=\"og:type\" content=\"article\" \/>\n<meta property=\"og:title\" content=\"Wa\u017cenie Pakowanie Paletyzacja Automatyka przemys\u0142owa linie\" \/>\n<meta property=\"og:description\" content=\"Wa\u017cenie Pakowanie Paletyzacja Automatyka przemys\u0142owa linie wa\u017c\u0105co - pakuj\u0105ce bigbag zbiorniki technologiczne mikrodozowanie linie PP PE\" \/>\n<meta property=\"og:url\" content=\"https:\/\/drewmax.net.pl\/wbs\/\" \/>\n<meta property=\"og:site_name\" content=\"(Polski) Drewmax - Wa\u017cenie | Pakowanie | Paletyzacja | Automatyka\" \/>\n<meta property=\"article:publisher\" content=\"https:\/\/www.facebook.com\/Drewmax-111641623604429\/\" \/>\n<meta property=\"article:modified_time\" content=\"2025-04-03T11:34:17+00:00\" \/>\n<meta name=\"twitter:card\" content=\"summary_large_image\" \/>\n<meta name=\"twitter:label1\" content=\"Dur\u00e9e de lecture estim\u00e9e\">\n\t<meta name=\"twitter:data1\" content=\"9 minutes\">\n<script type=\"application\/ld+json\" class=\"yoast-schema-graph\">{\"@context\":\"https:\/\/schema.org\",\"@graph\":[{\"@type\":\"Organization\",\"@id\":\"https:\/\/drewmax.net.pl\/en\/#organization\",\"name\":\"DREWMAX Sp\\u00f3\\u0142ka z o.o.\",\"url\":\"https:\/\/drewmax.net.pl\/en\/\",\"sameAs\":[\"https:\/\/www.facebook.com\/Drewmax-111641623604429\/\",\"https:\/\/www.instagram.com\/drewmax.net.pl\/\",\"https:\/\/www.youtube.com\/channel\/UCCS8U5F8gSyJAlSWjxgbLRQ\"],\"logo\":{\"@type\":\"ImageObject\",\"@id\":\"https:\/\/drewmax.net.pl\/en\/#logo\",\"inLanguage\":\"fr-FR\",\"url\":\"\",\"caption\":\"DREWMAX Sp\\u00f3\\u0142ka z o.o.\"},\"image\":{\"@id\":\"https:\/\/drewmax.net.pl\/en\/#logo\"}},{\"@type\":\"WebSite\",\"@id\":\"https:\/\/drewmax.net.pl\/en\/#website\",\"url\":\"https:\/\/drewmax.net.pl\/en\/\",\"name\":\"(Polski) Drewmax - Wa\\u017cenie | Pakowanie | Paletyzacja | Automatyka\",\"description\":\"\",\"publisher\":{\"@id\":\"https:\/\/drewmax.net.pl\/en\/#organization\"},\"potentialAction\":[{\"@type\":\"SearchAction\",\"target\":\"https:\/\/drewmax.net.pl\/en\/?s={search_term_string}\",\"query-input\":\"required name=search_term_string\"}],\"inLanguage\":\"fr-FR\"},{\"@type\":\"ImageObject\",\"@id\":\"https:\/\/drewmax.net.pl\/wbs\/#primaryimage\",\"inLanguage\":\"fr-FR\",\"url\":\"\"},{\"@type\":\"WebPage\",\"@id\":\"https:\/\/drewmax.net.pl\/wbs\/#webpage\",\"url\":\"https:\/\/drewmax.net.pl\/wbs\/\",\"name\":\"Wa\\u017cenie Pakowanie Paletyzacja Automatyka przemys\\u0142owa linie\",\"isPartOf\":{\"@id\":\"https:\/\/drewmax.net.pl\/en\/#website\"},\"primaryImageOfPage\":{\"@id\":\"https:\/\/drewmax.net.pl\/wbs\/#primaryimage\"},\"datePublished\":\"2016-07-21T08:22:25+00:00\",\"dateModified\":\"2025-04-03T11:34:17+00:00\",\"description\":\"Wa\\u017cenie Pakowanie Paletyzacja Automatyka przemys\\u0142owa linie wa\\u017c\\u0105co - pakuj\\u0105ce bigbag zbiorniki technologiczne mikrodozowanie linie PP PE\",\"breadcrumb\":{\"@id\":\"https:\/\/drewmax.net.pl\/wbs\/#breadcrumb\"},\"inLanguage\":\"fr-FR\",\"potentialAction\":[{\"@type\":\"ReadAction\",\"target\":[\"https:\/\/drewmax.net.pl\/wbs\/\"]}]},{\"@type\":\"BreadcrumbList\",\"@id\":\"https:\/\/drewmax.net.pl\/wbs\/#breadcrumb\",\"itemListElement\":[{\"@type\":\"ListItem\",\"position\":1,\"item\":{\"@type\":\"WebPage\",\"@id\":\"https:\/\/drewmax.net.pl\/\",\"url\":\"https:\/\/drewmax.net.pl\/\",\"name\":\"Home\"}},{\"@type\":\"ListItem\",\"position\":2,\"item\":{\"@type\":\"WebPage\",\"@id\":\"https:\/\/drewmax.net.pl\/wbs\/\",\"url\":\"https:\/\/drewmax.net.pl\/wbs\/\",\"name\":\"P\\u00f3\\u0142automatyczna linia wa\\u017c\\u0105co-pakuj\\u0105ca typ WB\/S\"}}]}]}<\/script>\n<!-- \/ Yoast SEO Premium plugin. -->","_links":{"self":[{"href":"https:\/\/drewmax.net.pl\/fr\/wp-json\/wp\/v2\/pages\/82"}],"collection":[{"href":"https:\/\/drewmax.net.pl\/fr\/wp-json\/wp\/v2\/pages"}],"about":[{"href":"https:\/\/drewmax.net.pl\/fr\/wp-json\/wp\/v2\/types\/page"}],"author":[{"embeddable":true,"href":"https:\/\/drewmax.net.pl\/fr\/wp-json\/wp\/v2\/users\/1"}],"replies":[{"embeddable":true,"href":"https:\/\/drewmax.net.pl\/fr\/wp-json\/wp\/v2\/comments?post=82"}],"version-history":[{"count":153,"href":"https:\/\/drewmax.net.pl\/fr\/wp-json\/wp\/v2\/pages\/82\/revisions"}],"predecessor-version":[{"id":32528,"href":"https:\/\/drewmax.net.pl\/fr\/wp-json\/wp\/v2\/pages\/82\/revisions\/32528"}],"wp:featuredmedia":[{"embeddable":true,"href":"https:\/\/drewmax.net.pl\/fr\/wp-json\/wp\/v2\/media\/12103"}],"wp:attachment":[{"href":"https:\/\/drewmax.net.pl\/fr\/wp-json\/wp\/v2\/media?parent=82"}],"curies":[{"name":"wp","href":"https:\/\/api.w.org\/{rel}","templated":true}]}}