{"id":415,"date":"2016-08-18T13:22:20","date_gmt":"2016-08-18T11:22:20","guid":{"rendered":"http:\/\/drewmax.net.pl\/?page_id=415"},"modified":"2025-03-25T12:27:03","modified_gmt":"2025-03-25T11:27:03","slug":"awnt","status":"publish","type":"page","link":"https:\/\/drewmax.net.pl\/fr\/awnt\/","title":{"rendered":"Automatyczna linia wa\u017c\u0105co pakuj\u0105ca typ aWN\/T"},"content":{"rendered":"\t\t<div data-elementor-type=\"wp-post\" data-elementor-id=\"415\" class=\"elementor elementor-415\" data-elementor-settings=\"[]\">\n\t\t\t\t\t\t<div class=\"elementor-inner\">\n\t\t\t\t\t\t\t<div class=\"elementor-section-wrap\">\n\t\t\t\t\t\t\t<section class=\"elementor-section elementor-top-section elementor-element elementor-element-fe8933b elementor-section-boxed elementor-section-height-default elementor-section-height-default\" data-id=\"fe8933b\" data-element_type=\"section\" data-settings=\"{&quot;background_background&quot;:&quot;classic&quot;}\">\n\t\t\t\t\t\t<div class=\"elementor-container elementor-column-gap-default\">\n\t\t\t\t\t\t\t<div class=\"elementor-row\">\n\t\t\t\t\t<div class=\"elementor-column elementor-col-100 elementor-top-column elementor-element elementor-element-25ae83b\" data-id=\"25ae83b\" data-element_type=\"column\">\n\t\t\t<div class=\"elementor-column-wrap elementor-element-populated\">\n\t\t\t\t\t\t\t<div class=\"elementor-widget-wrap\">\n\t\t\t\t\t\t<div class=\"elementor-element elementor-element-0aa0bda elementor-widget elementor-widget-heading\" data-id=\"0aa0bda\" data-element_type=\"widget\" data-widget_type=\"heading.default\">\n\t\t\t\t<div class=\"elementor-widget-container\">\n\t\t\t<h2 class=\"elementor-heading-title elementor-size-xl\"> Ligne automatique de pes\u00e9e et d'emballage type aWN\/T\n<\/h2>\t\t<\/div>\n\t\t\t\t<\/div>\n\t\t\t\t\t\t<\/div>\n\t\t\t\t\t<\/div>\n\t\t<\/div>\n\t\t\t\t\t\t\t\t<\/div>\n\t\t\t\t\t<\/div>\n\t\t<\/section>\n\t\t\t\t<section class=\"elementor-section elementor-top-section elementor-element elementor-element-c345107 elementor-section-boxed elementor-section-height-default elementor-section-height-default\" data-id=\"c345107\" data-element_type=\"section\" data-settings=\"{&quot;background_background&quot;:&quot;classic&quot;}\">\n\t\t\t\t\t\t<div class=\"elementor-container elementor-column-gap-default\">\n\t\t\t\t\t\t\t<div class=\"elementor-row\">\n\t\t\t\t\t<div class=\"elementor-column elementor-col-50 elementor-top-column elementor-element elementor-element-dfcebcb\" data-id=\"dfcebcb\" data-element_type=\"column\">\n\t\t\t<div class=\"elementor-column-wrap elementor-element-populated\">\n\t\t\t\t\t\t\t<div class=\"elementor-widget-wrap\">\n\t\t\t\t\t\t<div class=\"elementor-element elementor-element-5f19224 elementor-widget elementor-widget-text-editor\" data-id=\"5f19224\" data-element_type=\"widget\" data-widget_type=\"text-editor.default\">\n\t\t\t\t<div class=\"elementor-widget-container\">\n\t\t\t\t\t\t\t\t<div class=\"elementor-text-editor elementor-clearfix\">\n\t\t\t\t<p><\/p><p data-start=\"634\" data-end=\"934\">La combinaison des technologies modernes et des composants des meilleures marques a permis de cr\u00e9er la ligne de pes\u00e9e et d&#8217;emballage automatique type aWN\/T. La ligne aWN\/T est un \u00e9quipement automatique de pes\u00e9e et d&#8217;emballage pour les produits en <strong>vrac\/granul\u00e9<\/strong>s utilisant des <strong>sacs ouverts.<\/strong><\/p><p data-start=\"938\" data-end=\"1229\">Cette ligne est \u00e9quip\u00e9e de deux tr\u00e9mies de pes\u00e9e, qui sont remplies alternativement par des doseurs \u00e0 bande \u00e0 vitesse variable. Gr\u00e2ce \u00e0 cette configuration, nous avons obtenu une grande pr\u00e9cision de pes\u00e9e ainsi qu&rsquo;une capacit\u00e9 de production \u00e9lev\u00e9e pouvant atteindre <strong>450 portions par heure.<\/strong><\/p><p data-start=\"1233\" data-end=\"1505\"><\/p>\t\t\t\t\t<\/div>\n\t\t\t\t\t\t<\/div>\n\t\t\t\t<\/div>\n\t\t\t\t\t\t<\/div>\n\t\t\t\t\t<\/div>\n\t\t<\/div>\n\t\t\t\t<div class=\"elementor-column elementor-col-50 elementor-top-column elementor-element elementor-element-a31b9f7\" data-id=\"a31b9f7\" data-element_type=\"column\">\n\t\t\t<div class=\"elementor-column-wrap elementor-element-populated\">\n\t\t\t\t\t\t\t<div class=\"elementor-widget-wrap\">\n\t\t\t\t\t\t<div class=\"elementor-element elementor-element-37f2200 elementor-widget elementor-widget-image\" data-id=\"37f2200\" data-element_type=\"widget\" data-widget_type=\"image.default\">\n\t\t\t\t<div class=\"elementor-widget-container\">\n\t\t\t\t\t\t\t\t<div class=\"elementor-image\">\n\t\t\t\t\t\t\t\t\t\t\t\t<img width=\"523\" height=\"734\" src=\"https:\/\/drewmax.net.pl\/wp-content\/uploads\/2020\/10\/2awnt-2.png\" class=\"attachment-large size-large\" alt=\"\" loading=\"lazy\" srcset=\"https:\/\/drewmax.net.pl\/wp-content\/uploads\/2020\/10\/2awnt-2.png 523w, https:\/\/drewmax.net.pl\/wp-content\/uploads\/2020\/10\/2awnt-2-214x300.png 214w\" sizes=\"(max-width: 523px) 100vw, 523px\" \/>\t\t\t\t\t\t\t\t\t\t\t\t\t\t<\/div>\n\t\t\t\t\t\t<\/div>\n\t\t\t\t<\/div>\n\t\t\t\t\t\t<\/div>\n\t\t\t\t\t<\/div>\n\t\t<\/div>\n\t\t\t\t\t\t\t\t<\/div>\n\t\t\t\t\t<\/div>\n\t\t<\/section>\n\t\t\t\t<section class=\"elementor-section elementor-top-section elementor-element elementor-element-6bdb000d elementor-section-boxed elementor-section-height-default elementor-section-height-default\" data-id=\"6bdb000d\" data-element_type=\"section\" data-settings=\"{&quot;background_background&quot;:&quot;classic&quot;}\">\n\t\t\t\t\t\t<div class=\"elementor-container elementor-column-gap-default\">\n\t\t\t\t\t\t\t<div class=\"elementor-row\">\n\t\t\t\t\t<div class=\"elementor-column elementor-col-50 elementor-top-column elementor-element elementor-element-257ed6fd\" data-id=\"257ed6fd\" data-element_type=\"column\">\n\t\t\t<div class=\"elementor-column-wrap elementor-element-populated\">\n\t\t\t\t\t\t\t<div class=\"elementor-widget-wrap\">\n\t\t\t\t\t\t<div class=\"elementor-element elementor-element-f14eae7 elementor-widget elementor-widget-text-editor\" data-id=\"f14eae7\" data-element_type=\"widget\" data-widget_type=\"text-editor.default\">\n\t\t\t\t<div class=\"elementor-widget-container\">\n\t\t\t\t\t\t\t\t<div class=\"elementor-text-editor elementor-clearfix\">\n\t\t\t\t<p><\/p><p data-start=\"1017\" data-end=\"1070\"><span style=\"text-decoration: underline;\"><strong data-start=\"1022\" data-end=\"1068\">Composants de base de l\u2019\u00e9quipement :<\/strong><\/span><\/p><ul data-start=\"1071\" data-end=\"1798\"><li data-start=\"1071\" data-end=\"1138\">Structure de support de la ligne avec plateforme d\u2019exploitation<\/li><li data-start=\"1139\" data-end=\"1189\">Dispositif d\u2019alimentation automatique des sacs<\/li><li data-start=\"1190\" data-end=\"1244\">Balance \u00e9lectronique de dosage de type net \u2013 1 pc.<\/li><li data-start=\"1245\" data-end=\"1271\">Doseur \u00e0 bande \u2013 1 pc.<\/li><li data-start=\"1272\" data-end=\"1306\">Goulotte de remplissage ferm\u00e9e<\/li><li data-start=\"1307\" data-end=\"1360\">Syst\u00e8me de formage de la partie sup\u00e9rieure du sac<\/li><li data-start=\"1361\" data-end=\"1394\">Chariot de transport des sacs<\/li><li data-start=\"1395\" data-end=\"1430\">Convoyeur de transport des sacs<\/li><li data-start=\"1431\" data-end=\"1477\">Syst\u00e8me de r\u00e9glage en hauteur du convoyeur<\/li><li data-start=\"1478\" data-end=\"1531\">Syst\u00e8me de guidage de la partie sup\u00e9rieure du sac<\/li><li data-start=\"1532\" data-end=\"1565\">Capteurs de continuit\u00e9 du fil<\/li><li data-start=\"1566\" data-end=\"1599\">Machine \u00e0 coudre \u00e0 double fil<\/li><li data-start=\"1600\" data-end=\"1672\">Convoyeur lat\u00e9ral de r\u00e9ception des sacs avec syst\u00e8me de retournement<\/li><li data-start=\"1673\" data-end=\"1754\">Syst\u00e8me de commande clair bas\u00e9 sur un automate Siemens PLC avec \u00e9cran tactile<\/li><li data-start=\"1755\" data-end=\"1798\">Entra\u00eenements\/servomoteurs SEW ou LENZE<\/li><\/ul><p data-start=\"1800\" data-end=\"1830\"><span style=\"text-decoration: underline;\"><strong data-start=\"1800\" data-end=\"1828\">\u00c9quipements optionnels :<\/strong><\/span><\/p><ul data-start=\"1831\" data-end=\"2131\"><li data-start=\"1831\" data-end=\"1883\">Syst\u00e8me de pliage de la partie sup\u00e9rieure du sac<\/li><li data-start=\"1884\" data-end=\"1924\">Syst\u00e8me d\u2019application de ruban cr\u00eap\u00e9<\/li><li data-start=\"1925\" data-end=\"1972\">Syst\u00e8me d\u2019aspiration du produit dans le sac<\/li><li data-start=\"1973\" data-end=\"2011\">Syst\u00e8me de vibration du sac rempli<\/li><li data-start=\"2012\" data-end=\"2048\">Syst\u00e8me de nettoyage des doseurs<\/li><li data-start=\"2049\" data-end=\"2096\">Soudeuse \u00e0 impulsion ou \u00e0 chaleur constante<\/li><li data-start=\"2097\" data-end=\"2131\">R\u00e9servoir tampon pour surpoids<\/li><\/ul><hr data-start=\"2133\" data-end=\"2136\" \/><p data-start=\"2138\" data-end=\"2183\"><\/p>\t\t\t\t\t<\/div>\n\t\t\t\t\t\t<\/div>\n\t\t\t\t<\/div>\n\t\t\t\t\t\t<\/div>\n\t\t\t\t\t<\/div>\n\t\t<\/div>\n\t\t\t\t<div class=\"elementor-column elementor-col-50 elementor-top-column elementor-element elementor-element-14be9ba\" data-id=\"14be9ba\" data-element_type=\"column\">\n\t\t\t<div class=\"elementor-column-wrap elementor-element-populated\">\n\t\t\t\t\t\t\t<div class=\"elementor-widget-wrap\">\n\t\t\t\t\t\t<div class=\"elementor-element elementor-element-2c8f094 elementor-widget elementor-widget-text-editor\" data-id=\"2c8f094\" data-element_type=\"widget\" data-widget_type=\"text-editor.default\">\n\t\t\t\t<div class=\"elementor-widget-container\">\n\t\t\t\t\t\t\t\t<div class=\"elementor-text-editor elementor-clearfix\">\n\t\t\t\t<p><\/p><p data-start=\"668\" data-end=\"715\"><span style=\"text-decoration: underline;\"><strong data-start=\"672\" data-end=\"713\">Param\u00e8tres techniques de base :<\/strong><\/span><\/p><ul><li data-start=\"716\" data-end=\"1325\">Poids maximal de la portion : 50 kg,<\/li><li data-start=\"716\" data-end=\"1325\">Poids minimal de la portion : 10 kg,<\/li><li data-start=\"716\" data-end=\"1325\">Capacit\u00e9 de la ligne : jusqu&rsquo;\u00e0 800 portions\/heure (selon les propri\u00e9t\u00e9s du produit et la taille de la portion),<\/li><li data-start=\"716\" data-end=\"1325\">Type de sacs : ouverts, en papier multicouche (jusqu&rsquo;\u00e0 4 couches), recommand\u00e9s avec fond plat sans plis lat\u00e9raux, sacs en PE, sacs en polypropyl\u00e8ne PP lamin\u00e9,<\/li><li data-start=\"716\" data-end=\"1325\">Largeur du sac : 450 \u2013 650 mm,<\/li><li data-start=\"716\" data-end=\"1325\">Longueur du sac : 600 \u2013 1100 mm,<\/li><li data-start=\"716\" data-end=\"1325\">Alimentation \u00e9lectrique : 3 x 400V 50Hz,<\/li><li data-start=\"716\" data-end=\"1325\">Puissance maximale requise : 6 kW,<\/li><li data-start=\"716\" data-end=\"1325\">Alimentation en air comprim\u00e9 : 5 \u2013 10 bar,<\/li><li data-start=\"716\" data-end=\"1325\">Consommation d&rsquo;air comprim\u00e9 : 400 Nl\/min.<\/li><\/ul><p data-start=\"1332\" data-end=\"1375\"><\/p>\t\t\t\t\t<\/div>\n\t\t\t\t\t\t<\/div>\n\t\t\t\t<\/div>\n\t\t\t\t\t\t<\/div>\n\t\t\t\t\t<\/div>\n\t\t<\/div>\n\t\t\t\t\t\t\t\t<\/div>\n\t\t\t\t\t<\/div>\n\t\t<\/section>\n\t\t\t\t<section class=\"elementor-section elementor-top-section elementor-element elementor-element-a836106 elementor-section-boxed elementor-section-height-default elementor-section-height-default\" data-id=\"a836106\" data-element_type=\"section\" data-settings=\"{&quot;background_background&quot;:&quot;classic&quot;}\">\n\t\t\t\t\t\t<div class=\"elementor-container elementor-column-gap-default\">\n\t\t\t\t\t\t\t<div class=\"elementor-row\">\n\t\t\t\t\t<div class=\"elementor-column elementor-col-100 elementor-top-column elementor-element elementor-element-fddb1cf\" data-id=\"fddb1cf\" data-element_type=\"column\">\n\t\t\t<div class=\"elementor-column-wrap elementor-element-populated\">\n\t\t\t\t\t\t\t<div class=\"elementor-widget-wrap\">\n\t\t\t\t\t\t<div class=\"elementor-element elementor-element-5974de4 elementor-widget elementor-widget-html\" data-id=\"5974de4\" data-element_type=\"widget\" data-widget_type=\"html.default\">\n\t\t\t\t<div class=\"elementor-widget-container\">\n\t\t\t<script type=\"application\/ld+json\">\r\n{\r\n  \"@context\" : \"http:\/\/schema.org\",\r\n  \"@type\" : \"Product\",\r\n  \"name\" : \"Automatyczna linia wa\u017c\u0105co pakuj\u0105ca typ aWN\/T\",\r\n  \"image\" : \"https:\/\/drewmax.net.pl\/wp-content\/uploads\/2019\/06\/drewmax-logo_v2-1.png\",\r\n  \"description\" : \"Podstawowe podzespo\u0142y urz\u0105dzenia:<BR\/> \u2022 Konstrukcja wsporcza linii z podestem obs\u0142ugowym<BR\/> \u2022 Urz\u0105dzenie automatycznie podaj\u0105ce worki<BR\/> \u2022 Elektroniczna waga porcjuj\u0105ca typu netto \u2013 1szt<BR\/> \u2022 Dozownik ta\u015bmowy \u2013 1szt<BR\/> \u2022 Ustnik zamkni\u0119ty<\/P><P>\u2022 Uk\u0142ad formowania g\u00f3rnej cz\u0119\u015bci worka<BR\/> \u2022 W\u00f3zek transportuj\u0105cy worki<BR\/> \u2022 Ta\u015bmoci\u0105g transportuj\u0105cy worki<BR\/> \u2022 Uk\u0142ad regulacji wysoko\u015bci ta\u015bmoci\u0105gu transportuj\u0105cego<BR\/> \u2022 Uk\u0142ad prowadzenia g\u00f3rnej cz\u0119\u015bci worka<BR\/> \u2022 Czujniki ci\u0105g\u0142o\u015bci nitki<BR\/> \u2022 Zaszywarka dwunitkowa<BR\/> \u2022 Ta\u015bmoci\u0105g boczny odbieraj\u0105cy worki z uk\u0142adem wywracania work\u00f3w<BR\/> \u2022 Czytelny System sterowania oparty na sterowniku PLC Siemens z panelem dotykowym<BR\/> \u2022 Zastosowane nap\u0119dy\/serwonap\u0119dy SEW lub LENZE\",\r\n  \"brand\" : {\r\n    \"@type\" : \"Brand\",\r\n    \"name\" : \"DREWMAX\",\r\n    \"logo\" : \"https:\/\/drewmax.net.pl\/wp-content\/uploads\/2019\/06\/drewmax-logo_v2-1.png\"\r\n  },\r\n  \"sku\" : \"AWN\/T\",\r\n  \"identifier\": {\r\n \"@type\": \"PropertyValue\",\r\n   \"propertyID\": \"Model\",\r\n   \"value\":  \"aWN\/T\"\r\n   },\r\n \"aggregateRating\": {\r\n    \"@type\": \"AggregateRating\",\r\n    \"ratingValue\": \"4.8\",\r\n    \"reviewCount\": \"22\"\r\n  },\r\n   \"offers\": {\r\n    \"@type\": \"AggregateOffer\",\r\n    \"lowPrice\": 300000.0000,\r\n    \"highPrice\": 450000.0000,\r\n    \"priceCurrency\": \"PLN\",\r\n    \"itemCondition\": \"NewCondition\",\r\n\t\"offerCount\": \"40\"\r\n  },\r\n  \"review\": {\r\n    \"@type\": \"Review\",\r\n    \"author\": \"Wojciech\",\r\n    \"datePublished\": \"2019-11-30\",\r\n    \"name\": \"Drewmax | Maszyny pakuj\u0105ce - referencje\",\r\n    \"reviewBody\": \"Zapytaj nas o referencje lub zajrzyj na stron\u0119\"\r\n  },\r\n  \"mpn\" : \"aWN\/T\"\r\n}\r\n<\/script>\r\n\r\n<script type=\"application\/ld+json\">\r\n{\r\n  \"@context\" : \"http:\/\/schema.org\",\r\n  \"@type\" : \"Article\",\r\n  \"name\" : \"Automatyczna linia wa\u017c\u0105co pakuj\u0105ca typ aWN\/T\",\r\n  \"headline\" : \"Automatyczna linia wa\u017c\u0105co pakujaca do produkt\u00f3w sypkich\/granulowanych!\",\r\n  \"author\" : {\r\n    \"@type\" : \"Person\",\r\n    \"name\" : \"Wojciech S\u0105siadek\"\r\n  },\r\n  \"datePublished\" : \"2019-11-30\",\r\n  \"dateModified\" : \"2019-12-10\",\r\n  \"image\" : \"https:\/\/drewmax.net.pl\/wp-content\/uploads\/2019\/06\/drewmax-logo_v2-1.png\",\r\n  \"articleBody\" : \"Po\u0142\u0105czenie nowoczesnych technologii oraz podzespo\u0142y najlepszych marek pozwoli\u0142y stworzy\u0107 automatyczn\u0105 lini\u0119 wa\u017c\u0105co pakuj\u0105c\u0105 typ aWN\/T.<\/P><P>Linia aWN\/T jest automatycznym urz\u0105dzeniem wa\u017c\u0105co pakuj\u0105cym do produkt\u00f3w <STRONG>sypkich\/granulowanych<\/STRONG> przy zastosowaniu <STRONG>work\u00f3w typu otwartego<\/STRONG>.<\/P><P>Przedstawiona linia wyposa\u017cona jest w dwa kosze wagowe, kt\u00f3re naprzemiennie s\u0105 nape\u0142niane poprzez dozowniki ta\u015bmowe o zmiennych pr\u0119dko\u015bciach obrotowych. Dzi\u0119ki takiemu zestawieniu podzespo\u0142\u00f3w uzyskali\u015bmy wysok\u0105 precyzj\u0119 nawa\u017cania, a tak\u017ce du\u017c\u0105 wydajno\u015b\u0107  dochodz\u0105c\u0105 do  <STRONG>450 porcji na godzin\u0119<\/STRONG>.\",\r\n  \"url\" : \"https:\/\/drewmax.net.pl\/linie-wazaco-pakujace-1\/awnt\/\",\r\n  \"mainEntityOfPage\": {\r\n    \"@type\": \"WebPage\",\r\n    \"@id\": \"https:\/\/drewmax.net.pl\/\"\r\n  },\r\n  \"publisher\" : {\r\n    \"@type\" : \"Organization\",\r\n    \"name\" : \"Przedsi\u0119biorstwo Wielobran\u017cowe Drewmax Tadeusz S\u0105siadek i Wsp\u00f3lnicy Sp\u00f3\u0142ka Jawna\",\r\n\t\"logo\" : {\r\n\t\t\"@type\": \"ImageObject\",\r\n\t\t\"url\": \"https:\/\/drewmax.net.pl\/wp-content\/uploads\/2019\/06\/drewmax-logo_v2-1.png\"\r\n\t}\t\r\n  }\r\n  \r\n}\r\n<\/script>\t\t<\/div>\n\t\t\t\t<\/div>\n\t\t\t\t\t\t<\/div>\n\t\t\t\t\t<\/div>\n\t\t<\/div>\n\t\t\t\t\t\t\t\t<\/div>\n\t\t\t\t\t<\/div>\n\t\t<\/section>\n\t\t\t\t\t\t<\/div>\n\t\t\t\t\t\t<\/div>\n\t\t\t\t\t<\/div>\n\t\t","protected":false},"excerpt":{"rendered":"<p>Ligne automatique de pes\u00e9e et d&#8217;emballage type aWN\/T La combinaison des technologies modernes et des composants des meilleures marques a permis de cr\u00e9er la ligne de pes\u00e9e et d&#8217;emballage automatique type aWN\/T. La ligne aWN\/T est un \u00e9quipement automatique de pes\u00e9e et d&#8217;emballage pour les produits en vrac\/granul\u00e9s utilisant des sacs ouverts. Cette ligne est&hellip;<\/p>\n","protected":false},"author":1,"featured_media":0,"parent":0,"menu_order":0,"comment_status":"closed","ping_status":"closed","template":"","meta":[],"yoast_head":"<!-- This site is optimized with the Yoast SEO Premium plugin v15.5 - https:\/\/yoast.com\/wordpress\/plugins\/seo\/ -->\n<title>Wa\u017cenie Pakowanie Paletyzacja Automatyka przemys\u0142owa linie PP PE<\/title>\n<meta name=\"description\" content=\"Wa\u017cenie Pakowanie Paletyzacja Automatyka przemys\u0142owa linie wa\u017c\u0105co - pakuj\u0105ce zbiorniki technologiczne mikrodozowanie linie PP PE\" \/>\n<meta name=\"robots\" content=\"index, follow, max-snippet:-1, max-image-preview:large, max-video-preview:-1\" \/>\n<link rel=\"canonical\" href=\"https:\/\/drewmax.net.pl\/awnt\/\" \/>\n<meta property=\"og:locale\" content=\"fr_FR\" \/>\n<meta property=\"og:type\" content=\"article\" \/>\n<meta property=\"og:title\" content=\"Wa\u017cenie Pakowanie Paletyzacja Automatyka przemys\u0142owa linie PP PE\" \/>\n<meta property=\"og:description\" content=\"Wa\u017cenie Pakowanie Paletyzacja Automatyka przemys\u0142owa linie wa\u017c\u0105co - pakuj\u0105ce zbiorniki technologiczne mikrodozowanie linie PP PE\" \/>\n<meta property=\"og:url\" content=\"https:\/\/drewmax.net.pl\/awnt\/\" \/>\n<meta property=\"og:site_name\" content=\"(Polski) Drewmax - Wa\u017cenie | Pakowanie | Paletyzacja | Automatyka\" \/>\n<meta property=\"article:publisher\" content=\"https:\/\/www.facebook.com\/Drewmax-111641623604429\/\" \/>\n<meta property=\"article:modified_time\" content=\"2025-03-25T11:27:03+00:00\" \/>\n<meta property=\"og:image\" content=\"https:\/\/drewmax.net.pl\/wp-content\/uploads\/2020\/10\/2awnt-2.png\" \/>\n<meta name=\"twitter:card\" content=\"summary_large_image\" \/>\n<meta name=\"twitter:label1\" content=\"Dur\u00e9e de lecture estim\u00e9e\">\n\t<meta name=\"twitter:data1\" content=\"9 minutes\">\n<script type=\"application\/ld+json\" class=\"yoast-schema-graph\">{\"@context\":\"https:\/\/schema.org\",\"@graph\":[{\"@type\":\"Organization\",\"@id\":\"https:\/\/drewmax.net.pl\/en\/#organization\",\"name\":\"DREWMAX Sp\\u00f3\\u0142ka z o.o.\",\"url\":\"https:\/\/drewmax.net.pl\/en\/\",\"sameAs\":[\"https:\/\/www.facebook.com\/Drewmax-111641623604429\/\",\"https:\/\/www.instagram.com\/drewmax.net.pl\/\",\"https:\/\/www.youtube.com\/channel\/UCCS8U5F8gSyJAlSWjxgbLRQ\"],\"logo\":{\"@type\":\"ImageObject\",\"@id\":\"https:\/\/drewmax.net.pl\/en\/#logo\",\"inLanguage\":\"fr-FR\",\"url\":\"\",\"caption\":\"DREWMAX Sp\\u00f3\\u0142ka z o.o.\"},\"image\":{\"@id\":\"https:\/\/drewmax.net.pl\/en\/#logo\"}},{\"@type\":\"WebSite\",\"@id\":\"https:\/\/drewmax.net.pl\/en\/#website\",\"url\":\"https:\/\/drewmax.net.pl\/en\/\",\"name\":\"(Polski) Drewmax - Wa\\u017cenie | Pakowanie | Paletyzacja | Automatyka\",\"description\":\"\",\"publisher\":{\"@id\":\"https:\/\/drewmax.net.pl\/en\/#organization\"},\"potentialAction\":[{\"@type\":\"SearchAction\",\"target\":\"https:\/\/drewmax.net.pl\/en\/?s={search_term_string}\",\"query-input\":\"required name=search_term_string\"}],\"inLanguage\":\"fr-FR\"},{\"@type\":\"ImageObject\",\"@id\":\"https:\/\/drewmax.net.pl\/awnt\/#primaryimage\",\"inLanguage\":\"fr-FR\",\"url\":\"https:\/\/drewmax.net.pl\/wp-content\/uploads\/2020\/10\/2awnt-2.png\",\"width\":523,\"height\":734},{\"@type\":\"WebPage\",\"@id\":\"https:\/\/drewmax.net.pl\/awnt\/#webpage\",\"url\":\"https:\/\/drewmax.net.pl\/awnt\/\",\"name\":\"Wa\\u017cenie Pakowanie Paletyzacja Automatyka przemys\\u0142owa linie PP PE\",\"isPartOf\":{\"@id\":\"https:\/\/drewmax.net.pl\/en\/#website\"},\"primaryImageOfPage\":{\"@id\":\"https:\/\/drewmax.net.pl\/awnt\/#primaryimage\"},\"datePublished\":\"2016-08-18T11:22:20+00:00\",\"dateModified\":\"2025-03-25T11:27:03+00:00\",\"description\":\"Wa\\u017cenie Pakowanie Paletyzacja Automatyka przemys\\u0142owa linie wa\\u017c\\u0105co - pakuj\\u0105ce zbiorniki technologiczne mikrodozowanie linie PP PE\",\"breadcrumb\":{\"@id\":\"https:\/\/drewmax.net.pl\/awnt\/#breadcrumb\"},\"inLanguage\":\"fr-FR\",\"potentialAction\":[{\"@type\":\"ReadAction\",\"target\":[\"https:\/\/drewmax.net.pl\/awnt\/\"]}]},{\"@type\":\"BreadcrumbList\",\"@id\":\"https:\/\/drewmax.net.pl\/awnt\/#breadcrumb\",\"itemListElement\":[{\"@type\":\"ListItem\",\"position\":1,\"item\":{\"@type\":\"WebPage\",\"@id\":\"https:\/\/drewmax.net.pl\/\",\"url\":\"https:\/\/drewmax.net.pl\/\",\"name\":\"Home\"}},{\"@type\":\"ListItem\",\"position\":2,\"item\":{\"@type\":\"WebPage\",\"@id\":\"https:\/\/drewmax.net.pl\/awnt\/\",\"url\":\"https:\/\/drewmax.net.pl\/awnt\/\",\"name\":\"Automatyczna linia wa\\u017c\\u0105co pakuj\\u0105ca typ aWN\/T\"}}]}]}<\/script>\n<!-- \/ Yoast SEO Premium plugin. -->","_links":{"self":[{"href":"https:\/\/drewmax.net.pl\/fr\/wp-json\/wp\/v2\/pages\/415"}],"collection":[{"href":"https:\/\/drewmax.net.pl\/fr\/wp-json\/wp\/v2\/pages"}],"about":[{"href":"https:\/\/drewmax.net.pl\/fr\/wp-json\/wp\/v2\/types\/page"}],"author":[{"embeddable":true,"href":"https:\/\/drewmax.net.pl\/fr\/wp-json\/wp\/v2\/users\/1"}],"replies":[{"embeddable":true,"href":"https:\/\/drewmax.net.pl\/fr\/wp-json\/wp\/v2\/comments?post=415"}],"version-history":[{"count":25,"href":"https:\/\/drewmax.net.pl\/fr\/wp-json\/wp\/v2\/pages\/415\/revisions"}],"predecessor-version":[{"id":31394,"href":"https:\/\/drewmax.net.pl\/fr\/wp-json\/wp\/v2\/pages\/415\/revisions\/31394"}],"wp:attachment":[{"href":"https:\/\/drewmax.net.pl\/fr\/wp-json\/wp\/v2\/media?parent=415"}],"curies":[{"name":"wp","href":"https:\/\/api.w.org\/{rel}","templated":true}]}}