{"id":178,"date":"2016-07-21T13:36:39","date_gmt":"2016-07-21T11:36:39","guid":{"rendered":"http:\/\/drewmax.net.pl\/?page_id=178"},"modified":"2025-04-04T07:18:20","modified_gmt":"2025-04-04T05:18:20","slug":"wagopakowarka-do-workow-otwartych-stojak","status":"publish","type":"page","link":"https:\/\/drewmax.net.pl\/fr\/wagopakowarka-do-workow-otwartych-stojak\/","title":{"rendered":"Wagopakowarka do work\u00f3w otwartych \u2013 \u201estojak\u201d"},"content":{"rendered":"\t\t<div data-elementor-type=\"wp-post\" data-elementor-id=\"178\" class=\"elementor elementor-178\" data-elementor-settings=\"[]\">\n\t\t\t\t\t\t<div class=\"elementor-inner\">\n\t\t\t\t\t\t\t<div class=\"elementor-section-wrap\">\n\t\t\t\t\t\t\t<section class=\"elementor-section elementor-top-section elementor-element elementor-element-be2d9f1 elementor-section-boxed elementor-section-height-default elementor-section-height-default\" data-id=\"be2d9f1\" data-element_type=\"section\" data-settings=\"{&quot;background_background&quot;:&quot;classic&quot;}\">\n\t\t\t\t\t\t<div class=\"elementor-container elementor-column-gap-default\">\n\t\t\t\t\t\t\t<div class=\"elementor-row\">\n\t\t\t\t\t<div class=\"elementor-column elementor-col-100 elementor-top-column elementor-element elementor-element-909b35e\" data-id=\"909b35e\" data-element_type=\"column\">\n\t\t\t<div class=\"elementor-column-wrap elementor-element-populated\">\n\t\t\t\t\t\t\t<div class=\"elementor-widget-wrap\">\n\t\t\t\t\t\t<div class=\"elementor-element elementor-element-4cde12c elementor-widget elementor-widget-heading\" data-id=\"4cde12c\" data-element_type=\"widget\" data-widget_type=\"heading.default\">\n\t\t\t\t<div class=\"elementor-widget-container\">\n\t\t\t<h2 class=\"elementor-heading-title elementor-size-xl\"> Balance de conditionnement pour sacs ouverts \"Stojak\"\n<\/h2>\t\t<\/div>\n\t\t\t\t<\/div>\n\t\t\t\t\t\t<\/div>\n\t\t\t\t\t<\/div>\n\t\t<\/div>\n\t\t\t\t\t\t\t\t<\/div>\n\t\t\t\t\t<\/div>\n\t\t<\/section>\n\t\t\t\t<section class=\"elementor-section elementor-top-section elementor-element elementor-element-d340a2c elementor-section-boxed elementor-section-height-default elementor-section-height-default\" data-id=\"d340a2c\" data-element_type=\"section\" data-settings=\"{&quot;background_background&quot;:&quot;classic&quot;}\">\n\t\t\t\t\t\t<div class=\"elementor-container elementor-column-gap-default\">\n\t\t\t\t\t\t\t<div class=\"elementor-row\">\n\t\t\t\t\t<div class=\"elementor-column elementor-col-50 elementor-top-column elementor-element elementor-element-d0463cc\" data-id=\"d0463cc\" data-element_type=\"column\">\n\t\t\t<div class=\"elementor-column-wrap elementor-element-populated\">\n\t\t\t\t\t\t\t<div class=\"elementor-widget-wrap\">\n\t\t\t\t\t\t<div class=\"elementor-element elementor-element-390d951 elementor-widget elementor-widget-text-editor\" data-id=\"390d951\" data-element_type=\"widget\" data-widget_type=\"text-editor.default\">\n\t\t\t\t<div class=\"elementor-widget-container\">\n\t\t\t\t\t\t\t\t<div class=\"elementor-text-editor elementor-clearfix\">\n\t\t\t\t<p><br data-start=\"987\" data-end=\"990\" \/>La <strong data-start=\"993\" data-end=\"1033\">ensacheuse peseuse pour sacs ouverts<\/strong>, \u00e9galement appel\u00e9e \u00ab support \u00bb, est un appareil con\u00e7u pour peser et remplir correctement le sac. Toutes les op\u00e9rations suppl\u00e9mentaires (couture, thermoscellage, application de ruban cr\u00eape, etc.) pour la fermeture du sac doivent \u00eatre effectu\u00e9es sur une station distincte.<\/p><p data-start=\"1308\" data-end=\"1507\">L\u2019ensacheuse peseuse est destin\u00e9e au pesage et au conditionnement de <strong data-start=\"1377\" data-end=\"1423\">produits en vrac, granul\u00e9s ou pulv\u00e9rulents<\/strong>. En fonction du produit conditionn\u00e9, les doseurs suivants peuvent \u00eatre utilis\u00e9s :<\/p><ul data-start=\"1509\" data-end=\"1557\"><li data-start=\"1509\" data-end=\"1523\">Gravitaire<\/li><li data-start=\"1524\" data-end=\"1533\">\u00c0 vis<\/li><li data-start=\"1534\" data-end=\"1545\">\u00c0 bande<\/li><li data-start=\"1546\" data-end=\"1557\">Vibrant<\/li><\/ul><p data-start=\"1559\" data-end=\"1737\">Dans cet appareil, le syst\u00e8me de pesage est int\u00e9gr\u00e9 \u00e0 l\u2019embout de remplissage, et pendant le dosage, le sac lui-m\u00eame sert de plateau de pes\u00e9e \u2013 il s\u2019agit de la <strong data-start=\"1719\" data-end=\"1734\">pes\u00e9e brute<\/strong>.<\/p><p data-start=\"1739\" data-end=\"1871\">L\u2019ensacheuse peseuse peut \u00eatre \u00e9quip\u00e9e d\u2019un module de fermeture du sac avec bande transporteuse \u2013 le <strong data-start=\"1840\" data-end=\"1868\">module d\u2019emballage LPack<\/strong>.<\/p><p data-start=\"1880\" data-end=\"2172\"><\/p><div>\u00a0<\/div><\/div>\t\t\t\t\t<\/div>\n\t\t\t\t\t\t<\/div>\n\t\t\t\t<\/div>\n\t\t\t\t\t\t<\/div>\n\t\t\t\t\t<\/div>\n\t\t<\/div>\n\t\t\t\t<div class=\"elementor-column elementor-col-50 elementor-top-column elementor-element elementor-element-617557e\" data-id=\"617557e\" data-element_type=\"column\">\n\t\t\t<div class=\"elementor-column-wrap elementor-element-populated\">\n\t\t\t\t\t\t\t<div class=\"elementor-widget-wrap\">\n\t\t\t\t\t\t<div class=\"elementor-element elementor-element-b41426b elementor-widget elementor-widget-image\" data-id=\"b41426b\" data-element_type=\"widget\" data-widget_type=\"image.default\">\n\t\t\t\t<div class=\"elementor-widget-container\">\n\t\t\t\t\t\t\t\t<div class=\"elementor-image\">\n\t\t\t\t\t\t\t\t\t\t\t\t<img width=\"454\" height=\"735\" src=\"https:\/\/drewmax.net.pl\/wp-content\/uploads\/2020\/10\/stojak-1.png\" class=\"attachment-large size-large\" alt=\"\" loading=\"lazy\" srcset=\"https:\/\/drewmax.net.pl\/wp-content\/uploads\/2020\/10\/stojak-1.png 454w, https:\/\/drewmax.net.pl\/wp-content\/uploads\/2020\/10\/stojak-1-185x300.png 185w\" sizes=\"(max-width: 454px) 100vw, 454px\" \/>\t\t\t\t\t\t\t\t\t\t\t\t\t\t<\/div>\n\t\t\t\t\t\t<\/div>\n\t\t\t\t<\/div>\n\t\t\t\t\t\t<\/div>\n\t\t\t\t\t<\/div>\n\t\t<\/div>\n\t\t\t\t\t\t\t\t<\/div>\n\t\t\t\t\t<\/div>\n\t\t<\/section>\n\t\t\t\t<section class=\"elementor-section elementor-top-section elementor-element elementor-element-42d844e elementor-section-boxed elementor-section-height-default elementor-section-height-default\" data-id=\"42d844e\" data-element_type=\"section\" data-settings=\"{&quot;background_background&quot;:&quot;classic&quot;}\">\n\t\t\t\t\t\t<div class=\"elementor-container elementor-column-gap-default\">\n\t\t\t\t\t\t\t<div class=\"elementor-row\">\n\t\t\t\t\t<div class=\"elementor-column elementor-col-100 elementor-top-column elementor-element elementor-element-3a247b9\" data-id=\"3a247b9\" data-element_type=\"column\">\n\t\t\t<div class=\"elementor-column-wrap elementor-element-populated\">\n\t\t\t\t\t\t\t<div class=\"elementor-widget-wrap\">\n\t\t\t\t\t\t<div class=\"elementor-element elementor-element-e1d0175 elementor-widget elementor-widget-text-editor\" data-id=\"e1d0175\" data-element_type=\"widget\" data-widget_type=\"text-editor.default\">\n\t\t\t\t<div class=\"elementor-widget-container\">\n\t\t\t\t\t\t\t\t<div class=\"elementor-text-editor elementor-clearfix\">\n\t\t\t\t<p><\/p><p data-start=\"528\" data-end=\"564\"><span style=\"text-decoration: underline;\"><strong data-start=\"570\" data-end=\"610\">Composants de base de l&rsquo;\u00e9quipement :<\/strong><\/span><\/p><ul data-start=\"613\" data-end=\"832\"><li data-start=\"613\" data-end=\"637\">Structure de support<\/li><li data-start=\"638\" data-end=\"677\">Balance \u00e9lectronique de pes\u00e9e brute<\/li><li data-start=\"678\" data-end=\"688\">Doseur<\/li><li data-start=\"689\" data-end=\"705\">Buse ouverte<\/li><li data-start=\"706\" data-end=\"791\">Syst\u00e8me de commande clair bas\u00e9 sur un automate Siemens\/Proface avec \u00e9cran tactile<\/li><li data-start=\"792\" data-end=\"832\">Entra\u00eenements de fabricants renomm\u00e9s<\/li><\/ul><p data-start=\"834\" data-end=\"869\"><span style=\"text-decoration: underline;\"><strong data-start=\"839\" data-end=\"867\">\u00c9quipements optionnels :<\/strong><\/span><\/p><ul data-start=\"870\" data-end=\"1032\"><li data-start=\"870\" data-end=\"917\">Syst\u00e8me d&rsquo;extraction du produit dans le sac<\/li><li data-start=\"918\" data-end=\"956\">Syst\u00e8me de vibration du sac rempli<\/li><li data-start=\"957\" data-end=\"996\">Syst\u00e8me de nettoyage des convoyeurs<\/li><li data-start=\"997\" data-end=\"1032\">R\u00e9servoir tampon pour surcharge<\/li><\/ul><p data-start=\"1039\" data-end=\"1077\"><\/p>\t\t\t\t\t<\/div>\n\t\t\t\t\t\t<\/div>\n\t\t\t\t<\/div>\n\t\t\t\t\t\t<\/div>\n\t\t\t\t\t<\/div>\n\t\t<\/div>\n\t\t\t\t<div class=\"elementor-column elementor-col-100 elementor-top-column elementor-element elementor-element-0e4abc0\" data-id=\"0e4abc0\" data-element_type=\"column\">\n\t\t\t<div class=\"elementor-column-wrap elementor-element-populated\">\n\t\t\t\t\t\t\t<div class=\"elementor-widget-wrap\">\n\t\t\t\t\t\t<div class=\"elementor-element elementor-element-f2af92a elementor-widget elementor-widget-text-editor\" data-id=\"f2af92a\" data-element_type=\"widget\" data-widget_type=\"text-editor.default\">\n\t\t\t\t<div class=\"elementor-widget-container\">\n\t\t\t\t\t\t\t\t<div class=\"elementor-text-editor elementor-clearfix\">\n\t\t\t\t<p><\/p><p data-start=\"718\" data-end=\"760\"><span style=\"text-decoration: underline;\"><strong data-start=\"723\" data-end=\"758\">Param\u00e8tres techniques de base :<\/strong><\/span><\/p><ul data-start=\"761\" data-end=\"1387\"><li data-start=\"761\" data-end=\"798\">Poids maximal par portion : 50 kg<\/li><li data-start=\"799\" data-end=\"836\">Poids minimal par portion : 10 kg<\/li><li data-start=\"837\" data-end=\"969\">Capacit\u00e9 de la ligne : jusqu&rsquo;\u00e0 220 portions\/heure (selon l&rsquo;op\u00e9rateur, les caract\u00e9ristiques du produit et la taille des portions)<\/li><li data-start=\"970\" data-end=\"1150\">Type de sacs : sacs ouverts en papier multicouches (jusqu&rsquo;\u00e0 4 couches), recommand\u00e9s avec un fond pli\u00e9 sans soufflets lat\u00e9raux, sacs en film PE, sacs en polypropyl\u00e8ne PP enduits<\/li><li data-start=\"1151\" data-end=\"1184\">Largeur du sac : 450 \u2013 650 mm<\/li><li data-start=\"1185\" data-end=\"1222\">Longueur des sacs : 600 \u2013 1100 mm<\/li><li data-start=\"1223\" data-end=\"1266\">Alimentation \u00e9lectrique : 3 x 400V 50Hz<\/li><li data-start=\"1267\" data-end=\"1300\">Puissance requise max. : 3 kW<\/li><li data-start=\"1301\" data-end=\"1346\">Alimentation en air comprim\u00e9 : 5 \u2013 10 bar<\/li><li data-start=\"1347\" data-end=\"1387\">Consommation d&rsquo;air comprim\u00e9 : 100 Nl<\/li><\/ul><p data-start=\"1394\" data-end=\"1432\"><\/p>\t\t\t\t\t<\/div>\n\t\t\t\t\t\t<\/div>\n\t\t\t\t<\/div>\n\t\t\t\t\t\t<\/div>\n\t\t\t\t\t<\/div>\n\t\t<\/div>\n\t\t\t\t\t\t\t\t<\/div>\n\t\t\t\t\t<\/div>\n\t\t<\/section>\n\t\t\t\t<section class=\"elementor-section elementor-top-section elementor-element elementor-element-ccc59d8 elementor-section-full_width elementor-section-height-default elementor-section-height-default\" data-id=\"ccc59d8\" data-element_type=\"section\">\n\t\t\t\t\t\t<div class=\"elementor-container elementor-column-gap-default\">\n\t\t\t\t\t\t\t<div class=\"elementor-row\">\n\t\t\t\t\t<div class=\"elementor-column elementor-col-100 elementor-top-column elementor-element elementor-element-4741318\" data-id=\"4741318\" data-element_type=\"column\" data-settings=\"{&quot;background_background&quot;:&quot;classic&quot;}\">\n\t\t\t<div class=\"elementor-column-wrap elementor-element-populated\">\n\t\t\t\t\t\t\t<div class=\"elementor-widget-wrap\">\n\t\t\t\t\t\t<div class=\"elementor-element elementor-element-01e24e7 elementor-widget elementor-widget-spacer\" data-id=\"01e24e7\" data-element_type=\"widget\" data-widget_type=\"spacer.default\">\n\t\t\t\t<div class=\"elementor-widget-container\">\n\t\t\t\t\t<div class=\"elementor-spacer\">\n\t\t\t<div class=\"elementor-spacer-inner\"><\/div>\n\t\t<\/div>\n\t\t\t\t<\/div>\n\t\t\t\t<\/div>\n\t\t\t\t\t\t<\/div>\n\t\t\t\t\t<\/div>\n\t\t<\/div>\n\t\t\t\t\t\t\t\t<\/div>\n\t\t\t\t\t<\/div>\n\t\t<\/section>\n\t\t\t\t<section class=\"elementor-section elementor-top-section elementor-element elementor-element-b26df61 elementor-section-full_width elementor-section-height-default elementor-section-height-default\" data-id=\"b26df61\" data-element_type=\"section\">\n\t\t\t\t\t\t<div class=\"elementor-container elementor-column-gap-default\">\n\t\t\t\t\t\t\t<div class=\"elementor-row\">\n\t\t\t\t\t<div class=\"elementor-column elementor-col-100 elementor-top-column elementor-element elementor-element-6cd2862\" data-id=\"6cd2862\" data-element_type=\"column\" data-settings=\"{&quot;background_background&quot;:&quot;classic&quot;}\">\n\t\t\t<div class=\"elementor-column-wrap elementor-element-populated\">\n\t\t\t\t\t\t\t<div class=\"elementor-widget-wrap\">\n\t\t\t\t\t\t<div class=\"elementor-element elementor-element-111606d elementor-widget elementor-widget-spacer\" data-id=\"111606d\" data-element_type=\"widget\" data-widget_type=\"spacer.default\">\n\t\t\t\t<div class=\"elementor-widget-container\">\n\t\t\t\t\t<div class=\"elementor-spacer\">\n\t\t\t<div class=\"elementor-spacer-inner\"><\/div>\n\t\t<\/div>\n\t\t\t\t<\/div>\n\t\t\t\t<\/div>\n\t\t\t\t<div class=\"elementor-element elementor-element-f6bda0f elementor-align-center elementor-widget elementor-widget-button\" data-id=\"f6bda0f\" data-element_type=\"widget\" data-widget_type=\"button.default\">\n\t\t\t\t<div class=\"elementor-widget-container\">\n\t\t\t\t\t<div class=\"elementor-button-wrapper\">\n\t\t\t<a href=\"https:\/\/drewmax.net.pl\/wp-content\/uploads\/2025\/04\/stojak_FR.pdf\" class=\"elementor-button-link elementor-button elementor-size-lg\" role=\"button\">\n\t\t\t\t\t\t<span class=\"elementor-button-content-wrapper\">\n\t\t\t\t\t\t<span class=\"elementor-button-icon elementor-align-icon-right\">\n\t\t\t\t<i aria-hidden=\"true\" class=\"fas fa-download\"><\/i>\t\t\t<\/span>\n\t\t\t\t\t\t<span class=\"elementor-button-text\"> T\u00e9l\u00e9charger la fiche produit<\/span>\n\t\t<\/span>\n\t\t\t\t\t<\/a>\n\t\t<\/div>\n\t\t\t\t<\/div>\n\t\t\t\t<\/div>\n\t\t\t\t\t\t<\/div>\n\t\t\t\t\t<\/div>\n\t\t<\/div>\n\t\t\t\t\t\t\t\t<\/div>\n\t\t\t\t\t<\/div>\n\t\t<\/section>\n\t\t\t\t\t\t<\/div>\n\t\t\t\t\t\t<\/div>\n\t\t\t\t\t<\/div>\n\t\t","protected":false},"excerpt":{"rendered":"<p>Balance de conditionnement pour sacs ouverts \u00ab\u00a0Stojak\u00a0\u00bb La ensacheuse peseuse pour sacs ouverts, \u00e9galement appel\u00e9e \u00ab support \u00bb, est un appareil con\u00e7u pour peser et remplir correctement le sac. Toutes les op\u00e9rations suppl\u00e9mentaires (couture, thermoscellage, application de ruban cr\u00eape, etc.) pour la fermeture du sac doivent \u00eatre effectu\u00e9es sur une station distincte. L\u2019ensacheuse peseuse est&hellip;<\/p>\n","protected":false},"author":1,"featured_media":12261,"parent":0,"menu_order":0,"comment_status":"closed","ping_status":"closed","template":"","meta":[],"yoast_head":"<!-- This site is optimized with the Yoast SEO Premium plugin v15.5 - https:\/\/yoast.com\/wordpress\/plugins\/seo\/ -->\n<title>Wa\u017cenie Pakowanie Paletyzacja Automatyka przemys\u0142owa linie PP PE<\/title>\n<meta name=\"description\" content=\"Wa\u017cenie Pakowanie Paletyzacja Automatyka przemys\u0142owa linie wa\u017c\u0105co - pakuj\u0105ce zbiorniki technologiczne mikrodozowanie linie PP PE\" \/>\n<meta name=\"robots\" content=\"index, follow, max-snippet:-1, max-image-preview:large, max-video-preview:-1\" \/>\n<link rel=\"canonical\" href=\"https:\/\/drewmax.net.pl\/wagopakowarka-do-workow-otwartych-stojak\/\" \/>\n<meta property=\"og:locale\" content=\"fr_FR\" \/>\n<meta property=\"og:type\" content=\"article\" \/>\n<meta property=\"og:title\" content=\"Wa\u017cenie Pakowanie Paletyzacja Automatyka przemys\u0142owa linie PP PE\" \/>\n<meta property=\"og:description\" content=\"Wa\u017cenie Pakowanie Paletyzacja Automatyka przemys\u0142owa linie wa\u017c\u0105co - pakuj\u0105ce zbiorniki technologiczne mikrodozowanie linie PP PE\" \/>\n<meta property=\"og:url\" content=\"https:\/\/drewmax.net.pl\/wagopakowarka-do-workow-otwartych-stojak\/\" \/>\n<meta property=\"og:site_name\" content=\"(Polski) Drewmax - Wa\u017cenie | Pakowanie | Paletyzacja | Automatyka\" \/>\n<meta property=\"article:publisher\" content=\"https:\/\/www.facebook.com\/Drewmax-111641623604429\/\" \/>\n<meta property=\"article:modified_time\" content=\"2025-04-04T05:18:20+00:00\" \/>\n<meta name=\"twitter:card\" content=\"summary_large_image\" \/>\n<meta name=\"twitter:label1\" content=\"Dur\u00e9e de lecture estim\u00e9e\">\n\t<meta name=\"twitter:data1\" content=\"8 minutes\">\n<script type=\"application\/ld+json\" class=\"yoast-schema-graph\">{\"@context\":\"https:\/\/schema.org\",\"@graph\":[{\"@type\":\"Organization\",\"@id\":\"https:\/\/drewmax.net.pl\/en\/#organization\",\"name\":\"DREWMAX Sp\\u00f3\\u0142ka z o.o.\",\"url\":\"https:\/\/drewmax.net.pl\/en\/\",\"sameAs\":[\"https:\/\/www.facebook.com\/Drewmax-111641623604429\/\",\"https:\/\/www.instagram.com\/drewmax.net.pl\/\",\"https:\/\/www.youtube.com\/channel\/UCCS8U5F8gSyJAlSWjxgbLRQ\"],\"logo\":{\"@type\":\"ImageObject\",\"@id\":\"https:\/\/drewmax.net.pl\/en\/#logo\",\"inLanguage\":\"fr-FR\",\"url\":\"\",\"caption\":\"DREWMAX Sp\\u00f3\\u0142ka z o.o.\"},\"image\":{\"@id\":\"https:\/\/drewmax.net.pl\/en\/#logo\"}},{\"@type\":\"WebSite\",\"@id\":\"https:\/\/drewmax.net.pl\/en\/#website\",\"url\":\"https:\/\/drewmax.net.pl\/en\/\",\"name\":\"(Polski) Drewmax - Wa\\u017cenie | Pakowanie | Paletyzacja | Automatyka\",\"description\":\"\",\"publisher\":{\"@id\":\"https:\/\/drewmax.net.pl\/en\/#organization\"},\"potentialAction\":[{\"@type\":\"SearchAction\",\"target\":\"https:\/\/drewmax.net.pl\/en\/?s={search_term_string}\",\"query-input\":\"required name=search_term_string\"}],\"inLanguage\":\"fr-FR\"},{\"@type\":\"ImageObject\",\"@id\":\"https:\/\/drewmax.net.pl\/wagopakowarka-do-workow-otwartych-stojak\/#primaryimage\",\"inLanguage\":\"fr-FR\",\"url\":\"\"},{\"@type\":\"WebPage\",\"@id\":\"https:\/\/drewmax.net.pl\/wagopakowarka-do-workow-otwartych-stojak\/#webpage\",\"url\":\"https:\/\/drewmax.net.pl\/wagopakowarka-do-workow-otwartych-stojak\/\",\"name\":\"Wa\\u017cenie Pakowanie Paletyzacja Automatyka przemys\\u0142owa linie PP PE\",\"isPartOf\":{\"@id\":\"https:\/\/drewmax.net.pl\/en\/#website\"},\"primaryImageOfPage\":{\"@id\":\"https:\/\/drewmax.net.pl\/wagopakowarka-do-workow-otwartych-stojak\/#primaryimage\"},\"datePublished\":\"2016-07-21T11:36:39+00:00\",\"dateModified\":\"2025-04-04T05:18:20+00:00\",\"description\":\"Wa\\u017cenie Pakowanie Paletyzacja Automatyka przemys\\u0142owa linie wa\\u017c\\u0105co - pakuj\\u0105ce zbiorniki technologiczne mikrodozowanie linie PP PE\",\"breadcrumb\":{\"@id\":\"https:\/\/drewmax.net.pl\/wagopakowarka-do-workow-otwartych-stojak\/#breadcrumb\"},\"inLanguage\":\"fr-FR\",\"potentialAction\":[{\"@type\":\"ReadAction\",\"target\":[\"https:\/\/drewmax.net.pl\/wagopakowarka-do-workow-otwartych-stojak\/\"]}]},{\"@type\":\"BreadcrumbList\",\"@id\":\"https:\/\/drewmax.net.pl\/wagopakowarka-do-workow-otwartych-stojak\/#breadcrumb\",\"itemListElement\":[{\"@type\":\"ListItem\",\"position\":1,\"item\":{\"@type\":\"WebPage\",\"@id\":\"https:\/\/drewmax.net.pl\/\",\"url\":\"https:\/\/drewmax.net.pl\/\",\"name\":\"Home\"}},{\"@type\":\"ListItem\",\"position\":2,\"item\":{\"@type\":\"WebPage\",\"@id\":\"https:\/\/drewmax.net.pl\/wagopakowarka-do-workow-otwartych-stojak\/\",\"url\":\"https:\/\/drewmax.net.pl\/wagopakowarka-do-workow-otwartych-stojak\/\",\"name\":\"Wagopakowarka do work\\u00f3w otwartych \\u2013 \\u201estojak\\u201d\"}}]}]}<\/script>\n<!-- \/ Yoast SEO Premium plugin. -->","_links":{"self":[{"href":"https:\/\/drewmax.net.pl\/fr\/wp-json\/wp\/v2\/pages\/178"}],"collection":[{"href":"https:\/\/drewmax.net.pl\/fr\/wp-json\/wp\/v2\/pages"}],"about":[{"href":"https:\/\/drewmax.net.pl\/fr\/wp-json\/wp\/v2\/types\/page"}],"author":[{"embeddable":true,"href":"https:\/\/drewmax.net.pl\/fr\/wp-json\/wp\/v2\/users\/1"}],"replies":[{"embeddable":true,"href":"https:\/\/drewmax.net.pl\/fr\/wp-json\/wp\/v2\/comments?post=178"}],"version-history":[{"count":79,"href":"https:\/\/drewmax.net.pl\/fr\/wp-json\/wp\/v2\/pages\/178\/revisions"}],"predecessor-version":[{"id":32031,"href":"https:\/\/drewmax.net.pl\/fr\/wp-json\/wp\/v2\/pages\/178\/revisions\/32031"}],"wp:featuredmedia":[{"embeddable":true,"href":"https:\/\/drewmax.net.pl\/fr\/wp-json\/wp\/v2\/media\/12261"}],"wp:attachment":[{"href":"https:\/\/drewmax.net.pl\/fr\/wp-json\/wp\/v2\/media?parent=178"}],"curies":[{"name":"wp","href":"https:\/\/api.w.org\/{rel}","templated":true}]}}