{"id":175,"date":"2016-07-21T13:32:50","date_gmt":"2016-07-21T11:32:50","guid":{"rendered":"http:\/\/drewmax.net.pl\/?page_id=175"},"modified":"2025-04-04T08:07:03","modified_gmt":"2025-04-04T06:07:03","slug":"wagi-systemowe","status":"publish","type":"page","link":"https:\/\/drewmax.net.pl\/fr\/wagi-systemowe\/","title":{"rendered":"Wagi systemowe"},"content":{"rendered":"\t\t<div data-elementor-type=\"wp-post\" data-elementor-id=\"175\" class=\"elementor elementor-175\" data-elementor-settings=\"[]\">\n\t\t\t\t\t\t<div class=\"elementor-inner\">\n\t\t\t\t\t\t\t<div class=\"elementor-section-wrap\">\n\t\t\t\t\t\t\t<section class=\"elementor-section elementor-top-section elementor-element elementor-element-fbf0e2d elementor-section-boxed elementor-section-height-default elementor-section-height-default\" data-id=\"fbf0e2d\" data-element_type=\"section\" data-settings=\"{&quot;background_background&quot;:&quot;classic&quot;}\">\n\t\t\t\t\t\t<div class=\"elementor-container elementor-column-gap-default\">\n\t\t\t\t\t\t\t<div class=\"elementor-row\">\n\t\t\t\t\t<div class=\"elementor-column elementor-col-100 elementor-top-column elementor-element elementor-element-a7cb2aa\" data-id=\"a7cb2aa\" data-element_type=\"column\">\n\t\t\t<div class=\"elementor-column-wrap elementor-element-populated\">\n\t\t\t\t\t\t\t<div class=\"elementor-widget-wrap\">\n\t\t\t\t\t\t<div class=\"elementor-element elementor-element-bf4503c elementor-widget elementor-widget-heading\" data-id=\"bf4503c\" data-element_type=\"widget\" data-widget_type=\"heading.default\">\n\t\t\t\t<div class=\"elementor-widget-container\">\n\t\t\t<h2 class=\"elementor-heading-title elementor-size-xl\"> Balances syst\u00e9miques\n<\/h2>\t\t<\/div>\n\t\t\t\t<\/div>\n\t\t\t\t\t\t<\/div>\n\t\t\t\t\t<\/div>\n\t\t<\/div>\n\t\t\t\t\t\t\t\t<\/div>\n\t\t\t\t\t<\/div>\n\t\t<\/section>\n\t\t\t\t<section class=\"elementor-section elementor-top-section elementor-element elementor-element-5dd5 elementor-section-boxed elementor-section-height-default elementor-section-height-default\" data-id=\"5dd5\" data-element_type=\"section\" data-settings=\"{&quot;background_background&quot;:&quot;classic&quot;}\">\n\t\t\t\t\t\t<div class=\"elementor-container elementor-column-gap-default\">\n\t\t\t\t\t\t\t<div class=\"elementor-row\">\n\t\t\t\t\t<div class=\"elementor-column elementor-col-100 elementor-top-column elementor-element elementor-element-9ea\" data-id=\"9ea\" data-element_type=\"column\">\n\t\t\t<div class=\"elementor-column-wrap elementor-element-populated\">\n\t\t\t\t\t\t\t<div class=\"elementor-widget-wrap\">\n\t\t\t\t\t\t<div class=\"elementor-element elementor-element-34db elementor-widget elementor-widget-text-editor\" data-id=\"34db\" data-element_type=\"widget\" data-widget_type=\"text-editor.default\">\n\t\t\t\t<div class=\"elementor-widget-container\">\n\t\t\t\t\t\t\t\t<div class=\"elementor-text-editor elementor-clearfix\">\n\t\t\t\t<p><br data-start=\"2285\" data-end=\"2288\" \/>L&rsquo;entreprise Drewmax poss\u00e8de une grande expertise dans la conception et la fabrication de balances industrielles. Notre gamme comprend notamment des balances \u00e0 cuve, \u00e0 passage, coniques, \u00e0 vis et mobiles. En fonction du type de produit \u00e0 peser, des doseurs gravitaires, \u00e0 vis, \u00e0 bande, vibrants et des grilles de dosage sont utilis\u00e9s. La performance des balances est principalement limit\u00e9e par la nature\/qualit\u00e9 du produit pes\u00e9 et l\u2019espace d\u2019installation disponible, tandis que la capacit\u00e9 d\u00e9pend des exigences de l\u2019installation \u2013 les balances sont s\u00e9lectionn\u00e9es individuellement pour chaque projet.<\/p><p data-start=\"2891\" data-end=\"3109\">Les syst\u00e8mes de pesage utilis\u00e9s par notre entreprise reposent sur des composants de marques reconnues \u00e0 l\u2019international. Notre expertise nous permet d\u2019int\u00e9grer nos \u00e9quipements dans des syst\u00e8mes automatis\u00e9s complexes.<\/p><p data-start=\"3111\" data-end=\"3253\"><strong data-start=\"3111\" data-end=\"3129\">Balance \u00e0 cuve<\/strong> \u2013 Cette balance est con\u00e7ue pour le pesage des produits aliment\u00e9s par des grilles de dosage depuis des silos de surcharge.<\/p><p data-start=\"3255\" data-end=\"3349\">Selon les besoins, les balances peuvent varier en longueur\/capacit\u00e9 et en type de connexion.<\/p><p data-start=\"3351\" data-end=\"3438\"><strong data-start=\"3351\" data-end=\"3372\">Balance \u00e0 passage<\/strong> \u2013 WP-80 \u00e0 WP-500 sont les r\u00e9f\u00e9rences de nos balances \u00e0 passage.<\/p><p data-start=\"3440\" data-end=\"3557\">Sa conception simple et ses composants garantissent une pr\u00e9cision de dosage optimale et une fiabilit\u00e9 \u00e0 long terme.<\/p><p data-start=\"3559\" data-end=\"3695\">La balance peut \u00eatre install\u00e9e dans toute ligne de production et son d\u00e9chargement peut \u00eatre adapt\u00e9 \u00e0 divers \u00e9quipements ou r\u00e9servoirs.<\/p><p data-start=\"3697\" data-end=\"3929\"><strong data-start=\"3697\" data-end=\"3716\">Balance conique<\/strong> \u2013 Les balances coniques sont particuli\u00e8rement appr\u00e9ci\u00e9es dans l\u2019industrie alimentaire en raison de leur forme et de leur facilit\u00e9 de nettoyage. Les mod\u00e8les les plus courants ont une capacit\u00e9 de 50 kg et 150 kg.<\/p><p data-start=\"3931\" data-end=\"4139\"><strong data-start=\"3931\" data-end=\"3948\">Balance \u00e0 vis<\/strong> \u2013 Cette balance est utilis\u00e9e pour le pesage en flux des produits. La vis de transport et les composants ont \u00e9t\u00e9 soigneusement s\u00e9lectionn\u00e9s pour garantir une pr\u00e9cision maximale des mesures.<\/p><p data-start=\"4141\" data-end=\"4284\"><strong data-start=\"4141\" data-end=\"4159\">Balance mobile<\/strong> \u2013 Balance d&rsquo;exp\u00e9dition permettant un contr\u00f4le total des marchandises charg\u00e9es directement en citerne depuis la production.<\/p><p data-start=\"4286\" data-end=\"4412\">La capacit\u00e9 est enti\u00e8rement configurable. En option, nous proposons \u00e9galement des manches de d\u00e9chargement semi-automatiques.<\/p><p data-start=\"4419\" data-end=\"4981\"><\/span><\/p>\t\t\t\t\t<\/div>\n\t\t\t\t\t\t<\/div>\n\t\t\t\t<\/div>\n\t\t\t\t\t\t<\/div>\n\t\t\t\t\t<\/div>\n\t\t<\/div>\n\t\t\t\t\t\t\t\t<\/div>\n\t\t\t\t\t<\/div>\n\t\t<\/section>\n\t\t\t\t<section class=\"elementor-section elementor-top-section elementor-element elementor-element-dc6c5d9 elementor-section-full_width elementor-section-height-default elementor-section-height-default\" data-id=\"dc6c5d9\" data-element_type=\"section\">\n\t\t\t\t\t\t<div class=\"elementor-container elementor-column-gap-default\">\n\t\t\t\t\t\t\t<div class=\"elementor-row\">\n\t\t\t\t\t<div class=\"elementor-column elementor-col-100 elementor-top-column elementor-element elementor-element-2538266\" data-id=\"2538266\" data-element_type=\"column\" data-settings=\"{&quot;background_background&quot;:&quot;classic&quot;}\">\n\t\t\t<div class=\"elementor-column-wrap elementor-element-populated\">\n\t\t\t\t\t\t\t<div class=\"elementor-widget-wrap\">\n\t\t\t\t\t\t<div class=\"elementor-element elementor-element-b6afc89 elementor-align-center elementor-widget elementor-widget-button\" data-id=\"b6afc89\" data-element_type=\"widget\" data-widget_type=\"button.default\">\n\t\t\t\t<div class=\"elementor-widget-container\">\n\t\t\t\t\t<div class=\"elementor-button-wrapper\">\n\t\t\t<a href=\"https:\/\/drewmax.net.pl\/wp-content\/uploads\/2025\/04\/Wagi-systemowe_front_FR.pdf\" target=\"_blank\" class=\"elementor-button-link elementor-button elementor-size-lg\" role=\"button\">\n\t\t\t\t\t\t<span class=\"elementor-button-content-wrapper\">\n\t\t\t\t\t\t<span class=\"elementor-button-icon elementor-align-icon-right\">\n\t\t\t\t<i aria-hidden=\"true\" class=\"fas fa-download\"><\/i>\t\t\t<\/span>\n\t\t\t\t\t\t<span class=\"elementor-button-text\">  T\u00e9l\u00e9charger la fiche produit<\/span>\n\t\t<\/span>\n\t\t\t\t\t<\/a>\n\t\t<\/div>\n\t\t\t\t<\/div>\n\t\t\t\t<\/div>\n\t\t\t\t\t\t<\/div>\n\t\t\t\t\t<\/div>\n\t\t<\/div>\n\t\t\t\t\t\t\t\t<\/div>\n\t\t\t\t\t<\/div>\n\t\t<\/section>\n\t\t\t\t\t\t<\/div>\n\t\t\t\t\t\t<\/div>\n\t\t\t\t\t<\/div>\n\t\t","protected":false},"excerpt":{"rendered":"<p>Balances syst\u00e9miques L&rsquo;entreprise Drewmax poss\u00e8de une grande expertise dans la conception et la fabrication de balances industrielles. Notre gamme comprend notamment des balances \u00e0 cuve, \u00e0 passage, coniques, \u00e0 vis et mobiles. En fonction du type de produit \u00e0 peser, des doseurs gravitaires, \u00e0 vis, \u00e0 bande, vibrants et des grilles de dosage sont utilis\u00e9s.&hellip;<\/p>\n","protected":false},"author":1,"featured_media":0,"parent":0,"menu_order":0,"comment_status":"closed","ping_status":"closed","template":"","meta":[],"yoast_head":"<!-- This site is optimized with the Yoast SEO Premium plugin v15.5 - https:\/\/yoast.com\/wordpress\/plugins\/seo\/ -->\n<title>Wa\u017cenie Pakowanie Paletyzacja Automatyka przemys\u0142owa linie PP PE<\/title>\n<meta name=\"description\" content=\"Wa\u017cenie Pakowanie Paletyzacja Automatyka przemys\u0142owa linie wa\u017c\u0105co - pakuj\u0105ce zbiorniki technologiczne mikrodozowanie linie PP PE\" \/>\n<meta name=\"robots\" content=\"index, follow, max-snippet:-1, max-image-preview:large, max-video-preview:-1\" \/>\n<link rel=\"canonical\" href=\"https:\/\/drewmax.net.pl\/wagi-systemowe\/\" \/>\n<meta property=\"og:locale\" content=\"fr_FR\" \/>\n<meta property=\"og:type\" content=\"article\" \/>\n<meta property=\"og:title\" content=\"Wa\u017cenie Pakowanie Paletyzacja Automatyka przemys\u0142owa linie PP PE\" \/>\n<meta property=\"og:description\" content=\"Wa\u017cenie Pakowanie Paletyzacja Automatyka przemys\u0142owa linie wa\u017c\u0105co - pakuj\u0105ce zbiorniki technologiczne mikrodozowanie linie PP PE\" \/>\n<meta property=\"og:url\" content=\"https:\/\/drewmax.net.pl\/wagi-systemowe\/\" \/>\n<meta property=\"og:site_name\" content=\"(Polski) Drewmax - Wa\u017cenie | Pakowanie | Paletyzacja | Automatyka\" \/>\n<meta property=\"article:publisher\" content=\"https:\/\/www.facebook.com\/Drewmax-111641623604429\/\" \/>\n<meta property=\"article:modified_time\" content=\"2025-04-04T06:07:03+00:00\" \/>\n<meta name=\"twitter:card\" content=\"summary_large_image\" \/>\n<meta name=\"twitter:label1\" content=\"Dur\u00e9e de lecture estim\u00e9e\">\n\t<meta name=\"twitter:data1\" content=\"9 minutes\">\n<script type=\"application\/ld+json\" class=\"yoast-schema-graph\">{\"@context\":\"https:\/\/schema.org\",\"@graph\":[{\"@type\":\"Organization\",\"@id\":\"https:\/\/drewmax.net.pl\/en\/#organization\",\"name\":\"DREWMAX Sp\\u00f3\\u0142ka z o.o.\",\"url\":\"https:\/\/drewmax.net.pl\/en\/\",\"sameAs\":[\"https:\/\/www.facebook.com\/Drewmax-111641623604429\/\",\"https:\/\/www.instagram.com\/drewmax.net.pl\/\",\"https:\/\/www.youtube.com\/channel\/UCCS8U5F8gSyJAlSWjxgbLRQ\"],\"logo\":{\"@type\":\"ImageObject\",\"@id\":\"https:\/\/drewmax.net.pl\/en\/#logo\",\"inLanguage\":\"fr-FR\",\"url\":\"\",\"caption\":\"DREWMAX Sp\\u00f3\\u0142ka z o.o.\"},\"image\":{\"@id\":\"https:\/\/drewmax.net.pl\/en\/#logo\"}},{\"@type\":\"WebSite\",\"@id\":\"https:\/\/drewmax.net.pl\/en\/#website\",\"url\":\"https:\/\/drewmax.net.pl\/en\/\",\"name\":\"(Polski) Drewmax - Wa\\u017cenie | Pakowanie | Paletyzacja | Automatyka\",\"description\":\"\",\"publisher\":{\"@id\":\"https:\/\/drewmax.net.pl\/en\/#organization\"},\"potentialAction\":[{\"@type\":\"SearchAction\",\"target\":\"https:\/\/drewmax.net.pl\/en\/?s={search_term_string}\",\"query-input\":\"required name=search_term_string\"}],\"inLanguage\":\"fr-FR\"},{\"@type\":\"WebPage\",\"@id\":\"https:\/\/drewmax.net.pl\/wagi-systemowe\/#webpage\",\"url\":\"https:\/\/drewmax.net.pl\/wagi-systemowe\/\",\"name\":\"Wa\\u017cenie Pakowanie Paletyzacja Automatyka przemys\\u0142owa linie PP PE\",\"isPartOf\":{\"@id\":\"https:\/\/drewmax.net.pl\/en\/#website\"},\"datePublished\":\"2016-07-21T11:32:50+00:00\",\"dateModified\":\"2025-04-04T06:07:03+00:00\",\"description\":\"Wa\\u017cenie Pakowanie Paletyzacja Automatyka przemys\\u0142owa linie wa\\u017c\\u0105co - pakuj\\u0105ce zbiorniki technologiczne mikrodozowanie linie PP PE\",\"breadcrumb\":{\"@id\":\"https:\/\/drewmax.net.pl\/wagi-systemowe\/#breadcrumb\"},\"inLanguage\":\"fr-FR\",\"potentialAction\":[{\"@type\":\"ReadAction\",\"target\":[\"https:\/\/drewmax.net.pl\/wagi-systemowe\/\"]}]},{\"@type\":\"BreadcrumbList\",\"@id\":\"https:\/\/drewmax.net.pl\/wagi-systemowe\/#breadcrumb\",\"itemListElement\":[{\"@type\":\"ListItem\",\"position\":1,\"item\":{\"@type\":\"WebPage\",\"@id\":\"https:\/\/drewmax.net.pl\/\",\"url\":\"https:\/\/drewmax.net.pl\/\",\"name\":\"Home\"}},{\"@type\":\"ListItem\",\"position\":2,\"item\":{\"@type\":\"WebPage\",\"@id\":\"https:\/\/drewmax.net.pl\/wagi-systemowe\/\",\"url\":\"https:\/\/drewmax.net.pl\/wagi-systemowe\/\",\"name\":\"Wagi systemowe\"}}]}]}<\/script>\n<!-- \/ Yoast SEO Premium plugin. -->","_links":{"self":[{"href":"https:\/\/drewmax.net.pl\/fr\/wp-json\/wp\/v2\/pages\/175"}],"collection":[{"href":"https:\/\/drewmax.net.pl\/fr\/wp-json\/wp\/v2\/pages"}],"about":[{"href":"https:\/\/drewmax.net.pl\/fr\/wp-json\/wp\/v2\/types\/page"}],"author":[{"embeddable":true,"href":"https:\/\/drewmax.net.pl\/fr\/wp-json\/wp\/v2\/users\/1"}],"replies":[{"embeddable":true,"href":"https:\/\/drewmax.net.pl\/fr\/wp-json\/wp\/v2\/comments?post=175"}],"version-history":[{"count":61,"href":"https:\/\/drewmax.net.pl\/fr\/wp-json\/wp\/v2\/pages\/175\/revisions"}],"predecessor-version":[{"id":32052,"href":"https:\/\/drewmax.net.pl\/fr\/wp-json\/wp\/v2\/pages\/175\/revisions\/32052"}],"wp:attachment":[{"href":"https:\/\/drewmax.net.pl\/fr\/wp-json\/wp\/v2\/media?parent=175"}],"curies":[{"name":"wp","href":"https:\/\/api.w.org\/{rel}","templated":true}]}}