{"id":163,"date":"2016-07-21T13:24:05","date_gmt":"2016-07-21T11:24:05","guid":{"rendered":"http:\/\/drewmax.net.pl\/?page_id=163"},"modified":"2025-04-04T08:03:17","modified_gmt":"2025-04-04T06:03:17","slug":"systemy-magazynowania","status":"publish","type":"page","link":"https:\/\/drewmax.net.pl\/fr\/systemy-magazynowania\/","title":{"rendered":"Systemy magazynowania"},"content":{"rendered":"\t\t<div data-elementor-type=\"wp-post\" data-elementor-id=\"163\" class=\"elementor elementor-163\" data-elementor-settings=\"[]\">\n\t\t\t\t\t\t<div class=\"elementor-inner\">\n\t\t\t\t\t\t\t<div class=\"elementor-section-wrap\">\n\t\t\t\t\t\t\t<section class=\"elementor-section elementor-top-section elementor-element elementor-element-75dfc5a elementor-section-boxed elementor-section-height-default elementor-section-height-default\" data-id=\"75dfc5a\" data-element_type=\"section\" data-settings=\"{&quot;background_background&quot;:&quot;classic&quot;}\">\n\t\t\t\t\t\t<div class=\"elementor-container elementor-column-gap-default\">\n\t\t\t\t\t\t\t<div class=\"elementor-row\">\n\t\t\t\t\t<div class=\"elementor-column elementor-col-100 elementor-top-column elementor-element elementor-element-00c6003\" data-id=\"00c6003\" data-element_type=\"column\">\n\t\t\t<div class=\"elementor-column-wrap elementor-element-populated\">\n\t\t\t\t\t\t\t<div class=\"elementor-widget-wrap\">\n\t\t\t\t\t\t<div class=\"elementor-element elementor-element-050cfee elementor-widget elementor-widget-heading\" data-id=\"050cfee\" data-element_type=\"widget\" data-widget_type=\"heading.default\">\n\t\t\t\t<div class=\"elementor-widget-container\">\n\t\t\t<h2 class=\"elementor-heading-title elementor-size-xl\">Syst\u00e8mes de stockage\n<\/h2>\t\t<\/div>\n\t\t\t\t<\/div>\n\t\t\t\t\t\t<\/div>\n\t\t\t\t\t<\/div>\n\t\t<\/div>\n\t\t\t\t\t\t\t\t<\/div>\n\t\t\t\t\t<\/div>\n\t\t<\/section>\n\t\t\t\t<section class=\"elementor-section elementor-top-section elementor-element elementor-element-6dde elementor-section-boxed elementor-section-height-default elementor-section-height-default\" data-id=\"6dde\" data-element_type=\"section\" data-settings=\"{&quot;background_background&quot;:&quot;classic&quot;}\">\n\t\t\t\t\t\t<div class=\"elementor-container elementor-column-gap-default\">\n\t\t\t\t\t\t\t<div class=\"elementor-row\">\n\t\t\t\t\t<div class=\"elementor-column elementor-col-100 elementor-top-column elementor-element elementor-element-1bbf\" data-id=\"1bbf\" data-element_type=\"column\">\n\t\t\t<div class=\"elementor-column-wrap elementor-element-populated\">\n\t\t\t\t\t\t\t<div class=\"elementor-widget-wrap\">\n\t\t\t\t\t\t<div class=\"elementor-element elementor-element-328c elementor-widget elementor-widget-text-editor\" data-id=\"328c\" data-element_type=\"widget\" data-widget_type=\"text-editor.default\">\n\t\t\t\t<div class=\"elementor-widget-container\">\n\t\t\t\t\t\t\t\t<div class=\"elementor-text-editor elementor-clearfix\">\n\t\t\t\t<p><\/p><p data-start=\"2435\" data-end=\"2703\">L&rsquo;un des produits de Drewmax est les syst\u00e8mes de stockage. Parmi les \u00e9l\u00e9ments du syst\u00e8me, on peut distinguer des \u00e9tag\u00e8res manuelles et automatiques. En fonction du secteur, les \u00e9tag\u00e8res peuvent \u00eatre adapt\u00e9es aux conteneurs ou bacs appropri\u00e9s.<\/p><p data-start=\"2705\" data-end=\"3208\"><strong>\u00c9tag\u00e8res manuelles<\/strong> \u2013 Les \u00e9tag\u00e8res manuelles que nous fabriquons sont principalement utilis\u00e9es dans l&rsquo;industrie alimentaire. Un grand nombre de tiroirs pour diff\u00e9rents types de contenants permet de stocker de nombreux ingr\u00e9dients. De plus, il est possible d&rsquo;installer une plateforme mobile plac\u00e9e sur des rails sp\u00e9ciaux fix\u00e9s entre les \u00e9tag\u00e8res. Cette solution permet de placer une petite plateforme sur laquelle l&rsquo;op\u00e9rateur, selon la recette affich\u00e9e \u00e0 l&rsquo;\u00e9cran, peut peser les ingr\u00e9dients dans les bacs.<\/p><p data-start=\"3210\" data-end=\"3445\">En option, les \u00e9tag\u00e8res peuvent \u00eatre \u00e9quip\u00e9es de couvercles en acier inoxydable, ce qui emp\u00eache la p\u00e9n\u00e9tration de contaminants dans les contenants. Cette solution a un impact significatif sur la qualit\u00e9 des mati\u00e8res premi\u00e8res stock\u00e9es.<\/p><p data-start=\"3447\" data-end=\"3724\">Le syst\u00e8me de contr\u00f4le, qui contient une base de donn\u00e9es de produits, compte automatiquement la valeur vers\u00e9e du contenant et affiche la quantit\u00e9 actuelle du produit dans le bac. L&rsquo;utilisation de codes-barres aide \u00e9galement l&rsquo;op\u00e9rateur \u00e0 confirmer le choix correct du mat\u00e9riau.<\/p><p data-start=\"3726\" data-end=\"4494\"><strong>\u00c9tag\u00e8res automatiques<\/strong> \u2013 L&rsquo;\u00e9tag\u00e8re rotative est un dispositif moderne destin\u00e9 au stockage de produits avec une excellente utilisation de l&rsquo;espace de stockage. Les \u00e9tag\u00e8res se d\u00e9placent verticalement le long d&rsquo;une boucle ferm\u00e9e. L&rsquo;acc\u00e8s au conteneur souhait\u00e9 se fait uniquement d&rsquo;un c\u00f4t\u00e9 de l&rsquo;\u00e9tag\u00e8re \u00e0 un niveau fixe, apr\u00e8s l&rsquo;ouverture de la trappe d&rsquo;acc\u00e8s. Le syst\u00e8me de contr\u00f4le de l&rsquo;\u00e9tag\u00e8re lit le num\u00e9ro du contenant auquel l&rsquo;acc\u00e8s est demand\u00e9 et active l&rsquo;entra\u00eenement des \u00e9tag\u00e8res mobiles de mani\u00e8re \u00e0 ce que le contenant souhait\u00e9 se trouve pr\u00e8s de la trappe d&rsquo;acc\u00e8s. Pour des raisons de s\u00e9curit\u00e9, toute l&rsquo;\u00e9tag\u00e8re rotative est prot\u00e9g\u00e9e par des \u00e9crans, et l&rsquo;ouverture de la trappe d&rsquo;acc\u00e8s n&rsquo;est possible que lorsque l&rsquo;entra\u00eenement des \u00e9tag\u00e8res est arr\u00eat\u00e9 et bloqu\u00e9.<\/p><p data-start=\"4496\" data-end=\"4659\">L&rsquo;\u00e9tag\u00e8re automatique, dans sa version standard, poss\u00e8de 20 \u00e9tag\u00e8res, chacune divis\u00e9e en quatre compartiments pour le placement de conteneurs de stockage typiques.<\/p><p data-start=\"4661\" data-end=\"4705\">L&rsquo;\u00e9tag\u00e8re rotative est id\u00e9ale pour stocker :<\/p><ul data-start=\"4706\" data-end=\"4764\"><li data-start=\"4706\" data-end=\"4724\">Produits en vrac<\/li><li data-start=\"4725\" data-end=\"4736\">Documents<\/li><li data-start=\"4737\" data-end=\"4746\">Cartons<\/li><li data-start=\"4747\" data-end=\"4755\">Outils<\/li><li data-start=\"4756\" data-end=\"4764\">Pi\u00e8ces<\/li><\/ul><p data-start=\"4766\" data-end=\"5010\"><\/p>\t\t\t\t\t<\/div>\n\t\t\t\t\t\t<\/div>\n\t\t\t\t<\/div>\n\t\t\t\t<div class=\"elementor-element elementor-element-b71ce3b elementor-align-center elementor-widget elementor-widget-button\" data-id=\"b71ce3b\" data-element_type=\"widget\" data-widget_type=\"button.default\">\n\t\t\t\t<div class=\"elementor-widget-container\">\n\t\t\t\t\t<div class=\"elementor-button-wrapper\">\n\t\t\t<a href=\"https:\/\/drewmax.net.pl\/wp-content\/uploads\/2025\/04\/Systemy-przechowywania_front_FR.pdf\" target=\"_blank\" class=\"elementor-button-link elementor-button elementor-size-lg\" role=\"button\">\n\t\t\t\t\t\t<span class=\"elementor-button-content-wrapper\">\n\t\t\t\t\t\t<span class=\"elementor-button-icon elementor-align-icon-right\">\n\t\t\t\t<i aria-hidden=\"true\" class=\"fas fa-download\"><\/i>\t\t\t<\/span>\n\t\t\t\t\t\t<span class=\"elementor-button-text\">   T\u00e9l\u00e9charger la fiche produit<\/span>\n\t\t<\/span>\n\t\t\t\t\t<\/a>\n\t\t<\/div>\n\t\t\t\t<\/div>\n\t\t\t\t<\/div>\n\t\t\t\t\t\t<\/div>\n\t\t\t\t\t<\/div>\n\t\t<\/div>\n\t\t\t\t\t\t\t\t<\/div>\n\t\t\t\t\t<\/div>\n\t\t<\/section>\n\t\t\t\t\t\t<\/div>\n\t\t\t\t\t\t<\/div>\n\t\t\t\t\t<\/div>\n\t\t","protected":false},"excerpt":{"rendered":"<p>Syst\u00e8mes de stockage L&rsquo;un des produits de Drewmax est les syst\u00e8mes de stockage. Parmi les \u00e9l\u00e9ments du syst\u00e8me, on peut distinguer des \u00e9tag\u00e8res manuelles et automatiques. En fonction du secteur, les \u00e9tag\u00e8res peuvent \u00eatre adapt\u00e9es aux conteneurs ou bacs appropri\u00e9s. \u00c9tag\u00e8res manuelles \u2013 Les \u00e9tag\u00e8res manuelles que nous fabriquons sont principalement utilis\u00e9es dans l&rsquo;industrie alimentaire.&hellip;<\/p>\n","protected":false},"author":1,"featured_media":0,"parent":0,"menu_order":0,"comment_status":"closed","ping_status":"closed","template":"","meta":[],"yoast_head":"<!-- This site is optimized with the Yoast SEO Premium plugin v15.5 - https:\/\/yoast.com\/wordpress\/plugins\/seo\/ -->\n<title>Wa\u017cenie Pakowanie Paletyzacja Automatyka przemys\u0142owa linie PP PE<\/title>\n<meta name=\"description\" content=\"Wa\u017cenie Pakowanie Paletyzacja Automatyka przemys\u0142owa linie wa\u017c\u0105co - pakuj\u0105ce zbiorniki technologiczne mikrodozowanie linie PP PE\" \/>\n<meta name=\"robots\" content=\"index, follow, max-snippet:-1, max-image-preview:large, max-video-preview:-1\" \/>\n<link rel=\"canonical\" href=\"https:\/\/drewmax.net.pl\/systemy-magazynowania\/\" \/>\n<meta property=\"og:locale\" content=\"fr_FR\" \/>\n<meta property=\"og:type\" content=\"article\" \/>\n<meta property=\"og:title\" content=\"Wa\u017cenie Pakowanie Paletyzacja Automatyka przemys\u0142owa linie PP PE\" \/>\n<meta property=\"og:description\" content=\"Wa\u017cenie Pakowanie Paletyzacja Automatyka przemys\u0142owa linie wa\u017c\u0105co - pakuj\u0105ce zbiorniki technologiczne mikrodozowanie linie PP PE\" \/>\n<meta property=\"og:url\" content=\"https:\/\/drewmax.net.pl\/systemy-magazynowania\/\" \/>\n<meta property=\"og:site_name\" content=\"(Polski) Drewmax - Wa\u017cenie | Pakowanie | Paletyzacja | Automatyka\" \/>\n<meta property=\"article:publisher\" content=\"https:\/\/www.facebook.com\/Drewmax-111641623604429\/\" \/>\n<meta property=\"article:modified_time\" content=\"2025-04-04T06:03:17+00:00\" \/>\n<meta name=\"twitter:card\" content=\"summary_large_image\" \/>\n<meta name=\"twitter:label1\" content=\"Dur\u00e9e de lecture estim\u00e9e\">\n\t<meta name=\"twitter:data1\" content=\"11 minutes\">\n<script type=\"application\/ld+json\" class=\"yoast-schema-graph\">{\"@context\":\"https:\/\/schema.org\",\"@graph\":[{\"@type\":\"Organization\",\"@id\":\"https:\/\/drewmax.net.pl\/en\/#organization\",\"name\":\"DREWMAX Sp\\u00f3\\u0142ka z o.o.\",\"url\":\"https:\/\/drewmax.net.pl\/en\/\",\"sameAs\":[\"https:\/\/www.facebook.com\/Drewmax-111641623604429\/\",\"https:\/\/www.instagram.com\/drewmax.net.pl\/\",\"https:\/\/www.youtube.com\/channel\/UCCS8U5F8gSyJAlSWjxgbLRQ\"],\"logo\":{\"@type\":\"ImageObject\",\"@id\":\"https:\/\/drewmax.net.pl\/en\/#logo\",\"inLanguage\":\"fr-FR\",\"url\":\"\",\"caption\":\"DREWMAX Sp\\u00f3\\u0142ka z o.o.\"},\"image\":{\"@id\":\"https:\/\/drewmax.net.pl\/en\/#logo\"}},{\"@type\":\"WebSite\",\"@id\":\"https:\/\/drewmax.net.pl\/en\/#website\",\"url\":\"https:\/\/drewmax.net.pl\/en\/\",\"name\":\"(Polski) Drewmax - Wa\\u017cenie | Pakowanie | Paletyzacja | Automatyka\",\"description\":\"\",\"publisher\":{\"@id\":\"https:\/\/drewmax.net.pl\/en\/#organization\"},\"potentialAction\":[{\"@type\":\"SearchAction\",\"target\":\"https:\/\/drewmax.net.pl\/en\/?s={search_term_string}\",\"query-input\":\"required name=search_term_string\"}],\"inLanguage\":\"fr-FR\"},{\"@type\":\"WebPage\",\"@id\":\"https:\/\/drewmax.net.pl\/systemy-magazynowania\/#webpage\",\"url\":\"https:\/\/drewmax.net.pl\/systemy-magazynowania\/\",\"name\":\"Wa\\u017cenie Pakowanie Paletyzacja Automatyka przemys\\u0142owa linie PP PE\",\"isPartOf\":{\"@id\":\"https:\/\/drewmax.net.pl\/en\/#website\"},\"datePublished\":\"2016-07-21T11:24:05+00:00\",\"dateModified\":\"2025-04-04T06:03:17+00:00\",\"description\":\"Wa\\u017cenie Pakowanie Paletyzacja Automatyka przemys\\u0142owa linie wa\\u017c\\u0105co - pakuj\\u0105ce zbiorniki technologiczne mikrodozowanie linie PP PE\",\"breadcrumb\":{\"@id\":\"https:\/\/drewmax.net.pl\/systemy-magazynowania\/#breadcrumb\"},\"inLanguage\":\"fr-FR\",\"potentialAction\":[{\"@type\":\"ReadAction\",\"target\":[\"https:\/\/drewmax.net.pl\/systemy-magazynowania\/\"]}]},{\"@type\":\"BreadcrumbList\",\"@id\":\"https:\/\/drewmax.net.pl\/systemy-magazynowania\/#breadcrumb\",\"itemListElement\":[{\"@type\":\"ListItem\",\"position\":1,\"item\":{\"@type\":\"WebPage\",\"@id\":\"https:\/\/drewmax.net.pl\/\",\"url\":\"https:\/\/drewmax.net.pl\/\",\"name\":\"Home\"}},{\"@type\":\"ListItem\",\"position\":2,\"item\":{\"@type\":\"WebPage\",\"@id\":\"https:\/\/drewmax.net.pl\/systemy-magazynowania\/\",\"url\":\"https:\/\/drewmax.net.pl\/systemy-magazynowania\/\",\"name\":\"Systemy magazynowania\"}}]}]}<\/script>\n<!-- \/ Yoast SEO Premium plugin. -->","_links":{"self":[{"href":"https:\/\/drewmax.net.pl\/fr\/wp-json\/wp\/v2\/pages\/163"}],"collection":[{"href":"https:\/\/drewmax.net.pl\/fr\/wp-json\/wp\/v2\/pages"}],"about":[{"href":"https:\/\/drewmax.net.pl\/fr\/wp-json\/wp\/v2\/types\/page"}],"author":[{"embeddable":true,"href":"https:\/\/drewmax.net.pl\/fr\/wp-json\/wp\/v2\/users\/1"}],"replies":[{"embeddable":true,"href":"https:\/\/drewmax.net.pl\/fr\/wp-json\/wp\/v2\/comments?post=163"}],"version-history":[{"count":55,"href":"https:\/\/drewmax.net.pl\/fr\/wp-json\/wp\/v2\/pages\/163\/revisions"}],"predecessor-version":[{"id":32046,"href":"https:\/\/drewmax.net.pl\/fr\/wp-json\/wp\/v2\/pages\/163\/revisions\/32046"}],"wp:attachment":[{"href":"https:\/\/drewmax.net.pl\/fr\/wp-json\/wp\/v2\/media?parent=163"}],"curies":[{"name":"wp","href":"https:\/\/api.w.org\/{rel}","templated":true}]}}