{"id":152,"date":"2016-07-21T13:01:54","date_gmt":"2016-07-21T11:01:54","guid":{"rendered":"http:\/\/drewmax.net.pl\/?page_id=152"},"modified":"2025-04-04T08:05:44","modified_gmt":"2025-04-04T06:05:44","slug":"urzadzenia-do-pobierania-probek-towaru","status":"publish","type":"page","link":"https:\/\/drewmax.net.pl\/fr\/urzadzenia-do-pobierania-probek-towaru\/","title":{"rendered":"Urz\u0105dzenia do pobierania pr\u00f3bek towaru"},"content":{"rendered":"\t\t<div data-elementor-type=\"wp-post\" data-elementor-id=\"152\" class=\"elementor elementor-152\" data-elementor-settings=\"[]\">\n\t\t\t\t\t\t<div class=\"elementor-inner\">\n\t\t\t\t\t\t\t<div class=\"elementor-section-wrap\">\n\t\t\t\t\t\t\t<section class=\"elementor-section elementor-top-section elementor-element elementor-element-ca94cf3 elementor-section-boxed elementor-section-height-default elementor-section-height-default\" data-id=\"ca94cf3\" data-element_type=\"section\" data-settings=\"{&quot;background_background&quot;:&quot;classic&quot;}\">\n\t\t\t\t\t\t<div class=\"elementor-container elementor-column-gap-default\">\n\t\t\t\t\t\t\t<div class=\"elementor-row\">\n\t\t\t\t\t<div class=\"elementor-column elementor-col-100 elementor-top-column elementor-element elementor-element-1de1116\" data-id=\"1de1116\" data-element_type=\"column\">\n\t\t\t<div class=\"elementor-column-wrap elementor-element-populated\">\n\t\t\t\t\t\t\t<div class=\"elementor-widget-wrap\">\n\t\t\t\t\t\t<div class=\"elementor-element elementor-element-ad19e8f elementor-widget elementor-widget-heading\" data-id=\"ad19e8f\" data-element_type=\"widget\" data-widget_type=\"heading.default\">\n\t\t\t\t<div class=\"elementor-widget-container\">\n\t\t\t<h2 class=\"elementor-heading-title elementor-size-xl\">Appareils pour l'\u00e9chantillonnage des produits\n<\/h2>\t\t<\/div>\n\t\t\t\t<\/div>\n\t\t\t\t\t\t<\/div>\n\t\t\t\t\t<\/div>\n\t\t<\/div>\n\t\t\t\t\t\t\t\t<\/div>\n\t\t\t\t\t<\/div>\n\t\t<\/section>\n\t\t\t\t<section class=\"elementor-section elementor-top-section elementor-element elementor-element-757162f elementor-section-boxed elementor-section-height-default elementor-section-height-default\" data-id=\"757162f\" data-element_type=\"section\" data-settings=\"{&quot;background_background&quot;:&quot;classic&quot;}\">\n\t\t\t\t\t\t<div class=\"elementor-container elementor-column-gap-default\">\n\t\t\t\t\t\t\t<div class=\"elementor-row\">\n\t\t\t\t\t<div class=\"elementor-column elementor-col-100 elementor-top-column elementor-element elementor-element-070f4a3\" data-id=\"070f4a3\" data-element_type=\"column\">\n\t\t\t<div class=\"elementor-column-wrap elementor-element-populated\">\n\t\t\t\t\t\t\t<div class=\"elementor-widget-wrap\">\n\t\t\t\t\t\t<div class=\"elementor-element elementor-element-1d6434d elementor-widget elementor-widget-text-editor\" data-id=\"1d6434d\" data-element_type=\"widget\" data-widget_type=\"text-editor.default\">\n\t\t\t\t<div class=\"elementor-widget-container\">\n\t\t\t\t\t\t\t\t<div class=\"elementor-text-editor elementor-clearfix\">\n\t\t\t\t<p><\/p><p data-start=\"607\" data-end=\"820\">L&rsquo;entreprise Drewmax propose \u00e9galement des appareils pour l&rsquo;\u00e9chantillonnage des produits. Selon le type de marchandise pr\u00e9lev\u00e9e, notre entreprise choisira l&rsquo;appareil con\u00e7u en cons\u00e9quence.<\/p><p data-start=\"822\" data-end=\"1045\">Nos appareils sont utilis\u00e9s notamment pour pr\u00e9lever des produits tels que : <strong>aliments pour animaux en vrac, aliments pour animaux en granul\u00e9s, pr\u00e9m\u00e9langes alimentaires, lait en poudre, pr\u00e9parations pour lait de substitution.<\/strong><\/p><p data-start=\"1047\" data-end=\"1252\">Les appareils pr\u00e9sent\u00e9s peuvent avoir des rendements diff\u00e9rents selon les besoins du client. La structure de l&rsquo;appareil peut \u00eatre r\u00e9alis\u00e9e sur des r\u00e9servoirs, des vis d&rsquo;archim\u00e8de, des tuyaux inclin\u00e9s, etc.<\/p><p data-start=\"1254\" data-end=\"1442\"><\/p>\t\t\t\t\t<\/div>\n\t\t\t\t\t\t<\/div>\n\t\t\t\t<\/div>\n\t\t\t\t\t\t<\/div>\n\t\t\t\t\t<\/div>\n\t\t<\/div>\n\t\t\t\t\t\t\t\t<\/div>\n\t\t\t\t\t<\/div>\n\t\t<\/section>\n\t\t\t\t<section class=\"elementor-section elementor-top-section elementor-element elementor-element-b6acd5f elementor-section-boxed elementor-section-height-default elementor-section-height-default\" data-id=\"b6acd5f\" data-element_type=\"section\" data-settings=\"{&quot;background_background&quot;:&quot;classic&quot;}\">\n\t\t\t\t\t\t<div class=\"elementor-container elementor-column-gap-default\">\n\t\t\t\t\t\t\t<div class=\"elementor-row\">\n\t\t\t\t\t<div class=\"elementor-column elementor-col-50 elementor-top-column elementor-element elementor-element-d64ef3f\" data-id=\"d64ef3f\" data-element_type=\"column\">\n\t\t\t<div class=\"elementor-column-wrap elementor-element-populated\">\n\t\t\t\t\t\t\t<div class=\"elementor-widget-wrap\">\n\t\t\t\t\t\t<div class=\"elementor-element elementor-element-2ab0c40 elementor-widget elementor-widget-text-editor\" data-id=\"2ab0c40\" data-element_type=\"widget\" data-widget_type=\"text-editor.default\">\n\t\t\t\t<div class=\"elementor-widget-container\">\n\t\t\t\t\t\t\t\t<div class=\"elementor-text-editor elementor-clearfix\">\n\t\t\t\t<p><\/p><p data-start=\"564\" data-end=\"682\"><strong>\u00c9chantillonneur tubulaire PR-01<\/strong> \u2013 Il est principalement utilis\u00e9 pour les produits en <strong>poudre<\/strong>.<\/p><p data-start=\"684\" data-end=\"728\">Adapt\u00e9 \u00e0 l&rsquo;installation dans des r\u00e9servoirs.<\/p><p data-start=\"730\" data-end=\"933\">La construction simple et le syst\u00e8me de commande optionnel permettent \u00e0 l&rsquo;appareil pr\u00e9sent\u00e9 de fonctionner comme un appareil autonome et d&rsquo;\u00eatre int\u00e9gr\u00e9 \u00e0 n&rsquo;importe quel endroit de la ligne de production.<\/p><p data-start=\"935\" data-end=\"1077\">Il peut fonctionner aussi bien manuellement qu&rsquo;automatiquement. Le syst\u00e8me sp\u00e9cial de soufflage am\u00e9liore la propret\u00e9 de l&rsquo;ensemble du syst\u00e8me.<\/p><p data-start=\"1079\" data-end=\"1197\"><\/p>\t\t\t\t\t<\/div>\n\t\t\t\t\t\t<\/div>\n\t\t\t\t<\/div>\n\t\t\t\t\t\t<\/div>\n\t\t\t\t\t<\/div>\n\t\t<\/div>\n\t\t\t\t<div class=\"elementor-column elementor-col-50 elementor-top-column elementor-element elementor-element-98b9548\" data-id=\"98b9548\" data-element_type=\"column\">\n\t\t\t<div class=\"elementor-column-wrap elementor-element-populated\">\n\t\t\t\t\t\t\t<div class=\"elementor-widget-wrap\">\n\t\t\t\t\t\t<div class=\"elementor-element elementor-element-48d1bfa elementor-widget elementor-widget-image\" data-id=\"48d1bfa\" data-element_type=\"widget\" data-widget_type=\"image.default\">\n\t\t\t\t<div class=\"elementor-widget-container\">\n\t\t\t\t\t\t\t\t<div class=\"elementor-image\">\n\t\t\t\t\t\t\t\t\t\t\t\t<img width=\"753\" height=\"509\" src=\"https:\/\/drewmax.net.pl\/wp-content\/uploads\/2020\/10\/pr04-1.png\" class=\"attachment-large size-large\" alt=\"\" loading=\"lazy\" srcset=\"https:\/\/drewmax.net.pl\/wp-content\/uploads\/2020\/10\/pr04-1.png 753w, https:\/\/drewmax.net.pl\/wp-content\/uploads\/2020\/10\/pr04-1-300x203.png 300w, https:\/\/drewmax.net.pl\/wp-content\/uploads\/2020\/10\/pr04-1-220x150.png 220w\" sizes=\"(max-width: 753px) 100vw, 753px\" \/>\t\t\t\t\t\t\t\t\t\t\t\t\t\t<\/div>\n\t\t\t\t\t\t<\/div>\n\t\t\t\t<\/div>\n\t\t\t\t\t\t<\/div>\n\t\t\t\t\t<\/div>\n\t\t<\/div>\n\t\t\t\t\t\t\t\t<\/div>\n\t\t\t\t\t<\/div>\n\t\t<\/section>\n\t\t\t\t<section class=\"elementor-section elementor-top-section elementor-element elementor-element-f66a624 elementor-section-boxed elementor-section-height-default elementor-section-height-default\" data-id=\"f66a624\" data-element_type=\"section\" data-settings=\"{&quot;background_background&quot;:&quot;classic&quot;}\">\n\t\t\t\t\t\t<div class=\"elementor-container elementor-column-gap-default\">\n\t\t\t\t\t\t\t<div class=\"elementor-row\">\n\t\t\t\t\t<div class=\"elementor-column elementor-col-50 elementor-top-column elementor-element elementor-element-991e8a2\" data-id=\"991e8a2\" data-element_type=\"column\">\n\t\t\t<div class=\"elementor-column-wrap elementor-element-populated\">\n\t\t\t\t\t\t\t<div class=\"elementor-widget-wrap\">\n\t\t\t\t\t\t<div class=\"elementor-element elementor-element-206a069 elementor-widget elementor-widget-text-editor\" data-id=\"206a069\" data-element_type=\"widget\" data-widget_type=\"text-editor.default\">\n\t\t\t\t<div class=\"elementor-widget-container\">\n\t\t\t\t\t\t\t\t<div class=\"elementor-text-editor elementor-clearfix\">\n\t\t\t\t<p><\/p><p data-start=\"308\" data-end=\"422\"><strong>\u00c9chantillonneur \u00e0 seau PK-02<\/strong> \u2013 Il est principalement utilis\u00e9 pour les produits <strong>granul\u00e9s.<\/strong><\/p><p data-start=\"424\" data-end=\"491\">Adapt\u00e9 \u00e0 l&rsquo;installation dans des lignes de production non remplies.<\/p><p data-start=\"493\" data-end=\"553\">Il peut fonctionner en mode semi-automatique et automatique.<\/p><p data-start=\"555\" data-end=\"677\"><\/p>\t\t\t\t\t<\/div>\n\t\t\t\t\t\t<\/div>\n\t\t\t\t<\/div>\n\t\t\t\t\t\t<\/div>\n\t\t\t\t\t<\/div>\n\t\t<\/div>\n\t\t\t\t<div class=\"elementor-column elementor-col-50 elementor-top-column elementor-element elementor-element-a9e1c29\" data-id=\"a9e1c29\" data-element_type=\"column\">\n\t\t\t<div class=\"elementor-column-wrap elementor-element-populated\">\n\t\t\t\t\t\t\t<div class=\"elementor-widget-wrap\">\n\t\t\t\t\t\t<div class=\"elementor-element elementor-element-c0c6baf elementor-widget elementor-widget-image\" data-id=\"c0c6baf\" data-element_type=\"widget\" data-widget_type=\"image.default\">\n\t\t\t\t<div class=\"elementor-widget-container\">\n\t\t\t\t\t\t\t\t<div class=\"elementor-image\">\n\t\t\t\t\t\t\t\t\t\t\t\t<img width=\"285\" height=\"376\" src=\"https:\/\/drewmax.net.pl\/wp-content\/uploads\/2020\/10\/pr02-1.png\" class=\"attachment-large size-large\" alt=\"\" loading=\"lazy\" srcset=\"https:\/\/drewmax.net.pl\/wp-content\/uploads\/2020\/10\/pr02-1.png 285w, https:\/\/drewmax.net.pl\/wp-content\/uploads\/2020\/10\/pr02-1-227x300.png 227w\" sizes=\"(max-width: 285px) 100vw, 285px\" \/>\t\t\t\t\t\t\t\t\t\t\t\t\t\t<\/div>\n\t\t\t\t\t\t<\/div>\n\t\t\t\t<\/div>\n\t\t\t\t\t\t<\/div>\n\t\t\t\t\t<\/div>\n\t\t<\/div>\n\t\t\t\t\t\t\t\t<\/div>\n\t\t\t\t\t<\/div>\n\t\t<\/section>\n\t\t\t\t<section class=\"elementor-section elementor-top-section elementor-element elementor-element-7e381c8 elementor-section-boxed elementor-section-height-default elementor-section-height-default\" data-id=\"7e381c8\" data-element_type=\"section\" data-settings=\"{&quot;background_background&quot;:&quot;classic&quot;}\">\n\t\t\t\t\t\t<div class=\"elementor-container elementor-column-gap-default\">\n\t\t\t\t\t\t\t<div class=\"elementor-row\">\n\t\t\t\t\t<div class=\"elementor-column elementor-col-50 elementor-top-column elementor-element elementor-element-f92ed5f\" data-id=\"f92ed5f\" data-element_type=\"column\">\n\t\t\t<div class=\"elementor-column-wrap elementor-element-populated\">\n\t\t\t\t\t\t\t<div class=\"elementor-widget-wrap\">\n\t\t\t\t\t\t<div class=\"elementor-element elementor-element-51f1e81 elementor-widget elementor-widget-text-editor\" data-id=\"51f1e81\" data-element_type=\"widget\" data-widget_type=\"text-editor.default\">\n\t\t\t\t<div class=\"elementor-widget-container\">\n\t\t\t\t\t\t\t\t<div class=\"elementor-text-editor elementor-clearfix\">\n\t\t\t\t<p><\/p><p data-start=\"275\" data-end=\"395\"><strong> \u00c9chantillonneur sous redler PPR-01<\/strong> \u2013 Il est principalement utilis\u00e9 pour les produits <strong>granul\u00e9s.<\/strong><\/p><p data-start=\"397\" data-end=\"453\">Adapt\u00e9 pour l&rsquo;installation sous des convoyeurs \u00e0 cha\u00eene.<\/p><p data-start=\"455\" data-end=\"545\">En fonction de la taille du convoyeur, l&rsquo;\u00e9chantillonneur est s\u00e9lectionn\u00e9 individuellement.<\/p><p data-start=\"547\" data-end=\"670\"><\/p>\t\t\t\t\t<\/div>\n\t\t\t\t\t\t<\/div>\n\t\t\t\t<\/div>\n\t\t\t\t\t\t<\/div>\n\t\t\t\t\t<\/div>\n\t\t<\/div>\n\t\t\t\t<div class=\"elementor-column elementor-col-50 elementor-top-column elementor-element elementor-element-c4949d2\" data-id=\"c4949d2\" data-element_type=\"column\">\n\t\t\t<div class=\"elementor-column-wrap elementor-element-populated\">\n\t\t\t\t\t\t\t<div class=\"elementor-widget-wrap\">\n\t\t\t\t\t\t<div class=\"elementor-element elementor-element-b9c34be elementor-widget elementor-widget-image\" data-id=\"b9c34be\" data-element_type=\"widget\" data-widget_type=\"image.default\">\n\t\t\t\t<div class=\"elementor-widget-container\">\n\t\t\t\t\t\t\t\t<div class=\"elementor-image\">\n\t\t\t\t\t\t\t\t\t\t\t\t<img width=\"359\" height=\"244\" src=\"https:\/\/drewmax.net.pl\/wp-content\/uploads\/2020\/10\/pr01-1.png\" class=\"attachment-large size-large\" alt=\"\" loading=\"lazy\" srcset=\"https:\/\/drewmax.net.pl\/wp-content\/uploads\/2020\/10\/pr01-1.png 359w, https:\/\/drewmax.net.pl\/wp-content\/uploads\/2020\/10\/pr01-1-300x204.png 300w, https:\/\/drewmax.net.pl\/wp-content\/uploads\/2020\/10\/pr01-1-220x150.png 220w\" sizes=\"(max-width: 359px) 100vw, 359px\" \/>\t\t\t\t\t\t\t\t\t\t\t\t\t\t<\/div>\n\t\t\t\t\t\t<\/div>\n\t\t\t\t<\/div>\n\t\t\t\t\t\t<\/div>\n\t\t\t\t\t<\/div>\n\t\t<\/div>\n\t\t\t\t\t\t\t\t<\/div>\n\t\t\t\t\t<\/div>\n\t\t<\/section>\n\t\t\t\t<section class=\"elementor-section elementor-top-section elementor-element elementor-element-7a29339 elementor-section-boxed elementor-section-height-default elementor-section-height-default\" data-id=\"7a29339\" data-element_type=\"section\" data-settings=\"{&quot;background_background&quot;:&quot;classic&quot;}\">\n\t\t\t\t\t\t<div class=\"elementor-container elementor-column-gap-default\">\n\t\t\t\t\t\t\t<div class=\"elementor-row\">\n\t\t\t\t\t<div class=\"elementor-column elementor-col-50 elementor-top-column elementor-element elementor-element-e0e52fe\" data-id=\"e0e52fe\" data-element_type=\"column\">\n\t\t\t<div class=\"elementor-column-wrap elementor-element-populated\">\n\t\t\t\t\t\t\t<div class=\"elementor-widget-wrap\">\n\t\t\t\t\t\t<div class=\"elementor-element elementor-element-6626a73 elementor-widget elementor-widget-text-editor\" data-id=\"6626a73\" data-element_type=\"widget\" data-widget_type=\"text-editor.default\">\n\t\t\t\t<div class=\"elementor-widget-container\">\n\t\t\t\t\t\t\t\t<div class=\"elementor-text-editor elementor-clearfix\">\n\t\t\t\t<p><\/p><p data-start=\"264\" data-end=\"397\"><strong> \u00c9chantillonneur \u00e0 vis PS-01<\/strong> \u2013 Il est principalement utilis\u00e9 pour la prise d&rsquo;\u00e9chantillons <strong>de lait en poudre.<\/strong><\/p><p data-start=\"399\" data-end=\"483\">L&rsquo;installation de l&rsquo;\u00e9chantillonneur PS-01 se fait sur des r\u00e9servoirs technologiques.<\/p><p data-start=\"485\" data-end=\"618\"><\/span><\/p>\t\t\t\t\t<\/div>\n\t\t\t\t\t\t<\/div>\n\t\t\t\t<\/div>\n\t\t\t\t\t\t<\/div>\n\t\t\t\t\t<\/div>\n\t\t<\/div>\n\t\t\t\t<div class=\"elementor-column elementor-col-50 elementor-top-column elementor-element elementor-element-4bcb43d\" data-id=\"4bcb43d\" data-element_type=\"column\">\n\t\t\t<div class=\"elementor-column-wrap elementor-element-populated\">\n\t\t\t\t\t\t\t<div class=\"elementor-widget-wrap\">\n\t\t\t\t\t\t<section class=\"elementor-section elementor-inner-section elementor-element elementor-element-500d40c elementor-section-boxed elementor-section-height-default elementor-section-height-default\" data-id=\"500d40c\" data-element_type=\"section\">\n\t\t\t\t\t\t<div class=\"elementor-container elementor-column-gap-default\">\n\t\t\t\t\t\t\t<div class=\"elementor-row\">\n\t\t\t\t\t<div class=\"elementor-column elementor-col-50 elementor-inner-column elementor-element elementor-element-73bf3ab\" data-id=\"73bf3ab\" data-element_type=\"column\">\n\t\t\t<div class=\"elementor-column-wrap elementor-element-populated\">\n\t\t\t\t\t\t\t<div class=\"elementor-widget-wrap\">\n\t\t\t\t\t\t<div class=\"elementor-element elementor-element-dbe8443 elementor-widget elementor-widget-image\" data-id=\"dbe8443\" data-element_type=\"widget\" data-widget_type=\"image.default\">\n\t\t\t\t<div class=\"elementor-widget-container\">\n\t\t\t\t\t\t\t\t<div class=\"elementor-image\">\n\t\t\t\t\t\t\t\t\t\t\t\t<img width=\"452\" height=\"490\" src=\"https:\/\/drewmax.net.pl\/wp-content\/uploads\/2020\/10\/pr07-1.png\" class=\"attachment-large size-large\" alt=\"\" loading=\"lazy\" srcset=\"https:\/\/drewmax.net.pl\/wp-content\/uploads\/2020\/10\/pr07-1.png 452w, https:\/\/drewmax.net.pl\/wp-content\/uploads\/2020\/10\/pr07-1-277x300.png 277w\" sizes=\"(max-width: 452px) 100vw, 452px\" \/>\t\t\t\t\t\t\t\t\t\t\t\t\t\t<\/div>\n\t\t\t\t\t\t<\/div>\n\t\t\t\t<\/div>\n\t\t\t\t\t\t<\/div>\n\t\t\t\t\t<\/div>\n\t\t<\/div>\n\t\t\t\t<div class=\"elementor-column elementor-col-50 elementor-inner-column elementor-element elementor-element-b39a152\" data-id=\"b39a152\" data-element_type=\"column\">\n\t\t\t<div class=\"elementor-column-wrap elementor-element-populated\">\n\t\t\t\t\t\t\t<div class=\"elementor-widget-wrap\">\n\t\t\t\t\t\t<div class=\"elementor-element elementor-element-20ab9e9 elementor-widget elementor-widget-image\" data-id=\"20ab9e9\" data-element_type=\"widget\" data-widget_type=\"image.default\">\n\t\t\t\t<div class=\"elementor-widget-container\">\n\t\t\t\t\t\t\t\t<div class=\"elementor-image\">\n\t\t\t\t\t\t\t\t\t\t\t\t<img width=\"694\" height=\"378\" src=\"https:\/\/drewmax.net.pl\/wp-content\/uploads\/2020\/10\/pr06-1.png\" class=\"attachment-large size-large\" alt=\"\" loading=\"lazy\" srcset=\"https:\/\/drewmax.net.pl\/wp-content\/uploads\/2020\/10\/pr06-1.png 694w, https:\/\/drewmax.net.pl\/wp-content\/uploads\/2020\/10\/pr06-1-300x163.png 300w\" sizes=\"(max-width: 694px) 100vw, 694px\" \/>\t\t\t\t\t\t\t\t\t\t\t\t\t\t<\/div>\n\t\t\t\t\t\t<\/div>\n\t\t\t\t<\/div>\n\t\t\t\t\t\t<\/div>\n\t\t\t\t\t<\/div>\n\t\t<\/div>\n\t\t\t\t\t\t\t\t<\/div>\n\t\t\t\t\t<\/div>\n\t\t<\/section>\n\t\t\t\t\t\t<\/div>\n\t\t\t\t\t<\/div>\n\t\t<\/div>\n\t\t\t\t\t\t\t\t<\/div>\n\t\t\t\t\t<\/div>\n\t\t<\/section>\n\t\t\t\t<section class=\"elementor-section elementor-top-section elementor-element elementor-element-28de470 elementor-section-boxed elementor-section-height-default elementor-section-height-default\" data-id=\"28de470\" data-element_type=\"section\" data-settings=\"{&quot;background_background&quot;:&quot;classic&quot;}\">\n\t\t\t\t\t\t<div class=\"elementor-container elementor-column-gap-default\">\n\t\t\t\t\t\t\t<div class=\"elementor-row\">\n\t\t\t\t\t<div class=\"elementor-column elementor-col-100 elementor-top-column elementor-element elementor-element-d462937\" data-id=\"d462937\" data-element_type=\"column\">\n\t\t\t<div class=\"elementor-column-wrap elementor-element-populated\">\n\t\t\t\t\t\t\t<div class=\"elementor-widget-wrap\">\n\t\t\t\t\t\t<div class=\"elementor-element elementor-element-bd5410a elementor-align-center elementor-widget elementor-widget-button\" data-id=\"bd5410a\" data-element_type=\"widget\" data-widget_type=\"button.default\">\n\t\t\t\t<div class=\"elementor-widget-container\">\n\t\t\t\t\t<div class=\"elementor-button-wrapper\">\n\t\t\t<a href=\"https:\/\/drewmax.net.pl\/wp-content\/uploads\/2025\/04\/Probniki_front_FR.pdf\" target=\"_blank\" class=\"elementor-button-link elementor-button elementor-size-lg\" role=\"button\">\n\t\t\t\t\t\t<span class=\"elementor-button-content-wrapper\">\n\t\t\t\t\t\t<span class=\"elementor-button-icon elementor-align-icon-right\">\n\t\t\t\t<i aria-hidden=\"true\" class=\"fas fa-download\"><\/i>\t\t\t<\/span>\n\t\t\t\t\t\t<span class=\"elementor-button-text\">T\u00e9l\u00e9charger la fiche produit<\/span>\n\t\t<\/span>\n\t\t\t\t\t<\/a>\n\t\t<\/div>\n\t\t\t\t<\/div>\n\t\t\t\t<\/div>\n\t\t\t\t\t\t<\/div>\n\t\t\t\t\t<\/div>\n\t\t<\/div>\n\t\t\t\t\t\t\t\t<\/div>\n\t\t\t\t\t<\/div>\n\t\t<\/section>\n\t\t\t\t\t\t<\/div>\n\t\t\t\t\t\t<\/div>\n\t\t\t\t\t<\/div>\n\t\t","protected":false},"excerpt":{"rendered":"<p>Appareils pour l&rsquo;\u00e9chantillonnage des produits L&rsquo;entreprise Drewmax propose \u00e9galement des appareils pour l&rsquo;\u00e9chantillonnage des produits. Selon le type de marchandise pr\u00e9lev\u00e9e, notre entreprise choisira l&rsquo;appareil con\u00e7u en cons\u00e9quence. Nos appareils sont utilis\u00e9s notamment pour pr\u00e9lever des produits tels que : aliments pour animaux en vrac, aliments pour animaux en granul\u00e9s, pr\u00e9m\u00e9langes alimentaires, lait en poudre,&hellip;<\/p>\n","protected":false},"author":1,"featured_media":12295,"parent":0,"menu_order":0,"comment_status":"closed","ping_status":"closed","template":"","meta":[],"yoast_head":"<!-- This site is optimized with the Yoast SEO Premium plugin v15.5 - https:\/\/yoast.com\/wordpress\/plugins\/seo\/ -->\n<title>Wa\u017cenie Pakowanie Paletyzacja Automatyka przemys\u0142owa linie PP PE<\/title>\n<meta name=\"description\" content=\"Wa\u017cenie Pakowanie Paletyzacja Automatyka przemys\u0142owa linie wa\u017c\u0105co - pakuj\u0105ce zbiorniki technologiczne mikrodozowanie linie PP PE pr\u00f3bki towaru\" \/>\n<meta name=\"robots\" content=\"index, follow, max-snippet:-1, max-image-preview:large, max-video-preview:-1\" \/>\n<link rel=\"canonical\" href=\"https:\/\/drewmax.net.pl\/urzadzenia-do-pobierania-probek-towaru\/\" \/>\n<meta property=\"og:locale\" content=\"fr_FR\" \/>\n<meta property=\"og:type\" content=\"article\" \/>\n<meta property=\"og:title\" content=\"Wa\u017cenie Pakowanie Paletyzacja Automatyka przemys\u0142owa linie PP PE\" \/>\n<meta property=\"og:description\" content=\"Wa\u017cenie Pakowanie Paletyzacja Automatyka przemys\u0142owa linie wa\u017c\u0105co - pakuj\u0105ce zbiorniki technologiczne mikrodozowanie linie PP PE pr\u00f3bki towaru\" \/>\n<meta property=\"og:url\" content=\"https:\/\/drewmax.net.pl\/urzadzenia-do-pobierania-probek-towaru\/\" \/>\n<meta property=\"og:site_name\" content=\"(Polski) Drewmax - Wa\u017cenie | Pakowanie | Paletyzacja | Automatyka\" \/>\n<meta property=\"article:publisher\" content=\"https:\/\/www.facebook.com\/Drewmax-111641623604429\/\" \/>\n<meta property=\"article:modified_time\" content=\"2025-04-04T06:05:44+00:00\" \/>\n<meta name=\"twitter:card\" content=\"summary_large_image\" \/>\n<meta name=\"twitter:label1\" content=\"Dur\u00e9e de lecture estim\u00e9e\">\n\t<meta name=\"twitter:data1\" content=\"7 minutes\">\n<script type=\"application\/ld+json\" class=\"yoast-schema-graph\">{\"@context\":\"https:\/\/schema.org\",\"@graph\":[{\"@type\":\"Organization\",\"@id\":\"https:\/\/drewmax.net.pl\/en\/#organization\",\"name\":\"DREWMAX Sp\\u00f3\\u0142ka z o.o.\",\"url\":\"https:\/\/drewmax.net.pl\/en\/\",\"sameAs\":[\"https:\/\/www.facebook.com\/Drewmax-111641623604429\/\",\"https:\/\/www.instagram.com\/drewmax.net.pl\/\",\"https:\/\/www.youtube.com\/channel\/UCCS8U5F8gSyJAlSWjxgbLRQ\"],\"logo\":{\"@type\":\"ImageObject\",\"@id\":\"https:\/\/drewmax.net.pl\/en\/#logo\",\"inLanguage\":\"fr-FR\",\"url\":\"\",\"caption\":\"DREWMAX Sp\\u00f3\\u0142ka z o.o.\"},\"image\":{\"@id\":\"https:\/\/drewmax.net.pl\/en\/#logo\"}},{\"@type\":\"WebSite\",\"@id\":\"https:\/\/drewmax.net.pl\/en\/#website\",\"url\":\"https:\/\/drewmax.net.pl\/en\/\",\"name\":\"(Polski) Drewmax - Wa\\u017cenie | Pakowanie | Paletyzacja | Automatyka\",\"description\":\"\",\"publisher\":{\"@id\":\"https:\/\/drewmax.net.pl\/en\/#organization\"},\"potentialAction\":[{\"@type\":\"SearchAction\",\"target\":\"https:\/\/drewmax.net.pl\/en\/?s={search_term_string}\",\"query-input\":\"required name=search_term_string\"}],\"inLanguage\":\"fr-FR\"},{\"@type\":\"ImageObject\",\"@id\":\"https:\/\/drewmax.net.pl\/urzadzenia-do-pobierania-probek-towaru\/#primaryimage\",\"inLanguage\":\"fr-FR\",\"url\":\"\"},{\"@type\":\"WebPage\",\"@id\":\"https:\/\/drewmax.net.pl\/urzadzenia-do-pobierania-probek-towaru\/#webpage\",\"url\":\"https:\/\/drewmax.net.pl\/urzadzenia-do-pobierania-probek-towaru\/\",\"name\":\"Wa\\u017cenie Pakowanie Paletyzacja Automatyka przemys\\u0142owa linie PP PE\",\"isPartOf\":{\"@id\":\"https:\/\/drewmax.net.pl\/en\/#website\"},\"primaryImageOfPage\":{\"@id\":\"https:\/\/drewmax.net.pl\/urzadzenia-do-pobierania-probek-towaru\/#primaryimage\"},\"datePublished\":\"2016-07-21T11:01:54+00:00\",\"dateModified\":\"2025-04-04T06:05:44+00:00\",\"description\":\"Wa\\u017cenie Pakowanie Paletyzacja Automatyka przemys\\u0142owa linie wa\\u017c\\u0105co - pakuj\\u0105ce zbiorniki technologiczne mikrodozowanie linie PP PE pr\\u00f3bki towaru\",\"breadcrumb\":{\"@id\":\"https:\/\/drewmax.net.pl\/urzadzenia-do-pobierania-probek-towaru\/#breadcrumb\"},\"inLanguage\":\"fr-FR\",\"potentialAction\":[{\"@type\":\"ReadAction\",\"target\":[\"https:\/\/drewmax.net.pl\/urzadzenia-do-pobierania-probek-towaru\/\"]}]},{\"@type\":\"BreadcrumbList\",\"@id\":\"https:\/\/drewmax.net.pl\/urzadzenia-do-pobierania-probek-towaru\/#breadcrumb\",\"itemListElement\":[{\"@type\":\"ListItem\",\"position\":1,\"item\":{\"@type\":\"WebPage\",\"@id\":\"https:\/\/drewmax.net.pl\/\",\"url\":\"https:\/\/drewmax.net.pl\/\",\"name\":\"Home\"}},{\"@type\":\"ListItem\",\"position\":2,\"item\":{\"@type\":\"WebPage\",\"@id\":\"https:\/\/drewmax.net.pl\/urzadzenia-do-pobierania-probek-towaru\/\",\"url\":\"https:\/\/drewmax.net.pl\/urzadzenia-do-pobierania-probek-towaru\/\",\"name\":\"Urz\\u0105dzenia do pobierania pr\\u00f3bek towaru\"}}]}]}<\/script>\n<!-- \/ Yoast SEO Premium plugin. -->","_links":{"self":[{"href":"https:\/\/drewmax.net.pl\/fr\/wp-json\/wp\/v2\/pages\/152"}],"collection":[{"href":"https:\/\/drewmax.net.pl\/fr\/wp-json\/wp\/v2\/pages"}],"about":[{"href":"https:\/\/drewmax.net.pl\/fr\/wp-json\/wp\/v2\/types\/page"}],"author":[{"embeddable":true,"href":"https:\/\/drewmax.net.pl\/fr\/wp-json\/wp\/v2\/users\/1"}],"replies":[{"embeddable":true,"href":"https:\/\/drewmax.net.pl\/fr\/wp-json\/wp\/v2\/comments?post=152"}],"version-history":[{"count":55,"href":"https:\/\/drewmax.net.pl\/fr\/wp-json\/wp\/v2\/pages\/152\/revisions"}],"predecessor-version":[{"id":32049,"href":"https:\/\/drewmax.net.pl\/fr\/wp-json\/wp\/v2\/pages\/152\/revisions\/32049"}],"wp:featuredmedia":[{"embeddable":true,"href":"https:\/\/drewmax.net.pl\/fr\/wp-json\/wp\/v2\/media\/12295"}],"wp:attachment":[{"href":"https:\/\/drewmax.net.pl\/fr\/wp-json\/wp\/v2\/media?parent=152"}],"curies":[{"name":"wp","href":"https:\/\/api.w.org\/{rel}","templated":true}]}}