{"id":11814,"date":"2016-07-19T11:23:52","date_gmt":"2016-07-19T09:23:52","guid":{"rendered":"http:\/\/drewmax.net.pl\/?page_id=19"},"modified":"2025-04-04T07:22:35","modified_gmt":"2025-04-04T05:22:35","slug":"linie-do-napelniania-opakowan","status":"publish","type":"page","link":"https:\/\/drewmax.net.pl\/fr\/linie-do-napelniania-opakowan\/","title":{"rendered":"Linia do nape\u0142niania opakowa\u0144 PP, PE oraz karton\u00f3w"},"content":{"rendered":"\t\t<div data-elementor-type=\"wp-post\" data-elementor-id=\"11814\" class=\"elementor elementor-11814\" data-elementor-settings=\"[]\">\n\t\t\t\t\t\t<div class=\"elementor-inner\">\n\t\t\t\t\t\t\t<div class=\"elementor-section-wrap\">\n\t\t\t\t\t\t\t<section class=\"elementor-section elementor-top-section elementor-element elementor-element-76ff643 elementor-section-boxed elementor-section-height-default elementor-section-height-default\" data-id=\"76ff643\" data-element_type=\"section\" data-settings=\"{&quot;background_background&quot;:&quot;classic&quot;}\">\n\t\t\t\t\t\t<div class=\"elementor-container elementor-column-gap-default\">\n\t\t\t\t\t\t\t<div class=\"elementor-row\">\n\t\t\t\t\t<div class=\"elementor-column elementor-col-100 elementor-top-column elementor-element elementor-element-9d80912\" data-id=\"9d80912\" data-element_type=\"column\">\n\t\t\t<div class=\"elementor-column-wrap elementor-element-populated\">\n\t\t\t\t\t\t\t<div class=\"elementor-widget-wrap\">\n\t\t\t\t\t\t<div class=\"elementor-element elementor-element-0df509c elementor-widget elementor-widget-heading\" data-id=\"0df509c\" data-element_type=\"widget\" data-widget_type=\"heading.default\">\n\t\t\t\t<div class=\"elementor-widget-container\">\n\t\t\t<h2 class=\"elementor-heading-title elementor-size-xl\">Ligne de remplissage pour contenants PP, PE et cartons\n<\/h2>\t\t<\/div>\n\t\t\t\t<\/div>\n\t\t\t\t\t\t<\/div>\n\t\t\t\t\t<\/div>\n\t\t<\/div>\n\t\t\t\t\t\t\t\t<\/div>\n\t\t\t\t\t<\/div>\n\t\t<\/section>\n\t\t\t\t<section class=\"elementor-section elementor-top-section elementor-element elementor-element-d7fe08c elementor-section-boxed elementor-section-height-default elementor-section-height-default\" data-id=\"d7fe08c\" data-element_type=\"section\" data-settings=\"{&quot;background_background&quot;:&quot;classic&quot;}\">\n\t\t\t\t\t\t<div class=\"elementor-container elementor-column-gap-default\">\n\t\t\t\t\t\t\t<div class=\"elementor-row\">\n\t\t\t\t\t<div class=\"elementor-column elementor-col-50 elementor-top-column elementor-element elementor-element-dc7fead\" data-id=\"dc7fead\" data-element_type=\"column\">\n\t\t\t<div class=\"elementor-column-wrap elementor-element-populated\">\n\t\t\t\t\t\t\t<div class=\"elementor-widget-wrap\">\n\t\t\t\t\t\t<div class=\"elementor-element elementor-element-95d6a85 elementor-widget elementor-widget-text-editor\" data-id=\"95d6a85\" data-element_type=\"widget\" data-widget_type=\"text-editor.default\">\n\t\t\t\t<div class=\"elementor-widget-container\">\n\t\t\t\t\t\t\t\t<div class=\"elementor-text-editor elementor-clearfix\">\n\t\t\t\t<p><\/p><p data-start=\"919\" data-end=\"1202\">Drewmax est \u00e9galement un fabricant de lignes de remplissage pour conteneurs. Notre savoir-faire, notre exp\u00e9rience et notre \u00e9quipe d\u2019ing\u00e9nieurs nous ont permis de concevoir et de mettre en production des lignes automatiques de remplissage d\u2019emballages avec tout type de produit.<\/p><p data-start=\"1204\" data-end=\"1591\">La ligne pr\u00e9sent\u00e9e peut automatiquement pr\u00e9lever les emballages, les remplir avec n\u2019importe quel produit, les peser, puis les fermer. Une telle conception permet une \u00e9conomie significative de temps pour l\u2019emballage du produit et r\u00e9duit le besoin en personnel \u00e0 un seul op\u00e9rateur, dont la t\u00e2che consiste \u00e0 alimenter et recharger les emballages ainsi qu\u2019\u00e0 assurer le suivi en temps r\u00e9el.<\/p><p data-start=\"1593\" data-end=\"1731\">Le doseur utilis\u00e9 pour verser le produit dans l\u2019emballage est adapt\u00e9 \u00e0 ses propri\u00e9t\u00e9s. Il est possible d\u2019utiliser les doseurs suivants :<\/p><p data-start=\"1738\" data-end=\"1776\"><\/p>\t\t\t\t\t<\/div>\n\t\t\t\t\t\t<\/div>\n\t\t\t\t<\/div>\n\t\t\t\t\t\t<\/div>\n\t\t\t\t\t<\/div>\n\t\t<\/div>\n\t\t\t\t<div class=\"elementor-column elementor-col-50 elementor-top-column elementor-element elementor-element-6cb9d33\" data-id=\"6cb9d33\" data-element_type=\"column\">\n\t\t\t<div class=\"elementor-column-wrap elementor-element-populated\">\n\t\t\t\t\t\t\t<div class=\"elementor-widget-wrap\">\n\t\t\t\t\t\t<div class=\"elementor-element elementor-element-ec39fb5 elementor-widget__width-inherit elementor-widget elementor-widget-image\" data-id=\"ec39fb5\" data-element_type=\"widget\" data-widget_type=\"image.default\">\n\t\t\t\t<div class=\"elementor-widget-container\">\n\t\t\t\t\t\t\t\t<div class=\"elementor-image\">\n\t\t\t\t\t\t\t\t\t<figure class=\"wp-caption\">\n\t\t\t\t\t\t\t\t\t\t<img width=\"300\" height=\"298\" src=\"https:\/\/drewmax.net.pl\/wp-content\/uploads\/2020\/10\/pppe1-300x298-2.png\" class=\"attachment-large size-large\" alt=\"\" loading=\"lazy\" srcset=\"https:\/\/drewmax.net.pl\/wp-content\/uploads\/2020\/10\/pppe1-300x298-2.png 300w, https:\/\/drewmax.net.pl\/wp-content\/uploads\/2020\/10\/pppe1-300x298-2-150x150.png 150w\" sizes=\"(max-width: 300px) 100vw, 300px\" \/>\t\t\t\t\t\t\t\t\t\t\t<figcaption class=\"widget-image-caption wp-caption-text\">Linia do nape\u0142niania pojemnik\u00f3w<\/figcaption>\n\t\t\t\t\t\t\t\t\t\t<\/figure>\n\t\t\t\t\t\t\t\t<\/div>\n\t\t\t\t\t\t<\/div>\n\t\t\t\t<\/div>\n\t\t\t\t\t\t<\/div>\n\t\t\t\t\t<\/div>\n\t\t<\/div>\n\t\t\t\t\t\t\t\t<\/div>\n\t\t\t\t\t<\/div>\n\t\t<\/section>\n\t\t\t\t<section class=\"elementor-section elementor-top-section elementor-element elementor-element-b4e1198 elementor-section-boxed elementor-section-height-default elementor-section-height-default\" data-id=\"b4e1198\" data-element_type=\"section\" data-settings=\"{&quot;background_background&quot;:&quot;classic&quot;}\">\n\t\t\t\t\t\t<div class=\"elementor-container elementor-column-gap-default\">\n\t\t\t\t\t\t\t<div class=\"elementor-row\">\n\t\t\t\t\t<div class=\"elementor-column elementor-col-50 elementor-top-column elementor-element elementor-element-06ebae4\" data-id=\"06ebae4\" data-element_type=\"column\">\n\t\t\t<div class=\"elementor-column-wrap elementor-element-populated\">\n\t\t\t\t\t\t\t<div class=\"elementor-widget-wrap\">\n\t\t\t\t\t\t<div class=\"elementor-element elementor-element-79bfa97 elementor-widget elementor-widget-text-editor\" data-id=\"79bfa97\" data-element_type=\"widget\" data-widget_type=\"text-editor.default\">\n\t\t\t\t<div class=\"elementor-widget-container\">\n\t\t\t\t\t\t\t\t<div class=\"elementor-text-editor elementor-clearfix\">\n\t\t\t\t<p><\/p><ul data-start=\"254\" data-end=\"437\"><li data-start=\"254\" data-end=\"314\">Distributeur de produits liquides (canne de remplissage)<\/li><li data-start=\"315\" data-end=\"380\">Distributeur de produits en vrac (\u00e0 bande, \u00e0 vis, gravitaire)<\/li><li data-start=\"381\" data-end=\"437\">Distributeur pour produits pr\u00e9emball\u00e9s (sacs, cartons)<\/li><\/ul><p data-start=\"439\" data-end=\"463\"><\/p>\t\t\t\t\t<\/div>\n\t\t\t\t\t\t<\/div>\n\t\t\t\t<\/div>\n\t\t\t\t\t\t<\/div>\n\t\t\t\t\t<\/div>\n\t\t<\/div>\n\t\t\t\t<div class=\"elementor-column elementor-col-50 elementor-top-column elementor-element elementor-element-7493c53\" data-id=\"7493c53\" data-element_type=\"column\">\n\t\t\t<div class=\"elementor-column-wrap elementor-element-populated\">\n\t\t\t\t\t\t\t<div class=\"elementor-widget-wrap\">\n\t\t\t\t\t\t<div class=\"elementor-element elementor-element-89da2e8 elementor-widget__width-inherit elementor-widget elementor-widget-image\" data-id=\"89da2e8\" data-element_type=\"widget\" data-widget_type=\"image.default\">\n\t\t\t\t<div class=\"elementor-widget-container\">\n\t\t\t\t\t\t\t\t<div class=\"elementor-image\">\n\t\t\t\t\t\t\t\t\t\t\t\t<img width=\"300\" height=\"122\" src=\"https:\/\/drewmax.net.pl\/wp-content\/uploads\/2020\/10\/pppe2-300x122-2.png\" class=\"attachment-large size-large\" alt=\"\" loading=\"lazy\" \/>\t\t\t\t\t\t\t\t\t\t\t\t\t\t<\/div>\n\t\t\t\t\t\t<\/div>\n\t\t\t\t<\/div>\n\t\t\t\t\t\t<\/div>\n\t\t\t\t\t<\/div>\n\t\t<\/div>\n\t\t\t\t\t\t\t\t<\/div>\n\t\t\t\t\t<\/div>\n\t\t<\/section>\n\t\t\t\t<section class=\"elementor-section elementor-top-section elementor-element elementor-element-fc97643 elementor-section-boxed elementor-section-height-default elementor-section-height-default\" data-id=\"fc97643\" data-element_type=\"section\" data-settings=\"{&quot;background_background&quot;:&quot;classic&quot;}\">\n\t\t\t\t\t\t<div class=\"elementor-container elementor-column-gap-default\">\n\t\t\t\t\t\t\t<div class=\"elementor-row\">\n\t\t\t\t\t<div class=\"elementor-column elementor-col-100 elementor-top-column elementor-element elementor-element-2146dfe\" data-id=\"2146dfe\" data-element_type=\"column\">\n\t\t\t<div class=\"elementor-column-wrap elementor-element-populated\">\n\t\t\t\t\t\t\t<div class=\"elementor-widget-wrap\">\n\t\t\t\t\t\t<div class=\"elementor-element elementor-element-63b6917 elementor-widget elementor-widget-text-editor\" data-id=\"63b6917\" data-element_type=\"widget\" data-widget_type=\"text-editor.default\">\n\t\t\t\t<div class=\"elementor-widget-container\">\n\t\t\t\t\t\t\t\t<div class=\"elementor-text-editor elementor-clearfix\">\n\t\t\t\t<p><\/p><p data-start=\"317\" data-end=\"644\"><br data-start=\"339\" data-end=\"342\" \/>Pour la r\u00e9ception des seaux remplis, une station de palettisation robotis\u00e9e peut \u00eatre utilis\u00e9e, tandis que pour s\u00e9curiser la charge contre les d\u00e9placements, nous proposons l\u2019utilisation d\u2019une machine \u00ab\u00a0capuchonnante\u00a0\u00bb stretch hood &#8211; ces appareils font \u00e9galement partie de l&rsquo;offre de l&rsquo;entreprise Drewmax.<\/p><p data-start=\"646\" data-end=\"919\"><\/span><\/p>\t\t\t\t\t<\/div>\n\t\t\t\t\t\t<\/div>\n\t\t\t\t<\/div>\n\t\t\t\t\t\t<\/div>\n\t\t\t\t\t<\/div>\n\t\t<\/div>\n\t\t\t\t\t\t\t\t<\/div>\n\t\t\t\t\t<\/div>\n\t\t<\/section>\n\t\t\t\t<section class=\"elementor-section elementor-top-section elementor-element elementor-element-f3655fe elementor-section-boxed elementor-section-height-default elementor-section-height-default\" data-id=\"f3655fe\" data-element_type=\"section\" data-settings=\"{&quot;background_background&quot;:&quot;classic&quot;}\">\n\t\t\t\t\t\t<div class=\"elementor-container elementor-column-gap-default\">\n\t\t\t\t\t\t\t<div class=\"elementor-row\">\n\t\t\t\t\t<div class=\"elementor-column elementor-col-50 elementor-top-column elementor-element elementor-element-8010643\" data-id=\"8010643\" data-element_type=\"column\">\n\t\t\t<div class=\"elementor-column-wrap elementor-element-populated\">\n\t\t\t\t\t\t\t<div class=\"elementor-widget-wrap\">\n\t\t\t\t\t\t<div class=\"elementor-element elementor-element-41a3ee5 elementor-widget__width-inherit elementor-widget elementor-widget-image\" data-id=\"41a3ee5\" data-element_type=\"widget\" data-widget_type=\"image.default\">\n\t\t\t\t<div class=\"elementor-widget-container\">\n\t\t\t\t\t\t\t\t<div class=\"elementor-image\">\n\t\t\t\t\t\t\t\t\t\t\t\t<img width=\"300\" height=\"296\" src=\"https:\/\/drewmax.net.pl\/wp-content\/uploads\/2020\/10\/pppe3-300x296-2.png\" class=\"attachment-large size-large\" alt=\"\" loading=\"lazy\" \/>\t\t\t\t\t\t\t\t\t\t\t\t\t\t<\/div>\n\t\t\t\t\t\t<\/div>\n\t\t\t\t<\/div>\n\t\t\t\t\t\t<\/div>\n\t\t\t\t\t<\/div>\n\t\t<\/div>\n\t\t\t\t<div class=\"elementor-column elementor-col-50 elementor-top-column elementor-element elementor-element-82d07ec\" data-id=\"82d07ec\" data-element_type=\"column\">\n\t\t\t<div class=\"elementor-column-wrap elementor-element-populated\">\n\t\t\t\t\t\t\t<div class=\"elementor-widget-wrap\">\n\t\t\t\t\t\t<div class=\"elementor-element elementor-element-841c3de elementor-widget elementor-widget-text-editor\" data-id=\"841c3de\" data-element_type=\"widget\" data-widget_type=\"text-editor.default\">\n\t\t\t\t<div class=\"elementor-widget-container\">\n\t\t\t\t\t\t\t\t<div class=\"elementor-text-editor elementor-clearfix\">\n\t\t\t\t<p><br data-start=\"514\" data-end=\"517\" \/><span style=\"text-decoration: underline;\"><strong data-start=\"517\" data-end=\"555\">Composants de base de l&rsquo;appareil :<\/strong><\/span><\/p><ul data-start=\"558\" data-end=\"810\"><li data-start=\"558\" data-end=\"582\">Structure de support<\/li><li data-start=\"583\" data-end=\"605\">Convoyeur de seaux<\/li><li data-start=\"606\" data-end=\"655\">Station de remplissage des seaux avec produit<\/li><li data-start=\"656\" data-end=\"667\">Balance<\/li><li data-start=\"668\" data-end=\"755\">Syst\u00e8me de commande lisible bas\u00e9 sur un contr\u00f4leur PLC Siemens avec panneau tactile<\/li><li data-start=\"756\" data-end=\"810\">Actionneurs\/servoactionneurs SEW ou LENZE utilis\u00e9s<\/li><\/ul><p data-start=\"812\" data-end=\"840\"><span style=\"text-decoration: underline;\"><strong data-start=\"812\" data-end=\"838\">\u00c9quipement optionnel :<\/strong><\/span><\/p><ul data-start=\"841\" data-end=\"1015\"><li data-start=\"841\" data-end=\"884\">Syst\u00e8me de mise en place des couvercles<\/li><li data-start=\"885\" data-end=\"948\">Syst\u00e8me d&rsquo;ajustement automatique \u00e0 la taille des couvercles<\/li><li data-start=\"949\" data-end=\"988\">Syst\u00e8me de fermeture des emballages<\/li><li data-start=\"989\" data-end=\"1015\">Convoyeur de r\u00e9ception<\/li><\/ul><p data-start=\"1017\" data-end=\"1076\"><\/p><\/div>\t\t\t\t\t<\/div>\n\t\t\t\t\t\t<\/div>\n\t\t\t\t<\/div>\n\t\t\t\t\t\t<\/div>\n\t\t\t\t\t<\/div>\n\t\t<\/div>\n\t\t\t\t\t\t\t\t<\/div>\n\t\t\t\t\t<\/div>\n\t\t<\/section>\n\t\t\t\t<section class=\"elementor-section elementor-top-section elementor-element elementor-element-1233422 elementor-section-boxed elementor-section-height-default elementor-section-height-default\" data-id=\"1233422\" data-element_type=\"section\" data-settings=\"{&quot;background_background&quot;:&quot;classic&quot;}\">\n\t\t\t\t\t\t<div class=\"elementor-container elementor-column-gap-default\">\n\t\t\t\t\t\t\t<div class=\"elementor-row\">\n\t\t\t\t\t<div class=\"elementor-column elementor-col-50 elementor-top-column elementor-element elementor-element-a94ec0f\" data-id=\"a94ec0f\" data-element_type=\"column\">\n\t\t\t<div class=\"elementor-column-wrap elementor-element-populated\">\n\t\t\t\t\t\t\t<div class=\"elementor-widget-wrap\">\n\t\t\t\t\t\t<div class=\"elementor-element elementor-element-8e461c6 elementor-widget elementor-widget-text-editor\" data-id=\"8e461c6\" data-element_type=\"widget\" data-widget_type=\"text-editor.default\">\n\t\t\t\t<div class=\"elementor-widget-container\">\n\t\t\t\t\t\t\t\t<div class=\"elementor-text-editor elementor-clearfix\">\n\t\t\t\t<p><br data-start=\"427\" data-end=\"430\" \/><span style=\"text-decoration: underline;\"><strong>Caract\u00e9ristiques techniques de la ligne de remplissage des emballages rigides :<\/strong><\/span><\/p><ul data-start=\"516\" data-end=\"865\"><li data-start=\"516\" data-end=\"557\">Charge maximale de la balance : 30 kg<\/li><li data-start=\"558\" data-end=\"596\">Poids minimum de la portion : 1 kg<\/li><li data-start=\"597\" data-end=\"663\">Plage \u00e9l\u00e9mentaire : 10 g pour une portion allant jusqu\u2019\u00e0 30 kg<\/li><li data-start=\"664\" data-end=\"714\">Dimensions des couvercles : de 150 mm \u00e0 330 mm<\/li><li data-start=\"715\" data-end=\"770\">Rendement de la ligne : environ 1200 portions\/heure<\/li><li data-start=\"771\" data-end=\"817\">Alimentation \u00e9lectrique : 3 x 400 V, 50 Hz<\/li><li data-start=\"818\" data-end=\"865\">Alimentation en air comprim\u00e9 : 5,5 \u2013 10 bar<\/li><\/ul><p data-start=\"867\" data-end=\"961\"><\/p>\t\t\t\t\t<\/div>\n\t\t\t\t\t\t<\/div>\n\t\t\t\t<\/div>\n\t\t\t\t\t\t<\/div>\n\t\t\t\t\t<\/div>\n\t\t<\/div>\n\t\t\t\t<div class=\"elementor-column elementor-col-50 elementor-top-column elementor-element elementor-element-ae8439d\" data-id=\"ae8439d\" data-element_type=\"column\">\n\t\t\t<div class=\"elementor-column-wrap elementor-element-populated\">\n\t\t\t\t\t\t\t<div class=\"elementor-widget-wrap\">\n\t\t\t\t\t\t<div class=\"elementor-element elementor-element-1487c71 elementor-widget elementor-widget-image\" data-id=\"1487c71\" data-element_type=\"widget\" data-widget_type=\"image.default\">\n\t\t\t\t<div class=\"elementor-widget-container\">\n\t\t\t\t\t\t\t\t<div class=\"elementor-image\">\n\t\t\t\t\t\t\t\t\t\t\t\t<img width=\"530\" height=\"142\" src=\"https:\/\/drewmax.net.pl\/wp-content\/uploads\/2020\/10\/pppe4-1.png\" class=\"attachment-large size-large\" alt=\"\" loading=\"lazy\" srcset=\"https:\/\/drewmax.net.pl\/wp-content\/uploads\/2020\/10\/pppe4-1.png 530w, https:\/\/drewmax.net.pl\/wp-content\/uploads\/2020\/10\/pppe4-1-300x80.png 300w\" sizes=\"(max-width: 530px) 100vw, 530px\" \/>\t\t\t\t\t\t\t\t\t\t\t\t\t\t<\/div>\n\t\t\t\t\t\t<\/div>\n\t\t\t\t<\/div>\n\t\t\t\t\t\t<\/div>\n\t\t\t\t\t<\/div>\n\t\t<\/div>\n\t\t\t\t\t\t\t\t<\/div>\n\t\t\t\t\t<\/div>\n\t\t<\/section>\n\t\t\t\t<section class=\"elementor-section elementor-top-section elementor-element elementor-element-6d805e1 elementor-section-boxed elementor-section-height-default elementor-section-height-default\" data-id=\"6d805e1\" data-element_type=\"section\" data-settings=\"{&quot;background_background&quot;:&quot;classic&quot;}\">\n\t\t\t\t\t\t<div class=\"elementor-container elementor-column-gap-default\">\n\t\t\t\t\t\t\t<div class=\"elementor-row\">\n\t\t\t\t\t<div class=\"elementor-column elementor-col-100 elementor-top-column elementor-element elementor-element-2b2c0f0\" data-id=\"2b2c0f0\" data-element_type=\"column\">\n\t\t\t<div class=\"elementor-column-wrap elementor-element-populated\">\n\t\t\t\t\t\t\t<div class=\"elementor-widget-wrap\">\n\t\t\t\t\t\t<div class=\"elementor-element elementor-element-4e03cfe elementor-align-center elementor-widget elementor-widget-button\" data-id=\"4e03cfe\" data-element_type=\"widget\" data-widget_type=\"button.default\">\n\t\t\t\t<div class=\"elementor-widget-container\">\n\t\t\t\t\t<div class=\"elementor-button-wrapper\">\n\t\t\t<a href=\"https:\/\/drewmax.net.pl\/wp-content\/uploads\/2025\/04\/Linia-do-napelniania-opakowan-sztywnych-wiadra_front_FR.pdf\" target=\"_blank\" class=\"elementor-button-link elementor-button elementor-size-lg\" role=\"button\">\n\t\t\t\t\t\t<span class=\"elementor-button-content-wrapper\">\n\t\t\t\t\t\t<span class=\"elementor-button-icon elementor-align-icon-right\">\n\t\t\t\t<i aria-hidden=\"true\" class=\"fas fa-download\"><\/i>\t\t\t<\/span>\n\t\t\t\t\t\t<span class=\"elementor-button-text\">  T\u00e9l\u00e9charger la fiche produit<\/span>\n\t\t<\/span>\n\t\t\t\t\t<\/a>\n\t\t<\/div>\n\t\t\t\t<\/div>\n\t\t\t\t<\/div>\n\t\t\t\t\t\t<\/div>\n\t\t\t\t\t<\/div>\n\t\t<\/div>\n\t\t\t\t\t\t\t\t<\/div>\n\t\t\t\t\t<\/div>\n\t\t<\/section>\n\t\t\t\t\t\t<\/div>\n\t\t\t\t\t\t<\/div>\n\t\t\t\t\t<\/div>\n\t\t","protected":false},"excerpt":{"rendered":"<p>Ligne de remplissage pour contenants PP, PE et cartons Drewmax est \u00e9galement un fabricant de lignes de remplissage pour conteneurs. Notre savoir-faire, notre exp\u00e9rience et notre \u00e9quipe d\u2019ing\u00e9nieurs nous ont permis de concevoir et de mettre en production des lignes automatiques de remplissage d\u2019emballages avec tout type de produit. La ligne pr\u00e9sent\u00e9e peut automatiquement pr\u00e9lever&hellip;<\/p>\n","protected":false},"author":1,"featured_media":12071,"parent":0,"menu_order":0,"comment_status":"closed","ping_status":"closed","template":"","meta":[],"yoast_head":"<!-- This site is optimized with the Yoast SEO Premium plugin v15.5 - https:\/\/yoast.com\/wordpress\/plugins\/seo\/ -->\n<title>Wa\u017cenie Pakowanie Paletyzacja automatyka przemys\u0142owa linia PP PE<\/title>\n<meta name=\"description\" content=\"Wa\u017cenie pakowanie paletyzacja automatyka przemys\u0142owa linie wa\u017c\u0105co - pakuj\u0105ce Bigbag zbiorniki technologiczne mikrodozowanie PP PE\" \/>\n<meta name=\"robots\" content=\"index, follow, max-snippet:-1, max-image-preview:large, max-video-preview:-1\" \/>\n<link rel=\"canonical\" href=\"https:\/\/drewmax.net.pl\/linie-do-napelniania-opakowan\/\" \/>\n<meta property=\"og:locale\" content=\"fr_FR\" \/>\n<meta property=\"og:type\" content=\"article\" \/>\n<meta property=\"og:title\" content=\"Wa\u017cenie Pakowanie Paletyzacja automatyka przemys\u0142owa linia PP PE\" \/>\n<meta property=\"og:description\" content=\"Wa\u017cenie pakowanie paletyzacja automatyka przemys\u0142owa linie wa\u017c\u0105co - pakuj\u0105ce Bigbag zbiorniki technologiczne mikrodozowanie PP PE\" \/>\n<meta property=\"og:url\" content=\"https:\/\/drewmax.net.pl\/linie-do-napelniania-opakowan\/\" \/>\n<meta property=\"og:site_name\" content=\"(Polski) Drewmax - Wa\u017cenie | Pakowanie | Paletyzacja | Automatyka\" \/>\n<meta property=\"article:publisher\" content=\"https:\/\/www.facebook.com\/Drewmax-111641623604429\/\" \/>\n<meta property=\"article:modified_time\" content=\"2025-04-04T05:22:35+00:00\" \/>\n<meta name=\"twitter:card\" content=\"summary_large_image\" \/>\n<meta name=\"twitter:label1\" content=\"Dur\u00e9e de lecture estim\u00e9e\">\n\t<meta name=\"twitter:data1\" content=\"9 minutes\">\n<script type=\"application\/ld+json\" class=\"yoast-schema-graph\">{\"@context\":\"https:\/\/schema.org\",\"@graph\":[{\"@type\":\"Organization\",\"@id\":\"https:\/\/drewmax.net.pl\/en\/#organization\",\"name\":\"DREWMAX Sp\\u00f3\\u0142ka z o.o.\",\"url\":\"https:\/\/drewmax.net.pl\/en\/\",\"sameAs\":[\"https:\/\/www.facebook.com\/Drewmax-111641623604429\/\",\"https:\/\/www.instagram.com\/drewmax.net.pl\/\",\"https:\/\/www.youtube.com\/channel\/UCCS8U5F8gSyJAlSWjxgbLRQ\"],\"logo\":{\"@type\":\"ImageObject\",\"@id\":\"https:\/\/drewmax.net.pl\/en\/#logo\",\"inLanguage\":\"fr-FR\",\"url\":\"\",\"caption\":\"DREWMAX Sp\\u00f3\\u0142ka z o.o.\"},\"image\":{\"@id\":\"https:\/\/drewmax.net.pl\/en\/#logo\"}},{\"@type\":\"WebSite\",\"@id\":\"https:\/\/drewmax.net.pl\/en\/#website\",\"url\":\"https:\/\/drewmax.net.pl\/en\/\",\"name\":\"(Polski) Drewmax - Wa\\u017cenie | Pakowanie | Paletyzacja | Automatyka\",\"description\":\"\",\"publisher\":{\"@id\":\"https:\/\/drewmax.net.pl\/en\/#organization\"},\"potentialAction\":[{\"@type\":\"SearchAction\",\"target\":\"https:\/\/drewmax.net.pl\/en\/?s={search_term_string}\",\"query-input\":\"required name=search_term_string\"}],\"inLanguage\":\"fr-FR\"},{\"@type\":\"ImageObject\",\"@id\":\"https:\/\/drewmax.net.pl\/linie-do-napelniania-opakowan\/#primaryimage\",\"inLanguage\":\"fr-FR\",\"url\":\"\"},{\"@type\":\"WebPage\",\"@id\":\"https:\/\/drewmax.net.pl\/linie-do-napelniania-opakowan\/#webpage\",\"url\":\"https:\/\/drewmax.net.pl\/linie-do-napelniania-opakowan\/\",\"name\":\"Wa\\u017cenie Pakowanie Paletyzacja automatyka przemys\\u0142owa linia PP PE\",\"isPartOf\":{\"@id\":\"https:\/\/drewmax.net.pl\/en\/#website\"},\"primaryImageOfPage\":{\"@id\":\"https:\/\/drewmax.net.pl\/linie-do-napelniania-opakowan\/#primaryimage\"},\"datePublished\":\"2016-07-19T09:23:52+00:00\",\"dateModified\":\"2025-04-04T05:22:35+00:00\",\"description\":\"Wa\\u017cenie pakowanie paletyzacja automatyka przemys\\u0142owa linie wa\\u017c\\u0105co - pakuj\\u0105ce Bigbag zbiorniki technologiczne mikrodozowanie PP PE\",\"breadcrumb\":{\"@id\":\"https:\/\/drewmax.net.pl\/linie-do-napelniania-opakowan\/#breadcrumb\"},\"inLanguage\":\"fr-FR\",\"potentialAction\":[{\"@type\":\"ReadAction\",\"target\":[\"https:\/\/drewmax.net.pl\/linie-do-napelniania-opakowan\/\"]}]},{\"@type\":\"BreadcrumbList\",\"@id\":\"https:\/\/drewmax.net.pl\/linie-do-napelniania-opakowan\/#breadcrumb\",\"itemListElement\":[{\"@type\":\"ListItem\",\"position\":1,\"item\":{\"@type\":\"WebPage\",\"@id\":\"https:\/\/drewmax.net.pl\/\",\"url\":\"https:\/\/drewmax.net.pl\/\",\"name\":\"Home\"}},{\"@type\":\"ListItem\",\"position\":2,\"item\":{\"@type\":\"WebPage\",\"@id\":\"https:\/\/drewmax.net.pl\/linie-do-napelniania-opakowan\/\",\"url\":\"https:\/\/drewmax.net.pl\/linie-do-napelniania-opakowan\/\",\"name\":\"Linia do nape\\u0142niania opakowa\\u0144 PP, PE oraz karton\\u00f3w\"}}]}]}<\/script>\n<!-- \/ Yoast SEO Premium plugin. -->","_links":{"self":[{"href":"https:\/\/drewmax.net.pl\/fr\/wp-json\/wp\/v2\/pages\/11814"}],"collection":[{"href":"https:\/\/drewmax.net.pl\/fr\/wp-json\/wp\/v2\/pages"}],"about":[{"href":"https:\/\/drewmax.net.pl\/fr\/wp-json\/wp\/v2\/types\/page"}],"author":[{"embeddable":true,"href":"https:\/\/drewmax.net.pl\/fr\/wp-json\/wp\/v2\/users\/1"}],"replies":[{"embeddable":true,"href":"https:\/\/drewmax.net.pl\/fr\/wp-json\/wp\/v2\/comments?post=11814"}],"version-history":[{"count":88,"href":"https:\/\/drewmax.net.pl\/fr\/wp-json\/wp\/v2\/pages\/11814\/revisions"}],"predecessor-version":[{"id":32034,"href":"https:\/\/drewmax.net.pl\/fr\/wp-json\/wp\/v2\/pages\/11814\/revisions\/32034"}],"wp:featuredmedia":[{"embeddable":true,"href":"https:\/\/drewmax.net.pl\/fr\/wp-json\/wp\/v2\/media\/12071"}],"wp:attachment":[{"href":"https:\/\/drewmax.net.pl\/fr\/wp-json\/wp\/v2\/media?parent=11814"}],"curies":[{"name":"wp","href":"https:\/\/api.w.org\/{rel}","templated":true}]}}