{"id":82,"date":"2016-07-21T10:22:25","date_gmt":"2016-07-21T08:22:25","guid":{"rendered":"http:\/\/drewmax.net.pl\/?page_id=82"},"modified":"2025-04-03T13:34:17","modified_gmt":"2025-04-03T11:34:17","slug":"wbs","status":"publish","type":"page","link":"https:\/\/drewmax.net.pl\/es\/wbs\/","title":{"rendered":"(Polski) P\u00f3\u0142automatyczna linia wa\u017c\u0105co-pakuj\u0105ca typ WB\/S"},"content":{"rendered":"\t\t<div data-elementor-type=\"wp-post\" data-elementor-id=\"82\" class=\"elementor elementor-82\" data-elementor-settings=\"[]\">\n\t\t\t\t\t\t<div class=\"elementor-inner\">\n\t\t\t\t\t\t\t<div class=\"elementor-section-wrap\">\n\t\t\t\t\t\t\t<section class=\"elementor-section elementor-top-section elementor-element elementor-element-015f56d elementor-section-boxed elementor-section-height-default elementor-section-height-default\" data-id=\"015f56d\" data-element_type=\"section\" data-settings=\"{&quot;background_background&quot;:&quot;classic&quot;}\">\n\t\t\t\t\t\t<div class=\"elementor-container elementor-column-gap-default\">\n\t\t\t\t\t\t\t<div class=\"elementor-row\">\n\t\t\t\t\t<div class=\"elementor-column elementor-col-100 elementor-top-column elementor-element elementor-element-90ea887\" data-id=\"90ea887\" data-element_type=\"column\">\n\t\t\t<div class=\"elementor-column-wrap elementor-element-populated\">\n\t\t\t\t\t\t\t<div class=\"elementor-widget-wrap\">\n\t\t\t\t\t\t<div class=\"elementor-element elementor-element-e93cecf elementor-widget elementor-widget-heading\" data-id=\"e93cecf\" data-element_type=\"widget\" data-widget_type=\"heading.default\">\n\t\t\t\t<div class=\"elementor-widget-container\">\n\t\t\t<h2 class=\"elementor-heading-title elementor-size-xl\"> L\u00ednea de pesaje y envasado semiautom\u00e1tica\nTipo WB\/S\n<\/h2>\t\t<\/div>\n\t\t\t\t<\/div>\n\t\t\t\t\t\t<\/div>\n\t\t\t\t\t<\/div>\n\t\t<\/div>\n\t\t\t\t\t\t\t\t<\/div>\n\t\t\t\t\t<\/div>\n\t\t<\/section>\n\t\t\t\t<section class=\"elementor-section elementor-top-section elementor-element elementor-element-cb98bd2 elementor-section-boxed elementor-section-height-default elementor-section-height-default\" data-id=\"cb98bd2\" data-element_type=\"section\" data-settings=\"{&quot;background_background&quot;:&quot;classic&quot;}\">\n\t\t\t\t\t\t<div class=\"elementor-container elementor-column-gap-default\">\n\t\t\t\t\t\t\t<div class=\"elementor-row\">\n\t\t\t\t\t<div class=\"elementor-column elementor-col-100 elementor-top-column elementor-element elementor-element-6724b2c\" data-id=\"6724b2c\" data-element_type=\"column\">\n\t\t\t<div class=\"elementor-column-wrap elementor-element-populated\">\n\t\t\t\t\t\t\t<div class=\"elementor-widget-wrap\">\n\t\t\t\t\t\t<div class=\"elementor-element elementor-element-68c6073 elementor-widget elementor-widget-text-editor\" data-id=\"68c6073\" data-element_type=\"widget\" data-widget_type=\"text-editor.default\">\n\t\t\t\t<div class=\"elementor-widget-container\">\n\t\t\t\t\t\t\t\t<div class=\"elementor-text-editor elementor-clearfix\">\n\t\t\t\t<p><br data-start=\"2753\" data-end=\"2756\" \/>La demanda del mercado nos llev\u00f3 a dise\u00f1ar la l\u00ednea de pesaje y envasado semiautom\u00e1tica tipo WB\/S, que combina precisi\u00f3n en la dosificaci\u00f3n, un costo relativamente bajo y facilidad de uso. La l\u00ednea WB\/S es un dispositivo semiautom\u00e1tico de pesaje y envasado para productos a granel\/polvorientos utilizando bolsas de tipo abierto. La l\u00ednea presentada cuenta con un sistema de pesaje montado en la boquilla, conocido como sistema de ranuras, lo que significa que el producto se dosifica directamente en el envase a trav\u00e9s de transportadores de tornillo de diferentes di\u00e1metros.<\/p><p data-start=\"3334\" data-end=\"3900\" data-is-last-node=\"\"><\/p>\t\t\t\t\t<\/div>\n\t\t\t\t\t\t<\/div>\n\t\t\t\t<\/div>\n\t\t\t\t\t\t<\/div>\n\t\t\t\t\t<\/div>\n\t\t<\/div>\n\t\t\t\t\t\t\t\t<\/div>\n\t\t\t\t\t<\/div>\n\t\t<\/section>\n\t\t\t\t<section class=\"elementor-section elementor-top-section elementor-element elementor-element-248d8ca elementor-hidden-tablet elementor-hidden-phone elementor-section-content-middle elementor-section-boxed elementor-section-height-default elementor-section-height-default\" data-id=\"248d8ca\" data-element_type=\"section\" data-settings=\"{&quot;background_background&quot;:&quot;classic&quot;}\">\n\t\t\t\t\t\t<div class=\"elementor-container elementor-column-gap-default\">\n\t\t\t\t\t\t\t<div class=\"elementor-row\">\n\t\t\t\t\t<div class=\"elementor-column elementor-col-100 elementor-top-column elementor-element elementor-element-8fe5c9b\" data-id=\"8fe5c9b\" data-element_type=\"column\">\n\t\t\t<div class=\"elementor-column-wrap elementor-element-populated\">\n\t\t\t\t\t\t\t<div class=\"elementor-widget-wrap\">\n\t\t\t\t\t\t<div class=\"elementor-element elementor-element-4a47cdd elementor-widget elementor-widget-html\" data-id=\"4a47cdd\" data-element_type=\"widget\" data-widget_type=\"html.default\">\n\t\t\t\t<div class=\"elementor-widget-container\">\n\t\t\t<noscript>\r\n    <img src=\"\/rendery\/wbs\/38.jpg\" alt=\"wbs\">\r\n<\/noscript>\r\n    <div\r\n      class=\"cloudimage-360\"\r\n      data-folder=\"\/rendery\/wbs\/\"\r\n      data-filename=\"{index}.jpg\"\r\n      data-amount=\"72\"\r\n      data-magnifier=\"3\"\r\n      data-spin-reverse\r\n    ><\/div>\r\n    <!-- Add script tag with CDN link to js-cloudimage-360-view lib after all content in body tag -->\r\n    <script src=\"\/rendery\/wbs\/wbs.js\"><\/script>\t\t<\/div>\n\t\t\t\t<\/div>\n\t\t\t\t\t\t<\/div>\n\t\t\t\t\t<\/div>\n\t\t<\/div>\n\t\t\t\t\t\t\t\t<\/div>\n\t\t\t\t\t<\/div>\n\t\t<\/section>\n\t\t\t\t<section class=\"elementor-section elementor-top-section elementor-element elementor-element-ff5a3a7 elementor-section-boxed elementor-section-height-default elementor-section-height-default\" data-id=\"ff5a3a7\" data-element_type=\"section\" data-settings=\"{&quot;background_background&quot;:&quot;classic&quot;}\">\n\t\t\t\t\t\t<div class=\"elementor-container elementor-column-gap-default\">\n\t\t\t\t\t\t\t<div class=\"elementor-row\">\n\t\t\t\t\t<div class=\"elementor-column elementor-col-100 elementor-top-column elementor-element elementor-element-1aa9166\" data-id=\"1aa9166\" data-element_type=\"column\">\n\t\t\t<div class=\"elementor-column-wrap elementor-element-populated\">\n\t\t\t\t\t\t\t<div class=\"elementor-widget-wrap\">\n\t\t\t\t\t\t<div class=\"elementor-element elementor-element-927da56 elementor-widget elementor-widget-text-editor\" data-id=\"927da56\" data-element_type=\"widget\" data-widget_type=\"text-editor.default\">\n\t\t\t\t<div class=\"elementor-widget-container\">\n\t\t\t\t\t\t\t\t<div class=\"elementor-text-editor elementor-clearfix\">\n\t\t\t\t<p><br data-start=\"2732\" data-end=\"2735\" \/><span style=\"text-decoration: underline;\"><strong data-start=\"2735\" data-end=\"2770\">Componentes b\u00e1sicos del equipo:<\/strong><\/span><\/p><ul data-start=\"2773\" data-end=\"3313\"><li data-start=\"2773\" data-end=\"2837\">Estructura de soporte de la l\u00ednea con plataforma de operador<\/li><li data-start=\"2838\" data-end=\"2877\">Balanza electr\u00f3nica de pesaje bruto<\/li><li data-start=\"2878\" data-end=\"2905\">Dosificador de tornillo<\/li><li data-start=\"2906\" data-end=\"2926\">Boquilla abierta<\/li><li data-start=\"2927\" data-end=\"2981\">Transportador de banda para el transporte de sacos<\/li><li data-start=\"2982\" data-end=\"3031\">Sistema de ajuste de altura del transportador<\/li><li data-start=\"3032\" data-end=\"3083\">Sistema de guiado de la parte superior del saco<\/li><li data-start=\"3084\" data-end=\"3120\">M\u00e1quina de coser de un solo hilo<\/li><li data-start=\"3121\" data-end=\"3187\">Transportador lateral para recibir sacos con sistema de volteo<\/li><li data-start=\"3188\" data-end=\"3262\">Sistema de control intuitivo basado en PLC Siemens con pantalla t\u00e1ctil<\/li><li data-start=\"3263\" data-end=\"3313\">Accionamientos\/servoaccionamientos SEW o LENZE<\/li><\/ul><p data-start=\"1772\" data-end=\"1815\"><span style=\"text-decoration: underline;\"><strong data-start=\"1793\" data-end=\"1813\">Equipo opcional:<\/strong><\/span><\/p><ul data-start=\"1816\" data-end=\"2162\"><li data-start=\"1816\" data-end=\"1868\">Sistema de plegado de la parte superior del saco<\/li><li data-start=\"1869\" data-end=\"1909\">Sistema de aplicaci\u00f3n de cinta crep\u00e9<\/li><li data-start=\"1910\" data-end=\"1960\">Sistema de succi\u00f3n de producto dentro del saco<\/li><li data-start=\"1961\" data-end=\"2000\">Sistema de vibraci\u00f3n del saco lleno<\/li><li data-start=\"2001\" data-end=\"2043\">Sistema de limpieza de transportadores<\/li><li data-start=\"2044\" data-end=\"2088\">Sellador de impulso o de calor constante<\/li><li data-start=\"2089\" data-end=\"2123\">M\u00e1quina de coser de doble hilo<\/li><li data-start=\"2124\" data-end=\"2162\">Dep\u00f3sito intermedio para sobrepeso<\/li><\/ul><p data-start=\"3320\" data-end=\"3385\"><\/p><\/div>\t\t\t\t\t<\/div>\n\t\t\t\t\t\t<\/div>\n\t\t\t\t<\/div>\n\t\t\t\t<div class=\"elementor-element elementor-element-aff99d3 elementor-widget elementor-widget-spacer\" data-id=\"aff99d3\" data-element_type=\"widget\" data-widget_type=\"spacer.default\">\n\t\t\t\t<div class=\"elementor-widget-container\">\n\t\t\t\t\t<div class=\"elementor-spacer\">\n\t\t\t<div class=\"elementor-spacer-inner\"><\/div>\n\t\t<\/div>\n\t\t\t\t<\/div>\n\t\t\t\t<\/div>\n\t\t\t\t\t\t<\/div>\n\t\t\t\t\t<\/div>\n\t\t<\/div>\n\t\t\t\t<div class=\"elementor-column elementor-col-100 elementor-top-column elementor-element elementor-element-dd8316e\" data-id=\"dd8316e\" data-element_type=\"column\">\n\t\t\t<div class=\"elementor-column-wrap elementor-element-populated\">\n\t\t\t\t\t\t\t<div class=\"elementor-widget-wrap\">\n\t\t\t\t\t\t<div class=\"elementor-element elementor-element-c955754 elementor-widget elementor-widget-text-editor\" data-id=\"c955754\" data-element_type=\"widget\" data-widget_type=\"text-editor.default\">\n\t\t\t\t<div class=\"elementor-widget-container\">\n\t\t\t\t\t\t\t\t<div class=\"elementor-text-editor elementor-clearfix\">\n\t\t\t\t<p><\/p><p data-start=\"3341\" data-end=\"3366\"><span style=\"text-decoration: underline;\"><strong>Par\u00e1metros t\u00e9cnicos b\u00e1sicos:<\/strong><\/span><\/p><ul data-start=\"3367\" data-end=\"4050\"><li data-start=\"3367\" data-end=\"3405\">Peso m\u00e1ximo por porci\u00f3n: 50 kg<\/li><li data-start=\"3406\" data-end=\"3444\">Peso m\u00ednimo por porci\u00f3n: 10 kg<\/li><li data-start=\"3445\" data-end=\"3576\">Capacidad de la l\u00ednea: hasta 280 porciones\/hora (seg\u00fan el operador, las propiedades del producto y el tama\u00f1o de la porci\u00f3n)<\/li><li data-start=\"3577\" data-end=\"3782\">Tipo de bolsas: bolsas abiertas, bolsas de papel multicapa (hasta 4 capas), recomendadas con fondo tipo sobre sin pliegues laterales, bolsas de pl\u00e1stico PE, bolsas de polipropileno (PP) recubiertas<\/li><li data-start=\"3783\" data-end=\"3822\">Ancho de la bolsa: 450 \u2013 650 mm<\/li><li data-start=\"3823\" data-end=\"3863\">Largo de la bolsa: 600 \u2013 1100 mm<\/li><li data-start=\"3864\" data-end=\"3909\">Alimentaci\u00f3n el\u00e9ctrica: 3 x 400V 50Hz<\/li><li data-start=\"3910\" data-end=\"3949\">Consumo de energ\u00eda: max. 4,5 kW<\/li><li data-start=\"3950\" data-end=\"3999\">Suministro de aire comprimido: 5 \u2013 10 bar<\/li><li data-start=\"4000\" data-end=\"4050\">Consumo de aire comprimido: 200-400 Nl\/min<\/li><\/ul><p data-start=\"4057\" data-end=\"4084\"><\/p><\/div>\t\t\t\t\t<\/div>\n\t\t\t\t\t\t<\/div>\n\t\t\t\t<\/div>\n\t\t\t\t\t\t<\/div>\n\t\t\t\t\t<\/div>\n\t\t<\/div>\n\t\t\t\t\t\t\t\t<\/div>\n\t\t\t\t\t<\/div>\n\t\t<\/section>\n\t\t\t\t<section class=\"elementor-section elementor-top-section elementor-element elementor-element-53272b2 elementor-section-boxed elementor-section-height-default elementor-section-height-default\" data-id=\"53272b2\" data-element_type=\"section\" data-settings=\"{&quot;background_background&quot;:&quot;classic&quot;}\">\n\t\t\t\t\t\t<div class=\"elementor-container elementor-column-gap-default\">\n\t\t\t\t\t\t\t<div class=\"elementor-row\">\n\t\t\t\t\t<div class=\"elementor-column elementor-col-100 elementor-top-column elementor-element elementor-element-7587f59\" data-id=\"7587f59\" data-element_type=\"column\">\n\t\t\t<div class=\"elementor-column-wrap elementor-element-populated\">\n\t\t\t\t\t\t\t<div class=\"elementor-widget-wrap\">\n\t\t\t\t\t\t<div class=\"elementor-element elementor-element-7f2876e elementor-align-center elementor-widget elementor-widget-button\" data-id=\"7f2876e\" data-element_type=\"widget\" data-widget_type=\"button.default\">\n\t\t\t\t<div class=\"elementor-widget-container\">\n\t\t\t\t\t<div class=\"elementor-button-wrapper\">\n\t\t\t<a href=\"https:\/\/drewmax.net.pl\/wp-content\/uploads\/2025\/03\/Polautomatyczna-linia-wazaco-pakujaca-WBS_front_ES.pdf\" target=\"_blank\" class=\"elementor-button-link elementor-button elementor-size-lg\" role=\"button\">\n\t\t\t\t\t\t<span class=\"elementor-button-content-wrapper\">\n\t\t\t\t\t\t<span class=\"elementor-button-icon elementor-align-icon-right\">\n\t\t\t\t<i aria-hidden=\"true\" class=\"fas fa-download\"><\/i>\t\t\t<\/span>\n\t\t\t\t\t\t<span class=\"elementor-button-text\">  Descarga la ficha del producto<\/span>\n\t\t<\/span>\n\t\t\t\t\t<\/a>\n\t\t<\/div>\n\t\t\t\t<\/div>\n\t\t\t\t<\/div>\n\t\t\t\t\t\t<\/div>\n\t\t\t\t\t<\/div>\n\t\t<\/div>\n\t\t\t\t\t\t\t\t<\/div>\n\t\t\t\t\t<\/div>\n\t\t<\/section>\n\t\t\t\t\t\t<\/div>\n\t\t\t\t\t\t<\/div>\n\t\t\t\t\t<\/div>\n\t\t","protected":false},"excerpt":{"rendered":"<p>L\u00ednea de pesaje y envasado semiautom\u00e1tica Tipo WB\/S La demanda del mercado nos llev\u00f3 a dise\u00f1ar la l\u00ednea de pesaje y envasado semiautom\u00e1tica tipo WB\/S, que combina precisi\u00f3n en la dosificaci\u00f3n, un costo relativamente bajo y facilidad de uso. La l\u00ednea WB\/S es un dispositivo semiautom\u00e1tico de pesaje y envasado para productos a granel\/polvorientos utilizando&hellip;<\/p>\n","protected":false},"author":1,"featured_media":12103,"parent":0,"menu_order":0,"comment_status":"closed","ping_status":"closed","template":"","meta":[],"yoast_head":"<!-- This site is optimized with the Yoast SEO Premium plugin v15.5 - https:\/\/yoast.com\/wordpress\/plugins\/seo\/ -->\n<title>Wa\u017cenie Pakowanie Paletyzacja Automatyka przemys\u0142owa linie<\/title>\n<meta name=\"description\" content=\"Wa\u017cenie Pakowanie Paletyzacja Automatyka przemys\u0142owa linie wa\u017c\u0105co - pakuj\u0105ce bigbag zbiorniki technologiczne mikrodozowanie linie PP PE\" \/>\n<meta name=\"robots\" content=\"index, follow, max-snippet:-1, max-image-preview:large, max-video-preview:-1\" \/>\n<link rel=\"canonical\" href=\"https:\/\/drewmax.net.pl\/wbs\/\" \/>\n<meta property=\"og:locale\" content=\"es_ES\" \/>\n<meta property=\"og:type\" content=\"article\" \/>\n<meta property=\"og:title\" content=\"Wa\u017cenie Pakowanie Paletyzacja Automatyka przemys\u0142owa linie\" \/>\n<meta property=\"og:description\" content=\"Wa\u017cenie Pakowanie Paletyzacja Automatyka przemys\u0142owa linie wa\u017c\u0105co - pakuj\u0105ce bigbag zbiorniki technologiczne mikrodozowanie linie PP PE\" \/>\n<meta property=\"og:url\" content=\"https:\/\/drewmax.net.pl\/wbs\/\" \/>\n<meta property=\"og:site_name\" content=\"(Polski) Drewmax - Wa\u017cenie | Pakowanie | Paletyzacja | Automatyka\" \/>\n<meta property=\"article:publisher\" content=\"https:\/\/www.facebook.com\/Drewmax-111641623604429\/\" \/>\n<meta property=\"article:modified_time\" content=\"2025-04-03T11:34:17+00:00\" \/>\n<meta name=\"twitter:card\" content=\"summary_large_image\" \/>\n<meta name=\"twitter:label1\" content=\"Tiempo de lectura\">\n\t<meta name=\"twitter:data1\" content=\"9 minutos\">\n<script type=\"application\/ld+json\" class=\"yoast-schema-graph\">{\"@context\":\"https:\/\/schema.org\",\"@graph\":[{\"@type\":\"Organization\",\"@id\":\"https:\/\/drewmax.net.pl\/en\/#organization\",\"name\":\"DREWMAX Sp\\u00f3\\u0142ka z o.o.\",\"url\":\"https:\/\/drewmax.net.pl\/en\/\",\"sameAs\":[\"https:\/\/www.facebook.com\/Drewmax-111641623604429\/\",\"https:\/\/www.instagram.com\/drewmax.net.pl\/\",\"https:\/\/www.youtube.com\/channel\/UCCS8U5F8gSyJAlSWjxgbLRQ\"],\"logo\":{\"@type\":\"ImageObject\",\"@id\":\"https:\/\/drewmax.net.pl\/en\/#logo\",\"inLanguage\":\"es\",\"url\":\"\",\"caption\":\"DREWMAX Sp\\u00f3\\u0142ka z o.o.\"},\"image\":{\"@id\":\"https:\/\/drewmax.net.pl\/en\/#logo\"}},{\"@type\":\"WebSite\",\"@id\":\"https:\/\/drewmax.net.pl\/en\/#website\",\"url\":\"https:\/\/drewmax.net.pl\/en\/\",\"name\":\"(Polski) Drewmax - Wa\\u017cenie | Pakowanie | Paletyzacja | Automatyka\",\"description\":\"\",\"publisher\":{\"@id\":\"https:\/\/drewmax.net.pl\/en\/#organization\"},\"potentialAction\":[{\"@type\":\"SearchAction\",\"target\":\"https:\/\/drewmax.net.pl\/en\/?s={search_term_string}\",\"query-input\":\"required name=search_term_string\"}],\"inLanguage\":\"es\"},{\"@type\":\"ImageObject\",\"@id\":\"https:\/\/drewmax.net.pl\/wbs\/#primaryimage\",\"inLanguage\":\"es\",\"url\":\"\"},{\"@type\":\"WebPage\",\"@id\":\"https:\/\/drewmax.net.pl\/wbs\/#webpage\",\"url\":\"https:\/\/drewmax.net.pl\/wbs\/\",\"name\":\"Wa\\u017cenie Pakowanie Paletyzacja Automatyka przemys\\u0142owa linie\",\"isPartOf\":{\"@id\":\"https:\/\/drewmax.net.pl\/en\/#website\"},\"primaryImageOfPage\":{\"@id\":\"https:\/\/drewmax.net.pl\/wbs\/#primaryimage\"},\"datePublished\":\"2016-07-21T08:22:25+00:00\",\"dateModified\":\"2025-04-03T11:34:17+00:00\",\"description\":\"Wa\\u017cenie Pakowanie Paletyzacja Automatyka przemys\\u0142owa linie wa\\u017c\\u0105co - pakuj\\u0105ce bigbag zbiorniki technologiczne mikrodozowanie linie PP PE\",\"breadcrumb\":{\"@id\":\"https:\/\/drewmax.net.pl\/wbs\/#breadcrumb\"},\"inLanguage\":\"es\",\"potentialAction\":[{\"@type\":\"ReadAction\",\"target\":[\"https:\/\/drewmax.net.pl\/wbs\/\"]}]},{\"@type\":\"BreadcrumbList\",\"@id\":\"https:\/\/drewmax.net.pl\/wbs\/#breadcrumb\",\"itemListElement\":[{\"@type\":\"ListItem\",\"position\":1,\"item\":{\"@type\":\"WebPage\",\"@id\":\"https:\/\/drewmax.net.pl\/\",\"url\":\"https:\/\/drewmax.net.pl\/\",\"name\":\"Home\"}},{\"@type\":\"ListItem\",\"position\":2,\"item\":{\"@type\":\"WebPage\",\"@id\":\"https:\/\/drewmax.net.pl\/wbs\/\",\"url\":\"https:\/\/drewmax.net.pl\/wbs\/\",\"name\":\"P\\u00f3\\u0142automatyczna linia wa\\u017c\\u0105co-pakuj\\u0105ca typ WB\/S\"}}]}]}<\/script>\n<!-- \/ Yoast SEO Premium plugin. -->","_links":{"self":[{"href":"https:\/\/drewmax.net.pl\/es\/wp-json\/wp\/v2\/pages\/82"}],"collection":[{"href":"https:\/\/drewmax.net.pl\/es\/wp-json\/wp\/v2\/pages"}],"about":[{"href":"https:\/\/drewmax.net.pl\/es\/wp-json\/wp\/v2\/types\/page"}],"author":[{"embeddable":true,"href":"https:\/\/drewmax.net.pl\/es\/wp-json\/wp\/v2\/users\/1"}],"replies":[{"embeddable":true,"href":"https:\/\/drewmax.net.pl\/es\/wp-json\/wp\/v2\/comments?post=82"}],"version-history":[{"count":153,"href":"https:\/\/drewmax.net.pl\/es\/wp-json\/wp\/v2\/pages\/82\/revisions"}],"predecessor-version":[{"id":32528,"href":"https:\/\/drewmax.net.pl\/es\/wp-json\/wp\/v2\/pages\/82\/revisions\/32528"}],"wp:featuredmedia":[{"embeddable":true,"href":"https:\/\/drewmax.net.pl\/es\/wp-json\/wp\/v2\/media\/12103"}],"wp:attachment":[{"href":"https:\/\/drewmax.net.pl\/es\/wp-json\/wp\/v2\/media?parent=82"}],"curies":[{"name":"wp","href":"https:\/\/api.w.org\/{rel}","templated":true}]}}