{"id":75,"date":"2016-07-21T10:01:09","date_gmt":"2016-07-21T08:01:09","guid":{"rendered":"http:\/\/drewmax.net.pl\/?page_id=75"},"modified":"2025-04-03T13:53:03","modified_gmt":"2025-04-03T11:53:03","slug":"2awns","status":"publish","type":"page","link":"https:\/\/drewmax.net.pl\/es\/2awns\/","title":{"rendered":"Automatyczna linia wa\u017c\u0105co pakuj\u0105ca typ 2aWN\/S"},"content":{"rendered":"\t\t<div data-elementor-type=\"wp-post\" data-elementor-id=\"75\" class=\"elementor elementor-75\" data-elementor-settings=\"[]\">\n\t\t\t\t\t\t<div class=\"elementor-inner\">\n\t\t\t\t\t\t\t<div class=\"elementor-section-wrap\">\n\t\t\t\t\t\t\t<section class=\"elementor-section elementor-top-section elementor-element elementor-element-5c308c6 elementor-section-boxed elementor-section-height-default elementor-section-height-default\" data-id=\"5c308c6\" data-element_type=\"section\" data-settings=\"{&quot;background_background&quot;:&quot;classic&quot;}\">\n\t\t\t\t\t\t<div class=\"elementor-container elementor-column-gap-default\">\n\t\t\t\t\t\t\t<div class=\"elementor-row\">\n\t\t\t\t\t<div class=\"elementor-column elementor-col-100 elementor-top-column elementor-element elementor-element-ba195af\" data-id=\"ba195af\" data-element_type=\"column\">\n\t\t\t<div class=\"elementor-column-wrap elementor-element-populated\">\n\t\t\t\t\t\t\t<div class=\"elementor-widget-wrap\">\n\t\t\t\t\t\t<div class=\"elementor-element elementor-element-de841e7 elementor-widget elementor-widget-heading\" data-id=\"de841e7\" data-element_type=\"widget\" data-widget_type=\"heading.default\">\n\t\t\t\t<div class=\"elementor-widget-container\">\n\t\t\t<h2 class=\"elementor-heading-title elementor-size-xl\"> L\u00ednea autom\u00e1tica de pesaje y envasado 2aWN\/S<\/h2>\t\t<\/div>\n\t\t\t\t<\/div>\n\t\t\t\t\t\t<\/div>\n\t\t\t\t\t<\/div>\n\t\t<\/div>\n\t\t\t\t\t\t\t\t<\/div>\n\t\t\t\t\t<\/div>\n\t\t<\/section>\n\t\t\t\t<section class=\"elementor-section elementor-top-section elementor-element elementor-element-dc3706d elementor-section-boxed elementor-section-height-default elementor-section-height-default\" data-id=\"dc3706d\" data-element_type=\"section\" data-settings=\"{&quot;background_background&quot;:&quot;classic&quot;}\">\n\t\t\t\t\t\t<div class=\"elementor-container elementor-column-gap-default\">\n\t\t\t\t\t\t\t<div class=\"elementor-row\">\n\t\t\t\t\t<div class=\"elementor-column elementor-col-100 elementor-top-column elementor-element elementor-element-2c16c70\" data-id=\"2c16c70\" data-element_type=\"column\">\n\t\t\t<div class=\"elementor-column-wrap elementor-element-populated\">\n\t\t\t\t\t\t\t<div class=\"elementor-widget-wrap\">\n\t\t\t\t\t\t<div class=\"elementor-element elementor-element-88542f9 elementor-widget elementor-widget-text-editor\" data-id=\"88542f9\" data-element_type=\"widget\" data-widget_type=\"text-editor.default\">\n\t\t\t\t<div class=\"elementor-widget-container\">\n\t\t\t\t\t\t\t\t<div class=\"elementor-text-editor elementor-clearfix\">\n\t\t\t\t<p><\/p><p data-start=\"1876\" data-end=\"2043\">La combinaci\u00f3n de tecnolog\u00edas modernas y componentes de las mejores marcas ha permitido desarrollar la l\u00ednea autom\u00e1tica de pesaje y envasado tipo 2aWN\/S.<\/p><p data-start=\"2045\" data-end=\"2175\">La l\u00ednea 2aWN\/S es un equipo autom\u00e1tico de pesaje y envasado para productos a <strong>granel o pulverulentos<\/strong> que utiliza <strong>sacos abiertos.<\/strong><\/p><p data-start=\"2177\" data-end=\"2474\">Esta l\u00ednea est\u00e1 equipada con dos tolvas de pesaje, que se llenan alternativamente mediante dosificadores de tornillo de diferentes di\u00e1metros. Gracias a esta combinaci\u00f3n de componentes, hemos logrado una alta precisi\u00f3n de pesaje y una gran capacidad de producci\u00f3n de hasta <strong>800 porciones por hora.<\/strong><\/p><p data-start=\"2483\" data-end=\"2637\"><\/p>\t\t\t\t\t<\/div>\n\t\t\t\t\t\t<\/div>\n\t\t\t\t<\/div>\n\t\t\t\t\t\t<\/div>\n\t\t\t\t\t<\/div>\n\t\t<\/div>\n\t\t\t\t\t\t\t\t<\/div>\n\t\t\t\t\t<\/div>\n\t\t<\/section>\n\t\t\t\t<section class=\"elementor-section elementor-top-section elementor-element elementor-element-8c4968f elementor-section-boxed elementor-section-height-default elementor-section-height-default\" data-id=\"8c4968f\" data-element_type=\"section\" data-settings=\"{&quot;background_background&quot;:&quot;classic&quot;}\">\n\t\t\t\t\t\t<div class=\"elementor-container elementor-column-gap-default\">\n\t\t\t\t\t\t\t<div class=\"elementor-row\">\n\t\t\t\t\t<div class=\"elementor-column elementor-col-100 elementor-top-column elementor-element elementor-element-d712101\" data-id=\"d712101\" data-element_type=\"column\">\n\t\t\t<div class=\"elementor-column-wrap elementor-element-populated\">\n\t\t\t\t\t\t\t<div class=\"elementor-widget-wrap\">\n\t\t\t\t\t\t<div class=\"elementor-element elementor-element-fc5a39c elementor-widget elementor-widget-html\" data-id=\"fc5a39c\" data-element_type=\"widget\" data-widget_type=\"html.default\">\n\t\t\t\t<div class=\"elementor-widget-container\">\n\t\t\t<noscript>\r\n    <img src=\"\/rendery\/2awns\/1.jpg\" alt=\"2awns\">\r\n<\/noscript>\r\n    <div\r\n      class=\"cloudimage-360\"\r\n      data-folder=\"\/rendery\/2awns\/\"\r\n      data-filename=\"{index}.jpg\"\r\n      data-amount=\"72\"\r\n      data-magnifier=\"3\"\r\n      data-spin-reverse\r\n    ><\/div>\r\n    <!-- Add script tag with CDN link to js-cloudimage-360-view lib after all content in body tag -->\r\n    <script src=\"\/rendery\/wbs\/wbs.js\"><\/script>\t\t<\/div>\n\t\t\t\t<\/div>\n\t\t\t\t\t\t<\/div>\n\t\t\t\t\t<\/div>\n\t\t<\/div>\n\t\t\t\t\t\t\t\t<\/div>\n\t\t\t\t\t<\/div>\n\t\t<\/section>\n\t\t\t\t<section class=\"elementor-section elementor-top-section elementor-element elementor-element-1c7f0a7 elementor-section-boxed elementor-section-height-default elementor-section-height-default\" data-id=\"1c7f0a7\" data-element_type=\"section\" data-settings=\"{&quot;background_background&quot;:&quot;classic&quot;}\">\n\t\t\t\t\t\t<div class=\"elementor-container elementor-column-gap-default\">\n\t\t\t\t\t\t\t<div class=\"elementor-row\">\n\t\t\t\t\t<div class=\"elementor-column elementor-col-100 elementor-top-column elementor-element elementor-element-aba17e0\" data-id=\"aba17e0\" data-element_type=\"column\">\n\t\t\t<div class=\"elementor-column-wrap elementor-element-populated\">\n\t\t\t\t\t\t\t<div class=\"elementor-widget-wrap\">\n\t\t\t\t\t\t<div class=\"elementor-element elementor-element-c954aeb elementor-widget elementor-widget-text-editor\" data-id=\"c954aeb\" data-element_type=\"widget\" data-widget_type=\"text-editor.default\">\n\t\t\t\t<div class=\"elementor-widget-container\">\n\t\t\t\t\t\t\t\t<div class=\"elementor-text-editor elementor-clearfix\">\n\t\t\t\t<p><\/p><p data-start=\"3269\" data-end=\"3311\"><span style=\"text-decoration: underline;\"><strong data-start=\"3274\" data-end=\"3309\">Componentes b\u00e1sicos del equipo:<\/strong><\/span><\/p><ul data-start=\"3312\" data-end=\"4077\"><li data-start=\"3312\" data-end=\"3377\">Estructura de soporte de la l\u00ednea con plataforma de operaci\u00f3n<\/li><li data-start=\"3378\" data-end=\"3429\">Dispositivo autom\u00e1tico de alimentaci\u00f3n de sacos<\/li><li data-start=\"3430\" data-end=\"3487\">Balanza electr\u00f3nica de dosificaci\u00f3n neta \u2013 2 unidades<\/li><li data-start=\"3488\" data-end=\"3528\">Dosificador de tornillo \u2013 2 unidades<\/li><li data-start=\"3529\" data-end=\"3560\">Boquilla de llenado cerrada<\/li><li data-start=\"3561\" data-end=\"3616\">Sistema de conformado de la parte superior del saco<\/li><li data-start=\"3617\" data-end=\"3649\">Carro de transporte de sacos<\/li><li data-start=\"3650\" data-end=\"3708\">Cintas transportadoras para el movimiento de los sacos<\/li><li data-start=\"3709\" data-end=\"3770\">Sistema de ajuste de altura de las cintas transportadoras<\/li><li data-start=\"3771\" data-end=\"3822\">Sistema de guiado de la parte superior del saco<\/li><li data-start=\"3823\" data-end=\"3859\">Sensores de continuidad del hilo<\/li><li data-start=\"3860\" data-end=\"3894\">M\u00e1quina de coser de doble hilo<\/li><li data-start=\"3895\" data-end=\"3958\">Cinta transportadora lateral con sistema de volteo de sacos<\/li><li data-start=\"3959\" data-end=\"4033\">Sistema de control intuitivo basado en PLC Siemens con pantalla t\u00e1ctil<\/li><li data-start=\"4034\" data-end=\"4077\">Accionamientos\/servomotores SEW o LENZE<\/li><\/ul><p data-start=\"4079\" data-end=\"4112\"><span style=\"text-decoration: underline;\"><strong data-start=\"4084\" data-end=\"4110\">Equipamiento opcional:<\/strong><\/span><\/p><ul data-start=\"4113\" data-end=\"4427\"><li data-start=\"4113\" data-end=\"4165\">Sistema de doblado de la parte superior del saco<\/li><li data-start=\"4166\" data-end=\"4206\">Sistema de aplicaci\u00f3n de cinta crep\u00e9<\/li><li data-start=\"4207\" data-end=\"4261\">Sistema de aspiraci\u00f3n del producto dentro del saco<\/li><li data-start=\"4262\" data-end=\"4301\">Sistema de vibraci\u00f3n del saco lleno<\/li><li data-start=\"4302\" data-end=\"4346\">Sistema de limpieza de los alimentadores<\/li><li data-start=\"4347\" data-end=\"4394\">Selladora por impulsos o de calor constante<\/li><li data-start=\"4395\" data-end=\"4427\">Dep\u00f3sito tamp\u00f3n de sobrepeso<\/li><\/ul><p data-start=\"4434\" data-end=\"4449\"><\/p>\t\t\t\t\t<\/div>\n\t\t\t\t\t\t<\/div>\n\t\t\t\t<\/div>\n\t\t\t\t\t\t<\/div>\n\t\t\t\t\t<\/div>\n\t\t<\/div>\n\t\t\t\t<div class=\"elementor-column elementor-col-100 elementor-top-column elementor-element elementor-element-8f1280d\" data-id=\"8f1280d\" data-element_type=\"column\">\n\t\t\t<div class=\"elementor-column-wrap elementor-element-populated\">\n\t\t\t\t\t\t\t<div class=\"elementor-widget-wrap\">\n\t\t\t\t\t\t<div class=\"elementor-element elementor-element-fb10c85 elementor-widget elementor-widget-text-editor\" data-id=\"fb10c85\" data-element_type=\"widget\" data-widget_type=\"text-editor.default\">\n\t\t\t\t<div class=\"elementor-widget-container\">\n\t\t\t\t\t\t\t\t<div class=\"elementor-text-editor elementor-clearfix\">\n\t\t\t\t<p><\/p><p data-start=\"2000\" data-end=\"2043\"><span style=\"text-decoration: underline;\"><strong data-start=\"2005\" data-end=\"2041\">Par\u00e1metros t\u00e9cnicos principales:<\/strong><\/span><\/p><ul data-start=\"2044\" data-end=\"2668\"><li data-start=\"2044\" data-end=\"2078\">Peso m\u00e1ximo por porci\u00f3n: 50 kg<\/li><li data-start=\"2079\" data-end=\"2113\">Peso m\u00ednimo por porci\u00f3n: 10 kg<\/li><li data-start=\"2114\" data-end=\"2239\">Rendimiento de la l\u00ednea: hasta 800 porciones\/hora (dependiendo de las propiedades del producto y el tama\u00f1o de la porci\u00f3n)<\/li><li data-start=\"2240\" data-end=\"2428\">Tipo de sacos: abiertos, sacos de papel multicapa (hasta 4 capas), recomendados con fondo envolvente sin pliegues laterales, sacos de pel\u00edcula PE, sacos de polipropileno PP recubiertos<\/li><li data-start=\"2429\" data-end=\"2461\">Ancho del saco: 450 \u2013 650 mm<\/li><li data-start=\"2462\" data-end=\"2498\">Longitud del saco: 600 \u2013 1100 mm<\/li><li data-start=\"2499\" data-end=\"2543\">Alimentaci\u00f3n el\u00e9ctrica: 3 x 400 V, 50 Hz<\/li><li data-start=\"2544\" data-end=\"2577\">Consumo de energ\u00eda: m\u00e1x. 6 kW<\/li><li data-start=\"2578\" data-end=\"2625\">Alimentaci\u00f3n de aire comprimido: 5 \u2013 10 bar<\/li><li data-start=\"2626\" data-end=\"2668\">Consumo de aire comprimido: 650 Nl\/min<\/li><\/ul><p data-start=\"2675\" data-end=\"2690\"><\/p>\t\t\t\t\t<\/div>\n\t\t\t\t\t\t<\/div>\n\t\t\t\t<\/div>\n\t\t\t\t\t\t<\/div>\n\t\t\t\t\t<\/div>\n\t\t<\/div>\n\t\t\t\t\t\t\t\t<\/div>\n\t\t\t\t\t<\/div>\n\t\t<\/section>\n\t\t\t\t<section class=\"elementor-section elementor-top-section elementor-element elementor-element-2cce627 elementor-section-boxed elementor-section-height-default elementor-section-height-default\" data-id=\"2cce627\" data-element_type=\"section\" data-settings=\"{&quot;background_background&quot;:&quot;classic&quot;}\">\n\t\t\t\t\t\t<div class=\"elementor-container elementor-column-gap-default\">\n\t\t\t\t\t\t\t<div class=\"elementor-row\">\n\t\t\t\t\t<div class=\"elementor-column elementor-col-100 elementor-top-column elementor-element elementor-element-6cf8a32\" data-id=\"6cf8a32\" data-element_type=\"column\">\n\t\t\t<div class=\"elementor-column-wrap elementor-element-populated\">\n\t\t\t\t\t\t\t<div class=\"elementor-widget-wrap\">\n\t\t\t\t\t\t<div class=\"elementor-element elementor-element-73489b5 elementor-align-center elementor-widget elementor-widget-button\" data-id=\"73489b5\" data-element_type=\"widget\" data-widget_type=\"button.default\">\n\t\t\t\t<div class=\"elementor-widget-container\">\n\t\t\t\t\t<div class=\"elementor-button-wrapper\">\n\t\t\t<a href=\"https:\/\/drewmax.net.pl\/wp-content\/uploads\/2025\/03\/Automatyczna-linia-wazaco-pakujaca-typ-2aWNS_front_ES.pdf\" target=\"_blank\" class=\"elementor-button-link elementor-button elementor-size-lg\" role=\"button\">\n\t\t\t\t\t\t<span class=\"elementor-button-content-wrapper\">\n\t\t\t\t\t\t<span class=\"elementor-button-icon elementor-align-icon-right\">\n\t\t\t\t<i aria-hidden=\"true\" class=\"fas fa-download\"><\/i>\t\t\t<\/span>\n\t\t\t\t\t\t<span class=\"elementor-button-text\"> Descarga la ficha del producto<\/span>\n\t\t<\/span>\n\t\t\t\t\t<\/a>\n\t\t<\/div>\n\t\t\t\t<\/div>\n\t\t\t\t<\/div>\n\t\t\t\t\t\t<\/div>\n\t\t\t\t\t<\/div>\n\t\t<\/div>\n\t\t\t\t\t\t\t\t<\/div>\n\t\t\t\t\t<\/div>\n\t\t<\/section>\n\t\t\t\t<section class=\"elementor-section elementor-top-section elementor-element elementor-element-8d0d3a2 elementor-section-boxed elementor-section-height-default elementor-section-height-default\" data-id=\"8d0d3a2\" data-element_type=\"section\" data-settings=\"{&quot;background_background&quot;:&quot;classic&quot;}\">\n\t\t\t\t\t\t<div class=\"elementor-container elementor-column-gap-default\">\n\t\t\t\t\t\t\t<div class=\"elementor-row\">\n\t\t\t\t\t<div class=\"elementor-column elementor-col-100 elementor-top-column elementor-element elementor-element-c6cb73a\" data-id=\"c6cb73a\" data-element_type=\"column\">\n\t\t\t<div class=\"elementor-column-wrap elementor-element-populated\">\n\t\t\t\t\t\t\t<div class=\"elementor-widget-wrap\">\n\t\t\t\t\t\t<div class=\"elementor-element elementor-element-6ae96b7 elementor-widget elementor-widget-html\" data-id=\"6ae96b7\" data-element_type=\"widget\" data-widget_type=\"html.default\">\n\t\t\t\t<div class=\"elementor-widget-container\">\n\t\t\t<script type=\"application\/ld+json\">\r\n{\r\n  \"@context\" : \"http:\/\/schema.org\",\r\n  \"@type\" : \"Product\",\r\n  \"name\" : \"Automatyczna linia wa\u017c\u0105co pakuj\u0105ca typ 2aWN\/S\",\r\n  \"image\" : \"https:\/\/drewmax.net.pl\/wp-content\/uploads\/2019\/07\/2awns.png\",\r\n  \"description\" : \"Podstawowe podzespo\u0142y urz\u0105dzenia:<BR\/> \u2022 Konstrukcja wsporcza linii z podestem obs\u0142ugowym<BR\/> \u2022 Urz\u0105dzenie automatycznie podaj\u0105ce worki<BR\/> \u2022 Elektroniczna waga porcjuj\u0105ca typu netto \u2013 1szt<BR\/> \u2022 Dozownik ta\u015bmowy \u2013 1szt<BR\/> \u2022 Ustnik zamkni\u0119ty<\/P><P>\u2022 Uk\u0142ad formowania g\u00f3rnej cz\u0119\u015bci worka<BR\/> \u2022 W\u00f3zek transportuj\u0105cy worki<BR\/> \u2022 Ta\u015bmoci\u0105g transportuj\u0105cy worki<BR\/> \u2022 Uk\u0142ad regulacji wysoko\u015bci ta\u015bmoci\u0105gu transportuj\u0105cego<BR\/> \u2022 Uk\u0142ad prowadzenia g\u00f3rnej cz\u0119\u015bci worka<BR\/> \u2022 Czujniki ci\u0105g\u0142o\u015bci nitki<BR\/> \u2022 Zaszywarka dwunitkowa<BR\/> \u2022 Ta\u015bmoci\u0105g boczny odbieraj\u0105cy worki z uk\u0142adem wywracania work\u00f3w<BR\/> \u2022 Czytelny System sterowania oparty na sterowniku PLC Siemens z panelem dotykowym<BR\/> \u2022 Zastosowane nap\u0119dy\/serwonap\u0119dy SEW lub LENZE\",\r\n  \"brand\" : {\r\n    \"@type\" : \"Brand\",\r\n    \"name\" : \"DREWMAX\",\r\n    \"logo\" : \"https:\/\/drewmax.net.pl\/wp-content\/uploads\/2019\/06\/drewmax-logo_v2-1.png\"\r\n  },\r\n  \"sku\" : \"2aWN\/S\",\r\n  \"identifier\": {\r\n \"@type\": \"PropertyValue\",\r\n   \"propertyID\": \"Model\",\r\n   \"value\":  \"2aWN\/S\"\r\n   },\r\n \"aggregateRating\": {\r\n    \"@type\": \"AggregateRating\",\r\n    \"ratingValue\": \"4.9\",\r\n    \"reviewCount\": \"50\"\r\n  },\r\n   \"offers\": {\r\n    \"@type\": \"AggregateOffer\",\r\n    \"lowPrice\": 460000.0000,\r\n    \"highPrice\": 700000.0000,\r\n    \"priceCurrency\": \"PLN\",\r\n    \"itemCondition\": \"NewCondition\",\r\n\t\"offerCount\": \"5\"\r\n  },\r\n  \"review\": {\r\n    \"@type\": \"Review\",\r\n    \"author\": \"Wojciech\",\r\n    \"datePublished\": \"2019-11-30\",\r\n    \"name\": \"Drewmax | Maszyny pakuj\u0105ce - referencje\",\r\n    \"reviewBody\": \"Zapytaj nas o referencje lub zajrzyj na stron\u0119\"\r\n  },\r\n  \"mpn\" : \"2aWN\/S\"\r\n}\r\n<\/script>\r\n\r\n<script type=\"application\/ld+json\">\r\n{\r\n  \"@context\" : \"http:\/\/schema.org\",\r\n  \"@type\" : \"Article\",\r\n  \"name\" : \"Automatyczna linia wa\u017c\u0105co pakuj\u0105ca typ 2aWN\/S\",\r\n  \"headline\" : \"Automatyczna linia wa\u017c\u0105co pakujaca do produkt\u00f3w sypkich\/granulowanych!\",\r\n  \"author\" : {\r\n    \"@type\" : \"Person\",\r\n    \"name\" : \"Wojciech S\u0105siadek\"\r\n  },\r\n  \"datePublished\" : \"2019-11-30\",\r\n  \"dateModified\" : \"2019-12-10\",\r\n  \"image\" : \"https:\/\/drewmax.net.pl\/wp-content\/uploads\/2019\/07\/2awns.png\",\r\n  \"articleBody\" : \"Po\u0142\u0105czenie nowoczesnych technologii oraz podzespo\u0142y najlepszych marek pozwoli\u0142y stworzy\u0107 automatyczn\u0105 lini\u0119 wa\u017c\u0105co pakuj\u0105c\u0105 typ 2aWN\/S.<\/P><P>Linia 2aWN\/S jest automatycznym urz\u0105dzeniem wa\u017c\u0105co pakuj\u0105cym do produkt\u00f3w <SPAN style=\\\"font-weight: bold;\\\">sypkich\/pylistych<\/SPAN> przy zastosowaniu <SPAN style=\\\"font-weight: bold;\\\">work\u00f3w typu otwartego<\/SPAN>.<\/P><P>Przedstawiona linia wyposa\u017cona jest w dwa kosze wagowe, kt\u00f3re naprzemiennie s\u0105 nape\u0142niane poprzez dozowniki \u015blimakowe o r\u00f3\u017cnych \u015brednicach. Dzi\u0119ki takiemu zestawieniu podzespo\u0142\u00f3w uzyskali\u015bmy wysok\u0105 precyzj\u0119 nawa\u017cania,<BR\/>a tak\u017ce du\u017c\u0105 wydajno\u015b\u0107  dochodz\u0105c\u0105 do  <SPAN style=\\\"font-weight: bold;\\\">800 porcji na godzin\u0119\",\r\n  \"url\" : \"https:\/\/drewmax.net.pl\/linie-wazaco-pakujace-1\/2awns\/\",\r\n  \"mainEntityOfPage\": {\r\n    \"@type\": \"WebPage\",\r\n    \"@id\": \"https:\/\/drewmax.net.pl\/\"\r\n  },\r\n  \"publisher\" : {\r\n    \"@type\" : \"Organization\",\r\n    \"name\" : \"Przedsi\u0119biorstwo Wielobran\u017cowe Drewmax Tadeusz S\u0105siadek i Wsp\u00f3lnicy Sp\u00f3\u0142ka Jawna\",\r\n\t\"logo\" : {\r\n\t\t\"@type\": \"ImageObject\",\r\n\t\t\"url\": \"https:\/\/drewmax.net.pl\/wp-content\/uploads\/2019\/06\/drewmax-logo_v2-1.png\"\r\n\t}\t\r\n  }\r\n  \r\n}\r\n<\/script>\t\t<\/div>\n\t\t\t\t<\/div>\n\t\t\t\t\t\t<\/div>\n\t\t\t\t\t<\/div>\n\t\t<\/div>\n\t\t\t\t\t\t\t\t<\/div>\n\t\t\t\t\t<\/div>\n\t\t<\/section>\n\t\t\t\t\t\t<\/div>\n\t\t\t\t\t\t<\/div>\n\t\t\t\t\t<\/div>\n\t\t","protected":false},"excerpt":{"rendered":"<p>L\u00ednea autom\u00e1tica de pesaje y envasado 2aWN\/S La combinaci\u00f3n de tecnolog\u00edas modernas y componentes de las mejores marcas ha permitido desarrollar la l\u00ednea autom\u00e1tica de pesaje y envasado tipo 2aWN\/S. La l\u00ednea 2aWN\/S es un equipo autom\u00e1tico de pesaje y envasado para productos a granel o pulverulentos que utiliza sacos abiertos. Esta l\u00ednea est\u00e1 equipada&hellip;<\/p>\n","protected":false},"author":1,"featured_media":12148,"parent":0,"menu_order":0,"comment_status":"closed","ping_status":"closed","template":"","meta":[],"yoast_head":"<!-- This site is optimized with the Yoast SEO Premium plugin v15.5 - https:\/\/yoast.com\/wordpress\/plugins\/seo\/ -->\n<title>Wa\u017cenie Pakowanie Paletyzacja Automatyka przemys\u0142owa bigbag linia<\/title>\n<meta name=\"description\" content=\"Wa\u017cenie Pakowanie Paletyzacja Automatyka przemys\u0142owa bigbag linie wa\u017c\u0105co - pakuj\u0105ce zbiorniki technologiczne mikrodozowanie linie PP PE\" \/>\n<meta name=\"robots\" content=\"index, follow, max-snippet:-1, max-image-preview:large, max-video-preview:-1\" \/>\n<link rel=\"canonical\" href=\"https:\/\/drewmax.net.pl\/2awns\/\" \/>\n<meta property=\"og:locale\" content=\"es_ES\" \/>\n<meta property=\"og:type\" content=\"article\" \/>\n<meta property=\"og:title\" content=\"Wa\u017cenie Pakowanie Paletyzacja Automatyka przemys\u0142owa bigbag linia\" \/>\n<meta property=\"og:description\" content=\"Wa\u017cenie Pakowanie Paletyzacja Automatyka przemys\u0142owa bigbag linie wa\u017c\u0105co - pakuj\u0105ce zbiorniki technologiczne mikrodozowanie linie PP PE\" \/>\n<meta property=\"og:url\" content=\"https:\/\/drewmax.net.pl\/2awns\/\" \/>\n<meta property=\"og:site_name\" content=\"(Polski) Drewmax - Wa\u017cenie | Pakowanie | Paletyzacja | Automatyka\" \/>\n<meta property=\"article:publisher\" content=\"https:\/\/www.facebook.com\/Drewmax-111641623604429\/\" \/>\n<meta property=\"article:modified_time\" content=\"2025-04-03T11:53:03+00:00\" \/>\n<meta name=\"twitter:card\" content=\"summary_large_image\" \/>\n<meta name=\"twitter:label1\" content=\"Tiempo de lectura\">\n\t<meta name=\"twitter:data1\" content=\"9 minutos\">\n<script type=\"application\/ld+json\" class=\"yoast-schema-graph\">{\"@context\":\"https:\/\/schema.org\",\"@graph\":[{\"@type\":\"Organization\",\"@id\":\"https:\/\/drewmax.net.pl\/en\/#organization\",\"name\":\"DREWMAX Sp\\u00f3\\u0142ka z o.o.\",\"url\":\"https:\/\/drewmax.net.pl\/en\/\",\"sameAs\":[\"https:\/\/www.facebook.com\/Drewmax-111641623604429\/\",\"https:\/\/www.instagram.com\/drewmax.net.pl\/\",\"https:\/\/www.youtube.com\/channel\/UCCS8U5F8gSyJAlSWjxgbLRQ\"],\"logo\":{\"@type\":\"ImageObject\",\"@id\":\"https:\/\/drewmax.net.pl\/en\/#logo\",\"inLanguage\":\"es\",\"url\":\"\",\"caption\":\"DREWMAX Sp\\u00f3\\u0142ka z o.o.\"},\"image\":{\"@id\":\"https:\/\/drewmax.net.pl\/en\/#logo\"}},{\"@type\":\"WebSite\",\"@id\":\"https:\/\/drewmax.net.pl\/en\/#website\",\"url\":\"https:\/\/drewmax.net.pl\/en\/\",\"name\":\"(Polski) Drewmax - Wa\\u017cenie | Pakowanie | Paletyzacja | Automatyka\",\"description\":\"\",\"publisher\":{\"@id\":\"https:\/\/drewmax.net.pl\/en\/#organization\"},\"potentialAction\":[{\"@type\":\"SearchAction\",\"target\":\"https:\/\/drewmax.net.pl\/en\/?s={search_term_string}\",\"query-input\":\"required name=search_term_string\"}],\"inLanguage\":\"es\"},{\"@type\":\"ImageObject\",\"@id\":\"https:\/\/drewmax.net.pl\/2awns\/#primaryimage\",\"inLanguage\":\"es\",\"url\":\"\"},{\"@type\":\"WebPage\",\"@id\":\"https:\/\/drewmax.net.pl\/2awns\/#webpage\",\"url\":\"https:\/\/drewmax.net.pl\/2awns\/\",\"name\":\"Wa\\u017cenie Pakowanie Paletyzacja Automatyka przemys\\u0142owa bigbag linia\",\"isPartOf\":{\"@id\":\"https:\/\/drewmax.net.pl\/en\/#website\"},\"primaryImageOfPage\":{\"@id\":\"https:\/\/drewmax.net.pl\/2awns\/#primaryimage\"},\"datePublished\":\"2016-07-21T08:01:09+00:00\",\"dateModified\":\"2025-04-03T11:53:03+00:00\",\"description\":\"Wa\\u017cenie Pakowanie Paletyzacja Automatyka przemys\\u0142owa bigbag linie wa\\u017c\\u0105co - pakuj\\u0105ce zbiorniki technologiczne mikrodozowanie linie PP PE\",\"breadcrumb\":{\"@id\":\"https:\/\/drewmax.net.pl\/2awns\/#breadcrumb\"},\"inLanguage\":\"es\",\"potentialAction\":[{\"@type\":\"ReadAction\",\"target\":[\"https:\/\/drewmax.net.pl\/2awns\/\"]}]},{\"@type\":\"BreadcrumbList\",\"@id\":\"https:\/\/drewmax.net.pl\/2awns\/#breadcrumb\",\"itemListElement\":[{\"@type\":\"ListItem\",\"position\":1,\"item\":{\"@type\":\"WebPage\",\"@id\":\"https:\/\/drewmax.net.pl\/\",\"url\":\"https:\/\/drewmax.net.pl\/\",\"name\":\"Home\"}},{\"@type\":\"ListItem\",\"position\":2,\"item\":{\"@type\":\"WebPage\",\"@id\":\"https:\/\/drewmax.net.pl\/2awns\/\",\"url\":\"https:\/\/drewmax.net.pl\/2awns\/\",\"name\":\"Automatyczna linia wa\\u017c\\u0105co pakuj\\u0105ca typ 2aWN\/S\"}}]}]}<\/script>\n<!-- \/ Yoast SEO Premium plugin. -->","_links":{"self":[{"href":"https:\/\/drewmax.net.pl\/es\/wp-json\/wp\/v2\/pages\/75"}],"collection":[{"href":"https:\/\/drewmax.net.pl\/es\/wp-json\/wp\/v2\/pages"}],"about":[{"href":"https:\/\/drewmax.net.pl\/es\/wp-json\/wp\/v2\/types\/page"}],"author":[{"embeddable":true,"href":"https:\/\/drewmax.net.pl\/es\/wp-json\/wp\/v2\/users\/1"}],"replies":[{"embeddable":true,"href":"https:\/\/drewmax.net.pl\/es\/wp-json\/wp\/v2\/comments?post=75"}],"version-history":[{"count":89,"href":"https:\/\/drewmax.net.pl\/es\/wp-json\/wp\/v2\/pages\/75\/revisions"}],"predecessor-version":[{"id":32252,"href":"https:\/\/drewmax.net.pl\/es\/wp-json\/wp\/v2\/pages\/75\/revisions\/32252"}],"wp:featuredmedia":[{"embeddable":true,"href":"https:\/\/drewmax.net.pl\/es\/wp-json\/wp\/v2\/media\/12148"}],"wp:attachment":[{"href":"https:\/\/drewmax.net.pl\/es\/wp-json\/wp\/v2\/media?parent=75"}],"curies":[{"name":"wp","href":"https:\/\/api.w.org\/{rel}","templated":true}]}}