{"id":351,"date":"2016-07-29T10:32:30","date_gmt":"2016-07-29T08:32:30","guid":{"rendered":"http:\/\/drewmax.net.pl\/?page_id=351"},"modified":"2025-03-25T13:32:42","modified_gmt":"2025-03-25T12:32:42","slug":"wybor-paletyzatora","status":"publish","type":"page","link":"https:\/\/drewmax.net.pl\/es\/paletyzatory-workow\/wybor-paletyzatora\/","title":{"rendered":"Konfigurator paletyzatora"},"content":{"rendered":"\t\t<div data-elementor-type=\"wp-post\" data-elementor-id=\"351\" class=\"elementor elementor-351\" data-elementor-settings=\"[]\">\n\t\t\t\t\t\t<div class=\"elementor-inner\">\n\t\t\t\t\t\t\t<div class=\"elementor-section-wrap\">\n\t\t\t\t\t\t\t<section class=\"elementor-section elementor-top-section elementor-element elementor-element-a85bc1f elementor-section-boxed elementor-section-height-default elementor-section-height-default\" data-id=\"a85bc1f\" data-element_type=\"section\" data-settings=\"{&quot;background_background&quot;:&quot;classic&quot;}\">\n\t\t\t\t\t\t<div class=\"elementor-container elementor-column-gap-default\">\n\t\t\t\t\t\t\t<div class=\"elementor-row\">\n\t\t\t\t\t<div class=\"elementor-column elementor-col-100 elementor-top-column elementor-element elementor-element-2705a7f\" data-id=\"2705a7f\" data-element_type=\"column\">\n\t\t\t<div class=\"elementor-column-wrap elementor-element-populated\">\n\t\t\t\t\t\t\t<div class=\"elementor-widget-wrap\">\n\t\t\t\t\t\t<div class=\"elementor-element elementor-element-0ee8030 elementor-widget elementor-widget-heading\" data-id=\"0ee8030\" data-element_type=\"widget\" data-widget_type=\"heading.default\">\n\t\t\t\t<div class=\"elementor-widget-container\">\n\t\t\t<h2 class=\"elementor-heading-title elementor-size-xl\">Konfigurator paletyzatora<\/h2>\t\t<\/div>\n\t\t\t\t<\/div>\n\t\t\t\t\t\t<\/div>\n\t\t\t\t\t<\/div>\n\t\t<\/div>\n\t\t\t\t\t\t\t\t<\/div>\n\t\t\t\t\t<\/div>\n\t\t<\/section>\n\t\t\t\t<section class=\"elementor-section elementor-top-section elementor-element elementor-element-fb1567e elementor-section-boxed elementor-section-height-default elementor-section-height-default\" data-id=\"fb1567e\" data-element_type=\"section\" data-settings=\"{&quot;background_background&quot;:&quot;classic&quot;}\">\n\t\t\t\t\t\t<div class=\"elementor-container elementor-column-gap-default\">\n\t\t\t\t\t\t\t<div class=\"elementor-row\">\n\t\t\t\t\t<div class=\"elementor-column elementor-col-100 elementor-top-column elementor-element elementor-element-f29cc50\" data-id=\"f29cc50\" data-element_type=\"column\">\n\t\t\t<div class=\"elementor-column-wrap elementor-element-populated\">\n\t\t\t\t\t\t\t<div class=\"elementor-widget-wrap\">\n\t\t\t\t\t\t<div class=\"elementor-element elementor-element-2cbc7a4 elementor-widget elementor-widget-html\" data-id=\"2cbc7a4\" data-element_type=\"widget\" data-widget_type=\"html.default\">\n\t\t\t\t<div class=\"elementor-widget-container\">\n\t\t\t<script>\r\nfunction getRadioValue(radioGroup){\r\nvar r=\"\";\r\nfor(var i=0;i<radioGroup.length;++i){\r\nif(radioGroup[i].checked){r+=radioGroup[i].value+',';}\r\n}\r\nif(r==\"\")return null;\r\nreturn r.slice(0, -1);\r\n}\r\nfunction makeURL(type){\r\nreturn type.toLowerCase();\r\n}\r\nfunction generateLinks(arr){\r\nvar html=\"\";\r\nvar first=true;\r\nfor(var type in arr){\r\n    if(first){\r\n        first=false;\r\n    }else{\r\n        html+=', ';\r\n    }\r\n    html+='<a href=\"\/index.php\/paletyzatory-workow\/'+makeURL(arr[type])+'\">'+arr[type]+'<\/a>';\r\n}\r\nreturn html;\r\n}\r\nfunction updateResult(t){\r\nvar typesStr=getRadioValue(t.types);\r\nif(typesStr!=null){\r\nvar types=typesStr.split(\",\");\r\ndocument.getElementById('result').innerHTML = 'El tipo adecuado de paletizadora seg\u00fan el tipo de bolsas paletizadas es: '+generateLinks(types);\r\n}\r\nvar performancesStr = getRadioValue(t.performanceRadio);\r\nif(performancesStr != null){\r\nvar performances=getRadioValue(t.performanceRadio).split(\",\");\r\ndocument.getElementById('resultPerformance').innerHTML = \"Debido a la eficiencia, los tipos adecuados son: \"+generateLinks(performances);\r\n}\r\nif(typesStr!=null&&performancesStr != null){\r\nvar conj = [];\r\nfor(var type in types){if(performances.indexOf(types[type])!=-1){conj.push(types[type]);}}\r\nif(conj.length>0){\r\ndocument.getElementById('resultFinal').innerHTML = \"Debido a la eficiencia seleccionada y al tipo de bolsas, los tipos adecuados de paletizadoras son: \"+generateLinks(conj);\r\n}else{\r\ndocument.getElementById('resultFinal').innerHTML = '';\r\n}\r\n}\r\n}\r\n<\/script><\/p>\r\n<form id=\"kreator1\" onchange=\"updateResult(this)\" onsubmit=\"return false;\" >\r\nPara determinar el tipo adecuado de paletizador, consulte los tipos disponibles o utilice el sencillo formulario a continuaci\u00f3n:<\/p>\r\n<p> Tipo de sacos<br \/>\r\n<input type=\"radio\" name=\"types\" value=\"PWO-1200,robot\" id=\"t0\"\/><label for=\"t0\"> Ventilados<\/label><br \/>\r\n<input type=\"radio\" name=\"types\" value=\"PWO-1000\" id=\"t1\"\/><label for=\"t1\"> De tipo abierto<\/label><br \/>\r\n<input type=\"radio\" name=\"types\" value=\"PWO-1000B\" id=\"t2\"\/><label for=\"t2\"> Raschel<\/label><br \/>\r\n<input type=\"radio\" name=\"types\" value=\"PWO-1200,robot\" id=\"t3\"\/><label for=\"t3\"> Cartones y otros materiales de dimensiones iguales<\/label><\/p>\r\n<h3><span id=\"result\"><\/span><\/h3>\r\n<p> Rendimiento del paletizador<br \/>\r\n<input type=\"checkbox\" name=\"performanceRadio\" value=\"PWO-1000,PWO-1000B,robot\" id=\"r1\"\/><label for=\"r1\"> Promedio (alrededor de 1000 sacos por hora)<\/label><br \/>\r\n<input type=\"checkbox\" name=\"performanceRadio\" value=\"PWO-1200\" id=\"r2\"\/><label for=\"r2\"> Alta (hasta 1200 sacos por hora)<\/label><\/p>\r\n<h3><span id=\"resultPerformance\"><\/span><\/h3>\r\n<h3><span id=\"resultFinal\"><\/span><\/h3>\r\n<p>Si no ha encontrado el tipo de m\u00e1quina adecuado, le rogamos que se ponga en contacto con nosotros para personalizar su pedido. N\u00famero de tel\u00e9fono: +48 77 481 01 22, departamento t\u00e9cnico-comercial: 126, 133, 144<\/p>\r\n<\/form>\t\t<\/div>\n\t\t\t\t<\/div>\n\t\t\t\t\t\t<\/div>\n\t\t\t\t\t<\/div>\n\t\t<\/div>\n\t\t\t\t\t\t\t\t<\/div>\n\t\t\t\t\t<\/div>\n\t\t<\/section>\n\t\t\t\t\t\t<\/div>\n\t\t\t\t\t\t<\/div>\n\t\t\t\t\t<\/div>\n\t\t","protected":false},"excerpt":{"rendered":"<p>Konfigurator paletyzatora Para determinar el tipo adecuado de paletizador, consulte los tipos disponibles o utilice el sencillo formulario a continuaci\u00f3n: Tipo de sacos Ventilados De tipo abierto Raschel Cartones y otros materiales de dimensiones iguales Rendimiento del paletizador Promedio (alrededor de 1000 sacos por hora) Alta (hasta 1200 sacos por hora) Si no ha encontrado&hellip;<\/p>\n","protected":false},"author":1,"featured_media":12204,"parent":11815,"menu_order":0,"comment_status":"closed","ping_status":"closed","template":"","meta":[],"yoast_head":"<!-- This site is optimized with the Yoast SEO Premium plugin v15.5 - https:\/\/yoast.com\/wordpress\/plugins\/seo\/ -->\n<title>Wa\u017cenie Pakowanie Paletyzacja Automatyka przemys\u0142owa linie PP PE<\/title>\n<meta name=\"description\" content=\"Wa\u017cenie Pakowanie Paletyzacja Automatyka przemys\u0142owa linie wa\u017c\u0105co - pakuj\u0105ce zbiorniki technologiczne mikrodozowanie linie PP PE Bigbag\" \/>\n<meta name=\"robots\" content=\"index, follow, max-snippet:-1, max-image-preview:large, max-video-preview:-1\" \/>\n<link rel=\"canonical\" href=\"https:\/\/drewmax.net.pl\/paletyzatory-workow\/wybor-paletyzatora\/\" \/>\n<meta property=\"og:locale\" content=\"es_ES\" \/>\n<meta property=\"og:type\" content=\"article\" \/>\n<meta property=\"og:title\" content=\"Wa\u017cenie Pakowanie Paletyzacja Automatyka przemys\u0142owa linie PP PE\" \/>\n<meta property=\"og:description\" content=\"Wa\u017cenie Pakowanie Paletyzacja Automatyka przemys\u0142owa linie wa\u017c\u0105co - pakuj\u0105ce zbiorniki technologiczne mikrodozowanie linie PP PE Bigbag\" \/>\n<meta property=\"og:url\" content=\"https:\/\/drewmax.net.pl\/paletyzatory-workow\/wybor-paletyzatora\/\" \/>\n<meta property=\"og:site_name\" content=\"(Polski) Drewmax - Wa\u017cenie | Pakowanie | Paletyzacja | Automatyka\" \/>\n<meta property=\"article:publisher\" content=\"https:\/\/www.facebook.com\/Drewmax-111641623604429\/\" \/>\n<meta property=\"article:modified_time\" content=\"2025-03-25T12:32:42+00:00\" \/>\n<meta name=\"twitter:card\" content=\"summary_large_image\" \/>\n<meta name=\"twitter:label1\" content=\"Tiempo de lectura\">\n\t<meta name=\"twitter:data1\" content=\"2 minutos\">\n<script type=\"application\/ld+json\" class=\"yoast-schema-graph\">{\"@context\":\"https:\/\/schema.org\",\"@graph\":[{\"@type\":\"Organization\",\"@id\":\"https:\/\/drewmax.net.pl\/en\/#organization\",\"name\":\"DREWMAX Sp\\u00f3\\u0142ka z o.o.\",\"url\":\"https:\/\/drewmax.net.pl\/en\/\",\"sameAs\":[\"https:\/\/www.facebook.com\/Drewmax-111641623604429\/\",\"https:\/\/www.instagram.com\/drewmax.net.pl\/\",\"https:\/\/www.youtube.com\/channel\/UCCS8U5F8gSyJAlSWjxgbLRQ\"],\"logo\":{\"@type\":\"ImageObject\",\"@id\":\"https:\/\/drewmax.net.pl\/en\/#logo\",\"inLanguage\":\"es\",\"url\":\"\",\"caption\":\"DREWMAX Sp\\u00f3\\u0142ka z o.o.\"},\"image\":{\"@id\":\"https:\/\/drewmax.net.pl\/en\/#logo\"}},{\"@type\":\"WebSite\",\"@id\":\"https:\/\/drewmax.net.pl\/en\/#website\",\"url\":\"https:\/\/drewmax.net.pl\/en\/\",\"name\":\"(Polski) Drewmax - Wa\\u017cenie | Pakowanie | Paletyzacja | Automatyka\",\"description\":\"\",\"publisher\":{\"@id\":\"https:\/\/drewmax.net.pl\/en\/#organization\"},\"potentialAction\":[{\"@type\":\"SearchAction\",\"target\":\"https:\/\/drewmax.net.pl\/en\/?s={search_term_string}\",\"query-input\":\"required name=search_term_string\"}],\"inLanguage\":\"es\"},{\"@type\":\"ImageObject\",\"@id\":\"https:\/\/drewmax.net.pl\/paletyzatory-workow\/wybor-paletyzatora\/#primaryimage\",\"inLanguage\":\"es\",\"url\":\"\"},{\"@type\":\"WebPage\",\"@id\":\"https:\/\/drewmax.net.pl\/paletyzatory-workow\/wybor-paletyzatora\/#webpage\",\"url\":\"https:\/\/drewmax.net.pl\/paletyzatory-workow\/wybor-paletyzatora\/\",\"name\":\"Wa\\u017cenie Pakowanie Paletyzacja Automatyka przemys\\u0142owa linie PP PE\",\"isPartOf\":{\"@id\":\"https:\/\/drewmax.net.pl\/en\/#website\"},\"primaryImageOfPage\":{\"@id\":\"https:\/\/drewmax.net.pl\/paletyzatory-workow\/wybor-paletyzatora\/#primaryimage\"},\"datePublished\":\"2016-07-29T08:32:30+00:00\",\"dateModified\":\"2025-03-25T12:32:42+00:00\",\"description\":\"Wa\\u017cenie Pakowanie Paletyzacja Automatyka przemys\\u0142owa linie wa\\u017c\\u0105co - pakuj\\u0105ce zbiorniki technologiczne mikrodozowanie linie PP PE Bigbag\",\"breadcrumb\":{\"@id\":\"https:\/\/drewmax.net.pl\/paletyzatory-workow\/wybor-paletyzatora\/#breadcrumb\"},\"inLanguage\":\"es\",\"potentialAction\":[{\"@type\":\"ReadAction\",\"target\":[\"https:\/\/drewmax.net.pl\/paletyzatory-workow\/wybor-paletyzatora\/\"]}]},{\"@type\":\"BreadcrumbList\",\"@id\":\"https:\/\/drewmax.net.pl\/paletyzatory-workow\/wybor-paletyzatora\/#breadcrumb\",\"itemListElement\":[{\"@type\":\"ListItem\",\"position\":1,\"item\":{\"@type\":\"WebPage\",\"@id\":\"https:\/\/drewmax.net.pl\/\",\"url\":\"https:\/\/drewmax.net.pl\/\",\"name\":\"Home\"}},{\"@type\":\"ListItem\",\"position\":2,\"item\":{\"@type\":\"WebPage\",\"@id\":\"https:\/\/drewmax.net.pl\/paletyzatory-workow\/\",\"url\":\"https:\/\/drewmax.net.pl\/paletyzatory-workow\/\",\"name\":\"Paletyzatory\"}},{\"@type\":\"ListItem\",\"position\":3,\"item\":{\"@type\":\"WebPage\",\"@id\":\"https:\/\/drewmax.net.pl\/paletyzatory-workow\/wybor-paletyzatora\/\",\"url\":\"https:\/\/drewmax.net.pl\/paletyzatory-workow\/wybor-paletyzatora\/\",\"name\":\"Konfigurator paletyzatora\"}}]}]}<\/script>\n<!-- \/ Yoast SEO Premium plugin. -->","_links":{"self":[{"href":"https:\/\/drewmax.net.pl\/es\/wp-json\/wp\/v2\/pages\/351"}],"collection":[{"href":"https:\/\/drewmax.net.pl\/es\/wp-json\/wp\/v2\/pages"}],"about":[{"href":"https:\/\/drewmax.net.pl\/es\/wp-json\/wp\/v2\/types\/page"}],"author":[{"embeddable":true,"href":"https:\/\/drewmax.net.pl\/es\/wp-json\/wp\/v2\/users\/1"}],"replies":[{"embeddable":true,"href":"https:\/\/drewmax.net.pl\/es\/wp-json\/wp\/v2\/comments?post=351"}],"version-history":[{"count":19,"href":"https:\/\/drewmax.net.pl\/es\/wp-json\/wp\/v2\/pages\/351\/revisions"}],"predecessor-version":[{"id":31444,"href":"https:\/\/drewmax.net.pl\/es\/wp-json\/wp\/v2\/pages\/351\/revisions\/31444"}],"up":[{"embeddable":true,"href":"https:\/\/drewmax.net.pl\/es\/wp-json\/wp\/v2\/pages\/11815"}],"wp:featuredmedia":[{"embeddable":true,"href":"https:\/\/drewmax.net.pl\/es\/wp-json\/wp\/v2\/media\/12204"}],"wp:attachment":[{"href":"https:\/\/drewmax.net.pl\/es\/wp-json\/wp\/v2\/media?parent=351"}],"curies":[{"name":"wp","href":"https:\/\/api.w.org\/{rel}","templated":true}]}}