{"id":21654,"date":"2024-01-04T09:29:44","date_gmt":"2024-01-04T08:29:44","guid":{"rendered":"https:\/\/drewmax.net.pl\/?page_id=21654"},"modified":"2025-04-03T13:57:43","modified_gmt":"2025-04-03T11:57:43","slug":"automatyczna-linia-pakujaca-1500w","status":"publish","type":"page","link":"https:\/\/drewmax.net.pl\/es\/automatyczna-linia-pakujaca-1500w\/","title":{"rendered":"(Polski) Automatyczna linia pakuj\u0105ca typ: LA1500W"},"content":{"rendered":"\t\t<div data-elementor-type=\"wp-page\" data-elementor-id=\"21654\" class=\"elementor elementor-21654\" data-elementor-settings=\"[]\">\n\t\t\t\t\t\t<div class=\"elementor-inner\">\n\t\t\t\t\t\t\t<div class=\"elementor-section-wrap\">\n\t\t\t\t\t\t\t<section class=\"elementor-section elementor-top-section elementor-element elementor-element-2ddcf32c elementor-section-boxed elementor-section-height-default elementor-section-height-default\" data-id=\"2ddcf32c\" data-element_type=\"section\" data-settings=\"{&quot;background_background&quot;:&quot;classic&quot;}\">\n\t\t\t\t\t\t<div class=\"elementor-container elementor-column-gap-default\">\n\t\t\t\t\t\t\t<div class=\"elementor-row\">\n\t\t\t\t\t<div class=\"elementor-column elementor-col-100 elementor-top-column elementor-element elementor-element-50851516\" data-id=\"50851516\" data-element_type=\"column\">\n\t\t\t<div class=\"elementor-column-wrap elementor-element-populated\">\n\t\t\t\t\t\t\t<div class=\"elementor-widget-wrap\">\n\t\t\t\t\t\t<div class=\"elementor-element elementor-element-dc8073d elementor-widget elementor-widget-image\" data-id=\"dc8073d\" data-element_type=\"widget\" data-widget_type=\"image.default\">\n\t\t\t\t<div class=\"elementor-widget-container\">\n\t\t\t\t\t\t\t\t<div class=\"elementor-image\">\n\t\t\t\t\t\t\t\t\t\t\t\t<img width=\"980\" height=\"104\" src=\"https:\/\/drewmax.net.pl\/wp-content\/uploads\/2023\/12\/FE-logo-1024x109.png\" class=\"attachment-large size-large\" alt=\"\" loading=\"lazy\" srcset=\"https:\/\/drewmax.net.pl\/wp-content\/uploads\/2023\/12\/FE-logo-1024x109.png 1024w, https:\/\/drewmax.net.pl\/wp-content\/uploads\/2023\/12\/FE-logo-300x32.png 300w, https:\/\/drewmax.net.pl\/wp-content\/uploads\/2023\/12\/FE-logo-768x82.png 768w, https:\/\/drewmax.net.pl\/wp-content\/uploads\/2023\/12\/FE-logo-1536x164.png 1536w, https:\/\/drewmax.net.pl\/wp-content\/uploads\/2023\/12\/FE-logo.png 1920w\" sizes=\"(max-width: 980px) 100vw, 980px\" \/>\t\t\t\t\t\t\t\t\t\t\t\t\t\t<\/div>\n\t\t\t\t\t\t<\/div>\n\t\t\t\t<\/div>\n\t\t\t\t<div class=\"elementor-element elementor-element-179d17e1 elementor-widget elementor-widget-heading\" data-id=\"179d17e1\" data-element_type=\"widget\" data-widget_type=\"heading.default\">\n\t\t\t\t<div class=\"elementor-widget-container\">\n\t\t\t<h2 class=\"elementor-heading-title elementor-size-xl\"><br>L\u00ednea de empaquetado autom\u00e1tica tipo: LA1500W\n<br><br><\/h2>\t\t<\/div>\n\t\t\t\t<\/div>\n\t\t\t\t\t\t<\/div>\n\t\t\t\t\t<\/div>\n\t\t<\/div>\n\t\t\t\t\t\t\t\t<\/div>\n\t\t\t\t\t<\/div>\n\t\t<\/section>\n\t\t\t\t<section class=\"elementor-section elementor-top-section elementor-element elementor-element-305236bd elementor-section-boxed elementor-section-height-default elementor-section-height-default\" data-id=\"305236bd\" data-element_type=\"section\" data-settings=\"{&quot;background_background&quot;:&quot;classic&quot;}\">\n\t\t\t\t\t\t<div class=\"elementor-container elementor-column-gap-default\">\n\t\t\t\t\t\t\t<div class=\"elementor-row\">\n\t\t\t\t\t<div class=\"elementor-column elementor-col-50 elementor-top-column elementor-element elementor-element-221a6c5c\" data-id=\"221a6c5c\" data-element_type=\"column\">\n\t\t\t<div class=\"elementor-column-wrap elementor-element-populated\">\n\t\t\t\t\t\t\t<div class=\"elementor-widget-wrap\">\n\t\t\t\t\t\t<div class=\"elementor-element elementor-element-57637236 elementor-widget elementor-widget-text-editor\" data-id=\"57637236\" data-element_type=\"widget\" data-widget_type=\"text-editor.default\">\n\t\t\t\t<div class=\"elementor-widget-container\">\n\t\t\t\t\t\t\t\t<div class=\"elementor-text-editor elementor-clearfix\">\n\t\t\t\t<p><\/p><p data-start=\"2229\" data-end=\"2530\">La combinaci\u00f3n de tecnolog\u00edas modernas y componentes de las mejores marcas permiti\u00f3 crear la l\u00ednea de envasado autom\u00e1tica tipo LA1500W. La l\u00ednea de envasado autom\u00e1tica LA1500W es un dispositivo destinado al envasado de productos a <strong>granel\/granulados\/en polvo<\/strong> en bolsas fabricadas con manga de pel\u00edcula.<\/p><p data-start=\"2532\" data-end=\"2742\">El dispositivo tiene como objetivo lograr un alto rendimiento de envasado para materiales a granel y en polvo de hasta <strong>1500 porciones\/hora<\/strong>, lo cual depende del tipo y la densidad aparente del producto envasado.<\/p><p data-start=\"2744\" data-end=\"2944\">El sistema de alimentaci\u00f3n oscilante utilizado en la m\u00e1quina garantiza una gran estabilidad y repetibilidad en la extracci\u00f3n y llenado de las bolsas a partir de rollos con diferentes tama\u00f1os y formas.<\/p><p data-start=\"2951\" data-end=\"2964\"><\/span><\/p>\t\t\t\t\t<\/div>\n\t\t\t\t\t\t<\/div>\n\t\t\t\t<\/div>\n\t\t\t\t\t\t<\/div>\n\t\t\t\t\t<\/div>\n\t\t<\/div>\n\t\t\t\t<div class=\"elementor-column elementor-col-50 elementor-top-column elementor-element elementor-element-760a1499\" data-id=\"760a1499\" data-element_type=\"column\">\n\t\t\t<div class=\"elementor-column-wrap elementor-element-populated\">\n\t\t\t\t\t\t\t<div class=\"elementor-widget-wrap\">\n\t\t\t\t\t\t<div class=\"elementor-element elementor-element-35104703 elementor-widget elementor-widget-image\" data-id=\"35104703\" data-element_type=\"widget\" data-widget_type=\"image.default\">\n\t\t\t\t<div class=\"elementor-widget-container\">\n\t\t\t\t\t\t\t\t<div class=\"elementor-image\">\n\t\t\t\t\t\t\t\t\t\t\t\t<img width=\"815\" height=\"686\" src=\"https:\/\/drewmax.net.pl\/wp-content\/uploads\/2024\/01\/LA1500W-Izometria.png\" class=\"attachment-large size-large\" alt=\"\" loading=\"lazy\" srcset=\"https:\/\/drewmax.net.pl\/wp-content\/uploads\/2024\/01\/LA1500W-Izometria.png 815w, https:\/\/drewmax.net.pl\/wp-content\/uploads\/2024\/01\/LA1500W-Izometria-300x253.png 300w, https:\/\/drewmax.net.pl\/wp-content\/uploads\/2024\/01\/LA1500W-Izometria-768x646.png 768w\" sizes=\"(max-width: 815px) 100vw, 815px\" \/>\t\t\t\t\t\t\t\t\t\t\t\t\t\t<\/div>\n\t\t\t\t\t\t<\/div>\n\t\t\t\t<\/div>\n\t\t\t\t\t\t<\/div>\n\t\t\t\t\t<\/div>\n\t\t<\/div>\n\t\t\t\t\t\t\t\t<\/div>\n\t\t\t\t\t<\/div>\n\t\t<\/section>\n\t\t\t\t<section class=\"elementor-section elementor-top-section elementor-element elementor-element-78360c73 elementor-section-boxed elementor-section-height-default elementor-section-height-default\" data-id=\"78360c73\" data-element_type=\"section\" data-settings=\"{&quot;background_background&quot;:&quot;classic&quot;}\">\n\t\t\t\t\t\t<div class=\"elementor-container elementor-column-gap-default\">\n\t\t\t\t\t\t\t<div class=\"elementor-row\">\n\t\t\t\t\t<div class=\"elementor-column elementor-col-100 elementor-top-column elementor-element elementor-element-bbae90a\" data-id=\"bbae90a\" data-element_type=\"column\">\n\t\t\t<div class=\"elementor-column-wrap elementor-element-populated\">\n\t\t\t\t\t\t\t<div class=\"elementor-widget-wrap\">\n\t\t\t\t\t\t<div class=\"elementor-element elementor-element-612960e6 elementor-widget elementor-widget-text-editor\" data-id=\"612960e6\" data-element_type=\"widget\" data-widget_type=\"text-editor.default\">\n\t\t\t\t<div class=\"elementor-widget-container\">\n\t\t\t\t\t\t\t\t<div class=\"elementor-text-editor elementor-clearfix\">\n\t\t\t\t<p><\/p><p data-start=\"1142\" data-end=\"1239\"><span style=\"text-decoration: underline;\"><strong>Los mecanismos se dise\u00f1aron para dividir el dispositivo en 6 \u00e1reas principales, como por ejemplo:<\/strong><\/span><\/p><ul data-start=\"1241\" data-end=\"1516\"><li data-start=\"1241\" data-end=\"1281\">Formaci\u00f3n y corte del tubo de pel\u00edcula<\/li><li data-start=\"1282\" data-end=\"1304\">Apertura de la bolsa<\/li><li data-start=\"1305\" data-end=\"1314\">Relleno<\/li><li data-start=\"1315\" data-end=\"1404\">Limpieza de la parte superior de la bolsa (dependiendo de las propiedades del producto)<\/li><li data-start=\"1405\" data-end=\"1435\">Sellado y cierre de la bolsa<\/li><li data-start=\"1436\" data-end=\"1516\">Enfriamiento de la costura superior de la bolsa antes de su salida de la l\u00ednea<\/li><\/ul><p data-start=\"1523\" data-end=\"1536\"><\/span><\/p>\t\t\t\t\t<\/div>\n\t\t\t\t\t\t<\/div>\n\t\t\t\t<\/div>\n\t\t\t\t\t\t<\/div>\n\t\t\t\t\t<\/div>\n\t\t<\/div>\n\t\t\t\t<div class=\"elementor-column elementor-col-100 elementor-top-column elementor-element elementor-element-3b62e3b3\" data-id=\"3b62e3b3\" data-element_type=\"column\">\n\t\t\t<div class=\"elementor-column-wrap elementor-element-populated\">\n\t\t\t\t\t\t\t<div class=\"elementor-widget-wrap\">\n\t\t\t\t\t\t<div class=\"elementor-element elementor-element-cd3c3e3 elementor-widget elementor-widget-text-editor\" data-id=\"cd3c3e3\" data-element_type=\"widget\" data-widget_type=\"text-editor.default\">\n\t\t\t\t<div class=\"elementor-widget-container\">\n\t\t\t\t\t\t\t\t<div class=\"elementor-text-editor elementor-clearfix\">\n\t\t\t\t<p><\/p><p data-start=\"1216\" data-end=\"1256\"><span style=\"text-decoration: underline;\"><strong>Componentes principales del dispositivo:<\/strong><\/span><\/p><ul data-start=\"1258\" data-end=\"1637\"><li data-start=\"1258\" data-end=\"1314\">Sistema de alimentaci\u00f3n de bolsas del tubo de pel\u00edcula<\/li><li data-start=\"1315\" data-end=\"1325\">Boquilla<\/li><li data-start=\"1326\" data-end=\"1381\">Sistema de formaci\u00f3n de la parte superior de la bolsa<\/li><li data-start=\"1382\" data-end=\"1434\">Sistema de guiado de la parte superior de la bolsa<\/li><li data-start=\"1435\" data-end=\"1483\">Transportador para el transporte de las bolsas<\/li><li data-start=\"1484\" data-end=\"1536\">Sistema de ajuste de altura de los transportadores<\/li><li data-start=\"1537\" data-end=\"1557\">Sistema de sellado<\/li><li data-start=\"1558\" data-end=\"1637\">Transportador lateral para recoger las bolsas con sistema de volteo de bolsas<\/li><\/ul><p data-start=\"1644\" data-end=\"1657\"><\/span><\/p>\t\t\t\t\t<\/div>\n\t\t\t\t\t\t<\/div>\n\t\t\t\t<\/div>\n\t\t\t\t\t\t<\/div>\n\t\t\t\t\t<\/div>\n\t\t<\/div>\n\t\t\t\t\t\t\t\t<\/div>\n\t\t\t\t\t<\/div>\n\t\t<\/section>\n\t\t\t\t<section class=\"elementor-section elementor-top-section elementor-element elementor-element-234db9de elementor-section-boxed elementor-section-height-default elementor-section-height-default\" data-id=\"234db9de\" data-element_type=\"section\" data-settings=\"{&quot;background_background&quot;:&quot;classic&quot;}\">\n\t\t\t\t\t\t<div class=\"elementor-container elementor-column-gap-default\">\n\t\t\t\t\t\t\t<div class=\"elementor-row\">\n\t\t\t\t\t<div class=\"elementor-column elementor-col-100 elementor-top-column elementor-element elementor-element-6f6f693a\" data-id=\"6f6f693a\" data-element_type=\"column\">\n\t\t\t<div class=\"elementor-column-wrap elementor-element-populated\">\n\t\t\t\t\t\t\t<div class=\"elementor-widget-wrap\">\n\t\t\t\t\t\t<div class=\"elementor-element elementor-element-16c40bbc elementor-align-center elementor-widget elementor-widget-button\" data-id=\"16c40bbc\" data-element_type=\"widget\" data-widget_type=\"button.default\">\n\t\t\t\t<div class=\"elementor-widget-container\">\n\t\t\t\t\t<div class=\"elementor-button-wrapper\">\n\t\t\t<a href=\"https:\/\/drewmax.net.pl\/wp-content\/uploads\/2025\/03\/LA-1500_front_ES.pdf\" target=\"_blank\" class=\"elementor-button-link elementor-button elementor-size-lg\" role=\"button\">\n\t\t\t\t\t\t<span class=\"elementor-button-content-wrapper\">\n\t\t\t\t\t\t<span class=\"elementor-button-icon elementor-align-icon-left\">\n\t\t\t\t<i aria-hidden=\"true\" class=\"fas fa-file-download\"><\/i>\t\t\t<\/span>\n\t\t\t\t\t\t<span class=\"elementor-button-text\">Descarga la ficha del producto<\/span>\n\t\t<\/span>\n\t\t\t\t\t<\/a>\n\t\t<\/div>\n\t\t\t\t<\/div>\n\t\t\t\t<\/div>\n\t\t\t\t<div class=\"elementor-element elementor-element-2c68e769 elementor-widget elementor-widget-spacer\" data-id=\"2c68e769\" data-element_type=\"widget\" data-widget_type=\"spacer.default\">\n\t\t\t\t<div class=\"elementor-widget-container\">\n\t\t\t\t\t<div class=\"elementor-spacer\">\n\t\t\t<div class=\"elementor-spacer-inner\"><\/div>\n\t\t<\/div>\n\t\t\t\t<\/div>\n\t\t\t\t<\/div>\n\t\t\t\t\t\t<\/div>\n\t\t\t\t\t<\/div>\n\t\t<\/div>\n\t\t\t\t\t\t\t\t<\/div>\n\t\t\t\t\t<\/div>\n\t\t<\/section>\n\t\t\t\t\t\t<\/div>\n\t\t\t\t\t\t<\/div>\n\t\t\t\t\t<\/div>\n\t\t","protected":false},"excerpt":{"rendered":"<p>L\u00ednea de empaquetado autom\u00e1tica tipo: LA1500W La combinaci\u00f3n de tecnolog\u00edas modernas y componentes de las mejores marcas permiti\u00f3 crear la l\u00ednea de envasado autom\u00e1tica tipo LA1500W. La l\u00ednea de envasado autom\u00e1tica LA1500W es un dispositivo destinado al envasado de productos a granel\/granulados\/en polvo en bolsas fabricadas con manga de pel\u00edcula. El dispositivo tiene como objetivo&hellip;<\/p>\n","protected":false},"author":36,"featured_media":0,"parent":0,"menu_order":0,"comment_status":"closed","ping_status":"closed","template":"","meta":[],"yoast_head":"<!-- This site is optimized with the Yoast SEO Premium plugin v15.5 - https:\/\/yoast.com\/wordpress\/plugins\/seo\/ -->\n<title><\/title>\n<meta name=\"description\" content=\"Automatyczna linia pakuj\u0105ca wa\u017cenie pakowanie paletyzacja automatyka przemys\u0142owa mikrodozowanie stretch zbiorniki technologiczne\" \/>\n<meta name=\"robots\" content=\"index, follow, max-snippet:-1, max-image-preview:large, max-video-preview:-1\" \/>\n<link rel=\"canonical\" href=\"https:\/\/drewmax.net.pl\/automatyczna-linia-pakujaca-1500w\/\" \/>\n<meta property=\"og:locale\" content=\"es_ES\" \/>\n<meta property=\"og:type\" content=\"article\" \/>\n<meta property=\"og:title\" content=\"[:pl]Automatyczna linia pakuj\u0105ca typ: LA1500W[:] - (Polski) Drewmax - Wa\u017cenie | Pakowanie | Paletyzacja | Automatyka\" \/>\n<meta property=\"og:description\" content=\"Automatyczna linia pakuj\u0105ca wa\u017cenie pakowanie paletyzacja automatyka przemys\u0142owa mikrodozowanie stretch zbiorniki technologiczne\" \/>\n<meta property=\"og:url\" content=\"https:\/\/drewmax.net.pl\/automatyczna-linia-pakujaca-1500w\/\" \/>\n<meta property=\"og:site_name\" content=\"(Polski) Drewmax - Wa\u017cenie | Pakowanie | Paletyzacja | Automatyka\" \/>\n<meta property=\"article:publisher\" content=\"https:\/\/www.facebook.com\/Drewmax-111641623604429\/\" \/>\n<meta property=\"article:modified_time\" content=\"2025-04-03T11:57:43+00:00\" \/>\n<meta property=\"og:image\" content=\"https:\/\/drewmax.net.pl\/wp-content\/uploads\/2023\/12\/FE-logo-1024x109.png\" \/>\n<meta name=\"twitter:card\" content=\"summary_large_image\" \/>\n<meta name=\"twitter:label1\" content=\"Tiempo de lectura\">\n\t<meta name=\"twitter:data1\" content=\"7 minutos\">\n<script type=\"application\/ld+json\" class=\"yoast-schema-graph\">{\"@context\":\"https:\/\/schema.org\",\"@graph\":[{\"@type\":\"Organization\",\"@id\":\"https:\/\/drewmax.net.pl\/en\/#organization\",\"name\":\"DREWMAX Sp\\u00f3\\u0142ka z o.o.\",\"url\":\"https:\/\/drewmax.net.pl\/en\/\",\"sameAs\":[\"https:\/\/www.facebook.com\/Drewmax-111641623604429\/\",\"https:\/\/www.instagram.com\/drewmax.net.pl\/\",\"https:\/\/www.youtube.com\/channel\/UCCS8U5F8gSyJAlSWjxgbLRQ\"],\"logo\":{\"@type\":\"ImageObject\",\"@id\":\"https:\/\/drewmax.net.pl\/en\/#logo\",\"inLanguage\":\"es\",\"url\":\"\",\"caption\":\"DREWMAX Sp\\u00f3\\u0142ka z o.o.\"},\"image\":{\"@id\":\"https:\/\/drewmax.net.pl\/en\/#logo\"}},{\"@type\":\"WebSite\",\"@id\":\"https:\/\/drewmax.net.pl\/en\/#website\",\"url\":\"https:\/\/drewmax.net.pl\/en\/\",\"name\":\"(Polski) Drewmax - Wa\\u017cenie | Pakowanie | Paletyzacja | Automatyka\",\"description\":\"\",\"publisher\":{\"@id\":\"https:\/\/drewmax.net.pl\/en\/#organization\"},\"potentialAction\":[{\"@type\":\"SearchAction\",\"target\":\"https:\/\/drewmax.net.pl\/en\/?s={search_term_string}\",\"query-input\":\"required name=search_term_string\"}],\"inLanguage\":\"es\"},{\"@type\":\"ImageObject\",\"@id\":\"https:\/\/drewmax.net.pl\/automatyczna-linia-pakujaca-1500w\/#primaryimage\",\"inLanguage\":\"es\",\"url\":\"https:\/\/drewmax.net.pl\/wp-content\/uploads\/2023\/12\/FE-logo.png\",\"width\":1920,\"height\":205},{\"@type\":\"WebPage\",\"@id\":\"https:\/\/drewmax.net.pl\/automatyczna-linia-pakujaca-1500w\/#webpage\",\"url\":\"https:\/\/drewmax.net.pl\/automatyczna-linia-pakujaca-1500w\/\",\"name\":\"[:pl]Automatyczna linia pakuj\\u0105ca typ: LA1500W[:] - (Polski) Drewmax - Wa\\u017cenie | Pakowanie | Paletyzacja | Automatyka\",\"isPartOf\":{\"@id\":\"https:\/\/drewmax.net.pl\/en\/#website\"},\"primaryImageOfPage\":{\"@id\":\"https:\/\/drewmax.net.pl\/automatyczna-linia-pakujaca-1500w\/#primaryimage\"},\"datePublished\":\"2024-01-04T08:29:44+00:00\",\"dateModified\":\"2025-04-03T11:57:43+00:00\",\"description\":\"Automatyczna linia pakuj\\u0105ca wa\\u017cenie pakowanie paletyzacja automatyka przemys\\u0142owa mikrodozowanie stretch zbiorniki technologiczne\",\"breadcrumb\":{\"@id\":\"https:\/\/drewmax.net.pl\/automatyczna-linia-pakujaca-1500w\/#breadcrumb\"},\"inLanguage\":\"es\",\"potentialAction\":[{\"@type\":\"ReadAction\",\"target\":[\"https:\/\/drewmax.net.pl\/automatyczna-linia-pakujaca-1500w\/\"]}]},{\"@type\":\"BreadcrumbList\",\"@id\":\"https:\/\/drewmax.net.pl\/automatyczna-linia-pakujaca-1500w\/#breadcrumb\",\"itemListElement\":[{\"@type\":\"ListItem\",\"position\":1,\"item\":{\"@type\":\"WebPage\",\"@id\":\"https:\/\/drewmax.net.pl\/\",\"url\":\"https:\/\/drewmax.net.pl\/\",\"name\":\"Home\"}},{\"@type\":\"ListItem\",\"position\":2,\"item\":{\"@type\":\"WebPage\",\"@id\":\"https:\/\/drewmax.net.pl\/automatyczna-linia-pakujaca-1500w\/\",\"url\":\"https:\/\/drewmax.net.pl\/automatyczna-linia-pakujaca-1500w\/\",\"name\":\"Automatyczna linia pakuj\\u0105ca typ: LA1500W\"}}]}]}<\/script>\n<!-- \/ Yoast SEO Premium plugin. -->","_links":{"self":[{"href":"https:\/\/drewmax.net.pl\/es\/wp-json\/wp\/v2\/pages\/21654"}],"collection":[{"href":"https:\/\/drewmax.net.pl\/es\/wp-json\/wp\/v2\/pages"}],"about":[{"href":"https:\/\/drewmax.net.pl\/es\/wp-json\/wp\/v2\/types\/page"}],"author":[{"embeddable":true,"href":"https:\/\/drewmax.net.pl\/es\/wp-json\/wp\/v2\/users\/36"}],"replies":[{"embeddable":true,"href":"https:\/\/drewmax.net.pl\/es\/wp-json\/wp\/v2\/comments?post=21654"}],"version-history":[{"count":107,"href":"https:\/\/drewmax.net.pl\/es\/wp-json\/wp\/v2\/pages\/21654\/revisions"}],"predecessor-version":[{"id":32005,"href":"https:\/\/drewmax.net.pl\/es\/wp-json\/wp\/v2\/pages\/21654\/revisions\/32005"}],"wp:attachment":[{"href":"https:\/\/drewmax.net.pl\/es\/wp-json\/wp\/v2\/media?parent=21654"}],"curies":[{"name":"wp","href":"https:\/\/api.w.org\/{rel}","templated":true}]}}